{"id":1018,"date":"2024-12-19T06:16:24","date_gmt":"2024-12-19T06:16:24","guid":{"rendered":"https:\/\/fmp-components.com\/product\/10010-professional-double-acting-small-hydraulic-cylinder-for-trailer\/"},"modified":"2025-03-18T00:49:06","modified_gmt":"2025-03-18T00:49:06","slug":"10010-professional-double-acting-small-hydraulic-cylinder-for-trailer","status":"publish","type":"product","link":"https:\/\/fmp-components.com\/pl\/product\/10010-professional-double-acting-small-hydraulic-cylinder-for-trailer\/","title":{"rendered":"10010 Profesjonalny ma\u0142y si\u0142ownik hydrauliczny dwustronnego dzia\u0142ania do przyczep"},"content":{"rendered":"<p>Profesjonalny, dwustronnego dzia\u0142ania, ma\u0142y si\u0142ownik hydrauliczny 10010 do przyczep to produkt najwy\u017cszej klasy, zaprojektowany z my\u015bl\u0105 o potrzebach najbardziej wymagaj\u0105cych klient\u00f3w. Ten si\u0142ownik hydrauliczny zosta\u0142 zbudowany z my\u015bl\u0105 o d\u0142ugiej \u017cywotno\u015bci, z wysokiej jako\u015bci materia\u0142\u00f3w i fachowego wykonania, co gwarantuje, \u017ce wytrzyma nawet najtrudniejsze warunki.<\/p>\n<p>Dzi\u0119ki dwustronnemu dzia\u0142aniu, ten si\u0142ownik zapewnia mocn\u0105 i niezawodn\u0105 prac\u0119 w obu kierunkach, co czyni go idealnym do szerokiego zakresu zastosowa\u0144. Niezale\u017cnie od tego, czy chcesz podnosi\u0107 ci\u0119\u017ckie \u0142adunki, przemieszcza\u0107 sprz\u0119t, czy wykonywa\u0107 inne zadania hydrauliczne, profesjonalny, ma\u0142y si\u0142ownik hydrauliczny dwustronnego dzia\u0142ania 10010 do przyczep spe\u0142ni Twoje oczekiwania.<\/p>\n<p>Jedn\u0105 z kluczowych cech tego si\u0142ownika hydraulicznego jest jego niewielki rozmiar, dzi\u0119ki czemu idealnie nadaje si\u0119 do stosowania w przyczepach i innych kompaktowych przestrzeniach. Pomimo swoich rozmiar\u00f3w, oferuje on jednak pot\u0119\u017cn\u0105 moc, oferuj\u0105c wydajno\u015b\u0107, jakiej mo\u017cna oczekiwa\u0107 od znacznie wi\u0119kszego si\u0142ownika.<\/p>\n<p>Opr\u00f3cz imponuj\u0105cej wydajno\u015bci, profesjonalny, dwustronnego dzia\u0142ania, ma\u0142y si\u0142ownik hydrauliczny 10010 do przyczep jest r\u00f3wnie\u017c niezwykle \u0142atwy w monta\u017cu i obs\u0142udze. W zestawie znajduje si\u0119 wszystko, czego potrzebujesz do rozpocz\u0119cia pracy, w tym niezb\u0119dne elementy monta\u017cowe i instrukcje, dzi\u0119ki czemu mo\u017cesz go uruchomi\u0107 w mgnieniu oka.<\/p>\n<p>Podsumowuj\u0105c, profesjonalny, dwustronnego dzia\u0142ania, ma\u0142y si\u0142ownik hydrauliczny do przyczep 10010 to wyj\u0105tkowy produkt, kt\u00f3ry z pewno\u015bci\u0105 przekroczy Twoje oczekiwania. Je\u015bli wi\u0119c szukasz mocnego i niezawodnego si\u0142ownika hydraulicznego, kt\u00f3ry poradzi sobie z ka\u017cdym zadaniem, koniecznie sprawd\u017a go ju\u017c dzi\u015b!<\/p>\n<h2>O 10010 profesjonalnym ma\u0142ym si\u0142owniku hydraulicznym dwustronnego dzia\u0142ania do przyczep<\/h2>\n<p>Profesjonalny, dwustronnego dzia\u0142ania, ma\u0142y si\u0142ownik hydrauliczny do przyczep FMP 10010 to najnowocze\u015bniejsze urz\u0105dzenie, niezb\u0119dne do wszystkich zada\u0144 zwi\u0105zanych z ci\u0119\u017ckimi pojazdami. Ten wysokiej jako\u015bci si\u0142ownik hydrauliczny idealnie nadaje si\u0119 do przyczep i innych pojazd\u00f3w ci\u0119\u017carowych.<\/p>\n<p><img decoding=\"async\" src=\"https:\/\/hzpt.com\/wp-content\/uploads\/2023\/12\/insert-1.webp\" alt=\"\" title=\"\"><\/p>\n<h2>Cechy i funkcje<\/h2>\n<p>Ten si\u0142ownik hydrauliczny oferuje szereg funkcji maj\u0105cych na celu zwi\u0119kszenie wydajno\u015bci, trwa\u0142o\u015bci i bezpiecze\u0144stwa. Wyposa\u017cony jest w mechanizm dwustronnego dzia\u0142ania, zapewniaj\u0105cy wysok\u0105 moc wyj\u015bciow\u0105, zaspokajaj\u0105c\u0105 wszystkie potrzeby Twojej przyczepy.<\/p>\n<p><img decoding=\"async\" src=\"https:\/\/hzpt.com\/wp-content\/uploads\/2023\/12\/insert-3.webp\" alt=\"\" title=\"\"><\/p>\n<h3>Specyfikacja produktu<\/h3>\n<ul>\n<li>Rozmiar: Mo\u017cliwo\u015b\u0107 dostosowania<\/li>\n<li>Pojemno\u015b\u0107: Wysoka<\/li>\n<li>No\u015bno\u015b\u0107: du\u017ca<\/li>\n<\/ul>\n<h2>Unikalne cechy i zalety<\/h2>\n<p>Profesjonalny, dwustronnego dzia\u0142ania, ma\u0142y si\u0142ownik hydrauliczny 10010 do przyczep charakteryzuje si\u0119 energooszcz\u0119dno\u015bci\u0105, wysok\u0105 wydajno\u015bci\u0105 i bezpiecze\u0144stwem, kt\u00f3re wyr\u00f3\u017cniaj\u0105 go na tle konkurencji. Do jego zalet nale\u017c\u0105 r\u00f3wnie\u017c \u0142atwy monta\u017c, niskie koszty utrzymania i wyj\u0105tkowa trwa\u0142o\u015b\u0107.<\/p>\n<h2>Uk\u0142ady hydrauliczne i zasady dzia\u0142ania<\/h2>\n<p>Zasada dzia\u0142ania profesjonalnego, dwustronnego dzia\u0142ania ma\u0142ego si\u0142ownika hydraulicznego 10010 do przyczep opiera si\u0119 na zamianie energii hydraulicznej na energi\u0119 mechaniczn\u0105. Ten si\u0142ownik hydrauliczny zosta\u0142 zaprojektowany z my\u015bl\u0105 o wysokiej wydajno\u015bci i niezawodno\u015bci.<\/p>\n<h2>O produkcie s\u0142\u00f3w kluczowych<\/h2>\n<p>Si\u0142ownik hydrauliczny ma bogat\u0105 histori\u0119 i jest dost\u0119pny w wielu klasyfikacjach. Jego zalety to \u0142atwy monta\u017c, niskie koszty utrzymania i wyj\u0105tkowa trwa\u0142o\u015b\u0107. Z profesjonalnym, ma\u0142ym si\u0142ownikiem hydraulicznym dwustronnego dzia\u0142ania 10010 do przyczep mo\u017cesz do\u015bwiadczy\u0107 wszystkich tych korzy\u015bci i nie tylko.<\/p>\n<h2>Wyb\u00f3r produkt\u00f3w i promocja firmy<\/h2>\n<p>Wyb\u00f3r odpowiedniego oleju hydraulicznego i uszczelnie\u0144 jest kluczowy dla zapewnienia optymalnej wydajno\u015bci. FMP oferuje kompleksowe wskaz\u00f3wki i obs\u0142ug\u0119 klienta, aby u\u0142atwi\u0107 Pa\u0144stwu wyb\u00f3r. Nasze zaanga\u017cowanie w jako\u015b\u0107, konkurencyjne ceny i doskona\u0142a obs\u0142uga klienta sprawiaj\u0105, \u017ce jeste\u015bmy wiod\u0105cym wyborem w zakresie cylindr\u00f3w hydraulicznych.<\/p>\n<h2>O FMP<\/h2>\n<p>Firma FMP, z siedzib\u0105 we W\u0142oszech, jest liderem na rynku si\u0142ownik\u00f3w hydraulicznych. Dysponuj\u0105c moc\u0105 produkcyjn\u0105 na poziomie 200 000 zestaw\u00f3w oraz 300 zestawami maszyn produkcyjnych CNC i automatycznych urz\u0105dze\u0144 do monta\u017cu si\u0142ownik\u00f3w hydraulicznych, oferujemy szerok\u0105 gam\u0119 wysokiej jako\u015bci produkt\u00f3w dla r\u00f3\u017cnych bran\u017c. Opr\u00f3cz si\u0142ownik\u00f3w hydraulicznych do przyczep, oferujemy r\u00f3wnie\u017c si\u0142owniki do podno\u015bnik\u00f3w koszowych, pojazd\u00f3w przemys\u0142owych, wiertnic obrotowych, \u017curawi samochodowych, maszyn budowlanych, w\u00f3zk\u00f3w wid\u0142owych, wywrotek g\u00f3rniczych i maszyn sanitarnych. Realizujemy r\u00f3wnie\u017c zam\u00f3wienia niestandardowe.<\/p>\n<p><img decoding=\"async\" src=\"https:\/\/hzpt.com\/wp-content\/uploads\/2023\/12\/insert-5.webp\" alt=\"Fabryka FMP\" title=\"\"><\/p>\n<h2>Cz\u0119sto zadawane pytania<\/h2>\n<ol>\n<li>P: Jaka jest wydajno\u015b\u0107 si\u0142ownika hydraulicznego?<br \/>\nA: Pojemno\u015b\u0107 jest du\u017ca i konfigurowalna.<\/li>\n<li>P: Jak dzia\u0142a si\u0142ownik hydrauliczny?<br \/>\nA: Dzia\u0142a poprzez zamian\u0119 energii hydraulicznej na energi\u0119 mechaniczn\u0105.<\/li>\n<li>P: Jakie s\u0105 unikalne cechy si\u0142ownika hydraulicznego?<br \/>\nA: Jest energooszcz\u0119dny, wydajny i bezpieczny.<\/li>\n<li>P: Czy mog\u0119 spersonalizowa\u0107 swoje zam\u00f3wienie?<br \/>\nA: Tak, przyjmujemy zam\u00f3wienia niestandardowe, dostosowane do Twoich wymaga\u0144.<\/li>\n<li>P: Gdzie znajduje si\u0119 FMP?<br \/>\nA: FMP powsta\u0142a w 2006 roku we W\u0142oszech.<\/li>\n<\/ol>\n<h2>Zalety cylindra spawanego typu wide\u0142kowego<\/h2>\n<p>Spawane cylindry wide\u0142kowe s\u0105 popularnym wyborem w wielu zastosowaniach przemys\u0142owych ze wzgl\u0119du na swoje unikalne zalety i korzy\u015bci. Oto niekt\u00f3re z kluczowych zalet spawanych cylindr\u00f3w wide\u0142kowych:<\/p>\n<h3>1. Zwi\u0119kszona wytrzyma\u0142o\u015b\u0107 i trwa\u0142o\u015b\u0107<\/h3>\n<p>Cylindry z mocowaniem wide\u0142kowym spawane s\u0105 wyposa\u017cone w spawan\u0105 za\u015blepk\u0119, co zapewnia wi\u0119ksz\u0105 wytrzyma\u0142o\u015b\u0107 i trwa\u0142o\u015b\u0107 w por\u00f3wnaniu z innymi typami cylindr\u00f3w. Dzi\u0119ki temu idealnie nadaj\u0105 si\u0119 do zastosowa\u0144 wymagaj\u0105cych du\u017cej wytrzyma\u0142o\u015bci i trwa\u0142o\u015bci.<\/p>\n<p>Dodatkowo spawana konstrukcja tych cylindr\u00f3w zmniejsza ryzyko przeciek\u00f3w lub awarii, co mo\u017ce przyczyni\u0107 si\u0119 do ograniczenia przestoj\u00f3w i koszt\u00f3w konserwacji.<\/p>\n<h3>2. Zdolno\u015b\u0107 do radzenia sobie z wysokim ci\u015bnieniem<\/h3>\n<p>Spawane si\u0142owniki wide\u0142kowe s\u0105 r\u00f3wnie\u017c w stanie wytrzyma\u0107 wysokie ci\u015bnienie, co czyni je popularnym wyborem w takich bran\u017cach jak budownictwo, g\u00f3rnictwo oraz przemys\u0142 naftowo-gazowy. Ich zdolno\u015b\u0107 do pracy w wysokich ci\u015bnieniach gwarantuje niezawodn\u0105 prac\u0119 w wymagaj\u0105cych warunkach.<\/p>\n<h3>3. Mo\u017cliwo\u015b\u0107 dostosowania projektu<\/h3>\n<p>Spawane si\u0142owniki wide\u0142kowe mog\u0105 by\u0107 projektowane na zam\u00f3wienie, aby spe\u0142ni\u0107 specyficzne wymagania danego zastosowania. Oznacza to, \u017ce mo\u017cna je dostosowa\u0107 do konkretnego rozmiaru, kszta\u0142tu lub wymaga\u0144 wydajno\u015bciowych. Mo\u017cliwo\u015b\u0107 dostosowania konstrukcji zapewnia r\u00f3wnie\u017c wi\u0119ksz\u0105 elastyczno\u015b\u0107 w procesie produkcji, co mo\u017ce prowadzi\u0107 do oszcz\u0119dno\u015bci koszt\u00f3w.<\/p>\n<h3>4. \u0141atwa instalacja<\/h3>\n<p>Spawane si\u0142owniki wide\u0142kowe s\u0105 zaprojektowane z my\u015bl\u0105 o \u0142atwej instalacji, co pozwala skr\u00f3ci\u0107 czas konfiguracji i obni\u017cy\u0107 koszty robocizny. Zazwyczaj s\u0105 one wst\u0119pnie zmontowane i gotowe do u\u017cycia od razu po wyj\u0119ciu z opakowania, co minimalizuje potrzeb\u0119 stosowania dodatkowych cz\u0119\u015bci lub podzespo\u0142\u00f3w.<\/p>\n<h3>5. Poprawiona wydajno\u015b\u0107<\/h3>\n<p>Konstrukcja spawanych si\u0142ownik\u00f3w wide\u0142kowych zapewnia lepsz\u0105 wydajno\u015b\u0107 w por\u00f3wnaniu z innymi typami si\u0142ownik\u00f3w. S\u0105 one w stanie wygenerowa\u0107 wi\u0119ksz\u0105 si\u0142\u0119 na jednostk\u0119 ci\u015bnienia, co mo\u017ce przyczyni\u0107 si\u0119 do poprawy wydajno\u015bci i produktywno\u015bci w zastosowaniach przemys\u0142owych.<\/p>\n<p>Og\u00f3lnie rzecz bior\u0105c, spawane si\u0142owniki wide\u0142kowe oferuj\u0105 szereg zalet i korzy\u015bci, kt\u00f3re czyni\u0105 je popularnym wyborem w wielu zastosowaniach przemys\u0142owych. Ich zwi\u0119kszona wytrzyma\u0142o\u015b\u0107 i trwa\u0142o\u015b\u0107, odporno\u015b\u0107 na wysokie ci\u015bnienie, mo\u017cliwo\u015b\u0107 dostosowania konstrukcji, \u0142atwo\u015b\u0107 monta\u017cu i lepsza wydajno\u015b\u0107 sprawiaj\u0105, \u017ce s\u0105 idealnym wyborem w wymagaj\u0105cych \u015brodowiskach, gdzie niezawodno\u015b\u0107 i wydajno\u015b\u0107 s\u0105 kluczowe.<\/p>\n<h2>Zastosowanie cylindra spawanego typu wide\u0142kowego<\/h2>\n<ul>\n<li><strong>Maszyny przemys\u0142owe:<\/strong> Cylindry z mocowaniem wide\u0142kowym spawane s\u0105 szeroko stosowane w r\u00f3\u017cnych maszynach przemys\u0142owych do ci\u0119\u017ckich zastosowa\u0144. Cylindry te s\u0105 w stanie wytwarza\u0107 du\u017c\u0105 si\u0142\u0119 wyj\u015bciow\u0105 do podnoszenia i dociskania element\u00f3w maszyn. Konstrukcja z mocowaniem wide\u0142kowym spawanym zapewnia \u0142atwy monta\u017c i wydajn\u0105 prac\u0119, co czyni je popularnym wyborem w\u015br\u00f3d producent\u00f3w.\n<ul>\n<li>W przemy\u015ble wytw\u00f3rczym cylindry typu wide\u0142kowego spawane stosowane s\u0105 w prasach hydraulicznych, wtryskarkach i urz\u0105dzeniach do t\u0142oczenia metali w celu zapewnienia si\u0142y niezb\u0119dnej do formowania i kszta\u0142towania arkuszy blachy.<\/li>\n<li>W przemy\u015ble motoryzacyjnym cylindry te stosuje si\u0119 w podno\u015bnikach samochodowych, windach i maszynach monta\u017cowych do podnoszenia ci\u0119\u017ckich komponent\u00f3w w trakcie procesu produkcyjnego.<\/li>\n<li>W bran\u017cy budowlanej cylindry typu wide\u0142kowego spawane stosowane s\u0105 w d\u017awigach, koparkach i spycharkach do zasilania uk\u0142ad\u00f3w hydraulicznych podnosz\u0105cych i przemieszczaj\u0105cych ci\u0119\u017ckie \u0142adunki.<\/li>\n<\/ul>\n<\/li>\n<li><strong>Maszyny rolnicze:<\/strong> Maszyny rolnicze to jeden z najwa\u017cniejszych obszar\u00f3w zastosowania cylindr\u00f3w spawanych z wide\u0142kami. Cylindry te s\u0105 stosowane w r\u00f3\u017cnych maszynach rolniczych, w tym w ci\u0105gnikach, kombajnach i p\u0142ugach, aby zapewni\u0107 niezb\u0119dn\u0105 si\u0142\u0119 do przygotowania gleby, sadzenia i zbioru.\n<ul>\n<li>W przemy\u015ble rolniczym cylindry typu wide\u0142kowego spawane stosowane s\u0105 w p\u0142ugach, kultywatorach i siewnikach w celu zapewnienia si\u0142y niezb\u0119dnej do przygotowania gleby i sadzenia nasion.<\/li>\n<li>W przemy\u015ble \u017cniwnym si\u0142owniki te s\u0105 stosowane w maszynach \u017cniwnych, prasach i kosiarkach do zasilania uk\u0142ad\u00f3w hydraulicznych, kt\u00f3re zbieraj\u0105 i transportuj\u0105 plony.<\/li>\n<\/ul>\n<\/li>\n<li><strong>Lotnictwo i obronno\u015b\u0107:<\/strong> Cylindry typu wide\u0142kowego spawane s\u0105 r\u00f3wnie\u017c wykorzystywane w przemy\u015ble lotniczym i obronnym, gdzie wykorzystuje si\u0119 je w szerokim zakresie w samolotach, rakietach, pociskach i systemach obronnych.\n<ul>\n<li>W przemy\u015ble lotniczym cylindry typu wide\u0142kowego spawane stosowane s\u0105 w podwoziach samolot\u00f3w, klapach i hamulcach, aby zapewni\u0107 si\u0142\u0119 potrzebn\u0105 do startu i l\u0105dowania.<\/li>\n<li>W przemy\u015ble obronnym cylindry te stosuje si\u0119 w wyrzutniach rakiet, wie\u017cach dzia\u0142 i systemach czo\u0142gowych do zasilania uk\u0142ad\u00f3w hydraulicznych kontroluj\u0105cych ruch broni i amunicji.<\/li>\n<\/ul>\n<\/li>\n<li><strong>Przemys\u0142 morski:<\/strong> Cylindry typu wide\u0142kowego spawane s\u0105 r\u00f3wnie\u017c szeroko stosowane w przemy\u015ble morskim, gdzie wykorzystuje si\u0119 je w r\u00f3\u017cnych zastosowaniach na statkach, \u0142odziach i pojazdach podwodnych.\n<ul>\n<li>W przemy\u015ble stoczniowym cylindry typu wide\u0142kowego spawane stosowane s\u0105 w d\u017awigach, wyci\u0105garkach i sprz\u0119cie do prze\u0142adunku towar\u00f3w w celu zapewnienia si\u0142y niezb\u0119dnej do za\u0142adunku i roz\u0142adunku towar\u00f3w.<\/li>\n<li>W przemy\u015ble \u017ceglarskim cylindry te stosuje si\u0119 w uk\u0142adach sterowania, \u015brubach nap\u0119dowych i systemach kotwicznych, aby zapewni\u0107 si\u0142\u0119 niezb\u0119dn\u0105 do kontrolowania ruchu \u0142odzi i statk\u00f3w.<\/li>\n<li>W bran\u017cy pojazd\u00f3w podwodnych cylindry typu Welded Clevis s\u0105 stosowane w pojazdach podwodnych, pojazdach zdalnie sterowanych (ROV) i sprz\u0119cie nurkowym w celu zapewnienia si\u0142y niezb\u0119dnej do operacji podwodnych.<\/li>\n<\/ul>\n<\/li>\n<li><strong>Przemys\u0142 g\u00f3rniczy:<\/strong> Cylindry typu wide\u0142kowego spawane s\u0105 r\u00f3wnie\u017c wykorzystywane w przemy\u015ble g\u00f3rniczym, gdzie wykorzystuje si\u0119 je w r\u00f3\u017cnych zastosowaniach zwi\u0105zanych z wydobyciem minera\u0142\u00f3w i transportem materia\u0142\u00f3w.\n<ul>\n<li>W przemy\u015ble g\u00f3rniczym cylindry typu wide\u0142kowego spawane stosowane s\u0105 w systemach przeno\u015bnik\u00f3w ta\u015bmowych, maszynach wiertniczych i koparkach hydraulicznych w celu zapewnienia si\u0142y niezb\u0119dnej do wydobywania minera\u0142\u00f3w i materia\u0142\u00f3w z kopalni i kamienio\u0142om\u00f3w.<\/li>\n<\/ul>\n<\/li>\n<\/ul>\n<p>Autor:CX<\/p>","protected":false},"excerpt":{"rendered":"<p>The 10010 Professional Double Acting Small Hydraulic Cylinder for Trailer is a top-of-the-line product designed to meet the needs of the most demanding customers. This hydraulic cylinder is built to last, with high-quality materials and expert craftsmanship that ensures it can withstand even the toughest conditions. With its double-acting design, this cylinder is capable of [&hellip;]<\/p>","protected":false},"featured_media":1127,"comment_status":"closed","ping_status":"closed","template":"","meta":{"_et_pb_use_builder":"","_et_pb_old_content":"","_et_gb_content_width":""},"product_brand":[],"product_cat":[36],"product_tag":[34,38],"class_list":{"0":"post-1018","1":"product","2":"type-product","3":"status-publish","4":"has-post-thumbnail","6":"product_cat-welded-clevis-type-cylinder","7":"product_tag-hydraulic-cylinder","8":"product_tag-welded-clevis-type-cylinder","10":"first","11":"instock","12":"product-type-simple"},"_links":{"self":[{"href":"https:\/\/fmp-components.com\/pl\/wp-json\/wp\/v2\/product\/1018","targetHints":{"allow":["GET"]}}],"collection":[{"href":"https:\/\/fmp-components.com\/pl\/wp-json\/wp\/v2\/product"}],"about":[{"href":"https:\/\/fmp-components.com\/pl\/wp-json\/wp\/v2\/types\/product"}],"replies":[{"embeddable":true,"href":"https:\/\/fmp-components.com\/pl\/wp-json\/wp\/v2\/comments?post=1018"}],"wp:featuredmedia":[{"embeddable":true,"href":"https:\/\/fmp-components.com\/pl\/wp-json\/wp\/v2\/media\/1127"}],"wp:attachment":[{"href":"https:\/\/fmp-components.com\/pl\/wp-json\/wp\/v2\/media?parent=1018"}],"wp:term":[{"taxonomy":"product_brand","embeddable":true,"href":"https:\/\/fmp-components.com\/pl\/wp-json\/wp\/v2\/product_brand?post=1018"},{"taxonomy":"product_cat","embeddable":true,"href":"https:\/\/fmp-components.com\/pl\/wp-json\/wp\/v2\/product_cat?post=1018"},{"taxonomy":"product_tag","embeddable":true,"href":"https:\/\/fmp-components.com\/pl\/wp-json\/wp\/v2\/product_tag?post=1018"}],"curies":[{"name":"wp","href":"https:\/\/api.w.org\/{rel}","templated":true}]}}