{"id":1015,"date":"2024-12-19T06:16:24","date_gmt":"2024-12-19T06:16:24","guid":{"rendered":"https:\/\/fmp-components.com\/product\/10008-high-quality-hydraulic-cylinder-double-acting-20-ton-hydraulic-cylinder\/"},"modified":"2025-03-18T02:23:17","modified_gmt":"2025-03-18T02:23:17","slug":"10008-high-quality-hydraulic-cylinder-double-acting-20-ton-hydraulic-cylinder","status":"publish","type":"product","link":"https:\/\/fmp-components.com\/pl\/product\/10008-high-quality-hydraulic-cylinder-double-acting-20-ton-hydraulic-cylinder\/","title":{"rendered":"10008 Wysokiej jako\u015bci si\u0142ownik hydrauliczny dwustronnego dzia\u0142ania 20 ton"},"content":{"rendered":"<h2>Produkt 10008 Wysokiej jako\u015bci si\u0142ownik hydrauliczny dwustronnego dzia\u0142ania, si\u0142ownik hydrauliczny 20 ton<\/h2>\n<p>Produkt 10008 Wysokiej Jako\u015bci Si\u0142ownik Hydrauliczny Dwustronnego Dzia\u0142ania 20 Ton to najwy\u017cszej jako\u015bci si\u0142ownik hydrauliczny, kt\u00f3ry gwarantuje wyj\u0105tkow\u0105 wydajno\u015b\u0107. Zaprojektowany z precyzj\u0105 i trwa\u0142y, ten si\u0142ownik hydrauliczny idealnie nadaje si\u0119 do r\u00f3\u017cnorodnych zastosowa\u0144 przemys\u0142owych.<\/p>\n<p>Dzi\u0119ki dwustronnemu dzia\u0142aniu ten si\u0142ownik hydrauliczny zapewnia wydajn\u0105 prac\u0119 w obu kierunkach, maksymalizuj\u0105c wydajno\u015b\u0107 i skracaj\u0105c przestoje. Wysokiej jako\u015bci konstrukcja gwarantuje niezawodn\u0105 i stabiln\u0105 prac\u0119, nawet w trudnych warunkach.<\/p>\n<p>Ud\u017awig tego si\u0142ownika hydraulicznego wynosz\u0105cy 20 ton sprawia, \u017ce \u200b\u200bidealnie nadaje si\u0119 on do ci\u0119\u017ckich zada\u0144. Niezale\u017cnie od tego, czy potrzebujesz podnosi\u0107, pcha\u0107, czy ci\u0105gn\u0105\u0107 ci\u0119\u017ckie \u0142adunki, ten si\u0142ownik zapewnia niezb\u0119dn\u0105 moc i niezawodno\u015b\u0107.<\/p>\n<p>Dzi\u0119ki zaawansowanej technologii hydraulicznej ten si\u0142ownik zapewnia p\u0142ynne i precyzyjne ruchy, co pozwala na precyzyjn\u0105 kontrol\u0119 i zwi\u0119ksza bezpiecze\u0144stwo. Konstrukcja dwustronnego dzia\u0142ania umo\u017cliwia szybk\u0105 i wydajn\u0105 prac\u0119, oszcz\u0119dzaj\u0105c cenny czas i wysi\u0142ek.<\/p>\n<p>Trwa\u0142o\u015b\u0107 tego si\u0142ownika hydraulicznego jest niezr\u00f3wnana. Wykonany z wysokiej jako\u015bci materia\u0142\u00f3w i zaprojektowany tak, aby sprosta\u0107 wymagaj\u0105cym warunkom, si\u0142ownik ten przetrwa pr\u00f3b\u0119 czasu. Jego solidna konstrukcja gwarantuje d\u0142ugotrwa\u0142\u0105 wydajno\u015b\u0107 i minimalne wymagania konserwacyjne.<\/p>\n<p>Podsumowuj\u0105c, produkt 10008 \u2013 wysokiej jako\u015bci si\u0142ownik hydrauliczny dwustronnego dzia\u0142ania o ud\u017awigu 20 ton \u2013 to najwy\u017cszej klasy si\u0142ownik hydrauliczny, oferuj\u0105cy niezr\u00f3wnan\u0105 wydajno\u015b\u0107, trwa\u0142o\u015b\u0107 i niezawodno\u015b\u0107. Jego dwustronne dzia\u0142anie, wysoka jako\u015b\u0107 wykonania i ud\u017awig 20 ton sprawiaj\u0105, \u017ce jest to idealny wyb\u00f3r do szerokiej gamy zastosowa\u0144 przemys\u0142owych. Przekonaj si\u0119 o mocy i precyzji tego si\u0142ownika hydraulicznego i przenie\u015b swoje operacje na wy\u017cszy poziom.<\/p>\n<p><img decoding=\"async\" src=\"https:\/\/hzpt.com\/wp-content\/uploads\/2023\/12\/insert-3.webp\" alt=\"\" title=\"\"><\/p>\n<h2>Cz\u0119sto zadawane pytania<\/h2>\n<dl>\n<dt>P1: Jaka jest no\u015bno\u015b\u0107 cylindra hydraulicznego dwustronnego dzia\u0142ania 10008 wysokiej jako\u015bci o ud\u017awigu 20 ton?<\/dt>\n<dd>A1: No\u015bno\u015b\u0107 tego si\u0142ownika hydraulicznego wynosi 20 ton.<\/dd>\n<dt>P2: Jak bezpieczne jest u\u017cywanie tego si\u0142ownika hydraulicznego?<\/dt>\n<dd>A2: Ten si\u0142ownik hydrauliczny zosta\u0142 zaprojektowany z licznymi funkcjami bezpiecze\u0144stwa, dzi\u0119ki czemu mo\u017cna go bezpiecznie stosowa\u0107 w r\u00f3\u017cnych zastosowaniach przemys\u0142owych.<\/dd>\n<dt>P3: W jakich ga\u0142\u0119ziach przemys\u0142u mo\u017cna stosowa\u0107 ten si\u0142ownik hydrauliczny?<\/dt>\n<dd>A3: Ten si\u0142ownik hydrauliczny nadaje si\u0119 do stosowania w r\u00f3\u017cnych ga\u0142\u0119ziach przemys\u0142u, m.in. w budownictwie, przemy\u015ble wytw\u00f3rczym i motoryzacji.<\/dd>\n<dt>P4: Jak wydajny jest ten si\u0142ownik hydrauliczny?<\/dt>\n<dd>A4: Ten si\u0142ownik hydrauliczny jest niezwykle wydajny i zaprojektowany tak, aby zapewni\u0107 maksymaln\u0105 produktywno\u015b\u0107.<\/dd>\n<dt>P5: Jakie s\u0105 zalety stosowania tego si\u0142ownika hydraulicznego?<\/dt>\n<dd>A5: Do zalet stosowania tego cylindra hydraulicznego nale\u017c\u0105 energooszcz\u0119dno\u015b\u0107, wysoka wydajno\u015b\u0107 i bezpiecze\u0144stwo.<\/dd>\n<\/dl>\n<h2>Zalety cylindra spawanego typu wide\u0142kowego<\/h2>\n<p>Spawane cylindry wide\u0142kowe s\u0105 popularnym wyborem w wielu zastosowaniach przemys\u0142owych ze wzgl\u0119du na swoje unikalne zalety i korzy\u015bci. Oto niekt\u00f3re z kluczowych zalet spawanych cylindr\u00f3w wide\u0142kowych:<\/p>\n<h3>1. Zwi\u0119kszona wytrzyma\u0142o\u015b\u0107 i trwa\u0142o\u015b\u0107<\/h3>\n<p>Cylindry z mocowaniem wide\u0142kowym spawane s\u0105 wyposa\u017cone w spawan\u0105 za\u015blepk\u0119, co zapewnia wi\u0119ksz\u0105 wytrzyma\u0142o\u015b\u0107 i trwa\u0142o\u015b\u0107 w por\u00f3wnaniu z innymi typami cylindr\u00f3w. Dzi\u0119ki temu idealnie nadaj\u0105 si\u0119 do zastosowa\u0144 wymagaj\u0105cych du\u017cej wytrzyma\u0142o\u015bci i trwa\u0142o\u015bci.<\/p>\n<p>Dodatkowo spawana konstrukcja tych cylindr\u00f3w zmniejsza ryzyko przeciek\u00f3w lub awarii, co mo\u017ce przyczyni\u0107 si\u0119 do ograniczenia przestoj\u00f3w i koszt\u00f3w konserwacji.<\/p>\n<h3>2. Zdolno\u015b\u0107 do radzenia sobie z wysokim ci\u015bnieniem<\/h3>\n<p>Spawane si\u0142owniki wide\u0142kowe s\u0105 r\u00f3wnie\u017c w stanie wytrzyma\u0107 wysokie ci\u015bnienie, co czyni je popularnym wyborem w takich bran\u017cach jak budownictwo, g\u00f3rnictwo oraz przemys\u0142 naftowo-gazowy. Ich zdolno\u015b\u0107 do pracy w wysokich ci\u015bnieniach gwarantuje niezawodn\u0105 prac\u0119 w wymagaj\u0105cych warunkach.<\/p>\n<h3>3. Mo\u017cliwo\u015b\u0107 dostosowania projektu<\/h3>\n<p>Spawane si\u0142owniki wide\u0142kowe mog\u0105 by\u0107 projektowane na zam\u00f3wienie, aby spe\u0142ni\u0107 specyficzne wymagania danego zastosowania. Oznacza to, \u017ce mo\u017cna je dostosowa\u0107 do konkretnego rozmiaru, kszta\u0142tu lub wymaga\u0144 wydajno\u015bciowych. Mo\u017cliwo\u015b\u0107 dostosowania konstrukcji zapewnia r\u00f3wnie\u017c wi\u0119ksz\u0105 elastyczno\u015b\u0107 w procesie produkcji, co mo\u017ce prowadzi\u0107 do oszcz\u0119dno\u015bci koszt\u00f3w.<\/p>\n<h3>4. \u0141atwa instalacja<\/h3>\n<p>Spawane si\u0142owniki wide\u0142kowe s\u0105 zaprojektowane z my\u015bl\u0105 o \u0142atwej instalacji, co pozwala skr\u00f3ci\u0107 czas konfiguracji i obni\u017cy\u0107 koszty robocizny. Zazwyczaj s\u0105 one wst\u0119pnie zmontowane i gotowe do u\u017cycia od razu po wyj\u0119ciu z opakowania, co minimalizuje potrzeb\u0119 stosowania dodatkowych cz\u0119\u015bci lub podzespo\u0142\u00f3w.<\/p>\n<h3>5. Poprawiona wydajno\u015b\u0107<\/h3>\n<p>Konstrukcja spawanych si\u0142ownik\u00f3w wide\u0142kowych zapewnia lepsz\u0105 wydajno\u015b\u0107 w por\u00f3wnaniu z innymi typami si\u0142ownik\u00f3w. S\u0105 one w stanie wygenerowa\u0107 wi\u0119ksz\u0105 si\u0142\u0119 na jednostk\u0119 ci\u015bnienia, co mo\u017ce przyczyni\u0107 si\u0119 do poprawy wydajno\u015bci i produktywno\u015bci w zastosowaniach przemys\u0142owych.<\/p>\n<p>Og\u00f3lnie rzecz bior\u0105c, spawane si\u0142owniki wide\u0142kowe oferuj\u0105 szereg zalet i korzy\u015bci, kt\u00f3re czyni\u0105 je popularnym wyborem w wielu zastosowaniach przemys\u0142owych. Ich zwi\u0119kszona wytrzyma\u0142o\u015b\u0107 i trwa\u0142o\u015b\u0107, odporno\u015b\u0107 na wysokie ci\u015bnienie, mo\u017cliwo\u015b\u0107 dostosowania konstrukcji, \u0142atwo\u015b\u0107 monta\u017cu i lepsza wydajno\u015b\u0107 sprawiaj\u0105, \u017ce s\u0105 idealnym wyborem w wymagaj\u0105cych \u015brodowiskach, gdzie niezawodno\u015b\u0107 i wydajno\u015b\u0107 s\u0105 kluczowe.<\/p>\n<h2>Zastosowanie cylindra spawanego typu wide\u0142kowego<\/h2>\n<ul>\n<li><strong>Maszyny przemys\u0142owe:<\/strong> Cylindry z mocowaniem wide\u0142kowym spawane s\u0105 szeroko stosowane w r\u00f3\u017cnych maszynach przemys\u0142owych do ci\u0119\u017ckich zastosowa\u0144. Cylindry te s\u0105 w stanie wytwarza\u0107 du\u017c\u0105 si\u0142\u0119 wyj\u015bciow\u0105 do podnoszenia i dociskania element\u00f3w maszyn. Konstrukcja z mocowaniem wide\u0142kowym spawanym zapewnia \u0142atwy monta\u017c i wydajn\u0105 prac\u0119, co czyni je popularnym wyborem w\u015br\u00f3d producent\u00f3w.\n<ul>\n<li>W przemy\u015ble wytw\u00f3rczym cylindry typu wide\u0142kowego spawane stosowane s\u0105 w prasach hydraulicznych, wtryskarkach i urz\u0105dzeniach do t\u0142oczenia metali w celu zapewnienia si\u0142y niezb\u0119dnej do formowania i kszta\u0142towania arkuszy blachy.<\/li>\n<li>W przemy\u015ble motoryzacyjnym cylindry te stosuje si\u0119 w podno\u015bnikach samochodowych, windach i maszynach monta\u017cowych do podnoszenia ci\u0119\u017ckich komponent\u00f3w w trakcie procesu produkcyjnego.<\/li>\n<li>W bran\u017cy budowlanej cylindry typu wide\u0142kowego spawane stosowane s\u0105 w d\u017awigach, koparkach i spycharkach do zasilania uk\u0142ad\u00f3w hydraulicznych podnosz\u0105cych i przemieszczaj\u0105cych ci\u0119\u017ckie \u0142adunki.<\/li>\n<\/ul>\n<\/li>\n<li><strong>Maszyny rolnicze:<\/strong> Maszyny rolnicze to jeden z najwa\u017cniejszych obszar\u00f3w zastosowania cylindr\u00f3w spawanych z wide\u0142kami. Cylindry te s\u0105 stosowane w r\u00f3\u017cnych maszynach rolniczych, w tym w ci\u0105gnikach, kombajnach i p\u0142ugach, aby zapewni\u0107 niezb\u0119dn\u0105 si\u0142\u0119 do przygotowania gleby, sadzenia i zbioru.\n<ul>\n<li>W przemy\u015ble rolniczym cylindry typu wide\u0142kowego spawane stosowane s\u0105 w p\u0142ugach, kultywatorach i siewnikach w celu zapewnienia si\u0142y niezb\u0119dnej do przygotowania gleby i sadzenia nasion.<\/li>\n<li>W przemy\u015ble \u017cniwnym si\u0142owniki te s\u0105 stosowane w maszynach \u017cniwnych, prasach i kosiarkach do zasilania uk\u0142ad\u00f3w hydraulicznych, kt\u00f3re zbieraj\u0105 i transportuj\u0105 plony.<\/li>\n<\/ul>\n<\/li>\n<li><strong>Lotnictwo i obronno\u015b\u0107:<\/strong> Cylindry typu wide\u0142kowego spawane s\u0105 r\u00f3wnie\u017c wykorzystywane w przemy\u015ble lotniczym i obronnym, gdzie wykorzystuje si\u0119 je w szerokim zakresie w samolotach, rakietach, pociskach i systemach obronnych.\n<ul>\n<li>W przemy\u015ble lotniczym cylindry typu wide\u0142kowego spawane stosowane s\u0105 w podwoziach samolot\u00f3w, klapach i hamulcach, aby zapewni\u0107 si\u0142\u0119 potrzebn\u0105 do startu i l\u0105dowania.<\/li>\n<li>W przemy\u015ble obronnym cylindry te stosuje si\u0119 w wyrzutniach rakiet, wie\u017cach dzia\u0142 i systemach czo\u0142gowych do zasilania uk\u0142ad\u00f3w hydraulicznych kontroluj\u0105cych ruch broni i amunicji.<\/li>\n<\/ul>\n<\/li>\n<li><strong>Przemys\u0142 morski:<\/strong> Cylindry typu wide\u0142kowego spawane s\u0105 r\u00f3wnie\u017c szeroko stosowane w przemy\u015ble morskim, gdzie wykorzystuje si\u0119 je w r\u00f3\u017cnych zastosowaniach na statkach, \u0142odziach i pojazdach podwodnych.\n<ul>\n<li>W przemy\u015ble stoczniowym cylindry typu wide\u0142kowego spawane stosowane s\u0105 w d\u017awigach, wyci\u0105garkach i sprz\u0119cie do prze\u0142adunku towar\u00f3w w celu zapewnienia si\u0142y niezb\u0119dnej do za\u0142adunku i roz\u0142adunku towar\u00f3w.<\/li>\n<li>W przemy\u015ble \u017ceglarskim cylindry te stosuje si\u0119 w uk\u0142adach sterowania, \u015brubach nap\u0119dowych i systemach kotwicznych, aby zapewni\u0107 si\u0142\u0119 niezb\u0119dn\u0105 do kontrolowania ruchu \u0142odzi i statk\u00f3w.<\/li>\n<li>W bran\u017cy pojazd\u00f3w podwodnych cylindry typu Welded Clevis s\u0105 stosowane w pojazdach podwodnych, pojazdach zdalnie sterowanych (ROV) i sprz\u0119cie nurkowym w celu zapewnienia si\u0142y niezb\u0119dnej do operacji podwodnych.<\/li>\n<\/ul>\n<\/li>\n<li><strong>Przemys\u0142 g\u00f3rniczy:<\/strong> Cylindry typu wide\u0142kowego spawane s\u0105 r\u00f3wnie\u017c wykorzystywane w przemy\u015ble g\u00f3rniczym, gdzie wykorzystuje si\u0119 je w r\u00f3\u017cnych zastosowaniach zwi\u0105zanych z wydobyciem minera\u0142\u00f3w i transportem materia\u0142\u00f3w.\n<ul>\n<li>W przemy\u015ble g\u00f3rniczym cylindry typu wide\u0142kowego spawane stosowane s\u0105 w systemach przeno\u015bnik\u00f3w ta\u015bmowych, maszynach wiertniczych i koparkach hydraulicznych w celu zapewnienia si\u0142y niezb\u0119dnej do wydobywania minera\u0142\u00f3w i materia\u0142\u00f3w z kopalni i kamienio\u0142om\u00f3w.<\/li>\n<\/ul>\n<\/li>\n<\/ul>\n<p><img decoding=\"async\" src=\"https:\/\/hzpt.com\/wp-content\/uploads\/2023\/12\/insert-2.webp\" alt=\"\" title=\"\"><\/p>\n<h2>O FMP<\/h2>\n<p>FMP, lider na w\u0142oskim rynku cylindr\u00f3w hydraulicznych do maszyn mobilnych, oferuje szerok\u0105 gam\u0119 produkt\u00f3w, w tym cylindry hydrauliczne wywrotu, cylindry hydrauliczne uk\u0142adu kierowniczego i cylindry hydraulicznego podnoszenia.<\/p>\n<p>Opr\u00f3cz wysokiej jako\u015bci cylindra hydraulicznego dwustronnego dzia\u0142ania o ud\u017awigu 20 ton 10008, FMP dostarcza r\u00f3wnie\u017c inne wysokiej jako\u015bci produkty, takie jak cylindry hydrauliczne do podno\u015bnik\u00f3w koszowych, pojazd\u00f3w przemys\u0142owych, wiertnic obrotowych, d\u017awig\u00f3w samochodowych, maszyn in\u017cynieryjnych, w\u00f3zk\u00f3w wid\u0142owych, wywrotek i maszyn sanitarnych.<\/p>\n<p><img decoding=\"async\" src=\"https:\/\/hzpt.com\/wp-content\/uploads\/2023\/12\/insert-5.webp\" alt=\"\" title=\"\"><\/p>\n<p>Autor:CX<\/p>","protected":false},"excerpt":{"rendered":"<p>Product 10008 High Quality Hydraulic Cylinder Double Acting 20 Ton Hydraulic Cylinder The product 10008 High Quality Hydraulic Cylinder Double Acting 20 Ton Hydraulic Cylinder is a top-notch hydraulic cylinder that guarantees exceptional performance. Designed with precision and built to last, this hydraulic cylinder is perfect for various industrial applications. With a double-acting design, this [&hellip;]<\/p>","protected":false},"featured_media":1128,"comment_status":"closed","ping_status":"closed","template":"","meta":{"_et_pb_use_builder":"","_et_pb_old_content":"","_et_gb_content_width":""},"product_brand":[],"product_cat":[36],"product_tag":[34,38],"class_list":{"0":"post-1015","1":"product","2":"type-product","3":"status-publish","4":"has-post-thumbnail","6":"product_cat-welded-clevis-type-cylinder","7":"product_tag-hydraulic-cylinder","8":"product_tag-welded-clevis-type-cylinder","10":"first","11":"instock","12":"product-type-simple"},"_links":{"self":[{"href":"https:\/\/fmp-components.com\/pl\/wp-json\/wp\/v2\/product\/1015","targetHints":{"allow":["GET"]}}],"collection":[{"href":"https:\/\/fmp-components.com\/pl\/wp-json\/wp\/v2\/product"}],"about":[{"href":"https:\/\/fmp-components.com\/pl\/wp-json\/wp\/v2\/types\/product"}],"replies":[{"embeddable":true,"href":"https:\/\/fmp-components.com\/pl\/wp-json\/wp\/v2\/comments?post=1015"}],"wp:featuredmedia":[{"embeddable":true,"href":"https:\/\/fmp-components.com\/pl\/wp-json\/wp\/v2\/media\/1128"}],"wp:attachment":[{"href":"https:\/\/fmp-components.com\/pl\/wp-json\/wp\/v2\/media?parent=1015"}],"wp:term":[{"taxonomy":"product_brand","embeddable":true,"href":"https:\/\/fmp-components.com\/pl\/wp-json\/wp\/v2\/product_brand?post=1015"},{"taxonomy":"product_cat","embeddable":true,"href":"https:\/\/fmp-components.com\/pl\/wp-json\/wp\/v2\/product_cat?post=1015"},{"taxonomy":"product_tag","embeddable":true,"href":"https:\/\/fmp-components.com\/pl\/wp-json\/wp\/v2\/product_tag?post=1015"}],"curies":[{"name":"wp","href":"https:\/\/api.w.org\/{rel}","templated":true}]}}