{"id":1014,"date":"2024-12-19T06:16:24","date_gmt":"2024-12-19T06:16:24","guid":{"rendered":"https:\/\/fmp-components.com\/product\/10007-premium-quality-tractor-hydraulic-cylinder-double-acting-hydraulic-cylinder\/"},"modified":"2024-12-26T08:55:53","modified_gmt":"2024-12-26T08:55:53","slug":"10007-premium-quality-tractor-hydraulic-cylinder-double-acting-hydraulic-cylinder","status":"publish","type":"product","link":"https:\/\/fmp-components.com\/pl\/product\/10007-premium-quality-tractor-hydraulic-cylinder-double-acting-hydraulic-cylinder\/","title":{"rendered":"10007 Wysokiej jako\u015bci si\u0142ownik hydrauliczny do ci\u0105gnika, si\u0142ownik hydrauliczny dwustronnego dzia\u0142ania"},"content":{"rendered":"<h2>Produkt 10007 Si\u0142ownik hydrauliczny do ci\u0105gnika najwy\u017cszej jako\u015bci, si\u0142ownik hydrauliczny dwustronnego dzia\u0142ania:<\/h2>\n<p>Przedstawiamy nasz najwy\u017cszej jako\u015bci si\u0142ownik hydrauliczny do ci\u0105gnik\u00f3w, numer produktu 10007. Ten si\u0142ownik hydrauliczny zosta\u0142 zaprojektowany z my\u015bl\u0105 o dwustronnym dzia\u0142aniu, co zapewnia wydajn\u0105 i niezawodn\u0105 prac\u0119.<\/p>\n<p>Nasz si\u0142ownik hydrauliczny zosta\u0142 zaprojektowany tak, aby sprosta\u0107 ci\u0119\u017ckim zadaniom i zapewni\u0107 doskona\u0142\u0105 moc hydrauliczn\u0105 dla ci\u0105gnik\u00f3w. Zosta\u0142 starannie wykonany z wysokiej jako\u015bci materia\u0142\u00f3w, co gwarantuje trwa\u0142o\u015b\u0107 i d\u0142ugowieczno\u015b\u0107.<\/p>\n<p>G\u0142\u00f3wne cechy:<br \/>\n\u2013 Podw\u00f3jne dzia\u0142anie zapewniaj\u0105ce lepsz\u0105 wydajno\u015b\u0107 i wszechstronno\u015b\u0107.<br \/>\n\u2013 Solidna konstrukcja wytrzymuj\u0105ca wysokie ci\u015bnienie i du\u017ce obci\u0105\u017cenia.<br \/>\n\u2013 P\u0142ynna praca umo\u017cliwiaj\u0105ca bezproblemow\u0105 integracj\u0119 z ci\u0105gnikami.<br \/>\n\u2013 Wysokiej jako\u015bci materia\u0142y gwarantuj\u0105 d\u0142ug\u0105 \u017cywotno\u015b\u0107.<br \/>\n\u2013 Precyzyjna in\u017cynieria zapewniaj\u0105ca sta\u0142\u0105 i niezawodn\u0105 moc hydrauliczn\u0105.<br \/>\n\u2013 \u0141atwa instalacja i konserwacja.<\/p>\n<p>Dzi\u0119ki naszemu si\u0142ownikowi hydraulicznemu do ci\u0105gnik\u00f3w najwy\u017cszej jako\u015bci mo\u017cesz oczekiwa\u0107 zwi\u0119kszonej wydajno\u015bci i efektywno\u015bci w swoich pracach rolniczych. Zosta\u0142 on zaprojektowany z my\u015bl\u0105 o zapewnieniu najwy\u017cszej wydajno\u015bci i odporno\u015bci na najtrudniejsze warunki pracy.<\/p>\n<p><img decoding=\"async\" src=\"https:\/\/hzpt.com\/wp-content\/uploads\/2023\/12\/insert-1.webp\" alt=\"\" title=\"\"><\/p>\n<p>&nbsp;<\/p>\n<h2>Zalety cylindra spawanego typu wide\u0142kowego<\/h2>\n<p>Spawane cylindry wide\u0142kowe s\u0105 popularnym wyborem w wielu zastosowaniach przemys\u0142owych ze wzgl\u0119du na swoje unikalne zalety i korzy\u015bci. Oto niekt\u00f3re z kluczowych zalet spawanych cylindr\u00f3w wide\u0142kowych:<\/p>\n<h3>1. Zwi\u0119kszona wytrzyma\u0142o\u015b\u0107 i trwa\u0142o\u015b\u0107<\/h3>\n<p>Cylindry z mocowaniem wide\u0142kowym spawane s\u0105 wyposa\u017cone w spawan\u0105 za\u015blepk\u0119, co zapewnia wi\u0119ksz\u0105 wytrzyma\u0142o\u015b\u0107 i trwa\u0142o\u015b\u0107 w por\u00f3wnaniu z innymi typami cylindr\u00f3w. Dzi\u0119ki temu idealnie nadaj\u0105 si\u0119 do zastosowa\u0144 wymagaj\u0105cych du\u017cej wytrzyma\u0142o\u015bci i trwa\u0142o\u015bci.<\/p>\n<p>Dodatkowo spawana konstrukcja tych cylindr\u00f3w zmniejsza ryzyko przeciek\u00f3w lub awarii, co mo\u017ce przyczyni\u0107 si\u0119 do ograniczenia przestoj\u00f3w i koszt\u00f3w konserwacji.<\/p>\n<h3>2. Zdolno\u015b\u0107 do radzenia sobie z wysokim ci\u015bnieniem<\/h3>\n<p>Spawane si\u0142owniki wide\u0142kowe s\u0105 r\u00f3wnie\u017c w stanie wytrzyma\u0107 wysokie ci\u015bnienie, co czyni je popularnym wyborem w takich bran\u017cach jak budownictwo, g\u00f3rnictwo oraz przemys\u0142 naftowo-gazowy. Ich zdolno\u015b\u0107 do pracy w wysokich ci\u015bnieniach gwarantuje niezawodn\u0105 prac\u0119 w wymagaj\u0105cych warunkach.<\/p>\n<h3>3. Mo\u017cliwo\u015b\u0107 dostosowania projektu<\/h3>\n<p>Spawane si\u0142owniki wide\u0142kowe mog\u0105 by\u0107 projektowane na zam\u00f3wienie, aby spe\u0142ni\u0107 specyficzne wymagania danego zastosowania. Oznacza to, \u017ce mo\u017cna je dostosowa\u0107 do konkretnego rozmiaru, kszta\u0142tu lub wymaga\u0144 wydajno\u015bciowych. Mo\u017cliwo\u015b\u0107 dostosowania konstrukcji zapewnia r\u00f3wnie\u017c wi\u0119ksz\u0105 elastyczno\u015b\u0107 w procesie produkcji, co mo\u017ce prowadzi\u0107 do oszcz\u0119dno\u015bci koszt\u00f3w.<\/p>\n<h3>4. \u0141atwa instalacja<\/h3>\n<p>Spawane si\u0142owniki wide\u0142kowe s\u0105 zaprojektowane z my\u015bl\u0105 o \u0142atwej instalacji, co pozwala skr\u00f3ci\u0107 czas konfiguracji i obni\u017cy\u0107 koszty robocizny. Zazwyczaj s\u0105 one wst\u0119pnie zmontowane i gotowe do u\u017cycia od razu po wyj\u0119ciu z opakowania, co minimalizuje potrzeb\u0119 stosowania dodatkowych cz\u0119\u015bci lub podzespo\u0142\u00f3w.<\/p>\n<h3>5. Poprawiona wydajno\u015b\u0107<\/h3>\n<p>Konstrukcja spawanych si\u0142ownik\u00f3w wide\u0142kowych zapewnia lepsz\u0105 wydajno\u015b\u0107 w por\u00f3wnaniu z innymi typami si\u0142ownik\u00f3w. S\u0105 one w stanie wygenerowa\u0107 wi\u0119ksz\u0105 si\u0142\u0119 na jednostk\u0119 ci\u015bnienia, co mo\u017ce przyczyni\u0107 si\u0119 do poprawy wydajno\u015bci i produktywno\u015bci w zastosowaniach przemys\u0142owych.<\/p>\n<p>Og\u00f3lnie rzecz bior\u0105c, spawane si\u0142owniki wide\u0142kowe oferuj\u0105 szereg zalet i korzy\u015bci, kt\u00f3re czyni\u0105 je popularnym wyborem w wielu zastosowaniach przemys\u0142owych. Ich zwi\u0119kszona wytrzyma\u0142o\u015b\u0107 i trwa\u0142o\u015b\u0107, odporno\u015b\u0107 na wysokie ci\u015bnienie, mo\u017cliwo\u015b\u0107 dostosowania konstrukcji, \u0142atwo\u015b\u0107 monta\u017cu i lepsza wydajno\u015b\u0107 sprawiaj\u0105, \u017ce s\u0105 idealnym wyborem w wymagaj\u0105cych \u015brodowiskach, gdzie niezawodno\u015b\u0107 i wydajno\u015b\u0107 s\u0105 kluczowe.<\/p>\n<p><img decoding=\"async\" src=\"https:\/\/hzpt.com\/wp-content\/uploads\/2023\/12\/insert-4.webp?v=1694163707\" alt=\"\" title=\"\"><\/p>\n<h2>Zastosowanie cylindra spawanego typu wide\u0142kowego<\/h2>\n<ul>\n<li><strong>Maszyny przemys\u0142owe:<\/strong> Cylindry z mocowaniem wide\u0142kowym spawane s\u0105 szeroko stosowane w r\u00f3\u017cnych maszynach przemys\u0142owych do ci\u0119\u017ckich zastosowa\u0144. Cylindry te s\u0105 w stanie wytwarza\u0107 du\u017c\u0105 si\u0142\u0119 wyj\u015bciow\u0105 do podnoszenia i dociskania element\u00f3w maszyn. Konstrukcja z mocowaniem wide\u0142kowym spawanym zapewnia \u0142atwy monta\u017c i wydajn\u0105 prac\u0119, co czyni je popularnym wyborem w\u015br\u00f3d producent\u00f3w.\n<ul>\n<li>W przemy\u015ble wytw\u00f3rczym cylindry typu wide\u0142kowego spawane stosowane s\u0105 w prasach hydraulicznych, wtryskarkach i urz\u0105dzeniach do t\u0142oczenia metali w celu zapewnienia si\u0142y niezb\u0119dnej do formowania i kszta\u0142towania arkuszy blachy.<\/li>\n<li>W przemy\u015ble motoryzacyjnym cylindry te stosuje si\u0119 w podno\u015bnikach samochodowych, windach i maszynach monta\u017cowych do podnoszenia ci\u0119\u017ckich komponent\u00f3w w trakcie procesu produkcyjnego.<\/li>\n<li>W bran\u017cy budowlanej cylindry typu wide\u0142kowego spawane stosowane s\u0105 w d\u017awigach, koparkach i spycharkach do zasilania uk\u0142ad\u00f3w hydraulicznych podnosz\u0105cych i przemieszczaj\u0105cych ci\u0119\u017ckie \u0142adunki.<\/li>\n<\/ul>\n<\/li>\n<li><strong>Maszyny rolnicze:<\/strong> Maszyny rolnicze to jeden z najwa\u017cniejszych obszar\u00f3w zastosowania cylindr\u00f3w spawanych z wide\u0142kami. Cylindry te s\u0105 stosowane w r\u00f3\u017cnych maszynach rolniczych, w tym w ci\u0105gnikach, kombajnach i p\u0142ugach, aby zapewni\u0107 niezb\u0119dn\u0105 si\u0142\u0119 do przygotowania gleby, sadzenia i zbioru.\n<ul>\n<li>W przemy\u015ble rolniczym cylindry typu wide\u0142kowego spawane stosowane s\u0105 w p\u0142ugach, kultywatorach i siewnikach w celu zapewnienia si\u0142y niezb\u0119dnej do przygotowania gleby i sadzenia nasion.<\/li>\n<li>W przemy\u015ble \u017cniwnym si\u0142owniki te s\u0105 stosowane w maszynach \u017cniwnych, prasach i kosiarkach do zasilania uk\u0142ad\u00f3w hydraulicznych, kt\u00f3re zbieraj\u0105 i transportuj\u0105 plony.<\/li>\n<\/ul>\n<\/li>\n<li><strong>Lotnictwo i obronno\u015b\u0107:<\/strong> Cylindry typu wide\u0142kowego spawane s\u0105 r\u00f3wnie\u017c wykorzystywane w przemy\u015ble lotniczym i obronnym, gdzie wykorzystuje si\u0119 je w szerokim zakresie w samolotach, rakietach, pociskach i systemach obronnych.\n<ul>\n<li>W przemy\u015ble lotniczym cylindry typu wide\u0142kowego spawane stosowane s\u0105 w podwoziach samolot\u00f3w, klapach i hamulcach, aby zapewni\u0107 si\u0142\u0119 potrzebn\u0105 do startu i l\u0105dowania.<\/li>\n<li>W przemy\u015ble obronnym cylindry te stosuje si\u0119 w wyrzutniach rakiet, wie\u017cach dzia\u0142 i systemach czo\u0142gowych do zasilania uk\u0142ad\u00f3w hydraulicznych kontroluj\u0105cych ruch broni i amunicji.<\/li>\n<\/ul>\n<\/li>\n<li><strong>Przemys\u0142 morski:<\/strong> Cylindry typu wide\u0142kowego spawane s\u0105 r\u00f3wnie\u017c szeroko stosowane w przemy\u015ble morskim, gdzie wykorzystuje si\u0119 je w r\u00f3\u017cnych zastosowaniach na statkach, \u0142odziach i pojazdach podwodnych.\n<ul>\n<li>W przemy\u015ble stoczniowym cylindry typu wide\u0142kowego spawane stosowane s\u0105 w d\u017awigach, wyci\u0105garkach i sprz\u0119cie do prze\u0142adunku towar\u00f3w w celu zapewnienia si\u0142y niezb\u0119dnej do za\u0142adunku i roz\u0142adunku towar\u00f3w.<\/li>\n<li>W przemy\u015ble \u017ceglarskim cylindry te stosuje si\u0119 w uk\u0142adach sterowania, \u015brubach nap\u0119dowych i systemach kotwicznych, aby zapewni\u0107 si\u0142\u0119 niezb\u0119dn\u0105 do kontrolowania ruchu \u0142odzi i statk\u00f3w.<\/li>\n<li>W bran\u017cy pojazd\u00f3w podwodnych cylindry typu Welded Clevis s\u0105 stosowane w pojazdach podwodnych, pojazdach zdalnie sterowanych (ROV) i sprz\u0119cie nurkowym w celu zapewnienia si\u0142y niezb\u0119dnej do operacji podwodnych.<\/li>\n<\/ul>\n<\/li>\n<li><strong>Przemys\u0142 g\u00f3rniczy:<\/strong> Cylindry typu wide\u0142kowego spawane s\u0105 r\u00f3wnie\u017c wykorzystywane w przemy\u015ble g\u00f3rniczym, gdzie wykorzystuje si\u0119 je w r\u00f3\u017cnych zastosowaniach zwi\u0105zanych z wydobyciem minera\u0142\u00f3w i transportem materia\u0142\u00f3w.\n<ul>\n<li>W przemy\u015ble g\u00f3rniczym cylindry typu wide\u0142kowego spawane stosowane s\u0105 w systemach przeno\u015bnik\u00f3w ta\u015bmowych, maszynach wiertniczych i koparkach hydraulicznych w celu zapewnienia si\u0142y niezb\u0119dnej do wydobywania minera\u0142\u00f3w i materia\u0142\u00f3w z kopalni i kamienio\u0142om\u00f3w.<\/li>\n<\/ul>\n<\/li>\n<\/ul>\n<h2>O FMP<\/h2>\n<p>FMP jest liderem na w\u0142oskim rynku si\u0142ownik\u00f3w hydraulicznych. Nasze produkty obejmuj\u0105 si\u0142owniki hydrauliczne przechy\u0142u, si\u0142owniki hydrauliczne uk\u0142adu kierowniczego i si\u0142owniki hydrauliczne podnoszenia. Dysponuj\u0105c moc\u0105 produkcyjn\u0105 na poziomie 200 000 zestaw\u00f3w, dysponujemy 300 zestawami r\u00f3\u017cnego rodzaju, w pe\u0142ni zautomatyzowanych urz\u0105dze\u0144 produkcyjnych CNC oraz w pe\u0142ni zautomatyzowanych urz\u0105dze\u0144 do monta\u017cu si\u0142ownik\u00f3w hydraulicznych. Jeste\u015bmy dumni z wysokiej jako\u015bci naszych produkt\u00f3w, konkurencyjnych cen i wyj\u0105tkowej obs\u0142ugi.<\/p>\n<p>Opr\u00f3cz wyr\u00f3\u017cnionego produktu oferujemy r\u00f3wnie\u017c cylindry do podno\u015bnik\u00f3w koszowych, cylindry hydrauliczne do pojazd\u00f3w przemys\u0142owych, cylindry do wiertnic obrotowych, cylindry do d\u017awig\u00f3w samochodowych, cylindry hydrauliczne do maszyn budowlanych, <b>Cylindry hydrauliczne do w\u00f3zk\u00f3w wid\u0142owych<\/b>, cylindry do wywrotek g\u00f3rniczych oraz cylindry hydrauliczne do maszyn sanitarnych. Przyjmujemy zam\u00f3wienia niestandardowe na podstawie dostarczonych projekt\u00f3w i pr\u00f3bek.<\/p>\n<p><img decoding=\"async\" src=\"https:\/\/hzpt.com\/wp-content\/uploads\/2023\/12\/insert-5.webp\" alt=\"Fabryka FMP\" title=\"\"><\/p>\n<h2>Cz\u0119sto zadawane pytania<\/h2>\n<p>P1: Jaka jest wielko\u015b\u0107, pojemno\u015b\u0107 i no\u015bno\u015b\u0107 si\u0142ownika hydraulicznego?<\/p>\n<p>A1: Aby uzyska\u0107 szczeg\u00f3\u0142owe specyfikacje, skontaktuj si\u0119 z naszym dzia\u0142em sprzeda\u017cy.<\/p>\n<p>P2: Jak energooszcz\u0119dny jest si\u0142ownik hydrauliczny?<\/p>\n<p>A2: Nasz si\u0142ownik hydrauliczny jest energooszcz\u0119dny, co pozwala zaoszcz\u0119dzi\u0107 na kosztach eksploatacji.<\/p>\n<p>P3: Jak dzia\u0142a funkcja dwustronnego dzia\u0142ania si\u0142ownika hydraulicznego?<\/p>\n<p>A3: Funkcja dwustronnego dzia\u0142ania pozwala si\u0142ownikowi hydraulicznemu wywiera\u0107 si\u0142\u0119 w obu kierunkach, co zwi\u0119ksza jego wydajno\u015b\u0107.<\/p>\n<p>P4: Czy mog\u0119 zam\u00f3wi\u0107 niestandardowy si\u0142ownik hydrauliczny?<\/p>\n<p>A4: Tak, przyjmujemy zam\u00f3wienia niestandardowe na podstawie dostarczonych projekt\u00f3w i pr\u00f3bek.<\/p>\n<p>P5: Jak mog\u0119 odwiedzi\u0107 Wasz\u0105 fabryk\u0119 VR?<\/p>\n<p>A5: Mo\u017cesz odwiedzi\u0107 nasz\u0105 fabryk\u0119 VR klikaj\u0105c na link podany powy\u017cej.<\/p>\n<p>Autor:CX<\/p>","protected":false},"excerpt":{"rendered":"<p>Product 10007 Premium Quality Tractor Hydraulic Cylinder Double Acting Hydraulic Cylinder: Introducing our premium quality tractor hydraulic cylinder, product number 10007. This hydraulic cylinder is designed with double acting functionality, ensuring efficient and reliable performance. Our hydraulic cylinder is built to withstand heavy-duty tasks and provide superior hydraulic power for tractors. It is meticulously crafted [&hellip;]<\/p>","protected":false},"featured_media":1128,"comment_status":"closed","ping_status":"closed","template":"","meta":{"_et_pb_use_builder":"","_et_pb_old_content":"","_et_gb_content_width":""},"product_brand":[],"product_cat":[36],"product_tag":[34,38],"class_list":{"0":"post-1014","1":"product","2":"type-product","3":"status-publish","4":"has-post-thumbnail","6":"product_cat-welded-clevis-type-cylinder","7":"product_tag-hydraulic-cylinder","8":"product_tag-welded-clevis-type-cylinder","10":"first","11":"instock","12":"product-type-simple"},"_links":{"self":[{"href":"https:\/\/fmp-components.com\/pl\/wp-json\/wp\/v2\/product\/1014","targetHints":{"allow":["GET"]}}],"collection":[{"href":"https:\/\/fmp-components.com\/pl\/wp-json\/wp\/v2\/product"}],"about":[{"href":"https:\/\/fmp-components.com\/pl\/wp-json\/wp\/v2\/types\/product"}],"replies":[{"embeddable":true,"href":"https:\/\/fmp-components.com\/pl\/wp-json\/wp\/v2\/comments?post=1014"}],"wp:featuredmedia":[{"embeddable":true,"href":"https:\/\/fmp-components.com\/pl\/wp-json\/wp\/v2\/media\/1128"}],"wp:attachment":[{"href":"https:\/\/fmp-components.com\/pl\/wp-json\/wp\/v2\/media?parent=1014"}],"wp:term":[{"taxonomy":"product_brand","embeddable":true,"href":"https:\/\/fmp-components.com\/pl\/wp-json\/wp\/v2\/product_brand?post=1014"},{"taxonomy":"product_cat","embeddable":true,"href":"https:\/\/fmp-components.com\/pl\/wp-json\/wp\/v2\/product_cat?post=1014"},{"taxonomy":"product_tag","embeddable":true,"href":"https:\/\/fmp-components.com\/pl\/wp-json\/wp\/v2\/product_tag?post=1014"}],"curies":[{"name":"wp","href":"https:\/\/api.w.org\/{rel}","templated":true}]}}