{"id":838,"date":"2024-12-18T08:38:14","date_gmt":"2024-12-18T08:38:14","guid":{"rendered":"https:\/\/fmp-components.com\/?page_id=8"},"modified":"2025-03-07T08:50:50","modified_gmt":"2025-03-07T08:50:50","slug":"electric-motors","status":"publish","type":"page","link":"https:\/\/fmp-components.com\/pl\/electric-motors\/","title":{"rendered":"Silniki elektryczne"},"content":{"rendered":"<p>[et_pb_section fb_built=&#8221;1&#8243; _builder_version=&#8221;4.27.4&#8243; _module_preset=&#8221;default&#8221; use_background_color_gradient=&#8221;on&#8221; background_color_gradient_stops=&#8221;rgba(8,40,9,0.19) 0%|rgba(8,40,9,0.33) 100%&#8221; background_color_gradient_overlays_image=&#8221;on&#8221; background_image=&#8221;https:\/\/fmp-components.com\/wp-content\/uploads\/2024\/12\/Electric-Motor-Banner.webp&#8221; min_height=&#8221;637px&#8221; global_colors_info=&#8221;{}&#8221;][et_pb_row _builder_version=&#8221;4.27.4&#8243; _module_preset=&#8221;default&#8221; custom_padding=&#8221;81px|||||&#8221; global_colors_info=&#8221;{}&#8221;][et_pb_column type=&#8221;4_4&#8243; _builder_version=&#8221;4.27.4&#8243; _module_preset=&#8221;default&#8221; global_colors_info=&#8221;{}&#8221;][et_pb_text _builder_version=&#8221;4.27.4&#8243; _module_preset=&#8221;default&#8221; header_font=&#8221;Frank Ruhl Libre|500|||||||&#8221; header_text_align=&#8221;center&#8221; header_text_color=&#8221;#FFFFFF&#8221; header_font_size=&#8221;65px&#8221; header_text_shadow_style=&#8221;preset1&#8243; global_colors_info=&#8221;{}&#8221;]<\/p>\n<h1>Silnik elektryczny<\/h1>\n<p>[\/et_pb_text][\/et_pb_column][\/et_pb_row][et_pb_row _builder_version=&#8221;4.27.4&#8243; _module_preset=&#8221;default&#8221; global_colors_info=&#8221;{}&#8221;][et_pb_column type=&#8221;4_4&#8243; _builder_version=&#8221;4.27.4&#8243; _module_preset=&#8221;default&#8221; global_colors_info=&#8221;{}&#8221;][et_pb_text _builder_version=&#8221;4.27.4&#8243; _module_preset=&#8221;default&#8221; text_text_color=&#8221;#FFFFFF&#8221; text_font_size=&#8221;16px&#8221; text_line_height=&#8221;1.8em&#8221; text_text_shadow_style=&#8221;preset4&#8243; global_colors_info=&#8221;{}&#8221;]<\/p>\n<p>Silnik elektryczny to wszechstronne urz\u0105dzenie, kt\u00f3re przetwarza energi\u0119 elektryczn\u0105 w energi\u0119 mechaniczn\u0105, zasilaj\u0105c szerok\u0105 gam\u0119 urz\u0105dze\u0144, od urz\u0105dze\u0144 gospodarstwa domowego po maszyny przemys\u0142owe. Silniki te znane s\u0105 ze swojej wydajno\u015bci, niezawodno\u015bci i \u0142atwo\u015bci obs\u0142ugi, co czyni je niezb\u0119dnymi komponentami w r\u00f3\u017cnych sektorach.<\/p>\n<p>W FMP oferujemy szeroki wyb\u00f3r silnik\u00f3w elektrycznych, w tym silniki pr\u0105du przemiennego (AC), pr\u0105du sta\u0142ego (DC) i krokowe, dostosowane do Pa\u0144stwa indywidualnych potrzeb. Przyjmujemy r\u00f3wnie\u017c zam\u00f3wienia niestandardowe, aby zapewni\u0107 Pa\u0144stwu idealny silnik do Pa\u0144stwa zastosowa\u0144. Niezale\u017cnie od tego, czy potrzebuj\u0105 Pa\u0144stwo modeli standardowych, czy rozwi\u0105za\u0144 specjalistycznych, FMP jest do Pa\u0144stwa dyspozycji, aby dostarczy\u0107 wysokiej jako\u015bci silniki elektryczne, kt\u00f3re spe\u0142ni\u0105 Pa\u0144stwa oczekiwania.<\/p>\n<p>[\/et_pb_text][\/et_pb_column][\/et_pb_row][\/et_pb_section][et_pb_section fb_built=&#8221;1&#8243; _builder_version=&#8221;4.27.4&#8243; _module_preset=&#8221;default&#8221; global_colors_info=&#8221;{}&#8221;][et_pb_row _builder_version=&#8221;4.27.4&#8243; _module_preset=&#8221;default&#8221; global_colors_info=&#8221;{}&#8221;][et_pb_column type=&#8221;4_4&#8243; _builder_version=&#8221;4.27.4&#8243; _module_preset=&#8221;default&#8221; global_colors_info=&#8221;{}&#8221;][et_pb_text _builder_version=&#8221;4.27.4&#8243; _module_preset=&#8221;default&#8221; header_2_font=&#8221;Frank Ruhl Libre||||||||&#8221; header_2_text_align=&#8221;center&#8221; header_2_font_size=&#8221;40px&#8221; hover_enabled=&#8221;0&#8243; global_colors_info=&#8221;{}&#8221; sticky_enabled=&#8221;0&#8243;]<\/p>\n<h2>Silnik elektryczny<\/h2>\n<p>[\/et_pb_text][\/et_pb_column][\/et_pb_row][et_pb_row column_structure=&#8221;1_3,1_3,1_3&#8243; _builder_version=&#8221;4.27.4&#8243; _module_preset=&#8221;default&#8221; global_colors_info=&#8221;{}&#8221;][et_pb_column type=&#8221;1_3&#8243; _builder_version=&#8221;4.27.4&#8243; _module_preset=&#8221;default&#8221; global_colors_info=&#8221;{}&#8221;][et_pb_image src=&#8221;https:\/\/fmp-components.com\/wp-content\/uploads\/2024\/12\/DC-Direct-Current-Motors.webp&#8221; alt=&#8221;DC (Direct Current) Motors&#8221; title_text=&#8221;DC (Direct Current) Motors&#8221; _builder_version=&#8221;4.27.4&#8243; _module_preset=&#8221;default&#8221; global_colors_info=&#8221;{}&#8221;][\/et_pb_image][et_pb_toggle title=&#8221;DC (Direct Current) Motors&#8221; _builder_version=&#8221;4.27.4&#8243; _module_preset=&#8221;default&#8221; global_colors_info=&#8221;{}&#8221;]<\/p>\n<ul>\n<li><a href=\"https:\/\/fmp-components.com\/pl\/product\/italy-supplier-mini-dc-motor-tgp01d-a130-plastic-gearbox-plus-a130\/\">Miniaturowy silnik pr\u0105du sta\u0142ego TGP01D-A130 z plastikow\u0105 przek\u0142adni\u0105 Plus A130d<\/a><\/li>\n<li><a href=\"https:\/\/fmp-components.com\/pl\/product\/plastic-gearbox-mini-geared-motor-tgp01s-a130\/\">Miniaturowy silnik przek\u0142adniowy z plastikow\u0105 skrzyni\u0105 bieg\u00f3w TGP01S-A130<\/a><\/li>\n<li><a href=\"https:\/\/fmp-components.com\/pl\/product\/plastic-gearbox-motor-tgp02d-a130-for-toy-robot-remote-control-toy-cars\/\">Plastikowy silnik przek\u0142adniowy TGP02D-A130 do zdalnie sterowanych samochod\u00f3w zabawkowych<\/a><\/li>\n<li><a href=\"https:\/\/fmp-components.com\/pl\/product\/low-noise-basic-dc-toy-motor-for-toy-car-tgp02s-a130\/\">Podstawowy silnik pr\u0105du sta\u0142ego o niskim poziomie ha\u0142asu do zabawek samochodowych TGP02S-A130<\/a><\/li>\n<li><a href=\"https:\/\/fmp-components.com\/pl\/product\/zy-jb-dc-gear-motor-series\/\">Seria silnik\u00f3w przek\u0142adniowych DC ZY\/JB<\/a><\/li>\n<li><a href=\"https:\/\/fmp-components.com\/pl\/product\/yyyn-jb-gear-reducer-single-three-phase-motor-series\/\">Seria silnik\u00f3w przek\u0142adniowych YY(YN)\/JB<\/a><\/li>\n<\/ul>\n<p>[\/et_pb_toggle][\/et_pb_column][et_pb_column type=&#8221;1_3&#8243; _builder_version=&#8221;4.27.4&#8243; _module_preset=&#8221;default&#8221; global_colors_info=&#8221;{}&#8221;][et_pb_image src=&#8221;https:\/\/fmp-components.com\/wp-content\/uploads\/2024\/12\/Asynchronous-Motors.webp&#8221; alt=&#8221;Asynchronous Motors&#8221; title_text=&#8221;Asynchronous Motors&#8221; _builder_version=&#8221;4.27.4&#8243; _module_preset=&#8221;default&#8221; global_colors_info=&#8221;{}&#8221;][\/et_pb_image][et_pb_toggle title=&#8221;AC Motors-Asynchronous Motors&#8221; _builder_version=&#8221;4.27.4&#8243; _module_preset=&#8221;default&#8221; global_colors_info=&#8221;{}&#8221;]<\/p>\n<ul>\n<li><a href=\"https:\/\/fmp-components.com\/pl\/product\/y-series-high-efficiency-three-phase-asynchronous-electric-motor\/\">Tr\u00f3jfazowy asynchroniczny silnik elektryczny serii Y<\/a><\/li>\n<li><a href=\"https:\/\/fmp-components.com\/pl\/product\/y2-series-cast-iron-housing-three-phase-asynchronous-electric-motor\/\">Tr\u00f3jfazowy asynchroniczny silnik elektryczny serii Y2<\/a><\/li>\n<li><a href=\"https:\/\/fmp-components.com\/pl\/product\/y3-series-low-voltage-high-power-three-phase-asynchronous-electric-motor\/\">Silnik asynchroniczny tr\u00f3jfazowy serii Y3<\/a><\/li>\n<li><a href=\"https:\/\/fmp-components.com\/pl\/product\/ys-series-electric-motor\/\">Silnik asynchroniczny tr\u00f3jfazowy ma\u0142ej mocy serii YS<\/a><\/li>\n<li><a href=\"https:\/\/fmp-components.com\/pl\/product\/nema-standard-premium-efficiency-three-phase-induction-electric-motor\/\">Silniki indukcyjne tr\u00f3jfazowe o wysokiej sprawno\u015bci zgodne z norm\u0105 NEMA<\/a><\/li>\n<li><a href=\"https:\/\/fmp-components.com\/pl\/product\/yd-series-pole-changing-multi-speed-three-phase-asynchronous-electric-motor\/\">Silnik elektryczny tr\u00f3jfazowy asynchroniczny z wieloma pr\u0119dko\u015bciami i zmienn\u0105 biegunowo\u015bci\u0105 serii YD<\/a><\/li>\n<li><a href=\"https:\/\/fmp-components.com\/pl\/product\/ydt-series-three-phase-consequent-poles-asynchronous-motor-for-fan-and-pump\/\">Silnik asynchroniczny tr\u00f3jfazowy z wieloma pr\u0119dko\u015bciami i zmienn\u0105 biegunowo\u015bci\u0105 serii YDT do wentylator\u00f3w i pomp<\/a><\/li>\n<li><a href=\"https:\/\/fmp-components.com\/pl\/product\/yej-series-electromagnetic-braking-three-phase-asynchronous-motor\/\">Silnik asynchroniczny tr\u00f3jfazowy z hamulcem elektromagnetycznym serii YEJ<\/a><\/li>\n<li><a href=\"https:\/\/fmp-components.com\/pl\/product\/yvf2-series-frequency-variable-speed-regulation-three-phase-asynchronous-motor\/\">Silnik asynchroniczny tr\u00f3jfazowy z regulacj\u0105 cz\u0119stotliwo\u015bci i pr\u0119dko\u015bci serii YVF2<\/a><\/li>\n<li><a href=\"https:\/\/fmp-components.com\/pl\/product\/yb2-series-explosion-proof-three-phase-asynchronous-motor\/\">Silnik asynchroniczny tr\u00f3jfazowy przeciwwybuchowy serii YB<\/a><\/li>\n<li><a href=\"https:\/\/fmp-components.com\/pl\/product\/yc-series-heavy-duty-capacitors-start-single-phase-induction-motor\/\">Silniki indukcyjne asynchroniczne jednofazowe serii YC YL<\/a><\/li>\n<\/ul>\n<p>[\/et_pb_toggle][\/et_pb_column][et_pb_column type=&#8221;1_3&#8243; _builder_version=&#8221;4.27.4&#8243; _module_preset=&#8221;default&#8221; global_colors_info=&#8221;{}&#8221;][et_pb_image src=&#8221;https:\/\/fmp-components.com\/wp-content\/uploads\/2024\/12\/Brake-Motors.webp&#8221; alt=&#8221;Brake Motors&#8221; title_text=&#8221;Brake Motors&#8221; _builder_version=&#8221;4.27.4&#8243; _module_preset=&#8221;default&#8221; global_colors_info=&#8221;{}&#8221;][\/et_pb_image][et_pb_toggle title=&#8221;Brake Motors&#8221; _builder_version=&#8221;4.27.4&#8243; _module_preset=&#8221;default&#8221; global_colors_info=&#8221;{}&#8221;]<\/p>\n<ul>\n<li><a href=\"https:\/\/fmp-components.com\/pl\/product\/yej-series-electromagnetic-braking-three-phase-asynchronous-motor\/\">Silnik asynchroniczny tr\u00f3jfazowy z hamulcem elektromagnetycznym serii YEJ<\/a><\/li>\n<li><a href=\"https:\/\/fmp-components.com\/pl\/product\/yej2-series-electromagnetic-braking-three-phase-asynchronous-motor\/\">Silnik asynchroniczny tr\u00f3jfazowy z hamulcem elektromagnetycznym serii YEJ2<\/a><\/li>\n<li><a href=\"https:\/\/fmp-components.com\/pl\/product\/yeja-series-ac-electromagnetic-brake-three-phase-asynchronous-motor\/\">Silnik asynchroniczny pr\u0105du przemiennego tr\u00f3jfazowy z hamulcem elektromagnetycznym serii YEJA<\/a><\/li>\n<\/ul>\n<p>[\/et_pb_toggle][\/et_pb_column][\/et_pb_row][et_pb_row column_structure=&#8221;1_3,1_3,1_3&#8243; _builder_version=&#8221;4.27.4&#8243; _module_preset=&#8221;default&#8221; global_colors_info=&#8221;{}&#8221;][et_pb_column type=&#8221;1_3&#8243; _builder_version=&#8221;4.27.4&#8243; _module_preset=&#8221;default&#8221; global_colors_info=&#8221;{}&#8221;][et_pb_image src=&#8221;https:\/\/fmp-components.com\/wp-content\/uploads\/2024\/12\/Stainless-Steel-Motors.webp&#8221; alt=&#8221;Stainless Steel Motors&#8221; title_text=&#8221;Stainless Steel Motors&#8221; _builder_version=&#8221;4.27.4&#8243; _module_preset=&#8221;default&#8221; global_colors_info=&#8221;{}&#8221;][\/et_pb_image][et_pb_toggle title=&#8221;Stainless Steel Motors&#8221; _builder_version=&#8221;4.27.4&#8243; _module_preset=&#8221;default&#8221; global_colors_info=&#8221;{}&#8221;]<\/p>\n<ul>\n<li><a href=\"https:\/\/fmp-components.com\/pl\/product\/nema-stainless-steel-stepper-motor-with-double-capacitor\/\">Silnik krokowy NEMA ze stali nierdzewnej z podw\u00f3jnym kondensatorem<\/a><\/li>\n<li><a href=\"https:\/\/fmp-components.com\/pl\/product\/tefc-stainless-steel-nema-washdown-electric-motor\/\">Silnik elektryczny TEFC ze stali nierdzewnej NEMA do mycia<\/a><\/li>\n<li><a href=\"https:\/\/fmp-components.com\/pl\/product\/tenv-stainless-steel-washdown-nema-motor-with-single-capacitor\/\">Silnik NEMA TENV ze stali nierdzewnej do mycia w zmywarce z pojedynczym kondensatorem<\/a><\/li>\n<li><a href=\"https:\/\/fmp-components.com\/pl\/product\/tefc-nema-stainless-steel-motor\/\">Silnik ze stali nierdzewnej TEFC NEMA<\/a><\/li>\n<li><a href=\"https:\/\/fmp-components.com\/pl\/product\/ip67-waterproof-nema-stainless-steel-motor-tenv\/\">Silnik ze stali nierdzewnej NEMA TENV, wodoodporny IP67<\/a><\/li>\n<li><a href=\"https:\/\/fmp-components.com\/pl\/product\/b5-flange-mounted-stainless-steel-motor-tefc-for-food-machinery\/\">Silnik ze stali nierdzewnej B5 z ko\u0142nierzem monta\u017cowym \u2013 TEFC do maszyn spo\u017cywczych<\/a><\/li>\n<li><a href=\"https:\/\/fmp-components.com\/pl\/product\/b14-face-mounted-stainless-steel-motor-tefc\/\">Silnik B14 ze stali nierdzewnej montowany na powierzchni czo\u0142owej TEFC<\/a><\/li>\n<li><a href=\"https:\/\/fmp-components.com\/pl\/product\/iec-stainless-steel-motor-b3-foot-mounted-tefc\/\">Silnik ze stali nierdzewnej IEC B3 montowany na stopie TEFC<\/a><\/li>\n<li><a href=\"https:\/\/fmp-components.com\/pl\/product\/iec-motor-b5t-flange-mounted-stainless-steel-motor-tenv-replacement-of-sew-motor\/\">Silnik IEC B5T ze stali nierdzewnej z ko\u0142nierzem monta\u017cowym, zamiennik silnika SEW TENV<\/a><\/li>\n<li><a href=\"https:\/\/fmp-components.com\/pl\/product\/iec-b5-flange-mounted-stainless-steel-motor-tenv\/\">Silnik ze stali nierdzewnej z ko\u0142nierzem IEC B5 - TENV<\/a><\/li>\n<li><a href=\"https:\/\/fmp-components.com\/pl\/product\/iec-b14-face-mounted-stainless-steel-motor-tenv\/\">Silnik ze stali nierdzewnej montowany czo\u0142owo IEC B14 - TENV<\/a><\/li>\n<li><a href=\"https:\/\/fmp-components.com\/pl\/product\/iec-stainless-steel-motor-b3-foot-mounted-tenv\/\">Silnik ze stali nierdzewnej IEC B3 montowany na stopie-TENV<\/a><\/li>\n<\/ul>\n<p>[\/et_pb_toggle][\/et_pb_column][et_pb_column type=&#8221;1_3&#8243; _builder_version=&#8221;4.27.4&#8243; _module_preset=&#8221;default&#8221; global_colors_info=&#8221;{}&#8221;][et_pb_image src=&#8221;https:\/\/fmp-components.com\/wp-content\/uploads\/2024\/12\/Spindle-Motors.webp&#8221; alt=&#8221;Spindle Motors&#8221; title_text=&#8221;Spindle Motors&#8221; _builder_version=&#8221;4.27.4&#8243; _module_preset=&#8221;default&#8221; global_colors_info=&#8221;{}&#8221;][\/et_pb_image][et_pb_toggle title=&#8221;Spindle Motors&#8221; _builder_version=&#8221;4.27.4&#8243; _module_preset=&#8221;default&#8221; global_colors_info=&#8221;{}&#8221;]<\/p>\n<ul>\n<li><a href=\"https:\/\/fmp-components.com\/pl\/product\/pneumatic-unclamp-cylinder\/\">Si\u0142ownik odblokowuj\u0105cy pneumatyczny<\/a><\/li>\n<li><a href=\"https:\/\/fmp-components.com\/pl\/product\/electrical-spindle-for-special-usage\/\">Wrzeciono elektryczne do zastosowa\u0144 specjalnych<\/a><\/li>\n<li><a href=\"https:\/\/fmp-components.com\/pl\/product\/spindle-motor-used-for-lathe-jszd150t-jszd110j\/\">Silnik wrzeciona u\u017cywany do tokarki JSZD150T JSZD110J<\/a><\/li>\n<li><a href=\"https:\/\/fmp-components.com\/pl\/product\/spindle-motor-used-for-lathe-jszd150h\/\">Silnik wrzeciona u\u017cywany do tokarki JSZD280<\/a><\/li>\n<li><a href=\"https:\/\/fmp-components.com\/pl\/product\/spindle-motor-used-for-lathe-jszd150h\/\">Silnik wrzeciona u\u017cywany do tokarki JSZD150H<\/a><\/li>\n<li><a href=\"https:\/\/fmp-components.com\/pl\/product\/spindle-motor-used-for-cnc-spindle-jszd320\/\">Silnik wrzeciona u\u017cywany do wrzeciona CNC JSZD320<\/a><\/li>\n<li><a href=\"https:\/\/fmp-components.com\/pl\/product\/spindle-motor-used-for-cnc-spindle-jszd240\/\">Silnik wrzeciona u\u017cywany do wrzeciona CNC JSZD240<\/a><\/li>\n<li><a href=\"https:\/\/fmp-components.com\/pl\/product\/spindle-motor-used-for-cnc-spindle-jszd280a\/\">Silnik wrzeciona u\u017cywany do wrzeciona CNC JSZD280A<\/a><\/li>\n<li><a href=\"https:\/\/fmp-components.com\/pl\/product\/spindle-motor-used-for-cnc-spindle-jszd220\/\">Silnik wrzeciona u\u017cywany do wrzeciona CNC JSZD220<\/a><\/li>\n<li><a href=\"https:\/\/fmp-components.com\/pl\/product\/spindle-motor-used-for-cnc-spindle-jszd202\/\">Silnik wrzeciona u\u017cywany do wrzeciona CNC JSZD202<\/a><\/li>\n<li><a href=\"https:\/\/fmp-components.com\/pl\/product\/spindle-motor-used-for-cnc-spindle-jszd170c\/\">Silnik wrzeciona u\u017cywany do wrzeciona CNC JSZD170C<\/a><\/li>\n<li><a href=\"https:\/\/fmp-components.com\/pl\/product\/spindle-motor-used-for-cnc-spindle-jszd150c\/\">Silnik wrzeciona u\u017cywany do wrzeciona CNC JSZD150C<\/a><\/li>\n<li><a href=\"https:\/\/fmp-components.com\/pl\/product\/spindle-motor-used-for-grinding-spindle\/\">Silnik wrzeciona u\u017cywany do wrzeciona szlifierskiego<\/a><\/li>\n<li><a href=\"https:\/\/fmp-components.com\/pl\/product\/spindle-motor-used-for-engraving-and-milling\/\">Silnik wrzeciona u\u017cywany do grawerowania i frezowania<\/a><\/li>\n<\/ul>\n<p>[\/et_pb_toggle][\/et_pb_column][et_pb_column type=&#8221;1_3&#8243; _builder_version=&#8221;4.27.4&#8243; _module_preset=&#8221;default&#8221; global_colors_info=&#8221;{}&#8221;][et_pb_image src=&#8221;https:\/\/fmp-components.com\/wp-content\/uploads\/2024\/12\/Explosion-Proof-Motor.webp&#8221; alt=&#8221;Explosion Proof Motor&#8221; title_text=&#8221;Explosion Proof Motor&#8221; _builder_version=&#8221;4.27.4&#8243; _module_preset=&#8221;default&#8221; global_colors_info=&#8221;{}&#8221;][\/et_pb_image][et_pb_toggle title=&#8221;Explosion Proof Motor&#8221; _builder_version=&#8221;4.27.4&#8243; _module_preset=&#8221;default&#8221; global_colors_info=&#8221;{}&#8221;]<\/p>\n<ul>\n<li><a href=\"https:\/\/fmp-components.com\/pl\/product\/yb2-series-explosion-proof-three-phase-asynchronous-motor\/\">Silnik asynchroniczny tr\u00f3jfazowy przeciwwybuchowy serii YB2<\/a><\/li>\n<li><a href=\"https:\/\/fmp-components.com\/pl\/product\/yb3-series-explosion-proof-three-phase-induction-motor\/\">Silnik indukcyjny tr\u00f3jfazowy przeciwwybuchowy serii YB3<\/a><\/li>\n<li><a href=\"https:\/\/fmp-components.com\/pl\/product\/ybx3-series-explosion-proof-three-phase-asynchronous-motor\/\">Silnik asynchroniczny tr\u00f3jfazowy przeciwwybuchowy serii YBX3<\/a><\/li>\n<li><a href=\"https:\/\/fmp-components.com\/pl\/product\/ybx4-series-explosion-proof-three-phase-asynchronous-motor\/\">Silnik asynchroniczny tr\u00f3jfazowy przeciwwybuchowy serii YBX4<\/a><\/li>\n<li><a href=\"https:\/\/fmp-components.com\/pl\/product\/ybbp-series-explosion-proof-variable-frequency-adjustable-speed-three-phase-asynchronous-motor\/\">Silnik asynchroniczny tr\u00f3jfazowy z regulacj\u0105 pr\u0119dko\u015bci i cz\u0119stotliwo\u015bci\u0105 z serii YBBP, przeciwwybuchowy<\/a><\/li>\n<\/ul>\n<p>[\/et_pb_toggle][\/et_pb_column][\/et_pb_row][\/et_pb_section]<\/p>","protected":false},"excerpt":{"rendered":"<p>Electric MotorAn electric motor is a versatile device that converts electrical energy into mechanical energy, powering a wide range of applications from household appliances to industrial machinery. These motors are known for their efficiency, reliability, and ease of use, making them essential components in various sectors. At FMP, we offer a diverse selection of electric [&hellip;]<\/p>","protected":false},"author":2,"featured_media":0,"parent":0,"menu_order":0,"comment_status":"closed","ping_status":"closed","template":"","meta":{"_et_pb_use_builder":"on","_et_pb_old_content":"","_et_gb_content_width":"","footnotes":""},"class_list":["post-838","page","type-page","status-publish","hentry"],"_links":{"self":[{"href":"https:\/\/fmp-components.com\/pl\/wp-json\/wp\/v2\/pages\/838","targetHints":{"allow":["GET"]}}],"collection":[{"href":"https:\/\/fmp-components.com\/pl\/wp-json\/wp\/v2\/pages"}],"about":[{"href":"https:\/\/fmp-components.com\/pl\/wp-json\/wp\/v2\/types\/page"}],"author":[{"embeddable":true,"href":"https:\/\/fmp-components.com\/pl\/wp-json\/wp\/v2\/users\/2"}],"replies":[{"embeddable":true,"href":"https:\/\/fmp-components.com\/pl\/wp-json\/wp\/v2\/comments?post=838"}],"version-history":[{"count":20,"href":"https:\/\/fmp-components.com\/pl\/wp-json\/wp\/v2\/pages\/838\/revisions"}],"predecessor-version":[{"id":6328,"href":"https:\/\/fmp-components.com\/pl\/wp-json\/wp\/v2\/pages\/838\/revisions\/6328"}],"wp:attachment":[{"href":"https:\/\/fmp-components.com\/pl\/wp-json\/wp\/v2\/media?parent=838"}],"curies":[{"name":"wp","href":"https:\/\/api.w.org\/{rel}","templated":true}]}}