{"id":7847,"date":"2025-04-08T08:44:24","date_gmt":"2025-04-08T08:44:24","guid":{"rendered":"https:\/\/fmp-components.com\/?page_id=7847"},"modified":"2025-04-09T05:38:24","modified_gmt":"2025-04-09T05:38:24","slug":"ring-and-pinion-gears","status":"publish","type":"page","link":"https:\/\/fmp-components.com\/pl\/ring-and-pinion-gears\/","title":{"rendered":"Ko\u0142a z\u0119bate pier\u015bcieniowe i z\u0119bate"},"content":{"rendered":"<p>[et_pb_section fb_built=&#8221;1&#8243; _builder_version=&#8221;4.27.4&#8243; _module_preset=&#8221;default&#8221; use_background_color_gradient=&#8221;on&#8221; background_color_gradient_stops=&#8221;rgba(0,0,0,0.27) 0%|rgba(0,0,0,0.41) 100%&#8221; background_color_gradient_overlays_image=&#8221;on&#8221; background_image=&#8221;https:\/\/fmp-components.com\/wp-content\/uploads\/2025\/04\/ring-and-pinion-gears-banner-2.webp&#8221; min_height=&#8221;381px&#8221; global_colors_info=&#8221;{}&#8221;][et_pb_row _builder_version=&#8221;4.27.4&#8243; _module_preset=&#8221;default&#8221; global_colors_info=&#8221;{}&#8221;][et_pb_column type=&#8221;4_4&#8243; _builder_version=&#8221;4.27.4&#8243; _module_preset=&#8221;default&#8221; global_colors_info=&#8221;{}&#8221;][et_pb_text _builder_version=&#8221;4.27.4&#8243; _module_preset=&#8221;default&#8221; header_font=&#8221;Frank Ruhl Libre||||||||&#8221; header_text_align=&#8221;center&#8221; header_text_color=&#8221;#FFFFFF&#8221; header_font_size=&#8221;70px&#8221; header_text_shadow_style=&#8221;preset1&#8243; global_colors_info=&#8221;{}&#8221;]<\/p>\n<h1 style=\"text-align: center;\">Przek\u0142adnie pier\u015bcieniowe i z\u0119bate<\/h1>\n<p>[\/et_pb_text][et_pb_text _builder_version=\u201d4.27.4\u2033 _module_preset=\u201ddomy\u015blny\u201d text_font=\u201dFrank Ruhl Libre|600|||||||\u201d text_text_color=\u201d#FFFFFF\u201d text_font_size=\u201d18px\u201d text_line_height=\u201d1.8em\u201d text_orientation=\u201d\u015brodek\u201d global_colors_info=\u201d{}\u201d]<\/p>\n<p>Je\u017celi poszukiwany przez Ciebie produkt nie znajduje si\u0119 na li\u015bcie, nie wahaj si\u0119 i otrzymaj bezp\u0142atn\u0105 wycen\u0119!<\/p>\n<p>[\/et_pb_text][\/et_pb_column][\/et_pb_row][\/et_pb_section][et_pb_section fb_built=\u201d1\u2033 _builder_version=\u201d4.27.4\u2033 _module_preset=\u201ddomy\u015blny\u201d global_colors_info=\u201d{}\u201d][et_pb_row _builder_version=\u201d4.27.4\u2033 _module_preset=\u201ddomy\u015blny\u201d global_colors_info=\u201d{}\u201d][et_pb_column type=\u201d4_4\u2033 _builder_version=\u201d4.27.4\u2033 _module_preset=\u201ddomy\u015blny\u201d global_colors_info=\u201d{}\u201d][et_pb_text _builder_version=\u201d4.27.4\u2033 _module_preset=\u201ddomy\u015blny\u201d header_2_font=\u201dFrank Ruhl Wolny||||||||\u201d header_2_font_size=\u201d40px\u201d global_colors_info=\u201d{}\u201d]<\/p>\n<h2 style=\"text-align: center;\">Najlepsze ko\u0142a z\u0119bate pier\u015bcieniowe i z\u0119bate<\/h2>\n<p>[\/et_pb_text][et_pb_shop type=&#8221;product_category&#8221; show_pagination=&#8221;on&#8221; include_categories=&#8221;115&#8243; _builder_version=&#8221;4.27.4&#8243; _module_preset=&#8221;default&#8221; title_font=&#8221;Frank Ruhl Libre||||||||&#8221; title_text_align=&#8221;center&#8221; title_font_size=&#8221;17px&#8221; global_colors_info=&#8221;{}&#8221;][\/et_pb_shop][\/et_pb_column][\/et_pb_row][et_pb_row _builder_version=&#8221;4.27.4&#8243; _module_preset=&#8221;default&#8221;][et_pb_column _builder_version=&#8221;4.27.4&#8243; _module_preset=&#8221;default&#8221; type=&#8221;4_4&#8243;][et_pb_divider _builder_version=&#8221;4.27.4&#8243; _module_preset=&#8221;default&#8221; color=&#8221;#E09900&#8243; hover_enabled=&#8221;0&#8243; sticky_enabled=&#8221;0&#8243;][\/et_pb_divider][\/et_pb_column][\/et_pb_row][et_pb_row _builder_version=&#8221;4.27.4&#8243; _module_preset=&#8221;default&#8221; column_structure=&#8221;1_2,1_2&#8243;][et_pb_column _builder_version=&#8221;4.27.4&#8243; _module_preset=&#8221;default&#8221; type=&#8221;1_2&#8243;][et_pb_image src=&#8221;https:\/\/fmp-components.com\/wp-content\/uploads\/2025\/04\/Ring_Pinion_2.gif&#8221; _builder_version=&#8221;4.27.4&#8243; _module_preset=&#8221;default&#8221; alt=&#8221;Ring_Pinion&#8221; title_text=&#8221;Ring_Pinion_2&#8243; hover_enabled=&#8221;0&#8243; sticky_enabled=&#8221;0&#8243;][\/et_pb_image][\/et_pb_column][et_pb_column _builder_version=&#8221;4.27.4&#8243; _module_preset=&#8221;default&#8221; type=&#8221;1_2&#8243;][et_pb_text _builder_version=&#8221;4.27.4&#8243; _module_preset=&#8221;default&#8221; header_3_font=&#8221;Frank Ruhl Libre||||||||&#8221; header_3_font_size=&#8221;30px&#8221; text_font_size=&#8221;16px&#8221; text_line_height=&#8221;1.8em&#8221; hover_enabled=&#8221;0&#8243; sticky_enabled=&#8221;0&#8243;]<\/p>\n<div>\n<h3 dir=\"auto\" class=\"\">Dlaczego warto wybra\u0107 przek\u0142adnie pier\u015bcieniowe i z\u0119bate<\/h3>\n<p dir=\"auto\" class=\"break-words\">Przek\u0142adnie pier\u015bcieniowe i z\u0119bate to niezb\u0119dne elementy uk\u0142adu nap\u0119dowego pojazdu, efektywnie przenosz\u0105ce moment obrotowy z silnika na ko\u0142a poprzez przekierowywanie mocy pod k\u0105tem 90 stopni przez mechanizm r\u00f3\u017cnicowy. Spo\u015br\u00f3d r\u00f3\u017cnych dost\u0119pnych metod, przek\u0142adnie hipoidalne pier\u015bcieniowe i z\u0119bate wyr\u00f3\u017cniaj\u0105 si\u0119 jako preferowany wyb\u00f3r w bran\u017cy motoryzacyjnej ze wzgl\u0119du na swoj\u0105 wy\u017csz\u0105 wytrzyma\u0142o\u015b\u0107, cichsz\u0105 prac\u0119 i mo\u017cliwo\u015b\u0107 obs\u0142ugi wy\u017cszych prze\u0142o\u017ce\u0144. W FMP szczycimy si\u0119 tym, \u017ce jeste\u015bmy najlepszym producentem i dostawc\u0105 przek\u0142adni pier\u015bcieniowych i z\u0119batych, dostarczaj\u0105c przek\u0142adnie pier\u015bcieniowe i z\u0119bate dostosowane do indywidualnych potrzeb. Niezale\u017cnie od tego, czy zale\u017cy Ci na osi\u0105gach na drodze, wytrzyma\u0142o\u015bci w terenie, czy precyzji gotowej do jazdy na torze, zestawy przek\u0142adni FMP gwarantuj\u0105 niezr\u00f3wnan\u0105 niezawodno\u015b\u0107 i wydajno\u015b\u0107.<\/p>\n<\/div>\n<p>[\/et_pb_text][\/et_pb_column][\/et_pb_row][et_pb_row _builder_version=&#8221;4.27.4&#8243; _module_preset=&#8221;default&#8221; column_structure=&#8221;1_2,1_2&#8243;][et_pb_column _builder_version=&#8221;4.27.4&#8243; _module_preset=&#8221;default&#8221; type=&#8221;1_2&#8243;][et_pb_text _builder_version=&#8221;4.27.4&#8243; _module_preset=&#8221;default&#8221; text_font_size=&#8221;16px&#8221; text_line_height=&#8221;1.8em&#8221; header_3_font=&#8221;Frank Ruhl Libre||||||||&#8221; header_3_font_size=&#8221;30px&#8221; hover_enabled=&#8221;0&#8243; sticky_enabled=&#8221;0&#8243;]<\/p>\n<div>\n<h3 dir=\"auto\" class=\"\">Najwy\u017csza jako\u015b\u0107 od FMP<\/h3>\n<p dir=\"auto\" class=\"break-words\">Wydajno\u015b\u0107 przek\u0142adni pier\u015bcieniowych i z\u0119batych w du\u017cej mierze zale\u017cy od ich konstrukcji, materia\u0142\u00f3w i precyzji wykonania \u2013 obszar\u00f3w, w kt\u00f3rych FMP przoduje jako lider w bran\u017cy. Nasze niestandardowe przek\u0142adnie pier\u015bcieniowe i z\u0119bate s\u0105 projektowane z wykorzystaniem najnowocze\u015bniejszych technologii i spe\u0142niaj\u0105 najwy\u017csze standardy, w tym certyfikaty TS16949, ISO9001 i ISO14001. Oferuj\u0105c szeroki zakres prze\u0142o\u017ce\u0144 i tolerancji, FMP dostarcza najlepsze przek\u0142adnie pier\u015bcieniowe i z\u0119bate do zastosowa\u0144 od holowania ci\u0119\u017ckich pojazd\u00f3w po wy\u015bcigi z du\u017c\u0105 pr\u0119dko\u015bci\u0105. Dzi\u0119ki zaawansowanym procesom obr\u00f3bki cieplnej i rygorystycznym testom jako\u015bci, nasze zestawy przek\u0142adni zapewniaj\u0105 wyj\u0105tkow\u0105 trwa\u0142o\u015b\u0107 i przenoszenie mocy, co czyni FMP najlepszym wyborem dla producent\u00f3w i entuzjast\u00f3w w Stanach Zjednoczonych, Meksyku i Kanadzie.<\/p>\n<\/div>\n<p>[\/et_pb_text][\/et_pb_column][et_pb_column _builder_version=&#8221;4.27.4&#8243; _module_preset=&#8221;default&#8221; type=&#8221;1_2&#8243;][et_pb_image src=&#8221;https:\/\/fmp-components.com\/wp-content\/uploads\/2025\/04\/ring-and-pinion-gears-manufacturer.webp&#8221; _builder_version=&#8221;4.27.4&#8243; _module_preset=&#8221;default&#8221; alt=&#8221;ring-and-pinion-gears-manufacturer&#8221; title_text=&#8221;ring-and-pinion-gears-manufacturer&#8221; hover_enabled=&#8221;0&#8243; sticky_enabled=&#8221;0&#8243;][\/et_pb_image][\/et_pb_column][\/et_pb_row][\/et_pb_section][et_pb_section fb_built=&#8221;1&#8243; _builder_version=&#8221;4.27.4&#8243; _module_preset=&#8221;default&#8221; use_background_color_gradient=&#8221;on&#8221; background_color_gradient_stops=&#8221;rgba(0,0,0,0.37) 0%|rgba(0,0,0,0.26) 100%&#8221; background_color_gradient_overlays_image=&#8221;on&#8221; background_image=&#8221;https:\/\/fmp-components.com\/wp-content\/uploads\/2025\/04\/ring-and-pinion-gears-foot-1.webp&#8221; min_height=&#8221;386px&#8221; global_colors_info=&#8221;{}&#8221;][et_pb_row _builder_version=&#8221;4.27.4&#8243; _module_preset=&#8221;default&#8221; background_color=&#8221;#FFFFFF&#8221; custom_margin=&#8221;0px||0px||false|false&#8221; custom_padding=&#8221;20px|20px|20px|20px|false|false&#8221; box_shadow_style=&#8221;preset1&#8243; global_colors_info=&#8221;{}&#8221;][et_pb_column type=&#8221;4_4&#8243; _builder_version=&#8221;4.27.4&#8243; _module_preset=&#8221;default&#8221; global_colors_info=&#8221;{}&#8221;][et_pb_text _builder_version=&#8221;4.27.4&#8243; _module_preset=&#8221;default&#8221; header_font=&#8221;Frank Ruhl Libre||||||||&#8221; header_font_size=&#8221;40px&#8221; header_2_font=&#8221;Frank Ruhl Libre||||||||&#8221; header_2_font_size=&#8221;40px&#8221; global_colors_info=&#8221;{}&#8221;]<\/p>\n<h2 style=\"text-align: center;\">Niestandardowe ko\u0142a z\u0119bate pier\u015bcieniowe i z\u0119bate<\/h2>\n<p>[\/et_pb_text][et_pb_text _builder_version=&#8221;4.27.4&#8243; _module_preset=&#8221;default&#8221; text_text_color=&#8221;#000000&#8243; text_font_size=&#8221;16px&#8221; text_line_height=&#8221;1.8em&#8221; global_colors_info=&#8221;{}&#8221;]<\/p>\n<p>W FMP specjalizujemy si\u0119 w wytwarzaniu wysokiej jako\u015bci, niestandardowych k\u00f3\u0142 z\u0119batych, zaprojektowanych z my\u015bl\u0105 o maksymalizacji wydajno\u015bci uk\u0142adu nap\u0119dowego, niezale\u017cnie od tego, czy jeste\u015b w Mediolanie, Wenecji, Florencji, Bolonii, czy gdziekolwiek indziej we W\u0142oszech. Jako wiod\u0105cy producent, oferujemy szerok\u0105 gam\u0119 k\u00f3\u0142 z\u0119batych o r\u00f3\u017cnych prze\u0142o\u017ceniach, \u015brednicach i liczbie wypust\u00f3w, pasuj\u0105cych do ka\u017cdego pojazdu. Nasza oferta premium dor\u00f3wnuje takim gigantom bran\u017cy, jak Yukon Gear &amp; Axle, Strange Engineering i Richmond Gear, zapewniaj\u0105c wyj\u0105tkow\u0105 trwa\u0142o\u015b\u0107 i precyzj\u0119 dzi\u0119ki zaawansowanym technikom projektowania i obr\u00f3bki cieplnej.<\/p>\n<p style=\"text-align: center;\">Z dum\u0105 oferujemy w pe\u0142ni spersonalizowane rozwi\u0105zania dopasowane do Twoich konkretnych potrzeb. Je\u015bli nie widzisz interesuj\u0105cego Ci\u0119 modelu na naszej li\u015bcie produkt\u00f3w \u2013 nie martw si\u0119. To po prostu oznacza, \u017ce \u200b\u200bnie mieli\u015bmy jeszcze okazji go doda\u0107! Wy\u015blij nam e-mail ze swoimi wymaganiami, a nasi do\u015bwiadczeni in\u017cynierowie odpowiedz\u0105 w ci\u0105gu 24 godzin, przedstawiaj\u0105c spersonalizowane rozwi\u0105zanie. FMP to Tw\u00f3j zaufany partner w zakresie najwy\u017cszej klasy przek\u0142adni z\u0119batych pier\u015bcieniowych i z\u0119batych we W\u0142oszech. Skontaktuj si\u0119 z nami ju\u017c dzi\u015b, a Tw\u00f3j projekt ruszy!<\/p>\n<p>[\/et_pb_text][\/et_pb_column][\/et_pb_row][\/et_pb_section]<\/p>","protected":false},"excerpt":{"rendered":"<p>Ring and Pinion GearsIf the product you need is not listed, go ahead and get a free quote!Best Ring and Pinion Gears Why Choose Ring and Pinion Gears Ring and pinion gears are essential components in a vehicle\u2019s drivetrain, efficiently transferring torque from the engine to the wheels by redirecting power 90 degrees through the [&hellip;]<\/p>","protected":false},"author":2,"featured_media":0,"parent":0,"menu_order":0,"comment_status":"closed","ping_status":"closed","template":"","meta":{"_et_pb_use_builder":"on","_et_pb_old_content":"","_et_gb_content_width":"","footnotes":""},"class_list":["post-7847","page","type-page","status-publish","hentry"],"_links":{"self":[{"href":"https:\/\/fmp-components.com\/pl\/wp-json\/wp\/v2\/pages\/7847","targetHints":{"allow":["GET"]}}],"collection":[{"href":"https:\/\/fmp-components.com\/pl\/wp-json\/wp\/v2\/pages"}],"about":[{"href":"https:\/\/fmp-components.com\/pl\/wp-json\/wp\/v2\/types\/page"}],"author":[{"embeddable":true,"href":"https:\/\/fmp-components.com\/pl\/wp-json\/wp\/v2\/users\/2"}],"replies":[{"embeddable":true,"href":"https:\/\/fmp-components.com\/pl\/wp-json\/wp\/v2\/comments?post=7847"}],"version-history":[{"count":12,"href":"https:\/\/fmp-components.com\/pl\/wp-json\/wp\/v2\/pages\/7847\/revisions"}],"predecessor-version":[{"id":7900,"href":"https:\/\/fmp-components.com\/pl\/wp-json\/wp\/v2\/pages\/7847\/revisions\/7900"}],"wp:attachment":[{"href":"https:\/\/fmp-components.com\/pl\/wp-json\/wp\/v2\/media?parent=7847"}],"curies":[{"name":"wp","href":"https:\/\/api.w.org\/{rel}","templated":true}]}}