{"id":7581,"date":"2025-03-31T05:23:31","date_gmt":"2025-03-31T05:23:31","guid":{"rendered":"https:\/\/fmp-components.com\/?page_id=7581"},"modified":"2025-04-02T01:46:51","modified_gmt":"2025-04-02T01:46:51","slug":"industrial-engineering-hydraulic-cylinders-2","status":"publish","type":"page","link":"https:\/\/fmp-components.com\/pl\/industrial-engineering-hydraulic-cylinders-2\/","title":{"rendered":"In\u017cynieria przemys\u0142owa Cylindry hydrauliczne"},"content":{"rendered":"<p>[et_pb_section fb_built=&#8221;1&#8243; theme_builder_area=&#8221;post_content&#8221; _builder_version=&#8221;4.27.4&#8243; _module_preset=&#8221;default&#8221; alt=&#8221;Industrial-Engineering-Hydraulic-Cylinders&#8221; title_text=&#8221;Industrial-Engineering-Hydraulic-Cylinders-1&#8243; background_image=&#8221;https:\/\/fmp-components.com\/wp-content\/uploads\/2025\/04\/Industrial-Engineering-Hydraulic-Cylinders-1-1.webp&#8221; hover_enabled=&#8221;0&#8243; sticky_enabled=&#8221;0&#8243; custom_padding=&#8221;||146px|||&#8221;][et_pb_row _builder_version=&#8221;4.27.4&#8243; _module_preset=&#8221;default&#8221; theme_builder_area=&#8221;post_content&#8221; custom_margin=&#8221;50px||||false|false&#8221; hover_enabled=&#8221;0&#8243; sticky_enabled=&#8221;0&#8243;][et_pb_column _builder_version=&#8221;4.27.4&#8243; _module_preset=&#8221;default&#8221; type=&#8221;4_4&#8243; theme_builder_area=&#8221;post_content&#8221;][et_pb_text _builder_version=&#8221;4.27.4&#8243; _module_preset=&#8221;default&#8221; theme_builder_area=&#8221;post_content&#8221; header_font=&#8221;Frank Ruhl Libre||||||||&#8221; header_font_size=&#8221;60px&#8221; header_text_color=&#8221;#FFFFFF&#8221; header_text_shadow_style=&#8221;preset1&#8243; hover_enabled=&#8221;0&#8243; sticky_enabled=&#8221;0&#8243;]<\/p>\n<h1 style=\"text-align: center;\">In\u017cynieria przemys\u0142owa Cylindry hydrauliczne<\/h1>\n<p>[\/et_pb_text][\/et_pb_column][\/et_pb_row][\/et_pb_section][et_pb_section fb_built=&#8221;1&#8243; theme_builder_area=&#8221;post_content&#8221; _builder_version=&#8221;4.27.4&#8243; _module_preset=&#8221;default&#8221; custom_padding=&#8221;||9px|||&#8221;][et_pb_row _builder_version=&#8221;4.27.4&#8243; _module_preset=&#8221;default&#8221; theme_builder_area=&#8221;post_content&#8221;][et_pb_column _builder_version=&#8221;4.27.4&#8243; _module_preset=&#8221;default&#8221; type=&#8221;4_4&#8243; theme_builder_area=&#8221;post_content&#8221;][et_pb_text _builder_version=&#8221;4.27.4&#8243; _module_preset=&#8221;default&#8221; theme_builder_area=&#8221;post_content&#8221; header_2_font=&#8221;Frank Ruhl Libre||||||||&#8221; header_2_font_size=&#8221;30px&#8221; hover_enabled=&#8221;0&#8243; sticky_enabled=&#8221;0&#8243;]<\/p>\n<h2 style=\"text-align: center;\">Rodzaje cylindr\u00f3w hydraulicznych do in\u017cynierii przemys\u0142owej<\/h2>\n<p>[\/et_pb_text][et_pb_shop _builder_version=&#8221;4.27.4&#8243; _module_preset=&#8221;default&#8221; theme_builder_area=&#8221;post_content&#8221; show_pagination=&#8221;on&#8221; hover_enabled=&#8221;0&#8243; sticky_enabled=&#8221;0&#8243;][\/et_pb_shop][\/et_pb_column][\/et_pb_row][\/et_pb_section][et_pb_section fb_built=&#8221;1&#8243; theme_builder_area=&#8221;post_content&#8221; _builder_version=&#8221;4.27.4&#8243; _module_preset=&#8221;default&#8221;][et_pb_row _builder_version=&#8221;4.27.4&#8243; _module_preset=&#8221;default&#8221; column_structure=&#8221;1_2,1_2&#8243; theme_builder_area=&#8221;post_content&#8221; width=&#8221;100%&#8221; max_width=&#8221;1250px&#8221; hover_enabled=&#8221;0&#8243; sticky_enabled=&#8221;0&#8243;][et_pb_column _builder_version=&#8221;4.27.4&#8243; _module_preset=&#8221;default&#8221; type=&#8221;1_2&#8243; theme_builder_area=&#8221;post_content&#8221;][et_pb_image src=&#8221;https:\/\/fmp-components.com\/wp-content\/uploads\/2025\/04\/Industrial-Engineering-Hydraulic-Cylinders-Factory-2.webp&#8221; _builder_version=&#8221;4.27.4&#8243; _module_preset=&#8221;default&#8221; theme_builder_area=&#8221;post_content&#8221; alt=&#8221;Industrial-Engineering-Hydraulic-Cylinders-Factory&#8221; title_text=&#8221;Industrial-Engineering-Hydraulic-Cylinders-Factory-2&#8243; hover_enabled=&#8221;0&#8243; sticky_enabled=&#8221;0&#8243;][\/et_pb_image][\/et_pb_column][et_pb_column _builder_version=&#8221;4.27.4&#8243; _module_preset=&#8221;default&#8221; type=&#8221;1_2&#8243; theme_builder_area=&#8221;post_content&#8221;][et_pb_text _builder_version=&#8221;4.27.4&#8243; _module_preset=&#8221;default&#8221; theme_builder_area=&#8221;post_content&#8221; header_2_font=&#8221;Frank Ruhl Libre||||||||&#8221; text_font_size=&#8221;16px&#8221; text_line_height=&#8221;1.8em&#8221; hover_enabled=&#8221;0&#8243; sticky_enabled=&#8221;0&#8243;]<\/p>\n<h2>Wysokowydajne si\u0142owniki hydrauliczne dla w\u0142oskiego sektora in\u017cynierii przemys\u0142owej<\/h2>\n<p>Firma FMP specjalizuje si\u0119 w produkcji najwy\u017cszej jako\u015bci cylindr\u00f3w hydraulicznych zaprojektowanych tak, aby sprosta\u0107 rygorystycznym wymaganiom zastosowa\u0144 przemys\u0142owych. Od centr\u00f3w produkcyjnych Mediolanu po przemys\u0142 morski Wenecji, nasza zr\u00f3\u017cnicowana gama produkt\u00f3w obejmuje\u00a0<em>spawane cylindry hydrauliczne<\/em>,\u00a0<em>zintegrowane cylindry zaworowe<\/em>,\u00a0<em>inteligentne cylindry z czujnikiem po\u0142o\u017cenia<\/em>, I\u00a0<em>modele wysokiego ci\u015bnienia<\/em>\u00a0zaprojektowane do ekstremalnych warunk\u00f3w. Niezale\u017cnie od tego, czy Twoje operacje dotycz\u0105 sektora in\u017cynierii precyzyjnej we Florencji, czy te\u017c bran\u017cy opartej na automatyzacji w Bolonii, dostarczamy rozwi\u0105zania Purpose-Built\u2122 z certyfikowan\u0105 jako\u015bci\u0105 ISO 9001:2015. Dostosowanie jest naszym sednem \u2014 nasi in\u017cynierowie wsp\u00f3\u0142pracuj\u0105 z integratorami, producentami OEM i sprzedawcami w ca\u0142ych W\u0142oszech, aby opracowywa\u0107 dostosowane systemy hydrauliczne, w tym testowanie prototyp\u00f3w i specjalistyczne certyfikaty (ABS, ANSI). Je\u015bli wymaganego modelu nie ma na li\u015bcie, napisz do nas bezpo\u015brednio. Nasz zesp\u00f3\u0142 odpowie w ci\u0105gu 24 godzin, aby potwierdzi\u0107 wykonalno\u015b\u0107, zapewniaj\u0105c, \u017ce \u017caden projekt w dynamicznym krajobrazie przemys\u0142owym W\u0142och nie b\u0119dzie mia\u0142 op\u00f3\u017anie\u0144.<\/p>\n<p>[\/et_pb_text][\/et_pb_column][\/et_pb_row][et_pb_row _builder_version=&#8221;4.27.4&#8243; _module_preset=&#8221;default&#8221; column_structure=&#8221;1_2,1_2&#8243; theme_builder_area=&#8221;post_content&#8221; width=&#8221;100%&#8221; max_width=&#8221;1250px&#8221; hover_enabled=&#8221;0&#8243; sticky_enabled=&#8221;0&#8243;][et_pb_column _builder_version=&#8221;4.27.4&#8243; _module_preset=&#8221;default&#8221; type=&#8221;1_2&#8243; theme_builder_area=&#8221;post_content&#8221;][et_pb_text _builder_version=&#8221;4.27.4&#8243; _module_preset=&#8221;default&#8221; theme_builder_area=&#8221;post_content&#8221; header_2_font=&#8221;Frank Ruhl Libre||||||||&#8221; text_font_size=&#8221;16px&#8221; text_line_height=&#8221;1.8em&#8221; hover_enabled=&#8221;0&#8243; sticky_enabled=&#8221;0&#8243; custom_padding=&#8221;47px|||||&#8221;]<\/p>\n<h2>Niezawodne rozwi\u0105zania hydrauliczne, lokalne wsparcie<\/h2>\n<p>W FMP \u0142\u0105czymy ameryka\u0144sk\u0105 doskona\u0142o\u015b\u0107 in\u017cynieryjn\u0105 z lokalnym wsparciem dla kluczowych region\u00f3w W\u0142och. Nasze cylindry do pracy w m\u0142ynach i teleskopowe uk\u0142ady hydrauliczne ciesz\u0105 si\u0119 zaufaniem w stalowniach Mediolanu i maszynach portowych Wenecji, oferuj\u0105c niezr\u00f3wnan\u0105 trwa\u0142o\u015b\u0107 i niskie koszty utrzymania. Dla firm z sektora produkcji rzemie\u015blniczej we Florencji lub sektora sprz\u0119tu rolniczego w Bolonii nasza wewn\u0119trzna kontrola nad projektowaniem i produkcj\u0105 gwarantuje szybkie czasy realizacji. Jako certyfikowany partner dla integrator\u00f3w i sprzedawc\u00f3w zapewniamy elastyczno\u015b\u0107 w zakresie zapas\u00f3w i wiedz\u0119 techniczn\u0105, aby rozszerzy\u0107 zasi\u0119g rynkowy. Przegl\u0105daj nasz katalog lub popro\u015b o wycen\u0119 ju\u017c dzi\u015b \u2014 a je\u015bli Twojego idealnego cylindra nie ma na li\u015bcie, skontaktuj si\u0119 z nami przez e-mail.<\/p>\n<p>[\/et_pb_text][\/et_pb_column][et_pb_column _builder_version=&#8221;4.27.4&#8243; _module_preset=&#8221;default&#8221; type=&#8221;1_2&#8243; theme_builder_area=&#8221;post_content&#8221;][et_pb_image src=&#8221;https:\/\/fmp-components.com\/wp-content\/uploads\/2025\/04\/Industrial-Engineering-Hydraulic-Cylinders-Factory-1.webp&#8221; _builder_version=&#8221;4.27.4&#8243; _module_preset=&#8221;default&#8221; theme_builder_area=&#8221;post_content&#8221; alt=&#8221;Industrial-Engineering-Hydraulic-Cylinders-Factory&#8221; title_text=&#8221;Industrial-Engineering-Hydraulic-Cylinders-Factory-1&#8243; hover_enabled=&#8221;0&#8243; sticky_enabled=&#8221;0&#8243;][\/et_pb_image][\/et_pb_column][\/et_pb_row][\/et_pb_section]<\/p>","protected":false},"excerpt":{"rendered":"<p>Industrial Engineering Hydraulic CylindersTypes of Industrial Engineering Hydraulic CylindersHigh-Performance Hydraulic Cylinders for Italy\u2019s Industrial Engineering Sector FMP Company specializes in manufacturing premium hydraulic cylinders engineered to meet the rigorous demands of industrial applications. From\u00a0Milan\u2019s manufacturing hubs\u00a0to\u00a0Venice\u2019s marine industries, our diverse product range includes\u00a0welded hydraulic cylinders,\u00a0integrated valve cylinders,\u00a0position-sensing smart cylinders, and\u00a0high-pressure models\u00a0designed for extreme environments. Whether [&hellip;]<\/p>","protected":false},"author":2,"featured_media":0,"parent":0,"menu_order":0,"comment_status":"closed","ping_status":"closed","template":"","meta":{"_et_pb_use_builder":"on","_et_pb_old_content":"","_et_gb_content_width":"","footnotes":""},"class_list":["post-7581","page","type-page","status-publish","hentry"],"_links":{"self":[{"href":"https:\/\/fmp-components.com\/pl\/wp-json\/wp\/v2\/pages\/7581","targetHints":{"allow":["GET"]}}],"collection":[{"href":"https:\/\/fmp-components.com\/pl\/wp-json\/wp\/v2\/pages"}],"about":[{"href":"https:\/\/fmp-components.com\/pl\/wp-json\/wp\/v2\/types\/page"}],"author":[{"embeddable":true,"href":"https:\/\/fmp-components.com\/pl\/wp-json\/wp\/v2\/users\/2"}],"replies":[{"embeddable":true,"href":"https:\/\/fmp-components.com\/pl\/wp-json\/wp\/v2\/comments?post=7581"}],"version-history":[{"count":8,"href":"https:\/\/fmp-components.com\/pl\/wp-json\/wp\/v2\/pages\/7581\/revisions"}],"predecessor-version":[{"id":7611,"href":"https:\/\/fmp-components.com\/pl\/wp-json\/wp\/v2\/pages\/7581\/revisions\/7611"}],"wp:attachment":[{"href":"https:\/\/fmp-components.com\/pl\/wp-json\/wp\/v2\/media?parent=7581"}],"curies":[{"name":"wp","href":"https:\/\/api.w.org\/{rel}","templated":true}]}}