{"id":7540,"date":"2025-03-28T05:36:23","date_gmt":"2025-03-28T05:36:23","guid":{"rendered":"https:\/\/fmp-components.com\/?page_id=7540"},"modified":"2025-03-28T07:40:12","modified_gmt":"2025-03-28T07:40:12","slug":"construction-machinery-hydraulic-cylinders-2","status":"publish","type":"page","link":"https:\/\/fmp-components.com\/pl\/construction-machinery-hydraulic-cylinders-2\/","title":{"rendered":"Cylindry hydrauliczne do maszyn budowlanych"},"content":{"rendered":"<p>[et_pb_section fb_built=&#8221;1&#8243; theme_builder_area=&#8221;post_content&#8221; _builder_version=&#8221;4.27.4&#8243; _module_preset=&#8221;default&#8221; alt=&#8221;Construction-Machinery-Hydraulic-Cylinders-Banner&#8221; title_text=&#8221;Construction-Machinery-Hydraulic-Cylinders-Banner-1&#8243; background_image=&#8221;https:\/\/fmp-components.com\/wp-content\/uploads\/2025\/03\/Construction-Machinery-Hydraulic-Cylinders-Banner-1.webp&#8221; hover_enabled=&#8221;0&#8243; sticky_enabled=&#8221;0&#8243; min_height=&#8221;356px&#8221;][et_pb_row _builder_version=&#8221;4.27.4&#8243; _module_preset=&#8221;default&#8221; theme_builder_area=&#8221;post_content&#8221;][et_pb_column _builder_version=&#8221;4.27.4&#8243; _module_preset=&#8221;default&#8221; type=&#8221;4_4&#8243; theme_builder_area=&#8221;post_content&#8221;][et_pb_text _builder_version=&#8221;4.27.4&#8243; _module_preset=&#8221;default&#8221; theme_builder_area=&#8221;post_content&#8221; header_font=&#8221;Frank Ruhl Libre||||||||&#8221; header_font_size=&#8221;60px&#8221; header_text_color=&#8221;#FFFFFF&#8221; header_text_shadow_style=&#8221;preset1&#8243; hover_enabled=&#8221;0&#8243; sticky_enabled=&#8221;0&#8243;]<\/p>\n<h1 style=\"text-align: center;\">Cylindry hydrauliczne do maszyn budowlanych<\/h1>\n<p>[\/et_pb_text][et_pb_text _builder_version=&#8221;4.27.4&#8243; _module_preset=&#8221;default&#8221; theme_builder_area=&#8221;post_content&#8221; text_text_color=&#8221;#FFFFFF&#8221; text_font_size=&#8221;16px&#8221; text_line_height=&#8221;1.8em&#8221; hover_enabled=&#8221;0&#8243; sticky_enabled=&#8221;0&#8243;]<\/p>\n<p style=\"text-align: center;\">W firmie FMP specjalizujemy si\u0119 w produkcji szerokiej gamy cylindr\u00f3w hydraulicznych do maszyn budowlanych, zaprojektowanych z my\u015bl\u0105 o zr\u00f3\u017cnicowanych potrzebach bran\u017cowych. Opr\u00f3cz bogatej oferty produkt\u00f3w, oferujemy r\u00f3wnie\u017c rozwi\u0105zania dostosowane do indywidualnych potrzeb. Je\u015bli nie znajdziesz interesuj\u0105cego Ci\u0119 modelu na naszej li\u015bcie produkt\u00f3w, oznacza to po prostu, \u017ce nie mieli\u015bmy jeszcze czasu na jej aktualizacj\u0119. Skontaktuj si\u0119 z nami mailowo, podaj\u0105c szczeg\u00f3\u0142owe informacje o interesuj\u0105cym Ci\u0119 modelu. Nasi in\u017cynierowie odpowiedz\u0105 w ci\u0105gu 24 godzin, aby Ci pom\u00f3c.<\/p>\n<p>[\/et_pb_text][\/et_pb_column][\/et_pb_row][\/et_pb_section][et_pb_section fb_built=&#8221;1&#8243; theme_builder_area=&#8221;post_content&#8221; _builder_version=&#8221;4.27.4&#8243; _module_preset=&#8221;default&#8221; custom_padding=&#8221;||1px|||&#8221;][et_pb_row _builder_version=&#8221;4.27.4&#8243; _module_preset=&#8221;default&#8221; theme_builder_area=&#8221;post_content&#8221;][et_pb_column _builder_version=&#8221;4.27.4&#8243; _module_preset=&#8221;default&#8221; type=&#8221;4_4&#8243; theme_builder_area=&#8221;post_content&#8221;][et_pb_text _builder_version=&#8221;4.27.4&#8243; _module_preset=&#8221;default&#8221; theme_builder_area=&#8221;post_content&#8221; header_2_font=&#8221;Frank Ruhl Libre||||||||&#8221; header_2_font_size=&#8221;30px&#8221; hover_enabled=&#8221;0&#8243; sticky_enabled=&#8221;0&#8243;]<\/p>\n<h2 style=\"text-align: center;\">Rodzaje cylindr\u00f3w hydraulicznych do maszyn budowlanych<\/h2>\n<p>[\/et_pb_text][et_pb_shop _builder_version=&#8221;4.27.4&#8243; _module_preset=&#8221;default&#8221; theme_builder_area=&#8221;post_content&#8221; type=&#8221;product_category&#8221; include_categories=&#8221;24&#8243; columns_number=&#8221;3&#8243; hover_enabled=&#8221;0&#8243; sticky_enabled=&#8221;0&#8243;][\/et_pb_shop][\/et_pb_column][\/et_pb_row][\/et_pb_section][et_pb_section fb_built=&#8221;1&#8243; theme_builder_area=&#8221;post_content&#8221; _builder_version=&#8221;4.27.4&#8243; _module_preset=&#8221;default&#8221; custom_padding=&#8221;20px|||||&#8221;][et_pb_row _builder_version=&#8221;4.27.4&#8243; _module_preset=&#8221;default&#8221; theme_builder_area=&#8221;post_content&#8221;][et_pb_column _builder_version=&#8221;4.27.4&#8243; _module_preset=&#8221;default&#8221; type=&#8221;4_4&#8243; theme_builder_area=&#8221;post_content&#8221;][et_pb_text _builder_version=&#8221;4.27.4&#8243; _module_preset=&#8221;default&#8221; theme_builder_area=&#8221;post_content&#8221; header_2_font=&#8221;Frank Ruhl Libre||||||||&#8221; header_2_font_size=&#8221;30px&#8221; hover_enabled=&#8221;0&#8243; sticky_enabled=&#8221;0&#8243;]<\/p>\n<h2 style=\"text-align: center;\">Rola cylindr\u00f3w hydraulicznych w maszynach budowlanych<\/h2>\n<p>[\/et_pb_text][\/et_pb_column][\/et_pb_row][et_pb_row _builder_version=&#8221;4.27.4&#8243; _module_preset=&#8221;default&#8221; column_structure=&#8221;1_2,1_2&#8243; theme_builder_area=&#8221;post_content&#8221; use_custom_gutter=&#8221;on&#8221; gutter_width=&#8221;2&#8243; hover_enabled=&#8221;0&#8243; sticky_enabled=&#8221;0&#8243;][et_pb_column _builder_version=&#8221;4.27.4&#8243; _module_preset=&#8221;default&#8221; type=&#8221;1_2&#8243; theme_builder_area=&#8221;post_content&#8221;][et_pb_text _builder_version=&#8221;4.27.4&#8243; _module_preset=&#8221;default&#8221; theme_builder_area=&#8221;post_content&#8221; hover_enabled=&#8221;0&#8243; sticky_enabled=&#8221;0&#8243; header_3_font=&#8221;Frank Ruhl Libre||||||||&#8221; text_font_size=&#8221;15px&#8221;]<\/p>\n<div>\n<h3>Superbohaterowie budownictwa:<\/h3>\n<p>Cylindry hydrauliczne s\u0105 czym\u015b w rodzaju tajnych superbohater\u00f3w maszyn budowlanych.<br \/>Zapewniaj\u0105 ogromn\u0105 moc i precyzyjn\u0105 kontrol\u0119 podczas trudnych prac na ruchliwych placach budowy w ca\u0142ych W\u0142oszech, od Mediolanu po Wenecj\u0119.<\/p>\n<h3>Jak dzia\u0142aj\u0105:<\/h3>\n<p>Te wa\u017cne cz\u0119\u015bci zamieniaj\u0105 energi\u0119 hydrauliczn\u0105 na ruch prostoliniowy.<br \/>Pomagaj\u0105 maszynom takim jak koparki, koparko-\u0142adowarki i wywrotki podnosi\u0107 ci\u0119\u017ckie materia\u0142y, przepycha\u0107 ziemi\u0119 i kopa\u0107 szybko i \u0142atwo.<\/p>\n<h3>Przyk\u0142ady w akcji:<\/h3>\n<p>W koparkach hydrauliczne cylindry poruszaj\u0105 d\u0142ugim ramieniem i \u0142y\u017ck\u0105, aby wykopa\u0107 dok\u0142adne otwory pod fundamenty budynk\u00f3w w starych dzielnicach Florencji lub w pobli\u017cu kana\u0142\u00f3w Wenecji.<br \/>W buldo\u017cerach na terenach fabrycznych Bolonii przesuwa si\u0119 du\u017cy lemiesz, aby wyr\u00f3wna\u0107 lub oczy\u015bci\u0107 teren.<br \/>Specjalne teleskopowe cylindry w wywrotkach pozwalaj\u0105 na bardzo szybki roz\u0142adunek ci\u0119\u017ckich materia\u0142\u00f3w.<\/p>\n<\/div>\n<p>[\/et_pb_text][\/et_pb_column][et_pb_column _builder_version=&#8221;4.27.4&#8243; _module_preset=&#8221;default&#8221; type=&#8221;1_2&#8243; theme_builder_area=&#8221;post_content&#8221;][et_pb_image src=&#8221;https:\/\/fmp-components.com\/wp-content\/uploads\/2025\/03\/Construction-Machinery-Hydraulic-Cylinders-6.webp&#8221; _builder_version=&#8221;4.27.4&#8243; _module_preset=&#8221;default&#8221; theme_builder_area=&#8221;post_content&#8221; alt=&#8221;Construction-Machinery-Hydraulic-Cylinders&#8221; title_text=&#8221;Construction-Machinery-Hydraulic-Cylinders-6&#8243; hover_enabled=&#8221;0&#8243; sticky_enabled=&#8221;0&#8243;][\/et_pb_image][\/et_pb_column][\/et_pb_row][et_pb_row _builder_version=&#8221;4.27.4&#8243; _module_preset=&#8221;default&#8221; column_structure=&#8221;1_2,1_2&#8243; theme_builder_area=&#8221;post_content&#8221; use_custom_gutter=&#8221;on&#8221; gutter_width=&#8221;2&#8243; hover_enabled=&#8221;0&#8243; sticky_enabled=&#8221;0&#8243;][et_pb_column _builder_version=&#8221;4.27.4&#8243; _module_preset=&#8221;default&#8221; type=&#8221;1_2&#8243; theme_builder_area=&#8221;post_content&#8221;][et_pb_image src=&#8221;https:\/\/fmp-components.com\/wp-content\/uploads\/2025\/03\/Construction-Machinery-Hydraulic-Cylinders-8.webp&#8221; _builder_version=&#8221;4.27.4&#8243; _module_preset=&#8221;default&#8221; theme_builder_area=&#8221;post_content&#8221; alt=&#8221;Construction-Machinery-Hydraulic-Cylinders&#8221; title_text=&#8221;Construction-Machinery-Hydraulic-Cylinders-8&#8243; hover_enabled=&#8221;0&#8243; sticky_enabled=&#8221;0&#8243;][\/et_pb_image][\/et_pb_column][et_pb_column _builder_version=&#8221;4.27.4&#8243; _module_preset=&#8221;default&#8221; type=&#8221;1_2&#8243; theme_builder_area=&#8221;post_content&#8221;][et_pb_text _builder_version=&#8221;4.27.4&#8243; _module_preset=&#8221;default&#8221; theme_builder_area=&#8221;post_content&#8221; header_3_font=&#8221;Frank Ruhl Libre||||||||&#8221; text_font_size=&#8221;15px&#8221; hover_enabled=&#8221;0&#8243; sticky_enabled=&#8221;0&#8243;]<\/p>\n<div>\n<h3>Ulepszanie i zwi\u0119kszanie bezpiecze\u0144stwa maszyn:<\/h3>\n<p>Si\u0142owniki dwustronnego dzia\u0142ania (w \u0142adowarkach ko\u0142owych i d\u017awigach w Mediolanie) pchaj\u0105 i ci\u0105gn\u0105, zapewniaj\u0105c p\u0142ynne podnoszenie i opuszczanie.<br \/>Cylindry teleskopowe (w d\u017awigach i narz\u0119dziach ratowniczych we Florencji) s\u0105 d\u0142ugie i rozci\u0105gaj\u0105 si\u0119, umo\u017cliwiaj\u0105c prac\u0119 w ciasnych przestrzeniach miejskich.<br \/>Spawane cylindry s\u0105 niezwykle wytrzyma\u0142e i d\u0142ugo wytrzymuj\u0105 nier\u00f3wne tereny p\u00f3\u0142nocnych W\u0142och, chroni\u0105c je przed rdz\u0105 i brudem.<\/p>\n<h3>Oszcz\u0119dno\u015b\u0107 czasu:<\/h3>\n<p>Ich wytrzyma\u0142o\u015b\u0107 sprawia, \u017ce \u200b\u200bmaszyny nie psuj\u0105 si\u0119 tak cz\u0119sto.<br \/>Pomaga to terminowo ko\u0144czy\u0107 du\u017ce projekty w szybko rozwijaj\u0105cych si\u0119 miastach, takich jak Bolonia, gdzie wsz\u0119dzie powstaj\u0105 nowe drogi i budynki.<\/p>\n<h3>Podstawa budownictwa:<\/h3>\n<p>Cylindry hydrauliczne \u0142\u0105cz\u0105 w sobie moc z precyzyjn\u0105 kontrol\u0105.<br \/>S\u0105 jak mocny kr\u0119gos\u0142up nowoczesnych maszyn budowlanych.<\/p>\n<\/div>\n<p>[\/et_pb_text][\/et_pb_column][\/et_pb_row][\/et_pb_section][et_pb_section fb_built=&#8221;1&#8243; theme_builder_area=&#8221;post_content&#8221; _builder_version=&#8221;4.27.4&#8243; _module_preset=&#8221;default&#8221; alt=&#8221;Construction-Machinery-Hydraulic-Cylinders&#8221; title_text=&#8221;Construction-Machinery-Hydraulic-Cylinders&#8221; background_image=&#8221;https:\/\/fmp-components.com\/wp-content\/uploads\/2025\/03\/Construction-Machinery-Hydraulic-Cylinders-Banner.webp&#8221; hover_enabled=&#8221;0&#8243; sticky_enabled=&#8221;0&#8243; min_height=&#8221;436px&#8221; use_background_color_gradient=&#8221;on&#8221; background_color_gradient_stops=&#8221;rgba(0,0,0,0.51) 0%|rgba(0,0,0,0.29) 100%&#8221; background_color_gradient_overlays_image=&#8221;on&#8221;][et_pb_row _builder_version=&#8221;4.27.4&#8243; _module_preset=&#8221;default&#8221; theme_builder_area=&#8221;post_content&#8221; custom_padding=&#8221;88px|||||&#8221;][et_pb_column _builder_version=&#8221;4.27.4&#8243; _module_preset=&#8221;default&#8221; type=&#8221;4_4&#8243; theme_builder_area=&#8221;post_content&#8221;][et_pb_text _builder_version=&#8221;4.27.4&#8243; _module_preset=&#8221;default&#8221; theme_builder_area=&#8221;post_content&#8221; text_font_size=&#8221;18px&#8221; text_line_height=&#8221;2em&#8221; text_text_color=&#8221;#FFFFFF&#8221; text_text_shadow_style=&#8221;preset1&#8243; hover_enabled=&#8221;0&#8243; sticky_enabled=&#8221;0&#8243;]<\/p>\n<p style=\"text-align: center;\">W FMP z dum\u0105 produkujemy najwy\u017cszej jako\u015bci si\u0142owniki hydrauliczne do maszyn budowlanych, obs\u0142uguj\u0105c klient\u00f3w od Mediolanu po po\u0142udniowe W\u0142ochy. Niezale\u017cnie od tego, czy potrzebujesz mocnych si\u0142ownik\u00f3w do koparek, czy te\u017c specjalnych do ciekawych projekt\u00f3w w Wenecji, nasz zesp\u00f3\u0142 we W\u0142oszech stworzy wytrzyma\u0142e, wydajne produkty specjalnie dla Ciebie. Koncentrujemy si\u0119 na nowych pomys\u0142ach i wiedzy naszych lokalnych ekspert\u00f3w, aby mie\u0107 pewno\u015b\u0107, \u017ce nasze si\u0142owniki sprostaj\u0105 trudnym w\u0142oskim pracom budowlanym. Jeste\u015bmy gotowi pom\u00f3c zar\u00f3wno w standardowych potrzebach, jak i w projektach niestandardowych, oferuj\u0105c szybk\u0105 i niezawodn\u0105 obs\u0142ug\u0119 za ka\u017cdym razem.<\/p>\n<p>[\/et_pb_text][\/et_pb_column][\/et_pb_row][\/et_pb_section]<\/p>","protected":false},"excerpt":{"rendered":"<p>Construction Machinery Hydraulic CylindersAt FMP Company, we specialize in manufacturing a wide range of Construction Machinery Hydraulic Cylinders designed to meet diverse industry needs. In addition to our extensive product lineup, we also offer customized solutions tailored to your specific requirements. If you don\u2019t find the model you need in our product list, it simply [&hellip;]<\/p>","protected":false},"author":2,"featured_media":0,"parent":0,"menu_order":0,"comment_status":"closed","ping_status":"closed","template":"","meta":{"_et_pb_use_builder":"on","_et_pb_old_content":"","_et_gb_content_width":"","footnotes":""},"class_list":["post-7540","page","type-page","status-publish","hentry"],"_links":{"self":[{"href":"https:\/\/fmp-components.com\/pl\/wp-json\/wp\/v2\/pages\/7540","targetHints":{"allow":["GET"]}}],"collection":[{"href":"https:\/\/fmp-components.com\/pl\/wp-json\/wp\/v2\/pages"}],"about":[{"href":"https:\/\/fmp-components.com\/pl\/wp-json\/wp\/v2\/types\/page"}],"author":[{"embeddable":true,"href":"https:\/\/fmp-components.com\/pl\/wp-json\/wp\/v2\/users\/2"}],"replies":[{"embeddable":true,"href":"https:\/\/fmp-components.com\/pl\/wp-json\/wp\/v2\/comments?post=7540"}],"version-history":[{"count":13,"href":"https:\/\/fmp-components.com\/pl\/wp-json\/wp\/v2\/pages\/7540\/revisions"}],"predecessor-version":[{"id":7562,"href":"https:\/\/fmp-components.com\/pl\/wp-json\/wp\/v2\/pages\/7540\/revisions\/7562"}],"wp:attachment":[{"href":"https:\/\/fmp-components.com\/pl\/wp-json\/wp\/v2\/media?parent=7540"}],"curies":[{"name":"wp","href":"https:\/\/api.w.org\/{rel}","templated":true}]}}