{"id":7523,"date":"2025-03-27T06:35:43","date_gmt":"2025-03-27T06:35:43","guid":{"rendered":"https:\/\/fmp-components.com\/?page_id=7523"},"modified":"2025-03-27T08:31:08","modified_gmt":"2025-03-27T08:31:08","slug":"sanitation-machinery-hydraulic-cylinders-2","status":"publish","type":"page","link":"https:\/\/fmp-components.com\/pl\/sanitation-machinery-hydraulic-cylinders-2\/","title":{"rendered":"Si\u0142owniki hydrauliczne do maszyn sanitarnych"},"content":{"rendered":"<p>[et_pb_section fb_built=&#8221;1&#8243; theme_builder_area=&#8221;post_content&#8221; _builder_version=&#8221;4.27.4&#8243; _module_preset=&#8221;default&#8221; alt=&#8221;Sanitation-Machinery-Hydraulic-Cylinders-Banner&#8221; title_text=&#8221;Sanitation-Machinery-Hydraulic-Cylinders-Banner&#8221; background_image=&#8221;https:\/\/fmp-components.com\/wp-content\/uploads\/2025\/03\/Sanitation-Machinery-Hydraulic-Cylinders-Banner.webp&#8221; hover_enabled=&#8221;0&#8243; sticky_enabled=&#8221;0&#8243; min_height=&#8221;470px&#8221; use_background_color_gradient=&#8221;on&#8221; background_color_gradient_stops=&#8221;rgba(0,0,0,0.2) 0%|rgba(0,0,0,0.28) 100%&#8221; background_color_gradient_overlays_image=&#8221;on&#8221;][et_pb_row _builder_version=&#8221;4.27.4&#8243; _module_preset=&#8221;default&#8221; theme_builder_area=&#8221;post_content&#8221;][et_pb_column _builder_version=&#8221;4.27.4&#8243; _module_preset=&#8221;default&#8221; type=&#8221;4_4&#8243; theme_builder_area=&#8221;post_content&#8221;][et_pb_text _builder_version=&#8221;4.27.4&#8243; _module_preset=&#8221;default&#8221; theme_builder_area=&#8221;post_content&#8221; header_font=&#8221;Frank Ruhl Libre||||||||&#8221; header_font_size=&#8221;70px&#8221; header_text_align=&#8221;center&#8221; header_text_color=&#8221;#FFFFFF&#8221; header_text_shadow_style=&#8221;preset1&#8243; hover_enabled=&#8221;0&#8243; sticky_enabled=&#8221;0&#8243;]<\/p>\n<h1>Si\u0142owniki hydrauliczne do maszyn sanitarnych<\/h1>\n<p>[\/et_pb_text][et_pb_text _builder_version=&#8221;4.27.4&#8243; _module_preset=&#8221;default&#8221; theme_builder_area=&#8221;post_content&#8221; text_text_color=&#8221;#FFFFFF&#8221; text_font_size=&#8221;16px&#8221; text_line_height=&#8221;1.8em&#8221; hover_enabled=&#8221;0&#8243; sticky_enabled=&#8221;0&#8243; text_text_shadow_style=&#8221;preset1&#8243;]<\/p>\n<p style=\"text-align: center;\">W firmie FMP specjalizujemy si\u0119 w produkcji szerokiej gamy cylindr\u00f3w hydraulicznych do maszyn sanitarnych, zaprojektowanych z my\u015bl\u0105 o zr\u00f3\u017cnicowanych potrzebach bran\u017cowych. Opr\u00f3cz naszej standardowej oferty, oferujemy r\u00f3wnie\u017c rozwi\u0105zania dostosowane do Pa\u0144stwa indywidualnych potrzeb. Je\u015bli nie znajd\u0105 Pa\u0144stwo interesuj\u0105cego Pa\u0144stwa modelu na naszej li\u015bcie produkt\u00f3w, prawdopodobnie nie zd\u0105\u017cyli\u015bmy go jeszcze udost\u0119pni\u0107. Prosimy o kontakt mailowy z podaniem szczeg\u00f3\u0142\u00f3w interesuj\u0105cego Pa\u0144stwa modelu. Nasi in\u017cynierowie odpowiedz\u0105 w ci\u0105gu 24 godzin, aby udzieli\u0107 Pa\u0144stwu pomocy.<\/p>\n<p>[\/et_pb_text][\/et_pb_column][\/et_pb_row][\/et_pb_section][et_pb_section fb_built=\u201d1\u2033 theme_builder_area=\u201dpost_content\u201d _builder_version=\u201d4.27.4\u2033 _module_preset=\u201ddomy\u015blny\u201d][et_pb_row _builder_version=\u201d4.27.4\u2033 _module_preset=\u201ddomy\u015blny\u201d theme_builder_area=\u201dpost_content\u201d][et_pb_column _builder_version=\u201d4.27.4\u2033 _module_preset=\u201ddomy\u015blny\u201d type=\u201d4_4\u2033 theme_builder_area=\u201dpost_content\u201d][et_pb_text _builder_version=\u201d4.27.4\u2033 _module_preset=\u201ddomy\u015blny\u201d theme_builder_area=\u201dpost_content\u201d header_2_font=\u201dFrank Ruhl Libre||||||||\u201d header_2_font_size=\u201d40px\u201d hover_enabled=\u201d0\u2033 sticky_enabled=\u201d0\u2033]<\/p>\n<h2 class=\"et_pb_toggle_title\" style=\"text-align: center;\">Typy maszyn sanitarnych Si\u0142owniki hydrauliczne<\/h2>\n<p>[\/et_pb_text][\/et_pb_column][\/et_pb_row][et_pb_row _builder_version=&#8221;4.27.4&#8243; _module_preset=&#8221;default&#8221; theme_builder_area=&#8221;post_content&#8221;][et_pb_column _builder_version=&#8221;4.27.4&#8243; _module_preset=&#8221;default&#8221; type=&#8221;4_4&#8243; theme_builder_area=&#8221;post_content&#8221;][et_pb_shop _builder_version=&#8221;4.27.4&#8243; _module_preset=&#8221;default&#8221; theme_builder_area=&#8221;post_content&#8221; type=&#8221;product_category&#8221; include_categories=&#8221;23&#8243; columns_number=&#8221;3&#8243; hover_enabled=&#8221;0&#8243; sticky_enabled=&#8221;0&#8243;][\/et_pb_shop][\/et_pb_column][\/et_pb_row][\/et_pb_section][et_pb_section fb_built=&#8221;1&#8243; theme_builder_area=&#8221;post_content&#8221; _builder_version=&#8221;4.27.4&#8243; _module_preset=&#8221;default&#8221;][et_pb_row _builder_version=&#8221;4.27.4&#8243; _module_preset=&#8221;default&#8221; column_structure=&#8221;1_2,1_2&#8243; theme_builder_area=&#8221;post_content&#8221;][et_pb_column _builder_version=&#8221;4.27.4&#8243; _module_preset=&#8221;default&#8221; type=&#8221;1_2&#8243; theme_builder_area=&#8221;post_content&#8221;][et_pb_image src=&#8221;https:\/\/fmp-components.com\/wp-content\/uploads\/2025\/03\/Sanitation-Machinery-Hydraulic-Cylinders-1.webp&#8221; _builder_version=&#8221;4.27.4&#8243; _module_preset=&#8221;default&#8221; theme_builder_area=&#8221;post_content&#8221; alt=&#8221;Sanitation-Machinery-Hydraulic-Cylinders-1&#8243; title_text=&#8221;Sanitation-Machinery-Hydraulic-Cylinders-1&#8243; hover_enabled=&#8221;0&#8243; sticky_enabled=&#8221;0&#8243;][\/et_pb_image][\/et_pb_column][et_pb_column _builder_version=&#8221;4.27.4&#8243; _module_preset=&#8221;default&#8221; type=&#8221;1_2&#8243; theme_builder_area=&#8221;post_content&#8221;][et_pb_text _builder_version=&#8221;4.27.4&#8243; _module_preset=&#8221;default&#8221; theme_builder_area=&#8221;post_content&#8221; header_2_font=&#8221;Frank Ruhl Libre||||||||&#8221; header_2_font_size=&#8221;30px&#8221; hover_enabled=&#8221;0&#8243; sticky_enabled=&#8221;0&#8243;]<\/p>\n<h2>Zastosowanie si\u0142ownik\u00f3w hydraulicznych w maszynach sanitarnych<\/h2>\n<p>[\/et_pb_text][et_pb_text _builder_version=&#8221;4.27.4&#8243; _module_preset=&#8221;default&#8221; theme_builder_area=&#8221;post_content&#8221; text_font_size=&#8221;16px&#8221; text_line_height=&#8221;1.8em&#8221; hover_enabled=&#8221;0&#8243; sticky_enabled=&#8221;0&#8243;]<\/p>\n<p>Si\u0142owniki hydrauliczne odgrywaj\u0105 kluczow\u0105 rol\u0119 w maszynach sanitarnych, zapewniaj\u0105c efektywne gospodarowanie odpadami i usprawniaj\u0105c dzia\u0142alno\u015b\u0107 komunaln\u0105. W firmie FMP z siedzib\u0105 we W\u0142oszech specjalizujemy si\u0119 w produkcji wysokiej jako\u015bci si\u0142ownik\u00f3w hydraulicznych dostosowanych do zastosowa\u0144 sanitarnych, takich jak zamiatarki, \u015bmieciarki, zag\u0119szczarki do \u015bmieci i od\u015bnie\u017carki. Nasza opatentowana konstrukcja Y&amp;J oferuje wyj\u0105tkow\u0105 odporno\u015b\u0107 na korozj\u0119, dzi\u0119ki czemu idealnie sprawdza si\u0119 w trudnych warunkach pracy tych maszyn. Dzi\u0119ki opcjom jednokierunkowych i dwukierunkowych system\u00f3w buforowych, nasze si\u0142owniki zapewniaj\u0105 p\u0142ynn\u0105 i niezawodn\u0105 prac\u0119, redukuj\u0105c przestoje i zwi\u0119kszaj\u0105c trwa\u0142o\u015b\u0107 sprz\u0119tu do gospodarki odpadami. Niezale\u017cnie od tego, czy chodzi o zag\u0119szczanie \u015bmieci, czy podnoszenie ci\u0119\u017ckich \u0142adunk\u00f3w, si\u0142owniki FMP do maszyn sanitarnych s\u0105 projektowane tak, aby sprosta\u0107 rygorystycznym wymaganiom bran\u017cy.<\/p>\n<p>[\/et_pb_text][\/et_pb_column][\/et_pb_row][et_pb_row _builder_version=&#8221;4.27.4&#8243; _module_preset=&#8221;default&#8221; theme_builder_area=&#8221;post_content&#8221;][et_pb_column _builder_version=&#8221;4.27.4&#8243; _module_preset=&#8221;default&#8221; type=&#8221;4_4&#8243; theme_builder_area=&#8221;post_content&#8221;][et_pb_text _builder_version=&#8221;4.27.4&#8243; _module_preset=&#8221;default&#8221; theme_builder_area=&#8221;post_content&#8221; text_font_size=&#8221;16px&#8221; text_line_height=&#8221;1.8em&#8221; hover_enabled=&#8221;0&#8243; sticky_enabled=&#8221;0&#8243;]<\/p>\n<p>Specjalizacja FMP obejmuje szeroki zakres zastosowa\u0144 maszyn sanitarnych, od si\u0142ownik\u00f3w hydraulicznych do pras do odpad\u00f3w i stacji prze\u0142adunkowych, po jednostki zamienne do pojazd\u00f3w komunalnych, takich jak \u0142adowarki tylne i wywrotki. Nasza fabryka we W\u0142oszech wykorzystuje zaawansowane techniki produkcyjne do produkcji si\u0142ownik\u00f3w z materia\u0142\u00f3w o wysokiej wytrzyma\u0142o\u015bci, takich jak rury CDS, co gwarantuje trwa\u0142o\u015b\u0107 i doskona\u0142\u0105 wydajno\u015b\u0107 nawet w ekstremalnych warunkach. Si\u0142owniki te, w tym konstrukcje teleskopowe dwustronnego dzia\u0142ania, rozwi\u0105zuj\u0105 typowe problemy, takie jak ha\u0142as, pe\u0142zanie i rozszerzalno\u015b\u0107 rur, a jednocze\u015bnie przechodz\u0105 rygorystyczne 96-godzinne testy w neutralnej mgle solnej (klasa NSS 9) w celu zwi\u0119kszenia odporno\u015bci na korozj\u0119. Koncentruj\u0105c si\u0119 na innowacjach i personalizacji, FMP oferuje ekonomiczne i \u0142atwe w utrzymaniu rozwi\u0105zania, kt\u00f3re umo\u017cliwiaj\u0105 naszym klientom efektywn\u0105 optymalizacj\u0119 flot urz\u0105dze\u0144 sanitarnych i system\u00f3w gospodarki odpadami.<\/p>\n<p>[\/et_pb_text][\/et_pb_column][\/et_pb_row][\/et_pb_section][et_pb_section fb_built=&#8221;1&#8243; theme_builder_area=&#8221;post_content&#8221; _builder_version=&#8221;4.27.4&#8243; _module_preset=&#8221;default&#8221; alt=&#8221;Sanitation-Machinery-Hydraulic-Cylinders&#8221; title_text=&#8221;Sanitation-Machinery-Hydraulic-Cylinders&#8221; background_image=&#8221;https:\/\/fmp-components.com\/wp-content\/uploads\/2025\/03\/Generated-Image-March-27-2025-4_22PM.webp&#8221; hover_enabled=&#8221;0&#8243; sticky_enabled=&#8221;0&#8243; min_height=&#8221;453px&#8221;][et_pb_row _builder_version=&#8221;4.27.4&#8243; _module_preset=&#8221;default&#8221; theme_builder_area=&#8221;post_content&#8221;][et_pb_column _builder_version=&#8221;4.27.4&#8243; _module_preset=&#8221;default&#8221; type=&#8221;4_4&#8243; theme_builder_area=&#8221;post_content&#8221;][\/et_pb_column][\/et_pb_row][\/et_pb_section]<\/p>","protected":false},"excerpt":{"rendered":"<p>Sanitation Machinery Hydraulic CylindersAt FMP Company, we specialize in manufacturing a wide range of Sanitation Machinery Hydraulic Cylinders designed to meet diverse industry needs. In addition to our standard offerings, we also provide customized solutions tailored to your specific requirements. If you don\u2019t find the model you need in our product list, it\u2019s likely we [&hellip;]<\/p>","protected":false},"author":2,"featured_media":0,"parent":0,"menu_order":0,"comment_status":"closed","ping_status":"closed","template":"","meta":{"_et_pb_use_builder":"on","_et_pb_old_content":"","_et_gb_content_width":"","footnotes":""},"class_list":["post-7523","page","type-page","status-publish","hentry"],"_links":{"self":[{"href":"https:\/\/fmp-components.com\/pl\/wp-json\/wp\/v2\/pages\/7523","targetHints":{"allow":["GET"]}}],"collection":[{"href":"https:\/\/fmp-components.com\/pl\/wp-json\/wp\/v2\/pages"}],"about":[{"href":"https:\/\/fmp-components.com\/pl\/wp-json\/wp\/v2\/types\/page"}],"author":[{"embeddable":true,"href":"https:\/\/fmp-components.com\/pl\/wp-json\/wp\/v2\/users\/2"}],"replies":[{"embeddable":true,"href":"https:\/\/fmp-components.com\/pl\/wp-json\/wp\/v2\/comments?post=7523"}],"version-history":[{"count":8,"href":"https:\/\/fmp-components.com\/pl\/wp-json\/wp\/v2\/pages\/7523\/revisions"}],"predecessor-version":[{"id":7538,"href":"https:\/\/fmp-components.com\/pl\/wp-json\/wp\/v2\/pages\/7523\/revisions\/7538"}],"wp:attachment":[{"href":"https:\/\/fmp-components.com\/pl\/wp-json\/wp\/v2\/media?parent=7523"}],"curies":[{"name":"wp","href":"https:\/\/api.w.org\/{rel}","templated":true}]}}