{"id":6269,"date":"2025-03-07T03:38:27","date_gmt":"2025-03-07T03:38:27","guid":{"rendered":"https:\/\/fmp-components.com\/?page_id=6269"},"modified":"2025-03-07T06:14:40","modified_gmt":"2025-03-07T06:14:40","slug":"steel-2","status":"publish","type":"page","link":"https:\/\/fmp-components.com\/pl\/steel-2\/","title":{"rendered":"Stal"},"content":{"rendered":"<p>[et_pb_section fb_built=&#8221;1&#8243; theme_builder_area=&#8221;post_content&#8221; _builder_version=&#8221;4.27.4&#8243; _module_preset=&#8221;default&#8221; alt=&#8221;Steel&#8221; title_text=&#8221;steel-banner&#8221; background_image=&#8221;https:\/\/fmp-components.com\/wp-content\/uploads\/2025\/03\/steel-banner.webp&#8221; hover_enabled=&#8221;0&#8243; sticky_enabled=&#8221;0&#8243; min_height=&#8221;447px&#8221; use_background_color_gradient=&#8221;on&#8221; background_color_gradient_stops=&#8221;rgba(0,0,0,0.2) 0%|rgba(0,0,0,0.15) 100%&#8221; background_color_gradient_overlays_image=&#8221;on&#8221;][et_pb_row _builder_version=&#8221;4.27.4&#8243; _module_preset=&#8221;default&#8221; theme_builder_area=&#8221;post_content&#8221;][et_pb_column _builder_version=&#8221;4.27.4&#8243; _module_preset=&#8221;default&#8221; type=&#8221;4_4&#8243; theme_builder_area=&#8221;post_content&#8221;][et_pb_text _builder_version=&#8221;4.27.4&#8243; _module_preset=&#8221;default&#8221; theme_builder_area=&#8221;post_content&#8221; text_orientation=&#8221;center&#8221; text_text_color=&#8221;#FFFFFF&#8221; header_font=&#8221;Frank Ruhl Libre||||||||&#8221; header_text_align=&#8221;center&#8221; header_text_color=&#8221;#FFFFFF&#8221; header_font_size=&#8221;70px&#8221; header_text_shadow_style=&#8221;preset1&#8243; hover_enabled=&#8221;0&#8243; sticky_enabled=&#8221;0&#8243;]<\/p>\n<h1 style=\"text-align: center;\">Stal<\/h1>\n<p>[\/et_pb_text][\/et_pb_column][\/et_pb_row][\/et_pb_section][et_pb_section fb_built=&#8221;1&#8243; theme_builder_area=&#8221;post_content&#8221; _builder_version=&#8221;4.27.4&#8243; _module_preset=&#8221;default&#8221;][et_pb_row _builder_version=&#8221;4.27.4&#8243; _module_preset=&#8221;default&#8221; theme_builder_area=&#8221;post_content&#8221;][et_pb_column _builder_version=&#8221;4.27.4&#8243; _module_preset=&#8221;default&#8221; type=&#8221;4_4&#8243; theme_builder_area=&#8221;post_content&#8221;][et_pb_text _builder_version=&#8221;4.27.4&#8243; _module_preset=&#8221;default&#8221; theme_builder_area=&#8221;post_content&#8221; header_font=&#8221;Frank Ruhl Libre||||||||&#8221; header_2_font=&#8221;Frank Ruhl Libre||||||||&#8221; header_2_font_size=&#8221;35px&#8221; hover_enabled=&#8221;0&#8243; sticky_enabled=&#8221;0&#8243;]<\/p>\n<h2>Rozwi\u0105zania stalowe firmy FMP: wspieranie w\u0142oskiego przemys\u0142u jako\u015bci\u0105 i precyzj\u0105<\/h2>\n<p>[\/et_pb_text][et_pb_text _builder_version=&#8221;4.27.4&#8243; _module_preset=&#8221;default&#8221; theme_builder_area=&#8221;post_content&#8221; text_font_size=&#8221;16px&#8221; text_line_height=&#8221;1.8em&#8221; hover_enabled=&#8221;0&#8243; sticky_enabled=&#8221;0&#8243;]<\/p>\n<p>Je\u015bli chodzi o stal, firma FMP Company jest zaufanym liderem we W\u0142oszech, oferuj\u0105c szerok\u0105 gam\u0119 wysokiej jako\u015bci produkt\u00f3w stalowych, spe\u0142niaj\u0105cych potrzeby przemys\u0142u, rzemie\u015blnik\u00f3w i innowator\u00f3w na ca\u0142ym p\u00f3\u0142wyspie. Stal \u2013 stop \u017celaza i w\u0119gla o zawarto\u015bci w\u0119gla do 2% \u2013 stanowi podstaw\u0119 nowoczesnej infrastruktury, od strzelistych wie\u017cowc\u00f3w Mediolanu po skomplikowane maszyny toska\u0144skich warsztat\u00f3w. W FMP oferujemy szeroki asortyment gatunk\u00f3w stali, w tym stal w\u0119glow\u0105, stopow\u0105, nierdzewn\u0105 i narz\u0119dziow\u0105, wszystkie wytwarzane z my\u015bl\u0105 o r\u00f3\u017cnorodnych zastosowaniach we W\u0142oszech.<\/p>\n<p>[\/et_pb_text][\/et_pb_column][\/et_pb_row][et_pb_row _builder_version=&#8221;4.27.4&#8243; _module_preset=&#8221;default&#8221; theme_builder_area=&#8221;post_content&#8221;][et_pb_column _builder_version=&#8221;4.27.4&#8243; _module_preset=&#8221;default&#8221; type=&#8221;4_4&#8243; theme_builder_area=&#8221;post_content&#8221;][et_pb_text _builder_version=&#8221;4.27.4&#8243; _module_preset=&#8221;default&#8221; theme_builder_area=&#8221;post_content&#8221; header_font=&#8221;Frank Ruhl Libre||||||||&#8221; header_2_font=&#8221;Frank Ruhl Libre||||||||&#8221; header_2_font_size=&#8221;35px&#8221; hover_enabled=&#8221;0&#8243; sticky_enabled=&#8221;0&#8243;]<\/p>\n<h2>Co sprawia, \u017ce \u200b\u200bstal jest niezb\u0119dna?<\/h2>\n<p>[\/et_pb_text][et_pb_text _builder_version=&#8221;4.27.4&#8243; _module_preset=&#8221;default&#8221; theme_builder_area=&#8221;post_content&#8221; text_font_size=&#8221;16px&#8221; text_line_height=&#8221;1.8em&#8221; hover_enabled=&#8221;0&#8243; sticky_enabled=&#8221;0&#8243;]<\/p>\n<p>Wszechstronno\u015b\u0107 stali wynika z jej unikalnego sk\u0142adu: \u017celazo, jeden z najpowszechniejszych pierwiastk\u00f3w na Ziemi, w po\u0142\u0105czeniu z w\u0119glem tworzy materia\u0142 mocniejszy i trwalszy ni\u017c samo czyste \u017celazo. Z globaln\u0105 produkcj\u0105 na poziomie 1,6 miliarda ton w 2013 roku (w por\u00f3wnaniu do zaledwie 47 milion\u00f3w ton aluminium, drugiego najwa\u017cniejszego metalu in\u017cynieryjnego), stal dominuje jako najpopularniejszy materia\u0142 na \u015bwiecie. Kszta\u0142tuje ona wszystko, od igie\u0142 do szycia po tankowce \u2013 a nawet narz\u0119dzia u\u017cywane do ich produkcji. W FMP wykorzystujemy niezr\u00f3wnane w\u0142a\u015bciwo\u015bci mechaniczne stali \u2013 dzi\u0119ki jej krystalicznym strukturom, takim jak ferryt, austenit i martenzyt \u2013 aby dostarcza\u0107 produkty dostosowane do w\u0142oskich potrzeb przemys\u0142owych i kreatywnych.<\/p>\n<p>[\/et_pb_text][\/et_pb_column][\/et_pb_row][et_pb_row _builder_version=&#8221;4.27.4&#8243; _module_preset=&#8221;default&#8221; theme_builder_area=&#8221;post_content&#8221;][et_pb_column _builder_version=&#8221;4.27.4&#8243; _module_preset=&#8221;default&#8221; type=&#8221;4_4&#8243; theme_builder_area=&#8221;post_content&#8221;][et_pb_image src=&#8221;https:\/\/fmp-components.com\/wp-content\/uploads\/2025\/03\/steel-product.webp&#8221; _builder_version=&#8221;4.27.4&#8243; _module_preset=&#8221;default&#8221; theme_builder_area=&#8221;post_content&#8221; alt=&#8221;steel product&#8221; title_text=&#8221;steel-product&#8221; hover_enabled=&#8221;0&#8243; sticky_enabled=&#8221;0&#8243; align=&#8221;center&#8221;][\/et_pb_image][\/et_pb_column][\/et_pb_row][et_pb_row _builder_version=&#8221;4.27.4&#8243; _module_preset=&#8221;default&#8221; theme_builder_area=&#8221;post_content&#8221; custom_padding=&#8221;||3px|||&#8221;][et_pb_column _builder_version=&#8221;4.27.4&#8243; _module_preset=&#8221;default&#8221; type=&#8221;4_4&#8243; theme_builder_area=&#8221;post_content&#8221;][et_pb_text _builder_version=&#8221;4.27.4&#8243; _module_preset=&#8221;default&#8221; theme_builder_area=&#8221;post_content&#8221; header_2_font=&#8221;Frank Ruhl Libre||||||||&#8221; header_2_font_size=&#8221;35px&#8221; hover_enabled=&#8221;0&#8243; sticky_enabled=&#8221;0&#8243;]<\/p>\n<h2 style=\"text-align: center;\">Dlaczego warto wybra\u0107 FMP Steel Products we W\u0142oszech?<\/h2>\n<p>[\/et_pb_text][\/et_pb_column][\/et_pb_row][et_pb_row _builder_version=&#8221;4.27.4&#8243; _module_preset=&#8221;default&#8221; column_structure=&#8221;1_3,1_3,1_3&#8243; theme_builder_area=&#8221;post_content&#8221; use_custom_gutter=&#8221;on&#8221; gutter_width=&#8221;2&#8243; width=&#8221;100%&#8221; max_width=&#8221;1100px&#8221; hover_enabled=&#8221;0&#8243; sticky_enabled=&#8221;0&#8243;][et_pb_column _builder_version=&#8221;4.27.4&#8243; _module_preset=&#8221;default&#8221; type=&#8221;1_3&#8243; theme_builder_area=&#8221;post_content&#8221;][et_pb_text _builder_version=&#8221;4.27.4&#8243; _module_preset=&#8221;default&#8221; theme_builder_area=&#8221;post_content&#8221; header_3_font=&#8221;Frank Ruhl Libre||||||||&#8221; hover_enabled=&#8221;0&#8243; sticky_enabled=&#8221;0&#8243;]<\/p>\n<h3>Kompleksowe portfolio stali<\/h3>\n<div>\n<p>W FMP szczycimy si\u0119 tym, \u017ce oferujemy szerok\u0105 gam\u0119 gatunk\u00f3w stali, odpowiadaj\u0105c\u0105 wszelkim potrzebom:<\/p>\n<ul class=\"marker:text-secondary\">\n<li class=\"break-words\"><strong>Stale w\u0119glowe<\/strong>:Od niskoemisyjnych (0,05\u20130,19%) w przypadku paneli samochodowych do wysokoemisyjnych (powy\u017cej 0,5%) w przypadku szyn kolejowych.<\/li>\n<li class=\"break-words\"><strong>Stale stopowe<\/strong>: Wzbogacone pierwiastkami takimi jak nikiel, chrom i molibden w celu zapewnienia doskona\u0142ej wytrzyma\u0142o\u015bci i odporno\u015bci na korozj\u0119.<\/li>\n<li class=\"break-words\"><strong>Stale nierdzewne<\/strong>:Idealny dla w\u0142oskiego przemys\u0142u spo\u017cywczego i medycznego, odporny na rdz\u0119 w wilgotnym klimacie takim jak Wenecja.<\/li>\n<li class=\"break-words\"><strong>Stale narz\u0119dziowe<\/strong>:Utwardzone do precyzyjnych narz\u0119dzi skrawaj\u0105cych stosowanych w warsztatach in\u017cynieryjnych w Bolonii.<br \/>Nasza oferta obejmuje drut ci\u0105gniony o grubo\u015bci od 0,013 mm do pr\u0119t\u00f3w kutych o \u015brednicy do 1100 mm, co gwarantuje, \u017ce mamy odpowiedni\u0105 stal do Twojego projektu.<\/li>\n<\/ul>\n<\/div>\n<p>[\/et_pb_text][\/et_pb_column][et_pb_column _builder_version=&#8221;4.27.4&#8243; _module_preset=&#8221;default&#8221; type=&#8221;1_3&#8243; theme_builder_area=&#8221;post_content&#8221;][et_pb_text _builder_version=&#8221;4.27.4&#8243; _module_preset=&#8221;default&#8221; theme_builder_area=&#8221;post_content&#8221; header_3_font=&#8221;Frank Ruhl Libre||||||||&#8221; hover_enabled=&#8221;0&#8243; sticky_enabled=&#8221;0&#8243;]<\/p>\n<h3>Zaawansowana wiedza specjalistyczna w zakresie produkcji<\/h3>\n<div>\n<p>Wytrzyma\u0142o\u015b\u0107 stali wynika z jej mikrostruktury \u2013 czy to ferrytu sze\u015bciennego (bcc) w temperaturze poni\u017cej 912\u00b0C, czy austenitu sze\u015bciennego (fcc) w temperaturze od 912\u00b0C do 1394\u00b0C. W FMP opanowali\u015bmy te przemiany poprzez precyzyjn\u0105 obr\u00f3bk\u0119 ciepln\u0105, tak\u0105 jak hartowanie i odpuszczanie, aby uzyska\u0107 martenzyt (o twardo\u015bci do 1000 DPH) lub wytrzyma\u0142y perlit (oko\u0142o 200 DPH). Nasze najnowocze\u015bniejsze zak\u0142ady we W\u0142oszech gwarantuj\u0105, \u017ce ka\u017cdy produkt stalowy spe\u0142nia mi\u0119dzynarodowe normy, takie jak ISO 4184, zapewniaj\u0105c niezawodno\u015b\u0107 w Pa\u0144stwa zastosowaniach.<\/p>\n<\/div>\n<p>[\/et_pb_text][\/et_pb_column][et_pb_column _builder_version=&#8221;4.27.4&#8243; _module_preset=&#8221;default&#8221; type=&#8221;1_3&#8243; theme_builder_area=&#8221;post_content&#8221;][et_pb_text _builder_version=&#8221;4.27.4&#8243; _module_preset=&#8221;default&#8221; theme_builder_area=&#8221;post_content&#8221; header_3_font=&#8221;Frank Ruhl Libre||||||||&#8221; hover_enabled=&#8221;0&#8243; sticky_enabled=&#8221;0&#8243;]<\/p>\n<h3>Dostosowanie do w\u0142oskich potrzeb<\/h3>\n<div>\n<p>Nie mo\u017cesz znale\u017a\u0107 stali, kt\u00f3rej potrzebujesz? FMP specjalizuje si\u0119 w rozwi\u0105zaniach niestandardowych. Niezale\u017cnie od tego, czy potrzebujesz stali niskow\u0119glowej o wysokiej spawalno\u015bci do stoczni w Neapolu, czy stopu o wysokiej wytrzyma\u0142o\u015bci do projektu lotniczego w Turynie, dopasujemy nasz\u0105 stal do Twoich wymaga\u0144. Skontaktuj si\u0119 z nami pod adresem <a href=\"mailto:info@fmpcomponents.it\">info@fmpcomponents.it<\/a>, a nasi in\u017cynierowie stworz\u0105 produkt, kt\u00f3ry b\u0119dzie odpowiada\u0142 Twoim dok\u0142adnym wymaganiom \u2014 a\u017c po wielko\u015b\u0107 ziarna i sk\u0142ad stopu.<\/p>\n<\/div>\n<p>[\/et_pb_text][\/et_pb_column][\/et_pb_row][et_pb_row _builder_version=&#8221;4.27.4&#8243; _module_preset=&#8221;default&#8221; column_structure=&#8221;1_3,1_3,1_3&#8243; theme_builder_area=&#8221;post_content&#8221; use_custom_gutter=&#8221;on&#8221; gutter_width=&#8221;2&#8243; width=&#8221;100%&#8221; max_width=&#8221;1100px&#8221; hover_enabled=&#8221;0&#8243; sticky_enabled=&#8221;0&#8243;][et_pb_column _builder_version=&#8221;4.27.4&#8243; _module_preset=&#8221;default&#8221; type=&#8221;1_3&#8243; theme_builder_area=&#8221;post_content&#8221;][et_pb_text _builder_version=&#8221;4.27.4&#8243; _module_preset=&#8221;default&#8221; theme_builder_area=&#8221;post_content&#8221; header_3_font=&#8221;Frank Ruhl Libre||||||||&#8221; hover_enabled=&#8221;0&#8243; sticky_enabled=&#8221;0&#8243;]<\/p>\n<h3>Lokalne w\u0142oskie zaanga\u017cowanie<\/h3>\n<div>\n<p>Mamy korzenie we W\u0142oszech i nasz zesp\u00f3\u0142 obs\u0142ugi klienta biegle pos\u0142uguje si\u0119 j\u0119zykiem w\u0142oskim. Nasi eksperci zapewniaj\u0105 praktyczne wsparcie, od wyboru odpowiedniego gatunku stali po doradztwo w zakresie monta\u017cu i konserwacji. Potrzebujesz stali do zr\u00f3wnowa\u017conego projektu we Florencji? Nasze ekologiczne produkty stalowe, wykonane z recyklingowanego z\u0142omu do 94% i wytwarzane w procesie o niskiej emisji CO2, zmniejszaj\u0105 \u015blad \u015brodowiskowy o 83% \u2013 idealnie pasuj\u0105 do ekologicznej przysz\u0142o\u015bci W\u0142och.<\/p>\n<\/div>\n<p>[\/et_pb_text][\/et_pb_column][et_pb_column _builder_version=&#8221;4.27.4&#8243; _module_preset=&#8221;default&#8221; type=&#8221;1_3&#8243; theme_builder_area=&#8221;post_content&#8221;][et_pb_text _builder_version=&#8221;4.27.4&#8243; _module_preset=&#8221;default&#8221; theme_builder_area=&#8221;post_content&#8221; header_3_font=&#8221;Frank Ruhl Libre||||||||&#8221; hover_enabled=&#8221;0&#8243; sticky_enabled=&#8221;0&#8243;]<\/p>\n<h3>Niezr\u00f3wnana trwa\u0142o\u015b\u0107 i w\u0142a\u015bciwo\u015bci<\/h3>\n<div>\n<p>W\u0142a\u015bciwo\u015bci stali poprawiaj\u0105 w\u0119giel i dodatki stopowe. Na przyk\u0142ad dodanie w\u0119gla 0,77% tworzy perlit, a szybkie ch\u0142odzenie tworzy martenzyt, co zapewnia maksymaln\u0105 twardo\u015b\u0107. W FMP stosujemy r\u00f3wnie\u017c stopy z pierwiastkami takimi jak tytan, wanad i mangan, aby zwi\u0119kszy\u0107 wytrzyma\u0142o\u015b\u0107, hartowno\u015b\u0107 i odporno\u015b\u0107 na zu\u017cycie \u2013 idealne dla w\u0142oskiego sektora budowlanego, motoryzacyjnego i energetycznego. Nasza stal wytrzymuje napr\u0119\u017cenia mechaniczne panuj\u0105ce w t\u0142oczniach oliwy w Apulii oraz korozyjne morskie powietrze Ligurii.<\/p>\n<\/div>\n<p>[\/et_pb_text][\/et_pb_column][et_pb_column _builder_version=&#8221;4.27.4&#8243; _module_preset=&#8221;default&#8221; type=&#8221;1_3&#8243; theme_builder_area=&#8221;post_content&#8221;][et_pb_text _builder_version=&#8221;4.27.4&#8243; _module_preset=&#8221;default&#8221; theme_builder_area=&#8221;post_content&#8221; header_3_font=&#8221;Frank Ruhl Libre||||||||&#8221; hover_enabled=&#8221;0&#8243; sticky_enabled=&#8221;0&#8243;]<\/p>\n<h3>Zaufali nam w\u0142oscy przedsi\u0119biorcy<\/h3>\n<div>\n<p>Od rolnictwa na Sycylii po in\u017cynieri\u0119 mechaniczn\u0105 w regionie Emilia-Romania, stal FMP nap\u0119dza kluczowe sektory W\u0142och. Nasze stale niskostopowe o wysokiej wytrzyma\u0142o\u015bci (HSLA) s\u0105 wykorzystywane w ruroci\u0105gach i konstrukcjach morskich, a stale automatowe z wtr\u0105ceniami siarki i o\u0142owiu wyd\u0142u\u017caj\u0105 \u017cywotno\u015b\u0107 narz\u0119dzi dla producent\u00f3w z Brescii. Dzi\u0119ki ponad 20-letniemu do\u015bwiadczeniu zyskali\u015bmy zaufanie w\u0142oskich specjalist\u00f3w, oferuj\u0105c jako\u015b\u0107, precyzj\u0119 i innowacyjno\u015b\u0107.<\/p>\n<\/div>\n<p>[\/et_pb_text][\/et_pb_column][\/et_pb_row][et_pb_row _builder_version=&#8221;4.27.4&#8243; _module_preset=&#8221;default&#8221; theme_builder_area=&#8221;post_content&#8221;][et_pb_column _builder_version=&#8221;4.27.4&#8243; _module_preset=&#8221;default&#8221; type=&#8221;4_4&#8243; theme_builder_area=&#8221;post_content&#8221;][et_pb_image src=&#8221;https:\/\/fmp-components.com\/wp-content\/uploads\/2025\/03\/steel-product-1.webp&#8221; _builder_version=&#8221;4.27.4&#8243; _module_preset=&#8221;default&#8221; theme_builder_area=&#8221;post_content&#8221; alt=&#8221;steel product&#8221; title_text=&#8221;steel-product-1&#8243; hover_enabled=&#8221;0&#8243; sticky_enabled=&#8221;0&#8243; align=&#8221;center&#8221;][\/et_pb_image][\/et_pb_column][\/et_pb_row][et_pb_row _builder_version=&#8221;4.27.4&#8243; _module_preset=&#8221;default&#8221; theme_builder_area=&#8221;post_content&#8221; column_structure=&#8221;1_2,1_2&#8243;][et_pb_column _builder_version=&#8221;4.27.4&#8243; _module_preset=&#8221;default&#8221; type=&#8221;1_2&#8243; theme_builder_area=&#8221;post_content&#8221;][et_pb_text _builder_version=&#8221;4.27.4&#8243; _module_preset=&#8221;default&#8221; theme_builder_area=&#8221;post_content&#8221; header_2_font=&#8221;Frank Ruhl Libre||||||||&#8221; header_2_font_size=&#8221;30px&#8221; header_2_text_align=&#8221;left&#8221; text_font_size=&#8221;16px&#8221; text_line_height=&#8221;1.8em&#8221; hover_enabled=&#8221;0&#8243; sticky_enabled=&#8221;0&#8243;]<\/p>\n<h2 style=\"text-align: left;\">Zastosowania stali we W\u0142oszech<\/h2>\n<p>Wszechstronno\u015b\u0107 stali ujawnia si\u0119 w zr\u00f3\u017cnicowanym krajobrazie W\u0142och:<\/p>\n<p>Budownictwo: Z p\u0142yt stalowych o \u015bredniej zawarto\u015bci w\u0119gla powstaj\u0105 mosty w Genui i wie\u017cowce w Mediolanie.<br \/>Motoryzacja: W fabrykach w Turynie powstaj\u0105 nadwozia samochodowe z blachy niskoemisyjnej.<br \/>Rolnictwo: Stal narz\u0119dziowa s\u0142u\u017cy do wytwarzania trwa\u0142ego sprz\u0119tu dla winnic Umbrii.<br \/>Energia: Stale stopowe wzmacniaj\u0105 turbiny wiatrowe wzd\u0142u\u017c wybrze\u017ca Adriatyku.<\/p>\n<p>[\/et_pb_text][\/et_pb_column][et_pb_column _builder_version=&#8221;4.27.4&#8243; _module_preset=&#8221;default&#8221; type=&#8221;1_2&#8243; theme_builder_area=&#8221;post_content&#8221;][et_pb_text _builder_version=&#8221;4.27.4&#8243; _module_preset=&#8221;default&#8221; theme_builder_area=&#8221;post_content&#8221; header_2_font=&#8221;Frank Ruhl Libre||||||||&#8221; header_2_font_size=&#8221;30px&#8221; header_2_text_align=&#8221;left&#8221; text_font_size=&#8221;16px&#8221; text_line_height=&#8221;1.8em&#8221; hover_enabled=&#8221;0&#8243; sticky_enabled=&#8221;0&#8243;]<\/p>\n<h2 style=\"text-align: left;\">Jak FMP podnosi wydajno\u015b\u0107 stali<\/h2>\n<p>Nie tylko dostarczamy stal \u2013 my j\u0105 optymalizujemy. Nasze procesy obr\u00f3bki cieplnej reguluj\u0105 szybko\u015b\u0107 dyfuzji w\u0119gla, tworz\u0105c drobne mikrostruktury zapewniaj\u0105ce wytrzyma\u0142o\u015b\u0107 i ci\u0105gliwo\u015b\u0107. Dodatki stopowe, takie jak nikiel i chrom, zwi\u0119kszaj\u0105 odporno\u015b\u0107 na korozj\u0119, a utwardzanie wydzieleniowe tytanem lub niobem zapewnia ma\u0142e rozmiary ziaren, co przek\u0142ada si\u0119 na zwi\u0119kszon\u0105 wytrzyma\u0142o\u015b\u0107. Nasze oprogramowanie do projektowania 3D pozwala przekszta\u0142ci\u0107 Twoje pomys\u0142y w rzeczywisto\u015b\u0107, a nast\u0119pnie zapewni\u0107 precyzyjn\u0105 produkcj\u0119 i dostaw\u0119.<\/p>\n<p>[\/et_pb_text][\/et_pb_column][\/et_pb_row][\/et_pb_section][et_pb_section fb_built=&#8221;1&#8243; theme_builder_area=&#8221;post_content&#8221; _builder_version=&#8221;4.27.4&#8243; _module_preset=&#8221;default&#8221; alt=&#8221;Steel Product&#8221; title_text=&#8221;steel-product-2&#8243; background_image=&#8221;https:\/\/fmp-components.com\/wp-content\/uploads\/2025\/03\/steel-product-2.webp&#8221; use_background_color_gradient=&#8221;on&#8221; background_color_gradient_stops=&#8221;rgba(0,0,0,0.28) 0%|rgba(0,0,0,0.68) 100%&#8221; background_color_gradient_overlays_image=&#8221;on&#8221; hover_enabled=&#8221;0&#8243; sticky_enabled=&#8221;0&#8243; min_height=&#8221;754px&#8221;][et_pb_row _builder_version=&#8221;4.27.4&#8243; _module_preset=&#8221;default&#8221; theme_builder_area=&#8221;post_content&#8221; custom_margin=&#8221;100px||||false|false&#8221; hover_enabled=&#8221;0&#8243; sticky_enabled=&#8221;0&#8243;][et_pb_column _builder_version=&#8221;4.27.4&#8243; _module_preset=&#8221;default&#8221; type=&#8221;4_4&#8243; theme_builder_area=&#8221;post_content&#8221;][et_pb_text _builder_version=&#8221;4.27.4&#8243; _module_preset=&#8221;default&#8221; theme_builder_area=&#8221;post_content&#8221; header_2_font=&#8221;Frank Ruhl Libre||||||||&#8221; header_2_text_color=&#8221;#FFFFFF&#8221; header_2_text_align=&#8221;center&#8221; header_2_font_size=&#8221;45px&#8221; header_2_text_shadow_style=&#8221;preset1&#8243; hover_enabled=&#8221;0&#8243; sticky_enabled=&#8221;0&#8243;]<\/p>\n<h2>Zdob\u0105d\u017a swoje stalowe rozwi\u0105zanie ju\u017c dzi\u015b!<\/h2>\n<p>[\/et_pb_text][et_pb_text _builder_version=&#8221;4.27.4&#8243; _module_preset=&#8221;default&#8221; theme_builder_area=&#8221;post_content&#8221; text_text_color=&#8221;#FFFFFF&#8221; text_font_size=&#8221;16px&#8221; text_line_height=&#8221;1.8em&#8221; text_orientation=&#8221;center&#8221; hover_enabled=&#8221;0&#8243; sticky_enabled=&#8221;0&#8243;]<\/p>\n<p>Szukasz idealnej stali do swojego kolejnego projektu? Zapoznaj si\u0119 z bogat\u0105 ofert\u0105 FMP lub skontaktuj si\u0119 z nami, aby z\u0142o\u017cy\u0107 zam\u00f3wienie niestandardowe. <a href=\"mailto:info@fmpcomponents.it\">info@fmpcomponents.it<\/a>Je\u015bli nie widzisz tego, czego potrzebujesz, prawdopodobnie jest to ju\u017c w produkcji \u2013 wystarczy zapyta\u0107! Od zr\u00f3wnowa\u017conej, ekologicznej stali po wysokowydajne stopy \u2013 FMP jest tutaj, aby zasila\u0107 w\u0142oski przemys\u0142 najlepszymi rozwi\u0105zaniami stalowymi. Zbudujmy razem co\u015b niezwyk\u0142ego!<\/p>\n<p>[\/et_pb_text][\/et_pb_column][\/et_pb_row][\/et_pb_section]<\/p>","protected":false},"excerpt":{"rendered":"<p>SteelSteel Solutions by FMP: Powering Italy\u2019s Industries with Quality and PrecisionWhen it comes to steel, FMP Company stands as a trusted leader in Italy, delivering a vast range of high-quality steel products to meet the needs of industries, artisans, and innovators across the peninsula. Steel\u2014an alloy of iron and carbon with up to 2% carbon [&hellip;]<\/p>","protected":false},"author":2,"featured_media":0,"parent":0,"menu_order":0,"comment_status":"closed","ping_status":"closed","template":"","meta":{"_et_pb_use_builder":"on","_et_pb_old_content":"","_et_gb_content_width":"","footnotes":""},"class_list":["post-6269","page","type-page","status-publish","hentry"],"_links":{"self":[{"href":"https:\/\/fmp-components.com\/pl\/wp-json\/wp\/v2\/pages\/6269","targetHints":{"allow":["GET"]}}],"collection":[{"href":"https:\/\/fmp-components.com\/pl\/wp-json\/wp\/v2\/pages"}],"about":[{"href":"https:\/\/fmp-components.com\/pl\/wp-json\/wp\/v2\/types\/page"}],"author":[{"embeddable":true,"href":"https:\/\/fmp-components.com\/pl\/wp-json\/wp\/v2\/users\/2"}],"replies":[{"embeddable":true,"href":"https:\/\/fmp-components.com\/pl\/wp-json\/wp\/v2\/comments?post=6269"}],"version-history":[{"count":4,"href":"https:\/\/fmp-components.com\/pl\/wp-json\/wp\/v2\/pages\/6269\/revisions"}],"predecessor-version":[{"id":6306,"href":"https:\/\/fmp-components.com\/pl\/wp-json\/wp\/v2\/pages\/6269\/revisions\/6306"}],"wp:attachment":[{"href":"https:\/\/fmp-components.com\/pl\/wp-json\/wp\/v2\/media?parent=6269"}],"curies":[{"name":"wp","href":"https:\/\/api.w.org\/{rel}","templated":true}]}}