{"id":6080,"date":"2025-03-05T01:37:33","date_gmt":"2025-03-05T01:37:33","guid":{"rendered":"https:\/\/fmp-components.com\/?page_id=6080"},"modified":"2025-03-07T08:36:14","modified_gmt":"2025-03-07T08:36:14","slug":"timing-pulleys","status":"publish","type":"page","link":"https:\/\/fmp-components.com\/pl\/timing-pulleys\/","title":{"rendered":"Ko\u0142a pasowe rozrz\u0105du"},"content":{"rendered":"<p>[et_pb_section fb_built=&#8221;1&#8243; _builder_version=&#8221;4.27.4&#8243; _module_preset=&#8221;default&#8221; use_background_color_gradient=&#8221;on&#8221; background_color_gradient_stops=&#8221;rgba(0,0,0,0.3) 0%|rgba(0,0,0,0.22) 100%&#8221; background_color_gradient_overlays_image=&#8221;on&#8221; background_image=&#8221;https:\/\/fmp-components.com\/wp-content\/uploads\/2025\/03\/timing-pulley-1.webp&#8221; min_height=&#8221;512px&#8221; global_colors_info=&#8221;{}&#8221;][et_pb_row _builder_version=&#8221;4.27.4&#8243; _module_preset=&#8221;default&#8221; global_colors_info=&#8221;{}&#8221;][et_pb_column type=&#8221;4_4&#8243; _builder_version=&#8221;4.27.4&#8243; _module_preset=&#8221;default&#8221; global_colors_info=&#8221;{}&#8221;][et_pb_text _builder_version=&#8221;4.27.4&#8243; _module_preset=&#8221;default&#8221; header_font=&#8221;Frank Ruhl Libre||||||||&#8221; header_text_color=&#8221;#FFFFFF&#8221; header_font_size=&#8221;75px&#8221; header_text_shadow_style=&#8221;preset1&#8243; global_colors_info=&#8221;{}&#8221;]<\/p>\n<h1 style=\"text-align: center;\">Ko\u0142a pasowe rozrz\u0105du<\/h1>\n<p>[\/et_pb_text][et_pb_text _builder_version=&#8221;4.27.4&#8243; _module_preset=&#8221;default&#8221; text_text_color=&#8221;#FFFFFF&#8221; text_font_size=&#8221;16px&#8221; global_colors_info=&#8221;{}&#8221;]<\/p>\n<p style=\"text-align: center;\">W firmie FMP specjalizujemy si\u0119 w produkcji szerokiej gamy k\u00f3\u0142 pasowych rozrz\u0105du, aby sprosta\u0107 zr\u00f3\u017cnicowanym potrzebom przemys\u0142owym. Oferujemy r\u00f3wnie\u017c us\u0142ugi personalizacji, aby zapewni\u0107 Ci dok\u0142adne specyfikacje wymagane dla Twojego projektu. Je\u015bli nie znajdziesz potrzebnego modelu na naszej li\u015bcie produkt\u00f3w, oznacza to po prostu, \u017ce nie mieli\u015bmy jeszcze okazji go doda\u0107 \u2014 skontaktuj si\u0119 z nami mailowo, aby zapyta\u0107 o konkretny typ, kt\u00f3rego szukasz!<\/p>\n<p>[\/et_pb_text][\/et_pb_column][\/et_pb_row][\/et_pb_section][et_pb_section fb_built=&#8221;1&#8243; _builder_version=&#8221;4.27.4&#8243; _module_preset=&#8221;default&#8221; global_colors_info=&#8221;{}&#8221;][et_pb_row _builder_version=&#8221;4.27.4&#8243; _module_preset=&#8221;default&#8221; global_colors_info=&#8221;{}&#8221;][et_pb_column type=&#8221;4_4&#8243; _builder_version=&#8221;4.27.4&#8243; _module_preset=&#8221;default&#8221; global_colors_info=&#8221;{}&#8221;][et_pb_text _builder_version=&#8221;4.27.4&#8243; _module_preset=&#8221;default&#8221; header_2_font=&#8221;Frank Ruhl Libre||||||||&#8221; header_2_font_size=&#8221;40px&#8221; hover_enabled=&#8221;0&#8243; global_colors_info=&#8221;{}&#8221; sticky_enabled=&#8221;0&#8243;]<\/p>\n<h2 style=\"text-align: center;\">Ko\u0142o rozrz\u0105du<\/h2>\n<p>[\/et_pb_text][\/et_pb_column][\/et_pb_row][et_pb_row column_structure=&#8221;1_3,1_3,1_3&#8243; _builder_version=&#8221;4.27.4&#8243; _module_preset=&#8221;default&#8221; global_colors_info=&#8221;{}&#8221;][et_pb_column type=&#8221;1_3&#8243; _builder_version=&#8221;4.27.4&#8243; _module_preset=&#8221;default&#8221; global_colors_info=&#8221;{}&#8221;][et_pb_blurb title=&#8221;Timing Belt Pulleys with Pilot Bores&#8221; image=&#8221;https:\/\/fmp-components.com\/wp-content\/uploads\/2025\/03\/timing-belt-pulleys-with-pilot-bores-1.webp&#8221; alt=&#8221;timing-belt-pulleys-with-pilot-bores&#8221; _builder_version=&#8221;4.27.4&#8243; _module_preset=&#8221;default&#8221; header_level=&#8221;h3&#8243; header_font=&#8221;Frank Ruhl Libre||||||||&#8221; header_text_align=&#8221;center&#8221; global_colors_info=&#8221;{}&#8221;][\/et_pb_blurb][\/et_pb_column][et_pb_column type=&#8221;1_3&#8243; _builder_version=&#8221;4.27.4&#8243; _module_preset=&#8221;default&#8221; global_colors_info=&#8221;{}&#8221;][et_pb_blurb title=&#8221;Standard Toothed Bars&#8221; image=&#8221;https:\/\/fmp-components.com\/wp-content\/uploads\/2025\/03\/standard-toothed-bars.webp&#8221; alt=&#8221;standard-toothed-bars&#8221; _builder_version=&#8221;4.27.4&#8243; _module_preset=&#8221;default&#8221; header_level=&#8221;h3&#8243; header_font=&#8221;Frank Ruhl Libre||||||||&#8221; header_text_align=&#8221;center&#8221; global_colors_info=&#8221;{}&#8221;][\/et_pb_blurb][\/et_pb_column][et_pb_column type=&#8221;1_3&#8243; _builder_version=&#8221;4.27.4&#8243; _module_preset=&#8221;default&#8221; global_colors_info=&#8221;{}&#8221;][et_pb_blurb title=&#8221;Timing Belt Pulleys with Taper Bores&#8221; image=&#8221;https:\/\/fmp-components.com\/wp-content\/uploads\/2025\/03\/taper-bore-timing-pulleys.webp&#8221; alt=&#8221;taper-bore-timing-pulleys&#8221; _builder_version=&#8221;4.27.4&#8243; _module_preset=&#8221;default&#8221; header_level=&#8221;h3&#8243; header_font=&#8221;Frank Ruhl Libre||||||||&#8221; header_text_align=&#8221;center&#8221; global_colors_info=&#8221;{}&#8221;][\/et_pb_blurb][\/et_pb_column][\/et_pb_row][et_pb_row column_structure=&#8221;1_3,1_3,1_3&#8243; _builder_version=&#8221;4.27.4&#8243; _module_preset=&#8221;default&#8221; global_colors_info=&#8221;{}&#8221;][et_pb_column type=&#8221;1_3&#8243; _builder_version=&#8221;4.27.4&#8243; _module_preset=&#8221;default&#8221; global_colors_info=&#8221;{}&#8221;][et_pb_blurb title=&#8221;Metric Pitch Timing Belt Pulleys with Pilot Bores&#8221; image=&#8221;https:\/\/fmp-components.com\/wp-content\/uploads\/2025\/03\/metric-pitch-timing-pulleys.webp&#8221; alt=&#8221;metric-pitch-timing-pulleys&#8221; _builder_version=&#8221;4.27.4&#8243; _module_preset=&#8221;default&#8221; header_level=&#8221;h3&#8243; header_font=&#8221;Frank Ruhl Libre||||||||&#8221; header_text_align=&#8221;center&#8221; global_colors_info=&#8221;{}&#8221;][\/et_pb_blurb][\/et_pb_column][et_pb_column type=&#8221;1_3&#8243; _builder_version=&#8221;4.27.4&#8243; _module_preset=&#8221;default&#8221; global_colors_info=&#8221;{}&#8221;][et_pb_blurb title=&#8221;Metric Pitch Standard Toothed Bars&#8221; image=&#8221;https:\/\/fmp-components.com\/wp-content\/uploads\/2025\/03\/standard-toothed-bars.webp&#8221; alt=&#8221;standard-toothed-bars&#8221; _builder_version=&#8221;4.27.4&#8243; _module_preset=&#8221;default&#8221; header_level=&#8221;h3&#8243; header_font=&#8221;Frank Ruhl Libre||||||||&#8221; header_text_align=&#8221;center&#8221; global_colors_info=&#8221;{}&#8221;][\/et_pb_blurb][\/et_pb_column][et_pb_column type=&#8221;1_3&#8243; _builder_version=&#8221;4.27.4&#8243; _module_preset=&#8221;default&#8221; global_colors_info=&#8221;{}&#8221;][et_pb_blurb title=&#8221;Metric Pitch for \u201cAT\u201d Belts&#8221; image=&#8221;https:\/\/fmp-components.com\/wp-content\/uploads\/2025\/03\/metric-pitch-for-at-belts.webp&#8221; alt=&#8221;metric-pitch-for-at-belts&#8221; _builder_version=&#8221;4.27.4&#8243; _module_preset=&#8221;default&#8221; header_level=&#8221;h3&#8243; header_font=&#8221;Frank Ruhl Libre||||||||&#8221; header_text_align=&#8221;center&#8221; global_colors_info=&#8221;{}&#8221;][\/et_pb_blurb][\/et_pb_column][\/et_pb_row][et_pb_row column_structure=&#8221;1_3,1_3,1_3&#8243; _builder_version=&#8221;4.27.4&#8243; _module_preset=&#8221;default&#8221; global_colors_info=&#8221;{}&#8221;][et_pb_column type=&#8221;1_3&#8243; _builder_version=&#8221;4.27.4&#8243; _module_preset=&#8221;default&#8221; global_colors_info=&#8221;{}&#8221;][et_pb_blurb title=&#8221;Metric Pitch \u201cAT\u201d Standard Toothed Bars&#8221; image=&#8221;https:\/\/fmp-components.com\/wp-content\/uploads\/2025\/03\/standard-toothed-bars.webp&#8221; alt=&#8221;standard-toothed-bars&#8221; _builder_version=&#8221;4.27.4&#8243; _module_preset=&#8221;default&#8221; header_level=&#8221;h3&#8243; header_font=&#8221;Frank Ruhl Libre||||||||&#8221; header_text_align=&#8221;center&#8221; global_colors_info=&#8221;{}&#8221;][\/et_pb_blurb][\/et_pb_column][et_pb_column type=&#8221;1_3&#8243; _builder_version=&#8221;4.27.4&#8243; _module_preset=&#8221;default&#8221; global_colors_info=&#8221;{}&#8221;][et_pb_blurb title=&#8221;HTD Timing Belt Pulleys with Pilot Bores&#8221; image=&#8221;https:\/\/fmp-components.com\/wp-content\/uploads\/2025\/03\/htd-timing-belt-pulleys.webp&#8221; alt=&#8221;htd-timing-belt-pulleys&#8221; _builder_version=&#8221;4.27.4&#8243; _module_preset=&#8221;default&#8221; header_level=&#8221;h3&#8243; header_font=&#8221;Frank Ruhl Libre||||||||&#8221; header_text_align=&#8221;center&#8221; global_colors_info=&#8221;{}&#8221;][\/et_pb_blurb][\/et_pb_column][et_pb_column type=&#8221;1_3&#8243; _builder_version=&#8221;4.27.4&#8243; _module_preset=&#8221;default&#8221; global_colors_info=&#8221;{}&#8221;][et_pb_blurb title=&#8221;HTD Standard Toothed Bars&#8221; image=&#8221;https:\/\/fmp-components.com\/wp-content\/uploads\/2025\/03\/standard-toothed-bars.webp&#8221; alt=&#8221;standard-toothed-bars&#8221; _builder_version=&#8221;4.27.4&#8243; _module_preset=&#8221;default&#8221; header_level=&#8221;h3&#8243; header_font=&#8221;Frank Ruhl Libre||||||||&#8221; header_text_align=&#8221;center&#8221; global_colors_info=&#8221;{}&#8221;][\/et_pb_blurb][\/et_pb_column][\/et_pb_row][et_pb_row column_structure=&#8221;1_3,1_3,1_3&#8243; _builder_version=&#8221;4.27.4&#8243; _module_preset=&#8221;default&#8221; global_colors_info=&#8221;{}&#8221;][et_pb_column type=&#8221;1_3&#8243; _builder_version=&#8221;4.27.4&#8243; _module_preset=&#8221;default&#8221; global_colors_info=&#8221;{}&#8221;][et_pb_blurb title=&#8221;HTD Timing Belt Pulleys with Taper Bores&#8221; image=&#8221;https:\/\/fmp-components.com\/wp-content\/uploads\/2025\/03\/taper-bore-timing-pulleys.webp&#8221; alt=&#8221;taper-bore-timing-pulleys&#8221; _builder_version=&#8221;4.27.4&#8243; _module_preset=&#8221;default&#8221; header_level=&#8221;h3&#8243; header_font=&#8221;Frank Ruhl Libre||||||||&#8221; header_text_align=&#8221;center&#8221; global_colors_info=&#8221;{}&#8221;][\/et_pb_blurb][\/et_pb_column][et_pb_column type=&#8221;1_3&#8243; _builder_version=&#8221;4.27.4&#8243; _module_preset=&#8221;default&#8221; global_colors_info=&#8221;{}&#8221;][\/et_pb_column][et_pb_column type=&#8221;1_3&#8243; _builder_version=&#8221;4.27.4&#8243; _module_preset=&#8221;default&#8221; global_colors_info=&#8221;{}&#8221;][\/et_pb_column][\/et_pb_row][et_pb_row make_equal=&#8221;on&#8221; _builder_version=&#8221;4.27.4&#8243; _module_preset=&#8221;default&#8221; width=&#8221;100%&#8221; max_width=&#8221;1500px&#8221; global_colors_info=&#8221;{}&#8221;][et_pb_column type=&#8221;4_4&#8243; _builder_version=&#8221;4.27.4&#8243; _module_preset=&#8221;default&#8221; global_colors_info=&#8221;{}&#8221;][et_pb_divider color=&#8221;gcid-1df04c5f-e996-4504-8faa-0a9ef0da2d4d&#8221; _builder_version=&#8221;4.27.4&#8243; _module_preset=&#8221;default&#8221; global_colors_info=&#8221;{%22gcid-1df04c5f-e996-4504-8faa-0a9ef0da2d4d%22:%91%22color%22%93}&#8221;][\/et_pb_divider][\/et_pb_column][\/et_pb_row][et_pb_row _builder_version=&#8221;4.27.4&#8243; _module_preset=&#8221;default&#8221; global_colors_info=&#8221;{}&#8221;][et_pb_column type=&#8221;4_4&#8243; _builder_version=&#8221;4.27.4&#8243; _module_preset=&#8221;default&#8221; global_colors_info=&#8221;{}&#8221;][et_pb_text _builder_version=&#8221;4.27.4&#8243; _module_preset=&#8221;default&#8221; header_3_font=&#8221;Frank Ruhl Libre||||||||&#8221; header_3_text_align=&#8221;center&#8221; header_3_font_size=&#8221;35px&#8221; global_colors_info=&#8221;{}&#8221;]<\/p>\n<h3 style=\"text-align: center;\"><span>Ameryka\u0144skie standardowe ko\u0142a z\u0119bate rozrz\u0105du<\/span><\/h3>\n<p>[\/et_pb_text][et_pb_text _builder_version=&#8221;4.27.4&#8243; _module_preset=&#8221;default&#8221; global_colors_info=&#8221;{}&#8221;]<\/p>\n<table style=\"border-collapse: collapse; width: 100%;\">\n<tbody>\n<tr>\n<td align=\"center\" width=\"23%\">\n<p align=\"center\"><strong>Typ<\/strong><\/p>\n<\/td>\n<td align=\"center\" width=\"19%\">\n<p align=\"center\"><strong>Z\u0119by nr.\u00a0<\/strong><\/p>\n<\/td>\n<td align=\"center\" width=\"24%\">\n<p align=\"center\"><strong>Typ<\/strong><\/p>\n<\/td>\n<td align=\"center\" width=\"17%\">\n<p align=\"center\"><strong>Z\u0119by nr.\u00a0<\/strong><\/p>\n<\/td>\n<\/tr>\n<tr>\n<td colspan=\"2\" align=\"center\" width=\"23%\"><em><strong>XL 1\/5\u201d skok<\/strong><\/em><\/td>\n<td colspan=\"2\" align=\"center\" width=\"24%\"><em><strong>H 1\/2&#039;&#039; skok<\/strong><\/em><\/td>\n<\/tr>\n<tr>\n<td align=\"center\" width=\"23%\">\n<p align=\"center\">XL037 Minimalny otw\u00f3r cylindryczny<\/p>\n<\/td>\n<td align=\"center\" width=\"19%\">\n<p align=\"center\">10~72<\/p>\n<\/td>\n<td align=\"center\" width=\"24%\">H100 Minimalny otw\u00f3r p\u0142ask<\/td>\n<td align=\"center\" width=\"17%\">14~28<\/td>\n<\/tr>\n<tr>\n<td colspan=\"2\" align=\"center\" width=\"23%\">\n<p align=\"center\"><em><strong>Rozstaw 3\/8\u201d<\/strong><\/em><\/p>\n<\/td>\n<td align=\"center\" width=\"24%\">Typ H100 QD<\/td>\n<td align=\"center\" width=\"17%\">14~120<\/td>\n<\/tr>\n<tr>\n<td align=\"center\" width=\"23%\">\n<p align=\"center\">L050 Minimalny otw\u00f3r p\u0142ask<\/p>\n<\/td>\n<td align=\"center\" width=\"19%\">\n<p align=\"center\">10~32<\/p>\n<\/td>\n<td>\n<p align=\"center\">H100 Typ tulei sto\u017ckowej<\/p>\n<\/td>\n<td>\n<p align=\"center\">14~60<\/p>\n<\/td>\n<\/tr>\n<tr>\n<td align=\"center\" width=\"23%\">\n<p align=\"center\">Typ L050 QD<\/p>\n<\/td>\n<td align=\"center\" width=\"19%\">\n<p align=\"center\">18~84<\/p>\n<\/td>\n<td align=\"center\" width=\"24%\">H150 Minimalny otw\u00f3r g\u0142adki<\/td>\n<td align=\"center\" width=\"17%\">14~26<\/td>\n<\/tr>\n<tr>\n<td>\n<p align=\"center\">L050 Typ tulei sto\u017ckowej<\/p>\n<\/td>\n<td>\n<p align=\"center\">18~60<\/p>\n<\/td>\n<td align=\"center\" width=\"24%\">Typ H150 QD<\/td>\n<td align=\"center\" width=\"17%\">14~120<\/td>\n<\/tr>\n<tr>\n<td>\n<p align=\"center\">L075 Minimalny otw\u00f3r p\u0142ask<\/p>\n<\/td>\n<td>\n<p align=\"center\">12~32<\/p>\n<\/td>\n<td>\n<p align=\"center\">H150 Typ tulei sto\u017ckowej<\/p>\n<\/td>\n<td>\n<p align=\"center\">14~60<\/p>\n<\/td>\n<\/tr>\n<tr>\n<td>\n<p align=\"center\">Typ L075 QD<\/p>\n<\/td>\n<td>\n<p align=\"center\">18~84<\/p>\n<\/td>\n<td align=\"center\" width=\"24%\">H200 Minimalny otw\u00f3r g\u0142adki<\/td>\n<td align=\"center\" width=\"17%\">14~26<\/td>\n<\/tr>\n<tr>\n<td>\n<p align=\"center\">L075 Typ tulei sto\u017ckowej<\/p>\n<\/td>\n<td>\n<p align=\"center\">18~60<\/p>\n<\/td>\n<td align=\"center\" width=\"24%\">Typ H200 QD<\/td>\n<td align=\"center\" width=\"17%\">16~120<\/td>\n<\/tr>\n<tr>\n<td align=\"center\" width=\"23%\">\n<p align=\"center\">L100 Minimalny otw\u00f3r p\u0142ask<\/p>\n<\/td>\n<td align=\"center\" width=\"19%\">\n<p align=\"center\">14~32<\/p>\n<\/td>\n<td>\n<p align=\"center\">H200 Typ tulei sto\u017ckowej<\/p>\n<\/td>\n<td>\n<p align=\"center\">16~60<\/p>\n<\/td>\n<\/tr>\n<tr>\n<td>\n<p align=\"center\">Typ L100 QD<\/p>\n<\/td>\n<td>\n<p align=\"center\">18~84<\/p>\n<\/td>\n<td align=\"center\" width=\"24%\">H300 Minimalny otw\u00f3r g\u0142adki<\/td>\n<td align=\"center\" width=\"17%\">16<\/td>\n<\/tr>\n<tr>\n<td>\n<p align=\"center\">L100 Typ tulei sto\u017ckowej<\/p>\n<\/td>\n<td>\n<p align=\"center\">18~60<\/p>\n<\/td>\n<td align=\"center\" width=\"24%\">Typ H300 QD<\/td>\n<td align=\"center\" width=\"17%\">22~120<\/td>\n<\/tr>\n<tr>\n<td>\n<p align=\"center\">\n<\/td>\n<td>\n<p align=\"center\">\n<\/td>\n<td>\n<p align=\"center\">H300 Typ tulei sto\u017ckowej<\/p>\n<\/td>\n<td>\n<p align=\"center\">18~60<\/p>\n<\/td>\n<\/tr>\n<tr>\n<td colspan=\"4\">\n<p align=\"center\"><em><strong>XH 7\/8\u201d skok<\/strong><\/em><\/p>\n<\/td>\n<\/tr>\n<tr>\n<td>\n<p align=\"center\">XH200 Minimalny otw\u00f3r p\u0142aski<\/p>\n<\/td>\n<td>\n<p align=\"center\">18~20<\/p>\n<\/td>\n<td>XH300 Minimalny otw\u00f3r p\u0142aski<\/td>\n<td>18~20<\/td>\n<\/tr>\n<tr>\n<td>\n<p align=\"center\">XH200 Typ tulei sto\u017ckowej<\/p>\n<\/td>\n<td>\n<p align=\"center\">22~60<\/p>\n<\/td>\n<td>\n<p align=\"center\">XH300 Typ tulei sto\u017ckowej<\/p>\n<\/td>\n<td>\n<p align=\"center\">22~60<\/p>\n<\/td>\n<\/tr>\n<tr>\n<td>\n<p align=\"center\">\n<\/td>\n<td>\n<p align=\"center\">\n<\/td>\n<td>\n<p align=\"center\">Typ XH400 QD<\/p>\n<\/td>\n<td>\n<p align=\"center\">20~120<\/p>\n<\/td>\n<\/tr>\n<\/tbody>\n<\/table>\n<p>[\/et_pb_text][\/et_pb_column][\/et_pb_row][et_pb_row _builder_version=&#8221;4.27.4&#8243; _module_preset=&#8221;default&#8221; width=&#8221;100%&#8221; max_width=&#8221;1500px&#8221; global_colors_info=&#8221;{}&#8221;][et_pb_column type=&#8221;4_4&#8243; _builder_version=&#8221;4.27.4&#8243; _module_preset=&#8221;default&#8221; global_colors_info=&#8221;{}&#8221;][et_pb_divider color=&#8221;gcid-1df04c5f-e996-4504-8faa-0a9ef0da2d4d&#8221; _builder_version=&#8221;4.27.4&#8243; _module_preset=&#8221;default&#8221; global_colors_info=&#8221;{%22gcid-1df04c5f-e996-4504-8faa-0a9ef0da2d4d%22:%91%22color%22%93}&#8221;][\/et_pb_divider][\/et_pb_column][\/et_pb_row][et_pb_row _builder_version=&#8221;4.27.4&#8243; _module_preset=&#8221;default&#8221; global_colors_info=&#8221;{}&#8221;][et_pb_column type=&#8221;4_4&#8243; _builder_version=&#8221;4.27.4&#8243; _module_preset=&#8221;default&#8221; global_colors_info=&#8221;{}&#8221;][et_pb_text _builder_version=&#8221;4.27.4&#8243; _module_preset=&#8221;default&#8221; header_3_font=&#8221;Frank Ruhl Libre||||||||&#8221; header_3_text_align=&#8221;center&#8221; header_3_font_size=&#8221;35px&#8221; global_colors_info=&#8221;{}&#8221;]<\/p>\n<h3 style=\"text-align: center;\">Typ k\u00f3\u0142 pasowych paska rozrz\u0105du<\/h3>\n<p>[\/et_pb_text][et_pb_text _builder_version=&#8221;4.27.4&#8243; _module_preset=&#8221;default&#8221; global_colors_info=&#8221;{}&#8221;]<\/p>\n<table style=\"border-collapse: collapse; width: 100%; height: 96px;\">\n<tbody>\n<tr style=\"height: 24px;\">\n<td style=\"height: 24px;\">Ko\u0142o pasowe paska rozrz\u0105du typu MXL<\/td>\n<td style=\"height: 24px;\">Ko\u0142o pasowe paska rozrz\u0105du typu S2M<\/td>\n<td style=\"height: 24px;\">Ko\u0142o pasowe paska rozrz\u0105du typu HTD3M<\/td>\n<td style=\"height: 24px;\">Typ P2M\/P3M\/P8M<\/td>\n<\/tr>\n<tr style=\"height: 24px;\">\n<td style=\"height: 24px;\">Ko\u0142o pasowe paska rozrz\u0105du typu XL<\/td>\n<td style=\"height: 24px;\">Ko\u0142o pasowe paska rozrz\u0105du typu S3M<\/td>\n<td style=\"height: 24px;\">Ko\u0142o pasowe paska rozrz\u0105du typu HTD5M<\/td>\n<td style=\"height: 24px;\">Typ 2GT\/3GT\/5GT<\/td>\n<\/tr>\n<tr style=\"height: 24px;\">\n<td style=\"height: 24px;\">Ko\u0142o pasowe paska rozrz\u0105du typu L<\/td>\n<td style=\"height: 24px;\">Ko\u0142o pasowe paska rozrz\u0105du typu S5M<\/td>\n<td style=\"height: 24px;\">Ko\u0142o pasowe paska rozrz\u0105du typu HTD8M<\/td>\n<td style=\"height: 24px;\">Typ T5\/T10\/T20<\/td>\n<\/tr>\n<tr style=\"height: 24px;\">\n<td style=\"height: 24px;\">Ko\u0142o pasowe paska rozrz\u0105du typu H<\/td>\n<td style=\"height: 24px;\">Ko\u0142o pasowe paska rozrz\u0105du typu S8M<\/td>\n<td style=\"height: 24px;\"><\/td>\n<td style=\"height: 24px;\">Typ AT5\/AT10\/AT20<\/td>\n<\/tr>\n<\/tbody>\n<\/table>\n<p>[\/et_pb_text][\/et_pb_column][\/et_pb_row][\/et_pb_section][et_pb_section fb_built=&#8221;1&#8243; _builder_version=&#8221;4.27.4&#8243; _module_preset=&#8221;default&#8221; global_colors_info=&#8221;{}&#8221;][et_pb_row _builder_version=&#8221;4.27.4&#8243; _module_preset=&#8221;default&#8221; global_colors_info=&#8221;{}&#8221;][et_pb_column type=&#8221;4_4&#8243; _builder_version=&#8221;4.27.4&#8243; _module_preset=&#8221;default&#8221; global_colors_info=&#8221;{}&#8221;][et_pb_image src=&#8221;https:\/\/fmp-components.com\/wp-content\/uploads\/2025\/03\/timing-pulley-2.webp&#8221; alt=&#8221;Timing Pulley&#8221; title_text=&#8221;timing-pulley-2&#8243; _builder_version=&#8221;4.27.4&#8243; _module_preset=&#8221;default&#8221; global_colors_info=&#8221;{}&#8221;][\/et_pb_image][\/et_pb_column][\/et_pb_row][\/et_pb_section]<\/p>","protected":false},"excerpt":{"rendered":"<p>Timing PulleysAt FMP Company, we specialize in producing a wide variety of Timing Pulleys to meet diverse industrial needs. We also offer customization services to ensure you get the exact specifications required for your project. If you don\u2019t find the model you need in our product list, it simply means we haven\u2019t had the chance [&hellip;]<\/p>","protected":false},"author":2,"featured_media":0,"parent":0,"menu_order":0,"comment_status":"closed","ping_status":"closed","template":"","meta":{"_et_pb_use_builder":"on","_et_pb_old_content":"","_et_gb_content_width":"","footnotes":""},"class_list":["post-6080","page","type-page","status-publish","hentry"],"_links":{"self":[{"href":"https:\/\/fmp-components.com\/pl\/wp-json\/wp\/v2\/pages\/6080","targetHints":{"allow":["GET"]}}],"collection":[{"href":"https:\/\/fmp-components.com\/pl\/wp-json\/wp\/v2\/pages"}],"about":[{"href":"https:\/\/fmp-components.com\/pl\/wp-json\/wp\/v2\/types\/page"}],"author":[{"embeddable":true,"href":"https:\/\/fmp-components.com\/pl\/wp-json\/wp\/v2\/users\/2"}],"replies":[{"embeddable":true,"href":"https:\/\/fmp-components.com\/pl\/wp-json\/wp\/v2\/comments?post=6080"}],"version-history":[{"count":15,"href":"https:\/\/fmp-components.com\/pl\/wp-json\/wp\/v2\/pages\/6080\/revisions"}],"predecessor-version":[{"id":6325,"href":"https:\/\/fmp-components.com\/pl\/wp-json\/wp\/v2\/pages\/6080\/revisions\/6325"}],"wp:attachment":[{"href":"https:\/\/fmp-components.com\/pl\/wp-json\/wp\/v2\/media?parent=6080"}],"curies":[{"name":"wp","href":"https:\/\/api.w.org\/{rel}","templated":true}]}}