{"id":5823,"date":"2025-02-24T07:58:06","date_gmt":"2025-02-24T07:58:06","guid":{"rendered":"https:\/\/fmp-components.com\/?page_id=8"},"modified":"2025-03-10T01:14:10","modified_gmt":"2025-03-10T01:14:10","slug":"plastic-chain","status":"publish","type":"page","link":"https:\/\/fmp-components.com\/pl\/plastic-chain\/","title":{"rendered":"\u0141a\u0144cuch plastikowy"},"content":{"rendered":"<p>[et_pb_section fb_built=&#8221;1&#8243; _builder_version=&#8221;4.27.4&#8243; _module_preset=&#8221;default&#8221; use_background_color_gradient=&#8221;on&#8221; background_color_gradient_stops=&#8221;rgba(0,0,0,0.45) 0%|rgba(0,0,0,0.54) 100%&#8221; background_color_gradient_overlays_image=&#8221;on&#8221; background_image=&#8221;https:\/\/fmp-components.com\/wp-content\/uploads\/2025\/02\/plastic-chain-banner.webp&#8221; min_height=&#8221;429px&#8221; global_colors_info=&#8221;{}&#8221;][et_pb_row _builder_version=&#8221;4.27.4&#8243; _module_preset=&#8221;default&#8221; global_colors_info=&#8221;{}&#8221;][et_pb_column type=&#8221;4_4&#8243; _builder_version=&#8221;4.27.4&#8243; _module_preset=&#8221;default&#8221; global_colors_info=&#8221;{}&#8221;][et_pb_text _builder_version=&#8221;4.27.4&#8243; _module_preset=&#8221;default&#8221; header_font=&#8221;Frank Ruhl Libre||||||||&#8221; header_text_color=&#8221;#FFFFFF&#8221; header_font_size=&#8221;70px&#8221; header_text_shadow_style=&#8221;preset1&#8243; global_colors_info=&#8221;{}&#8221;]<\/p>\n<h1 style=\"text-align: center;\">\u0141a\u0144cuch plastikowy<\/h1>\n<p>[\/et_pb_text][et_pb_text _builder_version=&#8221;4.27.4&#8243; _module_preset=&#8221;default&#8221; text_text_color=&#8221;#FFFFFF&#8221; text_font_size=&#8221;16px&#8221; text_line_height=&#8221;1.8em&#8221; global_colors_info=&#8221;{}&#8221;]<\/p>\n<p style=\"text-align: center;\">Firma FMP produkuje szerok\u0105 gam\u0119 \u0142a\u0144cuch\u00f3w z tworzyw sztucznych, oferuj\u0105c rozwi\u0105zania dostosowane do zr\u00f3\u017cnicowanych potrzeb bran\u017cowych. Oferujemy produkty standardowe, jak r\u00f3wnie\u017c opcje dostosowane do indywidualnych wymaga\u0144. Je\u015bli poszukiwany model nie znajduje si\u0119 w naszym katalogu produkt\u00f3w, by\u0107 mo\u017ce nie zosta\u0142 jeszcze dodany. Prosimy o kontakt mailowy w sprawie konkretnych modeli, a nasz zesp\u00f3\u0142 ch\u0119tnie udzieli Pa\u0144stwu pomocy.<\/p>\n<p>[\/et_pb_text][\/et_pb_column][\/et_pb_row][\/et_pb_section][et_pb_section fb_built=&#8221;1&#8243; _builder_version=&#8221;4.27.4&#8243; _module_preset=&#8221;default&#8221; global_colors_info=&#8221;{}&#8221;][et_pb_row _builder_version=&#8221;4.27.4&#8243; _module_preset=&#8221;default&#8221; global_colors_info=&#8221;{}&#8221;][et_pb_column type=&#8221;4_4&#8243; _builder_version=&#8221;4.27.4&#8243; _module_preset=&#8221;default&#8221; global_colors_info=&#8221;{}&#8221;][et_pb_text _builder_version=&#8221;4.27.4&#8243; _module_preset=&#8221;default&#8221; header_2_font=&#8221;Frank Ruhl Libre||||||||&#8221; header_2_font_size=&#8221;35px&#8221; hover_enabled=&#8221;0&#8243; global_colors_info=&#8221;{}&#8221; sticky_enabled=&#8221;0&#8243;]<\/p>\n<h2 style=\"text-align: center;\">\u0141a\u0144cuch plastikowy<\/h2>\n<p>[\/et_pb_text][\/et_pb_column][\/et_pb_row][et_pb_row column_structure=&#8221;1_3,1_3,1_3&#8243; _builder_version=&#8221;4.27.4&#8243; _module_preset=&#8221;default&#8221; global_colors_info=&#8221;{}&#8221;][et_pb_column type=&#8221;1_3&#8243; _builder_version=&#8221;4.27.4&#8243; _module_preset=&#8221;default&#8221; global_colors_info=&#8221;{}&#8221;][et_pb_blurb title=&#8221;Plastic Flat Top Chains&#8221; image=&#8221;https:\/\/fmp-components.com\/wp-content\/uploads\/2025\/02\/Plastic-Flat-Top-Chains-1.webp&#8221; alt=&#8221;Plastic-Flat-Top-Chains&#8221; _builder_version=&#8221;4.27.4&#8243; _module_preset=&#8221;default&#8221; header_level=&#8221;h3&#8243; header_font=&#8221;Frank Ruhl Libre||||||||&#8221; header_text_align=&#8221;center&#8221; global_colors_info=&#8221;{}&#8221;][\/et_pb_blurb][\/et_pb_column][et_pb_column type=&#8221;1_3&#8243; _builder_version=&#8221;4.27.4&#8243; _module_preset=&#8221;default&#8221; global_colors_info=&#8221;{}&#8221;][et_pb_blurb title=&#8221;Plastic Flexible Chains&#8221; image=&#8221;https:\/\/fmp-components.com\/wp-content\/uploads\/2025\/02\/plastic-Flexible-Chains.webp&#8221; alt=&#8221;plastic-Flexible-Chains&#8221; _builder_version=&#8221;4.27.4&#8243; _module_preset=&#8221;default&#8221; header_level=&#8221;h3&#8243; header_font=&#8221;Frank Ruhl Libre||||||||&#8221; header_text_align=&#8221;center&#8221; global_colors_info=&#8221;{}&#8221;][\/et_pb_blurb][\/et_pb_column][et_pb_column type=&#8221;1_3&#8243; _builder_version=&#8221;4.27.4&#8243; _module_preset=&#8221;default&#8221; global_colors_info=&#8221;{}&#8221;][et_pb_blurb title=&#8221;Plastic Case Conveyor Chains&#8221; image=&#8221;https:\/\/fmp-components.com\/wp-content\/uploads\/2025\/02\/plastic-Case-Conveyor-Chain.webp&#8221; alt=&#8221;Plastic Case Conveyor Chains&#8221; _builder_version=&#8221;4.27.4&#8243; _module_preset=&#8221;default&#8221; header_level=&#8221;h3&#8243; header_font=&#8221;Frank Ruhl Libre||||||||&#8221; header_text_align=&#8221;center&#8221; global_colors_info=&#8221;{}&#8221;][\/et_pb_blurb][\/et_pb_column][\/et_pb_row][et_pb_row column_structure=&#8221;1_3,1_3,1_3&#8243; _builder_version=&#8221;4.27.4&#8243; _module_preset=&#8221;default&#8221; global_colors_info=&#8221;{}&#8221;][et_pb_column type=&#8221;1_3&#8243; _builder_version=&#8221;4.27.4&#8243; _module_preset=&#8221;default&#8221; global_colors_info=&#8221;{}&#8221;][et_pb_blurb title=&#8221;Plastic Multiflex Chains&#8221; image=&#8221;https:\/\/fmp-components.com\/wp-content\/uploads\/2025\/02\/plastic-Multiflex-Chain.webp&#8221; alt=&#8221;Plastic Multiflex Chains&#8221; _builder_version=&#8221;4.27.4&#8243; _module_preset=&#8221;default&#8221; header_level=&#8221;h3&#8243; header_font=&#8221;Frank Ruhl Libre||||||||&#8221; header_text_align=&#8221;center&#8221; global_colors_info=&#8221;{}&#8221;][\/et_pb_blurb][\/et_pb_column][et_pb_column type=&#8221;1_3&#8243; _builder_version=&#8221;4.27.4&#8243; _module_preset=&#8221;default&#8221; global_colors_info=&#8221;{}&#8221;][et_pb_blurb title=&#8221;Plastic Special Chains&#8221; image=&#8221;https:\/\/fmp-components.com\/wp-content\/uploads\/2025\/02\/plastic-special-chain.webp&#8221; alt=&#8221;Plastic Special Chains&#8221; _builder_version=&#8221;4.27.4&#8243; _module_preset=&#8221;default&#8221; header_level=&#8221;h3&#8243; header_font=&#8221;Frank Ruhl Libre||||||||&#8221; header_text_align=&#8221;center&#8221; global_colors_info=&#8221;{}&#8221;][\/et_pb_blurb][\/et_pb_column][et_pb_column type=&#8221;1_3&#8243; _builder_version=&#8221;4.27.4&#8243; _module_preset=&#8221;default&#8221; global_colors_info=&#8221;{}&#8221;][et_pb_blurb title=&#8221;Plastic Modular Belts&#8221; image=&#8221;https:\/\/fmp-components.com\/wp-content\/uploads\/2025\/02\/Plastic-Modular-Belts.webp&#8221; alt=&#8221;Plastic Modular Belts&#8221; _builder_version=&#8221;4.27.4&#8243; _module_preset=&#8221;default&#8221; header_level=&#8221;h3&#8243; header_font=&#8221;Frank Ruhl Libre||||||||&#8221; header_text_align=&#8221;center&#8221; global_colors_info=&#8221;{}&#8221;][\/et_pb_blurb][\/et_pb_column][\/et_pb_row][\/et_pb_section][et_pb_section fb_built=&#8221;1&#8243; _builder_version=&#8221;4.27.4&#8243; _module_preset=&#8221;default&#8221; use_background_color_gradient=&#8221;on&#8221; background_color_gradient_stops=&#8221;rgba(0,0,0,0.26) 0%|rgba(0,0,0,0.22) 100%&#8221; background_color_gradient_overlays_image=&#8221;on&#8221; background_image=&#8221;https:\/\/fmp-components.com\/wp-content\/uploads\/2025\/02\/plastic-Chain-1.webp&#8221; global_colors_info=&#8221;{}&#8221;][et_pb_row _builder_version=&#8221;4.27.4&#8243; _module_preset=&#8221;default&#8221; global_colors_info=&#8221;{}&#8221;][et_pb_column type=&#8221;4_4&#8243; _builder_version=&#8221;4.27.4&#8243; _module_preset=&#8221;default&#8221; global_colors_info=&#8221;{}&#8221;][et_pb_text _builder_version=&#8221;4.27.4&#8243; _module_preset=&#8221;default&#8221; header_2_font=&#8221;Frank Ruhl Libre||||||||&#8221; header_2_text_color=&#8221;#FFFFFF&#8221; header_2_font_size=&#8221;45px&#8221; global_colors_info=&#8221;{}&#8221;]<\/p>\n<h2>Producent \u0142a\u0144cuch\u00f3w plastikowych<\/h2>\n<p>[\/et_pb_text][et_pb_text _builder_version=&#8221;4.27.4&#8243; _module_preset=&#8221;default&#8221; text_text_color=&#8221;#FFFFFF&#8221; text_font_size=&#8221;16px&#8221; text_line_height=&#8221;1.8em&#8221; global_colors_info=&#8221;{}&#8221;]<\/p>\n<p>FMP to czo\u0142owy producent \u0142a\u0144cuch\u00f3w plastikowych, kt\u00f3re doskonale nadaj\u0105 si\u0119 do przenoszenia ma\u0142ej mocy. Te plastikowe \u0142a\u0144cuchy rolkowe s\u0105 lekk\u0105, wytrzyma\u0142\u0105 i ekonomiczn\u0105 opcj\u0105 w por\u00f3wnaniu z tradycyjnymi \u0142a\u0144cuchami metalowymi.<\/p>\n<p>Nasze \u0142a\u0144cuchy plastikowe doskonale sprawdzaj\u0105 si\u0119 w systemach przeno\u015bnikowych, w tym w przetw\u00f3rstwie \u017cywno\u015bci. Wykonane s\u0105 z materia\u0142\u00f3w takich jak acetal, nylon, poliamid i polipropylen, co zapewnia im odporno\u015b\u0107 na zu\u017cycie, dzia\u0142anie chemikali\u00f3w i zmiany temperatury, dzi\u0119ki czemu s\u0142u\u017c\u0105 przez d\u0142ugi czas. Nylon jest popularnym wyborem, poniewa\u017c nie rozci\u0105ga si\u0119 i pewnie trzyma si\u0119 k\u00f3\u0142 z\u0119batych.<\/p>\n<p>Do trudniejszych zada\u0144 oferujemy r\u00f3wnie\u017c wytrzyma\u0142e \u0142a\u0144cuchy plastikowe z acetalu, kt\u00f3re charakteryzuj\u0105 si\u0119 wyj\u0105tkow\u0105 trwa\u0142o\u015bci\u0105. Co wi\u0119cej, nasze \u0142a\u0144cuchy plastikowe s\u0105 \u0142atwe w monta\u017cu i demonta\u017cu \u2013 bez u\u017cycia specjalnych narz\u0119dzi \u2013 i nie wymagaj\u0105 dodatkowych ogniw \u0142\u0105cz\u0105cych.<\/p>\n<p>Plastikowe \u0142a\u0144cuchy rolkowe FMP s\u0105 dost\u0119pne w rozmiarach ANSI #25, #35 i #40. Sprzedawane s\u0105 w paczkach o d\u0142ugo\u015bci 10 st\u00f3p (3 m), ale mo\u017cemy r\u00f3wnie\u017c wykona\u0107 \u0142a\u0144cuchy o niestandardowych d\u0142ugo\u015bciach i rozmiarach, je\u015bli zajdzie taka potrzeba. \u0141a\u0144cuchy te s\u0105 wykonane z r\u00f3\u017cnych materia\u0142\u00f3w, aby pasowa\u0142y do \u200b\u200bka\u017cdego rodzaju pracy.<\/p>\n<p><strong>Dlaczego warto wybra\u0107 FMP?<\/strong><\/p>\n<ul>\n<li><strong>Jako\u015b\u0107<\/strong>:Ka\u017cdy produkt jest starannie sprawdzany, aby mie\u0107 pewno\u015b\u0107, \u017ce jest wytrzyma\u0142y i dobrze dzia\u0142a.<\/li>\n<li><strong>Wyprodukowano we W\u0142oszech<\/strong>Nasze \u0142a\u0144cuchy powstaj\u0105 we W\u0142oszech, kraju znanym z wytwarzania produkt\u00f3w wysokiej jako\u015bci.<\/li>\n<\/ul>\n<p>Niezale\u017cnie od tego, czy potrzebujesz standardowego \u0142a\u0144cucha czy czego\u015b specjalnego, FMP pomo\u017ce Ci znale\u017a\u0107 niezawodne i niedrogie rozwi\u0105zania w zakresie \u0142a\u0144cuch\u00f3w plastikowych.<\/p>\n<p>[\/et_pb_text][\/et_pb_column][\/et_pb_row][\/et_pb_section]<\/p>","protected":false},"excerpt":{"rendered":"<p>Plastic ChainFMP manufactures a wide variety of Plastic Chains, offering solutions tailored to meet diverse industry needs. We provide standard products as well as customized options to suit specific requirements. If the model you are looking for is not listed in our product catalog, it may not have been uploaded yet. Please feel free to [&hellip;]<\/p>","protected":false},"author":2,"featured_media":0,"parent":0,"menu_order":0,"comment_status":"closed","ping_status":"closed","template":"","meta":{"_et_pb_use_builder":"on","_et_pb_old_content":"","_et_gb_content_width":"","footnotes":""},"class_list":["post-5823","page","type-page","status-publish","hentry"],"_links":{"self":[{"href":"https:\/\/fmp-components.com\/pl\/wp-json\/wp\/v2\/pages\/5823","targetHints":{"allow":["GET"]}}],"collection":[{"href":"https:\/\/fmp-components.com\/pl\/wp-json\/wp\/v2\/pages"}],"about":[{"href":"https:\/\/fmp-components.com\/pl\/wp-json\/wp\/v2\/types\/page"}],"author":[{"embeddable":true,"href":"https:\/\/fmp-components.com\/pl\/wp-json\/wp\/v2\/users\/2"}],"replies":[{"embeddable":true,"href":"https:\/\/fmp-components.com\/pl\/wp-json\/wp\/v2\/comments?post=5823"}],"version-history":[{"count":5,"href":"https:\/\/fmp-components.com\/pl\/wp-json\/wp\/v2\/pages\/5823\/revisions"}],"predecessor-version":[{"id":6357,"href":"https:\/\/fmp-components.com\/pl\/wp-json\/wp\/v2\/pages\/5823\/revisions\/6357"}],"wp:attachment":[{"href":"https:\/\/fmp-components.com\/pl\/wp-json\/wp\/v2\/media?parent=5823"}],"curies":[{"name":"wp","href":"https:\/\/api.w.org\/{rel}","templated":true}]}}