{"id":5631,"date":"2025-02-24T07:08:54","date_gmt":"2025-02-24T07:08:54","guid":{"rendered":"https:\/\/fmp-components.com\/?page_id=8"},"modified":"2025-03-13T01:13:50","modified_gmt":"2025-03-13T01:13:50","slug":"turning-and-milling","status":"publish","type":"page","link":"https:\/\/fmp-components.com\/pl\/turning-and-milling\/","title":{"rendered":"Toczenie i frezowanie"},"content":{"rendered":"<p>[et_pb_section fb_built=\u201d1\u2033 _builder_version=\u201d4.27.4\u2033 _module_preset=\u201ddomy\u015blny\u201d background_image=\u201dhttps:\/\/fmp-components.com\/wp-content\/uploads\/2025\/02\/turning-And-milling-banner-3.webp\u201d min_height=\u201d450px\u201d hover_enabled=\u201d0\u2033 global_colors_info=\u201d{}\u201d use_background_color_gradient=\u201don\u201d background_color_gradient_stops=\u201drgba(0,0,0,0.21) 0%|rgba(0,0,0,0.25) 100%\u201d background_color_gradient_overlays_image=\u201don\u201d sticky_enabled=\u201d0\u2033][et_pb_row _builder_version=\u201d4.27.4\u2033 _module_preset=\u201ddomy\u015blny\u201d global_colors_info=\u201d{}\u201d][et_pb_column type=\u201d4_4\u2033 _builder_version=\u201d4.27.4\u2033 _module_preset=\u201ddomy\u015blny\u201d global_colors_info=\u201d{}\u201d][et_pb_text _builder_version=\u201d4.27.4\u2033 _module_preset=\u201ddomy\u015blny\u201d header_font=\u201dFrank Ruhl Libre||||||||\u201d tekst_nag\u0142\u00f3wka_wyr\u00f3wnany=\u201d\u015brodek\u201d kolor_tekstu_nag\u0142\u00f3wka=\u201d#FFFFFF\u201d rozmiar_czcionki_nag\u0142\u00f3wka=\u201d70px\u201d niestandardowy_margines=\u201d80px||||false|false\u201d hover_enabled=\u201d0\u2033 cie\u0144_tekstu_nag\u0142\u00f3wka=\u201dpreset1\u2033 global_colors_info=\u201d{}\u201d sticky_enabled=\u201d0\u2033]<\/p>\n<h1>Toczenie i frezowanie<\/h1>\n<p>[\/et_pb_text][et_pb_text _builder_version=\u201d4.27.4\u2033 _module_preset=\u201ddomy\u015blny\u201d text_text_color=\u201d#FFFFFF\u201d text_text_shadow_style=\u201dpreset1\u2033 text_orientation=\u201d\u015brodek\u201d hover_enabled=\u201d0\u2033 sticky_enabled=\u201d0\u2033]<\/p>\n<p>W firmie FMP specjalizujemy si\u0119 w produkcji szerokiej gamy produkt\u00f3w w procesach toczenia i frezowania, dostosowanych do r\u00f3\u017cnych bran\u017c i zastosowa\u0144. Oferujemy r\u00f3wnie\u017c rozwi\u0105zania dostosowane do indywidualnych potrzeb. Je\u015bli nie znajdziesz interesuj\u0105cego Ci\u0119 produktu na naszej li\u015bcie, oznacza to po prostu, \u017ce nie zd\u0105\u017cyli\u015bmy jej jeszcze zaktualizowa\u0107. Prosimy o przes\u0142anie nam maila ze swoimi wymaganiami, a nasi in\u017cynierowie skontaktuj\u0105 si\u0119 z Tob\u0105 w ci\u0105gu 24 godzin, udzielaj\u0105c spersonalizowanej odpowiedzi.<\/p>\n<p>[\/et_pb_text][\/et_pb_column][\/et_pb_row][\/et_pb_section][et_pb_section fb_built=\u201d1\u2033 _builder_version=\u201d4.27.4\u2033 _module_preset=\u201ddomy\u015blny\u201d global_colors_info=\u201d{}\u201d][et_pb_row _builder_version=\u201d4.27.4\u2033 _module_preset=\u201ddomy\u015blny\u201d global_colors_info=\u201d{}\u201d][et_pb_column type=\u201d4_4\u2033 _builder_version=\u201d4.27.4\u2033 _module_preset=\u201ddomy\u015blny\u201d global_colors_info=\u201d{}\u201d][et_pb_text _builder_version=\u201d4.27.4\u2033 _module_preset=\u201ddomy\u015blny\u201d header_2_font=\u201dFrank Ruhl Wolny||||||||\u201d header_2_font_size=\u201d40px\u201d global_colors_info=\u201d{}\u201d]<\/p>\n<h2 data-block-id=\"8bdff01f-821b-428b-acb9-f24c675e157e\" data-pm-slice=\"1 1 []\" style=\"text-align: center;\">Powi\u0105zane produkty<\/h2>\n<p>[\/et_pb_text][\/et_pb_column][\/et_pb_row][et_pb_row column_structure=\u201d1_3,1_3,1_3\u2033 _builder_version=\u201d4.27.4\u2033 _module_preset=\u201ddomy\u015blny\u201d global_colors_info=\u201d{}\u201d][et_pb_column type=\u201d1_3\u2033 _builder_version=\u201d4.27.4\u2033 _module_preset=\u201ddomy\u015blny\u201d global_colors_info=\u201d{}\u201d][et_pb_blurb title=\u201dNiestandardowa obr\u00f3bka CNC, toczenie i frezowanie metalu\u201d image=\u201dhttps:\/\/fmp-components.com\/wp-content\/uploads\/2025\/03\/turning-and-milling-product-2.webp\u201d alt=\u201dturning-and-milling-product\u201d _builder_version=\u201d4.27.4\u2033 _module_preset=\u201ddefault\u201d header_level=\u201dh3\u2033 header_text_align=\u201dcenter\u201d header_font_size=\u201d18px\u201d box_shadow_style=\u201dpreset1\u2033 global_colors_info=\u201d{}\u201d][\/et_pb_blurb][\/et_pb_column][et_pb_column type=\u201d1_3\u2033 _builder_version=\u201d4.27.4\u2033 _module_preset=\u201ddefault\u201d global_colors_info=\u201d{}\u201d][et_pb_blurb title=\u201dNiestandardowe cz\u0119\u015bci do obr\u00f3bki CNC frezowaniem\/niska cena fabryczna\u201d image=\u201dhttps:\/\/fmp-components.com\/wp-content\/uploads\/2025\/03\/turning-and-milling-product-3.webp\u201d alt=\u201dtoczenie-i-frezowanie-produkt\u201d _builder_version=\u201d4.27.4\u2033 _module_preset=\u201ddomy\u015blny\u201d header_level=\u201dh3\u2033 header_text_align=\u201dcenter\u201d header_font_size=\u201d18px\u201d box_shadow_style=\u201dpreset1\u2033 global_colors_info=\u201d{}\u201d][\/et_pb_blurb][\/et_pb_column][et_pb_column type=\u201d1_3\u2033 _builder_version=\u201d4.27.4\u2033 _module_preset=\u201ddomy\u015blny\u201d global_colors_info=\u201d{}\u201d][et_pb_blurb title=\u201dObr\u00f3bka metalu CNC Prototypy Frezowanie Cena fabryczna\u201d image=\u201dhttps:\/\/fmp-components.com\/wp-content\/uploads\/2025\/03\/turning-and-milling-product-4.webp\u201d alt=\u201dturning-and-milling-product\u201d _builder_version=\u201d4.27.4\u2033 _module_preset=\u201ddomy\u015blny\u201d header_level=\u201dh3\u2033 header_text_align=\u201dcenter\u201d header_font_size=\u201d18px\u201d box_shadow_style=\u201dpreset1\u2033 global_colors_info=\u201d{}\u201d][\/et_pb_blurb][\/et_pb_column][\/et_pb_row][et_pb_row column_structure=\u201d1_3,1_3,1_3\u2033 _builder_version=\u201d4.27.4\u2033 _module_preset=\u201ddomy\u015blny\u201d global_colors_info=\u201d{}\u201d][et_pb_column type=\u201d1_3\u2033 _builder_version=\u201d4.27.4\u2033 _module_preset=\u201ddomy\u015blny\u201d global_colors_info=\u201d{}\u201d][et_pb_blurb title=\u201dObr\u00f3bka CNC na zam\u00f3wienie, toczenie i frezowanie metalu\u201d image=\u201dhttps:\/\/fmp-components.com\/wp-content\/uploads\/2025\/03\/turning-and-milling-product-2.webp\u201d alt=\u201dturning-and-milling-product\u201d _builder_version=\u201d4.27.4\u2033 _module_preset=\u201ddomy\u015blny\u201d header_level=\u201dh3\u2033 header_text_align=\u201dcenter\u201d header_font_size=\u201d18px\u201d box_shadow_style=\u201dpreset1\u2033 global_colors_info=\u201d{}\u201d][\/et_pb_blurb][\/et_pb_column][et_pb_column type=\u201d1_3\u2033 _builder_version=\u201d4.27.4\u2033 _module_preset=\u201ddomy\u015blny\u201d global_colors_info=\u201d{}\u201d][et_pb_blurb title=\u201dNiestandardowe cz\u0119\u015bci do frezowania i obr\u00f3bki CNC\/Tanie ceny fabryczne\u201d image=\u201dhttps:\/\/fmp-components.com\/wp-content\/uploads\/2025\/03\/turning-and-milling-product-3.webp\u201d alt=\u201dturning-and-milling-product\u201d _builder_version=\u201d4.27.4\u2033 _module_preset=\u201ddomy\u015blny\u201d header_level=\u201dh3\u2033 header_text_align=\u201dcenter\u201d header_font_size=\u201d18px\u201d box_shadow_style=\u201dpreset1\u2033 global_colors_info=\u201d{}\u201d][\/et_pb_blurb][\/et_pb_column][et_pb_column type=\u201d1_3\u2033 _builder_version=\u201d4.27.4\u2033 _module_preset=\u201ddomy\u015blny\u201d global_colors_info=\u201d{}\u201d][et_pb_blurb title=\u201dCena bezpo\u015brednio z fabryki Obr\u00f3bka metalu CNC Prototypy Frezowanie\u201d image=\u201dhttps:\/\/fmp-components.com\/wp-content\/uploads\/2025\/03\/turning-and-milling-product-4.webp\u201d alt=\u201dturning-and-milling-product\u201d _builder_version=\u201d4.27.4\u2033 _module_preset=\u201ddomy\u015blny\u201d header_level=\u201dh3\u2033 header_text_align=\u201dcenter\u201d header_font_size=\u201d18px\u201d box_shadow_style=\u201dpreset1\u2033 global_colors_info=\u201d{}\u201d][\/et_pb_blurb][\/et_pb_column][\/et_pb_row][\/et_pb_section]<\/p>","protected":false},"excerpt":{"rendered":"<p>Toczenie i frezowanie. W firmie FMP specjalizujemy si\u0119 w produkcji szerokiej gamy produkt\u00f3w w procesach toczenia i frezowania, dostosowanych do r\u00f3\u017cnych bran\u017c i zastosowa\u0144. Oferujemy r\u00f3wnie\u017c rozwi\u0105zania dostosowane do indywidualnych potrzeb. Je\u015bli nie znajdziesz poszukiwanego produktu na naszej li\u015bcie, oznacza to po prostu, \u017ce nie mieli\u015bmy jeszcze [\u2026]<\/p>","protected":false},"author":2,"featured_media":0,"parent":0,"menu_order":0,"comment_status":"closed","ping_status":"closed","template":"","meta":{"_et_pb_use_builder":"on","_et_pb_old_content":"","_et_gb_content_width":"","footnotes":""},"class_list":["post-5631","page","type-page","status-publish","hentry"],"_links":{"self":[{"href":"https:\/\/fmp-components.com\/pl\/wp-json\/wp\/v2\/pages\/5631","targetHints":{"allow":["GET"]}}],"collection":[{"href":"https:\/\/fmp-components.com\/pl\/wp-json\/wp\/v2\/pages"}],"about":[{"href":"https:\/\/fmp-components.com\/pl\/wp-json\/wp\/v2\/types\/page"}],"author":[{"embeddable":true,"href":"https:\/\/fmp-components.com\/pl\/wp-json\/wp\/v2\/users\/2"}],"replies":[{"embeddable":true,"href":"https:\/\/fmp-components.com\/pl\/wp-json\/wp\/v2\/comments?post=5631"}],"version-history":[{"count":9,"href":"https:\/\/fmp-components.com\/pl\/wp-json\/wp\/v2\/pages\/5631\/revisions"}],"predecessor-version":[{"id":6936,"href":"https:\/\/fmp-components.com\/pl\/wp-json\/wp\/v2\/pages\/5631\/revisions\/6936"}],"wp:attachment":[{"href":"https:\/\/fmp-components.com\/pl\/wp-json\/wp\/v2\/media?parent=5631"}],"curies":[{"name":"wp","href":"https:\/\/api.w.org\/{rel}","templated":true}]}}