{"id":286,"date":"2024-12-09T03:50:21","date_gmt":"2024-12-09T03:50:21","guid":{"rendered":"https:\/\/fmp-components.com\/?page_id=8"},"modified":"2025-03-27T05:37:54","modified_gmt":"2025-03-27T05:37:54","slug":"forklift-hydraulic-cylinders-2","status":"publish","type":"page","link":"https:\/\/fmp-components.com\/pl\/forklift-hydraulic-cylinders-2\/","title":{"rendered":"Cylindry hydrauliczne do w\u00f3zk\u00f3w wid\u0142owych"},"content":{"rendered":"<p>[et_pb_section fb_built=&#8221;1&#8243; _builder_version=&#8221;4.27.4&#8243; _module_preset=&#8221;default&#8221; use_background_color_gradient=&#8221;on&#8221; background_color_gradient_stops=&#8221;rgba(0,0,0,0.14) 0%|rgba(0,0,0,0.16) 100%&#8221; background_color_gradient_overlays_image=&#8221;on&#8221; background_image=&#8221;https:\/\/fmp-components.com\/wp-content\/uploads\/2025\/03\/Forklift-Hydraulic-Cylinders.webp&#8221; custom_padding=&#8221;||157px|||&#8221; global_colors_info=&#8221;{}&#8221;][et_pb_row _builder_version=&#8221;4.27.4&#8243; _module_preset=&#8221;default&#8221; global_colors_info=&#8221;{}&#8221;][et_pb_column type=&#8221;4_4&#8243; _builder_version=&#8221;4.27.4&#8243; _module_preset=&#8221;default&#8221; global_colors_info=&#8221;{}&#8221;][et_pb_text _builder_version=&#8221;4.27.4&#8243; _module_preset=&#8221;default&#8221; header_font=&#8221;Frank Ruhl Libre||||||||&#8221; header_text_color=&#8221;#FFFFFF&#8221; header_font_size=&#8221;70px&#8221; header_text_shadow_style=&#8221;preset1&#8243; global_colors_info=&#8221;{}&#8221;]<\/p>\n<h1 style=\"text-align: center;\">Cylindry hydrauliczne do w\u00f3zk\u00f3w wid\u0142owych<\/h1>\n<p>[\/et_pb_text][\/et_pb_column][\/et_pb_row][et_pb_row _builder_version=&#8221;4.27.4&#8243; _module_preset=&#8221;default&#8221; global_colors_info=&#8221;{}&#8221;][et_pb_column type=&#8221;4_4&#8243; _builder_version=&#8221;4.27.4&#8243; _module_preset=&#8221;default&#8221; global_colors_info=&#8221;{}&#8221;][et_pb_text _builder_version=&#8221;4.27.4&#8243; _module_preset=&#8221;default&#8221; text_text_color=&#8221;#FFFFFF&#8221; text_font_size=&#8221;16px&#8221; text_line_height=&#8221;1.8em&#8221; text_orientation=&#8221;center&#8221; text_text_shadow_style=&#8221;preset1&#8243; global_colors_info=&#8221;{}&#8221;]<\/p>\n<p>W firmie FMP specjalizujemy si\u0119 w produkcji szerokiej gamy cylindr\u00f3w hydraulicznych do w\u00f3zk\u00f3w wid\u0142owych \u2013 kluczowych komponent\u00f3w, kt\u00f3re zapewniaj\u0105 moc i precyzj\u0119 niezb\u0119dn\u0105 do efektywnego podnoszenia i opuszczania ci\u0119\u017ckich \u0142adunk\u00f3w. Nasza bogata oferta obejmuje r\u00f3\u017cnorodne typy i specyfikacje, dopasowane do r\u00f3\u017cnych modeli w\u00f3zk\u00f3w wid\u0142owych i potrzeb bran\u017cowych. Oferujemy r\u00f3wnie\u017c us\u0142ugi personalizacji, aby sprosta\u0107 unikalnym wymaganiom, zapewniaj\u0105c ka\u017cdemu klientowi rozwi\u0105zanie dostosowane do indywidualnych potrzeb. Je\u015bli nie mo\u017cesz znale\u017a\u0107 konkretnego modelu na naszej li\u015bcie produkt\u00f3w, oznacza to po prostu, \u017ce nie mieli\u015bmy jeszcze okazji go uwzgl\u0119dni\u0107. Prosimy o przes\u0142anie nam e-maila ze swoimi wymaganiami, a nasi wykwalifikowani in\u017cynierowie odpowiedz\u0105 w ci\u0105gu 24 godzin, aby pom\u00f3c w znalezieniu lub stworzeniu idealnego cylindra hydraulicznego do Twojego w\u00f3zka wid\u0142owego.<\/p>\n<p>[\/et_pb_text][\/et_pb_column][\/et_pb_row][\/et_pb_section][et_pb_section fb_built=&#8221;1&#8243; _builder_version=&#8221;4.27.4&#8243; _module_preset=&#8221;default&#8221; global_colors_info=&#8221;{}&#8221;][et_pb_row _builder_version=&#8221;4.27.4&#8243; _module_preset=&#8221;default&#8221; global_colors_info=&#8221;{}&#8221;][et_pb_column type=&#8221;4_4&#8243; _builder_version=&#8221;4.27.4&#8243; _module_preset=&#8221;default&#8221; global_colors_info=&#8221;{}&#8221;][et_pb_shop type=&#8221;product_category&#8221; include_categories=&#8221;20&#8243; columns_number=&#8221;3&#8243; _builder_version=&#8221;4.27.4&#8243; _module_preset=&#8221;default&#8221; global_colors_info=&#8221;{}&#8221;][\/et_pb_shop][\/et_pb_column][\/et_pb_row][et_pb_row _builder_version=&#8221;4.27.4&#8243; _module_preset=&#8221;default&#8221; column_structure=&#8221;1_2,1_2&#8243;][et_pb_column _builder_version=&#8221;4.27.4&#8243; _module_preset=&#8221;default&#8221; type=&#8221;1_2&#8243;][et_pb_image src=&#8221;https:\/\/fmp-components.com\/wp-content\/uploads\/2025\/03\/Forklift-Hydraulic-Cylinders-3.webp&#8221; _builder_version=&#8221;4.27.4&#8243; _module_preset=&#8221;default&#8221; alt=&#8221;Forklift-Hydraulic-Cylinders&#8221; title_text=&#8221;Forklift-Hydraulic-Cylinders-3&#8243; hover_enabled=&#8221;0&#8243; sticky_enabled=&#8221;0&#8243;][\/et_pb_image][\/et_pb_column][et_pb_column _builder_version=&#8221;4.27.4&#8243; _module_preset=&#8221;default&#8221; type=&#8221;1_2&#8243;][et_pb_text _builder_version=&#8221;4.27.4&#8243; _module_preset=&#8221;default&#8221; header_2_font=&#8221;Frank Ruhl Libre||||||||&#8221; header_2_font_size=&#8221;30px&#8221; header_3_font=&#8221;Frank Ruhl Libre||||||||&#8221; hover_enabled=&#8221;0&#8243; sticky_enabled=&#8221;0&#8243;]<\/p>\n<h2>Kompleksowa oferta si\u0142ownik\u00f3w hydraulicznych<\/h2>\n<p>Oferujemy szeroki wyb\u00f3r si\u0142ownik\u00f3w hydraulicznych do w\u00f3zk\u00f3w wid\u0142owych, zaprojektowanych do r\u00f3\u017cnorodnych zastosowa\u0144. Nasza oferta produkt\u00f3w obejmuje:<\/p>\n<p><strong>Cylindry jednostronnego dzia\u0142ania:<\/strong> Idealny do prostych zada\u0144 podnoszenia.<br \/><strong>Cylindry dwustronnego dzia\u0142ania:<\/strong> Doskonale nadaje si\u0119 do zastosowa\u0144 wymagaj\u0105cych si\u0142y w obu kierunkach.<br \/><strong>Cylindry teleskopowe:<\/strong> Doskonale nadaje si\u0119 do du\u017cych odleg\u0142o\u015bci i kompaktowego przechowywania.<br \/><strong>Cylindry tandemowe:<\/strong> Zaprojektowane z my\u015bl\u0105 o zwi\u0119kszonej mocy i stabilno\u015bci w wymagaj\u0105cych operacjach.<br \/>Nasze cylindry, dost\u0119pne w szerokiej gamie kszta\u0142t\u00f3w i rozmiar\u00f3w, s\u0105 zaprojektowane tak, aby spe\u0142nia\u0107 zr\u00f3\u017cnicowane potrzeby sprz\u0119towe \u2013 niezale\u017cnie od tego, czy chodzi o podnoszenie, przechylanie, czy przesuw boczny. Niezale\u017cnie od zastosowania, FMP ma idealne rozwi\u0105zanie.<\/p>\n<p>[\/et_pb_text][\/et_pb_column][\/et_pb_row][et_pb_row _builder_version=&#8221;4.27.4&#8243; _module_preset=&#8221;default&#8221;][et_pb_column _builder_version=&#8221;4.27.4&#8243; _module_preset=&#8221;default&#8221; type=&#8221;4_4&#8243;][et_pb_text _builder_version=&#8221;4.27.4&#8243; _module_preset=&#8221;default&#8221; hover_enabled=&#8221;0&#8243; sticky_enabled=&#8221;0&#8243; header_3_font=&#8221;Frank Ruhl Libre||||||||&#8221; header_3_font_size=&#8221;25px&#8221; text_font_size=&#8221;15px&#8221;]<\/p>\n<h3>Szybka dostawa i szeroki asortyment<\/h3>\n<p>Przestoje kosztuj\u0105 pieni\u0105dze, a w FMP dok\u0142adamy wszelkich stara\u0144, aby zapewni\u0107 p\u0142ynne funkcjonowanie Twojej dzia\u0142alno\u015bci. Utrzymujemy du\u017cy zapas si\u0142ownik\u00f3w hydraulicznych, a tak\u017ce cz\u0119\u015bci zamiennych i akcesori\u00f3w, zapewniaj\u0105c szybk\u0105 dostaw\u0119, aby sprosta\u0107 Twoim pilnym potrzebom. Wybieraj\u0105c FMP, mo\u017cesz liczy\u0107 na szybk\u0105 i niezawodn\u0105 obs\u0142ug\u0119 za ka\u017cdym razem.<\/p>\n<p>[\/et_pb_text][\/et_pb_column][\/et_pb_row][\/et_pb_section][et_pb_section fb_built=&#8221;1&#8243; theme_builder_area=&#8221;post_content&#8221; _builder_version=&#8221;4.27.4&#8243; _module_preset=&#8221;default&#8221; alt=&#8221;Forklift-Hydraulic-Cylinders&#8221; title_text=&#8221;Forklift-Hydraulic-Cylinders-1&#8243; background_image=&#8221;https:\/\/fmp-components.com\/wp-content\/uploads\/2025\/03\/Forklift-Hydraulic-Cylinders-1.webp&#8221; hover_enabled=&#8221;0&#8243; sticky_enabled=&#8221;0&#8243; min_height=&#8221;320px&#8221;][et_pb_row _builder_version=&#8221;4.27.4&#8243; _module_preset=&#8221;default&#8221; theme_builder_area=&#8221;post_content&#8221; background_color=&#8221;rgba(0,0,0,0.28)&#8221; hover_enabled=&#8221;0&#8243; sticky_enabled=&#8221;0&#8243;][et_pb_column _builder_version=&#8221;4.27.4&#8243; _module_preset=&#8221;default&#8221; type=&#8221;4_4&#8243; theme_builder_area=&#8221;post_content&#8221;][et_pb_text _builder_version=&#8221;4.27.4&#8243; _module_preset=&#8221;default&#8221; theme_builder_area=&#8221;post_content&#8221; text_font_size=&#8221;16px&#8221; text_line_height=&#8221;2em&#8221; text_text_color=&#8221;#FFFFFF&#8221; hover_enabled=&#8221;0&#8243; sticky_enabled=&#8221;0&#8243; header_3_font=&#8221;Frank Ruhl Libre||||||||&#8221; header_3_text_color=&#8221;#FFFFFF&#8221; custom_margin=&#8221;0px|||30px|false|false&#8221; header_3_font_size=&#8221;30px&#8221;]<\/p>\n<h3 style=\"text-align: center;\">Dlaczego warto wybra\u0107 FMP?<\/h3>\n<p style=\"text-align: left;\"><strong>Wyprodukowano we W\u0142oszech:<\/strong>\u00a0 Najwy\u017cszej jako\u015bci wykonanie z naszej w\u0142oskiej fabryki.<br \/>Wszechstronne opcje: Szeroka gama cylindr\u00f3w do ka\u017cdego zastosowania.<br \/><strong>Porada eksperta:\u00a0<\/strong> Profesjonalne wsparcie naszego kompetentnego zespo\u0142u.<br \/><strong>Szybka obs\u0142uga:<\/strong>\u00a0 Du\u017ce zapasy i szybka dostawa minimalizuj\u0105 przestoje.<br \/><strong>Dopasowanie na miar\u0119:<\/strong>\u00a0 Rozwi\u0105zania szyte na miar\u0119, dostosowane do Twojego sprz\u0119tu i bran\u017cy.<br \/>Je\u015bli szukasz wysokowydajnych si\u0142ownik\u00f3w hydraulicznych do w\u00f3zk\u00f3w wid\u0142owych, opartych na w\u0142oskim do\u015bwiadczeniu, FMP to strza\u0142 w dziesi\u0105tk\u0119. Skontaktuj si\u0119 z nami ju\u017c dzi\u015b, aby zapozna\u0107 si\u0119 z nasz\u0105 ofert\u0105 i dowiedzie\u0107 si\u0119, jak mo\u017cemy wesprze\u0107 Twoj\u0105 firm\u0119 wysokiej jako\u015bci produktami i wyj\u0105tkow\u0105 obs\u0142ug\u0105!<\/p>\n<p>[\/et_pb_text][\/et_pb_column][\/et_pb_row][\/et_pb_section]<\/p>","protected":false},"excerpt":{"rendered":"<p>Forklift Hydraulic CylindersAt FMP Company, we specialize in producing a wide variety of Forklift Hydraulic Cylinders, critical components that deliver the power and precision required to lift and lower heavy loads efficiently. Our extensive range features diverse types and specifications to suit different forklift models and industry needs. We also offer customization services to meet [&hellip;]<\/p>","protected":false},"author":2,"featured_media":0,"parent":0,"menu_order":0,"comment_status":"closed","ping_status":"closed","template":"","meta":{"_et_pb_use_builder":"on","_et_pb_old_content":"","_et_gb_content_width":"","footnotes":""},"class_list":["post-286","page","type-page","status-publish","hentry"],"_links":{"self":[{"href":"https:\/\/fmp-components.com\/pl\/wp-json\/wp\/v2\/pages\/286","targetHints":{"allow":["GET"]}}],"collection":[{"href":"https:\/\/fmp-components.com\/pl\/wp-json\/wp\/v2\/pages"}],"about":[{"href":"https:\/\/fmp-components.com\/pl\/wp-json\/wp\/v2\/types\/page"}],"author":[{"embeddable":true,"href":"https:\/\/fmp-components.com\/pl\/wp-json\/wp\/v2\/users\/2"}],"replies":[{"embeddable":true,"href":"https:\/\/fmp-components.com\/pl\/wp-json\/wp\/v2\/comments?post=286"}],"version-history":[{"count":10,"href":"https:\/\/fmp-components.com\/pl\/wp-json\/wp\/v2\/pages\/286\/revisions"}],"predecessor-version":[{"id":7508,"href":"https:\/\/fmp-components.com\/pl\/wp-json\/wp\/v2\/pages\/286\/revisions\/7508"}],"wp:attachment":[{"href":"https:\/\/fmp-components.com\/pl\/wp-json\/wp\/v2\/media?parent=286"}],"curies":[{"name":"wp","href":"https:\/\/api.w.org\/{rel}","templated":true}]}}