{"id":1162,"date":"2024-12-20T01:38:48","date_gmt":"2024-12-20T01:38:48","guid":{"rendered":"https:\/\/fmp-components.com\/?page_id=8"},"modified":"2025-07-22T03:14:30","modified_gmt":"2025-07-22T03:14:30","slug":"planetary-gearbox","status":"publish","type":"page","link":"https:\/\/fmp-components.com\/pl\/planetary-gearbox\/","title":{"rendered":"Przek\u0142adnia planetarna"},"content":{"rendered":"<p>[et_pb_section fb_built=&#8221;1&#8243; _builder_version=&#8221;4.27.4&#8243; _module_preset=&#8221;default&#8221; use_background_color_gradient=&#8221;on&#8221; background_color_gradient_stops=&#8221;rgba(4,40,4,0.07) 0%|rgba(8,40,9,0.33) 100%&#8221; background_color_gradient_overlays_image=&#8221;on&#8221; background_image=&#8221;https:\/\/fmp-components.com\/wp-content\/uploads\/2024\/12\/planetary-gearbox-banner.webp&#8221; min_height=&#8221;509px&#8221; global_colors_info=&#8221;{}&#8221;][et_pb_row _builder_version=&#8221;4.27.4&#8243; _module_preset=&#8221;default&#8221; global_colors_info=&#8221;{}&#8221;][et_pb_column type=&#8221;4_4&#8243; _builder_version=&#8221;4.27.4&#8243; _module_preset=&#8221;default&#8221; global_colors_info=&#8221;{}&#8221;][et_pb_text _builder_version=&#8221;4.27.4&#8243; _module_preset=&#8221;default&#8221; header_font=&#8221;Frank Ruhl Libre|500|||||||&#8221; header_text_align=&#8221;center&#8221; header_text_color=&#8221;#FFFFFF&#8221; header_font_size=&#8221;65px&#8221; header_text_shadow_style=&#8221;preset1&#8243; global_colors_info=&#8221;{}&#8221;]<\/p>\n<h1>Przek\u0142adnia planetarna<\/h1>\n<p>[\/et_pb_text][\/et_pb_column][\/et_pb_row][et_pb_row _builder_version=&#8221;4.27.4&#8243; _module_preset=&#8221;default&#8221; global_colors_info=&#8221;{}&#8221;][et_pb_column type=&#8221;4_4&#8243; _builder_version=&#8221;4.27.4&#8243; _module_preset=&#8221;default&#8221; global_colors_info=&#8221;{}&#8221;][et_pb_text _builder_version=&#8221;4.27.4&#8243; _module_preset=&#8221;default&#8221; text_text_color=&#8221;#FFFFFF&#8221; text_font_size=&#8221;16px&#8221; text_line_height=&#8221;1.8em&#8221; text_text_shadow_style=&#8221;preset1&#8243; global_colors_info=&#8221;{}&#8221;]<\/p>\n<p>Przek\u0142adnia planetarna sk\u0142ada si\u0119 z centralnego ko\u0142a s\u0142onecznego, kilku k\u00f3\u0142 planetarnych oraz zewn\u0119trznego ko\u0142a pier\u015bcieniowego, oferuj\u0105c wysok\u0105 g\u0119sto\u015b\u0107 momentu obrotowego i kompaktow\u0105 konstrukcj\u0119. Taka konfiguracja sprawia, \u017ce idealnie nadaje si\u0119 do zastosowa\u0144 wymagaj\u0105cych precyzyjnej redukcji pr\u0119dko\u015bci i zwi\u0119kszonego momentu obrotowego, powszechnie stosowanych w robotyce, motoryzacji i maszynach przemys\u0142owych.<\/p>\n<p>W FMP oferujemy szerok\u0105 gam\u0119 przek\u0142adni planetarnych i realizujemy zam\u00f3wienia niestandardowe, aby spe\u0142ni\u0107 Pa\u0144stwa specyficzne wymagania. Niezale\u017cnie od tego, czy potrzebuj\u0105 Pa\u0144stwo rozwi\u0105za\u0144 standardowych, czy specjalistycznych, FMP dok\u0142ada wszelkich stara\u0144, aby dostarcza\u0107 wysokiej jako\u015bci przek\u0142adnie dopasowane do Pa\u0144stwa potrzeb.<\/p>\n<p>[\/et_pb_text][\/et_pb_column][\/et_pb_row][\/et_pb_section][et_pb_section fb_built=&#8221;1&#8243; _builder_version=&#8221;4.27.4&#8243; _module_preset=&#8221;default&#8221; custom_padding=&#8221;||5px|||&#8221; global_colors_info=&#8221;{}&#8221;][et_pb_row _builder_version=&#8221;4.27.4&#8243; _module_preset=&#8221;default&#8221; global_colors_info=&#8221;{}&#8221;][et_pb_column type=&#8221;4_4&#8243; _builder_version=&#8221;4.27.4&#8243; _module_preset=&#8221;default&#8221; global_colors_info=&#8221;{}&#8221;][et_pb_text _builder_version=&#8221;4.27.4&#8243; _module_preset=&#8221;default&#8221; header_2_font=&#8221;Frank Ruhl Libre||||||||&#8221; header_2_text_align=&#8221;center&#8221; header_2_font_size=&#8221;40px&#8221; global_colors_info=&#8221;{}&#8221;]<\/p>\n<h2>Przek\u0142adnia planetarna<\/h2>\n<p>[\/et_pb_text][\/et_pb_column][\/et_pb_row][et_pb_row column_structure=&#8221;1_3,1_3,1_3&#8243; _builder_version=&#8221;4.27.4&#8243; _module_preset=&#8221;default&#8221; global_colors_info=&#8221;{}&#8221;][et_pb_column type=&#8221;1_3&#8243; _builder_version=&#8221;4.27.4&#8243; _module_preset=&#8221;default&#8221; global_colors_info=&#8221;{}&#8221;][et_pb_image src=&#8221;https:\/\/fmp-components.com\/wp-content\/uploads\/2025\/01\/Track-Drive.webp&#8221; alt=&#8221;Track-Drive&#8221; title_text=&#8221;Track-Drive&#8221; _builder_version=&#8221;4.27.4&#8243; _module_preset=&#8221;default&#8221; global_colors_info=&#8221;{}&#8221;][\/et_pb_image][et_pb_toggle title=&#8221;Track Drive&#8221; _builder_version=&#8221;4.27.4&#8243; _module_preset=&#8221;default&#8221; global_colors_info=&#8221;{}&#8221;]<\/p>\n<ul>\n<li><a href=\"https:\/\/fmp-components.com\/pl\/product\/wheel-drive-planetary-gearbox-reducer-for-access-plateform\/\">Przek\u0142adnia planetarna do platformy dost\u0119powej<\/a><\/li>\n<li><a href=\"https:\/\/fmp-components.com\/pl\/product\/wheel-drive-planetary-gearbox-reducer-for-rough-terrain-scissor-lift3679\/\">Przek\u0142adnia planetarna do jazdy w trudnym terenie <\/a><a href=\"https:\/\/fmp-components.com\/pl\/product\/wheel-drive-planetary-gearbox-reducer-for-road-reclaimers-and-grades\/\">No\u017cycowy<\/a><\/li>\n<li><a href=\"https:\/\/fmp-components.com\/pl\/product\/wheel-drive-planetary-gearbox-reducer-for-road-reclaimers-and-grades\/\">Przek\u0142adnia planetarna do maszyn do odzyskiwania i niwelacji dr\u00f3g<\/a><\/li>\n<li><a href=\"https:\/\/fmp-components.com\/pl\/product\/wheel-drive-planetary-gearbox-reducer-for-land-clearing-stone-crusher\/\">Przek\u0142adnia planetarna do kruszarki kamieni do karczowania terenu<\/a><\/li>\n<li><a href=\"https:\/\/fmp-components.com\/pl\/product\/wheel-drive-planetary-gearbox-reducer-for-cranes\/\">Przek\u0142adnia planetarna do d\u017awig\u00f3w<\/a><\/li>\n<\/ul>\n<p>[\/et_pb_toggle][\/et_pb_column][et_pb_column type=&#8221;1_3&#8243; _builder_version=&#8221;4.27.4&#8243; _module_preset=&#8221;default&#8221; global_colors_info=&#8221;{}&#8221;][et_pb_image src=&#8221;https:\/\/fmp-components.com\/wp-content\/uploads\/2024\/12\/Winch-Drive.webp&#8221; alt=&#8221;Winch Drive&#8221; title_text=&#8221;Winch Drive&#8221; _builder_version=&#8221;4.27.4&#8243; _module_preset=&#8221;default&#8221; global_colors_info=&#8221;{}&#8221;][\/et_pb_image][et_pb_toggle title=&#8221;Winch Drive&#8221; _builder_version=&#8221;4.27.4&#8243; _module_preset=&#8221;default&#8221; global_colors_info=&#8221;{}&#8221;]<\/p>\n<ul>\n<li>Przek\u0142adnia planetarna do windy kotwicznej<\/li>\n<li>Przek\u0142adnia planetarna do wyci\u0105garki holowniczej<\/li>\n<li>Przek\u0142adnia planetarna do statk\u00f3w do budowy na morzu<\/li>\n<li>Przek\u0142adnia planetarna do platformy morskiej<\/li>\n<li>Przek\u0142adnia planetarna do wiertnic<\/li>\n<li>Przek\u0142adnia planetarna do wci\u0105garki le\u015bnej i do wyr\u0119bu<\/li>\n<li>Przek\u0142adnia planetarna dla magazyn\u00f3w 3D<\/li>\n<li>Przek\u0142adnia planetarna do urz\u0105dze\u0144 wyci\u0105gowych g\u00f3rniczych<\/li>\n<li>Przek\u0142adnia planetarna do windy<\/li>\n<li>Przek\u0142adnia planetarna do uk\u0142adarek rur<\/li>\n<li>Przek\u0142adnia planetarna do d\u017awigu samochodowego<\/li>\n<li>Przek\u0142adnia planetarna do przeno\u015bnika wci\u0105gnikowego z kube\u0142kiem pomostowym<\/li>\n<li>Przek\u0142adnia planetarna do otwierania drzwi pieca<\/li>\n<li>Przek\u0142adnia planetarna do wyci\u0105garek stra\u017cackich i ratowniczych<\/li>\n<\/ul>\n<p>[\/et_pb_toggle][\/et_pb_column][et_pb_column type=&#8221;1_3&#8243; _builder_version=&#8221;4.27.4&#8243; _module_preset=&#8221;default&#8221; global_colors_info=&#8221;{}&#8221;][et_pb_image src=&#8221;https:\/\/fmp-components.com\/wp-content\/uploads\/2024\/12\/Wheel-Drive.webp&#8221; alt=&#8221;Wheel Drive&#8221; title_text=&#8221;Wheel Drive&#8221; _builder_version=&#8221;4.27.4&#8243; _module_preset=&#8221;default&#8221; global_colors_info=&#8221;{}&#8221;][\/et_pb_image][et_pb_toggle title=&#8221;Wheel Drive&#8221; _builder_version=&#8221;4.27.4&#8243; _module_preset=&#8221;default&#8221; global_colors_info=&#8221;{}&#8221;]<\/p>\n<ul>\n<li>Przek\u0142adnia planetarna do kombajnu do jab\u0142ek<\/li>\n<li>Przek\u0142adnia planetarna do sieczkarni polowej<\/li>\n<li>Przek\u0142adnia planetarna do kombajnu do ziemniak\u00f3w<\/li>\n<li>Przek\u0142adnia planetarna do kombajnu do zbioru winogron<\/li>\n<li>Przek\u0142adnia planetarna do kombajnu do zbioru cukru<\/li>\n<li>Przek\u0142adnia planetarna do mieszalnika pasz<\/li>\n<li>Przek\u0142adnia planetarna do pojazd\u00f3w l\u0105dowych<br \/>Kruszarka do kamienia oczyszczaj\u0105cego<\/li>\n<li>Przek\u0142adnia planetarna do nawadniania liniowego<\/li>\n<li>Przek\u0142adnia planetarna do siewnika<\/li>\n<li>Przek\u0142adnia planetarna do nawozu<\/li>\n<li>Przek\u0142adnia planetarna do platformy dost\u0119powej<\/li>\n<li>Przek\u0142adnia planetarna do podno\u015bnika no\u017cycowego terenowego<\/li>\n<li>Przek\u0142adnia planetarna do maszyn do odzyskiwania i niwelacji dr\u00f3g<\/li>\n<li>Przek\u0142adnia planetarna do spychacza<\/li>\n<li>Przek\u0142adnia planetarna do d\u017awig\u00f3w<\/li>\n<li>Przek\u0142adnia planetarna do betoniarek<\/li>\n<li>Przek\u0142adnia planetarna do r\u00f3wniarek<\/li>\n<li>Przek\u0142adnia planetarna do rolek<\/li>\n<li>Przek\u0142adnia planetarna do \u0142adowarek<\/li>\n<li>Przek\u0142adnia planetarna do koparek<\/li>\n<li>Przek\u0142adnia planetarna do wiertnic podziemnych Jumbo<\/li>\n<li>Przek\u0142adnia planetarna do \u0142adowarek podziemnych\/pojazd\u00f3w z nap\u0119dem na lewo<\/li>\n<li>Przek\u0142adnia planetarna do mobilnych kruszarek i przesiewaczy<\/li>\n<li>Przek\u0142adnia planetarna do wywrotek g\u00f3rniczych<\/li>\n<li>Przek\u0142adnia planetarna do w\u00f3zk\u00f3w wid\u0142owych<\/li>\n<li>Przek\u0142adnia planetarna do d\u017awig\u00f3w kontenerowych<\/li>\n<li>Przek\u0142adnia planetarna do pojazd\u00f3w sterowanych automatycznie (AGV)<\/li>\n<li>Przek\u0142adnia planetarna do w\u00f3zk\u00f3w wid\u0142owych typu Reach Stacker<\/li>\n<li>Przek\u0142adnia planetarna do suwnicy bramowej z oponami gumowymi, RTG<\/li>\n<\/ul>\n<p>[\/et_pb_toggle][\/et_pb_column][\/et_pb_row][et_pb_row column_structure=&#8221;1_3,1_3,1_3&#8243; _builder_version=&#8221;4.27.4&#8243; _module_preset=&#8221;default&#8221; global_colors_info=&#8221;{}&#8221;][et_pb_column type=&#8221;1_3&#8243; _builder_version=&#8221;4.27.4&#8243; _module_preset=&#8221;default&#8221; global_colors_info=&#8221;{}&#8221;][et_pb_image src=&#8221;https:\/\/fmp-components.com\/wp-content\/uploads\/2024\/12\/Slewing-Drive.webp&#8221; alt=&#8221;Slewing Drive&#8221; title_text=&#8221;Slewing Drive&#8221; _builder_version=&#8221;4.27.4&#8243; _module_preset=&#8221;default&#8221; global_colors_info=&#8221;{}&#8221;][\/et_pb_image][et_pb_toggle title=&#8221;Slewing Drive&#8221; _builder_version=&#8221;4.27.4&#8243; _module_preset=&#8221;default&#8221; global_colors_info=&#8221;{}&#8221;]<\/p>\n<ul>\n<li>Przek\u0142adnia planetarna do turbiny wiatrowej<\/li>\n<li>Przek\u0142adnia planetarna do systemu \u015bledzenia s\u0142o\u0144ca<\/li>\n<li>Przek\u0142adnia planetarna do pompy do betonu montowanej na ci\u0119\u017car\u00f3wce<\/li>\n<li>Przek\u0142adnia planetarna do pojazd\u00f3w do prac podno\u015bnych<\/li>\n<li>Przek\u0142adnia planetarna do platform wiertniczych na morzu<\/li>\n<li>Przek\u0142adnia planetarna do anteny radarowej<\/li>\n<li>Przek\u0142adnia planetarna do g\u0142owicy TBM<\/li>\n<li>Przek\u0142adnia planetarna do koparek<\/li>\n<li>Przek\u0142adnia planetarna do \u017curawia wie\u017cowego<\/li>\n<li>Przek\u0142adnia planetarna do d\u017awigu kontenerowego w porcie<\/li>\n<li>Przek\u0142adnia planetarna do d\u017awigu g\u0105sienicowego<\/li>\n<li>Przek\u0142adnia planetarna do d\u017awigu samochodowego<\/li>\n<li>Przek\u0142adnia planetarna do d\u017awigu terenowego<\/li>\n<\/ul>\n<p>[\/et_pb_toggle][\/et_pb_column][et_pb_column type=&#8221;1_3&#8243; _builder_version=&#8221;4.27.4&#8243; _module_preset=&#8221;default&#8221; global_colors_info=&#8221;{}&#8221;][et_pb_image src=&#8221;https:\/\/fmp-components.com\/wp-content\/uploads\/2024\/12\/Swing-Gearbox.webp&#8221; alt=&#8221;Swing Gearbox&#8221; title_text=&#8221;Swing Gearbox&#8221; _builder_version=&#8221;4.27.4&#8243; _module_preset=&#8221;default&#8221; global_colors_info=&#8221;{}&#8221;][\/et_pb_image][et_pb_toggle title=&#8221;Swing Gearbox&#8221; _builder_version=&#8221;4.27.4&#8243; _module_preset=&#8221;default&#8221; global_colors_info=&#8221;{}&#8221;]<\/p>\n<ul>\n<li>Przek\u0142adnia planetarna dla <span>Kobelco SK350-8<\/span><\/li>\n<li>Przek\u0142adnia planetarna do koparki Yuchai YC60-7<\/li>\n<li>Przek\u0142adnia planetarna do maszyn do odzyskiwania i niwelacji dr\u00f3g<\/li>\n<li>Przek\u0142adnia planetarna do koparki Hitachi ZX70<\/li>\n<li>Przek\u0142adnia planetarna do koparki CASE CX130<\/li>\n<li>Przek\u0142adnia planetarna do koparki <span>DX380<\/span><\/li>\n<li>Przek\u0142adnia planetarna do koparki Caterpillar E307B<\/li>\n<li>Przek\u0142adnia planetarna do koparki Caterpillar E336D<\/li>\n<li>Przek\u0142adnia planetarna do koparki <span>EC360<\/span><\/li>\n<li>Przek\u0142adnia planetarna do koparki Volvo EC460<\/li>\n<li>Przek\u0142adnia planetarna do koparki <span>EC700<\/span><\/li>\n<li>Przek\u0142adnia planetarna do koparki Volvo EC360<\/li>\n<li>Przek\u0142adnia planetarna do koparki Volvo EC460<\/li>\n<li>Przek\u0142adnia planetarna do koparki <span>EC700<\/span><\/li>\n<li>Przek\u0142adnia planetarna do koparki Komatsu PC40<\/li>\n<li>Przek\u0142adnia planetarna do koparki Komatsu PC56-7<\/li>\n<li>Przek\u0142adnia planetarna do koparki Komatsu PC300-7<\/li>\n<li>Przek\u0142adnia planetarna do koparki Komatsu PC400-7<\/li>\n<li>Przek\u0142adnia planetarna do koparki Kobelco SK60-6<\/li>\n<li>Przek\u0142adnia planetarna do koparki Kobelco SK135<\/li>\n<li>Przek\u0142adnia planetarna do koparki Kobelco SK200-8<\/li>\n<li>Przek\u0142adnia planetarna do koparki Daewoo DH300-7<\/li>\n<\/ul>\n<p>[\/et_pb_toggle][\/et_pb_column][et_pb_column type=&#8221;1_3&#8243; _builder_version=&#8221;4.27.4&#8243; _module_preset=&#8221;default&#8221; global_colors_info=&#8221;{}&#8221;][et_pb_image src=&#8221;https:\/\/fmp-components.com\/wp-content\/uploads\/2024\/12\/In-line-Planetary-Gearbox.webp&#8221; alt=&#8221;In-line Planetary Gearbox&#8221; title_text=&#8221;In-line Planetary Gearbox&#8221; _builder_version=&#8221;4.27.4&#8243; _module_preset=&#8221;default&#8221; global_colors_info=&#8221;{}&#8221;][\/et_pb_image][et_pb_toggle title=&#8221;In-line Planetary Gearbox&#8221; _builder_version=&#8221;4.27.4&#8243; _module_preset=&#8221;default&#8221; global_colors_info=&#8221;{}&#8221;]<\/p>\n<ul>\n<li>Przek\u0142adnia planetarna przemys\u0142owa serii S<\/li>\n<li>Przek\u0142adnia planetarna serii E<\/li>\n<li>Przek\u0142adnia planetarna serii 311<\/li>\n<li>Przek\u0142adnia planetarna serii 310<\/li>\n<li>Przek\u0142adnia planetarna serii 306<\/li>\n<li>Przek\u0142adnia planetarna serii 301<\/li>\n<\/ul>\n<p>[\/et_pb_toggle][\/et_pb_column][\/et_pb_row][et_pb_row column_structure=&#8221;1_3,1_3,1_3&#8243; _builder_version=&#8221;4.27.4&#8243; _module_preset=&#8221;default&#8221; global_colors_info=&#8221;{}&#8221;][et_pb_column type=&#8221;1_3&#8243; _builder_version=&#8221;4.27.4&#8243; _module_preset=&#8221;default&#8221; global_colors_info=&#8221;{}&#8221;][et_pb_image src=&#8221;https:\/\/fmp-components.com\/wp-content\/uploads\/2024\/12\/Right-Angle-Planetary-Gearbox.webp&#8221; alt=&#8221;Right Angle Planetary Gearbox&#8221; title_text=&#8221;Right Angle Planetary Gearbox&#8221; _builder_version=&#8221;4.27.4&#8243; _module_preset=&#8221;default&#8221; global_colors_info=&#8221;{}&#8221;][\/et_pb_image][et_pb_toggle title=&#8221;Right Angle Planetary Gearbox&#8221; _builder_version=&#8221;4.27.4&#8243; _module_preset=&#8221;default&#8221; global_colors_info=&#8221;{}&#8221;]<\/p>\n<ul>\n<li>Przek\u0142adnia planetarna serii 307<\/li>\n<\/ul>\n<p>[\/et_pb_toggle][\/et_pb_column][et_pb_column type=&#8221;1_3&#8243; _builder_version=&#8221;4.27.4&#8243; _module_preset=&#8221;default&#8221; global_colors_info=&#8221;{}&#8221;][et_pb_image src=&#8221;https:\/\/fmp-components.com\/wp-content\/uploads\/2024\/12\/Planetary-Gearbox-for-Feed-Mixer.webp&#8221; alt=&#8221;Planetary Gearbox for Feed Mixer&#8221; title_text=&#8221;Planetary Gearbox for Feed Mixer&#8221; _builder_version=&#8221;4.27.4&#8243; _module_preset=&#8221;default&#8221; global_colors_info=&#8221;{}&#8221;][\/et_pb_image][et_pb_toggle title=&#8221;Planetary Gearbox for Feed Mixer&#8221; _builder_version=&#8221;4.27.4&#8243; _module_preset=&#8221;default&#8221; global_colors_info=&#8221;{}&#8221;]<\/p>\n<ul>\n<li>Przek\u0142adnia mieszalnika pasz C3A, 1:1, 1,8:1<\/li>\n<li>Przek\u0142adnia do mieszalnik\u00f3w pasz C-3A<\/li>\n<li>Przek\u0142adnia do mieszalnik\u00f3w pasz D-732A 1:1\/1,41:1<\/li>\n<li>Przek\u0142adnia mieszalnika pasz poziomych D732A 1:1\/1,93:1<\/li>\n<li>Przek\u0142adnia mieszalnika pasz poziomych C3A 1:1<\/li>\n<li>Przek\u0142adnia mieszalnika pasz do mieszalnika TMR EP RMG<\/li>\n<li>Przek\u0142adnia mieszalnika pasz PGA-1202VM<\/li>\n<li>Przek\u0142adnia do mieszalnik\u00f3w pasz PGA-1602<\/li>\n<li>Przek\u0142adnia mieszalnika paszy pionowej PGA1202VM<\/li>\n<li>Przek\u0142adnia mieszalnika paszy pionowej PGA1602VM<\/li>\n<\/ul>\n<p>[\/et_pb_toggle][\/et_pb_column][et_pb_column type=&#8221;1_3&#8243; _builder_version=&#8221;4.27.4&#8243; _module_preset=&#8221;default&#8221; global_colors_info=&#8221;{}&#8221;][et_pb_image src=&#8221;https:\/\/fmp-components.com\/wp-content\/uploads\/2024\/12\/Planetary-Gearbox-for-Wind-Turbine.webp&#8221; alt=&#8221;Planetary Gearbox for Wind Turbine&#8221; title_text=&#8221;Planetary Gearbox for Wind Turbine&#8221; _builder_version=&#8221;4.27.4&#8243; _module_preset=&#8221;default&#8221; global_colors_info=&#8221;{}&#8221;][\/et_pb_image][et_pb_toggle title=&#8221;Planetary Gearbox for Wind Turbine&#8221; _builder_version=&#8221;4.27.4&#8243; _module_preset=&#8221;default&#8221; global_colors_info=&#8221;{}&#8221;]<\/p>\n<ul>\n<li>Przek\u0142adnia planetarna do mobilnego nap\u0119du obrotowego serii SD<\/li>\n<li>Seria NB <span>Przek\u0142adnia nap\u0119du odchylenia<\/span><\/li>\n<\/ul>\n<p>[\/et_pb_toggle][\/et_pb_column][\/et_pb_row][\/et_pb_section][et_pb_section fb_built=&#8221;1&#8243; _builder_version=&#8221;4.27.4&#8243; _module_preset=&#8221;default&#8221; global_colors_info=&#8221;{}&#8221;][et_pb_row _builder_version=&#8221;4.27.4&#8243; _module_preset=&#8221;default&#8221; global_colors_info=&#8221;{}&#8221;][et_pb_column type=&#8221;4_4&#8243; _builder_version=&#8221;4.27.4&#8243; _module_preset=&#8221;default&#8221; global_colors_info=&#8221;{}&#8221;][et_pb_text _builder_version=&#8221;4.27.4&#8243; _module_preset=&#8221;default&#8221; header_2_font=&#8221;Frank Ruhl Libre||||||||&#8221; header_2_font_size=&#8221;38px&#8221; global_colors_info=&#8221;{}&#8221;]<\/p>\n<h2 style=\"text-align: center;\">Produkty powi\u0105zane \u2013 Przek\u0142adnia planetarna<\/h2>\n<p>[\/et_pb_text][\/et_pb_column][\/et_pb_row][et_pb_row column_structure=&#8221;1_4,1_4,1_4,1_4&#8243; _builder_version=&#8221;4.27.4&#8243; _module_preset=&#8221;default&#8221; global_colors_info=&#8221;{}&#8221;][et_pb_column type=&#8221;1_4&#8243; _builder_version=&#8221;4.27.4&#8243; _module_preset=&#8221;default&#8221; global_colors_info=&#8221;{}&#8221;][et_pb_blurb title=&#8221;Planetary Gear Sets&#8221; url=&#8221;https:\/\/fmp-components.com\/en\/product\/planetary-gear-sets&#8221; url_new_window=&#8221;on&#8221; image=&#8221;https:\/\/fmp-components.com\/wp-content\/uploads\/2025\/01\/Planetary-Gear-set.webp&#8221; alt=&#8221;Planetary Gear set&#8221; _builder_version=&#8221;4.27.4&#8243; _module_preset=&#8221;default&#8221; header_level=&#8221;h3&#8243; header_font=&#8221;Frank Ruhl Libre||||||||&#8221; header_text_align=&#8221;center&#8221; header_font_size=&#8221;20px&#8221; global_colors_info=&#8221;{}&#8221;][\/et_pb_blurb][\/et_pb_column][et_pb_column type=&#8221;1_4&#8243; _builder_version=&#8221;4.27.4&#8243; _module_preset=&#8221;default&#8221; global_colors_info=&#8221;{}&#8221;][et_pb_blurb title=&#8221;Internal Planetary Gear&#8221; url=&#8221;https:\/\/fmp-components.com\/en\/product\/internal-planetary-gear&#8221; url_new_window=&#8221;on&#8221; image=&#8221;https:\/\/fmp-components.com\/wp-content\/uploads\/2025\/01\/Internal-Planetary-Gear.webp&#8221; alt=&#8221;Internal Planetary Gear&#8221; _builder_version=&#8221;4.27.4&#8243; _module_preset=&#8221;default&#8221; header_level=&#8221;h3&#8243; header_font=&#8221;Frank Ruhl Libre||||||||&#8221; header_text_align=&#8221;center&#8221; header_font_size=&#8221;20px&#8221; global_colors_info=&#8221;{}&#8221;][\/et_pb_blurb][\/et_pb_column][et_pb_column type=&#8221;1_4&#8243; _builder_version=&#8221;4.27.4&#8243; _module_preset=&#8221;default&#8221; global_colors_info=&#8221;{}&#8221;][et_pb_blurb title=&#8221;Internal Planetary Gear Kit&#8221; url=&#8221;https:\/\/fmp-components.com\/en\/product\/internal-planetary-gear-kit&#8221; url_new_window=&#8221;on&#8221; image=&#8221;https:\/\/fmp-components.com\/wp-content\/uploads\/2025\/01\/Internal-Planetary-Gear-Kit.webp&#8221; alt=&#8221;Internal Planetary Gear Kit&#8221; _builder_version=&#8221;4.27.4&#8243; _module_preset=&#8221;default&#8221; header_level=&#8221;h3&#8243; header_font=&#8221;Frank Ruhl Libre||||||||&#8221; header_text_align=&#8221;center&#8221; header_font_size=&#8221;20px&#8221; global_colors_info=&#8221;{}&#8221;][\/et_pb_blurb][\/et_pb_column][et_pb_column type=&#8221;1_4&#8243; _builder_version=&#8221;4.27.4&#8243; _module_preset=&#8221;default&#8221; global_colors_info=&#8221;{}&#8221;][et_pb_blurb title=&#8221;Planetary Ring Gear&#8221; url=&#8221;https:\/\/fmp-components.com\/en\/product\/planetary-ring-gear&#8221; url_new_window=&#8221;on&#8221; image=&#8221;https:\/\/fmp-components.com\/wp-content\/uploads\/2025\/01\/Planetary-Ring-Gear.webp&#8221; alt=&#8221;Planetary Ring Gear&#8221; _builder_version=&#8221;4.27.4&#8243; _module_preset=&#8221;default&#8221; header_level=&#8221;h3&#8243; header_font=&#8221;Frank Ruhl Libre||||||||&#8221; header_text_align=&#8221;center&#8221; header_font_size=&#8221;20px&#8221; global_colors_info=&#8221;{}&#8221;][\/et_pb_blurb][\/et_pb_column][\/et_pb_row][\/et_pb_section]<\/p>","protected":false},"excerpt":{"rendered":"<p>Planetary GearboxA planetary gearbox consists of a central sun gear, multiple planet gears, and an outer ring gear, offering high torque density and compact design. This configuration makes it ideal for applications needing precise speed reduction and increased torque, commonly used in robotics, automotive, and industrial machinery. At FMP, we provide a wide range of [&hellip;]<\/p>","protected":false},"author":2,"featured_media":0,"parent":0,"menu_order":0,"comment_status":"closed","ping_status":"closed","template":"","meta":{"_et_pb_use_builder":"on","_et_pb_old_content":"","_et_gb_content_width":"","footnotes":""},"class_list":["post-1162","page","type-page","status-publish","hentry"],"_links":{"self":[{"href":"https:\/\/fmp-components.com\/pl\/wp-json\/wp\/v2\/pages\/1162","targetHints":{"allow":["GET"]}}],"collection":[{"href":"https:\/\/fmp-components.com\/pl\/wp-json\/wp\/v2\/pages"}],"about":[{"href":"https:\/\/fmp-components.com\/pl\/wp-json\/wp\/v2\/types\/page"}],"author":[{"embeddable":true,"href":"https:\/\/fmp-components.com\/pl\/wp-json\/wp\/v2\/users\/2"}],"replies":[{"embeddable":true,"href":"https:\/\/fmp-components.com\/pl\/wp-json\/wp\/v2\/comments?post=1162"}],"version-history":[{"count":30,"href":"https:\/\/fmp-components.com\/pl\/wp-json\/wp\/v2\/pages\/1162\/revisions"}],"predecessor-version":[{"id":8188,"href":"https:\/\/fmp-components.com\/pl\/wp-json\/wp\/v2\/pages\/1162\/revisions\/8188"}],"wp:attachment":[{"href":"https:\/\/fmp-components.com\/pl\/wp-json\/wp\/v2\/media?parent=1162"}],"curies":[{"name":"wp","href":"https:\/\/api.w.org\/{rel}","templated":true}]}}