{"id":7978,"date":"2025-04-15T02:14:53","date_gmt":"2025-04-15T02:14:53","guid":{"rendered":"https:\/\/fmp-components.com\/?post_type=product&#038;p=7978"},"modified":"2025-04-15T02:31:38","modified_gmt":"2025-04-15T02:31:38","slug":"plastic-rack-and-pinion","status":"publish","type":"product","link":"https:\/\/fmp-components.com\/nl\/product\/plastic-rack-and-pinion\/","title":{"rendered":"Kunststof tandheugel en rondsel"},"content":{"rendered":"<h2>Kunststof tandheugel en rondsel: precisie en duurzaamheid voor de Italiaanse industrie<\/h2>\n<p>In de machinebouw zijn kunststof tandheugelsystemen een betrouwbare oplossing voor het omzetten van roterende beweging naar lineaire beweging (of omgekeerd). Het mechanisme, bestaande uit een lineaire tandheugel en in elkaar grijpende rondsels, wordt in een breed scala aan industrie\u00ebn gebruikt vanwege zijn precisie, duurzaamheid en veelzijdigheid. In Itali\u00eb, van het industri\u00eble hart van Milaan tot het productiecentrum van Bologna, zijn kunststof tandheugelsystemen een integraal onderdeel geworden van toepassingen zoals automatisering, CNC-bewerkingsmachines en stuursystemen.<\/p>\n<p>Gemaakt van hoogwaardige materialen zoals nylon en polyoxymethyleen, bieden kunststof tandheugelsystemen aanzienlijke voordelen ten opzichte van metalen tandheugelsystemen. Deze voordelen omvatten een lager geluidsniveau, een hogere slijtvastheid en zelf-smerende eigenschappen, waardoor ze ideaal zijn voor omgevingen met hoge onderhoudseisen. Of het nu gaat om een \u200b\u200bkunstatelier in Florence of de maritieme industrie in Veneti\u00eb, kunststof tandwielen bieden kosteneffectieve, hoogwaardige oplossingen voor uiteenlopende behoeften.<\/p>\n<div>\n<h3 dir=\"auto\">Voordelen van kunststof tandheugel en rondsel<\/h3>\n<h4 dir=\"auto\">Duurzaamheid en slijtvastheid<\/h4>\n<p class=\"break-words\" dir=\"auto\">Tandheugels van kunststof, met name die van nylon of acetaal, zijn ontworpen voor een lange levensduur. Hun inherente slijtvastheid zorgt voor consistente prestaties in veeleisende toepassingen, zoals liften en spoorwegsystemen in Italiaanse steden als Milaan en Bologna. In tegenstelling tot metalen tandwielen zijn tandheugels van kunststof corrosiebestendig en vereisen ze minimale smering, waardoor de onderhoudskosten dalen.<\/p>\n<h4 dir=\"auto\">Ruisonderdrukking<\/h4>\n<p class=\"break-words\" dir=\"auto\">In omgevingen waar geluidsbeheersing cruciaal is, zoals verpakkingsmachines in Florence of automatiseringssystemen in Veneti\u00eb, blinken kunststof tandheugelsystemen uit. De gebruikte polymeren dempen trillingen, wat resulteert in een stillere werking in vergelijking met metalen alternatieven, wat de veiligheid en het comfort op de werkplek verbetert.<\/p>\n<h4 dir=\"auto\">Lichtgewicht en kosteneffectief<\/h4>\n<p class=\"break-words\" dir=\"auto\">Kunststof tandwielen zijn aanzienlijk lichter dan metalen tandwielen, waardoor ze ideaal zijn voor toepassingen die een lager gewicht vereisen, zoals trapliften of pneumatische actuatoren in Bologna. Hun kosteneffectiviteit is ook aantrekkelijk voor bedrijven die op zoek zijn naar hoogwaardige oplossingen zonder het budget te overschrijden, een prioriteit voor industrie\u00ebn in heel Itali\u00eb.<\/p>\n<h4 dir=\"auto\">Zelf-smerende eigenschappen<\/h4>\n<p class=\"break-words\" dir=\"auto\">De materialen in het FMP-productassortiment zijn zelf-smerend en hoeven niet vaak gesmeerd te worden. Deze eigenschap is vooral belangrijk in de stoffige of vuile omgevingen die vaak voorkomen in de productiefaciliteiten in Milaan en Veneti\u00eb, waar traditionele smeermethoden niet praktisch zijn.<\/p>\n<div>\n<h3 dir=\"auto\">Toepassingen van kunststof tandheugel en rondsel<\/h3>\n<p class=\"break-words\" dir=\"auto\">Tandheugel- en rondselsystemen van kunststof zijn zeer veelzijdig en leveren betrouwbare prestaties in een breed scala aan industrie\u00ebn:<\/p>\n<ul class=\"marker:text-secondary\" dir=\"auto\">\n<li class=\"break-words\"><strong>Automatisering en CNC-machines<\/strong>: Tandheugels van kunststof zorgen voor nauwkeurige lineaire bewegingen in CNC-machines en verhogen zo de productiviteit in geavanceerde productieomgevingen.<\/li>\n<li class=\"break-words\"><strong>Stuurmechanismen<\/strong>:Van kleine voertuigen tot industri\u00eble apparatuur: kunststof rekken bieden lichte, responsieve stuuroplossingen.<\/li>\n<li class=\"break-words\"><strong>Liften en hefsystemen<\/strong>: Tandheugels van kunststof zorgen voor een duurzame en effici\u00ebnte werking in liften en hefsystemen, waar ruimte en betrouwbaarheid van cruciaal belang zijn.<\/li>\n<li class=\"break-words\"><strong>Verpakkings- en positioneringssystemen<\/strong>:In verpakkingsmachines zorgen kunststof rekken voor een soepele en nauwkeurige bewegingscontrole, waardoor zeer nauwkeurige handelingen mogelijk zijn.<\/li>\n<\/ul>\n<p class=\"break-words\" dir=\"auto\">Deze toepassingen tonen aan dat tandheugel- en rondselsystemen van kunststof zich makkelijk kunnen aanpassen en met precisie en effici\u00ebntie aan uiteenlopende industri\u00eble eisen kunnen voldoen.<\/p>\n<p dir=\"auto\"><img loading=\"lazy\" decoding=\"async\" class=\"size-full wp-image-7987 aligncenter\" src=\"https:\/\/fmp-components.com\/wp-content\/uploads\/2025\/04\/custom-nylon-rack-and-pinion-2.webp\" alt=\"op maat gemaakte nylon tandheugel en rondsel\" width=\"720\" height=\"720\" title=\"\" srcset=\"https:\/\/fmp-components.com\/wp-content\/uploads\/2025\/04\/custom-nylon-rack-and-pinion-2.webp 720w, https:\/\/fmp-components.com\/wp-content\/uploads\/2025\/04\/custom-nylon-rack-and-pinion-2-480x480.webp 480w\" sizes=\"(min-width: 0px) and (max-width: 480px) 480px, (min-width: 481px) 720px, 100vw\" \/><\/p>\n<div>\n<h3 dir=\"auto\">Waarom kiezen voor kunststof boven metaal?<\/h3>\n<p class=\"break-words\" dir=\"auto\">Tandheugels van metaal zijn robuust, maar tandheugels van kunststof bieden unieke voordelen die aansluiten bij de moderne industri\u00eble behoeften:<\/p>\n<ul class=\"marker:text-secondary\" dir=\"auto\">\n<li class=\"break-words\"><strong>Corrosiebestendigheid<\/strong>:Kunststof rekken zijn vochtbestendig zonder te roesten, waardoor ze ideaal zijn voor vochtige of uitdagende omgevingen.<\/li>\n<li class=\"break-words\"><strong>Aanpassing<\/strong>:Kunststof rekken kunnen op maat worden gemaakt en zijn verkrijgbaar in verschillende modules, zodat ze voldoen aan specifieke eisen voor innovatieve ontwerpen.<\/li>\n<li class=\"break-words\"><strong>Milieuvriendelijk<\/strong>:Kunststof tandwielen, vooral die gemaakt van recyclebare materialen, ondersteunen duurzame praktijken en zijn aantrekkelijk voor milieubewuste bedrijven.<\/li>\n<\/ul>\n<p class=\"break-words\" dir=\"auto\">Voor OEM's en metaalvervangingsbedrijven leveren kunststof tandheugel- en rondselsystemen prestaties die voldoen aan de industrienormen, waardoor naadloze integratie in bestaande opstellingen wordt gegarandeerd.<\/p>\n<div class=\"message-bubble rounded-3xl prose dark:prose-invert break-words text-primary min-h-7 prose-p:opacity-95 prose-strong:opacity-100 w-full max-w-none\" dir=\"auto\">\n<h3 dir=\"auto\">Technische specificaties<\/h3>\n<p class=\"break-words\" dir=\"auto\">Kunststof tandheugelsystemen zijn verkrijgbaar in verschillende configuraties voor specifieke toepassingen. Bijvoorbeeld:<\/p>\n<ul class=\"marker:text-secondary\" dir=\"auto\">\n<li class=\"break-words\"><strong>Modulus<\/strong>: Van 0,5 tot 10, geschikt voor zowel kleinschalige als zware taken.<\/li>\n<li class=\"break-words\"><strong>Materialen<\/strong>: Opties zoals met olie gevuld nylon en acetaal van voedingskwaliteit garanderen naleving van veiligheidsnormen, wat essentieel is voor diverse industrie\u00ebn.<\/li>\n<li class=\"break-words\"><strong>Maten<\/strong>: Standaardlengtes van 100 mm tot 2000 mm, met aangepaste lengtes beschikbaar voor gespecialiseerde projecten.<\/li>\n<li class=\"break-words\"><strong>Afwerkingen<\/strong>: Ongeslepen of geslepen tanden voor verschillende nauwkeurigheidsniveaus, passend bij de behoeften van hightechsectoren.<\/li>\n<\/ul>\n<p class=\"break-words\" dir=\"auto\">Dankzij deze specificaties zijn kunststof rekken breed toepasbaar, van dieptemeters tot poortsystemen, in uiteenlopende sectoren.<\/p>\n<p dir=\"auto\"><img loading=\"lazy\" decoding=\"async\" class=\"wp-image-7985 aligncenter\" src=\"https:\/\/fmp-components.com\/wp-content\/uploads\/2025\/04\/high-quality-material.webp\" alt=\"hoogwaardig materiaal\" width=\"837\" height=\"699\" title=\"\" srcset=\"https:\/\/fmp-components.com\/wp-content\/uploads\/2025\/04\/high-quality-material.webp 837w, https:\/\/fmp-components.com\/wp-content\/uploads\/2025\/04\/high-quality-material-480x401.webp 480w\" sizes=\"(min-width: 0px) and (max-width: 480px) 480px, (min-width: 481px) 837px, 100vw\" \/><\/p>\n<div>\n<h2 class=\"\" dir=\"auto\">Over FMP: uw vertrouwde partner voor kunststof tandwielen in Itali\u00eb<\/h2>\n<p class=\"break-words\" dir=\"auto\">Bij FMP zijn we er trots op een toonaangevende fabrikant te zijn van kunststof tandwielen, waaronder hoogwaardige kunststof tandheugelsystemen. Ons productassortiment omvat standaard bewerkte rechte tandwielen, gegoten tandwielen en tandheugels van hoogwaardige materialen zoals nylon en acetaal, ontworpen om te voldoen aan uiteenlopende industri\u00eble eisen.<\/p>\n<p class=\"break-words\" dir=\"auto\">FMP is ook gespecialiseerd in op maat gemaakte kunststof tandwielen en biedt oplossingen op maat voor unieke toepassingen. Kunt u het specifieke model dat u nodig hebt niet vinden in onze productlijsten? Geen zorgen, het is mogelijk nog niet ge\u00fcpload. Stuur ons een e-mail met uw wensen en onze deskundige engineers reageren binnen 24 uur met een oplossing die perfect aansluit op uw wensen.<\/p>\n<p class=\"break-words\" dir=\"auto\">Neem vandaag nog contact op met FMP en ontdek ons \u200b\u200bvolledige assortiment kunststof tandwielproducten en hoe wij uw projecten in heel Itali\u00eb kunnen ondersteunen.<\/p>\n<p dir=\"auto\"><img loading=\"lazy\" decoding=\"async\" class=\"size-full wp-image-7986 aligncenter\" src=\"https:\/\/fmp-components.com\/wp-content\/uploads\/2025\/04\/plastic-gear-and-rack.webp\" alt=\"kunststof tandwiel en tandheugel\" width=\"891\" height=\"279\" title=\"\" srcset=\"https:\/\/fmp-components.com\/wp-content\/uploads\/2025\/04\/plastic-gear-and-rack.webp 891w, https:\/\/fmp-components.com\/wp-content\/uploads\/2025\/04\/plastic-gear-and-rack-480x150.webp 480w\" sizes=\"(min-width: 0px) and (max-width: 480px) 480px, (min-width: 481px) 891px, 100vw\" \/><\/p>\n<\/div>\n<\/div>\n<\/div>\n<\/div>\n<\/div>","protected":false},"excerpt":{"rendered":"<p>Plastic Rack and Pinion: Precision and Durability for Italian Industries In mechanical engineering, plastic rack and pinion systems are a reliable solution for converting rotary motion to linear motion (or vice versa). Consisting of a linear rack and meshing pinions, the mechanism is used across a wide range of industries for its precision, durability and [&hellip;]<\/p>","protected":false},"featured_media":7989,"comment_status":"open","ping_status":"closed","template":"","meta":{"_et_pb_use_builder":"","_et_pb_old_content":"","_et_gb_content_width":""},"product_brand":[],"product_cat":[117],"product_tag":[],"class_list":{"0":"post-7978","1":"product","2":"type-product","3":"status-publish","4":"has-post-thumbnail","6":"product_cat-plastic-gears","8":"first","9":"instock","10":"shipping-taxable","11":"product-type-simple"},"_links":{"self":[{"href":"https:\/\/fmp-components.com\/nl\/wp-json\/wp\/v2\/product\/7978","targetHints":{"allow":["GET"]}}],"collection":[{"href":"https:\/\/fmp-components.com\/nl\/wp-json\/wp\/v2\/product"}],"about":[{"href":"https:\/\/fmp-components.com\/nl\/wp-json\/wp\/v2\/types\/product"}],"replies":[{"embeddable":true,"href":"https:\/\/fmp-components.com\/nl\/wp-json\/wp\/v2\/comments?post=7978"}],"wp:featuredmedia":[{"embeddable":true,"href":"https:\/\/fmp-components.com\/nl\/wp-json\/wp\/v2\/media\/7989"}],"wp:attachment":[{"href":"https:\/\/fmp-components.com\/nl\/wp-json\/wp\/v2\/media?parent=7978"}],"wp:term":[{"taxonomy":"product_brand","embeddable":true,"href":"https:\/\/fmp-components.com\/nl\/wp-json\/wp\/v2\/product_brand?post=7978"},{"taxonomy":"product_cat","embeddable":true,"href":"https:\/\/fmp-components.com\/nl\/wp-json\/wp\/v2\/product_cat?post=7978"},{"taxonomy":"product_tag","embeddable":true,"href":"https:\/\/fmp-components.com\/nl\/wp-json\/wp\/v2\/product_tag?post=7978"}],"curies":[{"name":"wp","href":"https:\/\/api.w.org\/{rel}","templated":true}]}}