{"id":7870,"date":"2025-04-09T06:42:37","date_gmt":"2025-04-09T06:42:37","guid":{"rendered":"https:\/\/fmp-components.com\/?post_type=product&#038;p=7870"},"modified":"2025-04-09T07:33:27","modified_gmt":"2025-04-09T07:33:27","slug":"herringbone-gear","status":"publish","type":"product","link":"https:\/\/fmp-components.com\/nl\/product\/herringbone-gear\/","title":{"rendered":"Visgraat versnelling"},"content":{"rendered":"<h2 class=\"\" dir=\"auto\">Wat zijn visgraatwielen?<\/h2>\n<p class=\"break-words\" dir=\"auto\">Een visgraattandwiel is een specifiek type dubbel schroeftandwiel dat zich kenmerkt door het kenmerkende V-vormige tandpatroon. Stel je twee schroeftandwielen voor met tegenover elkaar liggende wijzers \u2013 links en rechts \u2013 die naast elkaar zijn verbonden. Van bovenaf lijken de groeven op de letter \"V\" en vormen ze een visgraatpatroon, net als de botten van een vis. In tegenstelling tot standaard schroeftandwielen elimineren visgraattandwielen extra axiale belastingen doordat de stuwkracht van de ene kant de stuwkracht van de andere kant neutraliseert. Dit unieke ontwerp maakt ze ideaal voor toepassingen met een hoog koppel, waarbij stabiliteit en effici\u00ebntie van het grootste belang zijn.<\/p>\n<p dir=\"auto\"><img loading=\"lazy\" decoding=\"async\" class=\"size-full wp-image-7871 aligncenter\" src=\"https:\/\/fmp-components.com\/wp-content\/uploads\/2025\/04\/Herringbone-Gear-Product-Image-1.webp\" alt=\"Visgraat-Tandwiel-Product-Afbeelding\" width=\"938\" height=\"312\" title=\"\" srcset=\"https:\/\/fmp-components.com\/wp-content\/uploads\/2025\/04\/Herringbone-Gear-Product-Image-1.webp 938w, https:\/\/fmp-components.com\/wp-content\/uploads\/2025\/04\/Herringbone-Gear-Product-Image-1-480x160.webp 480w\" sizes=\"(min-width: 0px) and (max-width: 480px) 480px, (min-width: 481px) 938px, 100vw\" \/><\/p>\n<h2 class=\"\" dir=\"auto\">Voordelen van visgraattandwielen<\/h2>\n<p class=\"break-words\" dir=\"auto\">Visgraatwielen onderscheiden zich door een aantal belangrijke voordelen:<\/p>\n<ul class=\"marker:text-secondary\" dir=\"auto\">\n<li class=\"break-words\">Geen axiale belasting: de tegenover elkaar liggende spiraalvormige tanden neutraliseren de axiale druk, waardoor er geen grote druklagers nodig zijn en het mechanische ontwerp wordt vereenvoudigd.<\/li>\n<li class=\"break-words\">Soepele krachtoverbrenging: meerdere tanden grijpen tegelijkertijd in elkaar, wat zorgt voor een soepele, stille werking met minimale trillingen. Ideaal voor precisiemachines.<\/li>\n<li class=\"break-words\">Hoge belastbaarheid: Dankzij de verlengde tandlengte kunnen visgraatwielen een groot koppel aan, waardoor ze de beste keuze zijn voor zwaar materieel.<\/li>\n<li class=\"break-words\">Verbeterde duurzaamheid: het uitgebalanceerde ontwerp vermindert slijtage en verlengt de levensduur van het tandwiel, zelfs onder veeleisende omstandigheden.<\/li>\n<\/ul>\n<p class=\"break-words\" dir=\"auto\">Deze voordelen maken visgraatwielen tot een beter alternatief dan traditionele schroef- of rechte tandwielen in specifieke toepassingen.<\/p>\n<h2 dir=\"auto\">Visgraat tandwielmateriaal<\/h2>\n<p>Voor de productie van visgraatwielen worden over het algemeen 42CrMo-staal en 40CrNiMo-staal gebruikt.<\/p>\n<table style=\"width: 97.0475%;\" border=\"1\" width=\"881\" cellspacing=\"0\" cellpadding=\"0\">\n<colgroup>\n<col \/>\n<col \/><\/colgroup>\n<tbody>\n<tr>\n<td style=\"width: 51.7084%;\" height=\"39\">Op maat gemaakt<\/td>\n<td style=\"width: 51.7084%;\">\u221a<\/td>\n<\/tr>\n<tr>\n<td style=\"width: 51.7084%;\" height=\"39\">Tandwielprofieltype<\/td>\n<td style=\"width: 51.7084%;\">Visgraat<\/td>\n<\/tr>\n<tr>\n<td style=\"width: 51.7084%;\" height=\"39\">Productie van tandwielen<\/td>\n<td style=\"width: 51.7084%;\">Tandwielfrezen<\/td>\n<\/tr>\n<tr>\n<td style=\"width: 51.7084%;\" height=\"39\">Tandwieltanden slijpen<\/td>\n<td style=\"width: 51.7084%;\">Nul<\/td>\n<\/tr>\n<tr>\n<td style=\"width: 51.7084%;\" height=\"39\">Module (M)<\/td>\n<td style=\"width: 51.7084%;\">10<\/td>\n<\/tr>\n<tr>\n<td style=\"width: 51.7084%;\" height=\"39\">Aantal tanden (Z)<\/td>\n<td style=\"width: 51.7084%;\"><span style=\"font-family: verdana, geneva, sans-serif;\">30<\/span><\/td>\n<\/tr>\n<tr>\n<td style=\"width: 51.7084%;\">Drukhoek (\u03b1)<\/td>\n<td style=\"width: 51.7084%;\">20\u00b0<\/td>\n<\/tr>\n<tr>\n<td style=\"width: 51.7084%;\" height=\"31\">Helixhoek (\u03b2)<\/td>\n<td style=\"width: 51.7084%;\">Aangepast<\/td>\n<\/tr>\n<tr>\n<td style=\"width: 51.7084%;\" height=\"23\">Tandnauwkeurigheidsgraad<\/td>\n<td style=\"width: 51.7084%;\">ISO 8-9<\/td>\n<\/tr>\n<tr>\n<td style=\"width: 51.7084%;\" height=\"15\">Warmtebehandeling<\/td>\n<td style=\"width: 51.7084%;\">Blussen en temperen<\/td>\n<\/tr>\n<\/tbody>\n<\/table>\n<p>&nbsp;<\/p>\n<table style=\"width: 99.0394%;\" border=\"1\" width=\"796\" cellspacing=\"0\" cellpadding=\"0\">\n<tbody>\n<tr>\n<td style=\"width: 116.625%;\" colspan=\"6\" height=\"36\">VERGELIJKING VAN STAALCODEKWALITEITEN<\/td>\n<\/tr>\n<tr>\n<td style=\"width: 18.5139%;\" height=\"36\">CHINA\/GB<\/td>\n<td style=\"width: 18.136%;\">ISO<\/td>\n<td style=\"width: 17.3804%;\">\u0413\u041f\u0421\u0422<\/td>\n<td style=\"width: 10.0756%;\">ASTM<\/td>\n<td style=\"width: 16.4987%;\">JIS<\/td>\n<td style=\"width: 36.0202%;\">DIN<\/td>\n<\/tr>\n<tr>\n<td style=\"width: 18.5139%;\" height=\"36\">45<\/td>\n<td style=\"width: 18.136%;\">C45E4<\/td>\n<td style=\"width: 17.3804%;\">45<\/td>\n<td style=\"width: 10.0756%;\">1045<\/td>\n<td style=\"width: 16.4987%;\">S45C<\/td>\n<td style=\"width: 36.0202%;\">CK45<\/td>\n<\/tr>\n<tr>\n<td style=\"width: 18.5139%;\" height=\"36\">40Cr<\/td>\n<td style=\"width: 18.136%;\">41Cr4<\/td>\n<td style=\"width: 17.3804%;\">40X<\/td>\n<td style=\"width: 10.0756%;\">5140<\/td>\n<td style=\"width: 16.4987%;\">SCr440<\/td>\n<td style=\"width: 36.0202%;\">41Cr4<\/td>\n<\/tr>\n<tr>\n<td style=\"width: 18.5139%;\" height=\"36\">20CrMo<\/td>\n<td style=\"width: 18.136%;\">18CrMo4<\/td>\n<td style=\"width: 17.3804%;\">20\u0425\u041c<\/td>\n<td style=\"width: 10.0756%;\">4118<\/td>\n<td style=\"width: 16.4987%;\">SCM22<\/td>\n<td style=\"width: 36.0202%;\">25CrMo4<\/td>\n<\/tr>\n<tr>\n<td style=\"width: 18.5139%;\" height=\"36\">42CrMo<\/td>\n<td style=\"width: 18.136%;\">42CrMo4<\/td>\n<td style=\"width: 17.3804%;\">38XM<\/td>\n<td style=\"width: 10.0756%;\">4140<\/td>\n<td style=\"width: 16.4987%;\">SCM440<\/td>\n<td style=\"width: 36.0202%;\">42CrMo4<\/td>\n<\/tr>\n<tr>\n<td style=\"width: 18.5139%;\" height=\"36\">20CrMnTi<\/td>\n<td style=\"width: 18.136%;\"><\/td>\n<td style=\"width: 17.3804%;\">18X\u0413T<\/td>\n<td style=\"width: 10.0756%;\"><\/td>\n<td style=\"width: 16.4987%;\">SMK22<\/td>\n<td style=\"width: 36.0202%;\"><\/td>\n<\/tr>\n<tr>\n<td style=\"width: 18.5139%;\" height=\"36\">20Cr2Ni4<\/td>\n<td style=\"width: 18.136%;\"><\/td>\n<td style=\"width: 17.3804%;\">20X2H4A<\/td>\n<td style=\"width: 10.0756%;\"><\/td>\n<td style=\"width: 16.4987%;\"><\/td>\n<td style=\"width: 36.0202%;\"><\/td>\n<\/tr>\n<tr>\n<td style=\"width: 18.5139%;\" height=\"36\">20CrNiMo<\/td>\n<td style=\"width: 18.136%;\">20CrNiMo2<\/td>\n<td style=\"width: 17.3804%;\">20XHM<\/td>\n<td style=\"width: 10.0756%;\">8720<\/td>\n<td style=\"width: 16.4987%;\">SNCM220<\/td>\n<td style=\"width: 36.0202%;\">21NiCrMo2<\/td>\n<\/tr>\n<tr>\n<td style=\"width: 18.5139%;\" height=\"36\">40CrNiMoA<\/td>\n<td style=\"width: 18.136%;\"><\/td>\n<td style=\"width: 17.3804%;\">40XH2MA\/<br \/>\n40XHMA<\/td>\n<td style=\"width: 10.0756%;\">4340<\/td>\n<td style=\"width: 16.4987%;\">SNCM439<\/td>\n<td style=\"width: 36.0202%;\">40NiCrMo6\/<br \/>\n36NiCrMo4<\/td>\n<\/tr>\n<tr>\n<td style=\"width: 18.5139%;\" height=\"36\">20CrNi2Mo<\/td>\n<td style=\"width: 18.136%;\">20NiCrMo7<\/td>\n<td style=\"width: 17.3804%;\">20XH2MA<\/td>\n<td style=\"width: 10.0756%;\">4320<\/td>\n<td style=\"width: 16.4987%;\">SNCM420<\/td>\n<td style=\"width: 36.0202%;\"><\/td>\n<\/tr>\n<\/tbody>\n<\/table>\n<p><span style=\"color: #333333; font-size: 26px;\">Verschil tussen schroeftandwielen en visgraattandwielen<\/span><\/p>\n<div>\n<p class=\"break-words\" dir=\"auto\">Schroef- en visgraattandwielen worden beide gebruikt in mechanische krachtoverbrenging en bieden een soepele en stille werking, maar ze verschillen aanzienlijk in ontwerp, prestaties en toepassing. Hieronder vindt u een beknopte vergelijking:<\/p>\n<h3 dir=\"auto\">Belangrijkste verschillen<\/h3>\n<ol class=\"marker:text-secondary\" dir=\"auto\">\n<li class=\"break-words\"><strong>Tandontwerp<\/strong>\n<ul class=\"marker:text-secondary\" dir=\"auto\">\n<li class=\"break-words\"><strong>Spiraalvormig tandwiel<\/strong>: Enkele helix tanden (links of rechts).<\/li>\n<li class=\"break-words\"><strong>Visgraat versnelling<\/strong>: Symmetrische dubbele helix (linker- en rechterhand gecombineerd).<\/li>\n<\/ul>\n<\/li>\n<li class=\"break-words\"><strong>Stuwkracht<\/strong>\n<ul class=\"marker:text-secondary\" dir=\"auto\">\n<li class=\"break-words\"><strong>Spiraalvormig tandwiel<\/strong>: Genereert axiale stuwkracht, waarvoor speciale lagers nodig zijn.<\/li>\n<li class=\"break-words\"><strong>Visgraat versnelling<\/strong>:Symmetrisch ontwerp heft axiale stuwkracht op.<\/li>\n<\/ul>\n<\/li>\n<li class=\"break-words\"><strong>Helixhoek<\/strong>\n<ul class=\"marker:text-secondary\" dir=\"auto\">\n<li class=\"break-words\"><strong>Spiraalvormig tandwiel<\/strong>: Beperkt tot 20\u201325\u00b0 vanwege de stuwkracht.<\/li>\n<li class=\"break-words\"><strong>Visgraat versnelling<\/strong>: Tot 45\u00b0, voor verbeterde prestaties.<\/li>\n<\/ul>\n<\/li>\n<li class=\"break-words\"><strong>Krachtoverbrenging<\/strong>\n<ul class=\"marker:text-secondary\" dir=\"auto\">\n<li class=\"break-words\"><strong>Spiraalvormig tandwiel<\/strong>:Axiale stuwkracht beperkt de koppelcapaciteit.<\/li>\n<li class=\"break-words\"><strong>Visgraat versnelling<\/strong>: Hoger koppel zonder axiale kracht.<\/li>\n<\/ul>\n<\/li>\n<li class=\"break-words\"><strong>Productiecomplexiteit<\/strong>\n<ul class=\"marker:text-secondary\" dir=\"auto\">\n<li class=\"break-words\"><strong>Spiraalvormig tandwiel<\/strong>:Eenvoudig en kosteneffectief.<\/li>\n<li class=\"break-words\"><strong>Visgraat versnelling<\/strong>: Complex en duur.<\/li>\n<\/ul>\n<\/li>\n<li class=\"break-words\"><strong>Lagers<\/strong>\n<ul class=\"marker:text-secondary\" dir=\"auto\">\n<li class=\"break-words\"><strong>Spiraalvormig tandwiel<\/strong>: Heeft radiale + axiale lastlagers nodig.<\/li>\n<li class=\"break-words\"><strong>Visgraat versnelling<\/strong>: Alleen radiale lastlagers vereist.<\/li>\n<\/ul>\n<\/li>\n<li class=\"break-words\"><strong>Toepassingen<\/strong>\n<ul class=\"marker:text-secondary\" dir=\"auto\">\n<li class=\"break-words\"><strong>Spiraalvormig tandwiel<\/strong>: Automobielindustrie, algemene machines.<\/li>\n<li class=\"break-words\"><strong>Visgraat versnelling<\/strong>: Turbines, grote tandwielkasten.<\/li>\n<\/ul>\n<\/li>\n<\/ol>\n<table style=\"border-collapse: collapse; width: 101.998%; height: 28px;\" border=\"0\" width=\"160\" cellspacing=\"0\" cellpadding=\"0\">\n<tbody>\n<tr style=\"height: 14.40pt;\">\n<td class=\"et2\" style=\"height: 14px; width: 100%;\" colspan=\"2\" width=\"160\" height=\"24\"><img loading=\"lazy\" decoding=\"async\" class=\"alignnone size-full wp-image-7872\" src=\"https:\/\/fmp-components.com\/wp-content\/uploads\/2025\/04\/Difference-Between-Helical-Gear-and-Herringbone-Gear.webp\" alt=\"Verschil tussen schroeftandwielen en visgraattandwielen\" width=\"1800\" height=\"600\" title=\"\" srcset=\"https:\/\/fmp-components.com\/wp-content\/uploads\/2025\/04\/Difference-Between-Helical-Gear-and-Herringbone-Gear.webp 1800w, https:\/\/fmp-components.com\/wp-content\/uploads\/2025\/04\/Difference-Between-Helical-Gear-and-Herringbone-Gear-1280x427.webp 1280w, https:\/\/fmp-components.com\/wp-content\/uploads\/2025\/04\/Difference-Between-Helical-Gear-and-Herringbone-Gear-980x327.webp 980w, https:\/\/fmp-components.com\/wp-content\/uploads\/2025\/04\/Difference-Between-Helical-Gear-and-Herringbone-Gear-480x160.webp 480w\" sizes=\"(min-width: 0px) and (max-width: 480px) 480px, (min-width: 481px) and (max-width: 980px) 980px, (min-width: 981px) and (max-width: 1280px) 1280px, (min-width: 1281px) 1800px, 100vw\" \/><\/td>\n<\/tr>\n<tr style=\"height: 14.40pt;\">\n<td style=\"height: 14px; width: 50.105%; text-align: center;\" align=\"right\" height=\"24\"><strong>Links: typische visgraatuitrusting<\/strong><\/td>\n<td style=\"height: 14px; width: 49.895%; text-align: center;\" align=\"right\"><strong>rechts: typische dubbele schroefvertanding<\/strong><\/td>\n<\/tr>\n<\/tbody>\n<\/table>\n<h3 dir=\"auto\">Vergelijkingstabel<\/h3>\n<table style=\"width: 100%;\" border=\"1\" width=\"100%\" cellspacing=\"0\" cellpadding=\"0\">\n<thead class=\"border-b border-primary\/20\">\n<tr class=\"border-primary\/10\">\n<th class=\"break-words\"><strong>Aspect<\/strong><\/th>\n<th class=\"break-words\"><strong>Spiraalvormig tandwiel<\/strong><\/th>\n<th class=\"break-words\"><strong>Visgraat versnelling<\/strong><\/th>\n<\/tr>\n<\/thead>\n<tbody>\n<tr class=\"border-primary\/10\">\n<td class=\"break-words\">Tandontwerp<\/td>\n<td class=\"break-words\">Enkele helix<\/td>\n<td class=\"break-words\">Dubbele symmetrische helix<\/td>\n<\/tr>\n<tr class=\"border-primary\/10\">\n<td class=\"break-words\">Stuwkracht<\/td>\n<td class=\"break-words\">Cadeau<\/td>\n<td class=\"break-words\">Geen<\/td>\n<\/tr>\n<tr class=\"border-primary\/10\">\n<td class=\"break-words\">Helixhoek<\/td>\n<td class=\"break-words\">20\u201325\u00b0<\/td>\n<td class=\"break-words\">Tot 45\u00b0<\/td>\n<\/tr>\n<tr class=\"border-primary\/10\">\n<td class=\"break-words\">Koppelcapaciteit<\/td>\n<td class=\"break-words\">Lager<\/td>\n<td class=\"break-words\">Hoger<\/td>\n<\/tr>\n<tr class=\"border-primary\/10\">\n<td class=\"break-words\">Productie<\/td>\n<td class=\"break-words\">Eenvoudig\/Goedkoop<\/td>\n<td class=\"break-words\">Complex\/Duur<\/td>\n<\/tr>\n<tr class=\"border-primary\/10\">\n<td class=\"break-words\">Lagers<\/td>\n<td class=\"break-words\">Radiaal + Axiaal<\/td>\n<td class=\"break-words\">Alleen radiaal<\/td>\n<\/tr>\n<tr class=\"border-primary\/10\">\n<td class=\"break-words\">Toepassingen<\/td>\n<td class=\"break-words\">Automobiel, Machines<\/td>\n<td class=\"break-words\">Turbines, grote tandwielkasten<\/td>\n<\/tr>\n<\/tbody>\n<\/table>\n<\/div>\n<h4 dir=\"auto\">Terminologienotitie<\/h4>\n<p class=\"break-words\" dir=\"auto\">Bij \u2018visgraatwielen\u2019 ontbreekt doorgaans een centrale groef, terwijl bij \u2018dubbele schroefwielen\u2019 er wel een aanwezig is. Beide systemen elimineren echter de axiale stuwkracht.<\/p>\n<p class=\"break-words\" dir=\"auto\">Schroefvormige tandwielen zijn kosteneffectief en veelzijdig voor algemeen gebruik, terwijl visgraatwielen uitblinken in toepassingen met een hoog koppel, ondanks de hogere kosten.<\/p>\n<h2 class=\"\" dir=\"auto\">Toepassingen van visgraatwielen<\/h2>\n<p class=\"break-words\" dir=\"auto\">Visgraattandwielen blinken uit in sectoren die robuuste, betrouwbare krachtoverbrenging vereisen. Hier vindt u ze in heel Itali\u00eb en daarbuiten:<\/p>\n<ul class=\"marker:text-secondary\" dir=\"auto\">\n<li class=\"break-words\">Zware machines: in Milaan, een centrum van industri\u00eble innovatie, worden grote gereedschapsmachines en persen aangedreven door visgraatwielen. Zo wordt de effici\u00ebntie in productielocaties gewaarborgd.<\/li>\n<li class=\"break-words\">Scheepsvoortstuwing: In Veneti\u00eb, bekend om zijn maritieme erfgoed, vormen deze tandwielen een integraal onderdeel van scheepstandwielkasten en leveren ze een betrouwbare koppel voor de voortstuwing van het schip.<\/li>\n<li class=\"break-words\">Auto-industrie: In Bologna, een hoeksteen van de Italiaanse autosector, worden versnellingsbakken en differenti\u00eblen uitgerust met visgraatwielen, waardoor de prestaties van het voertuig worden verbeterd.<\/li>\n<li class=\"break-words\">Energiesector: In Florence, bekend om zijn technische vaardigheden, worden windturbines en gasturbines aangedreven door visgraatwielen, waarmee duurzame energieoplossingen worden ondersteund.<\/li>\n<\/ul>\n<p class=\"break-words\" dir=\"auto\">Van industri\u00eble grootmachten tot geavanceerde technologie: visgraatwielen spelen een essenti\u00eble rol bij het draaiende houden van de Italiaanse economie.<\/p>\n<h2 class=\"\" dir=\"auto\">Productie van visgraatwielen<\/h2>\n<p class=\"break-words\" dir=\"auto\">Het produceren van visgraattandwielen is geen eenvoudige taak. Hun complexe V-vormige ontwerp brengt uitdagingen met zich mee die standaard tandwielfreesmachines niet aankunnen: traditionele tandwielfrezen lopen het risico de andere helft van het tandwiel te be\u00efnvloeden. Gespecialiseerde apparatuur, zoals de Sykes tandwielfrees of geavanceerde CNC-machines, is vereist om precisie te bereiken. Moderne innovaties, zoals 3D-printen, hebben het ook mogelijk gemaakt om lichtgewicht, nauwkeurige visgraattandwielen te cre\u00ebren. Bij FMP maken we gebruik van geavanceerde technologie om deze uitdagingen het hoofd te bieden en zorgen we ervoor dat elk tandwiel aan de hoogste normen voldoet.<\/p>\n<h2 dir=\"auto\">Gerelateerde visgraatproducten<\/h2>\n<table style=\"border-collapse: collapse; width: 102.484%; height: 59px;\" border=\"0\" width=\"240\" cellspacing=\"0\" cellpadding=\"0\">\n<tbody>\n<tr style=\"height: 14.40pt;\">\n<td style=\"height: 14.4pt; width: 33.3333%;\" align=\"right\" width=\"80\" height=\"24\"><img loading=\"lazy\" decoding=\"async\" class=\"wp-image-7876 aligncenter\" src=\"https:\/\/fmp-components.com\/wp-content\/uploads\/2025\/04\/forged_steel_pinion_herringbone_gear.webp\" alt=\"gesmeed_stalen_rondsel_visgraat_tandwiel\" width=\"305\" height=\"407\" title=\"\" srcset=\"https:\/\/fmp-components.com\/wp-content\/uploads\/2025\/04\/forged_steel_pinion_herringbone_gear.webp 300w, https:\/\/fmp-components.com\/wp-content\/uploads\/2025\/04\/forged_steel_pinion_herringbone_gear-225x300.webp 225w, https:\/\/fmp-components.com\/wp-content\/uploads\/2025\/04\/forged_steel_pinion_herringbone_gear-9x12.webp 9w\" sizes=\"(max-width: 305px) 100vw, 305px\" \/><\/td>\n<td style=\"width: 33.3333%;\" align=\"right\" width=\"80\"><img loading=\"lazy\" decoding=\"async\" class=\"size-full wp-image-7874 aligncenter\" src=\"https:\/\/fmp-components.com\/wp-content\/uploads\/2025\/04\/pinion_herringbone_gear_set_for_steel_factory.webp\" alt=\"pinion_herringbone_gear_set_voor_staalfabriek\" width=\"300\" height=\"400\" title=\"\" srcset=\"https:\/\/fmp-components.com\/wp-content\/uploads\/2025\/04\/pinion_herringbone_gear_set_for_steel_factory.webp 300w, https:\/\/fmp-components.com\/wp-content\/uploads\/2025\/04\/pinion_herringbone_gear_set_for_steel_factory-225x300.webp 225w, https:\/\/fmp-components.com\/wp-content\/uploads\/2025\/04\/pinion_herringbone_gear_set_for_steel_factory-9x12.webp 9w\" sizes=\"(max-width: 300px) 100vw, 300px\" \/><\/td>\n<td style=\"width: 33.3333%;\" align=\"right\" width=\"80\"><img loading=\"lazy\" decoding=\"async\" class=\"size-full wp-image-7875 aligncenter\" src=\"https:\/\/fmp-components.com\/wp-content\/uploads\/2025\/04\/steel_pinion_herringbone_gear_transmission_parts.webp\" alt=\"stalen_rondsel_visgraat_transmissie_onderdelen\" width=\"300\" height=\"400\" title=\"\" srcset=\"https:\/\/fmp-components.com\/wp-content\/uploads\/2025\/04\/steel_pinion_herringbone_gear_transmission_parts.webp 300w, https:\/\/fmp-components.com\/wp-content\/uploads\/2025\/04\/steel_pinion_herringbone_gear_transmission_parts-225x300.webp 225w, https:\/\/fmp-components.com\/wp-content\/uploads\/2025\/04\/steel_pinion_herringbone_gear_transmission_parts-9x12.webp 9w\" sizes=\"(max-width: 300px) 100vw, 300px\" \/><\/td>\n<\/tr>\n<\/tbody>\n<\/table>\n<table style=\"border-collapse: collapse; width: 104.234%; height: 11px;\" border=\"0\" width=\"240\" cellspacing=\"0\" cellpadding=\"0\">\n<tbody>\n<tr style=\"height: 14.40pt;\">\n<td style=\"height: 14.4pt; width: 32.888%;\" align=\"right\" width=\"80\" height=\"24\"><img loading=\"lazy\" decoding=\"async\" class=\"size-full wp-image-7877 aligncenter\" src=\"https:\/\/fmp-components.com\/wp-content\/uploads\/2025\/04\/steel_double_helical_gear_transmission_gears.webp\" alt=\"stalen dubbele spiraalvormige transmissietandwielen\" width=\"560\" height=\"400\" title=\"\" srcset=\"https:\/\/fmp-components.com\/wp-content\/uploads\/2025\/04\/steel_double_helical_gear_transmission_gears.webp 560w, https:\/\/fmp-components.com\/wp-content\/uploads\/2025\/04\/steel_double_helical_gear_transmission_gears-480x343.webp 480w\" sizes=\"(min-width: 0px) and (max-width: 480px) 480px, (min-width: 481px) 560px, 100vw\" \/><\/td>\n<td style=\"width: 34.3268%;\" align=\"right\" width=\"80\"><img loading=\"lazy\" decoding=\"async\" class=\"size-full wp-image-7879 aligncenter\" src=\"https:\/\/fmp-components.com\/wp-content\/uploads\/2025\/04\/transmission_herringbone_gears_shaft_16_teeth.webp\" alt=\"transmissie_visgraat_tandwielen_as_16_tanden\" width=\"560\" height=\"373\" title=\"\" srcset=\"https:\/\/fmp-components.com\/wp-content\/uploads\/2025\/04\/transmission_herringbone_gears_shaft_16_teeth.webp 560w, https:\/\/fmp-components.com\/wp-content\/uploads\/2025\/04\/transmission_herringbone_gears_shaft_16_teeth-480x320.webp 480w\" sizes=\"(min-width: 0px) and (max-width: 480px) 480px, (min-width: 481px) 560px, 100vw\" \/><\/td>\n<td style=\"width: 32.6824%;\" align=\"right\" width=\"80\"><img loading=\"lazy\" decoding=\"async\" class=\"size-full wp-image-7878 aligncenter\" src=\"https:\/\/fmp-components.com\/wp-content\/uploads\/2025\/04\/oem_zero_gap_double_helical_and_herringbone_gears_iso_8_9.webp\" alt=\"oem_zero_gap_dubbele_helische_en_herringbone_tandwielen\" width=\"1024\" height=\"730\" title=\"\" srcset=\"https:\/\/fmp-components.com\/wp-content\/uploads\/2025\/04\/oem_zero_gap_double_helical_and_herringbone_gears_iso_8_9.webp 1024w, https:\/\/fmp-components.com\/wp-content\/uploads\/2025\/04\/oem_zero_gap_double_helical_and_herringbone_gears_iso_8_9-980x699.webp 980w, https:\/\/fmp-components.com\/wp-content\/uploads\/2025\/04\/oem_zero_gap_double_helical_and_herringbone_gears_iso_8_9-480x342.webp 480w\" sizes=\"(min-width: 0px) and (max-width: 480px) 480px, (min-width: 481px) and (max-width: 980px) 980px, (min-width: 981px) 1024px, 100vw\" \/><\/td>\n<\/tr>\n<\/tbody>\n<\/table>\n<h2 class=\"\" dir=\"auto\">FMP Company: uw experts in visgraatuitrusting<\/h2>\n<p>Bij FMP Company zijn we er trots op een toonaangevende fabrikant te zijn van schuine tandwielen, met een speciale focus op visgraattandwielen. Of u nu in Milaan, Veneti\u00eb, Florence of Bologna bent, onze producten zijn van grote waarde voor industrie\u00ebn vari\u00ebrend van automotive tot maritieme toepassingen en energie. We bieden een breed scala aan oplossingen voor schuine tandwielen en onze visgraattandwielen zijn ontworpen om uitzonderlijke prestaties te leveren in omgevingen met een hoog koppel.<\/p>\n<p>Zoekt u een specifiek visgraattandwiel? Wij bieden oplossingen op maat, afgestemd op uw behoeften. Maakt u zich geen zorgen als u het gewenste model niet in onze productlijst ziet staan: het is mogelijk nog niet ge\u00fcpload. Stuur ons een e-mail met uw specificaties en onze deskundige engineers reageren binnen 24 uur met een oplossing op maat. Neem vandaag nog contact met ons op en ontdek hoe FMP uw machines naar een hoger niveau kan tillen met hoogwaardige visgraattandwielen.<\/p>\n<p>Visgraattandwielen getuigen van technisch vernuft en bieden onge\u00ebvenaarde sterkte en effici\u00ebntie voor toepassingen met een hoog koppel. Bij FMP Company streven we ernaar deze geavanceerde tandwielen te leveren aan klanten in heel Itali\u00eb en daarbuiten. Neem contact met ons op via e-mail om uw wensen te bespreken. Ons team staat klaar om binnen 24 uur de perfecte tandwieloplossing te leveren. Laat FMP uw partner zijn in precisietechniek!<\/p>","protected":false},"excerpt":{"rendered":"<p>What Are Herringbone Gears? A herringbone gear is a specific type of double helical gear characterized by its distinctive V-shaped tooth pattern. Imagine two helical gears with opposite hands\u2014left and right\u2014joined side by side. From above, the grooves resemble the letter &#8220;V,&#8221; forming a herringbone pattern, much like the bones of a fish. Unlike standard [&hellip;]<\/p>","protected":false},"featured_media":7880,"comment_status":"open","ping_status":"closed","template":"","meta":{"_et_pb_use_builder":"","_et_pb_old_content":"","_et_gb_content_width":""},"product_brand":[],"product_cat":[108],"product_tag":[],"class_list":{"0":"post-7870","1":"product","2":"type-product","3":"status-publish","4":"has-post-thumbnail","6":"product_cat-helical-gear","8":"first","9":"instock","10":"shipping-taxable","11":"product-type-simple"},"_links":{"self":[{"href":"https:\/\/fmp-components.com\/nl\/wp-json\/wp\/v2\/product\/7870","targetHints":{"allow":["GET"]}}],"collection":[{"href":"https:\/\/fmp-components.com\/nl\/wp-json\/wp\/v2\/product"}],"about":[{"href":"https:\/\/fmp-components.com\/nl\/wp-json\/wp\/v2\/types\/product"}],"replies":[{"embeddable":true,"href":"https:\/\/fmp-components.com\/nl\/wp-json\/wp\/v2\/comments?post=7870"}],"wp:featuredmedia":[{"embeddable":true,"href":"https:\/\/fmp-components.com\/nl\/wp-json\/wp\/v2\/media\/7880"}],"wp:attachment":[{"href":"https:\/\/fmp-components.com\/nl\/wp-json\/wp\/v2\/media?parent=7870"}],"wp:term":[{"taxonomy":"product_brand","embeddable":true,"href":"https:\/\/fmp-components.com\/nl\/wp-json\/wp\/v2\/product_brand?post=7870"},{"taxonomy":"product_cat","embeddable":true,"href":"https:\/\/fmp-components.com\/nl\/wp-json\/wp\/v2\/product_cat?post=7870"},{"taxonomy":"product_tag","embeddable":true,"href":"https:\/\/fmp-components.com\/nl\/wp-json\/wp\/v2\/product_tag?post=7870"}],"curies":[{"name":"wp","href":"https:\/\/api.w.org\/{rel}","templated":true}]}}