{"id":7787,"date":"2025-04-04T07:21:01","date_gmt":"2025-04-04T07:21:01","guid":{"rendered":"https:\/\/fmp-components.com\/?post_type=product&#038;p=7787"},"modified":"2025-04-04T07:21:43","modified_gmt":"2025-04-04T07:21:43","slug":"internal-spur-gear","status":"publish","type":"product","link":"https:\/\/fmp-components.com\/nl\/product\/internal-spur-gear\/","title":{"rendered":"Interne tandwieloverbrenging"},"content":{"rendered":"<div>\n<p class=\"break-words\" dir=\"auto\">Interne tandwielen verschillen van gewone tandwielen doordat hun tanden aan de binnenkant van de plaat zijn gevormd. Deze tandwielen zijn doorgaans sterker en effici\u00ebnter dan het rondsel waarmee ze ingrijpen. Voor een goede werking moet de steekdiameter van het interne tandwiel minimaal 1,5 keer zo groot zijn als die van het bijbehorende rondsel; anders zullen de tandpunten elkaar hinderen.<\/p>\n<p class=\"break-words\" dir=\"auto\">Interne tandwielen bieden ontwerpers het voordeel dat ze een groter contact en een grotere overbrengingsverhouding over kortere hartafstanden bereiken dan standaard rechte tandwielen. Bovendien maken ze snelheidsaanpassingen mogelijk zonder de richting te veranderen, waardoor er geen tussentandwiel nodig is, wat bij traditionele rechte tandwielen wel nodig zou zijn.<\/p>\n<\/div>\n<h2>Productspecificatie<\/h2>\n<div class=\"table-responsive\">\n<table class=\"table\" style=\"width: 101.427%; height: 279px;\" border=\"1\">\n<tbody>\n<tr>\n<td>Tandvorm<\/td>\n<td>Volgens de vereisten van de klant<\/td>\n<\/tr>\n<tr>\n<td>Materiaal<\/td>\n<td>Volgens de vereisten van de klant<\/td>\n<\/tr>\n<tr>\n<td>Vorm<\/td>\n<td>Volgens de vereisten van de klant<\/td>\n<\/tr>\n<tr>\n<td>Cijfer<\/td>\n<td>Volgens de vereisten van de klant<\/td>\n<\/tr>\n<tr>\n<td>Techniek<\/td>\n<td>Volgens de vereisten van de klant<\/td>\n<\/tr>\n<tr>\n<td>Drukhoek<\/td>\n<td>Volgens de vereisten van de klant<\/td>\n<\/tr>\n<tr>\n<td>Diameter<\/td>\n<td>Volgens de vereisten van de klant<\/td>\n<\/tr>\n<tr>\n<td>Maat<\/td>\n<td>Volgens de vereisten van de klant<\/td>\n<\/tr>\n<tr>\n<td>Minimale bestelhoeveelheid<\/td>\n<td>1 eenheid<\/td>\n<\/tr>\n<\/tbody>\n<\/table>\n<div>\n<h3 class=\"\" dir=\"auto\">Internal Spur Gear Excellence van FMP voor de Italiaanse markt<\/h3>\n<p class=\"break-words\" dir=\"auto\">FMP is een toonaangevende fabrikant van interne tandwielen en levert topkwaliteit <a href=\"https:\/\/fmp-components.com\/nl\/ring-gear\/\">ringwielen<\/a> voor industrie\u00ebn in heel Itali\u00eb, van Milaan tot Veneti\u00eb. Onze uitgebreide catalogus bevat een breed scala aan tandwieltypen, ontworpen om precisie en betrouwbaarheid te bieden voor toepassingen in machines, de automobielindustrie en meer. Of u nu actief bent in Florence of Bologna, FMP zorgt ervoor dat elk intern tandwiel voldoet aan de hoogste normen en vervaardigd is met geavanceerde technologie ter ondersteuning van de bloeiende Italiaanse industri\u00eble sectoren. Wij zijn uw partner voor duurzame en effici\u00ebnte tandwieloplossingen, afgestemd op lokale behoeften.<\/p>\n<h3 class=\"\" dir=\"auto\">Aangepaste interne tandwielen voor uw unieke vereisten<\/h3>\n<p class=\"break-words\" dir=\"auto\">Bij FMP gaan we verder dan standaardaanbiedingen door volledig aanpasbare interne tandwielen te leveren die passen bij uw specifieke projecten. Als u in Milaan, Veneti\u00eb, Florence of Bologna woont en het exacte model dat u nodig hebt niet in onze productlijst ziet, is de kans groot dat we het nog niet hebben ge\u00fcpload \u2013 onze voorraad groeit voortdurend. Neem contact met ons op via e-mail met uw specificaties en onze deskundige engineers nemen binnen 24 uur contact met u op met gepersonaliseerde opties. Ongeacht de complexiteit van uw aanvraag, FMP streeft ernaar om snelle, deskundige service en hoogwaardige tandwielen te leveren aan bedrijven in heel Itali\u00eb.<\/p>\n<\/div>\n<\/div>","protected":false},"excerpt":{"rendered":"<p>Internal Spur Gears differ from typical spur gears in that their teeth are formed on the inner surface of the blank. These gears tend to be stronger and more efficient compared to the pinion gear they mesh with. For proper function, the pitch diameter of the internal gear should be at least 1.5 times that [&hellip;]<\/p>","protected":false},"featured_media":4639,"comment_status":"open","ping_status":"closed","template":"","meta":{"_et_pb_use_builder":"","_et_pb_old_content":"","_et_gb_content_width":""},"product_brand":[],"product_cat":[114],"product_tag":[],"class_list":{"0":"post-7787","1":"product","2":"type-product","3":"status-publish","4":"has-post-thumbnail","6":"product_cat-ring-gear","8":"first","9":"instock","10":"shipping-taxable","11":"product-type-simple"},"_links":{"self":[{"href":"https:\/\/fmp-components.com\/nl\/wp-json\/wp\/v2\/product\/7787","targetHints":{"allow":["GET"]}}],"collection":[{"href":"https:\/\/fmp-components.com\/nl\/wp-json\/wp\/v2\/product"}],"about":[{"href":"https:\/\/fmp-components.com\/nl\/wp-json\/wp\/v2\/types\/product"}],"replies":[{"embeddable":true,"href":"https:\/\/fmp-components.com\/nl\/wp-json\/wp\/v2\/comments?post=7787"}],"wp:featuredmedia":[{"embeddable":true,"href":"https:\/\/fmp-components.com\/nl\/wp-json\/wp\/v2\/media\/4639"}],"wp:attachment":[{"href":"https:\/\/fmp-components.com\/nl\/wp-json\/wp\/v2\/media?parent=7787"}],"wp:term":[{"taxonomy":"product_brand","embeddable":true,"href":"https:\/\/fmp-components.com\/nl\/wp-json\/wp\/v2\/product_brand?post=7787"},{"taxonomy":"product_cat","embeddable":true,"href":"https:\/\/fmp-components.com\/nl\/wp-json\/wp\/v2\/product_cat?post=7787"},{"taxonomy":"product_tag","embeddable":true,"href":"https:\/\/fmp-components.com\/nl\/wp-json\/wp\/v2\/product_tag?post=7787"}],"curies":[{"name":"wp","href":"https:\/\/api.w.org\/{rel}","templated":true}]}}