{"id":7781,"date":"2025-04-04T06:46:54","date_gmt":"2025-04-04T06:46:54","guid":{"rendered":"https:\/\/fmp-components.com\/?post_type=product&#038;p=7781"},"modified":"2025-04-04T06:48:36","modified_gmt":"2025-04-04T06:48:36","slug":"internal-gears-for-tractors-and-cranes","status":"publish","type":"product","link":"https:\/\/fmp-components.com\/nl\/product\/internal-gears-for-tractors-and-cranes\/","title":{"rendered":"Interne tandwielen voor tractoren en kranen"},"content":{"rendered":"<h2>Productspecificatie<\/h2>\n<div class=\"table-responsive\">\n<table class=\"table\" style=\"width: 99.2193%;\" border=\"1\">\n<tbody>\n<tr>\n<td style=\"width: 56.4286%;\">Producttype<\/td>\n<td style=\"width: 281.083%;\">Tandwielonderdelen<\/td>\n<\/tr>\n<tr>\n<td style=\"width: 56.4286%;\">Gebruik\/Toepassing<\/td>\n<td style=\"width: 281.083%;\">Tractor en kraan<\/td>\n<\/tr>\n<tr>\n<td style=\"width: 56.4286%;\">Materiaal<\/td>\n<td style=\"width: 281.083%;\">Zacht staal<\/td>\n<\/tr>\n<tr>\n<td style=\"width: 56.4286%;\">Vorm<\/td>\n<td style=\"width: 281.083%;\">Ronde<\/td>\n<\/tr>\n<tr>\n<td style=\"width: 56.4286%;\">Verpakkingstype<\/td>\n<td style=\"width: 281.083%;\">Doos<\/td>\n<\/tr>\n<tr>\n<td style=\"width: 56.4286%;\">Minimale bestelhoeveelheid<\/td>\n<td style=\"width: 281.083%;\">10 Nummer<\/td>\n<\/tr>\n<\/tbody>\n<\/table>\n<\/div>\n<p>Dankzij de oprechtheid en het harde werk van onze professionals hebben we een eigen plek in dit domein veroverd door een assortiment van hoogwaardige interne uitrusting aan te bieden.<\/p>\n<div>\n<h3 class=\"\" dir=\"auto\">Verbeter de prestaties van tractoren en kranen met interne tandwielen van FMP in Itali\u00eb<\/h3>\n<p class=\"break-words\" dir=\"auto\">Interne tandwielen spelen een cruciale rol in de soepele werking van zware machines zoals tractoren en kranen en leveren kracht en precisie waar dat het meest nodig is. Bij FMP produceren we een breed scala aan ringtandwielen, waaronder hoogwaardige interne tandwielen die zijn ontworpen om te voldoen aan de eisen van landbouw- en bouwomgevingen. Van de vruchtbare velden nabij Florence tot de industri\u00eble centra van Milaan, onze tandwielen garanderen duurzaamheid, effici\u00ebntie en minder onderhoud aan uw apparatuur. Of u nu kranen bedient in de bruisende havens van Veneti\u00eb of tractoren op het platteland van Bologna, FMP biedt betrouwbare oplossingen op maat voor de diverse industrie\u00ebn in Itali\u00eb.<\/p>\n<h3 class=\"\" dir=\"auto\">Aangepaste interne versnellingen voor uw behoeften \u2013 Neem vandaag nog contact op met FMP!<\/h3>\n<p class=\"break-words\" dir=\"auto\">FMP streeft ernaar om aan uw specifieke behoeften te voldoen met ons uitgebreide assortiment <a href=\"https:\/\/fmp-components.com\/nl\/ring-gear\/\">ringwielen<\/a> en maatwerk. Als u op zoek bent naar interne tandwielen voor tractoren of kranen en het exacte model niet in onze productlijst ziet, is de kans groot dat we het nog niet hebben ge\u00fcpload \u2013 onze voorraad groeit voortdurend. Neem contact met ons op via e-mail en geef uw wensen door, of u nu in Milaan, Veneti\u00eb, Florence of elders woont. Onze bekwame technici reageren binnen 24 uur met een oplossing op maat. Vertrouw op FMP voor uitzonderlijke kwaliteit en ondersteuning, waarmee u uw machines in heel Itali\u00eb met precisie en expertise van stroom voorziet.<\/p>\n<\/div>","protected":false},"excerpt":{"rendered":"<p>Product Specification Product Type Gear Parts Usage\/Application Tractor and crane Material Mild Steel Shape Round Packaging Type Box Minimum Order Quantity 10 Number With our professionals&#8217; sincerity and hard work, we have carved a niche for ourselves in this domain by offering a premium quality gamut of Internal Gear. Boost Tractor and Crane Performance with [&hellip;]<\/p>","protected":false},"featured_media":4638,"comment_status":"open","ping_status":"closed","template":"","meta":{"_et_pb_use_builder":"","_et_pb_old_content":"","_et_gb_content_width":""},"product_brand":[],"product_cat":[114],"product_tag":[],"class_list":{"0":"post-7781","1":"product","2":"type-product","3":"status-publish","4":"has-post-thumbnail","6":"product_cat-ring-gear","8":"first","9":"instock","10":"shipping-taxable","11":"product-type-simple"},"_links":{"self":[{"href":"https:\/\/fmp-components.com\/nl\/wp-json\/wp\/v2\/product\/7781","targetHints":{"allow":["GET"]}}],"collection":[{"href":"https:\/\/fmp-components.com\/nl\/wp-json\/wp\/v2\/product"}],"about":[{"href":"https:\/\/fmp-components.com\/nl\/wp-json\/wp\/v2\/types\/product"}],"replies":[{"embeddable":true,"href":"https:\/\/fmp-components.com\/nl\/wp-json\/wp\/v2\/comments?post=7781"}],"wp:featuredmedia":[{"embeddable":true,"href":"https:\/\/fmp-components.com\/nl\/wp-json\/wp\/v2\/media\/4638"}],"wp:attachment":[{"href":"https:\/\/fmp-components.com\/nl\/wp-json\/wp\/v2\/media?parent=7781"}],"wp:term":[{"taxonomy":"product_brand","embeddable":true,"href":"https:\/\/fmp-components.com\/nl\/wp-json\/wp\/v2\/product_brand?post=7781"},{"taxonomy":"product_cat","embeddable":true,"href":"https:\/\/fmp-components.com\/nl\/wp-json\/wp\/v2\/product_cat?post=7781"},{"taxonomy":"product_tag","embeddable":true,"href":"https:\/\/fmp-components.com\/nl\/wp-json\/wp\/v2\/product_tag?post=7781"}],"curies":[{"name":"wp","href":"https:\/\/api.w.org\/{rel}","templated":true}]}}