{"id":7760,"date":"2025-04-04T04:01:26","date_gmt":"2025-04-04T04:01:26","guid":{"rendered":"https:\/\/fmp-components.com\/?post_type=product&#038;p=7760"},"modified":"2025-04-04T05:33:52","modified_gmt":"2025-04-04T05:33:52","slug":"stainless-steel-ring-gear-for-wind-turbine","status":"publish","type":"product","link":"https:\/\/fmp-components.com\/nl\/product\/stainless-steel-ring-gear-for-wind-turbine\/","title":{"rendered":"RVS ringtandwiel voor windturbines"},"content":{"rendered":"<div>\n<h2 dir=\"auto\">Roestvrijstalen ringen: de aandrijving van windturbines<\/h2>\n<p class=\"break-words\" dir=\"auto\">Roestvrijstalen ringen zijn cruciale componenten in de moderne techniek en worden gewaardeerd om hun uitzonderlijke corrosiebestendigheid, slijtvastheid en roestwerende eigenschappen. In windturbines spelen deze ringen \u2013 vaak ontworpen als interne ringtandwielen \u2013 een cruciale rol in de gier- en spoedsystemen en zorgen ze voor nauwkeurige bewegingen en langdurige betrouwbaarheid onder zware omstandigheden. Itali\u00eb, met zijn groeiende sector voor hernieuwbare energie in steden als Milaan en Bologna, vertrouwt op dergelijke uiterst precieze componenten ter ondersteuning van duurzame energieopwekking. Deze ringen, gemaakt van hoogwaardig roestvrij staal, blinken uit in veeleisende toepassingen, van zware machines tot maritieme apparatuur in Veneti\u00eb en innovaties in de lucht- en ruimtevaart in Florence, waardoor ze onmisbaar zijn voor industri\u00eble excellentie.<\/p>\n<\/div>\n<table class=\"aliDataTable\" style=\"width: 100.293%;\" border=\"1\">\n<tbody>\n<tr>\n<td style=\"width: 374.349%;\" colspan=\"2\">\n<div><b data-spm-anchor-id=\"a2700.details.0.i27.bf425d5dOqoAqD\">Specificaties<\/b><\/div>\n<\/td>\n<\/tr>\n<tr>\n<td style=\"width: 33.7449%;\">\n<div>Vorm<\/div>\n<\/td>\n<td style=\"width: 340.604%;\">\n<div><a href=\"https:\/\/fmp-components.com\/nl\/ring-gear\/\">Ringwiel<\/a><\/div>\n<\/td>\n<\/tr>\n<tr>\n<td style=\"width: 33.7449%;\">\n<div>Tandprofiel<\/div>\n<\/td>\n<td style=\"width: 340.604%;\">involute<\/td>\n<\/tr>\n<tr>\n<td style=\"width: 33.7449%;\">\n<div>Beschrijving<\/div>\n<\/td>\n<td style=\"width: 340.604%;\">\n<div>Transmissie ringtandwiel<\/div>\n<\/td>\n<\/tr>\n<tr>\n<td style=\"width: 33.7449%;\">\n<div>Maat<\/div>\n<\/td>\n<td style=\"width: 340.604%;\">\n<div>Volgens tekening<\/div>\n<\/td>\n<\/tr>\n<\/tbody>\n<\/table>\n<div><\/div>\n<div>\n<div id=\"3u9z5\">\n<div id=\"ali-anchor-AliMaya-kiqiy\" data-section=\"AliMaya-kiqiy\" data-section-title=\"Technical Detail\" data-spm-anchor-id=\"a2700.details.0.i29.bf425d5dOqoAqD\">Technische details<\/div>\n<\/div>\n<div>\n<div id=\"6re8y\">\n<table class=\"aliDataTable\" style=\"width: 99.9363%;\" border=\"1\">\n<tbody>\n<tr>\n<td style=\"width: 16.5312%;\" rowspan=\"3\">\n<div>\n<div><\/div>\n<div><\/div>\n<div>Geselecteerd materiaal<\/div>\n<\/div>\n<\/td>\n<td style=\"width: 18.6992%;\">\n<div>Koolstofstaal<\/div>\n<\/td>\n<td style=\"width: 90.1521%;\">\n<div>SAE1020, SAE1045, Cr12, 40Cr, Y15Pb, 1214L enz.<\/div>\n<\/td>\n<\/tr>\n<tr>\n<td style=\"width: 18.6992%;\">\n<div>Gelegeerd staal<\/div>\n<\/td>\n<td style=\"width: 90.1521%;\">\n<div>20CrMnTi, 16MnCr5, 20CrMnMo, 41CrMo, 17CrNiMo5 enz.<\/div>\n<\/td>\n<\/tr>\n<tr>\n<td style=\"width: 18.6992%;\">\n<div>Messing\/Brons<\/div>\n<\/td>\n<td style=\"width: 90.1521%;\">\n<div>HPb59-1, H70, CuZn39Pb2, CuZn40Pb2, C38000, CuZn40 enz.<\/div>\n<\/td>\n<\/tr>\n<tr>\n<td style=\"width: 16.5312%;\">\n<div>\n<div>Modules<\/div>\n<\/div>\n<\/td>\n<td style=\"width: 108.851%;\" colspan=\"2\">\n<div>1.0, 1.25, 1.5, 1.75, 2.0, 2.25, 2.5\u2026.8.0 enz.<\/div>\n<\/td>\n<\/tr>\n<tr>\n<td style=\"width: 16.5312%;\">\n<div>\n<div>Bewerkingsproces<\/div>\n<\/div>\n<\/td>\n<td style=\"width: 108.851%;\" colspan=\"2\">\n<div>Tandwielfrezen, tandwielvormen, tandwielbrootsen,<br \/>\nTandwielschaven, tandwielslijpen en tandwiellappen<\/div>\n<\/td>\n<\/tr>\n<tr>\n<td style=\"width: 16.5312%;\" rowspan=\"2\">\n<div>\n<div><\/div>\n<div>Tolerantiecontrole<\/div>\n<\/div>\n<\/td>\n<td style=\"width: 18.6992%;\">\n<div>Buitendiameter<\/div>\n<\/td>\n<td style=\"width: 90.1521%;\">\n<div>\u00b10,005 mm<\/div>\n<\/td>\n<\/tr>\n<tr>\n<td style=\"width: 18.6992%;\">\n<div>Lengteafmeting<\/div>\n<\/td>\n<td style=\"width: 90.1521%;\">\n<div>\u00b10,05 mm<\/div>\n<\/td>\n<\/tr>\n<tr>\n<td style=\"width: 16.5312%;\">\n<div>\n<div>Warmtebehandeling<\/div>\n<\/div>\n<\/td>\n<td style=\"width: 108.851%;\" colspan=\"2\">\n<div>Afschrikken en ontlaten, Carbureren en afschrikken, Hoogfrequentharden, Carbonitreren\u2026\u2026<\/div>\n<\/td>\n<\/tr>\n<tr>\n<td style=\"width: 16.5312%;\">\n<div>\n<div>Tandnauwkeurigheid<\/div>\n<\/div>\n<\/td>\n<td style=\"width: 108.851%;\" colspan=\"2\">\n<div>DIN Klasse 4, ISO\/GB Klasse 4, AGMA Klasse 13, JIS Klasse 0<\/div>\n<\/td>\n<\/tr>\n<tr>\n<td style=\"width: 16.5312%;\">\n<div>\n<div>Oppervlaktebehandeling<\/div>\n<\/div>\n<\/td>\n<td style=\"width: 108.851%;\" colspan=\"2\">\n<div>Zwart maken, polijsten, anodiseren, verchromen, verzinken, vernikkelen\u2026\u2026<\/div>\n<\/td>\n<\/tr>\n<\/tbody>\n<\/table>\n<div class=\"sliderTable mt10 mb10 sliderTable-index0 change-to-org\">\n<div class=\"inner\">\n<table border=\"1\" width=\"100%\">\n<tbody>\n<tr class=\"firstRow\">\n<th colspan=\"2\" valign=\"top\">Basisgegevens versnelling<\/th>\n<\/tr>\n<tr>\n<td valign=\"center\">Tandvorm van het tandwiel<\/td>\n<td valign=\"center\">involute<\/td>\n<\/tr>\n<tr>\n<td valign=\"center\">Tandwielmateriaal<\/td>\n<td valign=\"center\">42CrMo<\/td>\n<\/tr>\n<tr>\n<td valign=\"center\">Tandwielproces<\/td>\n<td valign=\"center\">beslaan, slijten, tanden frezen, inwendig en vlak slijpen, tandenknarsen<\/td>\n<\/tr>\n<tr>\n<td valign=\"center\">Drukhoek<\/td>\n<td valign=\"center\">20\u00b0<\/td>\n<\/tr>\n<tr>\n<td valign=\"center\">Kwaliteitsniveau<\/td>\n<td valign=\"center\">DIN 3962 klasse 7<\/td>\n<\/tr>\n<tr>\n<td valign=\"center\">Tandwieltype<\/td>\n<td valign=\"center\">Mn=6, Z=109, \u03b2=0\u00b0, X=-0,25<\/td>\n<\/tr>\n<\/tbody>\n<\/table>\n<\/div>\n<\/div>\n<p>MOGELIJKHEDEN VAN VERSNELLING\/SPLINE<\/p>\n<div class=\"sliderTable mt10 mb10 sliderTable-index1 change-to-org\">\n<div class=\"inner\">\n<table border=\"1\" width=\"100%\">\n<tbody>\n<tr class=\"firstRow\">\n<th colspan=\"4\" valign=\"top\">INTERNE TANDWIELEN EN INTERNE SPLINES<\/th>\n<\/tr>\n<tr>\n<td valign=\"top\"><\/td>\n<td valign=\"top\">Frezen<\/td>\n<td valign=\"top\">VORMGEVING<\/td>\n<td valign=\"top\">TANDENKNARSEN<\/td>\n<\/tr>\n<tr>\n<td valign=\"top\">Maximale OD<\/td>\n<td valign=\"top\">2500 mm<\/td>\n<td valign=\"top\">2500 mm<\/td>\n<td valign=\"top\">2500 mm<\/td>\n<\/tr>\n<tr>\n<td valign=\"top\">Minimale ID<\/td>\n<td valign=\"top\">650 mm<\/td>\n<td valign=\"top\">50 mm<\/td>\n<td valign=\"top\">100 mm<\/td>\n<\/tr>\n<tr>\n<td valign=\"top\">Maximale gezichtsbreedte<\/td>\n<td valign=\"top\">500 mm<\/td>\n<td valign=\"top\">500 mm<\/td>\n<td valign=\"top\">500 mm<\/td>\n<\/tr>\n<tr>\n<td valign=\"top\">Maximale diametrale spoed<\/td>\n<td valign=\"top\">DP 1<\/td>\n<td valign=\"top\">DP 1<\/td>\n<td valign=\"top\">DP 0,5<\/td>\n<\/tr>\n<tr>\n<td valign=\"top\">Maximale module<\/td>\n<td valign=\"top\">26 mm<\/td>\n<td valign=\"top\">26 mm<\/td>\n<td valign=\"top\">45 mm<\/td>\n<\/tr>\n<tr>\n<td valign=\"top\">AGMA-niveau\/DIN-niveau<\/td>\n<td valign=\"top\">DIN-klasse 8<\/td>\n<td valign=\"top\">DIN-klasse 8<\/td>\n<td valign=\"top\">DIN-klasse 4<\/td>\n<\/tr>\n<tr>\n<td valign=\"top\">Tandoppervlakteafwerking<\/td>\n<td valign=\"top\">Ra 3,2<\/td>\n<td valign=\"top\">Ra 3,2<\/td>\n<td valign=\"top\">Ra 0,6<\/td>\n<\/tr>\n<tr>\n<td valign=\"top\">Maximale helixhoek<\/td>\n<td valign=\"top\">\u00b122,5\u00b0<\/td>\n<td valign=\"top\">\u00b122,5\u00b0<\/td>\n<td valign=\"top\">\u00b145\u00b0<\/td>\n<\/tr>\n<tr>\n<th colspan=\"4\" valign=\"top\">EXTERNE TANDWIELEN EN EXTERNE SPLINES<\/th>\n<\/tr>\n<tr>\n<td valign=\"top\"><\/td>\n<td valign=\"top\">HOBBING<\/td>\n<td valign=\"top\">Frezen<\/td>\n<td valign=\"top\">TANDENKNARSEN<\/td>\n<\/tr>\n<tr>\n<td valign=\"top\">Maximale OD<\/td>\n<td valign=\"top\">1250 mm<\/td>\n<td valign=\"top\">2500 mm<\/td>\n<td valign=\"top\">2500 mm<\/td>\n<\/tr>\n<tr>\n<td valign=\"top\">Minimale OD<\/td>\n<td valign=\"top\">20 mm<\/td>\n<td valign=\"top\">200 mm<\/td>\n<td valign=\"top\">20 mm<\/td>\n<\/tr>\n<tr>\n<td valign=\"top\">Maximale gezichtsbreedte<\/td>\n<td valign=\"top\">500 mm<\/td>\n<td valign=\"top\">500 mm<\/td>\n<td valign=\"top\">1480 mm<\/td>\n<\/tr>\n<tr>\n<td valign=\"top\">Maximale diametrale spoed<\/td>\n<td valign=\"top\">DP 1<\/td>\n<td valign=\"top\">DP 1<\/td>\n<td valign=\"top\">DP 0,5<\/td>\n<\/tr>\n<tr>\n<td valign=\"top\">Maximale module<\/td>\n<td valign=\"top\">26 mm<\/td>\n<td valign=\"top\">26 mm<\/td>\n<td valign=\"top\">45 mm<\/td>\n<\/tr>\n<tr>\n<td valign=\"top\">AGMA-niveau\/DIN-niveau<\/td>\n<td valign=\"top\">DIN-klasse 8<\/td>\n<td valign=\"top\">DIN-klasse 8<\/td>\n<td valign=\"top\">DIN-klasse 4<\/td>\n<\/tr>\n<tr>\n<td valign=\"top\">Tandoppervlakteafwerking<\/td>\n<td valign=\"top\">Ra 3,2<\/td>\n<td valign=\"top\">Ra 3,2<\/td>\n<td valign=\"top\">Ra 0,6<\/td>\n<\/tr>\n<tr>\n<td valign=\"top\">Maximale helixhoek<\/td>\n<td valign=\"top\">\u00b145\u00b0<\/td>\n<td valign=\"top\">\u00b145\u00b0<\/td>\n<td valign=\"top\">\u00b145\u00b0<\/td>\n<\/tr>\n<\/tbody>\n<\/table>\n<p><span style=\"color: #333333; font-size: 22px;\">FMP: Uw bron voor hoogwaardige roestvrijstalen ringtandwielen<\/span><\/p>\n<div>\n<p class=\"break-words\" dir=\"auto\">FMP is een toonaangevende fabrikant, exporteur en leverancier van hoogwaardige componenten voor zware machines, waaronder een breed scala aan <strong>ringwielen<\/strong> Gemaakt van roestvrij staal. Vanuit Itali\u00eb bedienen we industrie\u00ebn in Milaan, Veneti\u00eb, Florence en Bologna met robuuste, slijtvaste producten met duurzame oppervlaktebehandelingen die putcorrosie minimaliseren en de levensduur maximaliseren \u2013 en dat alles tegen concurrerende prijzen. Onze expertise omvat maatwerkoplossingen voor tandwielen in suikerfabrieken, mechanische ringtandwielen en gespecialiseerde roestvrijstalen ringen voor windturbines. Of u nu hernieuwbare energieprojecten in Bologna of maritieme systemen in Veneti\u00eb van stroom voorziet, FMP biedt ontwerpen op maat die voldoen aan uw exacte specificaties, waardoor topprestaties en structurele integriteit worden gegarandeerd.<\/p>\n<\/div>\n<table style=\"border-collapse: collapse; width: 100.345%; height: 5px;\" border=\"0\" width=\"243\" cellspacing=\"0\" cellpadding=\"0\">\n<tbody>\n<tr style=\"height: 14.40pt;\">\n<td style=\"height: 14.4pt; width: 33.2978%;\" align=\"right\" width=\"81\" height=\"24\">\u00a0<img loading=\"lazy\" decoding=\"async\" class=\"alignnone size-full wp-image-7766\" src=\"https:\/\/fmp-components.com\/wp-content\/uploads\/2025\/04\/Stainless_Steel_Ring_Gear_For_Wind_Turbine_1.webp\" alt=\"Roestvrijstalen ringtandwiel voor windturbine\" width=\"1024\" height=\"1024\" title=\"\" srcset=\"https:\/\/fmp-components.com\/wp-content\/uploads\/2025\/04\/Stainless_Steel_Ring_Gear_For_Wind_Turbine_1.webp 1024w, https:\/\/fmp-components.com\/wp-content\/uploads\/2025\/04\/Stainless_Steel_Ring_Gear_For_Wind_Turbine_1-980x980.webp 980w, https:\/\/fmp-components.com\/wp-content\/uploads\/2025\/04\/Stainless_Steel_Ring_Gear_For_Wind_Turbine_1-480x480.webp 480w\" sizes=\"(min-width: 0px) and (max-width: 480px) 480px, (min-width: 481px) and (max-width: 980px) 980px, (min-width: 981px) 1024px, 100vw\" \/><\/td>\n<td style=\"width: 33.2978%;\" align=\"right\" width=\"81\"><img loading=\"lazy\" decoding=\"async\" class=\"alignnone size-full wp-image-7765\" src=\"https:\/\/fmp-components.com\/wp-content\/uploads\/2025\/04\/Stainless_Steel_Ring_Gear_For_Wind_Turbine_3.webp\" alt=\"Roestvrijstalen ringtandwiel voor windturbine\" width=\"1024\" height=\"1024\" title=\"\" srcset=\"https:\/\/fmp-components.com\/wp-content\/uploads\/2025\/04\/Stainless_Steel_Ring_Gear_For_Wind_Turbine_3.webp 1024w, https:\/\/fmp-components.com\/wp-content\/uploads\/2025\/04\/Stainless_Steel_Ring_Gear_For_Wind_Turbine_3-980x980.webp 980w, https:\/\/fmp-components.com\/wp-content\/uploads\/2025\/04\/Stainless_Steel_Ring_Gear_For_Wind_Turbine_3-480x480.webp 480w\" sizes=\"(min-width: 0px) and (max-width: 480px) 480px, (min-width: 481px) and (max-width: 980px) 980px, (min-width: 981px) 1024px, 100vw\" \/><\/td>\n<td style=\"width: 33.2978%;\" align=\"right\" width=\"81\"><img loading=\"lazy\" decoding=\"async\" class=\"alignnone size-full wp-image-7767\" src=\"https:\/\/fmp-components.com\/wp-content\/uploads\/2025\/04\/Stainless_Steel_Ring_Gear_For_Wind_Turbine_2.webp\" alt=\"Roestvrijstalen ringtandwiel voor windturbine\" width=\"1024\" height=\"1024\" title=\"\" srcset=\"https:\/\/fmp-components.com\/wp-content\/uploads\/2025\/04\/Stainless_Steel_Ring_Gear_For_Wind_Turbine_2.webp 1024w, https:\/\/fmp-components.com\/wp-content\/uploads\/2025\/04\/Stainless_Steel_Ring_Gear_For_Wind_Turbine_2-980x980.webp 980w, https:\/\/fmp-components.com\/wp-content\/uploads\/2025\/04\/Stainless_Steel_Ring_Gear_For_Wind_Turbine_2-480x480.webp 480w\" sizes=\"(min-width: 0px) and (max-width: 480px) 480px, (min-width: 481px) and (max-width: 980px) 980px, (min-width: 981px) 1024px, 100vw\" \/><\/td>\n<\/tr>\n<\/tbody>\n<\/table>\n<div>\n<h3 class=\"\" dir=\"auto\">Aangepaste bestellingen en snelle ondersteuning van FMP<\/h3>\n<p class=\"break-words\" dir=\"auto\">Kunt u het model roestvrijstalen ring dat u nodig heeft voor uw windturbine of andere toepassing niet vinden? Bij FMP produceren we een breed scala aan ringtandwielen en staan \u200b\u200bwe open voor maatwerkbestellingen die aan uw unieke eisen voldoen. Staat uw gewenste model er niet bij? Dan hebben we het waarschijnlijk nog niet ge\u00fcpload. Stuur ons uw specificaties per e-mail en onze deskundige engineers reageren binnen 24 uur met een oplossing. We bedienen de industri\u00eble centra van Itali\u00eb, zoals Milaan, Florence, Veneti\u00eb en Bologna, en streven ernaar uw projecten met precisie en snelheid te ondersteunen. Neem vandaag nog contact op met FMP om uw windturbinesystemen te verbeteren met onze hoogwaardige roestvrijstalen ringtandwielen!<\/p>\n<\/div>\n<\/div>\n<\/div>\n<\/div>\n<\/div>\n<\/div>","protected":false},"excerpt":{"rendered":"<p>Stainless Steel Rings: Powering Wind Turbines Stainless steel rings are critical components in modern engineering, prized for their exceptional corrosion resistance, wear durability, and rust-proof properties. In wind turbines, these rings\u2014often designed as internal ring gears\u2014play a vital role in the yaw and pitch systems, ensuring precise movement and long-term reliability under harsh environmental conditions. [&hellip;]<\/p>","protected":false},"featured_media":7766,"comment_status":"open","ping_status":"closed","template":"","meta":{"_et_pb_use_builder":"","_et_pb_old_content":"","_et_gb_content_width":""},"product_brand":[],"product_cat":[114],"product_tag":[],"class_list":{"0":"post-7760","1":"product","2":"type-product","3":"status-publish","4":"has-post-thumbnail","6":"product_cat-ring-gear","8":"first","9":"instock","10":"shipping-taxable","11":"product-type-simple"},"_links":{"self":[{"href":"https:\/\/fmp-components.com\/nl\/wp-json\/wp\/v2\/product\/7760","targetHints":{"allow":["GET"]}}],"collection":[{"href":"https:\/\/fmp-components.com\/nl\/wp-json\/wp\/v2\/product"}],"about":[{"href":"https:\/\/fmp-components.com\/nl\/wp-json\/wp\/v2\/types\/product"}],"replies":[{"embeddable":true,"href":"https:\/\/fmp-components.com\/nl\/wp-json\/wp\/v2\/comments?post=7760"}],"wp:featuredmedia":[{"embeddable":true,"href":"https:\/\/fmp-components.com\/nl\/wp-json\/wp\/v2\/media\/7766"}],"wp:attachment":[{"href":"https:\/\/fmp-components.com\/nl\/wp-json\/wp\/v2\/media?parent=7760"}],"wp:term":[{"taxonomy":"product_brand","embeddable":true,"href":"https:\/\/fmp-components.com\/nl\/wp-json\/wp\/v2\/product_brand?post=7760"},{"taxonomy":"product_cat","embeddable":true,"href":"https:\/\/fmp-components.com\/nl\/wp-json\/wp\/v2\/product_cat?post=7760"},{"taxonomy":"product_tag","embeddable":true,"href":"https:\/\/fmp-components.com\/nl\/wp-json\/wp\/v2\/product_tag?post=7760"}],"curies":[{"name":"wp","href":"https:\/\/api.w.org\/{rel}","templated":true}]}}