{"id":7749,"date":"2025-04-04T02:41:12","date_gmt":"2025-04-04T02:41:12","guid":{"rendered":"https:\/\/fmp-components.com\/?post_type=product&#038;p=7749"},"modified":"2025-04-04T05:33:18","modified_gmt":"2025-04-04T05:33:18","slug":"alloy-steel-internal-ring-gear","status":"publish","type":"product","link":"https:\/\/fmp-components.com\/nl\/product\/alloy-steel-internal-ring-gear\/","title":{"rendered":"Interne ringtandwiel van gelegeerd staal"},"content":{"rendered":"<div>\n<h2 dir=\"auto\">Binnenringwielen van gelegeerd staal: precisietechniek voor de Italiaanse industrie<\/h2>\n<p class=\"break-words\" dir=\"auto\">Binnenwerk van gelegeerd staal <a href=\"https:\/\/fmp-components.com\/nl\/ring-gear\/\">ringwielen<\/a> Zijn essenti\u00eble componenten in mechanische systemen, bekend om hun hoge sterkte en slijtvastheid, waardoor ze ideaal zijn voor veeleisende toepassingen zoals planetaire tandwielsystemen in auto's en industri\u00eble machines. In Italiaanse industri\u00eble centra zoals Milaan en Bologna drijven deze tandwielen precisieapparatuur aan, terwijl Veneti\u00eb erop vertrouwt voor maritieme engineering en Florence ze integreert in haar rijke traditie van vakmanschap en moderne technologie. Deze tandwielen, vervaardigd uit gelegeerd staal \u2013 vaak verrijkt met elementen zoals chroom of molybdeen \u2013 garanderen duurzaamheid en prestaties onder zware belasting en voldoen zo aan de behoeften van het diverse Italiaanse technische landschap.<\/p>\n<h3 dir=\"auto\">Specificatie<\/h3>\n<p>(1). Alle soorten tandwielen, tandwielen, tandwielassen, precisietandwielen en CNC-tandwielen.<br \/>\n(2). Gespecialiseerd in het vervaardigen van alle soorten gesmede auto-onderdelen met tekeningen<br \/>\n(3). Materiaal: nodulair gietijzer, brons, koolstofstaal, roestvrij staal, gelegeerd staal en koper<br \/>\n(4). Modules: M1 tot M5<br \/>\n(5). Voldoet aan de ISO-, DIN- en ASTM-normen<br \/>\n(6). Kwaliteit: SUS201,SUS304,SUS316,A2-70,A2-80,A4-80,4,8 6,8 8,8 10,9 12,9<br \/>\n(7). Maat: Volgens de tekening<br \/>\n(8). Certificering: ISO\/TS16949:2009<\/p>\n<table style=\"width: 99.5203%; height: 640px;\" border=\"1\" width=\"813\" cellspacing=\"0\" cellpadding=\"0\">\n<tbody>\n<tr>\n<td rowspan=\"3\" width=\"179\">\n<p align=\"left\"><span data-spm-anchor-id=\"a2700.details-description.0.i4.7d85I1zII1zIju\">Materiaal<\/span><\/p>\n<\/td>\n<td width=\"190\">\n<p align=\"left\">\u00a0Koolstofstaal<\/p>\n<\/td>\n<td width=\"439\">\n<p align=\"left\">\u00a0SAE1020, SAE1045, Cr12, 40Cr, Y15Pb, 1214Letc<\/p>\n<\/td>\n<\/tr>\n<tr>\n<td width=\"190\">\n<p align=\"left\">\u00a0Gelegeerd staal<\/p>\n<\/td>\n<td width=\"439\">\n<p align=\"left\">\u00a020CrMnTi, 16MnCr5, 20CrMnMo, 41CrMo, 17CrNiMo5 enz.<\/p>\n<\/td>\n<\/tr>\n<tr>\n<td width=\"190\">\n<p align=\"left\">\u00a0Messing\/Brons<\/p>\n<\/td>\n<td width=\"439\">\n<p align=\"left\">\u00a0HPb59-1, H70, CuZn39Pb2, CuZn40Pb2, C38000, CuZn40etc<\/p>\n<\/td>\n<\/tr>\n<tr>\n<td rowspan=\"2\" width=\"179\">\n<p align=\"left\">Tolerantiecontrole<\/p>\n<\/td>\n<td width=\"190\">\n<p align=\"left\">Buitendiameter<\/p>\n<\/td>\n<td width=\"439\">\n<p align=\"left\">\u00a0Gebaseerd op tekening<\/p>\n<\/td>\n<\/tr>\n<tr>\n<td width=\"190\">\n<p align=\"left\">Lengteafmeting<\/p>\n<\/td>\n<td width=\"439\">\n<p align=\"left\">\u00a0Gebaseerd op tekening<\/p>\n<\/td>\n<\/tr>\n<tr>\n<td width=\"179\">\n<p align=\"left\">Bewerkingsproces<\/p>\n<\/td>\n<td colspan=\"2\" width=\"630\">\n<p align=\"left\">Tandwielfrezen, tandwielvormen, tandwielbrootsen, tandwielschaven, tandwielslijpen en tandwiellappen<\/p>\n<\/td>\n<\/tr>\n<tr>\n<td width=\"179\">\n<p align=\"left\">Tandnauwkeurigheid<\/p>\n<\/td>\n<td colspan=\"2\" width=\"630\">\n<p align=\"left\">DIN Klasse 4, ISO\/GB Klasse 4, AGMA Klasse 13, JIS Klasse 0<\/p>\n<\/td>\n<\/tr>\n<tr>\n<td width=\"179\">\n<p align=\"left\">Modules<\/p>\n<\/td>\n<td colspan=\"2\" width=\"630\">\n<p align=\"left\">1.0, 1.25, 1.5, 1.75, 2.0, 2.25, 2.5\u2026.8.0 enz.<\/p>\n<\/td>\n<\/tr>\n<tr>\n<td width=\"179\">\n<p align=\"left\">Warmtebehandeling<\/p>\n<\/td>\n<td colspan=\"2\" width=\"630\">\n<p align=\"left\">Afschrikken en ontlaten, Carbureren en afschrikken, Hoogfrequent harden, Carbonitreren<\/p>\n<\/td>\n<\/tr>\n<tr>\n<td width=\"179\">\n<p align=\"left\">Oppervlaktebehandeling<\/p>\n<\/td>\n<td colspan=\"2\" width=\"630\">\n<p align=\"left\">Zwart maken, polijsten, anodiseren, verchromen, verzinken, vernikkelen<\/p>\n<\/td>\n<\/tr>\n<tr>\n<td width=\"179\">\n<p align=\"left\">Standaard<\/p>\n<\/td>\n<td colspan=\"2\" width=\"630\">\n<p align=\"left\">DIN, ISO\/GB, AGMA, JIS<\/p>\n<\/td>\n<\/tr>\n<\/tbody>\n<\/table>\n<div>\n<h3 class=\"\" dir=\"auto\">FMP: uw vertrouwde partner voor op maat gemaakte ringwielen in Itali\u00eb<\/h3>\n<p class=\"break-words\" dir=\"auto\">We bieden ook oplossingen op maat om aan uw specifieke eisen te voldoen. Als u het model dat u nodig hebt niet in onze productlijst vindt, is de kans groot dat we het nog niet hebben ge\u00fcpload. Aarzel niet om ons uw specificaties te e-mailen. Onze bekwame engineers reageren binnen 24 uur, zodat u het perfecte tandwiel voor uw project krijgt, of u nu in de productiesector van Milaan of in het hart van de auto-industrie van Bologna werkt. FMP is uw betrouwbare partner voor precisietandwielen in Itali\u00eb.<\/p>\n<table style=\"border-collapse: collapse; width: 97.75%; height: 53px;\" border=\"0\" width=\"270\" cellspacing=\"0\" cellpadding=\"0\">\n<tbody>\n<tr style=\"height: 14.40pt;\">\n<td style=\"height: 14.40pt; width: 54.00pt;\" align=\"right\" width=\"90\" height=\"24\"><img loading=\"lazy\" decoding=\"async\" class=\"size-full wp-image-7753 aligncenter\" src=\"https:\/\/fmp-components.com\/wp-content\/uploads\/2025\/04\/Alloy-Steel-Internal-Ring-Gear-1.webp\" alt=\"Interne ringtandwiel van gelegeerd staal\" width=\"650\" height=\"650\" title=\"\" srcset=\"https:\/\/fmp-components.com\/wp-content\/uploads\/2025\/04\/Alloy-Steel-Internal-Ring-Gear-1.webp 650w, https:\/\/fmp-components.com\/wp-content\/uploads\/2025\/04\/Alloy-Steel-Internal-Ring-Gear-1-480x480.webp 480w\" sizes=\"(min-width: 0px) and (max-width: 480px) 480px, (min-width: 481px) 650px, 100vw\" \/><\/td>\n<td style=\"width: 54.00pt;\" align=\"right\" width=\"90\"><img loading=\"lazy\" decoding=\"async\" class=\"size-full wp-image-7754 aligncenter\" src=\"https:\/\/fmp-components.com\/wp-content\/uploads\/2025\/04\/Alloy-Steel-Internal-Ring-Gear-2.webp\" alt=\"Interne ringtandwiel van gelegeerd staal\" width=\"650\" height=\"650\" title=\"\" srcset=\"https:\/\/fmp-components.com\/wp-content\/uploads\/2025\/04\/Alloy-Steel-Internal-Ring-Gear-2.webp 650w, https:\/\/fmp-components.com\/wp-content\/uploads\/2025\/04\/Alloy-Steel-Internal-Ring-Gear-2-480x480.webp 480w\" sizes=\"(min-width: 0px) and (max-width: 480px) 480px, (min-width: 481px) 650px, 100vw\" \/><\/td>\n<td style=\"width: 54.00pt;\" align=\"right\" width=\"90\"><img loading=\"lazy\" decoding=\"async\" class=\"size-full wp-image-7755 aligncenter\" src=\"https:\/\/fmp-components.com\/wp-content\/uploads\/2025\/04\/Alloy-Steel-Internal-Ring-Gear-3.webp\" alt=\"Interne ringtandwiel van gelegeerd staal\" width=\"650\" height=\"650\" title=\"\" srcset=\"https:\/\/fmp-components.com\/wp-content\/uploads\/2025\/04\/Alloy-Steel-Internal-Ring-Gear-3.webp 650w, https:\/\/fmp-components.com\/wp-content\/uploads\/2025\/04\/Alloy-Steel-Internal-Ring-Gear-3-480x480.webp 480w\" sizes=\"(min-width: 0px) and (max-width: 480px) 480px, (min-width: 481px) 650px, 100vw\" \/><\/td>\n<\/tr>\n<\/tbody>\n<\/table>\n<\/div>\n<\/div>","protected":false},"excerpt":{"rendered":"<p>Alloy Steel Internal Ring Gears: Precision Engineering for Italy\u2019s Industries Alloy steel internal ring gears are vital components in mechanical systems, known for their high strength and wear resistance, making them ideal for demanding applications like planetary gear systems in automotive and industrial machinery. In Italy\u2019s industrial hubs such as Milan and Bologna, these gears [&hellip;]<\/p>","protected":false},"featured_media":7750,"comment_status":"open","ping_status":"closed","template":"","meta":{"_et_pb_use_builder":"","_et_pb_old_content":"","_et_gb_content_width":""},"product_brand":[],"product_cat":[114],"product_tag":[],"class_list":{"0":"post-7749","1":"product","2":"type-product","3":"status-publish","4":"has-post-thumbnail","6":"product_cat-ring-gear","8":"first","9":"instock","10":"shipping-taxable","11":"product-type-simple"},"_links":{"self":[{"href":"https:\/\/fmp-components.com\/nl\/wp-json\/wp\/v2\/product\/7749","targetHints":{"allow":["GET"]}}],"collection":[{"href":"https:\/\/fmp-components.com\/nl\/wp-json\/wp\/v2\/product"}],"about":[{"href":"https:\/\/fmp-components.com\/nl\/wp-json\/wp\/v2\/types\/product"}],"replies":[{"embeddable":true,"href":"https:\/\/fmp-components.com\/nl\/wp-json\/wp\/v2\/comments?post=7749"}],"wp:featuredmedia":[{"embeddable":true,"href":"https:\/\/fmp-components.com\/nl\/wp-json\/wp\/v2\/media\/7750"}],"wp:attachment":[{"href":"https:\/\/fmp-components.com\/nl\/wp-json\/wp\/v2\/media?parent=7749"}],"wp:term":[{"taxonomy":"product_brand","embeddable":true,"href":"https:\/\/fmp-components.com\/nl\/wp-json\/wp\/v2\/product_brand?post=7749"},{"taxonomy":"product_cat","embeddable":true,"href":"https:\/\/fmp-components.com\/nl\/wp-json\/wp\/v2\/product_cat?post=7749"},{"taxonomy":"product_tag","embeddable":true,"href":"https:\/\/fmp-components.com\/nl\/wp-json\/wp\/v2\/product_tag?post=7749"}],"curies":[{"name":"wp","href":"https:\/\/api.w.org\/{rel}","templated":true}]}}