{"id":7727,"date":"2025-04-03T06:15:43","date_gmt":"2025-04-03T06:15:43","guid":{"rendered":"https:\/\/fmp-components.com\/?post_type=product&#038;p=7727"},"modified":"2025-04-03T06:27:46","modified_gmt":"2025-04-03T06:27:46","slug":"planetary-ring-gear","status":"publish","type":"product","link":"https:\/\/fmp-components.com\/nl\/product\/planetary-ring-gear\/","title":{"rendered":"Planetaire ringtandwiel"},"content":{"rendered":"<div>\n<h2>Premium planetaire ringwielen met FMP in Itali\u00eb<\/h2>\n<p class=\"break-words\">Als het gaat om precisietechniek en betrouwbare machinecomponenten, is een planetaire ringtandwiel een cruciaal element in talloze toepassingen, van automobielsystemen tot industri\u00eble apparatuur. Bij FMP zijn we er trots op een toonaangevende fabrikant te zijn van hoogwaardige planetaire ringtandwielen, die bedrijven en industrie\u00ebn in heel Itali\u00eb bedienen, waaronder steden als Milaan, Veneti\u00eb, Florence en Bologna. Ons uitgebreide assortiment planetaire ringtandwielen is ontworpen om te voldoen aan diverse prestatiebehoeften en garandeert duurzaamheid, effici\u00ebntie en naadloze integratie in uw systemen.<\/p>\n<\/div>\n<h3>Specificatie<\/h3>\n<table style=\"width: 100%;\" border=\"1\" width=\"100%\" cellspacing=\"0\" cellpadding=\"0\">\n<tbody>\n<tr style=\"height: 30.00pt;\">\n<td class=\"et2\" style=\"height: 30.00pt; width: 48.00pt;\" width=\"80\" height=\"50\">Modelnummer<\/td>\n<td class=\"et2\" style=\"width: 318.60pt;\" width=\"531\">M3,M4,M5,M8,M12 enzovoort.<\/td>\n<\/tr>\n<tr style=\"height: 30.00pt;\">\n<td class=\"et2\" style=\"height: 30.00pt; width: 48.00pt;\" width=\"80\" height=\"50\">Materiaal<\/td>\n<td class=\"et2\" style=\"width: 318.60pt;\" width=\"531\">Messing, C45-staal, roestvrij staal, koper, POM, aluminium, legering, enzovoort<\/td>\n<\/tr>\n<tr style=\"height: 30.00pt;\">\n<td class=\"et2\" style=\"height: 60.00pt; width: 48.00pt;\" rowspan=\"2\" width=\"80\" height=\"100\">Oppervlaktebehandeling<\/td>\n<td class=\"et2\" style=\"width: 318.60pt;\" width=\"531\">Verzinkt, vernikkeld, passiveren, oxideren, anodiseren,<\/td>\n<\/tr>\n<tr style=\"height: 30.00pt;\">\n<td class=\"et2\" style=\"width: 318.60pt;\" width=\"531\">Geomet, Dacromet, Zwart Oxide, Fosfateren, Poedercoaten en Elektroforese<\/td>\n<\/tr>\n<tr style=\"height: 30.00pt;\">\n<td class=\"et2\" style=\"height: 30.00pt; width: 48.00pt;\" width=\"80\" height=\"50\">Standaard<\/td>\n<td class=\"et2\" style=\"width: 318.60pt;\" width=\"531\">ISO, DIN, ANSI, JIS, BS en niet-standaard.<\/td>\n<\/tr>\n<tr style=\"height: 30.00pt;\">\n<td class=\"et2\" style=\"height: 30.00pt; width: 48.00pt;\" width=\"80\" height=\"50\">Precisie<\/td>\n<td class=\"et2\" style=\"width: 318.60pt;\" width=\"531\">DIN6,DIN7,DIN8,DIN9.<\/td>\n<\/tr>\n<tr style=\"height: 45.00pt;\">\n<td class=\"et2\" style=\"height: 45.00pt; width: 48.00pt;\" width=\"80\" height=\"75\">Tandenbehandeling<\/td>\n<td class=\"et2\" style=\"width: 318.60pt;\" width=\"531\">Gehard, gefreesd of geslepen<\/td>\n<\/tr>\n<tr style=\"height: 30.00pt;\">\n<td class=\"et2\" style=\"height: 30.00pt; width: 48.00pt;\" width=\"80\" height=\"50\">Tolerantie<\/td>\n<td class=\"et2\" style=\"width: 318.60pt;\" width=\"531\">0,001 mm - 0,01 mm - 0,1 mm<\/td>\n<\/tr>\n<tr style=\"height: 30.00pt;\">\n<td class=\"et2\" style=\"height: 30.00pt; width: 48.00pt;\" width=\"80\" height=\"50\">Finish<\/td>\n<td class=\"et2\" style=\"width: 318.60pt;\" width=\"531\">stralen, warmtebehandeling, gloeien, ontlaten, polijsten, anodiseren, verzinken<\/td>\n<\/tr>\n<tr style=\"height: 30.00pt;\">\n<td class=\"et2\" style=\"height: 30.00pt; width: 48.00pt;\" width=\"80\" height=\"50\">Artikelen inpakken<\/td>\n<td class=\"et2\" style=\"width: 318.60pt;\" width=\"531\">Plastic zak + dozen of houten verpakking<\/td>\n<\/tr>\n<tr style=\"height: 15.00pt;\">\n<td class=\"et2\" style=\"height: 30.00pt; width: 48.00pt;\" rowspan=\"2\" width=\"80\" height=\"50\">Monsters<\/td>\n<td class=\"et2\" style=\"width: 318.60pt;\" width=\"531\">Voorbeeldprijsbereik van $2 tot $100.<\/td>\n<\/tr>\n<tr style=\"height: 15.00pt;\">\n<td class=\"et2\" style=\"width: 318.60pt;\" width=\"531\">voorbeeld van een expressaanvraag betaald door klanten<\/td>\n<\/tr>\n<tr style=\"height: 15.00pt;\">\n<td class=\"et2\" style=\"height: 135.00pt; width: 48.00pt;\" rowspan=\"8\" width=\"80\" height=\"225\">Sollicitatie<\/td>\n<td class=\"et2\" style=\"width: 318.60pt;\" width=\"531\">1. Automatische regelmachine<\/td>\n<\/tr>\n<tr style=\"height: 15.00pt;\">\n<td class=\"et2\" style=\"width: 318.60pt;\" width=\"531\">2. Halfgeleiderindustrie<\/td>\n<\/tr>\n<tr style=\"height: 15.00pt;\">\n<td class=\"et2\" style=\"width: 318.60pt;\" width=\"531\">3. Algemene industri\u00eble machines<\/td>\n<\/tr>\n<tr style=\"height: 15.00pt;\">\n<td class=\"et2\" style=\"width: 318.60pt;\" width=\"531\">4. Medische apparatuur<\/td>\n<\/tr>\n<tr style=\"height: 15.00pt;\">\n<td class=\"et2\" style=\"width: 318.60pt;\" width=\"531\">5. Zonne-energieapparatuur<\/td>\n<\/tr>\n<tr style=\"height: 15.00pt;\">\n<td class=\"et2\" style=\"width: 318.60pt;\" width=\"531\">6. Machinegereedschap<\/td>\n<\/tr>\n<tr style=\"height: 15.00pt;\">\n<td class=\"et2\" style=\"width: 318.60pt;\" width=\"531\">7. Parkeersysteem<\/td>\n<\/tr>\n<tr style=\"height: 30.00pt;\">\n<td class=\"et2\" style=\"width: 318.60pt;\" width=\"531\">8. Hogesnelheidstrein- en luchtvaartmaterieel, enz.<\/td>\n<\/tr>\n<\/tbody>\n<\/table>\n<div>\n<h4>Waarom kiezen voor FMP voor planetaire ringwielen?<\/h4>\n<p class=\"break-words\">FMP, gevestigd in hartje Itali\u00eb, is gespecialiseerd in de productie van diverse soorten planetaire ringwielen, afgestemd op uw specifieke eisen. Of u nu in Milaan op zoek bent naar componenten voor geavanceerde productie, in Veneti\u00eb werkt aan maritieme projecten, in Florence automatiseringssystemen verbetert of in Bologna auto-ontwerpen moderniseert, wij hebben het voor u. Onze producten zijn met precisie vervaardigd en bestand tegen de zwaarste omstandigheden, waardoor ze een uitstekende keuze zijn voor de Italiaanse industrie.<\/p>\n<p class=\"break-words\">Naast ons standaardaanbod leveren wij ook planetaire ringtandwielen op maat, afgestemd op uw unieke specificaties. Bij FMP begrijpen we dat elk project anders is en ons team van bekwame engineers staat klaar om samen met u de perfecte oplossing te cre\u00ebren. Van materiaalkeuze tot tandwielgrootte, wij zorgen ervoor dat uw op maat gemaakte ringtandwiel feilloos presteert in uw toepassing.<\/p>\n<\/div>\n<table style=\"width: 99.375%; height: 49px;\" border=\"0\" width=\"240\" cellspacing=\"0\" cellpadding=\"0\">\n<tbody>\n<tr>\n<td width=\"80\" height=\"24\">\u00a0\u00a0<img loading=\"lazy\" decoding=\"async\" class=\"size-full wp-image-7731 aligncenter\" src=\"https:\/\/fmp-components.com\/wp-content\/uploads\/2025\/04\/Internal-Spur-Gear-Rings-3.webp\" alt=\"Interne tandwielringen\" width=\"600\" height=\"600\" title=\"\" srcset=\"https:\/\/fmp-components.com\/wp-content\/uploads\/2025\/04\/Internal-Spur-Gear-Rings-3.webp 600w, https:\/\/fmp-components.com\/wp-content\/uploads\/2025\/04\/Internal-Spur-Gear-Rings-3-480x480.webp 480w\" sizes=\"(min-width: 0px) and (max-width: 480px) 480px, (min-width: 481px) 600px, 100vw\" \/><\/td>\n<td width=\"80\"><img loading=\"lazy\" decoding=\"async\" class=\"size-full wp-image-7729 aligncenter\" src=\"https:\/\/fmp-components.com\/wp-content\/uploads\/2025\/04\/Internal-Spur-Gear-Rings-1.webp\" alt=\"Interne tandwielringen\" width=\"600\" height=\"600\" title=\"\" srcset=\"https:\/\/fmp-components.com\/wp-content\/uploads\/2025\/04\/Internal-Spur-Gear-Rings-1.webp 600w, https:\/\/fmp-components.com\/wp-content\/uploads\/2025\/04\/Internal-Spur-Gear-Rings-1-480x480.webp 480w\" sizes=\"(min-width: 0px) and (max-width: 480px) 480px, (min-width: 481px) 600px, 100vw\" \/><\/td>\n<td width=\"80\"><strong><img loading=\"lazy\" decoding=\"async\" class=\"size-full wp-image-7730 aligncenter\" src=\"https:\/\/fmp-components.com\/wp-content\/uploads\/2025\/04\/Internal-Spur-Gear-Rings-4.webp\" alt=\"Interne tandwielringen\" width=\"1024\" height=\"1024\" title=\"\" srcset=\"https:\/\/fmp-components.com\/wp-content\/uploads\/2025\/04\/Internal-Spur-Gear-Rings-4.webp 1024w, https:\/\/fmp-components.com\/wp-content\/uploads\/2025\/04\/Internal-Spur-Gear-Rings-4-980x980.webp 980w, https:\/\/fmp-components.com\/wp-content\/uploads\/2025\/04\/Internal-Spur-Gear-Rings-4-480x480.webp 480w\" sizes=\"(min-width: 0px) and (max-width: 480px) 480px, (min-width: 481px) and (max-width: 980px) 980px, (min-width: 981px) 1024px, 100vw\" \/><\/strong><\/td>\n<\/tr>\n<\/tbody>\n<\/table>\n<p>&nbsp;<\/p>","protected":false},"excerpt":{"rendered":"<p>Premium Planetary Ring Gears with FMP in Italy When it comes to precision engineering and reliable machinery components, a planetary ring gear is a critical element in countless applications, from automotive systems to industrial equipment. At FMP, we take pride in being a leading manufacturer of high-quality planetary ring gears, serving businesses and industries across [&hellip;]<\/p>","protected":false},"featured_media":7729,"comment_status":"open","ping_status":"closed","template":"","meta":{"_et_pb_use_builder":"","_et_pb_old_content":"","_et_gb_content_width":""},"product_brand":[],"product_cat":[113],"product_tag":[],"class_list":{"0":"post-7727","1":"product","2":"type-product","3":"status-publish","4":"has-post-thumbnail","6":"product_cat-planetary-gear","8":"first","9":"instock","10":"shipping-taxable","11":"product-type-simple"},"_links":{"self":[{"href":"https:\/\/fmp-components.com\/nl\/wp-json\/wp\/v2\/product\/7727","targetHints":{"allow":["GET"]}}],"collection":[{"href":"https:\/\/fmp-components.com\/nl\/wp-json\/wp\/v2\/product"}],"about":[{"href":"https:\/\/fmp-components.com\/nl\/wp-json\/wp\/v2\/types\/product"}],"replies":[{"embeddable":true,"href":"https:\/\/fmp-components.com\/nl\/wp-json\/wp\/v2\/comments?post=7727"}],"wp:featuredmedia":[{"embeddable":true,"href":"https:\/\/fmp-components.com\/nl\/wp-json\/wp\/v2\/media\/7729"}],"wp:attachment":[{"href":"https:\/\/fmp-components.com\/nl\/wp-json\/wp\/v2\/media?parent=7727"}],"wp:term":[{"taxonomy":"product_brand","embeddable":true,"href":"https:\/\/fmp-components.com\/nl\/wp-json\/wp\/v2\/product_brand?post=7727"},{"taxonomy":"product_cat","embeddable":true,"href":"https:\/\/fmp-components.com\/nl\/wp-json\/wp\/v2\/product_cat?post=7727"},{"taxonomy":"product_tag","embeddable":true,"href":"https:\/\/fmp-components.com\/nl\/wp-json\/wp\/v2\/product_tag?post=7727"}],"curies":[{"name":"wp","href":"https:\/\/api.w.org\/{rel}","templated":true}]}}