{"id":7713,"date":"2025-04-03T05:19:05","date_gmt":"2025-04-03T05:19:05","guid":{"rendered":"https:\/\/fmp-components.com\/?post_type=product&#038;p=7713"},"modified":"2025-04-03T05:39:42","modified_gmt":"2025-04-03T05:39:42","slug":"planetary-gear-sets","status":"publish","type":"product","link":"https:\/\/fmp-components.com\/nl\/product\/planetary-gear-sets\/","title":{"rendered":"Planetaire tandwielsets"},"content":{"rendered":"<div>\n<h2>De basisprincipes van planetaire tandwielsets<\/h2>\n<p class=\"break-words\">Planetaire tandwielstelsels, ook wel epicyclische tandwielsystemen genoemd, vormen een hoeksteen van de moderne machinebouw. \u200b\u200bDeze systemen bestaan \u200b\u200bin de kern uit een centraal zonnewiel, ronddraaiende planeetwielen gemonteerd op een drager, en een buitenste ringwiel. Deze unieke opstelling zorgt ervoor dat planetaire tandwielstelsels een uitzonderlijk koppel, snelheidsreductie en effici\u00ebntie leveren in een compact ontwerp. Of u nu in Milaan, Veneti\u00eb, Florence of Bologna werkt, industrie\u00ebn in heel Itali\u00eb vertrouwen op deze robuuste systemen voor toepassingen vari\u00ebrend van autotransmissies tot industri\u00eble machines.<\/p>\n<p class=\"break-words\">Bij FMP zijn we gespecialiseerd in de productie van hoogwaardige planetaire tandwielsets, afgestemd op uiteenlopende behoeften. Met onze toewijding aan precisie en innovatie bedienen we klanten in heel Itali\u00eb en daarbuiten, en garanderen we topprestaties in elk tandwiel dat we produceren.<\/p>\n<\/div>\n<p><img loading=\"lazy\" decoding=\"async\" class=\"size-full wp-image-7714 aligncenter\" src=\"https:\/\/fmp-components.com\/wp-content\/uploads\/2025\/04\/Planetary-Gear-set-1.webp\" alt=\"Planetaire tandwielset\" width=\"943\" height=\"634\" title=\"\" srcset=\"https:\/\/fmp-components.com\/wp-content\/uploads\/2025\/04\/Planetary-Gear-set-1.webp 943w, https:\/\/fmp-components.com\/wp-content\/uploads\/2025\/04\/Planetary-Gear-set-1-480x323.webp 480w\" sizes=\"(min-width: 0px) and (max-width: 480px) 480px, (min-width: 481px) 943px, 100vw\" \/><\/p>\n<div>\n<h4>Wat zijn planetaire tandwielstelsels?<\/h4>\n<p class=\"break-words\">Een planetair tandwielstelsel bestaat uit drie hoofdonderdelen:<\/p>\n<ul class=\"marker:text-secondary\">\n<li class=\"break-words\"><strong>Zonne-uitrusting<\/strong>: Het centrale tandwiel (vaak afgebeeld in geel) dat het systeem aandrijft.<\/li>\n<li class=\"break-words\"><strong>Planeetversnellingen<\/strong>: Meerdere tandwielen (meestal blauw) die om het zonnewiel draaien, gemonteerd op een beweegbare drager (groen).<\/li>\n<li class=\"break-words\"><strong>Ringwiel<\/strong>: Een buitenste tandwiel (roze) dat in grijpt met de planeetwielen en het systeem omsluit.<\/li>\n<\/ul>\n<p class=\"break-words\">Deze configuratie maakt veelzijdige overbrengingsverhoudingen en een hoog koppel mogelijk, waardoor planetaire tandwielsets ideaal zijn voor toepassingen waar ruimte en gewicht cruciaal zijn. Van eenvoudige ontwerpen tot complexe samengestelde systemen, hun aanpasbaarheid is geschikt voor een breed scala aan industrie\u00ebn.<\/p>\n<h4>Toepassingen van planetaire tandwielsets<\/h4>\n<p class=\"break-words\">Planetaire tandwielkasten worden veel gebruikt in heel Itali\u00eb, van de industri\u00eble centra Milaan en Bologna tot de werkplaatsen van Florence en Veneti\u00eb. Hun vermogen om aanzienlijke snelheidsreductie en koppel te bieden in een compacte vorm, maakt ze essentieel in:<\/p>\n<ul class=\"marker:text-secondary\">\n<li class=\"break-words\"><strong>Auto's en terreinwagens<\/strong>: Wordt gebruikt in automatische transmissies en wielaandrijvingen.<\/li>\n<li class=\"break-words\"><strong>Industri\u00eble machines<\/strong>: Aandrijving van transportbanden, mengers en bosbouwapparatuur.<\/li>\n<li class=\"break-words\"><strong>Consumentenproducten<\/strong>: Gebruikt in elektrische schroevendraaiers en fietsversnellingssystemen.<\/li>\n<li class=\"break-words\"><strong>Zware toepassingen<\/strong>: Ondersteuning van tractoren, bouwmachines en turbinemotoren.<\/li>\n<\/ul>\n<p class=\"break-words\">Doordat de lasten bij meerdere planeetwielen worden verdeeld, zijn ze duurzaam en slijtvast. Italiaanse fabrikanten en ingenieurs in steden als Milaan en Bologna hechten hier veel waarde aan bij werkzaamheden met een grote impact.<\/p>\n<div>\n<h4>Waarom zou u voor planetaire tandwielsets kiezen?<\/h4>\n<p class=\"break-words\">De voordelen van planetaire tandwielstelsels zijn duidelijk:<\/p>\n<ul class=\"marker:text-secondary\">\n<li class=\"break-words\"><strong>Hoge koppeldichtheid<\/strong>:Meerdere planeetwielen verdelen de belasting en vergroten zo het geleverde vermogen.<\/li>\n<li class=\"break-words\"><strong>Compact ontwerp<\/strong>: Ideaal voor toepassingen met beperkte ruimte.<\/li>\n<li class=\"break-words\"><strong>Duurzaamheid<\/strong>:Een gelijkmatige verdeling van de belasting verlengt de levensduur van de tandwielen.<\/li>\n<li class=\"break-words\"><strong>Flexibiliteit<\/strong>: Eenvoudig instelbare overbrengingsverhoudingen door het aanpassen van het draag- of zonnewiel.<\/li>\n<\/ul>\n<p class=\"break-words\">Voor bedrijven in Veneti\u00eb of Florence die de prestaties van hun machines willen optimaliseren, vertalen deze voordelen zich naar effici\u00ebntie en betrouwbaarheid, waardoor de uitvaltijd en onderhoudskosten worden verlaagd.<\/p>\n<p><img loading=\"lazy\" decoding=\"async\" class=\"wp-image-7716 aligncenter\" src=\"https:\/\/fmp-components.com\/wp-content\/uploads\/2025\/04\/Planetary-Gear-set-2.webp\" alt=\"Planetaire tandwielset\" width=\"809\" height=\"539\" title=\"\" srcset=\"https:\/\/fmp-components.com\/wp-content\/uploads\/2025\/04\/Planetary-Gear-set-2.webp 809w, https:\/\/fmp-components.com\/wp-content\/uploads\/2025\/04\/Planetary-Gear-set-2-480x320.webp 480w\" sizes=\"(min-width: 0px) and (max-width: 480px) 480px, (min-width: 481px) 809px, 100vw\" \/><\/p>\n<h4>FMP: Uw vertrouwde fabrikant van planetaire tandwielsets in Itali\u00eb<\/h4>\n<p class=\"break-words\">Bij FMP zijn we er trots op een toonaangevende producent van planetaire tandwielkasten te zijn, die klanten in heel Itali\u00eb en wereldwijd bedient. Gebaseerd op onze uitgebreide technische expertise bieden wij:<\/p>\n<ul class=\"marker:text-secondary\">\n<li class=\"break-words\"><strong>Verscheidenheid aan typen<\/strong>:Wij produceren planetaire tandwielsets voor alle toepassingen, van standaardontwerpen tot complexe samengestelde systemen.<\/li>\n<li class=\"break-words\"><strong>Aanpassing<\/strong>: Heeft u een specifieke configuratie nodig? Onze deskundige ingenieurs in Itali\u00eb kunnen planetaire tandwielsets op maat ontwerpen en produceren die exact aan uw specificaties voldoen.<\/li>\n<li class=\"break-words\"><strong>Precisiefabricage<\/strong>:Door gebruik te maken van geavanceerde technieken zorgen wij ervoor dat elke versnelling voldoet aan de hoogste normen op het gebied van kwaliteit en prestaties.<\/li>\n<\/ul>\n<p class=\"break-words\">Of u nu werkzaam bent in de bruisende industri\u00eble sector van Milaan, de innovatieve werkplaatsen van Veneti\u00eb, de machinecentra van Bologna of de ambachtelijke werkplaatsen van Florence: FMP is uw partner voor oplossingen voor planetaire tandwielen.<\/p>\n<table style=\"border-collapse: collapse; width: 101.625%; height: 50px;\" border=\"0\" width=\"240\" cellspacing=\"0\" cellpadding=\"0\">\n<tbody>\n<tr style=\"height: 14.40pt;\">\n<td style=\"height: 14.40pt; width: 48.00pt;\" width=\"80\" height=\"24\"><img loading=\"lazy\" decoding=\"async\" class=\"size-full wp-image-7717 aligncenter\" src=\"https:\/\/fmp-components.com\/wp-content\/uploads\/2025\/04\/Planetary-Gear-set-factory-2-scaled.webp\" alt=\"Planetaire tandwielsetfabriek\" width=\"2560\" height=\"2560\" title=\"\" srcset=\"https:\/\/fmp-components.com\/wp-content\/uploads\/2025\/04\/Planetary-Gear-set-factory-2-scaled.webp 2560w, https:\/\/fmp-components.com\/wp-content\/uploads\/2025\/04\/Planetary-Gear-set-factory-2-1280x1280.webp 1280w, https:\/\/fmp-components.com\/wp-content\/uploads\/2025\/04\/Planetary-Gear-set-factory-2-980x980.webp 980w, https:\/\/fmp-components.com\/wp-content\/uploads\/2025\/04\/Planetary-Gear-set-factory-2-480x480.webp 480w\" sizes=\"(min-width: 0px) and (max-width: 480px) 480px, (min-width: 481px) and (max-width: 980px) 980px, (min-width: 981px) and (max-width: 1280px) 1280px, (min-width: 1281px) 2560px, 100vw\" \/><\/td>\n<td style=\"width: 48.00pt;\" width=\"80\"><img loading=\"lazy\" decoding=\"async\" class=\"size-full wp-image-7718 aligncenter\" src=\"https:\/\/fmp-components.com\/wp-content\/uploads\/2025\/04\/Planetary-Gear-set-factory-4.webp\" alt=\"Planetaire tandwielsetfabriek\" width=\"600\" height=\"600\" title=\"\" srcset=\"https:\/\/fmp-components.com\/wp-content\/uploads\/2025\/04\/Planetary-Gear-set-factory-4.webp 600w, https:\/\/fmp-components.com\/wp-content\/uploads\/2025\/04\/Planetary-Gear-set-factory-4-480x480.webp 480w\" sizes=\"(min-width: 0px) and (max-width: 480px) 480px, (min-width: 481px) 600px, 100vw\" \/><\/td>\n<td style=\"width: 48.00pt;\" width=\"80\"><strong><img loading=\"lazy\" decoding=\"async\" class=\"size-full wp-image-7719 aligncenter\" src=\"https:\/\/fmp-components.com\/wp-content\/uploads\/2025\/04\/Planetary-Gear-set-factory-1-scaled.webp\" alt=\"Planetaire tandwielsetfabriek\" width=\"2560\" height=\"2560\" title=\"\" srcset=\"https:\/\/fmp-components.com\/wp-content\/uploads\/2025\/04\/Planetary-Gear-set-factory-1-scaled.webp 2560w, https:\/\/fmp-components.com\/wp-content\/uploads\/2025\/04\/Planetary-Gear-set-factory-1-1280x1280.webp 1280w, https:\/\/fmp-components.com\/wp-content\/uploads\/2025\/04\/Planetary-Gear-set-factory-1-980x980.webp 980w, https:\/\/fmp-components.com\/wp-content\/uploads\/2025\/04\/Planetary-Gear-set-factory-1-480x480.webp 480w\" sizes=\"(min-width: 0px) and (max-width: 480px) 480px, (min-width: 481px) and (max-width: 980px) 980px, (min-width: 981px) and (max-width: 1280px) 1280px, (min-width: 1281px) 2560px, 100vw\" \/><\/strong><\/td>\n<\/tr>\n<\/tbody>\n<\/table>\n<\/div>\n<\/div>","protected":false},"excerpt":{"rendered":"<p>The Fundamentals of Planetary Gear Sets Planetary gear sets, also known as epicyclic gear systems, are a cornerstone of modern mechanical engineering. At their core, these systems consist of a central sun gear, orbiting planet gears mounted on a carrier, and an outer ring gear. This unique arrangement allows planetary gear sets to deliver exceptional [&hellip;]<\/p>","protected":false},"featured_media":7720,"comment_status":"open","ping_status":"closed","template":"","meta":{"_et_pb_use_builder":"","_et_pb_old_content":"","_et_gb_content_width":""},"product_brand":[],"product_cat":[113],"product_tag":[],"class_list":{"0":"post-7713","1":"product","2":"type-product","3":"status-publish","4":"has-post-thumbnail","6":"product_cat-planetary-gear","8":"first","9":"instock","10":"shipping-taxable","11":"product-type-simple"},"_links":{"self":[{"href":"https:\/\/fmp-components.com\/nl\/wp-json\/wp\/v2\/product\/7713","targetHints":{"allow":["GET"]}}],"collection":[{"href":"https:\/\/fmp-components.com\/nl\/wp-json\/wp\/v2\/product"}],"about":[{"href":"https:\/\/fmp-components.com\/nl\/wp-json\/wp\/v2\/types\/product"}],"replies":[{"embeddable":true,"href":"https:\/\/fmp-components.com\/nl\/wp-json\/wp\/v2\/comments?post=7713"}],"wp:featuredmedia":[{"embeddable":true,"href":"https:\/\/fmp-components.com\/nl\/wp-json\/wp\/v2\/media\/7720"}],"wp:attachment":[{"href":"https:\/\/fmp-components.com\/nl\/wp-json\/wp\/v2\/media?parent=7713"}],"wp:term":[{"taxonomy":"product_brand","embeddable":true,"href":"https:\/\/fmp-components.com\/nl\/wp-json\/wp\/v2\/product_brand?post=7713"},{"taxonomy":"product_cat","embeddable":true,"href":"https:\/\/fmp-components.com\/nl\/wp-json\/wp\/v2\/product_cat?post=7713"},{"taxonomy":"product_tag","embeddable":true,"href":"https:\/\/fmp-components.com\/nl\/wp-json\/wp\/v2\/product_tag?post=7713"}],"curies":[{"name":"wp","href":"https:\/\/api.w.org\/{rel}","templated":true}]}}