{"id":7423,"date":"2025-03-26T04:00:13","date_gmt":"2025-03-26T04:00:13","guid":{"rendered":"https:\/\/fmp-components.com\/?post_type=product&#038;p=7423"},"modified":"2025-03-26T08:37:09","modified_gmt":"2025-03-26T08:37:09","slug":"double-spur-gear","status":"publish","type":"product","link":"https:\/\/fmp-components.com\/nl\/product\/double-spur-gear\/","title":{"rendered":"Dubbel tandwiel"},"content":{"rendered":"<h2>Dubbele tandwielen: technisch meesterschap van FMP Company voor Itali\u00eb en daarbuiten<\/h2>\n<p class=\"break-words\">Als toonaangevende fabrikant van dubbele rechte tandwielen in Itali\u00eb is FMP Company er trots op hoogwaardige tandwieloplossingen te leveren aan industrie\u00ebn wereldwijd, waaronder belangrijke Italiaanse markten zoals Milaan, Veneti\u00eb, Florence en Bologna. Gespecialiseerd in een breed scala aan dubbele rechte tandwielen, waaronder kunststof dubbele tandwielen. <a href=\"https:\/\/fmp-components.com\/nl\/spur-gear-2\/\">Tandwielen<\/a>\u2014wij combineren precisietechniek met maatwerk om aan uw unieke behoeften te voldoen.<\/p>\n<p><img loading=\"lazy\" decoding=\"async\" class=\"size-full wp-image-7434 aligncenter\" src=\"https:\/\/fmp-components.com\/wp-content\/uploads\/2025\/03\/double-spur-gear.webp\" alt=\"dubbel spoorwiel\" width=\"1024\" height=\"862\" title=\"\" srcset=\"https:\/\/fmp-components.com\/wp-content\/uploads\/2025\/03\/double-spur-gear.webp 1024w, https:\/\/fmp-components.com\/wp-content\/uploads\/2025\/03\/double-spur-gear-980x825.webp 980w, https:\/\/fmp-components.com\/wp-content\/uploads\/2025\/03\/double-spur-gear-480x404.webp 480w\" sizes=\"(min-width: 0px) and (max-width: 480px) 480px, (min-width: 481px) and (max-width: 980px) 980px, (min-width: 981px) 1024px, 100vw\" \/><\/p>\n<h2>Wat zijn dubbele tandwielen?<\/h2>\n<p class=\"break-words\">Dubbele rechte tandwielen, vaak aangeduid als rechte tandwielen, zijn het eenvoudigste en meest herkenbare type tandwiel. Ze zijn ontworpen om beweging en kracht over te brengen tussen twee parallelle assen en hebben rechte tanden die naadloos in elkaar grijpen. Wanneer twee dubbele rechte tandwielen in elkaar grijpen, wordt het tandwiel met de meeste tanden het \"tandwiel\" genoemd, terwijl het tandwiel met de minste tanden het \"rondsel\" wordt genoemd.<\/p>\n<p class=\"break-words\">Hoewel ze door hun eenvoudige ontwerp gemakkelijk te visualiseren en te implementeren zijn, hebben dubbele tandwielen een belangrijk nadeel: ze kunnen geluid produceren door het botsen van de tanden tijdens het in elkaar grijpen. Desondanks maken hun effici\u00ebntie en veelzijdigheid ze tot een onmisbaar onderdeel van mechanische systemen in diverse industrie\u00ebn.<\/p>\n<p class=\"break-words\">Bij FMP Company produceren we dubbele rechte tandwielen volgens internationale normen, met de \"module\" als gangbare maateenheid (volgens ISO-richtlijnen) en een typische drukhoek van 20 graden. Onze tandwielen hebben vaak een evolvente tandprofiel, dat veel wordt gebruikt in commerci\u00eble machines voor optimale prestaties.<\/p>\n<div>\n<h3>Belangrijkste functies van dubbele rechte tandwielen<\/h3>\n<p class=\"break-words\">Dubbele tandwielen zijn een integraal onderdeel van mechanische systemen en vervullen verschillende belangrijke functies:<\/p>\n<ul class=\"marker:text-secondary\">\n<li class=\"break-words\"><strong>Snelheidsaanpassing:<\/strong> Ze maken tandwielreductie mogelijk om de snelheid te verlagen en het koppel te verhogen, of omgekeerd, de snelheid te verhogen voor specifieke toepassingen.<\/li>\n<li class=\"break-words\"><strong>Krachtversterking:<\/strong> Een kleine, sneldraaiende motor in combinatie met tandwielreductie kan een aanzienlijk koppel leveren, waardoor Double Spur Gears ideaal zijn voor gemotoriseerde apparatuur.<\/li>\n<li class=\"break-words\"><strong>Richtingverandering:<\/strong> Wanneer twee tandwielen in elkaar grijpen, draait het tweede tandwiel in de tegenovergestelde richting. Speciale ontwerpen, zoals kegelwielen in differenti\u00eblen, kunnen het vermogen over hoeken (bijvoorbeeld 90 graden) omleiden.<\/li>\n<\/ul>\n<p class=\"break-words\">Deze eigenschappen maken Double Spur Gears onmisbaar voor een breed scala aan toepassingen, van industri\u00eble machines tot consumentenapparaten.<\/p>\n<div>\n<h3>Veelzijdige toepassingen van dubbele rechte tandwielen<\/h3>\n<p class=\"break-words\">De Double Spur Gears van FMP worden gebruikt in uiteenlopende industrie\u00ebn, waaronder:<\/p>\n<ul class=\"marker:text-secondary\">\n<li class=\"break-words\">Landbouwmachines<\/li>\n<li class=\"break-words\">Technische en bouwapparatuur<\/li>\n<li class=\"break-words\">Fabrieksautomatisering en industri\u00eble robots<\/li>\n<li class=\"break-words\">Verpakkings- en voedselverwerkingsmachines<\/li>\n<li class=\"break-words\">Autoproductie- en machinegereedschapsindustrie<\/li>\n<li class=\"break-words\">Materiaalverwerkings- en drukmachines<\/li>\n<li class=\"break-words\">Medische, cosmetische en hout-\/glasverwerkingsapparatuur<\/li>\n<li class=\"break-words\">Aardolie, suikerproductie, thermische energieopwekking en meer<\/li>\n<\/ul>\n<p class=\"break-words\">Van de ambachtelijke werkplaatsen in Florence tot de industri\u00eble centra van Milaan: onze tandwielen leveren consistente, hoogwaardige resultaten.<\/p>\n<h3>Productspecificaties<\/h3>\n<p class=\"break-words\">Onze dubbele tandwielen zijn verkrijgbaar in verschillende materialen en uitvoeringen:<\/p>\n<ul class=\"marker:text-secondary\">\n<li class=\"break-words\"><strong>Materialen:<\/strong> C45 (1045), A3 (staal met een laag koolstofgehalte), 40Cr, 20CrMnTi, 42CrMo, gietijzer, nodulair gietijzer, koper, roestvrij staal en kunststoffen.<\/li>\n<li class=\"break-words\"><strong>Warmtebehandeling:<\/strong> Hoogfrequent afschrikken, opkolen, kogelstralen, harden en ontlaten, nitreren.<\/li>\n<li class=\"break-words\"><strong>Oppervlaktebehandeling:<\/strong> Zwart maken, verzinken, chroomplateren, verzinken, zandstralen, poedercoaten en meer.<\/li>\n<li class=\"break-words\"><strong>Prestatie:<\/strong> Hoge precisie, slijtvastheid, sterkte, lage geluidsontwikkeling en soepele werking.<\/li>\n<li class=\"break-words\"><strong>Normen:<\/strong> ANSI-, DIN-, JIS- en niet-standaardopties.<\/li>\n<\/ul>\n<\/div>\n<div>\n<h2>De productie-expertise van FMP Company<\/h2>\n<p class=\"break-words\">Bij FMP Company gebruiken we geavanceerde technieken om dubbele rechte tandwielen te produceren die perfect aansluiten op uw wensen. Onze primaire methode bestaat uit het frezen van tandwielen, met behulp van geavanceerde gereedschappen zoals tandwielfreesmachines en CNC-bewerking. Voor toepassingen waarbij extreme precisie of hardheid niet cruciaal is, omvat ons proces:<\/p>\n<ol class=\"marker:text-secondary\">\n<li class=\"break-words\">Het snijden van rond staafmateriaal<\/li>\n<li class=\"break-words\">Het draaien van blanks op een draaibank<\/li>\n<li class=\"break-words\">Tanden snijden door middel van uitholling<\/li>\n<li class=\"break-words\">Ontbramen voor een gladde afwerking<\/li>\n<li class=\"break-words\">Indien nodig stelschroefgaten of spiebanen toevoegen<\/li>\n<\/ol>\n<p class=\"break-words\">Onze bewerkingsmogelijkheden gaan verder dan alleen snijden en omvatten onder meer CNC-bewerking, het maken van splines, draadrollen, centerloos slijpen, boren, frezen, draaien, brootsen, tappen en draadvonken.<\/p>\n<p class=\"break-words\">Om de duurzaamheid te verbeteren, ondergaan onze dubbele tandwielen een integrale afschrik- en ontlaatbehandeling. Dit garandeert een hoge sterkte en weerstand tegen vervorming onder zware belasting. Bovendien verhoogt hoogfrequent afschrikken de hardheid en slijtvastheid van de tanden, wat zorgt voor langdurige prestaties.<\/p>\n<div>\n<h2>Maatwerk: op maat gemaakte dubbele tandwielen voor uw behoeften<\/h2>\n<p class=\"break-words\">FMP Company blinkt uit in het ontwerpen en vervaardigen <strong>aangepaste dubbele tandwielen<\/strong>, inbegrepen <strong>kunststof dubbele rechte tandwielen<\/strong>, afgestemd op uw specificaties. Of u nu een specifieke module, drukhoek, aantal tanden of materiaal nodig heeft, onze engineers staan \u200b\u200bklaar om te leveren.<\/p>\n<p class=\"break-words\">Vindt u het exacte model dat u nodig heeft niet in onze productlijst? Geen zorgen: onze catalogus wordt voortdurend uitgebreid en sommige artikelen staan \u200b\u200bmogelijk nog niet in de lijst. Stuur ons een e-mail op: <a href=\"mailto:info@fmpcomponents.it\">info@fmpcomponents.it<\/a>\u00a0met uw wensen, en ons team zal binnen <strong>24 uur<\/strong> met een oplossing op maat. Van Milaan tot Bologna: wij streven ernaar om nauwkeurig en snel te voldoen aan de behoeften van Italiaanse bedrijven.<\/p>\n<div>\n<h2>Robuuste dubbele tandwielen voor zware toepassingen<\/h2>\n<p class=\"break-words\">Voor industrie\u00ebn die robuuste oplossingen vereisen, produceert FMP Company robuuste dubbele rechte tandwielen die bestand zijn tegen veeleisende omstandigheden. Deze tandwielen worden vervaardigd met behulp van machinaal snijden, vlamsnijden of lasersnijden (voor dunnere materialen), waarbij kosteneffectiviteit en precisie in evenwicht worden gebracht. Veelvoorkomende toepassingen zijn onder andere:<\/p>\n<ul class=\"marker:text-secondary\">\n<li class=\"break-words\">Mijnbouw en steengroeven<\/li>\n<li class=\"break-words\">Bouw<\/li>\n<li class=\"break-words\">Maritieme en offshore-operaties<\/li>\n<li class=\"break-words\">Afval- en recyclingsystemen<\/li>\n<li class=\"break-words\">Waterzuiveringsinstallaties<\/li>\n<\/ul>\n<p class=\"break-words\">Onze robuuste tandwielen garanderen een probleemloze installatie en een uitzonderlijke levensduur. Hierdoor zijn ze een betrouwbare keuze voor bedrijven in heel Itali\u00eb.<\/p>\n<\/div>\n<\/div>\n<\/div>\n<\/div>","protected":false},"excerpt":{"rendered":"<p>Double Spur Gears: Engineered Excellence by FMP Company for Italy and Beyond As a leading Double Spur Gear manufacturer based in Italy, FMP Company is proud to deliver high-quality gear solutions to industries worldwide, including key Italian markets such as Milan, Venice, Florence, and Bologna. Specializing in a wide range of Double Spur Gears\u2014including plastic [&hellip;]<\/p>","protected":false},"featured_media":7433,"comment_status":"open","ping_status":"closed","template":"","meta":{"_et_pb_use_builder":"","_et_pb_old_content":"","_et_gb_content_width":""},"product_brand":[],"product_cat":[109],"product_tag":[],"class_list":{"0":"post-7423","1":"product","2":"type-product","3":"status-publish","4":"has-post-thumbnail","6":"product_cat-spur-gear","8":"first","9":"instock","10":"shipping-taxable","11":"product-type-simple"},"_links":{"self":[{"href":"https:\/\/fmp-components.com\/nl\/wp-json\/wp\/v2\/product\/7423","targetHints":{"allow":["GET"]}}],"collection":[{"href":"https:\/\/fmp-components.com\/nl\/wp-json\/wp\/v2\/product"}],"about":[{"href":"https:\/\/fmp-components.com\/nl\/wp-json\/wp\/v2\/types\/product"}],"replies":[{"embeddable":true,"href":"https:\/\/fmp-components.com\/nl\/wp-json\/wp\/v2\/comments?post=7423"}],"wp:featuredmedia":[{"embeddable":true,"href":"https:\/\/fmp-components.com\/nl\/wp-json\/wp\/v2\/media\/7433"}],"wp:attachment":[{"href":"https:\/\/fmp-components.com\/nl\/wp-json\/wp\/v2\/media?parent=7423"}],"wp:term":[{"taxonomy":"product_brand","embeddable":true,"href":"https:\/\/fmp-components.com\/nl\/wp-json\/wp\/v2\/product_brand?post=7423"},{"taxonomy":"product_cat","embeddable":true,"href":"https:\/\/fmp-components.com\/nl\/wp-json\/wp\/v2\/product_cat?post=7423"},{"taxonomy":"product_tag","embeddable":true,"href":"https:\/\/fmp-components.com\/nl\/wp-json\/wp\/v2\/product_tag?post=7423"}],"curies":[{"name":"wp","href":"https:\/\/api.w.org\/{rel}","templated":true}]}}