{"id":7420,"date":"2025-03-26T03:25:42","date_gmt":"2025-03-26T03:25:42","guid":{"rendered":"https:\/\/fmp-components.com\/?post_type=product&#038;p=7420"},"modified":"2025-03-26T08:36:10","modified_gmt":"2025-03-26T08:36:10","slug":"forging-spur-gear","status":"publish","type":"product","link":"https:\/\/fmp-components.com\/nl\/product\/forging-spur-gear\/","title":{"rendered":"Smeden van tandwielen"},"content":{"rendered":"<h2>Gesmede tandwielen: precisieproductie door FMP Company voor Itali\u00eb en daarbuiten.<\/h2>\n<p class=\"break-words\">Als het gaat om het produceren van hoogwaardige producten <a href=\"https:\/\/fmp-components.com\/nl\/spur-gear-2\/\">tandwielen<\/a>Smeden blijft een beproefde en geavanceerde productietechniek. Bij FMP Company zijn we gespecialiseerd in het smeden van tandwielen die voldoen aan de uiteenlopende behoeften van industrie\u00ebn in heel Itali\u00eb \u2013 van de automobielindustrie in Milaan tot de machinebouwbedrijven in Veneti\u00eb, de innovatieve machinebouwers in Florence en de industri\u00eble grootmachten in Bologna. We leveren tandwielen met een bijna-eindvorm of een eindvorm die minimale nabewerking vereisen, waardoor sterkte, duurzaamheid en effici\u00ebntie gegarandeerd zijn voor toepassingen in de automobiel-, luchtvaart-, landbouw-, energie- en andere sectoren.<\/p>\n<p><img loading=\"lazy\" decoding=\"async\" class=\"size-full wp-image-7421 aligncenter\" src=\"https:\/\/fmp-components.com\/wp-content\/uploads\/2025\/03\/forged-spur-gears-product-1.webp\" alt=\"gesmede tandwielen\" width=\"2000\" height=\"800\" title=\"\" srcset=\"https:\/\/fmp-components.com\/wp-content\/uploads\/2025\/03\/forged-spur-gears-product-1.webp 2000w, https:\/\/fmp-components.com\/wp-content\/uploads\/2025\/03\/forged-spur-gears-product-1-1280x512.webp 1280w, https:\/\/fmp-components.com\/wp-content\/uploads\/2025\/03\/forged-spur-gears-product-1-980x392.webp 980w, https:\/\/fmp-components.com\/wp-content\/uploads\/2025\/03\/forged-spur-gears-product-1-480x192.webp 480w\" sizes=\"(min-width: 0px) and (max-width: 480px) 480px, (min-width: 481px) and (max-width: 980px) 980px, (min-width: 981px) and (max-width: 1280px) 1280px, (min-width: 1281px) 2000px, 100vw\" \/><\/p>\n<h3>Wat zijn gesmede tandwielen?<\/h3>\n<p class=\"break-words\">Gesmede tandwielen worden vervaardigd via een nauwgezet matrijssmeedproces waarbij verhitte metalen staven \u2013 zoals laaggelegeerd staal, messing, aluminiumlegeringen, roestvrij staal, titanium of hittebestendige legeringen \u2013 onder hoge druk worden gevormd met behulp van speciale matrijzen. Dit proces comprimeert de metaalkorrels, wat resulteert in tandwielen met een uitzonderlijke vermoeiingsweerstand en draagvermogen. In tegenstelling tot gefreesde tandwielen hebben gesmede tandwielen een voorgevormde korrelstructuur die het tandprofiel volgt, waardoor de sterkte wordt verhoogd zonder de afmetingen te vergroten. Bij FMP gebruiken we technieken zoals gesloten matrijssmeden en hoge-energie-smidsen (HERF) om tandwielen te produceren die voldoen aan strenge tolerantie- en oppervlaktekwaliteitseisen.<\/p>\n<div>\n<h3>Het smeedproces bij FMP<\/h3>\n<p class=\"break-words\">Bij FMP Company is ons smeedproces ontworpen om precisie, effici\u00ebntie en duurzaamheid te leveren, en is geschikt voor een breed scala aan industrie\u00ebn, waaronder zware machinebouw in Itali\u00eb en daarbuiten. Of het nu gaat om een \u200b\u200bcompact tandwiel voor automobieltoepassingen of een enorm gesmeed 40CrMn-tandwiel met een diameter van 600 mm voor kogelmolens, onze geavanceerde technieken garanderen topkwaliteit. Zo brengen we onze gesmede tandwielen tot leven:<\/p>\n<ol class=\"marker:text-secondary\">\n<li class=\"break-words\"><strong>Tandwiel blank verwarming<\/strong>We verhitten metalen blokken tot nauwkeurige temperaturen \u2013 zoals 1230 \u00b0C voor 8620-staal of op maat gemaakte temperaturen voor 40CrMn \u2013 om de bewerkbaarheid te verbeteren en een uniform smeedproces te garanderen. Deze stap is cruciaal voor het bereiken van de vereiste sterkte in zware tandwielen.<\/li>\n<li class=\"break-words\"><strong>Matrijzen smeden<\/strong>Met behulp van ultramoderne persen en hoge-energie-smeedtechnieken (HERF) vormen we blokken metaal tot bijna-eindvormen met minimale slagbewegingen. Hogesnelheidsstempels leveren krachten tot wel 353.000 J om in \u00e9\u00e9n slag een tandwiel van 4,5 kg te smeden uit een blok 8620-staal van 75 mm, of tot 271.000 J voor een vliegwiel van 11 kg voor auto's, gemaakt van grijs gietijzer van klasse 40.<\/li>\n<li class=\"break-words\"><strong>Trimmen en afwerken<\/strong>Overtollig materiaal wordt vakkundig verwijderd en tandwielen worden tot in de puntjes afgewerkt. Bij standaardtandwielen laten we 0,13\u20130,51 mm materiaal over voor de nabewerking, terwijl zware componenten zoals onze 600 mm 40CrMn-tandwielen voor kogelmolens worden gesmeed tot bijna de uiteindelijke afmetingen met toleranties van slechts +0,00\/-0,18 mm.<\/li>\n<\/ol>\n<h4>Smeden voor zware machines<\/h4>\n<p class=\"break-words\">Naast standaardtoepassingen blinkt FMP uit in de productie van gesmede tandwielen voor zware machines. Neem bijvoorbeeld ons gesmede 40CrMn-tandwiel: met een diameter van 600 mm is dit robuuste onderdeel speciaal ontworpen voor kogelmolens die worden gebruikt in de mijnbouw en industri\u00eble verwerking. Gesmeed uit hoogwaardig 40CrMn-staal, biedt het een uitzonderlijke duurzaamheid en slijtvastheid, waardoor het ideaal is voor veeleisende omgevingen. Dit tandwiel wordt geproduceerd in Luoyang en heeft een minimale bestelhoeveelheid van 10 stuks, verpakt in stevige houten kisten en geleverd binnen 25 werkdagen. Met een leveringscapaciteit van 10.000 stuks en een maximaal smeedgewicht van 40 ton is FMP in staat om te voldoen aan de behoeften van de Italiaanse zware industrie \u2013 van de productiebedrijven in Milaan tot de leveranciers van mijnbouwapparatuur in Bologna.<\/p>\n<table style=\"border-collapse: collapse; width: 99.375%; height: 139px;\" border=\"0\" width=\"160\" cellspacing=\"0\" cellpadding=\"0\">\n<tbody>\n<tr style=\"height: 14.40pt;\">\n<td class=\"et2\" style=\"height: 28.8pt; width: 67.3831%;\" rowspan=\"2\" width=\"80\" height=\"48\"><img loading=\"lazy\" decoding=\"async\" class=\"alignnone size-full wp-image-7427\" src=\"https:\/\/fmp-components.com\/wp-content\/uploads\/2025\/03\/Forging-Spur-Gear-heavy-machinery-4.webp\" alt=\"Smeden-tandwiel-zware-machines\" width=\"1024\" height=\"1024\" title=\"\" srcset=\"https:\/\/fmp-components.com\/wp-content\/uploads\/2025\/03\/Forging-Spur-Gear-heavy-machinery-4.webp 1024w, https:\/\/fmp-components.com\/wp-content\/uploads\/2025\/03\/Forging-Spur-Gear-heavy-machinery-4-980x980.webp 980w, https:\/\/fmp-components.com\/wp-content\/uploads\/2025\/03\/Forging-Spur-Gear-heavy-machinery-4-480x480.webp 480w\" sizes=\"(min-width: 0px) and (max-width: 480px) 480px, (min-width: 481px) and (max-width: 980px) 980px, (min-width: 981px) 1024px, 100vw\" \/><\/td>\n<td style=\"width: 32.4905%;\" align=\"right\" width=\"80\"><img loading=\"lazy\" decoding=\"async\" class=\"size-full wp-image-7426 aligncenter\" src=\"https:\/\/fmp-components.com\/wp-content\/uploads\/2025\/03\/Forging-Spur-Gear-heavy-machinery-3.webp\" alt=\"Smeden-tandwiel-zware-machines\" width=\"1024\" height=\"1024\" title=\"\" srcset=\"https:\/\/fmp-components.com\/wp-content\/uploads\/2025\/03\/Forging-Spur-Gear-heavy-machinery-3.webp 1024w, https:\/\/fmp-components.com\/wp-content\/uploads\/2025\/03\/Forging-Spur-Gear-heavy-machinery-3-980x980.webp 980w, https:\/\/fmp-components.com\/wp-content\/uploads\/2025\/03\/Forging-Spur-Gear-heavy-machinery-3-480x480.webp 480w\" sizes=\"(min-width: 0px) and (max-width: 480px) 480px, (min-width: 481px) and (max-width: 980px) 980px, (min-width: 981px) 1024px, 100vw\" \/><\/td>\n<\/tr>\n<tr style=\"height: 14.40pt;\">\n<td style=\"width: 32.4905%;\" align=\"right\"><img loading=\"lazy\" decoding=\"async\" class=\"size-full wp-image-7428 aligncenter\" src=\"https:\/\/fmp-components.com\/wp-content\/uploads\/2025\/03\/Forging-Spur-Gear-heavy-machinery-5.webp\" alt=\"Smeden-tandwiel-zware-machines\" width=\"1024\" height=\"1024\" title=\"\" srcset=\"https:\/\/fmp-components.com\/wp-content\/uploads\/2025\/03\/Forging-Spur-Gear-heavy-machinery-5.webp 1024w, https:\/\/fmp-components.com\/wp-content\/uploads\/2025\/03\/Forging-Spur-Gear-heavy-machinery-5-980x980.webp 980w, https:\/\/fmp-components.com\/wp-content\/uploads\/2025\/03\/Forging-Spur-Gear-heavy-machinery-5-480x480.webp 480w\" sizes=\"(min-width: 0px) and (max-width: 480px) 480px, (min-width: 481px) and (max-width: 980px) 980px, (min-width: 981px) 1024px, 100vw\" \/><\/td>\n<\/tr>\n<\/tbody>\n<\/table>\n<table style=\"border-collapse: collapse; width: 97.3538%; height: 5px;\" border=\"0\" width=\"162\" cellspacing=\"0\" cellpadding=\"0\">\n<tbody>\n<tr style=\"height: 14.40pt;\">\n<td style=\"height: 14.4pt; width: 43.6129%;\" align=\"right\" width=\"81\" height=\"24\"><img loading=\"lazy\" decoding=\"async\" class=\"size-full wp-image-7425 aligncenter\" src=\"https:\/\/fmp-components.com\/wp-content\/uploads\/2025\/03\/Forging-Spur-Gear-heavy-machinery-2.webp\" alt=\"Smeden-tandwiel-zware-machines\" width=\"1024\" height=\"1024\" title=\"\" srcset=\"https:\/\/fmp-components.com\/wp-content\/uploads\/2025\/03\/Forging-Spur-Gear-heavy-machinery-2.webp 1024w, https:\/\/fmp-components.com\/wp-content\/uploads\/2025\/03\/Forging-Spur-Gear-heavy-machinery-2-980x980.webp 980w, https:\/\/fmp-components.com\/wp-content\/uploads\/2025\/03\/Forging-Spur-Gear-heavy-machinery-2-480x480.webp 480w\" sizes=\"(min-width: 0px) and (max-width: 480px) 480px, (min-width: 481px) and (max-width: 980px) 980px, (min-width: 981px) 1024px, 100vw\" \/><\/td>\n<td style=\"width: 56.2581%;\" align=\"right\" width=\"81\"><img loading=\"lazy\" decoding=\"async\" class=\"size-full wp-image-7429 aligncenter\" src=\"https:\/\/fmp-components.com\/wp-content\/uploads\/2025\/03\/Forging-Spur-Gear-heavy-machinery-1.webp\" alt=\"Smeden-tandwiel-zware-machines\" width=\"1024\" height=\"768\" title=\"\" srcset=\"https:\/\/fmp-components.com\/wp-content\/uploads\/2025\/03\/Forging-Spur-Gear-heavy-machinery-1.webp 1024w, https:\/\/fmp-components.com\/wp-content\/uploads\/2025\/03\/Forging-Spur-Gear-heavy-machinery-1-980x735.webp 980w, https:\/\/fmp-components.com\/wp-content\/uploads\/2025\/03\/Forging-Spur-Gear-heavy-machinery-1-480x360.webp 480w\" sizes=\"(min-width: 0px) and (max-width: 480px) 480px, (min-width: 481px) and (max-width: 980px) 980px, (min-width: 981px) 1024px, 100vw\" \/><\/td>\n<\/tr>\n<\/tbody>\n<\/table>\n<h4>Technische uitmuntendheid in elke versnelling.<\/h4>\n<p class=\"break-words\">Onze mogelijkheden strekken zich uit tot grootschalige tandwielassen en op maat gemaakte smeedstukken, zoals onze speciaal ontworpen tandwielassen met grote modules, vervaardigd uit materialen als 35#, 45#, 40Cr of 42CrMo. Deze componenten, met diameters tot 1850 mm en lengtes tot 12 meter, worden veelvuldig gebruikt in transmissies, snelheidsregelingen en roterende systemen voor civiele en industri\u00eble apparatuur. Met een bewerkingsnauwkeurigheid van 0,01 mm en strenge tests (ultrasoon, magnetisch, trek- en penetratietests) garanderen wij dat elk tandwiel voldoet aan internationale normen zoals DIN, GB en ISO.<\/p>\n<h4>Praktische voorbeelden<\/h4>\n<ul class=\"marker:text-secondary\">\n<li class=\"break-words\">Een tandwiel van 4,5 kg, gesmeed uit 8620-staal, heeft een bijna-eindvorm met een optimale dikte van het tandblad en minimale tanddikte, waardoor het direct klaar is voor afwerking in toepassingen zoals autoversnellingsbakken.<\/li>\n<li class=\"break-words\">Een 11 kg zwaar autovliegwiel, gesmeed uit grijs gietijzer van klasse 40 bij 955 \u00b0C met een energie van 271.000 J, voldoet aan strenge toleranties en is direct inzetbaar.<\/li>\n<li class=\"break-words\">Ons 600 mm 40CrMn-tandwiel, speciaal ontworpen voor kogelmolens, demonstreert onze expertise in het smeden van grote, hoogwaardige tandwielen voor zware machines. Oppervlaktebehandelingen zoals harden of polijsten zijn op aanvraag beschikbaar.<\/li>\n<\/ul>\n<p class=\"break-words\">Bij FMP combineren we precisiesmeden met het vermogen om zware omstandigheden aan te kunnen, waardoor onze tandwielen onge\u00ebvenaarde betrouwbaarheid en prestaties leveren.<\/p>\n<table style=\"border-collapse: collapse; width: 99.875%; height: 99px;\" border=\"0\" width=\"160\" cellspacing=\"0\" cellpadding=\"0\">\n<tbody>\n<tr style=\"height: 14.40pt;\">\n<td style=\"height: 14.40pt; width: 48.00pt;\" align=\"right\" width=\"80\" height=\"24\"><img loading=\"lazy\" decoding=\"async\" class=\"size-full wp-image-7430 aligncenter\" src=\"https:\/\/fmp-components.com\/wp-content\/uploads\/2025\/03\/Forging-Spur-Gear-heavy-machinery-7.webp\" alt=\"Smeden-tandwiel-zware-machines\" width=\"680\" height=\"680\" title=\"\" srcset=\"https:\/\/fmp-components.com\/wp-content\/uploads\/2025\/03\/Forging-Spur-Gear-heavy-machinery-7.webp 680w, https:\/\/fmp-components.com\/wp-content\/uploads\/2025\/03\/Forging-Spur-Gear-heavy-machinery-7-480x480.webp 480w\" sizes=\"(min-width: 0px) and (max-width: 480px) 480px, (min-width: 481px) 680px, 100vw\" \/><\/td>\n<td style=\"width: 48.00pt;\" align=\"right\" width=\"80\"><img loading=\"lazy\" decoding=\"async\" class=\"size-full wp-image-7431 aligncenter\" src=\"https:\/\/fmp-components.com\/wp-content\/uploads\/2025\/03\/Forging-Spur-Gear-heavy-machinery-6.webp\" alt=\"Smeden-tandwiel-zware-machines\" width=\"680\" height=\"680\" title=\"\" srcset=\"https:\/\/fmp-components.com\/wp-content\/uploads\/2025\/03\/Forging-Spur-Gear-heavy-machinery-6.webp 680w, https:\/\/fmp-components.com\/wp-content\/uploads\/2025\/03\/Forging-Spur-Gear-heavy-machinery-6-480x480.webp 480w\" sizes=\"(min-width: 0px) and (max-width: 480px) 480px, (min-width: 481px) 680px, 100vw\" \/><\/td>\n<\/tr>\n<\/tbody>\n<\/table>\n<\/div>","protected":false},"excerpt":{"rendered":"<p>Forging Spur Gears: Precision Manufacturing by FMP Company for Italy and Beyond When it comes to producing high-quality spur gears, forging remains a time-honored and advanced manufacturing technique. At FMP Company, we specialize in crafting forging spur gears that meet the diverse needs of industries across Italy\u2014from Milan\u2019s automotive hubs to Venice\u2019s engineering workshops, Florence\u2019s [&hellip;]<\/p>","protected":false},"featured_media":7422,"comment_status":"open","ping_status":"closed","template":"","meta":{"_et_pb_use_builder":"","_et_pb_old_content":"","_et_gb_content_width":""},"product_brand":[],"product_cat":[109],"product_tag":[],"class_list":{"0":"post-7420","1":"product","2":"type-product","3":"status-publish","4":"has-post-thumbnail","6":"product_cat-spur-gear","8":"first","9":"instock","10":"shipping-taxable","11":"product-type-simple"},"_links":{"self":[{"href":"https:\/\/fmp-components.com\/nl\/wp-json\/wp\/v2\/product\/7420","targetHints":{"allow":["GET"]}}],"collection":[{"href":"https:\/\/fmp-components.com\/nl\/wp-json\/wp\/v2\/product"}],"about":[{"href":"https:\/\/fmp-components.com\/nl\/wp-json\/wp\/v2\/types\/product"}],"replies":[{"embeddable":true,"href":"https:\/\/fmp-components.com\/nl\/wp-json\/wp\/v2\/comments?post=7420"}],"wp:featuredmedia":[{"embeddable":true,"href":"https:\/\/fmp-components.com\/nl\/wp-json\/wp\/v2\/media\/7422"}],"wp:attachment":[{"href":"https:\/\/fmp-components.com\/nl\/wp-json\/wp\/v2\/media?parent=7420"}],"wp:term":[{"taxonomy":"product_brand","embeddable":true,"href":"https:\/\/fmp-components.com\/nl\/wp-json\/wp\/v2\/product_brand?post=7420"},{"taxonomy":"product_cat","embeddable":true,"href":"https:\/\/fmp-components.com\/nl\/wp-json\/wp\/v2\/product_cat?post=7420"},{"taxonomy":"product_tag","embeddable":true,"href":"https:\/\/fmp-components.com\/nl\/wp-json\/wp\/v2\/product_tag?post=7420"}],"curies":[{"name":"wp","href":"https:\/\/api.w.org\/{rel}","templated":true}]}}