{"id":7404,"date":"2025-03-25T07:23:21","date_gmt":"2025-03-25T07:23:21","guid":{"rendered":"https:\/\/fmp-components.com\/?post_type=product&#038;p=7404"},"modified":"2025-03-26T08:39:36","modified_gmt":"2025-03-26T08:39:36","slug":"medical-stainless-spur-gear","status":"publish","type":"product","link":"https:\/\/fmp-components.com\/nl\/product\/medical-stainless-spur-gear\/","title":{"rendered":"Medisch roestvrijstalen tandwiel"},"content":{"rendered":"<div>\n<h3>Roestvrijstalen tandwielen in medische toepassingen<\/h3>\n<p class=\"break-words\">Als het gaat om precisietechniek, zijn roestvrijstalen tandwielen een essentieel onderdeel in diverse industrie\u00ebn, met name in de medische sector. Bij FMP zijn we gespecialiseerd in de productie van hoogwaardige roestvrijstalen tandwielen die voldoen aan de strenge eisen van medische apparatuur. Of u nu in Milaan, Veneti\u00eb, Florence, Bologna of elders in Itali\u00eb bent, onze expertise garandeert dat uw behoefte aan duurzame en betrouwbare tandwielen wordt vervuld. <a href=\"https:\/\/fmp-components.com\/nl\/spur-gear-2\/\">tandwielen<\/a> worden met uitmuntendheid ontvangen.<\/p>\n<table style=\"border-collapse: collapse; width: 98.7077%; height: 14px;\" border=\"0\" width=\"162\" cellspacing=\"0\" cellpadding=\"0\">\n<tbody>\n<tr style=\"height: 14.40pt;\">\n<td style=\"height: 14px; width: 49.8728%;\" align=\"right\" width=\"81\" height=\"24\"><img loading=\"lazy\" decoding=\"async\" class=\"size-full wp-image-7414 aligncenter\" src=\"https:\/\/fmp-components.com\/wp-content\/uploads\/2025\/03\/Stainless-steel-Spur-Gear-1.webp\" alt=\"Roestvrijstalen tandwiel\" width=\"250\" height=\"250\" title=\"\" srcset=\"https:\/\/fmp-components.com\/wp-content\/uploads\/2025\/03\/Stainless-steel-Spur-Gear-1.webp 250w, https:\/\/fmp-components.com\/wp-content\/uploads\/2025\/03\/Stainless-steel-Spur-Gear-1-150x150.webp 150w, https:\/\/fmp-components.com\/wp-content\/uploads\/2025\/03\/Stainless-steel-Spur-Gear-1-12x12.webp 12w, https:\/\/fmp-components.com\/wp-content\/uploads\/2025\/03\/Stainless-steel-Spur-Gear-1-100x100.webp 100w\" sizes=\"(max-width: 250px) 100vw, 250px\" \/><\/td>\n<td style=\"width: 49.8728%; height: 14px;\" align=\"right\" width=\"81\"><img loading=\"lazy\" decoding=\"async\" class=\"size-full wp-image-7413 aligncenter\" src=\"https:\/\/fmp-components.com\/wp-content\/uploads\/2025\/03\/Stainless-steel-Spur-Gear-2.webp\" alt=\"Roestvrijstalen tandwiel\" width=\"300\" height=\"300\" title=\"\" srcset=\"https:\/\/fmp-components.com\/wp-content\/uploads\/2025\/03\/Stainless-steel-Spur-Gear-2.webp 300w, https:\/\/fmp-components.com\/wp-content\/uploads\/2025\/03\/Stainless-steel-Spur-Gear-2-150x150.webp 150w, https:\/\/fmp-components.com\/wp-content\/uploads\/2025\/03\/Stainless-steel-Spur-Gear-2-12x12.webp 12w, https:\/\/fmp-components.com\/wp-content\/uploads\/2025\/03\/Stainless-steel-Spur-Gear-2-100x100.webp 100w\" sizes=\"(max-width: 300px) 100vw, 300px\" \/><\/td>\n<\/tr>\n<\/tbody>\n<\/table>\n<h2>Wat zijn tandwielen van roestvrij staal?<\/h2>\n<p class=\"break-words\">Rechte tandwielen zijn het eenvoudigste en meest kosteneffectieve type precisietandwiel, met rechte tanden die parallel aan de rotatieas van het tandwiel zijn uitgelijnd. Deze tandwielen brengen beweging en vermogen effici\u00ebnt over tussen parallelle assen die in tegengestelde richting draaien. Roestvrij staal, met zijn corrosiebestendigheid en duurzaamheid, maakt deze tandwielen een ideale keuze voor toepassingen die hygi\u00ebne en een lange levensduur vereisen \u2013 belangrijke eigenschappen in de medische sector.<\/p>\n<p class=\"break-words\">Bij FMP bieden we tandwielen aan die voldoen aan, en zelfs de kwaliteitsnormen van AGMA (American Gear Manufacturers Association) overtreffen. Onze roestvrijstalen tandwielen zijn verkrijgbaar met diverse aanpassingsmogelijkheden, waaronder drukhoeken van 14,5\u00b0 of 20\u00b0, verschillende boringdiameters en steekdiameters van 4 DP tot 96 DP.<\/p>\n<\/div>\n<h2>Specificatie<\/h2>\n<p>Afmetingen: \u03a63 mm - \u03a6120 mm<br \/>\nModule: M0.25<br \/>\nMateriaalsoort: Roestvrij staal, zoals de klant wenst.<\/p>\n<div class=\"table-responsive\">\n<table class=\"table\" style=\"width: 101.186%; height: 344px;\" border=\"1\">\n<tbody>\n<tr>\n<td colspan=\"2\">Medische roestvrijstalen tandwielen<\/td>\n<\/tr>\n<tr>\n<td>Dimensie<\/td>\n<td>\u03a65mm<\/td>\n<\/tr>\n<tr>\n<td>Module<\/td>\n<td>M0.15, M0.2, M0.25-M0.8, M0.8<br \/>\nM1.0<\/td>\n<\/tr>\n<tr>\n<td>Materiaaltype<\/td>\n<td>roestvrij staal<\/td>\n<\/tr>\n<tr>\n<td>Meshing-graad<\/td>\n<td>ISO 6, JGMA 1, JIS 6, AGMA 13, DIN 6,Din5,AGMA12<\/td>\n<\/tr>\n<tr>\n<td>Sollicitatie<\/td>\n<td>Automobiel, Militair, Vliegtuigen, Mechanica,<\/td>\n<\/tr>\n<tr>\n<td>Op maat gemaakt<\/td>\n<td>ODM\/OEM<\/td>\n<\/tr>\n<tr>\n<td>Steekproef<\/td>\n<td>Voorbeeld beschikbaar<\/td>\n<\/tr>\n<tr>\n<td>Verpakkingswijzen<\/td>\n<td>Vacu\u00fcm verpakt met plastic bakje<\/td>\n<\/tr>\n<tr>\n<td>Leveringswijzen<\/td>\n<td>DHL UPS<\/td>\n<\/tr>\n<tr>\n<td>Certificaat<\/td>\n<td>ISO 9001:2008\/TS16949<\/td>\n<\/tr>\n<\/tbody>\n<\/table>\n<div>\n<h3>Toepassingen van roestvrijstalen tandwielen in medische apparatuur<\/h3>\n<p class=\"break-words\">In de medische industrie zijn precisie, betrouwbaarheid en hygi\u00ebne onmisbaar. Roestvrijstalen tandwielen spelen een cruciale rol in apparaten zoals:<\/p>\n<ul class=\"marker:text-secondary\">\n<li class=\"break-words\"><strong>Centrifuges<\/strong>Deze machines, die in laboratoria in Milaan en Bologna worden gebruikt om vloeistoffen te scheiden, maken gebruik van tandwielen voor een constante rotatiekracht.<\/li>\n<li class=\"break-words\"><strong>Medische pompen<\/strong>Van infuuspompen tot dialyseapparaten: roestvrijstalen tandwielen zorgen voor een soepele en nauwkeurige vloeistofafgifte, een noodzaak in ziekenhuizen in Veneti\u00eb en Florence.<\/li>\n<li class=\"break-words\"><strong>Chirurgische instrumenten<\/strong>Precisie-instrumenten zoals robotchirurgiesystemen zijn afhankelijk van de duurzaamheid en corrosiebestendigheid van roestvrijstalen tandwielen voor een vlekkeloze werking.<\/li>\n<li class=\"break-words\"><strong>Krikken en hefapparaten<\/strong>In revalidatieapparatuur of operatietafels zorgen tandwielen voor het mechanische voordeel dat nodig is voor een veilige pati\u00ebntenhantering.<\/li>\n<\/ul>\n<p class=\"break-words\">De inherente eigenschappen van roestvrij staal \u2013 roestbestendigheid, gemakkelijke sterilisatie en sterkte \u2013 maken het het materiaal bij uitstek voor deze toepassingen, waardoor wordt voldaan aan strenge medische normen.<\/p>\n<div>\n<h4>FMP: Uw betrouwbare partner voor roestvrijstalen tandwielen in Itali\u00eb<\/h4>\n<p class=\"break-words\">Bij FMP zijn we er trots op een toonaangevende fabrikant van roestvrijstalen tandwielen te zijn, die OEM's, distributeurs en de precisie-machine-industrie bedient. Dankzij jarenlange expertise produceren we een breed scala aan tandwielen in diverse materialen, waaronder staal, roestvrij staal, aluminium en messing. Ons aanbod omvat:<\/p>\n<ul class=\"marker:text-secondary\">\n<li class=\"break-words\"><strong>Standaard tandwielen<\/strong>Verkrijgbaar met naven, boringmaten vanaf 0,437 inch en aanpasbare steekdiameters.<\/li>\n<li class=\"break-words\"><strong>Aangepaste tandwielen<\/strong>: Afgestemd op uw specifieke eisen, of het nu gaat om een \u200b\u200buniek aantal tanden, drukhoek of materiaal.<\/li>\n<\/ul>\n<p class=\"break-words\">Wij begrijpen dat elk project uniek is. Daarom bieden wij maatwerk tandwielproductie aan klanten in heel Itali\u00eb, van de bruisende industri\u00eble centra van Milaan tot de innovatieve technologiecentra van Veneti\u00eb. Of u nu rechte tandwielen, kegeltandwielen, schroeftandwielen of zelfs tandwielblanks nodig heeft, onze ingenieurs zijn in staat om nauwkeurig vervaardigde oplossingen te leveren.<\/p>\n<h4>Kunt u uw model niet vinden? Neem contact met ons op!<\/h4>\n<p class=\"break-words\">Als u onze productlijst bekijkt en het exacte roestvrijstalen tandwiel dat u zoekt niet kunt vinden, geen zorgen \u2013 de kans is groot dat we het nog niet hebben kunnen uploaden. We hebben een enorme voorraad en onze mogelijkheden reiken veel verder dan wat hier vermeld staat. Stuur ons gewoon een e-mail met uw wensen en ons team zal zo snel mogelijk reageren. <strong>24 uur<\/strong>.<\/p>\n<p class=\"break-words\">\n<\/div>\n<\/div>\n<\/div>","protected":false},"excerpt":{"rendered":"<p>Stainless Steel Spur Gears in Medical Applications When it comes to precision engineering, stainless steel spur gears stand out as a vital component across various industries, particularly in the medical sector. At FMP, we specialize in producing high-quality stainless steel spur gears tailored to meet the rigorous demands of medical equipment. Whether you\u2019re in Milan, [&hellip;]<\/p>","protected":false},"featured_media":7412,"comment_status":"open","ping_status":"closed","template":"","meta":{"_et_pb_use_builder":"","_et_pb_old_content":"","_et_gb_content_width":""},"product_brand":[],"product_cat":[109],"product_tag":[],"class_list":{"0":"post-7404","1":"product","2":"type-product","3":"status-publish","4":"has-post-thumbnail","6":"product_cat-spur-gear","8":"first","9":"instock","10":"shipping-taxable","11":"product-type-simple"},"_links":{"self":[{"href":"https:\/\/fmp-components.com\/nl\/wp-json\/wp\/v2\/product\/7404","targetHints":{"allow":["GET"]}}],"collection":[{"href":"https:\/\/fmp-components.com\/nl\/wp-json\/wp\/v2\/product"}],"about":[{"href":"https:\/\/fmp-components.com\/nl\/wp-json\/wp\/v2\/types\/product"}],"replies":[{"embeddable":true,"href":"https:\/\/fmp-components.com\/nl\/wp-json\/wp\/v2\/comments?post=7404"}],"wp:featuredmedia":[{"embeddable":true,"href":"https:\/\/fmp-components.com\/nl\/wp-json\/wp\/v2\/media\/7412"}],"wp:attachment":[{"href":"https:\/\/fmp-components.com\/nl\/wp-json\/wp\/v2\/media?parent=7404"}],"wp:term":[{"taxonomy":"product_brand","embeddable":true,"href":"https:\/\/fmp-components.com\/nl\/wp-json\/wp\/v2\/product_brand?post=7404"},{"taxonomy":"product_cat","embeddable":true,"href":"https:\/\/fmp-components.com\/nl\/wp-json\/wp\/v2\/product_cat?post=7404"},{"taxonomy":"product_tag","embeddable":true,"href":"https:\/\/fmp-components.com\/nl\/wp-json\/wp\/v2\/product_tag?post=7404"}],"curies":[{"name":"wp","href":"https:\/\/api.w.org\/{rel}","templated":true}]}}