{"id":7398,"date":"2025-03-25T03:17:43","date_gmt":"2025-03-25T03:17:43","guid":{"rendered":"https:\/\/fmp-components.com\/?post_type=product&#038;p=7398"},"modified":"2025-03-26T08:39:56","modified_gmt":"2025-03-26T08:39:56","slug":"plastic-spur-gears-with-steel-core","status":"publish","type":"product","link":"https:\/\/fmp-components.com\/nl\/product\/plastic-spur-gears-with-steel-core\/","title":{"rendered":"Kunststof tandwielen met stalen kern"},"content":{"rendered":"<div>\n<h3>Hoogwaardige kunststof tandwielen<\/h3>\n<p class=\"break-words\">Als het gaat om betrouwbare en effici\u00ebnte mechanische componenten, onderscheiden kunststof tandwielen zich als een veelzijdige en kosteneffectieve oplossing. Bij FMP zijn we er trots op een toonaangevende fabrikant te zijn van kunststof tandwielen met een breed scala aan standaardproducten en maatwerkoplossingen, afgestemd op uw specifieke wensen. Of u nu in Milaan, Veneti\u00eb, Florence, Bologna of ergens anders in Itali\u00eb bent, FMP is uw vertrouwde partner voor hoogwaardige kunststof tandwielen met een hoge kwaliteit, ontworpen om te voldoen aan de eisen van diverse industrie\u00ebn.<\/p>\n<p><img loading=\"lazy\" decoding=\"async\" class=\"wp-image-7405 aligncenter\" src=\"https:\/\/fmp-components.com\/wp-content\/uploads\/2025\/03\/Plastic-spur-Gears.webp\" alt=\"Kunststof tandwielen\" width=\"734\" height=\"418\" title=\"\" srcset=\"https:\/\/fmp-components.com\/wp-content\/uploads\/2025\/03\/Plastic-spur-Gears.webp 734w, https:\/\/fmp-components.com\/wp-content\/uploads\/2025\/03\/Plastic-spur-Gears-480x273.webp 480w\" sizes=\"(min-width: 0px) and (max-width: 480px) 480px, (min-width: 481px) 734px, 100vw\" \/><\/p>\n<h4>Waarom kiezen voor kunststof tandwielen?<\/h4>\n<p class=\"break-words\">Kunststof tandwielen zijn een populaire keuze vanwege hun lichte gewicht, corrosiebestendigheid en stille werking in vergelijking met metalen tandwielen. Deze tandwielen zijn ideaal voor toepassingen in autosystemen, medische apparatuur, robotica en consumentenelektronica. Bij FMP gebruiken we geavanceerde materialen zoals nylon, acetaal (POM) en polycarbonaat om duurzaamheid, precisie en uitstekende prestaties onder uiteenlopende omstandigheden te garanderen.<\/p>\n<\/div>\n<table style=\"border-collapse: collapse; width: 98.7077%; height: 14px;\" border=\"0\" width=\"162\" cellspacing=\"0\" cellpadding=\"0\">\n<tbody>\n<tr style=\"height: 14.40pt;\">\n<td style=\"height: 14px; width: 48.6pt;\" align=\"right\" width=\"81\" height=\"24\"><img loading=\"lazy\" decoding=\"async\" class=\"wp-image-7399 aligncenter\" src=\"https:\/\/fmp-components.com\/wp-content\/uploads\/2025\/03\/spur-gear-5.webp\" alt=\"kunststof tandwiel\" width=\"435\" height=\"290\" title=\"\" srcset=\"https:\/\/fmp-components.com\/wp-content\/uploads\/2025\/03\/spur-gear-5.webp 300w, https:\/\/fmp-components.com\/wp-content\/uploads\/2025\/03\/spur-gear-5-18x12.webp 18w\" sizes=\"(max-width: 435px) 100vw, 435px\" \/><\/td>\n<td style=\"width: 48.6pt; height: 14px;\" align=\"right\" width=\"81\"><img loading=\"lazy\" decoding=\"async\" class=\"wp-image-7400 aligncenter\" src=\"https:\/\/fmp-components.com\/wp-content\/uploads\/2025\/03\/spur-gear-4.webp\" alt=\"kunststof tandwiel\" width=\"410\" height=\"273\" title=\"\" srcset=\"https:\/\/fmp-components.com\/wp-content\/uploads\/2025\/03\/spur-gear-4.webp 300w, https:\/\/fmp-components.com\/wp-content\/uploads\/2025\/03\/spur-gear-4-18x12.webp 18w\" sizes=\"(max-width: 410px) 100vw, 410px\" \/><\/td>\n<\/tr>\n<\/tbody>\n<\/table>\n<h2>Specificatie<\/h2>\n<div class=\"row\">\n<div class=\"col-xs-12\">\n<div id=\"specifications\" class=\"pdct-table\">\n<div class=\"row\">\n<div class=\"col-xs-12 col-sm-6\">\n<div class=\"table-wrap\">\n<table class=\"table table-striped\" style=\"height: 400px; width: 100%; border-style: solid; border-color: #0f0b0b;\" border=\"1\">\n<thead>\n<tr>\n<th colspan=\"2\">Specificatie voor kunststof tandwielen met stalen kern<\/th>\n<\/tr>\n<\/thead>\n<tbody class=\"specification-table\">\n<tr>\n<td><b>Precisiegraad<\/b><\/td>\n<td>JIS-klasse N9 (JIS B1702-1: 1998) JIS-klasse 5 (JIS B1702: 1976)<\/td>\n<\/tr>\n<tr>\n<td><b>Tandwielen<\/b><\/td>\n<td>Standaard volledige diepte<\/td>\n<\/tr>\n<tr>\n<td><b>Drukhoek<\/b><\/td>\n<td>20\u00b0<\/td>\n<\/tr>\n<tr>\n<td><b>Materiaal<\/b><\/td>\n<td>MC602ST met S45C-kern<\/td>\n<\/tr>\n<tr>\n<td><b>Warmtebehandeling<\/b><\/td>\n<td>\u2014<\/td>\n<\/tr>\n<tr>\n<td><b>Tandhardheid<\/b><\/td>\n<td>(115 ~ 120HRR)<\/td>\n<\/tr>\n<\/tbody>\n<\/table>\n<\/div>\n<\/div>\n<div class=\"col-xs-12 col-sm-6\">\n<div class=\"table-wrap\"><span style=\"color: #333333; font-size: 26px;\">\u00a0<\/span><\/div>\n<\/div>\n<\/div>\n<\/div>\n<\/div>\n<\/div>\n<div id=\"table-wrap\">\n<div class=\"gear-rge\">\n<div class=\"table-responsive\">\n<table class=\"product-list-table table-striped table table-bordered\" style=\"height: 352px; width: 100%; border-style: solid; border-color: #0f0b0b;\" border=\"1\">\n<tbody>\n<tr class=\"product-names\" style=\"height: 44px;\">\n<th style=\"height: 44px;\" colspan=\"4\">Productnr. NSU1-50<\/th>\n<\/tr>\n<tr class=\"product-fields\" style=\"height: 44px;\">\n<th class=\"odd\" style=\"height: 44px;\">Module<\/th>\n<td class=\"odd\" style=\"height: 44px;\">1<\/td>\n<th class=\"even\" style=\"height: 44px;\">Aantal tanden<\/th>\n<td class=\"even\" style=\"height: 44px;\">50<\/td>\n<\/tr>\n<tr class=\"product-fields\" style=\"height: 44px;\">\n<th class=\"odd\" style=\"height: 44px;\">Vorm<\/th>\n<td class=\"odd\" style=\"height: 44px;\">S1<\/td>\n<th class=\"even\" style=\"height: 44px;\">Boring (A)<\/th>\n<td class=\"even\" style=\"height: 44px;\">10 mm<\/td>\n<\/tr>\n<tr class=\"product-fields\" style=\"height: 44px;\">\n<th class=\"odd\" style=\"height: 44px;\">Naafdiameter (B)<\/th>\n<td class=\"odd\" style=\"height: 44px;\">30 mm<\/td>\n<th class=\"even\" style=\"height: 44px;\">Steekdiameter (C)<\/th>\n<td class=\"even\" style=\"height: 44px;\">50 mm<\/td>\n<\/tr>\n<tr class=\"product-fields\" style=\"height: 44px;\">\n<th class=\"odd\" style=\"height: 44px;\">Buitendiameter (D)<\/th>\n<td class=\"odd\" style=\"height: 44px;\">52 mm<\/td>\n<th class=\"even\" style=\"height: 44px;\">Gezichtsbreedte (E)<\/th>\n<td class=\"even\" style=\"height: 44px;\">10 mm<\/td>\n<\/tr>\n<tr class=\"product-fields\" style=\"height: 44px;\">\n<th class=\"odd\" style=\"height: 44px;\">Naafbreedte (F)<\/th>\n<td class=\"odd\" style=\"height: 44px;\">10 mm<\/td>\n<th class=\"even\" style=\"height: 44px;\">Totale lengte (G)<\/th>\n<td class=\"even\" style=\"height: 44px;\">20 mm<\/td>\n<\/tr>\n<tr class=\"product-fields\" style=\"height: 44px;\">\n<th class=\"odd\" style=\"height: 44px;\">Diameter van de metalen kern<\/th>\n<td class=\"odd\" style=\"height: 44px;\">34<\/td>\n<th class=\"even\" style=\"height: 44px;\">Seriecode<\/th>\n<td class=\"even\" style=\"height: 44px;\">12<\/td>\n<\/tr>\n<tr class=\"product-fields\" style=\"height: 44px;\">\n<th class=\"odd\" style=\"height: 44px;\">Lage terugslag<\/th>\n<td class=\"odd\" style=\"height: 44px;\">0 mm<\/td>\n<th class=\"even\" style=\"height: 44px;\">Terugslag omhoog<\/th>\n<td class=\"even\" style=\"height: 44px;\">0,34 mm<\/td>\n<\/tr>\n<\/tbody>\n<\/table>\n<div>\n<table style=\"border-collapse: collapse; width: 98.7077%; height: 14px;\" border=\"0\" width=\"162\" cellspacing=\"0\" cellpadding=\"0\">\n<tbody>\n<tr style=\"height: 14.40pt;\">\n<td style=\"height: 14px; width: 48.6pt;\" align=\"right\" width=\"81\" height=\"24\"><img loading=\"lazy\" decoding=\"async\" class=\"wp-image-7402 aligncenter\" src=\"https:\/\/fmp-components.com\/wp-content\/uploads\/2025\/03\/spur-gear-7.webp\" alt=\"tandwiel\" width=\"353\" height=\"235\" title=\"\" srcset=\"https:\/\/fmp-components.com\/wp-content\/uploads\/2025\/03\/spur-gear-7.webp 300w, https:\/\/fmp-components.com\/wp-content\/uploads\/2025\/03\/spur-gear-7-18x12.webp 18w\" sizes=\"(max-width: 353px) 100vw, 353px\" \/><\/td>\n<td style=\"width: 48.6pt; height: 14px;\" align=\"right\" width=\"81\"><img loading=\"lazy\" decoding=\"async\" class=\"size-full wp-image-7403 aligncenter\" src=\"https:\/\/fmp-components.com\/wp-content\/uploads\/2025\/03\/spur-gear-6.webp\" alt=\"tandwiel\" width=\"300\" height=\"200\" title=\"\" srcset=\"https:\/\/fmp-components.com\/wp-content\/uploads\/2025\/03\/spur-gear-6.webp 300w, https:\/\/fmp-components.com\/wp-content\/uploads\/2025\/03\/spur-gear-6-18x12.webp 18w\" sizes=\"(max-width: 300px) 100vw, 300px\" \/><\/td>\n<\/tr>\n<\/tbody>\n<\/table>\n<h4>FMP: Uw bron voor kunststof tandwielen in Itali\u00eb<\/h4>\n<p class=\"break-words\">Op basis van jarenlange expertise produceert FMP een uitgebreide selectie kunststof <a href=\"https:\/\/fmp-components.com\/nl\/spur-gear-2\/\">tandwielen<\/a> Geschikt voor bedrijven in heel Itali\u00eb, van de industri\u00eble centra Milaan en Bologna tot de innovatiegedreven regio's Florence en Veneti\u00eb. Ons productassortiment omvat tandwielen in verschillende maten, met verschillende aantallen tanden en specificaties, zodat u zeker de perfecte oplossing voor uw project vindt.<\/p>\n<ul class=\"marker:text-secondary\">\n<li class=\"break-words\"><strong>Standaard kunststof tandwielen<\/strong>:Onze gebruiksklare tandwielen zijn leverbaar in verschillende configuraties en ontworpen voor naadloze integratie in uw systemen.<\/li>\n<li class=\"break-words\"><strong>Aangepaste kunststof tandwielen<\/strong>: Heeft u een uniek ontwerp nodig? FMP is gespecialiseerd in maatwerk. Of het nu gaat om een \u200b\u200bspecifieke module, pitch of materiaalvereiste, ons team werkt nauw met u samen om precies te leveren wat u nodig heeft.<\/li>\n<\/ul>\n<p class=\"break-words\">Onze online productcatalogus wordt voortdurend uitgebreid, maar als u niet precies het kunststof tandwiel vindt waarnaar u op zoek bent, maakt u zich dan geen zorgen: we hebben nog niet alle opties kunnen vermelden! Klanten in Milaan, Veneti\u00eb, Florence, Bologna of daarbuiten raden we aan rechtstreeks contact met ons op te nemen. Stuur ons gewoon een e-mail met de details van het gewenste model en onze deskundige technici reageren binnen 24 uur. <strong>24 uur<\/strong> met een oplossing op maat.<\/p>\n<\/div>\n<\/div>\n<\/div>\n<\/div>\n<h3>Verwante kunststof tandwielen<\/h3>\n<p><img loading=\"lazy\" decoding=\"async\" class=\"size-full wp-image-7409 aligncenter\" src=\"https:\/\/fmp-components.com\/wp-content\/uploads\/2025\/03\/ralated-plastic-spur-gear.webp\" alt=\"gerelateerd-kunststof-tandwiel\" width=\"900\" height=\"900\" title=\"\" srcset=\"https:\/\/fmp-components.com\/wp-content\/uploads\/2025\/03\/ralated-plastic-spur-gear.webp 900w, https:\/\/fmp-components.com\/wp-content\/uploads\/2025\/03\/ralated-plastic-spur-gear-480x480.webp 480w\" sizes=\"(min-width: 0px) and (max-width: 480px) 480px, (min-width: 481px) 900px, 100vw\" \/><\/p>\n<p>&nbsp;<\/p>","protected":false},"excerpt":{"rendered":"<p>High-Quality Plastic Spur Gears When it comes to reliable and efficient mechanical components, plastic spur gears stand out as a versatile and cost-effective solution. At FMP, we take pride in being a leading manufacturer of plastic spur gears, offering a wide range of standard products and bespoke solutions tailored to your specific requirements. Whether you&#8217;re [&hellip;]<\/p>","protected":false},"featured_media":7406,"comment_status":"open","ping_status":"closed","template":"","meta":{"_et_pb_use_builder":"","_et_pb_old_content":"","_et_gb_content_width":""},"product_brand":[],"product_cat":[109],"product_tag":[],"class_list":{"0":"post-7398","1":"product","2":"type-product","3":"status-publish","4":"has-post-thumbnail","6":"product_cat-spur-gear","8":"first","9":"instock","10":"shipping-taxable","11":"product-type-simple"},"_links":{"self":[{"href":"https:\/\/fmp-components.com\/nl\/wp-json\/wp\/v2\/product\/7398","targetHints":{"allow":["GET"]}}],"collection":[{"href":"https:\/\/fmp-components.com\/nl\/wp-json\/wp\/v2\/product"}],"about":[{"href":"https:\/\/fmp-components.com\/nl\/wp-json\/wp\/v2\/types\/product"}],"replies":[{"embeddable":true,"href":"https:\/\/fmp-components.com\/nl\/wp-json\/wp\/v2\/comments?post=7398"}],"wp:featuredmedia":[{"embeddable":true,"href":"https:\/\/fmp-components.com\/nl\/wp-json\/wp\/v2\/media\/7406"}],"wp:attachment":[{"href":"https:\/\/fmp-components.com\/nl\/wp-json\/wp\/v2\/media?parent=7398"}],"wp:term":[{"taxonomy":"product_brand","embeddable":true,"href":"https:\/\/fmp-components.com\/nl\/wp-json\/wp\/v2\/product_brand?post=7398"},{"taxonomy":"product_cat","embeddable":true,"href":"https:\/\/fmp-components.com\/nl\/wp-json\/wp\/v2\/product_cat?post=7398"},{"taxonomy":"product_tag","embeddable":true,"href":"https:\/\/fmp-components.com\/nl\/wp-json\/wp\/v2\/product_tag?post=7398"}],"curies":[{"name":"wp","href":"https:\/\/api.w.org\/{rel}","templated":true}]}}