{"id":7390,"date":"2025-03-25T02:48:22","date_gmt":"2025-03-25T02:48:22","guid":{"rendered":"https:\/\/fmp-components.com\/?post_type=product&#038;p=7390"},"modified":"2025-03-26T08:40:29","modified_gmt":"2025-03-26T08:40:29","slug":"tractor-spur-gears","status":"publish","type":"product","link":"https:\/\/fmp-components.com\/nl\/product\/tractor-spur-gears\/","title":{"rendered":"Tractor tandwielen"},"content":{"rendered":"<div>\n<h3>De rol van tandwielen in tractoren<\/h3>\n<p class=\"break-words\">Als het gaat om de robuuste machines die de landbouwgebieden van Itali\u00eb aandrijven \u2013 zoals de vruchtbare velden bij Milaan, de glooiende heuvels van Toscane rond Florence of de productieve vlaktes van Bologna \u2013 zijn tractoren onmisbaar. De kern van deze machines wordt gevormd door een cruciaal onderdeel: de <a href=\"https:\/\/fmp-components.com\/nl\/spur-gear-2\/\">tandwiel<\/a>Als toonaangevende fabrikant van hoogwaardige tandwielen ondersteunt FMP Company met trots industrie\u00ebn in heel Itali\u00eb, van Veneti\u00eb tot Florence, met nauwkeurig ontworpen oplossingen op maat voor tractortoepassingen en meer.<\/p>\n<table style=\"border-collapse: collapse; width: 97.3608%; height: 31px;\" border=\"0\" width=\"243\" cellspacing=\"0\" cellpadding=\"0\">\n<tbody>\n<tr style=\"height: 14.40pt;\">\n<td style=\"height: 14.40pt; width: 48.60pt;\" align=\"right\" width=\"81\" height=\"24\">\u00a0<img loading=\"lazy\" decoding=\"async\" class=\"size-full wp-image-7393 aligncenter\" src=\"https:\/\/fmp-components.com\/wp-content\/uploads\/2025\/03\/spur-gear-in-tractor-2.webp\" alt=\"tandwiel in tractor\" width=\"800\" height=\"800\" title=\"\" srcset=\"https:\/\/fmp-components.com\/wp-content\/uploads\/2025\/03\/spur-gear-in-tractor-2.webp 800w, https:\/\/fmp-components.com\/wp-content\/uploads\/2025\/03\/spur-gear-in-tractor-2-480x480.webp 480w\" sizes=\"(min-width: 0px) and (max-width: 480px) 480px, (min-width: 481px) 800px, 100vw\" \/><\/td>\n<td style=\"width: 48.60pt;\" align=\"right\" width=\"81\"><img loading=\"lazy\" decoding=\"async\" class=\"size-full wp-image-7394 aligncenter\" src=\"https:\/\/fmp-components.com\/wp-content\/uploads\/2025\/03\/spur-gear-in-tractor-3.webp\" alt=\"tandwiel in tractor\" width=\"800\" height=\"800\" title=\"\" srcset=\"https:\/\/fmp-components.com\/wp-content\/uploads\/2025\/03\/spur-gear-in-tractor-3.webp 800w, https:\/\/fmp-components.com\/wp-content\/uploads\/2025\/03\/spur-gear-in-tractor-3-480x480.webp 480w\" sizes=\"(min-width: 0px) and (max-width: 480px) 480px, (min-width: 481px) 800px, 100vw\" \/><\/td>\n<td style=\"width: 48.60pt;\" align=\"right\" width=\"81\"><img loading=\"lazy\" decoding=\"async\" class=\"size-full wp-image-7392 aligncenter\" src=\"https:\/\/fmp-components.com\/wp-content\/uploads\/2025\/03\/spur-gear-in-tractor-1.webp\" alt=\"tandwiel in tractor\" width=\"800\" height=\"800\" title=\"\" srcset=\"https:\/\/fmp-components.com\/wp-content\/uploads\/2025\/03\/spur-gear-in-tractor-1.webp 800w, https:\/\/fmp-components.com\/wp-content\/uploads\/2025\/03\/spur-gear-in-tractor-1-480x480.webp 480w\" sizes=\"(min-width: 0px) and (max-width: 480px) 480px, (min-width: 481px) 800px, 100vw\" \/><\/td>\n<\/tr>\n<\/tbody>\n<\/table>\n<\/div>\n<h3>Specificaties<\/h3>\n<table style=\"width: 103.5%; height: 281px;\" border=\"1\">\n<tbody>\n<tr>\n<td style=\"width: 33.1311%;\"><strong>Productnaam<\/strong><\/td>\n<td style=\"width: 66.1408%;\">Tractor tandwiel met 17 tandwielen<\/td>\n<\/tr>\n<tr>\n<td style=\"width: 33.1311%;\"><strong>Sollicitatie\u00a0<\/strong><\/td>\n<td style=\"width: 66.1408%;\">Tractor<\/td>\n<\/tr>\n<tr>\n<td style=\"width: 33.1311%;\"><strong>Materialen<\/strong><\/td>\n<td style=\"width: 66.1408%;\">Staal<\/td>\n<\/tr>\n<tr>\n<td style=\"width: 33.1311%;\"><strong>Maat<\/strong><\/td>\n<td style=\"width: 66.1408%;\">5 cm * 9 cm * 9 cm<\/td>\n<\/tr>\n<tr>\n<td style=\"width: 33.1311%;\"><strong>Gewicht<\/strong><\/td>\n<td style=\"width: 66.1408%;\">0,87 kg<\/td>\n<\/tr>\n<tr>\n<td style=\"width: 33.1311%;\"><strong>OEM\u00a0<\/strong><\/td>\n<td style=\"width: 66.1408%;\">50-1701212A<\/td>\n<\/tr>\n<tr>\n<td style=\"width: 33.1311%;\"><strong>Minimale bestelhoeveelheid<\/strong><\/td>\n<td style=\"width: 66.1408%;\">30<\/td>\n<\/tr>\n<tr>\n<td style=\"width: 33.1311%;\"><strong>Diameter<\/strong><\/td>\n<td style=\"width: 66.1408%;\">9 cm<\/td>\n<\/tr>\n<tr>\n<td style=\"width: 33.1311%;\"><strong>Kwaliteit<\/strong><\/td>\n<td style=\"width: 66.1408%;\">100%getest<\/td>\n<\/tr>\n<tr>\n<td style=\"width: 33.1311%;\"><strong>Verpakking<\/strong><\/td>\n<td style=\"width: 66.1408%;\">Karton<\/td>\n<\/tr>\n<\/tbody>\n<\/table>\n<div>\n<h2>Tandwielen in tractormachines<\/h2>\n<p class=\"break-words\">In tractoren spelen tandwielen een cruciale rol in het transmissiesysteem en zorgen ze voor een soepele krachtoverbrenging van de motor naar de wielen. Onze tandwielen, zoals die gebruikt worden in metallurgische onderdelen, tractormachines en poederbewerkingstoepassingen, zijn bijvoorbeeld met precisie (ISO6-nauwkeurigheid) ontworpen om de veeleisende omstandigheden van agrarisch werk aan te kunnen. Dit is hoe ze bijdragen:<\/p>\n<ul class=\"marker:text-secondary\">\n<li class=\"break-words\"><strong>Krachtoverbrenging<\/strong>Tandwielen brengen rotatie-energie effici\u00ebnt over tussen parallelle assen, waardoor de wielen en aanbouwdelen van de tractor worden aangedreven.<\/li>\n<li class=\"break-words\"><strong>Duurzaamheid<\/strong>Onze tandwielen zijn gemaakt van robuuste materialen zoals 16MnCrn5 en door middel van carbonisatie warmtebehandeld tot een hardheid van 58-62 HRC, waardoor ze bestand zijn tegen de slijtage van zware taken.<\/li>\n<li class=\"break-words\"><strong>Precisie<\/strong>Met een module van 4,6 en een drukhoek van 20\u00b0 zijn onze tandwielen voorzien van profiel- en spoedaanpassingen (K-grafiek geoptimaliseerd) voor minimale geluidsoverlast en maximale effici\u00ebntie.<\/li>\n<\/ul>\n<p class=\"break-words\">Van de wijngaarden van Florence tot de industri\u00eble centra van Milaan, Italiaanse boeren en fabrikanten vertrouwen op tractoren met betrouwbare tandwieloverbrengingen om de productiviteit te behouden. Of het nu gaat om het ploegen van velden in de buurt van Bologna of het vervoeren van goederen in Veneti\u00eb, deze tandwieloverbrengingen garanderen constante prestaties.<\/p>\n<div>\n<h4>Waarom kiezen voor FMP Company voor tandwielen?<\/h4>\n<p class=\"break-words\">Bij FMP zijn we gespecialiseerd in de productie van een breed scala aan tandwielen, afgestemd op diverse industrie\u00ebn, waaronder de landbouw. \u200b\u200bOns productassortiment omvat zowel standaardontwerpen als volledig aanpasbare opties om aan uw specifieke behoeften te voldoen. Dankzij onze jarenlange expertise bedienen we klanten in heel Itali\u00eb en zorgen we ervoor dat bedrijven in Milaan, Veneti\u00eb, Florence, Bologna en daarbuiten toegang hebben tot componenten van topkwaliteit.<\/p>\n<ul class=\"marker:text-secondary\">\n<li class=\"break-words\"><strong>Verscheidenheid<\/strong>Wij produceren tandwielen voor tractoren, metallurgische apparatuur en meer, allemaal vervaardigd met precisie en zorg.<\/li>\n<li class=\"break-words\"><strong>Aanpassing<\/strong>Zoekt u een uniek onderdeel voor uw tractor? Wij accepteren maatwerkbestellingen die precies aan uw specificaties voldoen.<\/li>\n<li class=\"break-words\"><strong>Steun<\/strong>Staat het model dat u zoekt niet in onze productlijst? Geen probleem! Het is mogelijk dat het nog niet is toegevoegd. Stuur ons een e-mail met uw wensen en onze engineers zullen binnen 24 uur met een oplossing reageren.<\/li>\n<\/ul>\n<p class=\"break-words\">De Italiaanse landbouwsector floreert dankzij innovatie en betrouwbaarheid, en FMP is er trots op hieraan bij te dragen. Bij FMP zetten we ons in om uw succes mogelijk te maken \u2013 stap voor stap.<\/p>\n<\/div>\n<\/div>","protected":false},"excerpt":{"rendered":"<p>The Role of Spur Gears in Tractors When it comes to the robust machinery powering Italy\u2019s agricultural heartlands\u2014such as the fertile fields near Milan, the rolling hills of Tuscany around Florence, or the productive plains of Bologna\u2014tractors are indispensable. At the core of these machines lies a critical component: the spur gear. As a leading [&hellip;]<\/p>","protected":false},"featured_media":7393,"comment_status":"open","ping_status":"closed","template":"","meta":{"_et_pb_use_builder":"","_et_pb_old_content":"","_et_gb_content_width":""},"product_brand":[],"product_cat":[109],"product_tag":[],"class_list":{"0":"post-7390","1":"product","2":"type-product","3":"status-publish","4":"has-post-thumbnail","6":"product_cat-spur-gear","8":"first","9":"instock","10":"shipping-taxable","11":"product-type-simple"},"_links":{"self":[{"href":"https:\/\/fmp-components.com\/nl\/wp-json\/wp\/v2\/product\/7390","targetHints":{"allow":["GET"]}}],"collection":[{"href":"https:\/\/fmp-components.com\/nl\/wp-json\/wp\/v2\/product"}],"about":[{"href":"https:\/\/fmp-components.com\/nl\/wp-json\/wp\/v2\/types\/product"}],"replies":[{"embeddable":true,"href":"https:\/\/fmp-components.com\/nl\/wp-json\/wp\/v2\/comments?post=7390"}],"wp:featuredmedia":[{"embeddable":true,"href":"https:\/\/fmp-components.com\/nl\/wp-json\/wp\/v2\/media\/7393"}],"wp:attachment":[{"href":"https:\/\/fmp-components.com\/nl\/wp-json\/wp\/v2\/media?parent=7390"}],"wp:term":[{"taxonomy":"product_brand","embeddable":true,"href":"https:\/\/fmp-components.com\/nl\/wp-json\/wp\/v2\/product_brand?post=7390"},{"taxonomy":"product_cat","embeddable":true,"href":"https:\/\/fmp-components.com\/nl\/wp-json\/wp\/v2\/product_cat?post=7390"},{"taxonomy":"product_tag","embeddable":true,"href":"https:\/\/fmp-components.com\/nl\/wp-json\/wp\/v2\/product_tag?post=7390"}],"curies":[{"name":"wp","href":"https:\/\/api.w.org\/{rel}","templated":true}]}}