{"id":3523,"date":"2025-01-08T02:46:25","date_gmt":"2025-01-08T02:46:25","guid":{"rendered":"https:\/\/fmp-components.com\/?page_id=8"},"modified":"2025-01-08T02:46:25","modified_gmt":"2025-01-08T02:46:25","slug":"tenv-stainless-steel-washdown-nema-motor-with-single-capacitor","status":"publish","type":"product","link":"https:\/\/fmp-components.com\/nl\/product\/tenv-stainless-steel-washdown-nema-motor-with-single-capacitor\/","title":{"rendered":"TENV roestvrijstalen washdown NEMA-motor met enkele condensator"},"content":{"rendered":"<p style=\"text-align: center;\"><span style=\"font-size: 18pt;\">TENV roestvrijstalen washdown NEMA-motor met enkele condensator<\/span><\/p>\n<p>Wasbare NEMA-motor C-serie roestvrijstalen wasbare motor is ontworpen en vervaardigd volgens de C-norm. 80-132m.0.18kw-1 5kW roestvrijstalen frame op alle externe oppervlakken<br \/>\nToepassing: Voedselverwerking, verpakking, buitenomgevingen en zeer corrosieve omgevingen<br \/>\nKenmerken: alle buitenoppervlakken van roestvrijstalen motorframes, eindplaten, kabeldozen, assen en voetstukken, vier condensaatafvoeren in elke eindplaat, lipafdichtingen voor kabeldoospakkingen. De motor is met name geschikt voor zeer corrosieve omgevingen waar verf of andere oppervlaktebehandelingen de werkomstandigheden niet kunnen handhaven: de motor is ontworpen en geproduceerd volgens IEC-normen en alle buitenoppervlakken zijn van roestvrij staal, wat zeer geschikt is voor de aandrijving van voedselverwerking, verpakking, buitengebruik en zeer corrosieve omgevingen.<\/p>\n<p><img loading=\"lazy\" decoding=\"async\" class=\"alignnone  wp-image-3524\" src=\"https:\/\/fmp-components.com\/wp-content\/uploads\/2025\/01\/ep_10.stainless-steel-motor-2.webp\" alt=\"fmp_10.roestvrijstalen-motor-2\" width=\"913\" height=\"398\" title=\"\" srcset=\"https:\/\/fmp-components.com\/wp-content\/uploads\/2025\/01\/ep_10.stainless-steel-motor-2.webp 913w, https:\/\/fmp-components.com\/wp-content\/uploads\/2025\/01\/ep_10.stainless-steel-motor-2-480x209.webp 480w\" sizes=\"(min-width: 0px) and (max-width: 480px) 480px, (min-width: 481px) 913px, 100vw\" \/><\/p>\n<table style=\"width: 99.7378%;\" border=\"1\">\n<tbody>\n<tr>\n<td style=\"width: 7.20461%;\"><strong>Kader\u00a0<\/strong><\/td>\n<td style=\"width: 3.31412%;\"><strong>A<\/strong><\/td>\n<td style=\"width: 4.46686%;\"><strong>BB<\/strong><\/td>\n<td style=\"width: 4.46686%;\"><strong>BA<\/strong><\/td>\n<td style=\"width: 4.46686%;\"><strong>NW<\/strong><\/td>\n<td style=\"width: 5.6196%;\"><strong>jij<\/strong><\/td>\n<td style=\"width: 5.6196%;\"><strong>R<\/strong><\/td>\n<td style=\"width: 5.6196%;\"><strong>S<\/strong><\/td>\n<td style=\"width: 4.46686%;\"><strong>ES<\/strong><\/td>\n<td style=\"width: 4.46686%;\"><strong>E<\/strong><\/td>\n<td style=\"width: 2.88184%;\"><strong>2F<\/strong><\/td>\n<td style=\"width: 4.46686%;\"><strong>B<\/strong><\/td>\n<td style=\"width: 4.46686%;\"><strong>H<\/strong><\/td>\n<td style=\"width: 5.76369%;\"><strong>vriendje<\/strong><\/td>\n<td style=\"width: 5.6196%;\"><strong>AJ<\/strong><\/td>\n<td style=\"width: 3.45821%;\"><strong>AK<\/strong><\/td>\n<td style=\"width: 4.46686%;\"><strong>P<\/strong><\/td>\n<td style=\"width: 4.46686%;\"><strong>AB<\/strong><\/td>\n<td style=\"width: 5.6196%;\"><strong>D<\/strong><\/td>\n<td style=\"width: 38.0403%;\"><strong>O<\/strong><\/td>\n<\/tr>\n<tr>\n<td style=\"width: 7.20461%;\">56C<\/td>\n<td style=\"width: 3.31412%;\">6.5<\/td>\n<td style=\"width: 4.46686%;\">0.16<\/td>\n<td style=\"width: 4.46686%;\">2.75<\/td>\n<td style=\"width: 4.46686%;\">1.88<\/td>\n<td style=\"width: 5.6196%;\">0.625<\/td>\n<td style=\"width: 5.6196%;\">0.517<\/td>\n<td style=\"width: 5.6196%;\">0.188<\/td>\n<td style=\"width: 4.46686%;\">1.41<\/td>\n<td style=\"width: 4.46686%;\">2.44<\/td>\n<td style=\"width: 2.88184%;\">3<\/td>\n<td style=\"width: 4.46686%;\">3.87<\/td>\n<td style=\"width: 4.46686%;\">0.34<\/td>\n<td style=\"width: 5.76369%;\">3\/8-16<\/td>\n<td style=\"width: 5.6196%;\">5.875<\/td>\n<td style=\"width: 3.45821%;\">4.5<\/td>\n<td style=\"width: 4.46686%;\">6.46<\/td>\n<td style=\"width: 4.46686%;\">5.79<\/td>\n<td style=\"width: 5.6196%;\">3.504<\/td>\n<td style=\"width: 38.0403%;\">8.51<\/td>\n<\/tr>\n<tr>\n<td style=\"width: 7.20461%;\">143TC<\/td>\n<td style=\"width: 3.31412%;\">6.5<\/td>\n<td style=\"width: 4.46686%;\">0.16<\/td>\n<td style=\"width: 4.46686%;\">2.75<\/td>\n<td style=\"width: 4.46686%;\">2.25<\/td>\n<td style=\"width: 5.6196%;\">0.771<\/td>\n<td style=\"width: 5.6196%;\">0.771<\/td>\n<td style=\"width: 5.6196%;\">0.188<\/td>\n<td style=\"width: 4.46686%;\">1.41<\/td>\n<td style=\"width: 4.46686%;\">2.75<\/td>\n<td style=\"width: 2.88184%;\">4<\/td>\n<td style=\"width: 4.46686%;\">4.87<\/td>\n<td style=\"width: 4.46686%;\">4.87<\/td>\n<td style=\"width: 5.76369%;\">3\/8-16<\/td>\n<td style=\"width: 5.6196%;\">5.875<\/td>\n<td style=\"width: 3.45821%;\">4.5<\/td>\n<td style=\"width: 4.46686%;\">6.46<\/td>\n<td style=\"width: 4.46686%;\">5.79<\/td>\n<td style=\"width: 5.6196%;\">3.504<\/td>\n<td style=\"width: 38.0403%;\">8.51<\/td>\n<\/tr>\n<tr>\n<td style=\"width: 7.20461%;\">145TC<\/td>\n<td style=\"width: 3.31412%;\">6.5<\/td>\n<td style=\"width: 4.46686%;\">0.16<\/td>\n<td style=\"width: 4.46686%;\">2.75<\/td>\n<td style=\"width: 4.46686%;\">2.25<\/td>\n<td style=\"width: 5.6196%;\">0.771<\/td>\n<td style=\"width: 5.6196%;\">0.771<\/td>\n<td style=\"width: 5.6196%;\">0.188<\/td>\n<td style=\"width: 4.46686%;\">1.41<\/td>\n<td style=\"width: 4.46686%;\">2.75<\/td>\n<td style=\"width: 2.88184%;\">5<\/td>\n<td style=\"width: 4.46686%;\">5.87<\/td>\n<td style=\"width: 4.46686%;\">5.87<\/td>\n<td style=\"width: 5.76369%;\">3\/8-16<\/td>\n<td style=\"width: 5.6196%;\">5.875<\/td>\n<td style=\"width: 3.45821%;\">4.5<\/td>\n<td style=\"width: 4.46686%;\">6.46<\/td>\n<td style=\"width: 4.46686%;\">5.79<\/td>\n<td style=\"width: 5.6196%;\">3.504<\/td>\n<td style=\"width: 38.0403%;\">8.51<\/td>\n<\/tr>\n<\/tbody>\n<\/table>\n<h2>Kenmerk van de roestvrijstalen NEMA-motor<\/h2>\n<ul>\n<li>1\/2 \u2013 30 pk (driefase), 1\/2 \u2013 1 pk (eenfase)<\/li>\n<li>56C \u2013 286tc frame<\/li>\n<li>115\/230, 230\/460, 575 Volt<\/li>\n<li>Bijlage: tefc \/tenv<\/li>\n<li>IP69-water<\/li>\n<li>Beschikbare omvormerwerking<\/li>\n<li>Volledig roestvrijstalen constructie<\/li>\n<li>Epoxyhars ingekapselde wikkel- en leidingdoos<\/li>\n<li>Twee mechanische afdichtingen op de uitgaande as<\/li>\n<li>360 graden draaibare aansluitdoos (drie fasen)<\/li>\n<li>Lasermarkering naamplaatje<\/li>\n<li>Onafhankelijke laspoot<\/li>\n<li>Gepolijste roestvrijstalen afwerking<\/li>\n<li>3 jaar garantie<\/li>\n<\/ul>\n<h2>Toepassingen van roestvrijstalen NEMA-motoren<\/h2>\n<ol>\n<li><strong>Voedings- en drankenindustrie<\/strong><br \/>\nNEMA-motoren van roestvrij staal worden veel gebruikt in de voedingsmiddelen- en drankenindustrie vanwege hun corrosiebestendigheid en eenvoudige reiniging. Deze motoren drijven apparatuur aan zoals mixers, pompen, transportbanden en bottelmachines en zorgen voor een betrouwbare werking in omgevingen waar hygi\u00ebne en hygi\u00ebne essentieel zijn. De corrosiebestendigheid van roestvrij staal maakt deze motoren ideaal voor de verwerking van materialen die geschikt zijn voor levensmiddelen, terwijl hun reinigingsmogelijkheden een grondige reiniging na elke productiecyclus mogelijk maken.<\/li>\n<li><strong>Farmaceutische en chemische industrie<\/strong><br \/>\nIn de farmaceutische en chemische industrie, waar blootstelling aan agressieve chemicali\u00ebn en frequente reiniging een probleem vormen, zijn roestvrijstalen NEMA-motoren van onschatbare waarde. Deze motoren worden gebruikt in mengers, roerwerken en pompen die gevoelige of corrosieve stoffen verwerken. De roestvrijstalen constructie zorgt ervoor dat de motor bestand is tegen zware omstandigheden en chemicali\u00ebn zonder aan te tasten, terwijl hij voldoet aan de industri\u00eble hygi\u00ebne- en veiligheidsnormen.<\/li>\n<li><strong>Water- en afvalwaterbehandeling<\/strong><br \/>\nRoestvrijstalen NEMA-motoren zijn essentieel in water- en afvalwaterzuiveringsinstallaties. Ze worden gebruikt in pompen, mixers, beluchters en filtratiesystemen, waar ze worden blootgesteld aan vocht, water en vaak corrosieve chemicali\u00ebn. De roestvrijstalen behuizing biedt bescherming tegen corrosie en garandeert langdurige prestaties en betrouwbaarheid in zware, natte omgevingen. De duurzaamheid van de motoren zorgt ervoor dat ze consistente prestaties leveren onder uitdagende omstandigheden, wat bijdraagt \u200b\u200baan de effici\u00ebntie van waterzuiveringsinstallaties.<\/li>\n<li><strong>Maritieme en offshore toepassingen<\/strong><br \/>\nIn maritieme en offshore-omgevingen wordt apparatuur regelmatig blootgesteld aan zout water en een hoge luchtvochtigheid, wat kan leiden tot snelle corrosie van standaardmotoren. Roestvrijstalen NEMA-motoren zijn speciaal ontworpen voor dergelijke zware omstandigheden en bieden een superieure weerstand tegen corrosie en slijtage. Deze motoren worden gebruikt in pompen, lieren en andere maritieme apparatuur en garanderen een betrouwbare werking in veeleisende omgevingen zoals schepen, offshoreplatforms en kustinstallaties.<\/li>\n<li><strong>Landbouw- en industri\u00eble toepassingen<\/strong><br \/>\nNEMA-motoren van roestvrij staal worden steeds vaker gebruikt in agrarische en industri\u00eble toepassingen waar de motor kan worden blootgesteld aan vuil, vocht en corrosieve elementen. Ze worden gebruikt in graanverwerkingssystemen, irrigatiepompen en landbouwmachines, waar hun robuuste constructie en corrosiebestendigheid zorgen voor een langere levensduur en betrouwbaarheid. Deze motoren worden ook gebruikt in industri\u00eble machines zoals transportbanden en verpakkingslijnen, waardoor ze een continue werking garanderen in omgevingen die regelmatig moeten worden gereinigd en onderhouden.<\/li>\n<\/ol>\n<p><img loading=\"lazy\" decoding=\"async\" class=\"alignnone  wp-image-3525\" src=\"https:\/\/fmp-components.com\/wp-content\/uploads\/2025\/01\/ep_steel-motor-application-2.webp\" alt=\"fmp_steel-motor-applicatie-2\" width=\"924\" height=\"601\" title=\"\" srcset=\"https:\/\/fmp-components.com\/wp-content\/uploads\/2025\/01\/ep_steel-motor-application-2.webp 924w, https:\/\/fmp-components.com\/wp-content\/uploads\/2025\/01\/ep_steel-motor-application-2-480x312.webp 480w\" sizes=\"(min-width: 0px) and (max-width: 480px) 480px, (min-width: 481px) 924px, 100vw\" \/><\/p>\n<h2>Gerelateerde roestvrijstalen motor<\/h2>\n<table border=\"1\" width=\"100%\" cellspacing=\"0\" cellpadding=\"0\">\n<tbody>\n<tr>\n<td align=\"right\" width=\"64\" height=\"18\"><img loading=\"lazy\" decoding=\"async\" class=\"alignnone size-full wp-image-3507\" src=\"https:\/\/fmp-components.com\/wp-content\/uploads\/2025\/01\/ep_stainless-steel-motor-1.webp\" sizes=\"(max-width: 379px) 100vw, 379px\" srcset=\"https:\/\/fmp-components.com\/wp-content\/uploads\/2025\/01\/ep_stainless-steel-motor-1.webp 379w, https:\/\/fmp-components.com\/wp-content\/uploads\/2025\/01\/ep_stainless-steel-motor-1-300x200.webp 300w, https:\/\/fmp-components.com\/wp-content\/uploads\/2025\/01\/ep_stainless-steel-motor-1-18x12.webp 18w\" alt=\"roestvrijstalen motor\" width=\"379\" height=\"253\" title=\"\"><\/td>\n<td align=\"right\" width=\"64\"><img loading=\"lazy\" decoding=\"async\" class=\"alignnone size-full wp-image-3508\" src=\"https:\/\/fmp-components.com\/wp-content\/uploads\/2025\/01\/ep_stainless-steel-motor-2-2.webp\" sizes=\"(max-width: 379px) 100vw, 379px\" srcset=\"https:\/\/fmp-components.com\/wp-content\/uploads\/2025\/01\/ep_stainless-steel-motor-2-2.webp 379w, https:\/\/fmp-components.com\/wp-content\/uploads\/2025\/01\/ep_stainless-steel-motor-2-2-300x200.webp 300w, https:\/\/fmp-components.com\/wp-content\/uploads\/2025\/01\/ep_stainless-steel-motor-2-2-18x12.webp 18w\" alt=\"roestvrijstalen motor\" width=\"379\" height=\"253\" title=\"\"><\/td>\n<td align=\"right\" width=\"64\"><img loading=\"lazy\" decoding=\"async\" class=\"alignnone size-full wp-image-3509\" src=\"https:\/\/fmp-components.com\/wp-content\/uploads\/2025\/01\/ep_stainless-steel-motor-6.webp\" sizes=\"(max-width: 379px) 100vw, 379px\" srcset=\"https:\/\/fmp-components.com\/wp-content\/uploads\/2025\/01\/ep_stainless-steel-motor-6.webp 379w, https:\/\/fmp-components.com\/wp-content\/uploads\/2025\/01\/ep_stainless-steel-motor-6-300x200.webp 300w, https:\/\/fmp-components.com\/wp-content\/uploads\/2025\/01\/ep_stainless-steel-motor-6-18x12.webp 18w\" alt=\"roestvrijstalen motor\" width=\"379\" height=\"253\" title=\"\"><\/td>\n<td align=\"right\" width=\"64\"><img loading=\"lazy\" decoding=\"async\" class=\"alignnone size-full wp-image-3510\" src=\"https:\/\/fmp-components.com\/wp-content\/uploads\/2025\/01\/ep_stainless-steel-motor-300x200-1.webp\" sizes=\"(max-width: 300px) 100vw, 300px\" srcset=\"https:\/\/fmp-components.com\/wp-content\/uploads\/2025\/01\/ep_stainless-steel-motor-300x200-1.webp 300w, https:\/\/fmp-components.com\/wp-content\/uploads\/2025\/01\/ep_stainless-steel-motor-300x200-1-18x12.webp 18w\" alt=\"roestvrijstalen motor\" width=\"300\" height=\"200\" title=\"\"><\/td>\n<\/tr>\n<tr>\n<td align=\"right\" height=\"18\">Permanente magneetmotor van roestvrij staal<\/td>\n<td align=\"right\">Watergekoelde roestvrijstalen motor<\/td>\n<td align=\"right\">Elektromotor voor de voedingsindustrie<\/td>\n<td align=\"right\">Motor van roestvrij staal<\/td>\n<\/tr>\n<tr>\n<td align=\"right\" height=\"18\"><img loading=\"lazy\" decoding=\"async\" class=\"alignnone size-full wp-image-3511\" src=\"https:\/\/fmp-components.com\/wp-content\/uploads\/2025\/01\/ep_stainless-steel-motor-4.webp\" sizes=\"(max-width: 379px) 100vw, 379px\" srcset=\"https:\/\/fmp-components.com\/wp-content\/uploads\/2025\/01\/ep_stainless-steel-motor-4.webp 379w, https:\/\/fmp-components.com\/wp-content\/uploads\/2025\/01\/ep_stainless-steel-motor-4-300x200.webp 300w, https:\/\/fmp-components.com\/wp-content\/uploads\/2025\/01\/ep_stainless-steel-motor-4-18x12.webp 18w\" alt=\"roestvrijstalen motor\" width=\"379\" height=\"253\" title=\"\"><\/td>\n<td align=\"right\"><img loading=\"lazy\" decoding=\"async\" class=\"alignnone size-full wp-image-3512\" src=\"https:\/\/fmp-components.com\/wp-content\/uploads\/2025\/01\/ep_stainless-steel-motor-3.webp\" sizes=\"(max-width: 379px) 100vw, 379px\" srcset=\"https:\/\/fmp-components.com\/wp-content\/uploads\/2025\/01\/ep_stainless-steel-motor-3.webp 379w, https:\/\/fmp-components.com\/wp-content\/uploads\/2025\/01\/ep_stainless-steel-motor-3-300x200.webp 300w, https:\/\/fmp-components.com\/wp-content\/uploads\/2025\/01\/ep_stainless-steel-motor-3-18x12.webp 18w\" alt=\"roestvrijstalen motor\" width=\"379\" height=\"253\" title=\"\"><\/td>\n<td align=\"right\"><img loading=\"lazy\" decoding=\"async\" class=\"alignnone size-full wp-image-3513\" src=\"https:\/\/fmp-components.com\/wp-content\/uploads\/2025\/01\/ep_stainless-steel-motor-5.webp\" sizes=\"(max-width: 379px) 100vw, 379px\" srcset=\"https:\/\/fmp-components.com\/wp-content\/uploads\/2025\/01\/ep_stainless-steel-motor-5.webp 379w, https:\/\/fmp-components.com\/wp-content\/uploads\/2025\/01\/ep_stainless-steel-motor-5-300x200.webp 300w, https:\/\/fmp-components.com\/wp-content\/uploads\/2025\/01\/ep_stainless-steel-motor-5-18x12.webp 18w\" alt=\"roestvrijstalen motor\" width=\"379\" height=\"253\" title=\"\"><\/td>\n<td align=\"right\"><img loading=\"lazy\" decoding=\"async\" class=\"alignnone size-full wp-image-3514\" src=\"https:\/\/fmp-components.com\/wp-content\/uploads\/2025\/01\/ep_stainless-steel-motor-6-1.webp\" sizes=\"(max-width: 379px) 100vw, 379px\" srcset=\"https:\/\/fmp-components.com\/wp-content\/uploads\/2025\/01\/ep_stainless-steel-motor-6-1.webp 379w, https:\/\/fmp-components.com\/wp-content\/uploads\/2025\/01\/ep_stainless-steel-motor-6-1-300x200.webp 300w, https:\/\/fmp-components.com\/wp-content\/uploads\/2025\/01\/ep_stainless-steel-motor-6-1-18x12.webp 18w\" alt=\"roestvrijstalen motor\" width=\"379\" height=\"253\" title=\"\"><\/td>\n<\/tr>\n<tr>\n<td align=\"right\" height=\"18\">IEC ge\u00ebmulgeerde voedingsmachines AC-motor<\/td>\n<td align=\"right\">NEMA 56C asynchrone motor<\/td>\n<td align=\"right\">IEC roestvrijstalen AC-motor<\/td>\n<td>IEC volledig roestvrijstalen hoogrendementsmotor<\/td>\n<\/tr>\n<tr>\n<td align=\"right\" width=\"64\" height=\"18\"><img loading=\"lazy\" decoding=\"async\" class=\"alignnone size-full wp-image-3515\" src=\"https:\/\/fmp-components.com\/wp-content\/uploads\/2025\/01\/ep_stainless-steel-motor-2.webp\" sizes=\"(max-width: 379px) 100vw, 379px\" srcset=\"https:\/\/fmp-components.com\/wp-content\/uploads\/2025\/01\/ep_stainless-steel-motor-2.webp 379w, https:\/\/fmp-components.com\/wp-content\/uploads\/2025\/01\/ep_stainless-steel-motor-2-300x200.webp 300w, https:\/\/fmp-components.com\/wp-content\/uploads\/2025\/01\/ep_stainless-steel-motor-2-18x12.webp 18w\" alt=\"roestvrijstalen motor\" width=\"379\" height=\"253\" title=\"\"><\/td>\n<td align=\"right\" width=\"64\"><img loading=\"lazy\" decoding=\"async\" class=\"alignnone size-full wp-image-3516\" src=\"https:\/\/fmp-components.com\/wp-content\/uploads\/2025\/01\/ep_stainless-steel-motor-8.webp\" sizes=\"(max-width: 379px) 100vw, 379px\" srcset=\"https:\/\/fmp-components.com\/wp-content\/uploads\/2025\/01\/ep_stainless-steel-motor-8.webp 379w, https:\/\/fmp-components.com\/wp-content\/uploads\/2025\/01\/ep_stainless-steel-motor-8-300x200.webp 300w, https:\/\/fmp-components.com\/wp-content\/uploads\/2025\/01\/ep_stainless-steel-motor-8-18x12.webp 18w\" alt=\"roestvrijstalen motor\" width=\"379\" height=\"253\" title=\"\"><\/td>\n<td align=\"right\" width=\"64\"><img loading=\"lazy\" decoding=\"async\" class=\"alignnone size-full wp-image-3517\" src=\"https:\/\/fmp-components.com\/wp-content\/uploads\/2025\/01\/ep_stainless-steel-motor-7.webp\" sizes=\"(max-width: 379px) 100vw, 379px\" srcset=\"https:\/\/fmp-components.com\/wp-content\/uploads\/2025\/01\/ep_stainless-steel-motor-7.webp 379w, https:\/\/fmp-components.com\/wp-content\/uploads\/2025\/01\/ep_stainless-steel-motor-7-300x200.webp 300w, https:\/\/fmp-components.com\/wp-content\/uploads\/2025\/01\/ep_stainless-steel-motor-7-18x12.webp 18w\" alt=\"roestvrijstalen motor\" width=\"379\" height=\"253\" title=\"\"><\/td>\n<td align=\"right\" width=\"64\"><\/td>\n<\/tr>\n<tr>\n<td align=\"right\" height=\"18\">Motor voor ontharingsapparatuur voor kippen en eenden<\/td>\n<td align=\"right\">NEMA-motor van roestvrij staal voor levensmiddelen<\/td>\n<td align=\"right\">Motor van roestvrij staal van IEC-kwaliteit voor levensmiddelen<\/td>\n<td align=\"right\"><\/td>\n<\/tr>\n<\/tbody>\n<\/table>\n<h2>Over FMP<\/h2>\n<p>FMP is een nationaal hightechbedrijf dat gespecialiseerd is in het ontwerp, de ontwikkeling en de productie van geavanceerde motoren en elektromechanische oplossingen. We richten ons op de productie van motoren uit de YE2-, YE3- en YE4-serie, evenals een reeks afgeleide producten. Ons productaanbod omvat ook driefase- en eenfasemotoren voor hydraulische pompen, motoren met aluminium behuizing, niet-standaardmotoren voor hydraulische pompen, elektromechanische integratie van turbinetandwielreductoren en andere gespecialiseerde motoren.<\/p>\n<p>De producten van FMP worden veelvuldig gebruikt in de industri\u00eble automatisering en bedienen belangrijke sectoren zoals CNC-draaibanken, schoenmakerijmachines, houtbewerkingsmachines, metaalbewerkingsmachines, kunststofmachines en bouwmachines. Met een sterke toewijding aan innovatie en kwaliteit zorgt FMP ervoor dat al haar producten voldoen aan de hoogste prestatienormen.<\/p>\n<p>Naast ons uitgebreide productaanbod zijn we er trots op maatwerkoplossingen te bieden, afgestemd op de specifieke behoeften van onze klanten. Of u nu speciale motoren, niet-standaardproducten of ge\u00efntegreerde systemen nodig hebt, FMP werkt nauw samen met klanten om hoogwaardige, op maat gemaakte oplossingen te leveren. Onze focus op precisietechniek en klanttevredenheid is de drijvende kracht achter ons voortdurende succes op de wereldmarkt.<\/p>\n<p>Bij FMP streven we ernaar om langdurige, wederzijds voordelige partnerschappen op te bouwen en het succes van onze klanten bij elk project te ondersteunen.<\/p>\n<table style=\"width: 100.629%;\" border=\"0\" width=\"128\" cellspacing=\"0\" cellpadding=\"0\">\n<tbody>\n<tr>\n<td style=\"width: 49.2308%;\" align=\"right\" width=\"64\" height=\"18\"><img loading=\"lazy\" decoding=\"async\" class=\"alignnone size-full wp-image-3398\" src=\"https:\/\/fmp-components.com\/wp-content\/uploads\/2025\/01\/Three-Phase-Motor-Factory.webp\" sizes=\"(min-width: 0px) and (max-width: 480px) 480px, (min-width: 481px) 900px, 100vw\" srcset=\"https:\/\/fmp-components.com\/wp-content\/uploads\/2025\/01\/Three-Phase-Motor-Factory.webp 900w, https:\/\/fmp-components.com\/wp-content\/uploads\/2025\/01\/Three-Phase-Motor-Factory-480x320.webp 480w\" alt=\"Driefasenmotorfabriek\" width=\"900\" height=\"600\" title=\"\"><\/td>\n<td style=\"width: 659.231%;\" align=\"right\" width=\"64\"><img loading=\"lazy\" decoding=\"async\" class=\"alignnone size-full wp-image-3399\" src=\"https:\/\/fmp-components.com\/wp-content\/uploads\/2025\/01\/Three-Phase-Motor-Factory-2.webp\" sizes=\"(min-width: 0px) and (max-width: 480px) 480px, (min-width: 481px) 900px, 100vw\" srcset=\"https:\/\/fmp-components.com\/wp-content\/uploads\/2025\/01\/Three-Phase-Motor-Factory-2.webp 900w, https:\/\/fmp-components.com\/wp-content\/uploads\/2025\/01\/Three-Phase-Motor-Factory-2-480x320.webp 480w\" alt=\"Driefasenmotorfabriek-2\" width=\"900\" height=\"600\" title=\"\"><\/td>\n<\/tr>\n<tr>\n<td style=\"width: 49.2308%;\" align=\"right\" height=\"18\"><img loading=\"lazy\" decoding=\"async\" class=\"alignnone size-full wp-image-3400\" src=\"https:\/\/fmp-components.com\/wp-content\/uploads\/2025\/01\/China-Three-Phase-Motor-Factory-1.webp\" sizes=\"(min-width: 0px) and (max-width: 480px) 480px, (min-width: 481px) 900px, 100vw\" srcset=\"https:\/\/fmp-components.com\/wp-content\/uploads\/2025\/01\/China-Three-Phase-Motor-Factory-1.webp 900w, https:\/\/fmp-components.com\/wp-content\/uploads\/2025\/01\/China-Three-Phase-Motor-Factory-1-480x320.webp 480w\" alt=\"Driefasenmotorfabriek-1\" width=\"900\" height=\"600\" title=\"\"><\/td>\n<td style=\"width: 659.231%;\" align=\"right\"><img loading=\"lazy\" decoding=\"async\" class=\"alignnone size-full wp-image-3401\" src=\"https:\/\/fmp-components.com\/wp-content\/uploads\/2025\/01\/Three-Phase-Motor-Factory-3.webp\" sizes=\"(min-width: 0px) and (max-width: 480px) 480px, (min-width: 481px) 900px, 100vw\" srcset=\"https:\/\/fmp-components.com\/wp-content\/uploads\/2025\/01\/Three-Phase-Motor-Factory-3.webp 900w, https:\/\/fmp-components.com\/wp-content\/uploads\/2025\/01\/Three-Phase-Motor-Factory-3-480x320.webp 480w\" alt=\"Drie-fase-motor-fabriek-3\" width=\"900\" height=\"600\" title=\"\"><\/td>\n<\/tr>\n<tr>\n<td style=\"width: 49.2308%;\"><img loading=\"lazy\" decoding=\"async\" class=\"alignnone size-full wp-image-3471\" src=\"https:\/\/fmp-components.com\/wp-content\/uploads\/2025\/01\/Single-Phase-Induction-Motor-Suppliers.webp\" sizes=\"(min-width: 0px) and (max-width: 480px) 480px, (min-width: 481px) 900px, 100vw\" srcset=\"https:\/\/fmp-components.com\/wp-content\/uploads\/2025\/01\/Single-Phase-Induction-Motor-Suppliers.webp 900w, https:\/\/fmp-components.com\/wp-content\/uploads\/2025\/01\/Single-Phase-Induction-Motor-Suppliers-480x320.webp 480w\" alt=\"Leveranciers van enkelfasige inductiemotoren\" width=\"900\" height=\"600\" title=\"\"><\/td>\n<td style=\"width: 659.231%;\"><img loading=\"lazy\" decoding=\"async\" class=\"alignnone size-full wp-image-3470\" src=\"https:\/\/fmp-components.com\/wp-content\/uploads\/2025\/01\/Single-Phase-Induction-Motor-Manufacturers-1.webp\" sizes=\"(min-width: 0px) and (max-width: 480px) 480px, (min-width: 481px) 900px, 100vw\" srcset=\"https:\/\/fmp-components.com\/wp-content\/uploads\/2025\/01\/Single-Phase-Induction-Motor-Manufacturers-1.webp 900w, https:\/\/fmp-components.com\/wp-content\/uploads\/2025\/01\/Single-Phase-Induction-Motor-Manufacturers-1-480x320.webp 480w\" alt=\"Fabrikanten van enkelfasige inductiemotoren 1\" width=\"900\" height=\"600\" title=\"\"><\/td>\n<\/tr>\n<tr>\n<td style=\"width: 49.2308%;\"><img loading=\"lazy\" decoding=\"async\" class=\"alignnone size-full wp-image-3472\" src=\"https:\/\/fmp-components.com\/wp-content\/uploads\/2025\/01\/Single-Phase-Induction-Motor-Manufacturers.webp\" sizes=\"(min-width: 0px) and (max-width: 480px) 480px, (min-width: 481px) 900px, 100vw\" srcset=\"https:\/\/fmp-components.com\/wp-content\/uploads\/2025\/01\/Single-Phase-Induction-Motor-Manufacturers.webp 900w, https:\/\/fmp-components.com\/wp-content\/uploads\/2025\/01\/Single-Phase-Induction-Motor-Manufacturers-480x320.webp 480w\" alt=\"Fabrikanten van enkelfasige inductiemotoren\" width=\"900\" height=\"600\" title=\"\"><\/td>\n<td style=\"width: 659.231%;\"><img loading=\"lazy\" decoding=\"async\" class=\"alignnone size-full wp-image-3473\" src=\"https:\/\/fmp-components.com\/wp-content\/uploads\/2025\/01\/Single-Phase-Induction-Motor-for-Sale.webp\" sizes=\"(min-width: 0px) and (max-width: 480px) 480px, (min-width: 481px) 900px, 100vw\" srcset=\"https:\/\/fmp-components.com\/wp-content\/uploads\/2025\/01\/Single-Phase-Induction-Motor-for-Sale.webp 900w, https:\/\/fmp-components.com\/wp-content\/uploads\/2025\/01\/Single-Phase-Induction-Motor-for-Sale-480x320.webp 480w\" alt=\"Eenfase-inductiemotor te koop\" width=\"900\" height=\"600\" title=\"\"><\/td>\n<\/tr>\n<\/tbody>\n<\/table>\n<p>Auteur: CX<\/p>","protected":false},"excerpt":{"rendered":"<p>TENV Stainless Steel Washdown NEMA Motor With Single Capacitor Washable NEMA motor c series stainless steel washable motor is designed and manufactured according to C standard. 80-132m.0.18kw-1 5kW stainless steel frame on all external surfaces Application: Food processing, packaging, outdoor and highly corrosive environment Features: all outer surfaces of stainless steel motor frames, end plates, [&hellip;]<\/p>","protected":false},"featured_media":3526,"comment_status":"open","ping_status":"closed","template":"","meta":{"_et_pb_use_builder":"","_et_pb_old_content":"","_et_gb_content_width":""},"product_brand":[],"product_cat":[88],"product_tag":[],"class_list":{"0":"post-3523","1":"product","2":"type-product","3":"status-publish","4":"has-post-thumbnail","6":"product_cat-stainless-steel-motors","8":"first","9":"instock","10":"shipping-taxable","11":"product-type-simple"},"_links":{"self":[{"href":"https:\/\/fmp-components.com\/nl\/wp-json\/wp\/v2\/product\/3523","targetHints":{"allow":["GET"]}}],"collection":[{"href":"https:\/\/fmp-components.com\/nl\/wp-json\/wp\/v2\/product"}],"about":[{"href":"https:\/\/fmp-components.com\/nl\/wp-json\/wp\/v2\/types\/product"}],"replies":[{"embeddable":true,"href":"https:\/\/fmp-components.com\/nl\/wp-json\/wp\/v2\/comments?post=3523"}],"wp:featuredmedia":[{"embeddable":true,"href":"https:\/\/fmp-components.com\/nl\/wp-json\/wp\/v2\/media\/3526"}],"wp:attachment":[{"href":"https:\/\/fmp-components.com\/nl\/wp-json\/wp\/v2\/media?parent=3523"}],"wp:term":[{"taxonomy":"product_brand","embeddable":true,"href":"https:\/\/fmp-components.com\/nl\/wp-json\/wp\/v2\/product_brand?post=3523"},{"taxonomy":"product_cat","embeddable":true,"href":"https:\/\/fmp-components.com\/nl\/wp-json\/wp\/v2\/product_cat?post=3523"},{"taxonomy":"product_tag","embeddable":true,"href":"https:\/\/fmp-components.com\/nl\/wp-json\/wp\/v2\/product_tag?post=3523"}],"curies":[{"name":"wp","href":"https:\/\/api.w.org\/{rel}","templated":true}]}}