{"id":3178,"date":"2025-01-05T05:37:53","date_gmt":"2025-01-05T05:37:53","guid":{"rendered":"https:\/\/fmp-components.com\/?page_id=8"},"modified":"2025-01-05T05:37:53","modified_gmt":"2025-01-05T05:37:53","slug":"corn-header-gearbox-replacement-of-comer-code-n669-j","status":"publish","type":"product","link":"https:\/\/fmp-components.com\/nl\/product\/corn-header-gearbox-replacement-of-comer-code-n669-j\/","title":{"rendered":"Versnellingsbak voor ma\u00efsmaaibord \u2013 Vervanging van hoekcode N669-J"},"content":{"rendered":"<h2>Details van de versnellingsbak van de ma\u00efsmaaimachine<\/h2>\n<table style=\"width: 98.2981%; height: 363px;\" border=\"1\">\n<tbody>\n<tr>\n<td><strong><span class=\"attr-name J-attr-name\" title=\"Productnaam\">Productnaam:<\/span><\/strong><\/td>\n<td>Versnellingsbak voor ma\u00efsmaaibord<\/td>\n<\/tr>\n<tr>\n<td><strong><span class=\"attr-name J-attr-name\" title=\"Tandwieloverbrenging\">Tandwieloverbrenging:<\/span><\/strong><\/td>\n<td>Afschuining \/ Verstek<\/td>\n<\/tr>\n<tr>\n<td><strong><span class=\"attr-name J-attr-name\" title=\"Uitgangskoppel\">Uitgangskoppel:<\/span><\/strong><\/td>\n<td>als tekening<\/td>\n<\/tr>\n<tr>\n<td><strong><span class=\"attr-name J-attr-name\" title=\"Invoersnelheid\">Invoersnelheid:<\/span><\/strong><\/td>\n<td>1000 tpm<\/td>\n<\/tr>\n<tr>\n<td><strong><span class=\"attr-name J-attr-name\" title=\"Uitvoersnelheid\">Uitvoersnelheid:<\/span><\/strong><\/td>\n<td>als tekening<\/td>\n<\/tr>\n<tr>\n<td><strong>Kleur:<\/strong><\/td>\n<td>Klantverzoeken<\/td>\n<\/tr>\n<tr>\n<td><strong><span class=\"attr-name J-attr-name\" title=\"Gewicht\">Gewicht:<\/span><\/strong><\/td>\n<td>82 kg<\/td>\n<\/tr>\n<tr>\n<td><strong><span class=\"attr-name J-attr-name\" title=\"kettingwielverhouding\">Kettingwielverhouding:<\/span><\/strong><\/td>\n<td>1.91:1<\/td>\n<\/tr>\n<tr>\n<td><strong><span class=\"attr-name J-attr-name\" title=\"Verhouding stengel getrokken rol\">Verhouding stengel getrokken rol:<\/span><\/strong><\/td>\n<td>1:1.2<\/td>\n<\/tr>\n<tr>\n<td><strong><span class=\"attr-name J-attr-name\" title=\"Verhouding stengel getrokken rol\"><span class=\"attr-name J-attr-name\" title=\"Lawaai\">Lawaai:<\/span><\/span><\/strong><\/td>\n<td>Minder dan 92db op 1 meter afstand voor de versnellingsbak<\/td>\n<\/tr>\n<tr>\n<td><strong><span class=\"attr-name J-attr-name\" title=\"Verhouding stengel getrokken rol\"><span class=\"attr-name J-attr-name\" title=\"Sollicitatie\">Sollicitatie:<\/span><\/span><\/strong><\/td>\n<td>Ma\u00efs oogstmachine<\/td>\n<\/tr>\n<tr>\n<td><strong><span class=\"attr-name J-attr-name\" title=\"Plaats van herkomst\">Plaats van herkomst:<\/span><\/strong><\/td>\n<td>Itali\u00eb<\/td>\n<\/tr>\n<\/tbody>\n<\/table>\n<h2 title=\"als drawubg\">Specificaties van de tandwielkast van de ma\u00efsmaaimachine<\/h2>\n<p><img loading=\"lazy\" decoding=\"async\" class=\"alignnone  wp-image-3179\" src=\"https:\/\/fmp-components.com\/wp-content\/uploads\/2025\/01\/corn-header-gearbox-N669J-specifications-1.webp\" alt=\"ma\u00efs-maaibord-versnellingsbak-N669J-specificaties-1\" width=\"878\" height=\"549\" title=\"\" srcset=\"https:\/\/fmp-components.com\/wp-content\/uploads\/2025\/01\/corn-header-gearbox-N669J-specifications-1.webp 878w, https:\/\/fmp-components.com\/wp-content\/uploads\/2025\/01\/corn-header-gearbox-N669J-specifications-1-480x300.webp 480w\" sizes=\"(min-width: 0px) and (max-width: 480px) 480px, (min-width: 481px) 878px, 100vw\" \/><\/p>\n<p><img loading=\"lazy\" decoding=\"async\" class=\"alignnone  wp-image-3180\" src=\"https:\/\/fmp-components.com\/wp-content\/uploads\/2025\/01\/corn-header-gearbox-N669J-specifications-2.webp\" alt=\"ma\u00efs-maaibord-versnellingsbak-N669J-specificaties-2\" width=\"884\" height=\"714\" title=\"\" srcset=\"https:\/\/fmp-components.com\/wp-content\/uploads\/2025\/01\/corn-header-gearbox-N669J-specifications-2.webp 884w, https:\/\/fmp-components.com\/wp-content\/uploads\/2025\/01\/corn-header-gearbox-N669J-specifications-2-480x388.webp 480w\" sizes=\"(min-width: 0px) and (max-width: 480px) 480px, (min-width: 481px) 884px, 100vw\" \/><\/p>\n<article class=\"w-full scroll-mb-[var(--thread-trailing-height,150px)] text-token-text-primary focus-visible:outline-2 focus-visible:outline-offset-[-4px]\" dir=\"auto\" data-testid=\"conversation-turn-146\" data-scroll-anchor=\"false\">\n<div class=\"m-auto text-base py-[18px] px-3 md:px-4 w-full md:px-5 lg:px-4 xl:px-5\">\n<div class=\"mx-auto flex flex-1 gap-4 text-base md:gap-5 lg:gap-6 md:max-w-3xl lg:max-w-[40rem] xl:max-w-[48rem]\">\n<div class=\"group\/conversation-turn relative flex w-full min-w-0 flex-col\">\n<div class=\"flex-col gap-1 md:gap-3\">\n<div class=\"flex max-w-full flex-col flex-grow\">\n<div class=\"min-h-8 text-message flex w-full flex-col items-end gap-2 whitespace-normal break-words text-start [.text-message+&amp;]:mt-5\" dir=\"auto\" data-message-author-role=\"user\" data-message-id=\"aaa23ba6-ebb0-4f57-b7bd-42c63bb0c8fa\">\n<div class=\"flex w-full flex-col gap-1 empty:hidden items-end rtl:items-start\">\n<div class=\"relative max-w-[var(--user-chat-width,70%)] rounded-3xl bg-token-message-surface px-5 py-2.5\">\n<h2 class=\"whitespace-pre-wrap\">Kenmerken van de tandwielkast van de ma\u00efsmaaimachine<\/h2>\n<\/div>\n<\/div>\n<\/div>\n<\/div>\n<\/div>\n<\/div>\n<\/div>\n<\/div>\n<\/article>\n<p>De tandwielkast van een ma\u00efsmaaibord is een cruciaal onderdeel van moderne oogstmachines en is verantwoordelijk voor de vermogensoverdracht naar verschillende mechanismen van het ma\u00efsmaaibord, zoals de verzamelkettingen, vijzels en messen. Het ontwerp en de functionaliteit van de tandwielkast zijn essentieel voor de effici\u00ebntie en betrouwbaarheid van het ma\u00efsoogstproces. Hier zijn de belangrijkste kenmerken van een tandwielkast voor een ma\u00efsmaaibord:<\/p>\n<p>1. <strong>Krachtoverbrenging<\/strong><\/p>\n<ul>\n<li>De primaire functie van de versnellingsbak van de ma\u00efsmaaibord is het overbrengen van mechanisch vermogen van de aftakas van de tractor naar de operationele componenten van het ma\u00efsmaaibord. De versnellingsbak is ontworpen om hoge koppelbelastingen aan te kunnen, wat een soepele werking van de snij- en verzamelmechanismen van het maaibord mogelijk maakt.<\/li>\n<\/ul>\n<p>2. <strong>Hoog koppelvermogen<\/strong><\/p>\n<ul>\n<li>Het oogsten van ma\u00efs is een taak die veel vermogen vergt en de versnellingsbak moet dit aankunnen <strong>hoge koppelkrachten<\/strong> zonder falen. Tandwielkasten voor ma\u00efsmaaiborden zijn speciaal ontworpen om deze zware lasten te weerstaan \u200b\u200ben tegelijkertijd een effici\u00ebnte vermogensverdeling naar alle benodigde onderdelen te garanderen.<\/li>\n<\/ul>\n<p>3. <strong>Meerdere overbrengingsverhoudingen<\/strong><\/p>\n<ul>\n<li><strong>Variabele overbrengingsverhoudingen<\/strong> Zijn een belangrijk kenmerk van de versnellingsbak van de ma\u00efsmaaibord. Deze overbrengingsverhoudingen stellen bestuurders in staat de snelheid en het vermogen van de componenten van het maaibord aan te passen op basis van het type terrein, de gewasomstandigheden en de operationele vereisten. De mogelijkheid om deze overbrengingsverhoudingen nauwkeurig af te stellen, helpt de prestaties te optimaliseren.<\/li>\n<\/ul>\n<p>4. <strong>Duurzaamheid en robuuste constructie<\/strong><\/p>\n<ul>\n<li>Transmissies voor ma\u00efsmaaiborden zijn gebouwd om de zware omstandigheden op landbouwvelden te weerstaan. Ze zijn gebouwd met <strong>hoogwaardige materialen<\/strong> zoals gehard staal en vaak voorzien van <strong>corrosiebestendige coatings<\/strong>Hierdoor blijven ze duurzaam en effici\u00ebnt, zelfs onder veeleisende omstandigheden.<\/li>\n<\/ul>\n<p>5. <strong>Compact en ruimtebesparend ontwerp<\/strong><\/p>\n<ul>\n<li>De versnellingsbak is doorgaans compact en licht, waardoor hij gemakkelijker in de ma\u00efskooi kan worden ge\u00efntegreerd en ruimte bespaart. Dit effici\u00ebnte ontwerp helpt het totale gewicht van de machine te verlagen, de wendbaarheid te verbeteren en het brandstofverbruik tijdens het gebruik te verlagen.<\/li>\n<\/ul>\n<p>Kortom, de tandwielkast van de ma\u00efsmaaibord is een essentieel onderdeel dat zorgt voor een soepele, effici\u00ebnte en betrouwbare werking van het ma\u00efsmaaibord. Met zijn hoge koppel, duurzaamheid, eenvoudige integratie en onderhoudsarme ontwerp zorgt de tandwielkast voor optimale prestaties tijdens de oogst, waardoor de uitvaltijd wordt verminderd en de productiviteit van boeren wordt verhoogd.<\/p>\n<p><img loading=\"lazy\" decoding=\"async\" class=\"alignnone size-full wp-image-3182\" src=\"https:\/\/fmp-components.com\/wp-content\/uploads\/2025\/01\/corn-header-gearbox-N669J-41.webp\" alt=\"ma\u00efs-maaibord-versnellingsbak-N669J-4(1)\" width=\"965\" height=\"444\" title=\"\" srcset=\"https:\/\/fmp-components.com\/wp-content\/uploads\/2025\/01\/corn-header-gearbox-N669J-41.webp 965w, https:\/\/fmp-components.com\/wp-content\/uploads\/2025\/01\/corn-header-gearbox-N669J-41-480x221.webp 480w\" sizes=\"(min-width: 0px) and (max-width: 480px) 480px, (min-width: 481px) 965px, 100vw\" \/><\/p>\n<article class=\"w-full scroll-mb-[var(--thread-trailing-height,150px)] text-token-text-primary focus-visible:outline-2 focus-visible:outline-offset-[-4px]\" dir=\"auto\" data-testid=\"conversation-turn-148\" data-scroll-anchor=\"false\">\n<div class=\"m-auto text-base py-[18px] px-3 md:px-4 w-full md:px-5 lg:px-4 xl:px-5\">\n<div class=\"mx-auto flex flex-1 gap-4 text-base md:gap-5 lg:gap-6 md:max-w-3xl lg:max-w-[40rem] xl:max-w-[48rem]\">\n<div class=\"group\/conversation-turn relative flex w-full min-w-0 flex-col\">\n<div class=\"flex-col gap-1 md:gap-3\">\n<div class=\"flex max-w-full flex-col flex-grow\">\n<div class=\"min-h-8 text-message flex w-full flex-col items-end gap-2 whitespace-normal break-words text-start [.text-message+&amp;]:mt-5\" dir=\"auto\" data-message-author-role=\"user\" data-message-id=\"aaa28861-7069-46a7-8873-87eb33aa5162\">\n<div class=\"flex w-full flex-col gap-1 empty:hidden items-end rtl:items-start\">\n<div class=\"relative max-w-[var(--user-chat-width,70%)] rounded-3xl bg-token-message-surface px-5 py-2.5\">\n<h2 class=\"whitespace-pre-wrap\">Aftakas voor versnellingsbak van ma\u00efsmaaibord<\/h2>\n<div class=\"absolute bottom-0 right-full top-0 -mr-3.5 hidden pr-5 pt-1 [.group\\\/conversation-turn:hover_&amp;]:block\">\n<p>De aftakas (PTO) speelt een cruciale rol bij de vermogensoverdracht van de tractor naar de versnellingsbak van de ma\u00efsmaaibord, waardoor verschillende onderdelen van het maaibord, zoals de verzamelkettingen, vijzels en messen, effici\u00ebnt kunnen werken. De aftakas vormt de verbinding tussen de tractormotor en de machines en zet het mechanische vermogen van de motor om in het benodigde operationele vermogen voor de oogst.<\/p>\n<p>1. <strong>Krachtoverbrenging<\/strong><\/p>\n<ul>\n<li>De aftakas is het primaire middel van <strong>het overbrengen van mechanische kracht<\/strong> van de tractormotor naar de versnellingsbak van de ma\u00efsmaaibord. Dit vermogen wordt gebruikt om de verschillende componenten van het maaibord aan te drijven, wat zorgt voor soepele en effectieve oogstwerkzaamheden. Het wordt meestal aangesloten op de aftakas van de tractor en communiceert met de versnellingsbak via een koppeling of kruiskoppeling.<\/li>\n<\/ul>\n<p>2. <strong>Hoog koppelvermogen<\/strong><\/p>\n<ul>\n<li>De aftakas moet zo ontworpen zijn dat hij de volgende belasting aankan: <strong>hoge koppelniveaus<\/strong>, vooral onder veeleisende oogstomstandigheden. De met de aftakas verbonden tandwielkast vereist een stabiele en betrouwbare krachtbron om de zware componenten in de ma\u00efskolvenplukker, zoals de vijzels, verzamelkettingen en snijmessen, te laten werken.<\/li>\n<\/ul>\n<p>3. <strong>Duurzame constructie<\/strong><\/p>\n<ul>\n<li><strong>Zware constructie<\/strong> is essentieel voor aftakasassen die worden gebruikt in tandwielkasten voor ma\u00efsmaaiborden. Deze assen zijn meestal gemaakt van <strong>gehard staal<\/strong> of andere hoogwaardige materialen om de zware omstandigheden van constante werking in zware landbouwomgevingen te weerstaan. Dit garandeert langdurige duurzaamheid en betrouwbare prestaties onder uitdagende omstandigheden.<\/li>\n<\/ul>\n<p><strong>4. Snelle en eenvoudige verbinding<\/strong><\/p>\n<ul>\n<li>Aftakassen voor tandwielkasten van ma\u00efsmaaiborden zijn ontworpen voor eenvoudige aan- en afkoppeling tussen de tractor en het maaibord. Dit wordt vaak bereikt door middel van een kruiskoppeling of snelvergrendelingsmechanisme, wat zorgt voor een eenvoudige en veilige aan- en afkoppeling zonder speciaal gereedschap, wat tijd bespaart tijdens de installatie of het onderhoud.<\/li>\n<\/ul>\n<p>5. <strong>Verstelbare lengte<\/strong><\/p>\n<ul>\n<li>Sommige aftakassen voor tandwielkasten van ma\u00efsmaaiborden zijn ontworpen met <strong>verstelbare lengtes<\/strong>, waardoor compatibiliteit met verschillende tractoren en maaibordconfiguraties gegarandeerd is. Deze verstelbaarheid zorgt ervoor dat de aftakas eenvoudig kan worden aangepast aan de gewenste lengte, waardoor verschillende apparatuurconfiguraties mogelijk zijn en het risico op mechanische belasting of schade wordt verminderd.<\/li>\n<\/ul>\n<p>De aftakas is een essentieel onderdeel van het aandrijfsysteem van de versnellingsbak van ma\u00efsmaaiborden. Deze zorgt voor een betrouwbare, effici\u00ebnte en veilige verbinding tussen de tractor en het ma\u00efsmaaibord, wat zorgt voor een soepele werking van het gehele oogstsysteem. Goed onderhoud en tijdige vervanging van de aftakas kunnen leiden tot een hogere operationele effici\u00ebntie, minder stilstand en een langere levensduur van de machine.<\/p>\n<\/div>\n<\/div>\n<\/div>\n<\/div>\n<\/div>\n<\/div>\n<\/div>\n<\/div>\n<\/div>\n<\/article>\n<article class=\"w-full scroll-mb-[var(--thread-trailing-height,150px)] text-token-text-primary focus-visible:outline-2 focus-visible:outline-offset-[-4px]\" dir=\"auto\" data-testid=\"conversation-turn-149\" data-scroll-anchor=\"true\">\n<table style=\"border-collapse: collapse; width: 94.3906%; height: 48px;\" border=\"0\" width=\"128\" cellspacing=\"0\" cellpadding=\"0\">\n<tbody>\n<tr style=\"height: 13.8pt;\">\n<td style=\"height: 13.8pt; width: 48pt;\" align=\"right\" width=\"64\" height=\"18\"><img loading=\"lazy\" decoding=\"async\" class=\"alignnone size-full wp-image-3181\" src=\"https:\/\/fmp-components.com\/wp-content\/uploads\/2025\/01\/corn-header-gearbox-N669J-51.webp\" alt=\"ma\u00efs-maaibord-versnellingsbak-N669J-5(1)\" width=\"500\" height=\"500\" title=\"\" srcset=\"https:\/\/fmp-components.com\/wp-content\/uploads\/2025\/01\/corn-header-gearbox-N669J-51.webp 500w, https:\/\/fmp-components.com\/wp-content\/uploads\/2025\/01\/corn-header-gearbox-N669J-51-480x480.webp 480w\" sizes=\"(min-width: 0px) and (max-width: 480px) 480px, (min-width: 481px) 500px, 100vw\" \/><\/td>\n<td style=\"width: 48pt;\" align=\"right\" width=\"64\"><img loading=\"lazy\" decoding=\"async\" class=\"alignnone size-full wp-image-3183\" src=\"https:\/\/fmp-components.com\/wp-content\/uploads\/2025\/01\/corn-header-gearbox-N669J1.webp\" alt=\"ma\u00efs-maaibord-versnellingsbak-N669J(1)\" width=\"500\" height=\"500\" title=\"\" srcset=\"https:\/\/fmp-components.com\/wp-content\/uploads\/2025\/01\/corn-header-gearbox-N669J1.webp 500w, https:\/\/fmp-components.com\/wp-content\/uploads\/2025\/01\/corn-header-gearbox-N669J1-480x480.webp 480w\" sizes=\"(min-width: 0px) and (max-width: 480px) 480px, (min-width: 481px) 500px, 100vw\" \/><\/td>\n<\/tr>\n<\/tbody>\n<\/table>\n<h2>Over FMP<\/h2>\n<p>FMP, met hoofdkantoor in Itali\u00eb, is een toonaangevende fabrikant die bekend staat om zijn expertise in het ontwerp, de ontwikkeling en de productie van hoogwaardige tandwielkasten en is gespecialiseerd in de landbouwmachinesector. FMP staat bekend om zijn precisietechniek, innovatieve oplossingen en onwrikbare betrouwbaarheid en heeft een reputatie opgebouwd als betrouwbare partner in zowel de agrarische als de industri\u00eble markt. Ons gevarieerde portfolio omvat op maat gemaakte tandwielkasten voor grasmaaiers, aftakassen en een breed scala aan essenti\u00eble componenten, allemaal zorgvuldig ontworpen om te voldoen aan de unieke eisen van diverse toepassingen.<\/p>\n<p>Bij FMP erkennen we dat elke klant voor specifieke uitdagingen staat. Daarom blinken we uit in het leveren van maatwerkoplossingen, of het nu gaat om afzonderlijke componenten of volledig ge\u00efntegreerde systemen. Door nauw samen te werken met onze klanten, zorgen we ervoor dat elke oplossing niet alleen aansluit op hun specifieke behoeften, maar ook de prestaties optimaliseert en de totale waarde verhoogt. Onze toewijding aan responsieve, professionele service en deskundige begeleiding zorgt ervoor dat elke aanvraag nauwkeurig wordt behandeld, wat leidt tot de best mogelijke resultaten.<\/p>\n<p>We hechten veel waarde aan transparante, continue communicatie gedurende het gehele productontwikkelingsproces. Ons toegewijde team werkt nauw samen met klanten om hun behoeften volledig te begrijpen en biedt inzichtelijke aanbevelingen om optimale resultaten te behalen. Of we nu geavanceerde producten ontwikkelen of routinematige orders uitvoeren, FMP streeft ernaar om hoogwaardige, nauwkeurig ontworpen oplossingen op tijd te leveren, elke keer weer. Onze missie is om de verwachtingen van klanten consequent te overtreffen door uitzonderlijke service en uitstekende resultaten te leveren bij elk project.<\/p>\n<p>Kwaliteit staat centraal in de activiteiten van FMP. We hanteren de hoogste productienormen en implementeren strenge kwaliteitscontroles om ervoor te zorgen dat elk product niet alleen voldoet aan de industrienormen, maar deze zelfs overtreft. Deze toewijding aan uitmuntendheid, gecombineerd met onze kernwaarden integriteit, teamwork en doorzettingsvermogen, heeft ons in staat gesteld om langdurige, op vertrouwen gebaseerde relaties op te bouwen met klanten in bijna 30 landen wereldwijd.<\/p>\n<p>FMP streeft er altijd naar om wereldwijde partnerschappen te bevorderen en biedt deskundig advies en oplossingen op maat die voldoen aan de veranderende behoeften van onze klanten. We streven naar het opbouwen van duurzame, wederzijds voordelige relaties die bijdragen aan het succes van elk project. Of u nu op zoek bent naar innovatieve oplossingen voor een nieuw initiatief of doorlopende ondersteuning voor een bestaand systeem, FMP staat klaar om u te helpen technische uitdagingen te overwinnen en uw voortdurende succes te garanderen.<\/p>\n<p><img loading=\"lazy\" decoding=\"async\" class=\"alignnone wp-image-2695\" src=\"https:\/\/fmp-components.com\/wp-content\/uploads\/2025\/01\/agricultural-gearbox3.webp\" alt=\"landbouwversnellingsbak\" width=\"1140\" height=\"1138\" title=\"\" srcset=\"https:\/\/fmp-components.com\/wp-content\/uploads\/2025\/01\/agricultural-gearbox3.webp 1140w, https:\/\/fmp-components.com\/wp-content\/uploads\/2025\/01\/agricultural-gearbox3-480x479.webp 480w\" sizes=\"(min-width: 0px) and (max-width: 480px) 480px, (min-width: 481px) 1140px, 100vw\" \/><\/p>\n<p>Auteur: CX<\/p>\n<\/article>","protected":false},"excerpt":{"rendered":"<p>Details of Corn Header Gearbox Product name: Corn header gearbox Gearing Arrangement: Bevel \/ Miter Output Torque: as drawing Input Speed: 1000rpm Output Speed: as drawing Color: Customer Requests Weight: 82kg Chain wheel ratio: 1.91:1 Stalk pulled roller ratio: 1:1.2 Noise: Less than 92db at 1-meter distance in front of the gearbox Application: Corn harvester [&hellip;]<\/p>","protected":false},"featured_media":3181,"comment_status":"open","ping_status":"closed","template":"","meta":{"_et_pb_use_builder":"","_et_pb_old_content":"","_et_gb_content_width":""},"product_brand":[],"product_cat":[76],"product_tag":[],"class_list":{"0":"post-3178","1":"product","2":"type-product","3":"status-publish","4":"has-post-thumbnail","6":"product_cat-gearbox-for-rotary-rakes","8":"first","9":"instock","10":"shipping-taxable","11":"product-type-simple"},"_links":{"self":[{"href":"https:\/\/fmp-components.com\/nl\/wp-json\/wp\/v2\/product\/3178","targetHints":{"allow":["GET"]}}],"collection":[{"href":"https:\/\/fmp-components.com\/nl\/wp-json\/wp\/v2\/product"}],"about":[{"href":"https:\/\/fmp-components.com\/nl\/wp-json\/wp\/v2\/types\/product"}],"replies":[{"embeddable":true,"href":"https:\/\/fmp-components.com\/nl\/wp-json\/wp\/v2\/comments?post=3178"}],"wp:featuredmedia":[{"embeddable":true,"href":"https:\/\/fmp-components.com\/nl\/wp-json\/wp\/v2\/media\/3181"}],"wp:attachment":[{"href":"https:\/\/fmp-components.com\/nl\/wp-json\/wp\/v2\/media?parent=3178"}],"wp:term":[{"taxonomy":"product_brand","embeddable":true,"href":"https:\/\/fmp-components.com\/nl\/wp-json\/wp\/v2\/product_brand?post=3178"},{"taxonomy":"product_cat","embeddable":true,"href":"https:\/\/fmp-components.com\/nl\/wp-json\/wp\/v2\/product_cat?post=3178"},{"taxonomy":"product_tag","embeddable":true,"href":"https:\/\/fmp-components.com\/nl\/wp-json\/wp\/v2\/product_tag?post=3178"}],"curies":[{"name":"wp","href":"https:\/\/api.w.org\/{rel}","templated":true}]}}