{"id":2717,"date":"2025-01-04T02:00:35","date_gmt":"2025-01-04T02:00:35","guid":{"rendered":"https:\/\/fmp-components.com\/?page_id=8"},"modified":"2025-01-04T02:02:19","modified_gmt":"2025-01-04T02:02:19","slug":"grader-driven-rake-gearbox-fmp190-for-variable-speed-rotary-tillers-and-beaters","status":"publish","type":"product","link":"https:\/\/fmp-components.com\/nl\/product\/grader-driven-rake-gearbox-fmp190-for-variable-speed-rotary-tillers-and-beaters\/","title":{"rendered":"Grader-aangedreven harkversnellingsbak FMP190 voor roterende frezen en walsen met variabele snelheid"},"content":{"rendered":"<h2>Afmetingen van de Grader Aangedreven Hark Tandwielkast FMP190<\/h2>\n<p><img loading=\"lazy\" decoding=\"async\" class=\"alignnone size-full wp-image-2721\" src=\"https:\/\/fmp-components.com\/wp-content\/uploads\/2025\/01\/Grader-Driven-Rake-Gearbox-FMP190-Dimensions.webp\" alt=\"Grader-aangedreven-hark-versnellingsbak-FMP190-afmetingen\" width=\"1550\" height=\"881\" title=\"\" srcset=\"https:\/\/fmp-components.com\/wp-content\/uploads\/2025\/01\/Grader-Driven-Rake-Gearbox-FMP190-Dimensions.webp 1550w, https:\/\/fmp-components.com\/wp-content\/uploads\/2025\/01\/Grader-Driven-Rake-Gearbox-FMP190-Dimensions-1280x728.webp 1280w, https:\/\/fmp-components.com\/wp-content\/uploads\/2025\/01\/Grader-Driven-Rake-Gearbox-FMP190-Dimensions-980x557.webp 980w, https:\/\/fmp-components.com\/wp-content\/uploads\/2025\/01\/Grader-Driven-Rake-Gearbox-FMP190-Dimensions-480x273.webp 480w\" sizes=\"(min-width: 0px) and (max-width: 480px) 480px, (min-width: 481px) and (max-width: 980px) 980px, (min-width: 981px) and (max-width: 1280px) 1280px, (min-width: 1281px) 1550px, 100vw\" \/><\/p>\n<h2>Grader aangedreven hark versnellingsbak FMP190 Draai<\/h2>\n<p><img loading=\"lazy\" decoding=\"async\" class=\"alignnone size-full wp-image-2724\" src=\"https:\/\/fmp-components.com\/wp-content\/uploads\/2025\/01\/Grader-Driven-Rake-Gearbox-FMP190-Turn.webp\" alt=\"Grader-aangedreven-hark-versnellingsbak-FMP190-draai\" width=\"1550\" height=\"370\" title=\"\" srcset=\"https:\/\/fmp-components.com\/wp-content\/uploads\/2025\/01\/Grader-Driven-Rake-Gearbox-FMP190-Turn.webp 1550w, https:\/\/fmp-components.com\/wp-content\/uploads\/2025\/01\/Grader-Driven-Rake-Gearbox-FMP190-Turn-1280x306.webp 1280w, https:\/\/fmp-components.com\/wp-content\/uploads\/2025\/01\/Grader-Driven-Rake-Gearbox-FMP190-Turn-980x234.webp 980w, https:\/\/fmp-components.com\/wp-content\/uploads\/2025\/01\/Grader-Driven-Rake-Gearbox-FMP190-Turn-480x115.webp 480w\" sizes=\"(min-width: 0px) and (max-width: 480px) 480px, (min-width: 481px) and (max-width: 980px) 980px, (min-width: 981px) and (max-width: 1280px) 1280px, (min-width: 1281px) 1550px, 100vw\" \/><\/p>\n<h2>Technische gegevens van de Grader Driven Hark Gearbox FMP190<\/h2>\n<table style=\"width: 100.918%; height: 145px;\" border=\"1\" cellspacing=\"0\" cellpadding=\"0\">\n<tbody>\n<tr>\n<td colspan=\"2\" rowspan=\"2\">i<\/td>\n<td rowspan=\"2\">Geschikt<\/td>\n<td>Rpm-ingang<\/td>\n<td>Rpm-uitgang<\/td>\n<td>KW(Nom)<\/td>\n<td>KW(Max)<\/td>\n<td rowspan=\"2\">Tanden<\/td>\n<\/tr>\n<tr>\n<td>toerental<\/td>\n<td>toerental<\/td>\n<td>pk<\/td>\n<td>pk<\/td>\n<\/tr>\n<tr>\n<td>Vertragen<\/td>\n<td>1.93:1<\/td>\n<td rowspan=\"2\">Roterende frezen, kloppers, enz.<\/td>\n<td>540<\/td>\n<td>280<\/td>\n<td>24<\/td>\n<td>45<\/td>\n<td rowspan=\"2\">Gleason Helical<br \/>\nTanden<\/td>\n<\/tr>\n<tr>\n<td>Vertragen<\/td>\n<td>1.46: 1<\/td>\n<td>540<\/td>\n<td>370<\/td>\n<td>44<\/td>\n<td>62<\/td>\n<\/tr>\n<tr>\n<td colspan=\"8\">Opmerking: Als u speciale wensen heeft, laat het mij gerust weten. Wij accepteren ook maatwerk.<\/td>\n<\/tr>\n<\/tbody>\n<\/table>\n<h2>Grader aangedreven hark tandwielkast FMP190 as afmetingen<\/h2>\n<p><img loading=\"lazy\" decoding=\"async\" class=\"alignnone size-full wp-image-2722\" src=\"https:\/\/fmp-components.com\/wp-content\/uploads\/2025\/01\/ohuvOifX-Grader-Driven-Rake-Gearbox-FMP190-Shaft-Dimensions.webp\" alt=\"ohuvOifX-Grader-Driven-Rake-Gearbox-FMP190-Shaft-Dimensions\" width=\"1519\" height=\"547\" title=\"\" srcset=\"https:\/\/fmp-components.com\/wp-content\/uploads\/2025\/01\/ohuvOifX-Grader-Driven-Rake-Gearbox-FMP190-Shaft-Dimensions.webp 1519w, https:\/\/fmp-components.com\/wp-content\/uploads\/2025\/01\/ohuvOifX-Grader-Driven-Rake-Gearbox-FMP190-Shaft-Dimensions-1280x461.webp 1280w, https:\/\/fmp-components.com\/wp-content\/uploads\/2025\/01\/ohuvOifX-Grader-Driven-Rake-Gearbox-FMP190-Shaft-Dimensions-980x353.webp 980w, https:\/\/fmp-components.com\/wp-content\/uploads\/2025\/01\/ohuvOifX-Grader-Driven-Rake-Gearbox-FMP190-Shaft-Dimensions-480x173.webp 480w\" sizes=\"(min-width: 0px) and (max-width: 480px) 480px, (min-width: 481px) and (max-width: 980px) 980px, (min-width: 981px) and (max-width: 1280px) 1280px, (min-width: 1281px) 1519px, 100vw\" \/><\/p>\n<h2>Grader aangedreven hark tandwielkast FMP190 verlengpijp<\/h2>\n<p><img loading=\"lazy\" decoding=\"async\" class=\"alignnone size-full wp-image-2723\" src=\"https:\/\/fmp-components.com\/wp-content\/uploads\/2025\/01\/Grader-Driven-Rake-Gearbox-FMP190-Extension-Pipe.webp\" alt=\"Grader-aangedreven-hark-versnellingsbak-FMP190-verlengpijp\" width=\"1536\" height=\"755\" title=\"\" srcset=\"https:\/\/fmp-components.com\/wp-content\/uploads\/2025\/01\/Grader-Driven-Rake-Gearbox-FMP190-Extension-Pipe.webp 1536w, https:\/\/fmp-components.com\/wp-content\/uploads\/2025\/01\/Grader-Driven-Rake-Gearbox-FMP190-Extension-Pipe-1280x629.webp 1280w, https:\/\/fmp-components.com\/wp-content\/uploads\/2025\/01\/Grader-Driven-Rake-Gearbox-FMP190-Extension-Pipe-980x482.webp 980w, https:\/\/fmp-components.com\/wp-content\/uploads\/2025\/01\/Grader-Driven-Rake-Gearbox-FMP190-Extension-Pipe-480x236.webp 480w\" sizes=\"(min-width: 0px) and (max-width: 480px) 480px, (min-width: 481px) and (max-width: 980px) 980px, (min-width: 981px) and (max-width: 1280px) 1280px, (min-width: 1281px) 1536px, 100vw\" \/><\/p>\n<h3>Belangrijkste kenmerken van de FMP190 Grader-aangedreven harkversnellingsbak:<\/h3>\n<p>De Grader Driven Harke Gearbox FMP190 biedt diverse belangrijke kenmerken die hem zeer effici\u00ebnt en betrouwbaar maken voor landbouw- en industri\u00eble toepassingen, met name bij zware taken zoals egaliseren en harken. Hieronder vindt u de belangrijkste kenmerken van de FMP190 Grader Driven Harke Gearbox:<\/p>\n<ol>\n<li><strong>Duurzame constructie:<\/strong>\n<ul>\n<li>Gemaakt van hoogwaardige materialen, ontworpen om de zware omstandigheden van zware landbouw- en industri\u00eble taken te weerstaan. De robuuste behuizing garandeert een lange levensduur en hoge slijtvastheid.<\/li>\n<\/ul>\n<\/li>\n<li><strong>Transmissie met hoog koppel:<\/strong>\n<ul>\n<li>Ontworpen om een \u200b\u200bhoog koppel effici\u00ebnt over te brengen en een soepele werking te garanderen, zelfs onder zware belasting. Dit maakt hem ideaal voor machines die consistente en krachtige prestaties vereisen.<\/li>\n<\/ul>\n<\/li>\n<li><strong>Geoptimaliseerde overbrengingsverhouding:<\/strong>\n<ul>\n<li>De FMP190 is ontworpen met een geoptimaliseerde overbrengingsverhouding die de effici\u00ebntie verhoogt en tegelijkertijd de vermogensafgifte aan de hark of grader behoudt. Dit garandeert dat het systeem optimaal presteert.<\/li>\n<\/ul>\n<\/li>\n<li><strong>Corrosiebestendig ontwerp:<\/strong>\n<ul>\n<li>De versnellingsbak is voorzien van een corrosiebestendige afwerking, waardoor een betrouwbare werking in zware omstandigheden wordt gegarandeerd, zoals omgevingen met een hoge luchtvochtigheid, extreme temperaturen of landbouwchemicali\u00ebn.<\/li>\n<\/ul>\n<\/li>\n<li><strong>Compact en ruimtebesparend:<\/strong>\n<ul>\n<li>Ondanks het hoge koppel heeft de FMP190 een compact ontwerp dat eenvoudig te integreren is in diverse landbouwmachines. De ruimtebesparende constructie is ideaal voor krappe ruimtes.<\/li>\n<\/ul>\n<\/li>\n<\/ol>\n<p>De FMP190 Grader Driven Rake Gearbox is ontworpen om effici\u00ebnte, betrouwbare en duurzame prestaties te leveren voor een breed scala aan landbouwtoepassingen, met name voor machines die worden gebruikt voor egaliseren, harken en andere zware taken.<\/p>\n<p><img loading=\"lazy\" decoding=\"async\" class=\"alignnone size-full wp-image-2718\" src=\"https:\/\/fmp-components.com\/wp-content\/uploads\/2025\/01\/Grader-Driven-Rake-Gearbox-FMP190-Key-Features1.webp\" alt=\"Grader-aangedreven-hark-versnellingsbak-FMP190-belangrijkste-kenmerken(1)\" width=\"1395\" height=\"583\" title=\"\" srcset=\"https:\/\/fmp-components.com\/wp-content\/uploads\/2025\/01\/Grader-Driven-Rake-Gearbox-FMP190-Key-Features1.webp 1395w, https:\/\/fmp-components.com\/wp-content\/uploads\/2025\/01\/Grader-Driven-Rake-Gearbox-FMP190-Key-Features1-1280x535.webp 1280w, https:\/\/fmp-components.com\/wp-content\/uploads\/2025\/01\/Grader-Driven-Rake-Gearbox-FMP190-Key-Features1-980x410.webp 980w, https:\/\/fmp-components.com\/wp-content\/uploads\/2025\/01\/Grader-Driven-Rake-Gearbox-FMP190-Key-Features1-480x201.webp 480w\" sizes=\"(min-width: 0px) and (max-width: 480px) 480px, (min-width: 481px) and (max-width: 980px) 980px, (min-width: 981px) and (max-width: 1280px) 1280px, (min-width: 1281px) 1395px, 100vw\" \/><\/p>\n<h3>Toepassingen van de grader-aangedreven harkversnellingsbak FMP190:<\/h3>\n<p>De Grader Driven Rake Gearbox FMP190 is ontworpen voor gebruik in diverse agrarische en industri\u00eble toepassingen. De hoge koppeloverbrenging, duurzaamheid en effici\u00ebntie maken hem een \u200b\u200bideale keuze voor machines die een consistente en krachtige werking vereisen. Hieronder vindt u de belangrijkste toepassingen van de FMP190 Grader Driven Rake Gearbox:<\/p>\n<ol>\n<li><strong>Landbouwharkuitrusting:<\/strong>\n<ul>\n<li><strong>Hooiharken<\/strong>De FMP190 wordt veel gebruikt in hooiharken om gelijkmatig en effici\u00ebnt hooi of andere gewassen te harken. Het hoge koppel zorgt voor een soepele werking, zelfs bij het verwerken van dichte of zware hooizwaden.<\/li>\n<li><strong>Zwadmaaiers<\/strong>: Wordt gebruikt in zwadmaaiers om nette en georganiseerde zwaden van gesneden hooi of stro te maken, waardoor de droogeffici\u00ebntie v\u00f3\u00f3r het balenproces wordt verbeterd.<\/li>\n<li><strong>Hark en schudders<\/strong>: Ideaal voor schudders die gebruikt worden om vers gemaaid hooi uit te spreiden, zorgt voor een snellere droogtijd en een gelijkmatigere bedekking.<\/li>\n<\/ul>\n<\/li>\n<li><strong>Sorteermachines:<\/strong>\n<ul>\n<li><strong>Wegschaven<\/strong>:De versnellingsbak wordt in wegschrapers gebruikt om het harkblad aan te drijven, wat essentieel is voor het egaliseren en gladmaken van oppervlakken bij de aanleg en het onderhoud van wegen.<\/li>\n<li><strong>Land egaliseren<\/strong>:Wordt gebruikt in apparatuur voor het egaliseren van land in de landbouw, waar nauwkeurige nivellering en het gladmaken van de bodem vereist zijn voor effici\u00ebnte irrigatie en beplanting.<\/li>\n<\/ul>\n<\/li>\n<li><strong>Apparatuur voor het oogsten van voedergewassen:<\/strong>\n<ul>\n<li><strong>Hakselaars<\/strong>: Ge\u00efntegreerd in veldhakselaars om gewassen effici\u00ebnt te harken en te verzamelen, en om te zorgen dat het materiaal op de juiste manier in de oogstmachine wordt gevoerd.<\/li>\n<li><strong>Zwaderaars<\/strong>:De FMP190-transmissie kan worden gebruikt in zwadmaaiers voor het maaien en in zwadvorm brengen van voedergewassen, zoals luzerne of klaver, ter voorbereiding op verdere verwerking.<\/li>\n<\/ul>\n<\/li>\n<li><strong>Onderhoud van graszoden en sportvelden:<\/strong>\n<ul>\n<li><strong>Grasmaaiers en harken<\/strong>:Wordt gebruikt in apparatuur voor het onderhouden van sportvelden, voor het egaliseren en harken van grasmatten. Hierdoor wordt een gelijkmatige grashoogte en een glad, vlak oppervlak gegarandeerd.<\/li>\n<li><strong>Gazononderhoudsapparatuur<\/strong>: Helpt bij het egaliseren van het gazon en het behouden van een gelijkmatige ondergrond bij grotere gazononderhoudsmachines die worden gebruikt voor openbare ruimtes of golfbanen.<\/li>\n<\/ul>\n<\/li>\n<li><strong>Aanbouwdelen voor landbouwtractoren:<\/strong>\n<ul>\n<li><strong>Tractor-aangedreven harken<\/strong>:De FMP190-versnellingsbak wordt vaak gebruikt in werktuigen die worden aangedreven door tractoren en zorgt voor effici\u00ebnt harken van zowel hooi- als stroverzameling op grote boerderijen.<\/li>\n<li><strong>Multifunctionele tractorwerktuigen<\/strong>:Het kan worden aangepast voor gebruik in multifunctionele aanbouwdelen, waar het helpt bij het overbrengen van vermogen voor egaliseren, harken en andere taken op het gebied van bodembeheer.<\/li>\n<\/ul>\n<\/li>\n<\/ol>\n<p>Kortom, de FMP190 Grader Driven Rake Gearbox is ideaal voor een breed scala aan landbouw-, industri\u00eble en bosbouwtoepassingen. De machine biedt een hoog koppel, duurzaamheid en betrouwbare prestaties bij taken vari\u00ebrend van het harken van hooi en veevoer tot het egaliseren van wegen en het voorbereiden van de bodem.<\/p>\n<p><img loading=\"lazy\" decoding=\"async\" class=\"alignnone size-full wp-image-2719\" src=\"https:\/\/fmp-components.com\/wp-content\/uploads\/2025\/01\/Grader-Driven-Rake-Gearbox-FMP190-Applications1.webp\" alt=\"Grader-aangedreven-hark-tandwielkast-FMP190-toepassingen (1)\" width=\"1920\" height=\"1080\" title=\"\" srcset=\"https:\/\/fmp-components.com\/wp-content\/uploads\/2025\/01\/Grader-Driven-Rake-Gearbox-FMP190-Applications1.webp 1920w, https:\/\/fmp-components.com\/wp-content\/uploads\/2025\/01\/Grader-Driven-Rake-Gearbox-FMP190-Applications1-1280x720.webp 1280w, https:\/\/fmp-components.com\/wp-content\/uploads\/2025\/01\/Grader-Driven-Rake-Gearbox-FMP190-Applications1-980x551.webp 980w, https:\/\/fmp-components.com\/wp-content\/uploads\/2025\/01\/Grader-Driven-Rake-Gearbox-FMP190-Applications1-480x270.webp 480w\" sizes=\"(min-width: 0px) and (max-width: 480px) 480px, (min-width: 481px) and (max-width: 980px) 980px, (min-width: 981px) and (max-width: 1280px) 1280px, (min-width: 1281px) 1920px, 100vw\" \/><\/p>\n<h2>Over FMP<\/h2>\n<p>FMP, gevestigd in Itali\u00eb, is een toonaangevende fabrikant die gespecialiseerd is in het ontwerp, de ontwikkeling en de productie van hoogwaardige tandwielkasten, met een bijzondere focus op de landbouwmachinesector. FMP staat bekend om zijn precisietechniek, innovatieve oplossingen en onwrikbare betrouwbaarheid en is uitgegroeid tot een vertrouwde partner voor zowel de landbouw- als de industri\u00eble sector. Ons uitgebreide productportfolio omvat gespecialiseerde tandwielkasten voor grasmaaiers, aftakassen en andere belangrijke componenten, allemaal zorgvuldig ontworpen om maatwerkoplossingen te bieden voor een breed scala aan toepassingen.<\/p>\n<p>Bij FMP erkennen we dat elke klant unieke uitdagingen en eisen heeft. Daarom richten we ons op het leveren van maatwerkoplossingen, of het nu gaat om individuele componenten of volledig ge\u00efntegreerde systemen. We werken nauw samen met onze klanten om ervoor te zorgen dat elke oplossing niet alleen effectief, maar ook effici\u00ebnt is, en zowel de prestaties als de waarde optimaliseert. Onze toewijding aan snelle, professionele antwoorden, gecombineerd met deskundige begeleiding, garandeert dat elke aanvraag met de grootste zorg wordt behandeld, wat resulteert in de best mogelijke resultaten.<\/p>\n<p>Open en continue communicatie is een hoeksteen van onze aanpak. Ons toegewijde team werkt nauw samen met klanten gedurende het hele productontwikkelingsproces om een \u200b\u200bdiepgaand begrip te krijgen van hun specifieke behoeften. We bieden waardevolle inzichten en aanbevelingen om optimale oplossingen te garanderen. Of we nu nieuwe producten ontwerpen of lopende orders uitvoeren, FMP streeft ernaar om hoogwaardige, nauwkeurig ontworpen oplossingen op tijd te leveren, elke keer weer. Onze missie is om de verwachtingen van de klant te overtreffen en bij elk project uitstekende service en resultaten te leveren.<\/p>\n<p>Kwaliteit staat centraal in alles wat we doen. We hanteren de hoogste productienormen en implementeren strenge kwaliteitscontroleprocedures om ervoor te zorgen dat elk product voldoet aan de industrienormen of deze zelfs overtreft. Deze toewijding aan uitmuntendheid, gecombineerd met onze kernwaarden integriteit, teamwork en doorzettingsvermogen, heeft FMP geholpen om langdurige, op vertrouwen gebaseerde relaties op te bouwen met klanten in bijna 30 landen wereldwijd.<\/p>\n<p>FMP streeft er altijd naar om wereldwijde partnerschappen te bevorderen en blijft zich inzetten voor deskundig advies en maatwerkoplossingen die aansluiten bij de uiteenlopende behoeften van onze klanten. We leveren niet alleen producten, maar streven naar duurzame relaties die bijdragen aan het succes van elk project op de lange termijn. Of u nu innovatieve oplossingen nodig hebt voor een nieuw initiatief of doorlopende ondersteuning voor een bestaand systeem, FMP staat klaar om uw technische uitdagingen aan te gaan en uw voortdurende succes te garanderen.<\/p>\n<p><img loading=\"lazy\" decoding=\"async\" class=\"alignnone wp-image-2695\" src=\"https:\/\/fmp-components.com\/wp-content\/uploads\/2025\/01\/agricultural-gearbox3.webp\" alt=\"landbouwversnellingsbak\" width=\"953\" height=\"951\" title=\"\" srcset=\"https:\/\/fmp-components.com\/wp-content\/uploads\/2025\/01\/agricultural-gearbox3.webp 953w, https:\/\/fmp-components.com\/wp-content\/uploads\/2025\/01\/agricultural-gearbox3-480x479.webp 480w\" sizes=\"(min-width: 0px) and (max-width: 480px) 480px, (min-width: 481px) 953px, 100vw\" \/><\/p>\n<p>Auteur: CX<\/p>","protected":false},"excerpt":{"rendered":"<p>Grader Driven Rake Gearbox FMP190 Dimensions Grader Driven Rake Gearbox FMP190 Turn Grader Driven Rake Gearbox FMP190 Technical Data i Suitable Rpm input Rpm output KW(Nom) KW(Max) Toothing r\/min r\/min hp hp Decelerate 1.93:1 Rotary Tillers, Beaters, etc 540 280 24 45 Gleason Helical Teeth Decelerate 1.46: 1 540 370 44 62 Remark: If you [&hellip;]<\/p>","protected":false},"featured_media":2720,"comment_status":"open","ping_status":"closed","template":"","meta":{"_et_pb_use_builder":"","_et_pb_old_content":"","_et_gb_content_width":""},"product_brand":[],"product_cat":[66],"product_tag":[],"class_list":{"0":"post-2717","1":"product","2":"type-product","3":"status-publish","4":"has-post-thumbnail","6":"product_cat-grader-driven-rake-gearbox","8":"first","9":"instock","10":"shipping-taxable","11":"product-type-simple"},"_links":{"self":[{"href":"https:\/\/fmp-components.com\/nl\/wp-json\/wp\/v2\/product\/2717","targetHints":{"allow":["GET"]}}],"collection":[{"href":"https:\/\/fmp-components.com\/nl\/wp-json\/wp\/v2\/product"}],"about":[{"href":"https:\/\/fmp-components.com\/nl\/wp-json\/wp\/v2\/types\/product"}],"replies":[{"embeddable":true,"href":"https:\/\/fmp-components.com\/nl\/wp-json\/wp\/v2\/comments?post=2717"}],"wp:featuredmedia":[{"embeddable":true,"href":"https:\/\/fmp-components.com\/nl\/wp-json\/wp\/v2\/media\/2720"}],"wp:attachment":[{"href":"https:\/\/fmp-components.com\/nl\/wp-json\/wp\/v2\/media?parent=2717"}],"wp:term":[{"taxonomy":"product_brand","embeddable":true,"href":"https:\/\/fmp-components.com\/nl\/wp-json\/wp\/v2\/product_brand?post=2717"},{"taxonomy":"product_cat","embeddable":true,"href":"https:\/\/fmp-components.com\/nl\/wp-json\/wp\/v2\/product_cat?post=2717"},{"taxonomy":"product_tag","embeddable":true,"href":"https:\/\/fmp-components.com\/nl\/wp-json\/wp\/v2\/product_tag?post=2717"}],"curies":[{"name":"wp","href":"https:\/\/api.w.org\/{rel}","templated":true}]}}