{"id":2039,"date":"2024-12-30T01:00:18","date_gmt":"2024-12-30T01:00:18","guid":{"rendered":"https:\/\/fmp-components.com\/?page_id=8"},"modified":"2024-12-30T01:08:49","modified_gmt":"2024-12-30T01:08:49","slug":"agricultural-lawn-mower-gearbox-fmp-140","status":"publish","type":"product","link":"https:\/\/fmp-components.com\/nl\/product\/agricultural-lawn-mower-gearbox-fmp-140\/","title":{"rendered":"Landbouwgrasmaaier versnellingsbak FMP-140"},"content":{"rendered":"<h2>Landbouwgrasmaaierversnellingsbak FMP-140 \u2013 Productintroductie<\/h2>\n<p>De FMP-140 landbouwversnellingsbak voor grasmaaiers is een hoogwaardige, duurzame versnellingsbak die speciaal is ontworpen voor grasmaaiers en andere landbouwmachines. De FMP-140 is ontwikkeld door FMP, een toonaangevende fabrikant van precisieversnellingsbakken, en combineert betrouwbaarheid, effici\u00ebntie en langdurige prestaties om te voldoen aan de eisen van zowel commerci\u00eble als particuliere maai-toepassingen.<\/p>\n<p><strong>Belangrijkste kenmerken:<\/strong><\/p>\n<ol>\n<li><strong>Robuuste constructie:<\/strong> De FMP-140 is gemaakt van hoogwaardige materialen om de zware omstandigheden van agrarisch werk te weerstaan. Het duurzame ontwerp zorgt ervoor dat hij bestand is tegen intensief gebruik en een lange levensduur heeft, zelfs in veeleisende omgevingen.<\/li>\n<li><strong>Hoge effici\u00ebntie:<\/strong> Deze versnellingsbak is ontworpen om de operationele effici\u00ebntie te maximaliseren en zorgt voor een soepele krachtoverbrenging met minimaal energieverlies. Hij maakt optimale prestaties mogelijk voor grasmaaiers en levert een constante kracht aan de snijbladen voor een schone en precieze snede.<\/li>\n<li><strong>Compact en lichtgewicht:<\/strong> De FMP-140 versnellingsbak heeft een compact en lichtgewicht ontwerp, waardoor hij eenvoudig te installeren en te integreren is in diverse grasmaaiersystemen. Ondanks zijn kleine formaat levert hij geen concessies aan vermogen of prestaties.<\/li>\n<li><strong>Veelzijdigheid:<\/strong> De FMP-140 is zeer aanpasbaar en kan worden gebruikt in diverse landbouwmachines, waaronder roterende maaiers, bosmaaiers en andere soortgelijke apparatuur. Dankzij zijn veelzijdigheid is het een betrouwbare keuze voor uiteenlopende toepassingen.<\/li>\n<li><strong>Eenvoudig onderhoud:<\/strong> De FMP-140-versnellingsbak is ontworpen met het oog op eenvoudig onderhoud. Het simpele, maar robuuste ontwerp zorgt ervoor dat routineonderhoud ongecompliceerd is, waardoor stilstand tot een minimum wordt beperkt en de werkzaamheden soepel blijven verlopen.<\/li>\n<li><strong>Aanpasbare opties:<\/strong> FMP biedt aanpassingsmogelijkheden voor de FMP-140 versnellingsbak, waardoor deze kan worden afgestemd op specifieke klantbehoeften, waaronder aanpassingen aan de in- en uitgaande assen, lagerdiameter en montageconfiguraties.<\/li>\n<\/ol>\n<p><strong>Toepassingen:<\/strong><\/p>\n<ul>\n<li>Landbouwgrasmaaiers<\/li>\n<li>Rotatiemaaiers<\/li>\n<li>Bosmaaiers<\/li>\n<li>Gazononderhoudsmachines<\/li>\n<li>Andere landbouwmachines die een effici\u00ebnte krachtoverbrenging vereisen.<\/li>\n<\/ul>\n<table style=\"width: 96.2203%; height: 596px;\" border=\"1\" width=\"100%\" cellspacing=\"0\" cellpadding=\"0\">\n<tbody>\n<tr>\n<td width=\"110\"><img loading=\"lazy\" decoding=\"async\" class=\"alignnone size-full wp-image-2040\" src=\"https:\/\/fmp-components.com\/wp-content\/uploads\/2024\/12\/FMP_agricultural-gearbox-HC-140-2.webp\" alt=\"FMP_agricultural-gearbox-HC-140-2\" width=\"413\" height=\"553\" title=\"\" srcset=\"https:\/\/fmp-components.com\/wp-content\/uploads\/2024\/12\/FMP_agricultural-gearbox-HC-140-2.webp 413w, https:\/\/fmp-components.com\/wp-content\/uploads\/2024\/12\/FMP_agricultural-gearbox-HC-140-2-224x300.webp 224w, https:\/\/fmp-components.com\/wp-content\/uploads\/2024\/12\/FMP_agricultural-gearbox-HC-140-2-9x12.webp 9w\" sizes=\"(max-width: 413px) 100vw, 413px\" \/><\/td>\n<td width=\"98\"><img loading=\"lazy\" decoding=\"async\" class=\"alignnone size-full wp-image-2041\" src=\"https:\/\/fmp-components.com\/wp-content\/uploads\/2024\/12\/Lawn-Mower-Gearbox-9.webp\" alt=\"Grasmaaier-versnellingsbak\" width=\"500\" height=\"500\" title=\"\" srcset=\"https:\/\/fmp-components.com\/wp-content\/uploads\/2024\/12\/Lawn-Mower-Gearbox-9.webp 500w, https:\/\/fmp-components.com\/wp-content\/uploads\/2024\/12\/Lawn-Mower-Gearbox-9-480x480.webp 480w\" sizes=\"(min-width: 0px) and (max-width: 480px) 480px, (min-width: 481px) 500px, 100vw\" \/><\/td>\n<\/tr>\n<\/tbody>\n<\/table>\n<table style=\"width: 97.407%; height: 214px;\" border=\"1\">\n<tbody>\n<tr>\n<td style=\"width: 31.0059%;\"><strong>ITEM<\/strong><\/td>\n<td style=\"width: 68.284%;\">FMP-140<\/td>\n<\/tr>\n<tr>\n<td style=\"width: 31.0059%;\"><strong>Verhouding<\/strong><\/td>\n<td style=\"width: 68.284%;\">1:1.5\/1:1.93<\/td>\n<\/tr>\n<tr>\n<td style=\"width: 31.0059%;\"><strong>Tanden<\/strong><\/td>\n<td style=\"width: 68.284%;\">21\/14 27\/14<\/td>\n<\/tr>\n<tr>\n<td style=\"width: 31.0059%;\"><strong>Module<\/strong><\/td>\n<td style=\"width: 68.284%;\">\u00a05.7 \/5.64<\/td>\n<\/tr>\n<tr>\n<td style=\"width: 31.0059%;\"><strong>Vermogen (PK)<\/strong><\/td>\n<td style=\"width: 68.284%;\">60<\/td>\n<\/tr>\n<tr>\n<td style=\"width: 31.0059%;\"><strong>Nominale invoer<\/strong><\/td>\n<td style=\"width: 68.284%;\">540 tpm<\/td>\n<\/tr>\n<tr>\n<td style=\"width: 31.0059%;\"><strong>Input\/Output Beschrijving<\/strong><\/td>\n<td style=\"width: 68.284%;\">1-3\/8 Z6 taps toelopende spline<\/td>\n<\/tr>\n<tr>\n<td style=\"width: 31.0059%;\"><strong>Gewicht (NW)<\/strong><\/td>\n<td style=\"width: 68.284%;\">30 kg<\/td>\n<\/tr>\n<\/tbody>\n<\/table>\n<article class=\"w-full scroll-mb-[var(--thread-trailing-height,150px)] text-token-text-primary focus-visible:outline-2 focus-visible:outline-offset-[-4px]\" dir=\"auto\" data-testid=\"conversation-turn-11\" data-scroll-anchor=\"true\">\n<div class=\"m-auto text-base py-[18px] px-3 md:px-4 w-full md:px-5 lg:px-4 xl:px-5\">\n<div class=\"mx-auto flex flex-1 gap-4 text-base md:gap-5 lg:gap-6 md:max-w-3xl lg:max-w-[40rem] xl:max-w-[48rem]\">\n<div class=\"group\/conversation-turn relative flex w-full min-w-0 flex-col agent-turn\">\n<div class=\"flex-col gap-1 md:gap-3\">\n<div class=\"flex max-w-full flex-col flex-grow\">\n<div class=\"min-h-8 text-message flex w-full flex-col items-end gap-2 whitespace-normal break-words text-start [.text-message+&amp;]:mt-5\" dir=\"auto\" data-message-author-role=\"assistant\" data-message-id=\"34732349-e34e-4f41-bcf6-f51e6a4c4ca7\" data-message-model-slug=\"gpt-4o\">\n<div class=\"flex w-full flex-col gap-1 empty:hidden first:pt-[3px]\">\n<div class=\"markdown prose w-full break-words dark:prose-invert light\">\n<h2>Voordelen van de FMP-140 versnellingsbak voor landbouwgrasmaaiers<\/h2>\n<p>De FMP-140 landbouwversnellingsbak voor grasmaaiers is speciaal ontworpen om de prestaties, effici\u00ebntie en duurzaamheid van grasmaaiers en andere landbouwmachines te verbeteren. Hieronder vindt u de belangrijkste voordelen van de FMP-140 versnellingsbak:<\/p>\n<ol>\n<li>Uitzonderlijke duurzaamheid en lange levensduur:\n<ul>\n<li>De FMP-140 is vervaardigd met hoogwaardige materialen en nauwkeurige fabricage, wat garant staat voor een robuuste en duurzame versnellingsbak die bestand is tegen intensief gebruik.<\/li>\n<li>De duurzame constructie is bestand tegen de zware omstandigheden van agrarische omgevingen, waardoor de behoefte aan frequente reparaties of vervangingen wordt verminderd.<\/li>\n<\/ul>\n<\/li>\n<li>Verbeterde operationele effici\u00ebntie:\n<ul>\n<li>De versnellingsbak is ontworpen voor maximale effici\u00ebntie van de krachtoverbrenging, waardoor energieverlies tussen de motor en de snijbladen tot een minimum wordt beperkt.<\/li>\n<li>Deze effici\u00ebntie leidt tot een lager brandstofverbruik, lagere bedrijfskosten en betere algehele prestaties, waardoor het een kosteneffectieve keuze is voor zowel commerci\u00eble als residenti\u00eble toepassingen.<\/li>\n<\/ul>\n<\/li>\n<li>Veelzijdigheid in diverse toepassingen:\n<ul>\n<li>De FMP-140 versnellingsbak is compatibel met een breed scala aan landbouw- en gazononderhoudsmachines, waaronder roterende maaiers, bosmaaiers en gazononderhoudsapparatuur.<\/li>\n<li>Dankzij het veelzijdige ontwerp kan het worden gebruikt in verschillende soorten grasmaaiers en tuinmachines, waardoor het een flexibele oplossing biedt voor uiteenlopende operationele behoeften.<\/li>\n<\/ul>\n<\/li>\n<li>Compact en lichtgewicht:\n<ul>\n<li>Ondanks zijn robuuste prestaties is de FMP-140 compact en licht van gewicht, waardoor hij gemakkelijker te installeren en in diverse systemen te integreren is.<\/li>\n<li>Dit vermindert het totale gewicht van de machine, waardoor de manoeuvreerbaarheid en het bedieningsgemak tijdens het gebruik verbeteren.<\/li>\n<\/ul>\n<\/li>\n<li>Weinig onderhoud nodig en eenvoudig te repareren:\n<ul>\n<li>De FMP-140 versnellingsbak is ontworpen met het oog op gebruiksvriendelijk onderhoud en beschikt over gemakkelijk toegankelijke onderdelen voor routineonderhoud en reparaties.<\/li>\n<li>Het eenvoudige ontwerp minimaliseert de behoefte aan gespecialiseerd gereedschap of technische expertise, wat helpt om onderhoudskosten en stilstandtijd te verlagen.<\/li>\n<\/ul>\n<\/li>\n<\/ol>\n<p>De FMP-140 landbouwversnellingsbak voor grasmaaiers biedt talrijke voordelen, waardoor het een ideale keuze is voor iedereen die op zoek is naar een betrouwbare, effici\u00ebnte en duurzame versnellingsbak voor grasmaaiers en landbouwmachines. Met zijn veelzijdigheid, eenvoudig onderhoud en superieure prestaties onder zware omstandigheden is de FMP-140 ontworpen om een \u200b\u200buitstekende prijs-kwaliteitverhouding en langdurige betrouwbaarheid in het veld te bieden.<\/p>\n<p><img loading=\"lazy\" decoding=\"async\" class=\"alignnone  wp-image-1961\" src=\"https:\/\/fmp-components.com\/wp-content\/uploads\/2024\/12\/Lawn-Mower-Gearbox-1.webp\" alt=\"Grasmaaier-versnellingsbak\" width=\"928\" height=\"620\" title=\"\" srcset=\"https:\/\/fmp-components.com\/wp-content\/uploads\/2024\/12\/Lawn-Mower-Gearbox-1.webp 928w, https:\/\/fmp-components.com\/wp-content\/uploads\/2024\/12\/Lawn-Mower-Gearbox-1-480x321.webp 480w\" sizes=\"(min-width: 0px) and (max-width: 480px) 480px, (min-width: 481px) 928px, 100vw\" \/><\/p>\n<\/div>\n<\/div>\n<\/div>\n<\/div>\n<\/div>\n<\/div>\n<\/div>\n<\/div>\n<\/article>\n<h3>Waarom kiezen voor de FMP-140 versnellingsbak?<\/h3>\n<p>De FMP-140 is ontworpen voor hoge prestaties, betrouwbaarheid en gebruiksgemak. Dankzij FMP's toewijding aan precisietechniek en kwaliteit, zorgt de FMP-140 versnellingsbak ervoor dat uw grasmaaier effici\u00ebnt en effectief werkt, zelfs onder zware omstandigheden. Of u nu grote landgoederen, commerci\u00eble panden of landbouwvelden onderhoudt, deze versnellingsbak biedt de betrouwbaarheid en kracht die nodig zijn voor superieure maairesultaten.<\/p>\n<p>Voor meer informatie of om te informeren naar maatwerkoplossingen, kunt u vandaag nog contact opnemen met FMP. Wij zetten ons in om de beste oplossingen te leveren die zijn afgestemd op uw specifieke behoeften.<\/p>\n<h3>Over FMP<\/h3>\n<p>Het in Itali\u00eb gevestigde FMP is een gerenommeerd leider in het ontwerpen, ontwikkelen en produceren van hoogwaardige versnellingsbakken, met een primaire focus op de landbouwmachinesector. FMP staat bekend om zijn expertise in precisietechniek, innovatie en betrouwbaarheid en heeft een reputatie opgebouwd voor het leveren van hoogwaardige producten die inspelen op de veranderende eisen van de landbouw- en industrie. Ons diverse productassortiment omvat gespecialiseerde versnellingsbakken voor grasmaaiers, aftakasassen en een verscheidenheid aan essenti\u00eble componenten, allemaal ontworpen om oplossingen op maat te bieden voor een breed scala aan toepassingen.<\/p>\n<p>Bij FMP erkennen we dat elke klant unieke behoeften heeft. Daarom zijn we gespecialiseerd in het aanbieden van oplossingen op maat \u2013 of het nu gaat om losse componenten of volledig ge\u00efntegreerde systemen. We werken samen met onze klanten om ervoor te zorgen dat elke oplossing effectief \u00e9n effici\u00ebnt is. Onze toewijding aan snelle, professionele reacties en deskundig advies garandeert dat elke vraag met precisie en zorg wordt beantwoord.<\/p>\n<p>Wij hechten grote waarde aan open en continue communicatie, met name als het gaat om productontwikkeling. Ons team werkt rechtstreeks samen met klanten om hun specifieke uitdagingen volledig te begrijpen en biedt bruikbare inzichten die leiden tot optimale oplossingen. Of we nu nieuwe producten ontwikkelen of bestaande orders uitvoeren, onze toewijding aan het leveren van hoogwaardige, nauwkeurig ontworpen oplossingen blijft onveranderd.<\/p>\n<p>Kwaliteit vormt de basis van alles wat we bij FMP doen. We hanteren de hoogste productienormen en implementeren strenge kwaliteitscontroles om ervoor te zorgen dat elk product voldoet aan, of zelfs overtreft, de verwachtingen van de industrie. Onze onophoudelijke inzet voor kwaliteit, gecombineerd met onze kernwaarden integriteit, teamwork en doorzettingsvermogen, heeft ons geholpen langdurige relaties op te bouwen met klanten in bijna 30 landen wereldwijd.<\/p>\n<p>FMP staat altijd open voor internationale samenwerkingen en zet zich in voor deskundig advies en maatwerkoplossingen om aan de uiteenlopende behoeften van onze klanten te voldoen. We doen meer dan alleen producten leveren; we richten ons op het opbouwen van duurzame relaties en het garanderen van het succes van elk project. Of u nu op zoek bent naar innovatieve oplossingen voor een nieuw initiatief of ondersteuning nodig heeft voor een bestaand systeem, FMP is vastbesloten uw technische uitdagingen aan te pakken en u te helpen duurzaam succes te behalen.<\/p>\n<p><img loading=\"lazy\" decoding=\"async\" class=\"alignnone size-full wp-image-1861\" src=\"https:\/\/fmp-components.com\/wp-content\/uploads\/2024\/12\/Other-Agricultural-Gearboxes.webp\" sizes=\"(min-width: 0px) and (max-width: 480px) 480px, (min-width: 481px) and (max-width: 980px) 980px, (min-width: 981px) 1200px, 100vw\" srcset=\"https:\/\/fmp-components.com\/wp-content\/uploads\/2024\/12\/Other-Agricultural-Gearboxes.webp 1200w, https:\/\/fmp-components.com\/wp-content\/uploads\/2024\/12\/Other-Agricultural-Gearboxes-980x1143.webp 980w, https:\/\/fmp-components.com\/wp-content\/uploads\/2024\/12\/Other-Agricultural-Gearboxes-480x560.webp 480w\" alt=\"Altri-cambi-agricoli\" width=\"1200\" height=\"1400\" title=\"\"><\/p>\n<p>Auteur: CX<\/p>\n<p>&nbsp;<\/p>","protected":false},"excerpt":{"rendered":"<p>Agricultural Lawn Mower Gearbox FMP-140 \u2013 Product Introduction The FMP-140 Agricultural Lawn Mower Gearbox is a high-performance, durable gearbox designed specifically for lawn mowers and other agricultural machinery. Engineered by FMP, a leading manufacturer of precision gearboxes, the FMP-140 combines reliability, efficiency, and long-lasting performance to meet the demands of both commercial and residential mowing [&hellip;]<\/p>","protected":false},"featured_media":2041,"comment_status":"open","ping_status":"closed","template":"","meta":{"_et_pb_use_builder":"","_et_pb_old_content":"","_et_gb_content_width":""},"product_brand":[],"product_cat":[52],"product_tag":[],"class_list":{"0":"post-2039","1":"product","2":"type-product","3":"status-publish","4":"has-post-thumbnail","6":"product_cat-lawn-mower-gearbox","8":"first","9":"instock","10":"shipping-taxable","11":"product-type-simple"},"_links":{"self":[{"href":"https:\/\/fmp-components.com\/nl\/wp-json\/wp\/v2\/product\/2039","targetHints":{"allow":["GET"]}}],"collection":[{"href":"https:\/\/fmp-components.com\/nl\/wp-json\/wp\/v2\/product"}],"about":[{"href":"https:\/\/fmp-components.com\/nl\/wp-json\/wp\/v2\/types\/product"}],"replies":[{"embeddable":true,"href":"https:\/\/fmp-components.com\/nl\/wp-json\/wp\/v2\/comments?post=2039"}],"wp:featuredmedia":[{"embeddable":true,"href":"https:\/\/fmp-components.com\/nl\/wp-json\/wp\/v2\/media\/2041"}],"wp:attachment":[{"href":"https:\/\/fmp-components.com\/nl\/wp-json\/wp\/v2\/media?parent=2039"}],"wp:term":[{"taxonomy":"product_brand","embeddable":true,"href":"https:\/\/fmp-components.com\/nl\/wp-json\/wp\/v2\/product_brand?post=2039"},{"taxonomy":"product_cat","embeddable":true,"href":"https:\/\/fmp-components.com\/nl\/wp-json\/wp\/v2\/product_cat?post=2039"},{"taxonomy":"product_tag","embeddable":true,"href":"https:\/\/fmp-components.com\/nl\/wp-json\/wp\/v2\/product_tag?post=2039"}],"curies":[{"name":"wp","href":"https:\/\/api.w.org\/{rel}","templated":true}]}}