{"id":1843,"date":"2024-12-24T06:35:24","date_gmt":"2024-12-24T06:35:24","guid":{"rendered":"https:\/\/fmp-components.com\/?page_id=8"},"modified":"2024-12-24T06:51:56","modified_gmt":"2024-12-24T06:51:56","slug":"post-hole-digger-gearbox-replacement-of-comer-code-t-290f","status":"publish","type":"product","link":"https:\/\/fmp-components.com\/nl\/product\/post-hole-digger-gearbox-replacement-of-comer-code-t-290f\/","title":{"rendered":"Tandwielkast voor grondboor \u2013 Vervanging van hoekcode T-290F"},"content":{"rendered":"<p>Onze paalboorkast is speciaal ontworpen als vervanging voor de Comer Code T-290F. Deze kast garandeert uitstekende prestaties en duurzaamheid voor diverse boortoepassingen.<\/p>\n<h3>Belangrijkste kenmerken:<\/h3>\n<ul>\n<li><strong>Hoog koppel<\/strong>:Deze versnellingsbak is ontworpen om een \u200b\u200buitzonderlijk koppel te leveren en brengt het vermogen van de tractor effectief over op de vijzel. Hierdoor is hij ideaal voor zware bodemomstandigheden.<\/li>\n<li><strong>Robuuste constructie<\/strong>:Onze tandwielkasten zijn vervaardigd van hoogwaardige materialen en zijn daardoor zeer sterk en slijtvast. Zo garanderen we een lange levensduur.<\/li>\n<li><strong>Precisiebewerking<\/strong>:Elke unit is nauwkeurig vervaardigd om een \u200b\u200bsoepele werking en optimale prestaties te garanderen, waarbij energieverlies tijdens gebruik tot een minimum wordt beperkt.<\/li>\n<li><strong>Compact ontwerp<\/strong>:De compacte afmetingen maken een eenvoudige installatie mogelijk en zijn compatibel met verschillende paalgatgraafsystemen zonder dat er extra volume wordt toegevoegd.<\/li>\n<li><strong>Veelzijdige compatibiliteit<\/strong>: Ontworpen voor een breed scala aan tractoren en graafwerktuigen, waardoor het geschikt is voor diverse landbouw- en bouwtoepassingen.<\/li>\n<li><strong>Effectief afdichtingssysteem<\/strong>:Ge\u00efntegreerde afdichtingen voorkomen dat verontreinigingen de versnellingsbak binnendringen, waardoor de smering behouden blijft en de levensduur van interne componenten wordt verlengd.<\/li>\n<li><strong>Lage onderhoudsvereisten<\/strong>:Deze versnellingsbak is ontworpen voor duurzaamheid en vereist minimaal onderhoud, waardoor gebruikers zich kunnen concentreren op hun taken zonder dat er sprake is van frequente uitvaltijd.<\/li>\n<\/ul>\n<p>Onze grondboorkast, als vervanging voor de Comer Code T-290F, is ontworpen voor hoge prestaties en betrouwbaarheid. Met zijn robuuste ontwerp en nauwkeurige techniek is het de ideale oplossing voor al uw boorbehoeften. Neem vandaag nog contact met ons op voor meer informatie of om een \u200b\u200bbestelling te plaatsen!<\/p>\n<h2>Productspecificaties:<\/h2>\n<table style=\"width: 100%;\" border=\"1\" width=\"100%\" cellspacing=\"0\" cellpadding=\"0\">\n<tbody>\n<tr>\n<th>Beschrijving<\/th>\n<td>Tandwielkast voor grondboor \u2013 Vervanging van hoekcode T-290F<\/td>\n<\/tr>\n<tr>\n<th>Sollicitatie<\/th>\n<td>Diverse (landbouw)toepassingen<\/td>\n<\/tr>\n<tr>\n<th>Bestaat uit<\/th>\n<td>Versnellingsbak<\/td>\n<\/tr>\n<tr>\n<th>Zonder olie<\/th>\n<td>Technische informatie<\/td>\n<\/tr>\n<tr>\n<th>Maximaal ingangsvermogen<\/th>\n<td>66,2 kW<\/td>\n<\/tr>\n<tr>\n<th>Maximaal uitgangskoppel<\/th>\n<td>1135 nm<\/td>\n<\/tr>\n<tr>\n<th>Bevat olie<\/th>\n<td>Nee<\/td>\n<\/tr>\n<tr>\n<th>Maximale oliecapaciteit<\/th>\n<td>2,3 liter<\/td>\n<\/tr>\n<tr>\n<th>Maximale olieverversingsinterval<\/th>\n<td>500 uur<\/td>\n<\/tr>\n<tr>\n<th>Olie SAE-viscositeitsklasse<\/th>\n<td>80W-90<\/td>\n<\/tr>\n<tr>\n<th>Behuizingsmateriaal<\/th>\n<td>Gietijzer GG25<\/td>\n<\/tr>\n<tr>\n<th>Gewicht<\/th>\n<td>30 kg<\/td>\n<\/tr>\n<tr>\n<th>Tandwielopstelling<\/th>\n<td>5 &#8211; 6<\/td>\n<\/tr>\n<tr>\n<th>Verhouding<\/th>\n<td>1: 1<\/td>\n<\/tr>\n<tr>\n<th>Ingaande as<\/th>\n<td>Z<\/td>\n<\/tr>\n<tr>\n<th>Schacht X<\/th>\n<td>1 3\/8\u2033 (6) (A)<\/td>\n<\/tr>\n<tr>\n<th>As Y<\/th>\n<td>1 3\/8\u2033 (6) (A)<\/td>\n<\/tr>\n<tr>\n<th>Schacht Z<\/th>\n<td>1 3\/8\u2033 (6) (B)<\/td>\n<\/tr>\n<\/tbody>\n<\/table>\n<h2>Over FMP<\/h2>\n<p>FMP, gevestigd in Itali\u00eb, is toonaangevend in onderzoek, ontwikkeling en productie van een breed scala aan tandwielkasten, reductoren en technische machines. Met een toewijding aan innovatie en uitmuntendheid bieden we een uitgebreid productassortiment, waaronder:<\/p>\n<ul>\n<li><strong>Spiraalvormige kegelwielkasten<\/strong><\/li>\n<li><strong>Rechte versnellingsbakken<\/strong><\/li>\n<li><strong>Wormwielkasten<\/strong><\/li>\n<li><strong>Cilindrische tandwielkasten<\/strong><\/li>\n<li><strong>Hogedruk gegoten kleplichamen en behuizingen<\/strong><\/li>\n<\/ul>\n<p>Onze producten zijn ontworpen voor een breed scala aan toepassingen in sectoren zoals landbouw, bouw en scheepvaart. Ze worden vaak gebruikt in landbouwmaaiers, sneeuwploegen, kunstmeststrooiers, graantransporteurs, industri\u00eble machines, oliewinningsapparatuur en hydraulische systemen.<\/p>\n<p>Bij FMP zijn we trots op onze robuuste technische en onderzoekscapaciteiten. Onze onwrikbare toewijding aan het produceren van betrouwbare, hoogwaardige producten heeft ons gepositioneerd als een gerespecteerde naam in de productiesector. We omarmen een unieke bedrijfsfilosofie die innovatie, kwaliteit en klanttevredenheid vooropstelt, waardoor we ons kunnen aanpassen aan de veranderende behoeften van onze klanten.<\/p>\n<p><img loading=\"lazy\" decoding=\"async\" class=\"alignnone wp-image-1840\" src=\"https:\/\/fmp-components.com\/wp-content\/uploads\/2024\/12\/Post-Hole-Digger-Gearbox-6.webp\" alt=\"Grondboor-versnellingsbak\" width=\"884\" height=\"582\" title=\"\" srcset=\"https:\/\/fmp-components.com\/wp-content\/uploads\/2024\/12\/Post-Hole-Digger-Gearbox-6.webp 884w, https:\/\/fmp-components.com\/wp-content\/uploads\/2024\/12\/Post-Hole-Digger-Gearbox-6-480x316.webp 480w\" sizes=\"(min-width: 0px) and (max-width: 480px) 480px, (min-width: 481px) 884px, 100vw\" \/><\/p>\n<h3>Productieproces voor landbouwtandwielkasten<\/h3>\n<p>De productie van landbouwtandwielkasten is een nauwkeurig proces dat meerdere cruciale stappen omvat, die elk ontworpen zijn om de hoogste kwaliteit en prestaties te garanderen:<\/p>\n<p><strong>Productontwerp<\/strong><br \/>\nDe eerste fase richt zich op het defini\u00ebren van specificaties, het selecteren van materialen en het bepalen van afmetingen die zijn afgestemd op de specifieke toepassingsvereisten. Ons ontwerpteam werkt nauw samen met klanten om hun behoeften te begrijpen en de nieuwste technologische ontwikkelingen te integreren.<\/p>\n<p><strong>Voorbereiding van grondstoffen<\/strong><br \/>\nWe selecteren zorgvuldig essenti\u00eble materialen, voornamelijk gietijzer en aluminiumlegering, en zorgen ervoor dat ze voldoen aan onze strenge kwaliteitsnormen. Elke batch wordt v\u00f3\u00f3r gebruik grondig ge\u00efnspecteerd om optimale prestaties van onze producten te garanderen.<\/p>\n<p><strong>Precisiebewerking<\/strong><br \/>\nDe grondstoffen ondergaan nauwkeurige bewerkingen, waaronder draaien en frezen, om tandwielen, assen en behuizingen met uitzonderlijke nauwkeurigheid te vervaardigen. Onze ultramoderne machines en bekwame technici zorgen ervoor dat elk onderdeel tot in de perfectie wordt vervaardigd.<\/p>\n<p><strong>Montage<\/strong><br \/>\nTijdens de montage worden componenten zoals tandwielen, lagers en assen zorgvuldig in de behuizing gemonteerd. Deze fase omvat strenge precisiecontroles en kalibraties, evenals het gebruik van geschikte smeermiddelen om een \u200b\u200bsoepele en effici\u00ebnte werking te garanderen.<\/p>\n<p><strong>Procesbehandeling<\/strong><br \/>\nOm de sterkte en slijtvastheid te verbeteren, ondergaan tandwielkasten geavanceerde warmtebehandelingsprocessen. Deze cruciale stap zorgt ervoor dat onze producten bestand zijn tegen de zware omstandigheden van veeleisende toepassingen.<\/p>\n<p><strong>Oppervlaktebehandeling<\/strong><br \/>\nWe passen oppervlaktebehandelingen toe zoals polijsten en poedercoaten, waardoor zowel de esthetische aantrekkingskracht als de corrosiebestendigheid van de tandwielkasten worden verbeterd. Dit verbetert niet alleen de duurzaamheid, maar verlengt ook de levensduur van onze producten in diverse omgevingen.<\/p>\n<p><strong>Kwaliteitscontrole<\/strong><br \/>\nIn elke productiefase worden uitgebreide inspecties uitgevoerd, waarbij afmetingen, precisie, geluid en trillingen worden gemeten. Dit strenge kwaliteitscontroleproces garandeert dat onze tandwielkasten voldoen aan strenge veiligheids- en prestatienormen.<\/p>\n<p>De productie van landbouwtandwielkasten bij FMP is een complexe aangelegenheid die vakmanschap, geavanceerde productietechnologie en een grondig kwaliteitscontrolesysteem vereist. Onze nauwgezette aanpak garandeert dat we tandwielkasten leveren die uitzonderlijke prestaties en betrouwbaarheid leveren en voldoen aan de hoge normen die onze klanten verwachten.<\/p>\n<p>Auteur: CX<\/p>","protected":false},"excerpt":{"rendered":"<p>Our Post Hole Digger Gearbox, designed specifically as a replacement for the Comer Code T-290F. This gearbox ensures outstanding performance and durability for various drilling applications. Key Features: High Torque Output: Engineered to provide exceptional torque, this gearbox effectively transfers power from the tractor to the auger, making it ideal for tough soil conditions. Robust [&hellip;]<\/p>","protected":false},"featured_media":1844,"comment_status":"open","ping_status":"closed","template":"","meta":{"_et_pb_use_builder":"","_et_pb_old_content":"","_et_gb_content_width":""},"product_brand":[],"product_cat":[15],"product_tag":[],"class_list":{"0":"post-1843","1":"product","2":"type-product","3":"status-publish","4":"has-post-thumbnail","6":"product_cat-uncategorized","8":"first","9":"instock","10":"shipping-taxable","11":"product-type-simple"},"_links":{"self":[{"href":"https:\/\/fmp-components.com\/nl\/wp-json\/wp\/v2\/product\/1843","targetHints":{"allow":["GET"]}}],"collection":[{"href":"https:\/\/fmp-components.com\/nl\/wp-json\/wp\/v2\/product"}],"about":[{"href":"https:\/\/fmp-components.com\/nl\/wp-json\/wp\/v2\/types\/product"}],"replies":[{"embeddable":true,"href":"https:\/\/fmp-components.com\/nl\/wp-json\/wp\/v2\/comments?post=1843"}],"wp:featuredmedia":[{"embeddable":true,"href":"https:\/\/fmp-components.com\/nl\/wp-json\/wp\/v2\/media\/1844"}],"wp:attachment":[{"href":"https:\/\/fmp-components.com\/nl\/wp-json\/wp\/v2\/media?parent=1843"}],"wp:term":[{"taxonomy":"product_brand","embeddable":true,"href":"https:\/\/fmp-components.com\/nl\/wp-json\/wp\/v2\/product_brand?post=1843"},{"taxonomy":"product_cat","embeddable":true,"href":"https:\/\/fmp-components.com\/nl\/wp-json\/wp\/v2\/product_cat?post=1843"},{"taxonomy":"product_tag","embeddable":true,"href":"https:\/\/fmp-components.com\/nl\/wp-json\/wp\/v2\/product_tag?post=1843"}],"curies":[{"name":"wp","href":"https:\/\/api.w.org\/{rel}","templated":true}]}}