{"id":967,"date":"2024-12-19T03:40:23","date_gmt":"2024-12-19T03:40:23","guid":{"rendered":"https:\/\/fmp-components.com\/product\/10047-cost-effective-double-acting-trailer-hydraulic-cylinder\/"},"modified":"2024-12-19T08:42:34","modified_gmt":"2024-12-19T08:42:34","slug":"10047-cost-effective-double-acting-trailer-hydraulic-cylinder","status":"publish","type":"product","link":"https:\/\/fmp-components.com\/lv\/product\/10047-cost-effective-double-acting-trailer-hydraulic-cylinder\/","title":{"rendered":"10047 Izmaksu zi\u0146\u0101 efekt\u012bvs divk\u0101r\u0161as darb\u012bbas piekabes hidrauliskais cilindrs"},"content":{"rendered":"<p>10047 izmaksu zi\u0146\u0101 efekt\u012bvais divk\u0101r\u0161as darb\u012bbas piekabes hidrauliskais cilindrs ir \u012bpa\u0161i izstr\u0101d\u0101ts piekabju lietojumprogramm\u0101m, nodro\u0161inot uzticamu veiktsp\u0113ju un efektivit\u0101ti par pie\u0146emamu cenu. \u0160is hidrauliskais cilindrs ir ide\u0101li piem\u0113rots piekabju pacel\u0161anai, nolai\u0161anai un pozicion\u0113\u0161anai, garant\u0113jot vienm\u0113r\u012bgu darb\u012bbu da\u017e\u0101dos iekrau\u0161anas un izkrau\u0161anas scen\u0101rijos.<\/p>\n<h4>Galven\u0101s iez\u012bmes:<\/h4>\n<ul>\n<li><strong>Divk\u0101r\u0161as darb\u012bbas dizains<\/strong>: Nodro\u0161ina efekt\u012bvu darb\u012bbu gan izb\u012bd\u012b\u0161anas, gan ievilk\u0161anas laik\u0101, nodro\u0161inot prec\u012bzu kontroli piekabes manevru laik\u0101.<\/li>\n<li><strong>Izmaksu zi\u0146\u0101 efekt\u012bvs risin\u0101jums<\/strong>Pied\u0101v\u0101 izcilu veiktsp\u0113ju, neapdraudot kvalit\u0101ti, padarot to par ekonomisku izv\u0113li piekabju p\u0101rvad\u0101jumiem.<\/li>\n<li><strong>Iztur\u012bga konstrukcija<\/strong>Izgatavots no augstas iztur\u012bbas materi\u0101liem, lai iztur\u0113tu lielas slodzes un skarbu vidi.<\/li>\n<li><strong>Korozijiztur\u012bga apdare<\/strong>P\u0101rkl\u0101ts, lai nov\u0113rstu r\u016bs\u0113\u0161anu un koroziju, nodro\u0161inot ilgm\u016b\u017e\u012bbu un uzticam\u012bbu \u0101ra apst\u0101k\u013cos.<\/li>\n<li><strong>Vienk\u0101r\u0161a uzst\u0101d\u012b\u0161ana<\/strong>Paredz\u0113ts \u0101trai un vienk\u0101r\u0161ai integr\u0101cijai eso\u0161aj\u0101s piekabju sist\u0113m\u0101s, samazinot d\u012bkst\u0101ves laiku. <img loading=\"lazy\" decoding=\"async\" class=\"size-full wp-image-976 aligncenter\" src=\"https:\/\/fmp-components.com\/wp-content\/uploads\/2024\/12\/Welded-Tee-Type-Cylinder2.webp\" alt=\"Metin\u0101ts T veida cilindrs\" width=\"764\" height=\"675\" title=\"\" srcset=\"https:\/\/fmp-components.com\/wp-content\/uploads\/2024\/12\/Welded-Tee-Type-Cylinder2.webp 764w, https:\/\/fmp-components.com\/wp-content\/uploads\/2024\/12\/Welded-Tee-Type-Cylinder2-480x424.webp 480w\" sizes=\"(min-width: 0px) and (max-width: 480px) 480px, (min-width: 481px) 764px, 100vw\" \/><\/li>\n<\/ul>\n<h4>Ieguvumi:<\/h4>\n<ul>\n<li><strong>Paaugstin\u0101ta efektivit\u0101te<\/strong>Uzlabo piekabju darb\u012bbas efektivit\u0101ti, nodro\u0161inot vienm\u0113r\u012bgu un uzticamu pacel\u0161anu un nolai\u0161anu.<\/li>\n<li><strong>Daudzpus\u012bgi pielietojumi<\/strong>Piem\u0113rots da\u017e\u0101du veidu piekab\u0113m, padarot to par daudzpus\u012bgu papildin\u0101jumu j\u016bsu apr\u012bkojumam.<\/li>\n<li><strong>Samazin\u0101tas uztur\u0113\u0161anas izmaksas<\/strong>Iztur\u012bga konstrukcija samazina nodilumu, t\u0101d\u0113j\u0101di samazinot apkopes un nomai\u0146as izmaksas.<\/li>\n<\/ul>\n<p>10047 izmaksu zi\u0146\u0101 efekt\u012bvais divk\u0101r\u0161as darb\u012bbas piekabes hidrauliskais cilindrs ir b\u016btiska sast\u0101vda\u013ca ikvienam, kur\u0161 v\u0113las uzlabot savas piekabes veiktsp\u0113ju, vienlaikus saglab\u0101jot bud\u017eeta apsv\u0113rumus. T\u0101 iztur\u012bgais dizains un uzticam\u0101 funkcionalit\u0101te padara to par gudru izv\u0113li efekt\u012bvai piekabes darb\u012bbai.<\/p>\n<h2>Metin\u0101t\u0101 T veida cilindra priek\u0161roc\u012bbas<\/h2>\n<ul>\n<li style=\"list-style-type: none;\">\n<ul>\n<li><strong>Palielin\u0101ts sp\u0113ks:<\/strong> Metin\u0101tie T veida cilindri ir paz\u012bstami ar savu augsto iztur\u012bbu, padarot tos piem\u0113rotus lietojumiem, kuros nepiecie\u0161ama smagu kravu cel\u0161ana. \u0160o cilindru ra\u017eo\u0161anas laik\u0101 izmantotais metin\u0101\u0161anas process nodro\u0161ina, ka cilindram nav v\u0101ju punktu un tas var iztur\u0113t augstu spiedienu un spriegumu.<\/li>\n<\/ul>\n<\/li>\n<\/ul>\n<p>Kad uz cilindru tiek iedarbin\u0101ts spiediens, tas vienm\u0113r\u012bgi sadal\u0101s pa visu virsmu, padarot to iztur\u012bgu pret deform\u0101ciju. \u0160\u012b \u012bpa\u0161\u012bba nodro\u0161ina, ka cilindrs saglab\u0101 savu formu un struktur\u0101lo integrit\u0101ti pat ekstrem\u0101los apst\u0101k\u013cos.<\/p>\n<ul>\n<li style=\"list-style-type: none;\">\n<ul>\n<li><strong>Nopl\u016b\u017eu nov\u0113r\u0161ana:<\/strong> Metin\u0101tie T veida cilindri ir izstr\u0101d\u0101ti, lai nov\u0113rstu nopl\u016bdes. Ra\u017eo\u0161anas proces\u0101 izmantotais metin\u0101\u0161anas process nodro\u0161ina, ka cilindrs ir piln\u012bb\u0101 nosl\u0113gts un bez jebk\u0101d\u0101m iesp\u0113jam\u0101m nopl\u016bd\u0113m. \u0160\u012b \u012bpa\u0161\u012bba padara tos piem\u0113rotus lieto\u0161anai lietojumos, kur nopl\u016bde var\u0113tu izrais\u012bt nopietnus boj\u0101jumus vai traumas.<\/li>\n<\/ul>\n<\/li>\n<\/ul>\n<p>Metin\u0101tie savienojumi ir gludi, bez plais\u0101m vai riev\u0101m, kur var\u0113tu uzkr\u0101ties gru\u017ei vai net\u012brumi, t\u0101d\u0113j\u0101di samazinot korozijas un cilindra boj\u0101jumu risku.<\/p>\n<ul>\n<li style=\"list-style-type: none;\">\n<ul>\n<li><strong>Piel\u0101gojams:<\/strong> Metin\u0101tos T veida cilindrus var piel\u0101got konkr\u0113tiem pielietojumiem. Cilindri ir pieejami da\u017e\u0101dos izm\u0113ros un form\u0101s, un tos var izgatavot atbilsto\u0161i konkr\u0113t\u0101 pielietojuma pras\u012bb\u0101m.<\/li>\n<\/ul>\n<\/li>\n<\/ul>\n<p>Piel\u0101go\u0161anas process \u013cauj optimiz\u0113t cilindra veiktsp\u0113ju, nodro\u0161inot, ka tas ir piem\u0113rots paredz\u0113tajam pielietojumam. \u0160\u012b \u012bpa\u0161\u012bba padara metin\u0101tus T veida cilindrus ide\u0101li piem\u0113rotus izmanto\u0161anai da\u017e\u0101dos r\u016bpnieciskos pielietojumos, tostarp b\u016bvniec\u012bb\u0101, ieguves r\u016bpniec\u012bb\u0101 un materi\u0101lu apstr\u0101d\u0113.<\/p>\n<ul>\n<li style=\"list-style-type: none;\">\n<ul>\n<li><strong>Izmaksu zi\u0146\u0101 efekt\u012bvs:<\/strong> Metin\u0101tie T veida cilindri ir izmaksu zi\u0146\u0101 efekt\u012bv\u0101ki sal\u012bdzin\u0101jum\u0101 ar cita veida cilindriem. \u0160o cilindru ra\u017eo\u0161anas process ir vienk\u0101r\u0161s, t\u0101p\u0113c tie ir l\u0113t\u0101ki nek\u0101 cita veida cilindri.<\/li>\n<\/ul>\n<\/li>\n<\/ul>\n<p>Turkl\u0101t metin\u0101to T veida cilindru augst\u0101 iztur\u012bba un ilgm\u016b\u017e\u012bba samazina nepiecie\u0161am\u012bbu p\u0113c bie\u017ea remonta un nomai\u0146as, t\u0101d\u0113j\u0101di ietaupot apkopes izmaksas. \u0160\u012b \u012bpa\u0161\u012bba padara tos par popul\u0101ru izv\u0113li daudz\u0101s nozar\u0113s, \u012bpa\u0161i taj\u0101s, kur\u0101m ir ierobe\u017eots bud\u017eets.<\/p>\n<ul>\n<li style=\"list-style-type: none;\">\n<ul>\n<li><strong>Paaugstin\u0101ta efektivit\u0101te:<\/strong> Metin\u0101tie T veida cilindri ir \u013coti efekt\u012bvi un lietder\u012bgi. Cilindra konstrukcija nodro\u0161ina, ka pieliktais sp\u0113ks tiek tie\u0161i p\u0101rnests uz slodzi, samazinot ener\u0123ijas zudumus un palielinot efektivit\u0101ti.<\/li>\n<\/ul>\n<\/li>\n<\/ul>\n<p>Metin\u0101tie savienojumi ir iztur\u012bgi un stingri, samazinot novirzi un nodro\u0161inot, ka cilindrs saglab\u0101 savu formu un struktur\u0101lo integrit\u0101ti pat ekstrem\u0101los apst\u0101k\u013cos. \u0160\u012b \u012bpa\u0161\u012bba padara metin\u0101tos T veida cilindrus ide\u0101li piem\u0113rotus lieto\u0161anai lietojumos, kuriem nepiecie\u0161ama augsta efektivit\u0101te un uzticam\u012bba.<\/p>\n<p><img loading=\"lazy\" decoding=\"async\" class=\"size-full wp-image-977 aligncenter\" src=\"https:\/\/fmp-components.com\/wp-content\/uploads\/2024\/12\/Welded-Tee-Type-Cylinder3.webp\" alt=\"Metin\u0101ts T veida cilindrs\" width=\"653\" height=\"600\" title=\"\" srcset=\"https:\/\/fmp-components.com\/wp-content\/uploads\/2024\/12\/Welded-Tee-Type-Cylinder3.webp 653w, https:\/\/fmp-components.com\/wp-content\/uploads\/2024\/12\/Welded-Tee-Type-Cylinder3-480x441.webp 480w\" sizes=\"(min-width: 0px) and (max-width: 480px) 480px, (min-width: 481px) 653px, 100vw\" \/><\/p>\n<h2>Metin\u0101t\u0101 T veida cilindra pielietojums<\/h2>\n<ul>\n<li>\n<h3>R\u016bpniecisk\u0101s ma\u0161\u012bnas un iek\u0101rtas<\/h3>\n<p>Metin\u0101tie T veida cilindri tiek pla\u0161i izmantoti r\u016bpnieciskaj\u0101s ma\u0161\u012bn\u0101s un iek\u0101rt\u0101s, \u012bpa\u0161i hidrauliskaj\u0101s sist\u0113m\u0101s. Cilindrs sast\u0101v no virzu\u013ca un cilindra caurules, kas ir sametin\u0101ti kop\u0101, veidojot vienu vien\u012bbu. \u0160\u012b konstrukcija pied\u0101v\u0101 vair\u0101kas priek\u0161roc\u012bbas sal\u012bdzin\u0101jum\u0101 ar cita veida cilindriem, piem\u0113ram, uzlabotu iztur\u012bbu, liel\u0101ku stipr\u012bbu un liel\u0101ku precizit\u0101ti.<\/p>\n<p>Viens no svar\u012bg\u0101kajiem metin\u0101t\u0101 T veida cilindra pielietojumiem r\u016bpnieciskaj\u0101s iek\u0101rt\u0101s ir t\u0101 sp\u0113ja nodro\u0161in\u0101t vienm\u0113r\u012bgu un prec\u012bzu sp\u0113ku. Tas ir b\u016btiski daudziem ra\u017eo\u0161anas procesiem, kur nepiecie\u0161ama prec\u012bza kontrole, lai nodro\u0161in\u0101tu gala produkta kvalit\u0101ti. Metin\u0101to T veida cilindru var izmantot ar\u012b, lai regul\u0113tu \u0161\u0137idrumu pl\u016bsmu hidrauliskaj\u0101s sist\u0113m\u0101s, nodro\u0161inot liel\u0101ku efektivit\u0101ti un uzticam\u012bbu da\u017e\u0101dos r\u016bpnieciskos pielietojumos.<\/li>\n<li>\n<h3>Lauksaimniec\u012bbas tehnika<\/h3>\n<p>Metin\u0101tie T veida cilindri tiek pla\u0161i izmantoti ar\u012b lauksaimniec\u012bbas tehnik\u0101, piem\u0113ram, traktoros un kombainos. \u0160\u012bm ma\u0161\u012bn\u0101m efekt\u012bvai darb\u012bbai ir nepiecie\u0161amas jaud\u012bgas un uzticamas hidraulisk\u0101s sist\u0113mas, un metin\u0101tie T veida cilindri ir ide\u0101la izv\u0113le \u0161im nol\u016bkam.<\/p>\n<p>Cilindra iztur\u012bg\u0101 konstrukcija un augst\u0101 iztur\u012bba padara to \u013coti iztur\u012bgu pret nodilumu pat skarbos ekspluat\u0101cijas apst\u0101k\u013cos. Tas padara to par ide\u0101lu izv\u0113li izmanto\u0161anai lauksaimniec\u012bbas tehnik\u0101, kur iztur\u012bba ir galvenais apsv\u0113rums. Metin\u0101to T veida cilindru var izmantot ar\u012b, lai nodro\u0161in\u0101tu prec\u012bzu kontroli, kas nepiecie\u0161ama daudziem lauksaimniec\u012bbas procesiem, piem\u0113ram, st\u0101d\u012b\u0161anai, ra\u017eas nov\u0101k\u0161anai un ap\u016bde\u0146o\u0161anai.<\/li>\n<li>\n<h3>Celtniec\u012bbas apr\u012bkojums<\/h3>\n<p>Metin\u0101tie T veida cilindri tiek pla\u0161i izmantoti ar\u012b celtniec\u012bbas iek\u0101rt\u0101s, piem\u0113ram, ekskavatoros, ekskavatoros un buldozeros. \u0160\u012bm ma\u0161\u012bn\u0101m ir nepiecie\u0161amas jaud\u012bgas un uzticamas hidraulisk\u0101s sist\u0113mas, lai veiktu smagus uzdevumus, piem\u0113ram, rak\u0161anu, cel\u0161anu un smagu kravu stum\u0161anu.<\/p>\n<p>Metin\u0101t\u0101 T veida cilindra augst\u0101 iztur\u012bba un ilgm\u016b\u017e\u012bba padara to par ide\u0101lu izv\u0113li izmanto\u0161anai celtniec\u012bbas tehnik\u0101. T\u0101 sp\u0113ja nodro\u0161in\u0101t prec\u012bzu kontroli un vienm\u0113r\u012bgu sp\u0113ku ir b\u016btiska daudziem celtniec\u012bbas procesiem, piem\u0113ram, rak\u0161anai, plan\u0113\u0161anai un bru\u0123\u0113\u0161anai. Metin\u0101to T veida cilindru var izmantot ar\u012b, lai regul\u0113tu \u0161\u0137idrumu pl\u016bsmu hidrauliskaj\u0101s sist\u0113m\u0101s, uzlabojot celtniec\u012bbas tehnikas efektivit\u0101ti un uzticam\u012bbu da\u017e\u0101dos pielietojumos.<\/li>\n<\/ul>\n<h3>Par FMP<\/h3>\n<p>FMP ir vado\u0161ais hidraulisko cilindru ra\u017eot\u0101js un pieg\u0101d\u0101t\u0101js ar vair\u0101k nek\u0101 30 gadu pieredzi nozar\u0113. M\u016bsu modernaj\u0101 r\u016bpniec\u012bbas zon\u0101, kas atrodas It\u0101lij\u0101, ir vair\u0101k nek\u0101 100 modernu iek\u0101rtu, tostarp autom\u0101tisk\u0101s g\u0101zes ekran\u0113t\u0101s metin\u0101\u0161anas iek\u0101rtas, dzi\u013curbumu urb\u0161anas iek\u0101rtas, CNC virpas, cilindrisk\u0101s sl\u012bpma\u0161\u012bnas, autom\u0101tisk\u0101s t\u012br\u012b\u0161anas iek\u0101rtas, autom\u0101tisk\u0101s uzst\u0101d\u012b\u0161anas iek\u0101rtas, autom\u0101tiskie hidraulisko cilindru veiktsp\u0113jas p\u0101rbaudes stendi un autom\u0101tisk\u0101s kr\u0101so\u0161anas l\u012bnijas.<\/p>\n<p><img decoding=\"async\" src=\"https:\/\/fmp-components.com\/wp-content\/uploads\/2024\/12\/fmp-factory-4.webp\" alt=\"FMP r\u016bpn\u012bca\" width=\"800\" title=\"\"><\/p>\n<p>M\u0113s pied\u0101v\u0101jam pla\u0161u hidraulisko cilindru kl\u0101stu, lai apmierin\u0101tu da\u017e\u0101das vajadz\u012bbas:<\/p>\n<ol>\n<li><strong>Hidrauliskais cilindrs:<\/strong> M\u016bsu hidrauliskie cilindri tiek r\u016bp\u012bgi apstr\u0101d\u0101ti un p\u0101rbaud\u012bti, lai nodro\u0161in\u0101tu izcilu kvalit\u0101ti. Tie ir izstr\u0101d\u0101ti, lai nodro\u0161in\u0101tu uzticamu veiktsp\u0113ju un iztur\u012bbu.<\/li>\n<li><strong>Hidraulisk\u0101 cilindra auskaru cilindrs:<\/strong> \u0160\u0101da veida hidrauliskais cilindrs ir \u012bpa\u0161i izstr\u0101d\u0101ts auskaru pielietojumiem. T\u0101 inovat\u012bvais dizains nodro\u0161ina efekt\u012bvu un prec\u012bzu darb\u012bbu.<\/li>\n<li><strong>Divvirzienu autom\u0101tiskais teleskopiskais hidrauliskais cilindrs:<\/strong> M\u016bsu divvirzienu autom\u0101tiskais teleskopiskais hidrauliskais cilindrs ir daudzpus\u012bgs risin\u0101jums, kas nodro\u0161ina vienm\u0113r\u012bgu un prec\u012bzu kust\u012bbu abos virzienos.<\/li>\n<\/ol>\n<p>Uz\u0146\u0113mum\u0101 FMP m\u0113s lepojamies ar to, ka saviem klientiem sniedzam visaptvero\u0161us pakalpojumus:<\/p>\n<ol start=\"4\">\n<li><strong>Dizaina pakalpojums:<\/strong> M\u016bsu prasm\u012bgajai projekt\u0113\u0161anas komandai ir pla\u0161a pieredze kard\u0101nv\u0101rpstu produktu projekt\u0113\u0161an\u0101 un izstr\u0101d\u0113. M\u0113s esam gatavi jums pal\u012bdz\u0113t ar jaunu produktu dizainu vai eso\u0161o uzlabojumiem.<\/li>\n<li><strong>Produkta pakalpojums:<\/strong> S\u0101kot ar izejviel\u0101m un beidzot ar transport\u0113\u0161anu, m\u0113s iev\u0113rojam r\u016bp\u012bgu procesu, kas ietver grie\u0161anu, rupju apstr\u0101di, test\u0113\u0161anu, t\u012br\u012b\u0161anu, mont\u0101\u017eu, iepako\u0161anu un transport\u0113\u0161anu. Tas nodro\u0161ina, ka m\u016bsu produkti non\u0101k pie jums lielisk\u0101 st\u0101vokl\u012b.<\/li>\n<li><strong>Parauga process:<\/strong> M\u0113s pied\u0101v\u0101jam paraugu izstr\u0101di atbilsto\u0161i j\u016bsu pras\u012bb\u0101m un past\u0101v\u012bgi modific\u0113jam paraugus, lai tie atbilstu j\u016bsu \u012bpa\u0161aj\u0101m vajadz\u012bb\u0101m. M\u0113s esam ap\u0146\u0113mu\u0161ies pieg\u0101d\u0101t produktus, kas piln\u012bb\u0101 atbilst j\u016bsu cer\u012bb\u0101m.<\/li>\n<li><strong>P\u0113tniec\u012bba un att\u012bst\u012bba:<\/strong> K\u0101 t\u0101lredz\u012bgs uz\u0146\u0113mums, m\u0113s past\u0101v\u012bgi p\u0113t\u0101m tirgus piepras\u012bjumu un izstr\u0101d\u0101jam jaunus mode\u013cus, lai apmierin\u0101tu main\u012bg\u0101s nozares vajadz\u012bbas. M\u016bsu cent\u012bba p\u0113tniec\u012bb\u0101 un att\u012bst\u012bb\u0101 \u013cauj mums pied\u0101v\u0101t inovat\u012bvus risin\u0101jumus.<\/li>\n<\/ol>\n<p>Ar m\u016bsu pla\u0161o augstas kvalit\u0101tes hidraulisko cilindru kl\u0101stu un izcilajiem pakalpojumiem FMP ir j\u016bsu uzticamais partneris nozar\u0113. Sazinieties ar mums jau \u0161odien, lai p\u0101rrun\u0101tu savas hidraulisko cilindru pras\u012bbas un izbaud\u012btu FMP priek\u0161roc\u012bbas.<\/p>\n<h3>Bie\u017ei uzdotie jaut\u0101jumi<\/h3>\n<ol>\n<li>J: Kam paredz\u0113ts hidrauliskais cilindrs?<br \/>\nA: Hidrauliskos cilindrus izmanto, lai line\u0101r\u0101 kust\u012bb\u0101 rad\u012btu meh\u0101nisku sp\u0113ku.<\/li>\n<li>J: K\u0101 darbojas hidrauliskais cilindrs?<br \/>\nA: Hidrauliskais cilindrs darbojas ar virzu\u013ca kust\u012bbu cilindra muc\u0101, ko darbina spiediena hidrauliskais \u0161\u0137idrums.<\/li>\n<li>J: K\u0101 izv\u0113l\u0113ties pareizo hidraulisko e\u013c\u013cu manam cilindram?<br \/>\nA: Pareiz\u0101 hidraulisk\u0101 e\u013c\u013ca j\u0101izv\u0113las, pamatojoties uz konkr\u0113taj\u0101m pielietojuma pras\u012bb\u0101m. M\u016bsu FMP komanda var jums pal\u012bdz\u0113t izdar\u012bt pareizo izv\u0113li.<\/li>\n<li>J: Cik bie\u017ei man j\u0101maina hidraulisk\u0101 cilindra bl\u012bves?<br \/>\nA: Bl\u012bves j\u0101nomaina ikreiz, kad paman\u0101t sist\u0113mas veiktsp\u0113jas samazin\u0101\u0161anos vai ja ir redzami boj\u0101jumi vai nopl\u016bdes.<\/li>\n<li>J: K\u0101 izm\u0113r\u012bt hidraulisko cilindru?<br \/>\nA: Hidraulisk\u0101 cilindra m\u0113r\u012bjumi ietver urbuma diametru, stie\u0146a diametru un g\u0101jiena garumu.<\/li>\n<\/ol>\n<p>Autors: CX<\/p>","protected":false},"excerpt":{"rendered":"<p>The 10047 Cost Effective Double Acting Trailer Hydraulic Cylinder is specifically designed for trailer applications, providing reliable performance and efficiency at an affordable price. This hydraulic cylinder is ideal for lifting, lowering, and positioning trailers, ensuring smooth operation in various loading and unloading scenarios. Key Features: Double Acting Design: Facilitates efficient operation in both extension [&hellip;]<\/p>","protected":false},"featured_media":1133,"comment_status":"closed","ping_status":"closed","template":"","meta":{"_et_pb_use_builder":"","_et_pb_old_content":"","_et_gb_content_width":""},"product_brand":[],"product_cat":[31],"product_tag":[34,35],"class_list":{"0":"post-967","1":"product","2":"type-product","3":"status-publish","4":"has-post-thumbnail","6":"product_cat-welded-tee-type-cylinder","7":"product_tag-hydraulic-cylinder","8":"product_tag-welded-tee-type-cylinder","10":"first","11":"instock","12":"product-type-simple"},"_links":{"self":[{"href":"https:\/\/fmp-components.com\/lv\/wp-json\/wp\/v2\/product\/967","targetHints":{"allow":["GET"]}}],"collection":[{"href":"https:\/\/fmp-components.com\/lv\/wp-json\/wp\/v2\/product"}],"about":[{"href":"https:\/\/fmp-components.com\/lv\/wp-json\/wp\/v2\/types\/product"}],"replies":[{"embeddable":true,"href":"https:\/\/fmp-components.com\/lv\/wp-json\/wp\/v2\/comments?post=967"}],"wp:featuredmedia":[{"embeddable":true,"href":"https:\/\/fmp-components.com\/lv\/wp-json\/wp\/v2\/media\/1133"}],"wp:attachment":[{"href":"https:\/\/fmp-components.com\/lv\/wp-json\/wp\/v2\/media?parent=967"}],"wp:term":[{"taxonomy":"product_brand","embeddable":true,"href":"https:\/\/fmp-components.com\/lv\/wp-json\/wp\/v2\/product_brand?post=967"},{"taxonomy":"product_cat","embeddable":true,"href":"https:\/\/fmp-components.com\/lv\/wp-json\/wp\/v2\/product_cat?post=967"},{"taxonomy":"product_tag","embeddable":true,"href":"https:\/\/fmp-components.com\/lv\/wp-json\/wp\/v2\/product_tag?post=967"}],"curies":[{"name":"wp","href":"https:\/\/api.w.org\/{rel}","templated":true}]}}