{"id":965,"date":"2024-12-19T03:40:23","date_gmt":"2024-12-19T03:40:23","guid":{"rendered":"https:\/\/fmp-components.com\/product\/10045-double-acting-stainless-steel-hydraulic-cylinder-for-agriculture\/"},"modified":"2024-12-19T08:41:57","modified_gmt":"2024-12-19T08:41:57","slug":"10045-double-acting-stainless-steel-hydraulic-cylinder-for-agriculture","status":"publish","type":"product","link":"https:\/\/fmp-components.com\/lv\/product\/10045-double-acting-stainless-steel-hydraulic-cylinder-for-agriculture\/","title":{"rendered":"10045 Divk\u0101r\u0161as darb\u012bbas ner\u016bs\u0113jo\u0161\u0101 t\u0113rauda hidrauliskais cilindrs lauksaimniec\u012bbai"},"content":{"rendered":"<p>Iepaz\u012bstin\u0101m ar FMP 10045 divk\u0101r\u0161as darb\u012bbas ner\u016bs\u0113jo\u0161\u0101 t\u0113rauda hidraulisko cilindru, kas \u012bpa\u0161i izstr\u0101d\u0101ts lauksaimniec\u012bbas vajadz\u012bb\u0101m. Izgatavots no augst\u0101k\u0101s kvalit\u0101tes ner\u016bs\u0113jo\u0161\u0101 t\u0113rauda, \u200b\u200b\u0161is \u013coti iztur\u012bgais un ilgm\u016b\u017e\u012bgais cilindrs garant\u0113 ilgsto\u0161u veiktsp\u0113ju pat vissmag\u0101kajos apst\u0101k\u013cos.<\/p>\n<p>\u0160\u012b hidraulisk\u0101 cilindra galven\u0101s specifik\u0101cijas ietver main\u0101mus izm\u0113rus, lielu jaudu un optim\u0101lu slodzes iztur\u012bbu. T\u0101 unik\u0101l\u0101s priek\u0161roc\u012bbas ir energoefektivit\u0101te, augsta veiktsp\u0113ja un dro\u0161\u012bbas funkcijas, padarot to par rentablu izv\u0113li ar lauksaimniec\u012bbu saist\u012bt\u0101m hidrauliskaj\u0101m sist\u0113m\u0101m.<\/p>\n<p>Darbojoties p\u0113c \u0161\u0137idruma sp\u0113ka principa, \u0161is hidrauliskais cilindrs p\u0101rveido spiedienu line\u0101r\u0101 kust\u012bb\u0101, radot meh\u0101nisku sp\u0113ku, izmantojot spiedienam pak\u013cauta hidraulisk\u0101 \u0161\u0137idruma sp\u0113ku.<\/p>\n<p>10045 divk\u0101r\u0161as darb\u012bbas ner\u016bs\u0113jo\u0161\u0101 t\u0113rauda hidrauliskais cilindrs tiek pla\u0161i izmantots da\u017e\u0101d\u0101s lauksaimniec\u012bbas ma\u0161\u012bn\u0101s, tostarp traktoros, kombainos un ar\u0161anas iek\u0101rt\u0101s.<\/p>\n<p>Kop\u0161 t\u0101 laika FMP ir specializ\u0113jies hidraulisko cilindru ra\u017eo\u0161an\u0101. M\u016bsu produkti ir izstr\u0101d\u0101ti t\u0101, lai tos b\u016btu viegli uzst\u0101d\u012bt, apkopt un \u0101tri remont\u0113t, nodro\u0161inot maksim\u0101lu j\u016bsu lauksaimniec\u012bbas tehnikas darbsp\u0113jas laiku.<\/p>\n<p><img loading=\"lazy\" decoding=\"async\" class=\"alignnone size-full wp-image-976\" src=\"https:\/\/fmp-components.com\/wp-content\/uploads\/2024\/12\/Welded-Tee-Type-Cylinder2.webp\" alt=\"Metin\u0101ts T veida cilindrs\" width=\"764\" height=\"675\" title=\"\" srcset=\"https:\/\/fmp-components.com\/wp-content\/uploads\/2024\/12\/Welded-Tee-Type-Cylinder2.webp 764w, https:\/\/fmp-components.com\/wp-content\/uploads\/2024\/12\/Welded-Tee-Type-Cylinder2-480x424.webp 480w\" sizes=\"(min-width: 0px) and (max-width: 480px) 480px, (min-width: 481px) 764px, 100vw\" \/><\/p>\n<p>Lai izv\u0113l\u0113tos sav\u0101m vajadz\u012bb\u0101m piem\u0113rot\u0101ko hidraulisko cilindru, \u0146emiet v\u0113r\u0101 t\u0101dus faktorus k\u0101 nepiecie\u0161am\u0101s hidraulisk\u0101s e\u013c\u013cas un e\u013c\u013cas bl\u012bv\u0113jumu veids, nomai\u0146as nepiecie\u0161am\u012bba, cilindra m\u0113r\u012b\u0161anas metodes un t\u0101 darb\u012bbas princips.<\/p>\n<p>FMP pied\u0101v\u0101 pla\u0161u hidraulisko cilindru kl\u0101stu da\u017e\u0101diem pielietojumiem, tostarp pac\u0113l\u0101ju darba platformu cilindrus, r\u016bpniecisko transportl\u012bdzek\u013cu hidrauliskos cilindrus, rot\u0101cijas urb\u0161anas platformu cilindrus un automobi\u013cu celt\u0146u cilindrus. M\u0113s atzin\u012bgi v\u0113rt\u0113jam piel\u0101go\u0161anu atbilsto\u0161i j\u016bsu \u012bpa\u0161aj\u0101m pras\u012bb\u0101m.<\/p>\n<p>Rezum\u0113jot, FMP sola pieg\u0101d\u0101t augstas kvalit\u0101tes produktus, konkur\u0113tsp\u0113j\u012bgas cenas un p\u0101rdom\u0101tus pakalpojumus, lai apmierin\u0101tu visas j\u016bsu hidraulisko cilindru vajadz\u012bbas.<\/p>\n<h2>Metin\u0101t\u0101 T veida cilindra priek\u0161roc\u012bbas<\/h2>\n<ul>\n<li style=\"list-style-type: none;\">\n<ul>\n<li><strong>Palielin\u0101ts sp\u0113ks:<\/strong> Metin\u0101tie T veida cilindri ir paz\u012bstami ar savu augsto iztur\u012bbu, padarot tos piem\u0113rotus lietojumiem, kuros nepiecie\u0161ama smagu kravu cel\u0161ana. \u0160o cilindru ra\u017eo\u0161anas laik\u0101 izmantotais metin\u0101\u0161anas process nodro\u0161ina, ka cilindram nav v\u0101ju punktu un tas var iztur\u0113t augstu spiedienu un spriegumu.<\/li>\n<\/ul>\n<\/li>\n<\/ul>\n<p>Kad uz cilindru tiek iedarbin\u0101ts spiediens, tas vienm\u0113r\u012bgi sadal\u0101s pa visu virsmu, padarot to iztur\u012bgu pret deform\u0101ciju. \u0160\u012b \u012bpa\u0161\u012bba nodro\u0161ina, ka cilindrs saglab\u0101 savu formu un struktur\u0101lo integrit\u0101ti pat ekstrem\u0101los apst\u0101k\u013cos.<\/p>\n<ul>\n<li style=\"list-style-type: none;\">\n<ul>\n<li><strong>Nopl\u016b\u017eu nov\u0113r\u0161ana:<\/strong> Metin\u0101tie T veida cilindri ir izstr\u0101d\u0101ti, lai nov\u0113rstu nopl\u016bdes. Ra\u017eo\u0161anas proces\u0101 izmantotais metin\u0101\u0161anas process nodro\u0161ina, ka cilindrs ir piln\u012bb\u0101 nosl\u0113gts un bez jebk\u0101d\u0101m iesp\u0113jam\u0101m nopl\u016bd\u0113m. \u0160\u012b \u012bpa\u0161\u012bba padara tos piem\u0113rotus lieto\u0161anai lietojumos, kur nopl\u016bde var\u0113tu izrais\u012bt nopietnus boj\u0101jumus vai traumas.<\/li>\n<\/ul>\n<\/li>\n<\/ul>\n<p>Metin\u0101tie savienojumi ir gludi, bez plais\u0101m vai riev\u0101m, kur var\u0113tu uzkr\u0101ties gru\u017ei vai net\u012brumi, t\u0101d\u0113j\u0101di samazinot korozijas un cilindra boj\u0101jumu risku.<\/p>\n<ul>\n<li style=\"list-style-type: none;\">\n<ul>\n<li><strong>Piel\u0101gojams:<\/strong> Metin\u0101tos T veida cilindrus var piel\u0101got konkr\u0113tiem pielietojumiem. Cilindri ir pieejami da\u017e\u0101dos izm\u0113ros un form\u0101s, un tos var izgatavot atbilsto\u0161i konkr\u0113t\u0101 pielietojuma pras\u012bb\u0101m.<\/li>\n<\/ul>\n<\/li>\n<\/ul>\n<p>Piel\u0101go\u0161anas process \u013cauj optimiz\u0113t cilindra veiktsp\u0113ju, nodro\u0161inot, ka tas ir piem\u0113rots paredz\u0113tajam pielietojumam. \u0160\u012b \u012bpa\u0161\u012bba padara metin\u0101tus T veida cilindrus ide\u0101li piem\u0113rotus izmanto\u0161anai da\u017e\u0101dos r\u016bpnieciskos pielietojumos, tostarp b\u016bvniec\u012bb\u0101, ieguves r\u016bpniec\u012bb\u0101 un materi\u0101lu apstr\u0101d\u0113.<\/p>\n<ul>\n<li style=\"list-style-type: none;\">\n<ul>\n<li><strong>Izmaksu zi\u0146\u0101 efekt\u012bvs:<\/strong> Metin\u0101tie T veida cilindri ir izmaksu zi\u0146\u0101 efekt\u012bv\u0101ki sal\u012bdzin\u0101jum\u0101 ar cita veida cilindriem. \u0160o cilindru ra\u017eo\u0161anas process ir vienk\u0101r\u0161s, t\u0101p\u0113c tie ir l\u0113t\u0101ki nek\u0101 cita veida cilindri.<\/li>\n<\/ul>\n<\/li>\n<\/ul>\n<p>Turkl\u0101t metin\u0101to T veida cilindru augst\u0101 iztur\u012bba un ilgm\u016b\u017e\u012bba samazina nepiecie\u0161am\u012bbu p\u0113c bie\u017ea remonta un nomai\u0146as, t\u0101d\u0113j\u0101di ietaupot apkopes izmaksas. \u0160\u012b \u012bpa\u0161\u012bba padara tos par popul\u0101ru izv\u0113li daudz\u0101s nozar\u0113s, \u012bpa\u0161i taj\u0101s, kur\u0101m ir ierobe\u017eots bud\u017eets.<\/p>\n<ul>\n<li style=\"list-style-type: none;\">\n<ul>\n<li><strong>Paaugstin\u0101ta efektivit\u0101te:<\/strong> Metin\u0101tie T veida cilindri ir \u013coti efekt\u012bvi un lietder\u012bgi. Cilindra konstrukcija nodro\u0161ina, ka pieliktais sp\u0113ks tiek tie\u0161i p\u0101rnests uz slodzi, samazinot ener\u0123ijas zudumus un palielinot efektivit\u0101ti.<\/li>\n<\/ul>\n<\/li>\n<\/ul>\n<p>Metin\u0101tie savienojumi ir iztur\u012bgi un stingri, samazinot novirzi un nodro\u0161inot, ka cilindrs saglab\u0101 savu formu un struktur\u0101lo integrit\u0101ti pat ekstrem\u0101los apst\u0101k\u013cos. \u0160\u012b \u012bpa\u0161\u012bba padara metin\u0101tos T veida cilindrus ide\u0101li piem\u0113rotus lieto\u0161anai lietojumos, kuriem nepiecie\u0161ama augsta efektivit\u0101te un uzticam\u012bba.<\/p>\n<p><img loading=\"lazy\" decoding=\"async\" class=\"alignnone size-full wp-image-975\" src=\"https:\/\/fmp-components.com\/wp-content\/uploads\/2024\/12\/Welded-Tee-Type-Cylinder1.webp\" alt=\"Metin\u0101ts T veida cilindrs\" width=\"759\" height=\"761\" title=\"\" srcset=\"https:\/\/fmp-components.com\/wp-content\/uploads\/2024\/12\/Welded-Tee-Type-Cylinder1.webp 759w, https:\/\/fmp-components.com\/wp-content\/uploads\/2024\/12\/Welded-Tee-Type-Cylinder1-480x481.webp 480w\" sizes=\"(min-width: 0px) and (max-width: 480px) 480px, (min-width: 481px) 759px, 100vw\" \/><\/p>\n<h2>Metin\u0101t\u0101 T veida cilindra pielietojums<\/h2>\n<ul>\n<li>\n<h3>R\u016bpniecisk\u0101s ma\u0161\u012bnas un iek\u0101rtas<\/h3>\n<p>Metin\u0101tie T veida cilindri tiek pla\u0161i izmantoti r\u016bpnieciskaj\u0101s ma\u0161\u012bn\u0101s un iek\u0101rt\u0101s, \u012bpa\u0161i hidrauliskaj\u0101s sist\u0113m\u0101s. Cilindrs sast\u0101v no virzu\u013ca un cilindra caurules, kas ir sametin\u0101ti kop\u0101, veidojot vienu vien\u012bbu. \u0160\u012b konstrukcija pied\u0101v\u0101 vair\u0101kas priek\u0161roc\u012bbas sal\u012bdzin\u0101jum\u0101 ar cita veida cilindriem, piem\u0113ram, uzlabotu iztur\u012bbu, liel\u0101ku stipr\u012bbu un liel\u0101ku precizit\u0101ti.<\/p>\n<p>Viens no svar\u012bg\u0101kajiem metin\u0101t\u0101 T veida cilindra pielietojumiem r\u016bpnieciskaj\u0101s iek\u0101rt\u0101s ir t\u0101 sp\u0113ja nodro\u0161in\u0101t vienm\u0113r\u012bgu un prec\u012bzu sp\u0113ku. Tas ir b\u016btiski daudziem ra\u017eo\u0161anas procesiem, kur nepiecie\u0161ama prec\u012bza kontrole, lai nodro\u0161in\u0101tu gala produkta kvalit\u0101ti. Metin\u0101to T veida cilindru var izmantot ar\u012b, lai regul\u0113tu \u0161\u0137idrumu pl\u016bsmu hidrauliskaj\u0101s sist\u0113m\u0101s, nodro\u0161inot liel\u0101ku efektivit\u0101ti un uzticam\u012bbu da\u017e\u0101dos r\u016bpnieciskos pielietojumos.<\/li>\n<li>\n<h3>Lauksaimniec\u012bbas tehnika<\/h3>\n<p>Metin\u0101tie T veida cilindri tiek pla\u0161i izmantoti ar\u012b lauksaimniec\u012bbas tehnik\u0101, piem\u0113ram, traktoros un kombainos. \u0160\u012bm ma\u0161\u012bn\u0101m efekt\u012bvai darb\u012bbai ir nepiecie\u0161amas jaud\u012bgas un uzticamas hidraulisk\u0101s sist\u0113mas, un metin\u0101tie T veida cilindri ir ide\u0101la izv\u0113le \u0161im nol\u016bkam.<\/p>\n<p>Cilindra iztur\u012bg\u0101 konstrukcija un augst\u0101 iztur\u012bba padara to \u013coti iztur\u012bgu pret nodilumu pat skarbos ekspluat\u0101cijas apst\u0101k\u013cos. Tas padara to par ide\u0101lu izv\u0113li izmanto\u0161anai lauksaimniec\u012bbas tehnik\u0101, kur iztur\u012bba ir galvenais apsv\u0113rums. Metin\u0101to T veida cilindru var izmantot ar\u012b, lai nodro\u0161in\u0101tu prec\u012bzu kontroli, kas nepiecie\u0161ama daudziem lauksaimniec\u012bbas procesiem, piem\u0113ram, st\u0101d\u012b\u0161anai, ra\u017eas nov\u0101k\u0161anai un ap\u016bde\u0146o\u0161anai.<\/li>\n<li>\n<h3>Celtniec\u012bbas apr\u012bkojums<\/h3>\n<p>Metin\u0101tie T veida cilindri tiek pla\u0161i izmantoti ar\u012b celtniec\u012bbas iek\u0101rt\u0101s, piem\u0113ram, ekskavatoros, ekskavatoros un buldozeros. \u0160\u012bm ma\u0161\u012bn\u0101m ir nepiecie\u0161amas jaud\u012bgas un uzticamas hidraulisk\u0101s sist\u0113mas, lai veiktu smagus uzdevumus, piem\u0113ram, rak\u0161anu, cel\u0161anu un smagu kravu stum\u0161anu.<\/p>\n<p>Metin\u0101t\u0101 T veida cilindra augst\u0101 iztur\u012bba un ilgm\u016b\u017e\u012bba padara to par ide\u0101lu izv\u0113li izmanto\u0161anai celtniec\u012bbas tehnik\u0101. T\u0101 sp\u0113ja nodro\u0161in\u0101t prec\u012bzu kontroli un vienm\u0113r\u012bgu sp\u0113ku ir b\u016btiska daudziem celtniec\u012bbas procesiem, piem\u0113ram, rak\u0161anai, plan\u0113\u0161anai un bru\u0123\u0113\u0161anai. Metin\u0101to T veida cilindru var izmantot ar\u012b, lai regul\u0113tu \u0161\u0137idrumu pl\u016bsmu hidrauliskaj\u0101s sist\u0113m\u0101s, uzlabojot celtniec\u012bbas tehnikas efektivit\u0101ti un uzticam\u012bbu da\u017e\u0101dos pielietojumos.<\/li>\n<\/ul>\n<h3>Par FMP<\/h3>\n<p>FMP, kas dibin\u0101ts pirms vair\u0101k nek\u0101 30 gadiem, ir vado\u0161ais hidraulisko cilindru ra\u017eot\u0101js un pieg\u0101d\u0101t\u0101js. M\u016bsu r\u016bpniec\u012bbas zona atrodas It\u0101lij\u0101, un m\u0113s lepojamies ar m\u016bsu modern\u0101kaj\u0101m iek\u0101rt\u0101m, kas apr\u012bkotas ar vair\u0101k nek\u0101 100 modern\u0101m iek\u0101rt\u0101m.<\/p>\n<p>M\u016bsu pla\u0161ais produktu kl\u0101sts ietver:<\/p>\n<ol>\n<li>Autom\u0101tiska g\u0101zes ekran\u0113ta metin\u0101\u0161anas iek\u0101rta: Nodro\u0161ina prec\u012bzus un efekt\u012bvus metin\u0101\u0161anas procesus.<\/li>\n<li>Dzi\u013co caurumu urb\u0161anas iek\u0101rta: Nodro\u0161ina prec\u012bzu un dzi\u013cu caurumu urb\u0161anu da\u017e\u0101diem pielietojumiem.<\/li>\n<li>CNC virpa: Nodro\u0161ina augstas precizit\u0101tes apstr\u0101di sare\u017e\u0123\u012bt\u0101m hidraulisk\u0101m deta\u013c\u0101m.<\/li>\n<li>Cilindrisk\u0101 sl\u012bpma\u0161\u012bna: Nodro\u0161ina m\u016bsu hidrauliskajiem cilindriem smalku apdari un izm\u0113ru precizit\u0101ti.<\/li>\n<li>Autom\u0101tisk\u0101 t\u012br\u012b\u0161anas iek\u0101rta: Nodro\u0161ina t\u012br\u012bbu un no\u0146em no m\u016bsu produktiem visus piemais\u012bjumus.<\/li>\n<\/ol>\n<p>Uz\u0146\u0113mum\u0101 FMP m\u0113s esam ap\u0146\u0113mu\u0161ies pieg\u0101d\u0101t saviem klientiem augst\u0101k\u0101s kvalit\u0101tes hidrauliskos cilindrus. \u0160eit ir da\u017eas galven\u0101s priek\u0161roc\u012bbas, izv\u0113loties m\u016bsu produktus un pakalpojumus:<\/p>\n<p>1) Dizaina pakalpojums: M\u016bsu pieredz\u0113ju\u0161\u0101 dizaina komanda ir ap\u0146\u0113musies izpild\u012bt j\u016bsu \u012bpa\u0161\u0101s pras\u012bbas. Neatkar\u012bgi no t\u0101, vai jums ir nepiecie\u0161ams jauns produkts vai v\u0113laties uzlabojumus, m\u0113s esam \u0161eit, lai atbalst\u012btu j\u016bs vis\u0101 dizaina un izstr\u0101des proces\u0101.<\/p>\n<p>2) Produktu apkalpo\u0161ana: M\u0113s iev\u0113rojam visaptvero\u0161u ra\u017eo\u0161anas procesu, kas ietver izejvielu atlasi, grie\u0161anu, rupju apstr\u0101di, test\u0113\u0161anu, t\u012br\u012b\u0161anu, mont\u0101\u017eu, iepako\u0161anu un transport\u0113\u0161anu. Tas nodro\u0161ina, ka m\u016bsu produkti atbilst augst\u0101kajiem kvalit\u0101tes un uzticam\u012bbas standartiem.<\/p>\n<p>3) Paraugu process: M\u0113s pied\u0101v\u0101jam paraugu izstr\u0101di atbilsto\u0161i j\u016bsu pras\u012bb\u0101m un nep\u0101rtraukti tos modific\u0113jam, lai tie atbilstu j\u016bsu vajadz\u012bb\u0101m. Tas \u013cauj jums p\u0101rbaud\u012bt un nov\u0113rt\u0113t m\u016bsu produktus pirms gal\u012bg\u0101 l\u0113muma pie\u0146em\u0161anas.<\/p>\n<p>4) P\u0113tniec\u012bba un att\u012bst\u012bba: Att\u012bstoties tirgus tendenc\u0113m, m\u0113s neatpaliekam no t\u0101, p\u0113tot jaunas tirgus vajadz\u012bbas un izstr\u0101d\u0101jot inovat\u012bvus hidraulisko cilindru mode\u013cus. Tas \u013cauj mums nodro\u0161in\u0101t m\u016bsu klientus ar jaun\u0101kajiem un efekt\u012bv\u0101kajiem produktiem.<\/p>\n<p>5) Piel\u0101go\u0161ana: M\u0113s specializ\u0113jamies da\u017e\u0101du veidu hidraulisko cilindru ra\u017eo\u0161an\u0101 un p\u0101rdo\u0161an\u0101, un m\u0113s labpr\u0101t pie\u0146emam piel\u0101gotus pas\u016bt\u012bjumus. M\u016bsu komanda ir ap\u0146\u0113musies izpild\u012bt j\u016bsu unik\u0101l\u0101s specifik\u0101cijas un sniegt piel\u0101gotus risin\u0101jumus.<\/p>\n<p><img decoding=\"async\" src=\"https:\/\/fmp-components.com\/wp-content\/uploads\/2024\/12\/fmp-factory-4.webp\" alt=\"FMP r\u016bpn\u012bca\" width=\"800\" title=\"\"><\/p>\n<p>Autors: CX<\/p>","protected":false},"excerpt":{"rendered":"<p>Introducing FMP&#8217;s 10045 Double Acting Stainless Steel Hydraulic Cylinder, specifically designed for agricultural applications. Made from premium stainless steel, this highly robust and durable cylinder guarantees long-lasting performance even in the toughest conditions. Key Specifications of this Hydraulic Cylinder include variable dimensions, high capacity, and optimal load capacity. Its unique advantages lie in its energy [&hellip;]<\/p>","protected":false},"featured_media":1132,"comment_status":"closed","ping_status":"closed","template":"","meta":{"_et_pb_use_builder":"","_et_pb_old_content":"","_et_gb_content_width":""},"product_brand":[],"product_cat":[31],"product_tag":[34,35],"class_list":{"0":"post-965","1":"product","2":"type-product","3":"status-publish","4":"has-post-thumbnail","6":"product_cat-welded-tee-type-cylinder","7":"product_tag-hydraulic-cylinder","8":"product_tag-welded-tee-type-cylinder","10":"first","11":"instock","12":"product-type-simple"},"_links":{"self":[{"href":"https:\/\/fmp-components.com\/lv\/wp-json\/wp\/v2\/product\/965","targetHints":{"allow":["GET"]}}],"collection":[{"href":"https:\/\/fmp-components.com\/lv\/wp-json\/wp\/v2\/product"}],"about":[{"href":"https:\/\/fmp-components.com\/lv\/wp-json\/wp\/v2\/types\/product"}],"replies":[{"embeddable":true,"href":"https:\/\/fmp-components.com\/lv\/wp-json\/wp\/v2\/comments?post=965"}],"wp:featuredmedia":[{"embeddable":true,"href":"https:\/\/fmp-components.com\/lv\/wp-json\/wp\/v2\/media\/1132"}],"wp:attachment":[{"href":"https:\/\/fmp-components.com\/lv\/wp-json\/wp\/v2\/media?parent=965"}],"wp:term":[{"taxonomy":"product_brand","embeddable":true,"href":"https:\/\/fmp-components.com\/lv\/wp-json\/wp\/v2\/product_brand?post=965"},{"taxonomy":"product_cat","embeddable":true,"href":"https:\/\/fmp-components.com\/lv\/wp-json\/wp\/v2\/product_cat?post=965"},{"taxonomy":"product_tag","embeddable":true,"href":"https:\/\/fmp-components.com\/lv\/wp-json\/wp\/v2\/product_tag?post=965"}],"curies":[{"name":"wp","href":"https:\/\/api.w.org\/{rel}","templated":true}]}}