{"id":964,"date":"2024-12-19T03:40:23","date_gmt":"2024-12-19T03:40:23","guid":{"rendered":"https:\/\/fmp-components.com\/product\/10044-customized-double-acting-hydraulic-cylinder-welded-tee-cylinder\/"},"modified":"2024-12-19T08:41:41","modified_gmt":"2024-12-19T08:41:41","slug":"10044-customized-double-acting-hydraulic-cylinder-welded-tee-cylinder","status":"publish","type":"product","link":"https:\/\/fmp-components.com\/lv\/product\/10044-customized-double-acting-hydraulic-cylinder-welded-tee-cylinder\/","title":{"rendered":"10044 Piel\u0101gots divk\u0101r\u0161as darb\u012bbas hidrauliskais cilindrs ar metin\u0101tu Tee cilindru"},"content":{"rendered":"<p>10044 piel\u0101gotais divk\u0101r\u0161as darb\u012bbas hidraulisk\u0101 cilindra metin\u0101tais T veida cilindrs ir izstr\u0101d\u0101ts daudzpus\u012bbai un iztur\u012bbai, piel\u0101gots \u012bpa\u0161\u0101m pielietojuma vajadz\u012bb\u0101m da\u017e\u0101d\u0101s nozar\u0113s, tostarp b\u016bvniec\u012bb\u0101, lauksaimniec\u012bb\u0101 un ra\u017eo\u0161an\u0101. \u0160is hidrauliskais cilindrs ir izstr\u0101d\u0101ts, lai nodro\u0161in\u0101tu uzticamu veiktsp\u0113ju ar iztur\u012bgu metin\u0101tu konstrukciju, garant\u0113jot iztur\u012bbu pat sare\u017e\u0123\u012btos apst\u0101k\u013cos.<\/p>\n<h4>Galven\u0101s iez\u012bmes:<\/h4>\n<ul>\n<li><strong>Divk\u0101r\u0161as darb\u012bbas funkcionalit\u0101te<\/strong>Nodro\u0161ina efekt\u012bvu darb\u012bbu gan izstiep\u0161anas, gan ievilk\u0161anas re\u017e\u012bm\u0101, maksim\u0101li palielinot produktivit\u0101ti da\u017e\u0101du uzdevumu veik\u0161an\u0101.<\/li>\n<li><strong>Piel\u0101gojams dizains<\/strong>Pieejams da\u017e\u0101dos izm\u0113ros un konfigur\u0101cij\u0101s, lai atbilstu konkr\u0113t\u0101m lietojumprogrammu pras\u012bb\u0101m un mont\u0101\u017eas preferenc\u0113m.<\/li>\n<li><strong>Metin\u0101ta konstrukcija<\/strong>Iztur\u012bga metin\u0101ta konstrukcija, kas uzlabo konstrukcijas integrit\u0101ti un iztur\u012bbu pret nogurumu.<\/li>\n<li><strong>Augsta kravnes\u012bba<\/strong>Sp\u0113j iztur\u0113t iev\u0113rojamas slodzes, padarot to ide\u0101li piem\u0113rotu lieljaudas lietojumiem.<\/li>\n<li><strong>Korozijiztur\u012bga apdare<\/strong>P\u0101rkl\u0101ts ar aizsargmateri\u0101liem, lai nov\u0113rstu r\u016bsu un koroziju, nodro\u0161inot ilgm\u016b\u017e\u012bbu un uzticam\u012bbu.<\/li>\n<\/ul>\n<p><img decoding=\"async\" src=\"https:\/\/hzpt.com\/wp-content\/uploads\/2023\/12\/random-2.webp\" alt=\"\" title=\"\"><\/p>\n<h4>Ieguvumi:<\/h4>\n<ul>\n<li><strong>Paaugstin\u0101ta efektivit\u0101te<\/strong>Uzlabo darb\u012bbas efektivit\u0101ti, nodro\u0161inot jaud\u012bgu un vienm\u0113r\u012bgu kust\u012bbu abos virzienos.<\/li>\n<li><strong>Piel\u0101goti risin\u0101jumi<\/strong>Piel\u0101gojamas funkcijas \u013cauj veikt \u012bpa\u0161us piel\u0101gojumus, lai atbilstu unik\u0101l\u0101m lietojumprogrammu pras\u012bb\u0101m.<\/li>\n<li><strong>Samazin\u0101ta apkope<\/strong>Iztur\u012bga konstrukcija samazina nodilumu, k\u0101 rezult\u0101t\u0101 laika gait\u0101 samazin\u0101s apkopes izmaksas.<\/li>\n<\/ul>\n<p>10044 piel\u0101gotais divk\u0101r\u0161as darb\u012bbas hidrauliskais cilindrs ar metin\u0101tu T veida cilindru ir ide\u0101la izv\u0113le tiem, kas mekl\u0113 uzticamu un piel\u0101gojamu hidraulisko risin\u0101jumu. T\u0101 iztur\u012bgais dizains un piel\u0101go\u0161anas iesp\u0113jas padara to ide\u0101li piem\u0113rotu pla\u0161am r\u016bpniecisko pielietojumu kl\u0101stam, nodro\u0161inot j\u016bsu darb\u012bbai nepiecie\u0161amo veiktsp\u0113ju.<\/p>\n<p><img decoding=\"async\" class=\"aligncenter\" src=\"https:\/\/hzpt.com\/wp-content\/uploads\/2023\/12\/random-3.webp\" alt=\"\" title=\"\"><\/p>\n<h2>Metin\u0101t\u0101 T veida cilindra priek\u0161roc\u012bbas<\/h2>\n<ul>\n<li style=\"list-style-type: none;\">\n<ul>\n<li><strong>Palielin\u0101ts sp\u0113ks:<\/strong> Metin\u0101tie T veida cilindri ir paz\u012bstami ar savu augsto iztur\u012bbu, padarot tos piem\u0113rotus lietojumiem, kuros nepiecie\u0161ama smagu kravu cel\u0161ana. \u0160o cilindru ra\u017eo\u0161anas laik\u0101 izmantotais metin\u0101\u0161anas process nodro\u0161ina, ka cilindram nav v\u0101ju punktu un tas var iztur\u0113t augstu spiedienu un spriegumu.<\/li>\n<\/ul>\n<\/li>\n<\/ul>\n<p>Kad uz cilindru tiek iedarbin\u0101ts spiediens, tas vienm\u0113r\u012bgi sadal\u0101s pa visu virsmu, padarot to iztur\u012bgu pret deform\u0101ciju. \u0160\u012b \u012bpa\u0161\u012bba nodro\u0161ina, ka cilindrs saglab\u0101 savu formu un struktur\u0101lo integrit\u0101ti pat ekstrem\u0101los apst\u0101k\u013cos.<\/p>\n<ul>\n<li style=\"list-style-type: none;\">\n<ul>\n<li><strong>Nopl\u016b\u017eu nov\u0113r\u0161ana:<\/strong> Metin\u0101tie T veida cilindri ir izstr\u0101d\u0101ti, lai nov\u0113rstu nopl\u016bdes. Ra\u017eo\u0161anas proces\u0101 izmantotais metin\u0101\u0161anas process nodro\u0161ina, ka cilindrs ir piln\u012bb\u0101 nosl\u0113gts un bez jebk\u0101d\u0101m iesp\u0113jam\u0101m nopl\u016bd\u0113m. \u0160\u012b \u012bpa\u0161\u012bba padara tos piem\u0113rotus lieto\u0161anai lietojumos, kur nopl\u016bde var\u0113tu izrais\u012bt nopietnus boj\u0101jumus vai traumas.<\/li>\n<\/ul>\n<\/li>\n<\/ul>\n<p>Metin\u0101tie savienojumi ir gludi, bez plais\u0101m vai riev\u0101m, kur var\u0113tu uzkr\u0101ties gru\u017ei vai net\u012brumi, t\u0101d\u0113j\u0101di samazinot korozijas un cilindra boj\u0101jumu risku.<\/p>\n<ul>\n<li style=\"list-style-type: none;\">\n<ul>\n<li><strong>Piel\u0101gojams:<\/strong> Metin\u0101tos T veida cilindrus var piel\u0101got konkr\u0113tiem pielietojumiem. Cilindri ir pieejami da\u017e\u0101dos izm\u0113ros un form\u0101s, un tos var izgatavot atbilsto\u0161i konkr\u0113t\u0101 pielietojuma pras\u012bb\u0101m.<\/li>\n<\/ul>\n<\/li>\n<\/ul>\n<p>Piel\u0101go\u0161anas process \u013cauj optimiz\u0113t cilindra veiktsp\u0113ju, nodro\u0161inot, ka tas ir piem\u0113rots paredz\u0113tajam pielietojumam. \u0160\u012b \u012bpa\u0161\u012bba padara metin\u0101tus T veida cilindrus ide\u0101li piem\u0113rotus izmanto\u0161anai da\u017e\u0101dos r\u016bpnieciskos pielietojumos, tostarp b\u016bvniec\u012bb\u0101, ieguves r\u016bpniec\u012bb\u0101 un materi\u0101lu apstr\u0101d\u0113.<\/p>\n<ul>\n<li style=\"list-style-type: none;\">\n<ul>\n<li><strong>Izmaksu zi\u0146\u0101 efekt\u012bvs:<\/strong> Metin\u0101tie T veida cilindri ir izmaksu zi\u0146\u0101 efekt\u012bv\u0101ki sal\u012bdzin\u0101jum\u0101 ar cita veida cilindriem. \u0160o cilindru ra\u017eo\u0161anas process ir vienk\u0101r\u0161s, t\u0101p\u0113c tie ir l\u0113t\u0101ki nek\u0101 cita veida cilindri.<\/li>\n<\/ul>\n<\/li>\n<\/ul>\n<p>Turkl\u0101t metin\u0101to T veida cilindru augst\u0101 iztur\u012bba un ilgm\u016b\u017e\u012bba samazina nepiecie\u0161am\u012bbu p\u0113c bie\u017ea remonta un nomai\u0146as, t\u0101d\u0113j\u0101di ietaupot apkopes izmaksas. \u0160\u012b \u012bpa\u0161\u012bba padara tos par popul\u0101ru izv\u0113li daudz\u0101s nozar\u0113s, \u012bpa\u0161i taj\u0101s, kur\u0101m ir ierobe\u017eots bud\u017eets.<\/p>\n<ul>\n<li style=\"list-style-type: none;\">\n<ul>\n<li><strong>Paaugstin\u0101ta efektivit\u0101te:<\/strong> Metin\u0101tie T veida cilindri ir \u013coti efekt\u012bvi un lietder\u012bgi. Cilindra konstrukcija nodro\u0161ina, ka pieliktais sp\u0113ks tiek tie\u0161i p\u0101rnests uz slodzi, samazinot ener\u0123ijas zudumus un palielinot efektivit\u0101ti.<\/li>\n<\/ul>\n<\/li>\n<\/ul>\n<p>Metin\u0101tie savienojumi ir iztur\u012bgi un stingri, samazinot novirzi un nodro\u0161inot, ka cilindrs saglab\u0101 savu formu un struktur\u0101lo integrit\u0101ti pat ekstrem\u0101los apst\u0101k\u013cos. \u0160\u012b \u012bpa\u0161\u012bba padara metin\u0101tos T veida cilindrus ide\u0101li piem\u0113rotus lieto\u0161anai lietojumos, kuriem nepiecie\u0161ama augsta efektivit\u0101te un uzticam\u012bba.<\/p>\n<h2>Metin\u0101t\u0101 T veida cilindra pielietojums<\/h2>\n<ul>\n<li>\n<h3>R\u016bpniecisk\u0101s ma\u0161\u012bnas un iek\u0101rtas<\/h3>\n<p>Metin\u0101tie T veida cilindri tiek pla\u0161i izmantoti r\u016bpnieciskaj\u0101s ma\u0161\u012bn\u0101s un iek\u0101rt\u0101s, \u012bpa\u0161i hidrauliskaj\u0101s sist\u0113m\u0101s. Cilindrs sast\u0101v no virzu\u013ca un cilindra caurules, kas ir sametin\u0101ti kop\u0101, veidojot vienu vien\u012bbu. \u0160\u012b konstrukcija pied\u0101v\u0101 vair\u0101kas priek\u0161roc\u012bbas sal\u012bdzin\u0101jum\u0101 ar cita veida cilindriem, piem\u0113ram, uzlabotu iztur\u012bbu, liel\u0101ku stipr\u012bbu un liel\u0101ku precizit\u0101ti.<\/p>\n<p>Viens no svar\u012bg\u0101kajiem metin\u0101t\u0101 T veida cilindra pielietojumiem r\u016bpnieciskaj\u0101s iek\u0101rt\u0101s ir t\u0101 sp\u0113ja nodro\u0161in\u0101t vienm\u0113r\u012bgu un prec\u012bzu sp\u0113ku. Tas ir b\u016btiski daudziem ra\u017eo\u0161anas procesiem, kur nepiecie\u0161ama prec\u012bza kontrole, lai nodro\u0161in\u0101tu gala produkta kvalit\u0101ti. Metin\u0101to T veida cilindru var izmantot ar\u012b, lai regul\u0113tu \u0161\u0137idrumu pl\u016bsmu hidrauliskaj\u0101s sist\u0113m\u0101s, nodro\u0161inot liel\u0101ku efektivit\u0101ti un uzticam\u012bbu da\u017e\u0101dos r\u016bpnieciskos pielietojumos.<\/li>\n<li>\n<h3>Lauksaimniec\u012bbas tehnika<\/h3>\n<p>Metin\u0101tie T veida cilindri tiek pla\u0161i izmantoti ar\u012b lauksaimniec\u012bbas tehnik\u0101, piem\u0113ram, traktoros un kombainos. \u0160\u012bm ma\u0161\u012bn\u0101m efekt\u012bvai darb\u012bbai ir nepiecie\u0161amas jaud\u012bgas un uzticamas hidraulisk\u0101s sist\u0113mas, un metin\u0101tie T veida cilindri ir ide\u0101la izv\u0113le \u0161im nol\u016bkam.<\/p>\n<p>Cilindra iztur\u012bg\u0101 konstrukcija un augst\u0101 iztur\u012bba padara to \u013coti iztur\u012bgu pret nodilumu pat skarbos ekspluat\u0101cijas apst\u0101k\u013cos. Tas padara to par ide\u0101lu izv\u0113li izmanto\u0161anai lauksaimniec\u012bbas tehnik\u0101, kur iztur\u012bba ir galvenais apsv\u0113rums. Metin\u0101to T veida cilindru var izmantot ar\u012b, lai nodro\u0161in\u0101tu prec\u012bzu kontroli, kas nepiecie\u0161ama daudziem lauksaimniec\u012bbas procesiem, piem\u0113ram, st\u0101d\u012b\u0161anai, ra\u017eas nov\u0101k\u0161anai un ap\u016bde\u0146o\u0161anai.<\/li>\n<li>\n<h3>Celtniec\u012bbas apr\u012bkojums<\/h3>\n<p>Metin\u0101tie T veida cilindri tiek pla\u0161i izmantoti ar\u012b celtniec\u012bbas iek\u0101rt\u0101s, piem\u0113ram, ekskavatoros, ekskavatoros un buldozeros. \u0160\u012bm ma\u0161\u012bn\u0101m ir nepiecie\u0161amas jaud\u012bgas un uzticamas hidraulisk\u0101s sist\u0113mas, lai veiktu smagus uzdevumus, piem\u0113ram, rak\u0161anu, cel\u0161anu un smagu kravu stum\u0161anu.<\/p>\n<p>Metin\u0101t\u0101 T veida cilindra augst\u0101 iztur\u012bba un ilgm\u016b\u017e\u012bba padara to par ide\u0101lu izv\u0113li izmanto\u0161anai celtniec\u012bbas tehnik\u0101. T\u0101 sp\u0113ja nodro\u0161in\u0101t prec\u012bzu kontroli un vienm\u0113r\u012bgu sp\u0113ku ir b\u016btiska daudziem celtniec\u012bbas procesiem, piem\u0113ram, rak\u0161anai, plan\u0113\u0161anai un bru\u0123\u0113\u0161anai. Metin\u0101to T veida cilindru var izmantot ar\u012b, lai regul\u0113tu \u0161\u0137idrumu pl\u016bsmu hidrauliskaj\u0101s sist\u0113m\u0101s, uzlabojot celtniec\u012bbas tehnikas efektivit\u0101ti un uzticam\u012bbu da\u017e\u0101dos pielietojumos.<\/li>\n<\/ul>\n<h3>Par FMP<\/h3>\n<p>FMP ir vado\u0161ais hidraulisko cilindru ra\u017eot\u0101js un pieg\u0101d\u0101t\u0101js ar vair\u0101k nek\u0101 30 gadu pieredzi nozar\u0113. M\u016bsu r\u016bpniecisk\u0101 zona atrodas It\u0101lij\u0101 un ir apr\u012bkota ar vair\u0101k nek\u0101 100 modern\u0101m iek\u0101rt\u0101m, tostarp autom\u0101tisk\u0101m g\u0101zes ekran\u0113t\u0101m metin\u0101\u0161anas iek\u0101rt\u0101m, dzi\u013curbumu urb\u0161anas iek\u0101rt\u0101m, CNC virp\u0101m, cilindrisk\u0101m sl\u012bpma\u0161\u012bn\u0101m, autom\u0101tisk\u0101m t\u012br\u012b\u0161anas iek\u0101rt\u0101m, autom\u0101tisk\u0101m uzst\u0101d\u012b\u0161anas iek\u0101rt\u0101m, autom\u0101tiskiem hidraulisko cilindru veiktsp\u0113jas p\u0101rbaudes stendiem un autom\u0101tisk\u0101m kr\u0101so\u0161anas l\u012bnij\u0101m.<\/p>\n<p><img decoding=\"async\" src=\"https:\/\/fmp-components.com\/wp-content\/uploads\/2024\/12\/fmp-factory-4.webp\" alt=\"FMP r\u016bpn\u012bca\" width=\"800\" title=\"\"><\/p>\n<p>M\u016bsu hidrauliskie cilindri ir projekt\u0113ti un ra\u017eoti atbilsto\u0161i augst\u0101kajiem standartiem, nodro\u0161inot m\u016bsu klientiem izcilu kvalit\u0101ti. M\u0113s pied\u0101v\u0101jam pla\u0161u hidraulisko cilindru kl\u0101stu, tostarp:<\/p>\n<ol>\n<li style=\"list-style-type: none;\">\n<ol>\n<li>Hidrauliskais cilindrs<\/li>\n<\/ol>\n<\/li>\n<\/ol>\n<p>M\u016bsu hidrauliskie cilindri tiek r\u016bp\u012bgi apstr\u0101d\u0101ti un p\u0101rbaud\u012bti, lai garant\u0113tu izcilu veiktsp\u0113ju un iztur\u012bbu. Tie ir izstr\u0101d\u0101ti, lai apmierin\u0101tu da\u017e\u0101du nozaru da\u017e\u0101d\u0101s vajadz\u012bbas.<\/p>\n<ol>\n<li style=\"list-style-type: none;\">\n<ol>\n<li>Hidraulisk\u0101 cilindra auskaru cilindrs<\/li>\n<\/ol>\n<\/li>\n<\/ol>\n<p>M\u016bsu ra\u017eotie auskaru cilindri ir \u012bpa\u0161i izstr\u0101d\u0101ti efekt\u012bvai un uzticamai darb\u012bbai. Tie ir ide\u0101li piem\u0113roti lietojumiem, kuriem nepiecie\u0161ama prec\u012bza vad\u012bba un stabilit\u0101te.<\/p>\n<ol>\n<li style=\"list-style-type: none;\">\n<ol>\n<li>Divvirzienu autom\u0101tiskais teleskopiskais hidrauliskais cilindrs<\/li>\n<\/ol>\n<\/li>\n<\/ol>\n<p>M\u016bsu divvirzienu autom\u0101tiskie teleskopiskie hidrauliskie cilindri ir izstr\u0101d\u0101ti, lai nodro\u0161in\u0101tu izcilu veiktsp\u0113ju un daudzpus\u012bbu. Tie var vienm\u0113r\u012bgi izstiepties un ievilkties, nodro\u0161inot optim\u0101lu funkcionalit\u0101ti da\u017e\u0101d\u0101s vid\u0113s.<\/p>\n<ol>\n<li style=\"list-style-type: none;\">\n<ol>\n<li>Dizaina pakalpojums<\/li>\n<\/ol>\n<\/li>\n<\/ol>\n<p>Ar m\u016bsu pieredz\u0113ju\u0161o projekt\u0113\u0161anas komandu m\u0113s pied\u0101v\u0101jam visaptvero\u0161us kard\u0101nv\u0101rpstu izstr\u0101d\u0101jumu projekt\u0113\u0161anas un izstr\u0101des pakalpojumus. Neatkar\u012bgi no t\u0101, vai jums ir nepiecie\u0161ami jauni produkti vai eso\u0161o uzlabojumi, m\u0113s esam \u0161eit, lai j\u016bs atbalst\u012btu vis\u0101 proces\u0101.<\/p>\n<ol>\n<li style=\"list-style-type: none;\">\n<ol>\n<li>Produktu apkalpo\u0161ana<\/li>\n<\/ol>\n<\/li>\n<\/ol>\n<p>S\u0101kot ar izejviel\u0101m un beidzot ar iepakojumu un transport\u0113\u0161anu, m\u0113s r\u016bp\u012bgi apstr\u0101d\u0101jam katru ra\u017eo\u0161anas procesa soli, lai nodro\u0161in\u0101tu augst\u0101ko kvalit\u0101tes standartu iev\u0113ro\u0161anu. M\u016bsu ap\u0146em\u0161an\u0101s sasniegt izcil\u012bbu ir redzama katr\u0101 m\u016bsu pieg\u0101d\u0101taj\u0101 hidrauliskaj\u0101 cilindr\u0101.<\/p>\n<p>Papildus \u0161iem produktiem m\u0113s lepojamies ar m\u016bsu uz\u0146\u0113muma priek\u0161roc\u012bb\u0101m:<\/p>\n<ol>\n<li style=\"list-style-type: none;\">\n<ol>\n<li>Augst\u0101k\u0101 kvalit\u0101te<\/li>\n<\/ol>\n<\/li>\n<\/ol>\n<p>M\u016bsu hidrauliskie cilindri tiek ra\u017eoti, izmantojot lab\u0101kos materi\u0101lus, un tiek pak\u013cauti stingrai apstr\u0101dei un p\u0101rbaudei, lai nodro\u0161in\u0101tu izcilu kvalit\u0101ti un uzticam\u012bbu.<\/p>\n<ol>\n<li style=\"list-style-type: none;\">\n<ol>\n<li>Piel\u0101go\u0161ana<\/li>\n<\/ol>\n<\/li>\n<\/ol>\n<p>M\u0113s specializ\u0113jamies hidraulisko cilindru piel\u0101go\u0161an\u0101 atbilsto\u0161i \u012bpa\u0161\u0101m pras\u012bb\u0101m. Neatkar\u012bgi no t\u0101, vai jums ir nepiecie\u0161ams unik\u0101ls izm\u0113rs vai \u012bpa\u0161as funkcijas, m\u0113s varam piel\u0101got savus produktus j\u016bsu prec\u012bzaj\u0101m vajadz\u012bb\u0101m.<\/p>\n<ol>\n<li style=\"list-style-type: none;\">\n<ol>\n<li>Nep\u0101rtraukta uzlabo\u0161ana<\/li>\n<\/ol>\n<\/li>\n<\/ol>\n<p>Rodoties jaun\u0101m tirgus vajadz\u012bb\u0101m, m\u0113s akt\u012bvi iesaist\u0101mies p\u0113tniec\u012bb\u0101 un att\u012bst\u012bb\u0101, lai saglab\u0101tu vado\u0161o poz\u012bciju inov\u0101ciju jom\u0101. Tas \u013cauj mums past\u0101v\u012bgi uzlabot savus produktus un pied\u0101v\u0101t m\u016bsu klientiem modern\u0101kos risin\u0101jumus.<\/p>\n<ol>\n<li style=\"list-style-type: none;\">\n<ol>\n<li>Efekt\u012bva paraugu \u0146em\u0161anas apstr\u0101de<\/li>\n<\/ol>\n<\/li>\n<\/ol>\n<p>M\u0113s saprotam paraugu noz\u012bmi inform\u0113tu l\u0113mumu pie\u0146em\u0161an\u0101. M\u016bsu \u012bpa\u0161i atlas\u012bt\u0101 komanda var izstr\u0101d\u0101t paraugus atbilsto\u0161i j\u016bsu pras\u012bb\u0101m un nep\u0101rtraukti tos modific\u0113t, lai tie atbilstu j\u016bsu \u012bpa\u0161aj\u0101m vajadz\u012bb\u0101m.<\/p>\n<ol>\n<li style=\"list-style-type: none;\">\n<ol>\n<li>Uzticams klientu atbalsts<\/li>\n<\/ol>\n<\/li>\n<\/ol>\n<p>Uz\u0146\u0113mum\u0101 FMP m\u0113s cen\u0161amies nodro\u0161in\u0101t izcilu klientu apkalpo\u0161anu. M\u016bsu komanda vienm\u0113r ir gatava jums pal\u012bdz\u0113t, neatkar\u012bgi no t\u0101, vai t\u0101 atbild uz jaut\u0101jumiem, pied\u0101v\u0101 tehnisko atbalstu vai savlaic\u012bgi atjaunina j\u016bsu pas\u016bt\u012bjumus.<\/p>\n<p>Lai sa\u0146emtu augst\u0101k\u0101s kvalit\u0101tes hidrauliskos cilindrus un lielisku klientu apkalpo\u0161anu, izv\u0113lieties FMP. Sazinieties ar mums jau \u0161odien, lai p\u0101rrun\u0101tu savas \u012bpa\u0161\u0101s pras\u012bbas un uzzin\u0101tu, k\u0101 m\u0113s varam apmierin\u0101t j\u016bsu hidraulisko cilindru vajadz\u012bbas.<\/p>\n<p>Autors: CX<\/p>","protected":false},"excerpt":{"rendered":"<p>The 10044 Customized Double Acting Hydraulic Cylinder Welded Tee Cylinder is engineered for versatility and strength, tailored to meet specific application needs in various industries, including construction, agriculture, and manufacturing. This hydraulic cylinder is designed to deliver reliable performance with a robust welded construction, ensuring durability even under challenging conditions. Key Features: Double Acting Functionality: [&hellip;]<\/p>","protected":false},"featured_media":1133,"comment_status":"closed","ping_status":"closed","template":"","meta":{"_et_pb_use_builder":"","_et_pb_old_content":"","_et_gb_content_width":""},"product_brand":[],"product_cat":[31],"product_tag":[34,35],"class_list":{"0":"post-964","1":"product","2":"type-product","3":"status-publish","4":"has-post-thumbnail","6":"product_cat-welded-tee-type-cylinder","7":"product_tag-hydraulic-cylinder","8":"product_tag-welded-tee-type-cylinder","10":"first","11":"instock","12":"product-type-simple"},"_links":{"self":[{"href":"https:\/\/fmp-components.com\/lv\/wp-json\/wp\/v2\/product\/964","targetHints":{"allow":["GET"]}}],"collection":[{"href":"https:\/\/fmp-components.com\/lv\/wp-json\/wp\/v2\/product"}],"about":[{"href":"https:\/\/fmp-components.com\/lv\/wp-json\/wp\/v2\/types\/product"}],"replies":[{"embeddable":true,"href":"https:\/\/fmp-components.com\/lv\/wp-json\/wp\/v2\/comments?post=964"}],"wp:featuredmedia":[{"embeddable":true,"href":"https:\/\/fmp-components.com\/lv\/wp-json\/wp\/v2\/media\/1133"}],"wp:attachment":[{"href":"https:\/\/fmp-components.com\/lv\/wp-json\/wp\/v2\/media?parent=964"}],"wp:term":[{"taxonomy":"product_brand","embeddable":true,"href":"https:\/\/fmp-components.com\/lv\/wp-json\/wp\/v2\/product_brand?post=964"},{"taxonomy":"product_cat","embeddable":true,"href":"https:\/\/fmp-components.com\/lv\/wp-json\/wp\/v2\/product_cat?post=964"},{"taxonomy":"product_tag","embeddable":true,"href":"https:\/\/fmp-components.com\/lv\/wp-json\/wp\/v2\/product_tag?post=964"}],"curies":[{"name":"wp","href":"https:\/\/api.w.org\/{rel}","templated":true}]}}