{"id":963,"date":"2024-12-19T03:40:23","date_gmt":"2024-12-19T03:40:23","guid":{"rendered":"https:\/\/fmp-components.com\/product\/10043-premium-quality-double-effect-hydraulic-ram-cylinder-for-sale\/"},"modified":"2024-12-19T08:41:19","modified_gmt":"2024-12-19T08:41:19","slug":"10043-premium-quality-double-effect-hydraulic-ram-cylinder-for-sale","status":"publish","type":"product","link":"https:\/\/fmp-components.com\/lv\/product\/10043-premium-quality-double-effect-hydraulic-ram-cylinder-for-sale\/","title":{"rendered":"P\u0101rdo\u0161an\u0101 10043 augst\u0101k\u0101s kvalit\u0101tes dubult\u0101 efekta hidrauliskais cilindrs"},"content":{"rendered":"<p>10043 augst\u0101k\u0101s kvalit\u0101tes divk\u0101r\u0161\u0101s iedarb\u012bbas hidrauliskais cilindrs ir paredz\u0113ts augstas veiktsp\u0113jas lietojumiem, nodro\u0161inot izcilu jaudu un daudzpus\u012bbu da\u017e\u0101dos r\u016bpniec\u012bbas un lauksaimniec\u012bbas apst\u0101k\u013cos. \u0160is hidrauliskais cilindrs ir ide\u0101li piem\u0113rots uzdevumiem, kuriem nepiecie\u0161ama gan pagarin\u0101\u0161ana, gan ievilk\u0161ana, padarot to par lielisku darbu smagu kravu cel\u0161anai, stum\u0161anai un vilk\u0161anai.<\/p>\n<h4>Galven\u0101s iez\u012bmes:<\/h4>\n<ul>\n<li><strong>Divk\u0101r\u0161as darb\u012bbas dizains<\/strong>: Nodro\u0161ina efekt\u012bvu darb\u012bbu gan izstiep\u0161anas, gan ievilk\u0161anas f\u0101z\u0113s, maksim\u0101li palielinot produktivit\u0101ti.<\/li>\n<li><strong>Iztur\u012bga konstrukcija<\/strong>Izgatavots no augstas kvalit\u0101tes materi\u0101liem, lai iztur\u0113tu intens\u012bvu lieto\u0161anu un b\u016btu iztur\u012bgs pret nodilumu.<\/li>\n<li><strong>Augsta kravnes\u012bba<\/strong>Izstr\u0101d\u0101ts, lai viegli iztur\u0113tu iev\u0113rojamas slodzes, nodro\u0161inot uzticamu veiktsp\u0113ju sare\u017e\u0123\u012btos apst\u0101k\u013cos.<\/li>\n<li><strong>Korozijas iztur\u012bba<\/strong>Apstr\u0101d\u0101ts ar aizsargp\u0101rkl\u0101jumiem, lai nov\u0113rstu r\u016bsu un koroziju, t\u0101d\u0113j\u0101di palielinot kalpo\u0161anas laiku.<\/li>\n<li><strong>Vienk\u0101r\u0161a uzst\u0101d\u012b\u0161ana<\/strong>Paredz\u0113ts vienk\u0101r\u0161ai mont\u0101\u017eai un integr\u0101cijai eso\u0161aj\u0101s sist\u0113m\u0101s.<\/li>\n<\/ul>\n<p><img decoding=\"async\" class=\"aligncenter\" src=\"https:\/\/hzpt.com\/wp-content\/uploads\/2023\/12\/random-4.webp\" alt=\"\" title=\"\"><\/p>\n<h4>Ieguvumi:<\/h4>\n<ul>\n<li><strong>Uzlabota efektivit\u0101te<\/strong>Palielina darb\u012bbas efektivit\u0101ti, nodro\u0161inot jaud\u012bgu un vienm\u0113r\u012bgu kust\u012bbu abos virzienos.<\/li>\n<li><strong>Izmaksu zi\u0146\u0101 efekt\u012bvs risin\u0101jums<\/strong>Iztur\u012bga konstrukcija samazina apkopes nepiecie\u0161am\u012bbu, nodro\u0161inot ilgtermi\u0146a uzticam\u012bbu.<\/li>\n<li><strong>Daudzpus\u012bgi pielietojumi<\/strong>Piem\u0113rots da\u017e\u0101diem lietojumiem b\u016bvniec\u012bb\u0101, lauksaimniec\u012bb\u0101 un ra\u017eo\u0161an\u0101.<\/li>\n<\/ul>\n<p>10043 augst\u0101k\u0101s kvalit\u0101tes dubult\u0101 efekta hidrauliskais cilindrs ir uzticama izv\u0113le tiem, kas mekl\u0113 augstu veiktsp\u0113ju un iztur\u012bbu hidrauliskajos risin\u0101jumos. Tas ir lieliski piem\u0113rots j\u016bsu apr\u012bkojuma iesp\u0113ju uzlabo\u0161anai un ir b\u016btisks papildin\u0101jums jebkuram instrumentu komplektam.<\/p>\n<p>&nbsp;<\/p>\n<p>&nbsp;<\/p>\n<p><img decoding=\"async\" class=\"aligncenter\" src=\"https:\/\/hzpt.com\/wp-content\/uploads\/2023\/12\/random-3.webp\" alt=\"\" title=\"\"><\/p>\n<h2>Metin\u0101t\u0101 T veida cilindra priek\u0161roc\u012bbas<\/h2>\n<ul>\n<li style=\"list-style-type: none;\">\n<ul>\n<li><strong>Palielin\u0101ts sp\u0113ks:<\/strong> Metin\u0101tie T veida cilindri ir paz\u012bstami ar savu augsto iztur\u012bbu, padarot tos piem\u0113rotus lietojumiem, kuros nepiecie\u0161ama smagu kravu cel\u0161ana. \u0160o cilindru ra\u017eo\u0161anas laik\u0101 izmantotais metin\u0101\u0161anas process nodro\u0161ina, ka cilindram nav v\u0101ju punktu un tas var iztur\u0113t augstu spiedienu un spriegumu.<\/li>\n<\/ul>\n<\/li>\n<\/ul>\n<p>Kad uz cilindru tiek iedarbin\u0101ts spiediens, tas vienm\u0113r\u012bgi sadal\u0101s pa visu virsmu, padarot to iztur\u012bgu pret deform\u0101ciju. \u0160\u012b \u012bpa\u0161\u012bba nodro\u0161ina, ka cilindrs saglab\u0101 savu formu un struktur\u0101lo integrit\u0101ti pat ekstrem\u0101los apst\u0101k\u013cos.<\/p>\n<ul>\n<li style=\"list-style-type: none;\">\n<ul>\n<li><strong>Nopl\u016b\u017eu nov\u0113r\u0161ana:<\/strong> Metin\u0101tie T veida cilindri ir izstr\u0101d\u0101ti, lai nov\u0113rstu nopl\u016bdes. Ra\u017eo\u0161anas proces\u0101 izmantotais metin\u0101\u0161anas process nodro\u0161ina, ka cilindrs ir piln\u012bb\u0101 nosl\u0113gts un bez jebk\u0101d\u0101m iesp\u0113jam\u0101m nopl\u016bd\u0113m. \u0160\u012b \u012bpa\u0161\u012bba padara tos piem\u0113rotus lieto\u0161anai lietojumos, kur nopl\u016bde var\u0113tu izrais\u012bt nopietnus boj\u0101jumus vai traumas.<\/li>\n<\/ul>\n<\/li>\n<\/ul>\n<p>Metin\u0101tie savienojumi ir gludi, bez plais\u0101m vai riev\u0101m, kur var\u0113tu uzkr\u0101ties gru\u017ei vai net\u012brumi, t\u0101d\u0113j\u0101di samazinot korozijas un cilindra boj\u0101jumu risku.<\/p>\n<ul>\n<li style=\"list-style-type: none;\">\n<ul>\n<li><strong>Piel\u0101gojams:<\/strong> Metin\u0101tos T veida cilindrus var piel\u0101got konkr\u0113tiem pielietojumiem. Cilindri ir pieejami da\u017e\u0101dos izm\u0113ros un form\u0101s, un tos var izgatavot atbilsto\u0161i konkr\u0113t\u0101 pielietojuma pras\u012bb\u0101m.<\/li>\n<\/ul>\n<\/li>\n<\/ul>\n<p>Piel\u0101go\u0161anas process \u013cauj optimiz\u0113t cilindra veiktsp\u0113ju, nodro\u0161inot, ka tas ir piem\u0113rots paredz\u0113tajam pielietojumam. \u0160\u012b \u012bpa\u0161\u012bba padara metin\u0101tus T veida cilindrus ide\u0101li piem\u0113rotus izmanto\u0161anai da\u017e\u0101dos r\u016bpnieciskos pielietojumos, tostarp b\u016bvniec\u012bb\u0101, ieguves r\u016bpniec\u012bb\u0101 un materi\u0101lu apstr\u0101d\u0113.<\/p>\n<ul>\n<li style=\"list-style-type: none;\">\n<ul>\n<li><strong>Izmaksu zi\u0146\u0101 efekt\u012bvs:<\/strong> Metin\u0101tie T veida cilindri ir izmaksu zi\u0146\u0101 efekt\u012bv\u0101ki sal\u012bdzin\u0101jum\u0101 ar cita veida cilindriem. \u0160o cilindru ra\u017eo\u0161anas process ir vienk\u0101r\u0161s, t\u0101p\u0113c tie ir l\u0113t\u0101ki nek\u0101 cita veida cilindri.<\/li>\n<\/ul>\n<\/li>\n<\/ul>\n<p>Turkl\u0101t metin\u0101to T veida cilindru augst\u0101 iztur\u012bba un ilgm\u016b\u017e\u012bba samazina nepiecie\u0161am\u012bbu p\u0113c bie\u017ea remonta un nomai\u0146as, t\u0101d\u0113j\u0101di ietaupot apkopes izmaksas. \u0160\u012b \u012bpa\u0161\u012bba padara tos par popul\u0101ru izv\u0113li daudz\u0101s nozar\u0113s, \u012bpa\u0161i taj\u0101s, kur\u0101m ir ierobe\u017eots bud\u017eets.<\/p>\n<ul>\n<li style=\"list-style-type: none;\">\n<ul>\n<li><strong>Paaugstin\u0101ta efektivit\u0101te:<\/strong> Metin\u0101tie T veida cilindri ir \u013coti efekt\u012bvi un lietder\u012bgi. Cilindra konstrukcija nodro\u0161ina, ka pieliktais sp\u0113ks tiek tie\u0161i p\u0101rnests uz slodzi, samazinot ener\u0123ijas zudumus un palielinot efektivit\u0101ti.<\/li>\n<\/ul>\n<\/li>\n<\/ul>\n<p>Metin\u0101tie savienojumi ir iztur\u012bgi un stingri, samazinot novirzi un nodro\u0161inot, ka cilindrs saglab\u0101 savu formu un struktur\u0101lo integrit\u0101ti pat ekstrem\u0101los apst\u0101k\u013cos. \u0160\u012b \u012bpa\u0161\u012bba padara metin\u0101tos T veida cilindrus ide\u0101li piem\u0113rotus lieto\u0161anai lietojumos, kuriem nepiecie\u0161ama augsta efektivit\u0101te un uzticam\u012bba.<\/p>\n<h2>Metin\u0101t\u0101 T veida cilindra pielietojums<\/h2>\n<ul>\n<li>\n<h3>R\u016bpniecisk\u0101s ma\u0161\u012bnas un iek\u0101rtas<\/h3>\n<p>Metin\u0101tie T veida cilindri tiek pla\u0161i izmantoti r\u016bpnieciskaj\u0101s ma\u0161\u012bn\u0101s un iek\u0101rt\u0101s, \u012bpa\u0161i hidrauliskaj\u0101s sist\u0113m\u0101s. Cilindrs sast\u0101v no virzu\u013ca un cilindra caurules, kas ir sametin\u0101ti kop\u0101, veidojot vienu vien\u012bbu. \u0160\u012b konstrukcija pied\u0101v\u0101 vair\u0101kas priek\u0161roc\u012bbas sal\u012bdzin\u0101jum\u0101 ar cita veida cilindriem, piem\u0113ram, uzlabotu iztur\u012bbu, liel\u0101ku stipr\u012bbu un liel\u0101ku precizit\u0101ti.<\/p>\n<p>Viens no svar\u012bg\u0101kajiem metin\u0101t\u0101 T veida cilindra pielietojumiem r\u016bpnieciskaj\u0101s iek\u0101rt\u0101s ir t\u0101 sp\u0113ja nodro\u0161in\u0101t vienm\u0113r\u012bgu un prec\u012bzu sp\u0113ku. Tas ir b\u016btiski daudziem ra\u017eo\u0161anas procesiem, kur nepiecie\u0161ama prec\u012bza kontrole, lai nodro\u0161in\u0101tu gala produkta kvalit\u0101ti. Metin\u0101to T veida cilindru var izmantot ar\u012b, lai regul\u0113tu \u0161\u0137idrumu pl\u016bsmu hidrauliskaj\u0101s sist\u0113m\u0101s, nodro\u0161inot liel\u0101ku efektivit\u0101ti un uzticam\u012bbu da\u017e\u0101dos r\u016bpnieciskos pielietojumos.<\/li>\n<li>\n<h3>Lauksaimniec\u012bbas tehnika<\/h3>\n<p>Metin\u0101tie T veida cilindri tiek pla\u0161i izmantoti ar\u012b lauksaimniec\u012bbas tehnik\u0101, piem\u0113ram, traktoros un kombainos. \u0160\u012bm ma\u0161\u012bn\u0101m efekt\u012bvai darb\u012bbai ir nepiecie\u0161amas jaud\u012bgas un uzticamas hidraulisk\u0101s sist\u0113mas, un metin\u0101tie T veida cilindri ir ide\u0101la izv\u0113le \u0161im nol\u016bkam.<\/p>\n<p>Cilindra iztur\u012bg\u0101 konstrukcija un augst\u0101 iztur\u012bba padara to \u013coti iztur\u012bgu pret nodilumu pat skarbos ekspluat\u0101cijas apst\u0101k\u013cos. Tas padara to par ide\u0101lu izv\u0113li izmanto\u0161anai lauksaimniec\u012bbas tehnik\u0101, kur iztur\u012bba ir galvenais apsv\u0113rums. Metin\u0101to T veida cilindru var izmantot ar\u012b, lai nodro\u0161in\u0101tu prec\u012bzu kontroli, kas nepiecie\u0161ama daudziem lauksaimniec\u012bbas procesiem, piem\u0113ram, st\u0101d\u012b\u0161anai, ra\u017eas nov\u0101k\u0161anai un ap\u016bde\u0146o\u0161anai.<\/li>\n<li>\n<h3>Celtniec\u012bbas apr\u012bkojums<\/h3>\n<p>Metin\u0101tie T veida cilindri tiek pla\u0161i izmantoti ar\u012b celtniec\u012bbas iek\u0101rt\u0101s, piem\u0113ram, ekskavatoros, ekskavatoros un buldozeros. \u0160\u012bm ma\u0161\u012bn\u0101m ir nepiecie\u0161amas jaud\u012bgas un uzticamas hidraulisk\u0101s sist\u0113mas, lai veiktu smagus uzdevumus, piem\u0113ram, rak\u0161anu, cel\u0161anu un smagu kravu stum\u0161anu.<\/p>\n<p>Metin\u0101t\u0101 T veida cilindra augst\u0101 iztur\u012bba un ilgm\u016b\u017e\u012bba padara to par ide\u0101lu izv\u0113li izmanto\u0161anai celtniec\u012bbas tehnik\u0101. T\u0101 sp\u0113ja nodro\u0161in\u0101t prec\u012bzu kontroli un vienm\u0113r\u012bgu sp\u0113ku ir b\u016btiska daudziem celtniec\u012bbas procesiem, piem\u0113ram, rak\u0161anai, plan\u0113\u0161anai un bru\u0123\u0113\u0161anai. Metin\u0101to T veida cilindru var izmantot ar\u012b, lai regul\u0113tu \u0161\u0137idrumu pl\u016bsmu hidrauliskaj\u0101s sist\u0113m\u0101s, uzlabojot celtniec\u012bbas tehnikas efektivit\u0101ti un uzticam\u012bbu da\u017e\u0101dos pielietojumos.<\/li>\n<\/ul>\n<h3>Par FMP<\/h3>\n<p>FMP, kam ir vair\u0101k nek\u0101 30 gadu pieredze It\u0101lij\u0101, ir vado\u0161ais hidraulisko cilindru ra\u017eot\u0101js un pieg\u0101d\u0101t\u0101js. M\u0113s specializ\u0113jamies da\u017e\u0101du veidu hidraulisko cilindru ra\u017eo\u0161an\u0101 un piel\u0101go\u0161an\u0101, lai apmierin\u0101tu m\u016bsu klientu \u012bpa\u0161\u0101s vajadz\u012bbas. Ar sp\u0113c\u012bgu uzsvaru uz kvalit\u0101ti un klientu apmierin\u0101t\u012bbu m\u0113s esam ieguvu\u0161i reput\u0101ciju, pieg\u0101d\u0101jot uzticamus un augstas veiktsp\u0113jas produktus.<\/p>\n<p><img decoding=\"async\" src=\"https:\/\/fmp-components.com\/wp-content\/uploads\/2024\/12\/fmp-factory-4.webp\" alt=\"FMP r\u016bpn\u012bca\" width=\"800\" title=\"\"><\/p>\n<p>\u0160eit ir piecas galven\u0101s priek\u0161roc\u012bbas, izv\u0113loties FMP j\u016bsu hidraulisk\u0101 cilindra vajadz\u012bb\u0101m:<\/p>\n<ol>\n<li>Pla\u0161s apr\u012bkojums: Ar vair\u0101k nek\u0101 100 modern\u0101m iek\u0101rt\u0101m, tostarp autom\u0101tisk\u0101m g\u0101zes ekran\u0113t\u0101m metin\u0101\u0161anas iek\u0101rt\u0101m, dzi\u013curbumu urb\u0161anas iek\u0101rt\u0101m, CNC virp\u0101m, cilindrisk\u0101m sl\u012bpma\u0161\u012bn\u0101m, autom\u0101tisk\u0101m t\u012br\u012b\u0161anas iek\u0101rt\u0101m, autom\u0101tisk\u0101m uzst\u0101d\u012b\u0161anas iek\u0101rt\u0101m, autom\u0101tiskiem hidraulisko cilindru veiktsp\u0113jas p\u0101rbaudes stendiem un autom\u0101tisk\u0101m kr\u0101so\u0161anas l\u012bnij\u0101m, m\u0113s nodro\u0161in\u0101m efekt\u012bvus un prec\u012bzus ra\u017eo\u0161anas procesus.<\/li>\n<li>Stingra kvalit\u0101tes kontrole: Katrs hidrauliskais cilindrs tiek pak\u013cauts stingrai apstr\u0101dei un p\u0101rbaudei, lai garant\u0113tu izcilu kvalit\u0101ti. M\u0113s iev\u0113rojam stingrus kvalit\u0101tes standartus, lai nodro\u0161in\u0101tu m\u016bsu klientiem uzticamus un iztur\u012bgus produktus.<\/li>\n<li>Dizaina pakalpojumi: M\u016bsu pieredz\u0113ju\u0161\u0101 dizaina komanda ir apr\u012bkota, lai nodarbotos ar produktu dizainu un izstr\u0101di. Neatkar\u012bgi no t\u0101, vai jums ir \u012bpa\u0161as pras\u012bbas attiec\u012bb\u0101 uz jauniem produktiem vai v\u0113laties uzlabot eso\u0161os, m\u0113s esam \u0161eit, lai atbalst\u012btu j\u016bs ar inovat\u012bviem risin\u0101jumiem.<\/li>\n<li>Visaptvero\u0161s produktu serviss: S\u0101kot ar izejvielu izv\u0113li un beidzot ar grie\u0161anas, rupjas apstr\u0101des, test\u0113\u0161anas, t\u012br\u012b\u0161anas, mont\u0101\u017eas, iepako\u0161anas un transport\u0113\u0161anas procesiem, mums ir ieviests racionaliz\u0113ts process, lai nodro\u0161in\u0101tu efekt\u012bvu ra\u017eo\u0161anu un pieg\u0101di.<\/li>\n<li>P\u0113tniec\u012bba un att\u012bst\u012bba: M\u0113s sekojam l\u012bdzi tirgus tendenc\u0113m un nep\u0101rtraukti p\u0113t\u0101m nozares main\u012bg\u0101s vajadz\u012bbas. Tas \u013cauj mums izstr\u0101d\u0101t jaunus mode\u013cus un tehnolo\u0123ijas, lai apmierin\u0101tu tirgus piepras\u012bjumu.<\/li>\n<\/ol>\n<p>Uz\u0146\u0113mum\u0101 FMP m\u0113s lepojamies ar augst\u0101k\u0101s kvalit\u0101tes hidraulisko cilindru pieg\u0101di un izcilu klientu apkalpo\u0161anu. Neatkar\u012bgi no t\u0101, vai jums nepiecie\u0161ami standarta produkti vai piel\u0101goti risin\u0101jumi, m\u0113s esam ap\u0146\u0113mu\u0161ies prec\u012bzi un uzticami apmierin\u0101t j\u016bsu hidraulisko cilindru vajadz\u012bbas.<\/p>\n<p>Autors: CX<\/p>","protected":false},"excerpt":{"rendered":"<p>The 10043 Premium Quality Double Effect Hydraulic Ram Cylinder is designed for high-performance applications, providing exceptional power and versatility in various industrial and agricultural settings. This hydraulic ram cylinder is ideal for tasks that require both extension and retraction, making it perfect for lifting, pushing, and pulling heavy loads. Key Features: Double-Acting Design: Allows for [&hellip;]<\/p>","protected":false},"featured_media":1132,"comment_status":"closed","ping_status":"closed","template":"","meta":{"_et_pb_use_builder":"","_et_pb_old_content":"","_et_gb_content_width":""},"product_brand":[],"product_cat":[31],"product_tag":[34,35],"class_list":{"0":"post-963","1":"product","2":"type-product","3":"status-publish","4":"has-post-thumbnail","6":"product_cat-welded-tee-type-cylinder","7":"product_tag-hydraulic-cylinder","8":"product_tag-welded-tee-type-cylinder","10":"first","11":"instock","12":"product-type-simple"},"_links":{"self":[{"href":"https:\/\/fmp-components.com\/lv\/wp-json\/wp\/v2\/product\/963","targetHints":{"allow":["GET"]}}],"collection":[{"href":"https:\/\/fmp-components.com\/lv\/wp-json\/wp\/v2\/product"}],"about":[{"href":"https:\/\/fmp-components.com\/lv\/wp-json\/wp\/v2\/types\/product"}],"replies":[{"embeddable":true,"href":"https:\/\/fmp-components.com\/lv\/wp-json\/wp\/v2\/comments?post=963"}],"wp:featuredmedia":[{"embeddable":true,"href":"https:\/\/fmp-components.com\/lv\/wp-json\/wp\/v2\/media\/1132"}],"wp:attachment":[{"href":"https:\/\/fmp-components.com\/lv\/wp-json\/wp\/v2\/media?parent=963"}],"wp:term":[{"taxonomy":"product_brand","embeddable":true,"href":"https:\/\/fmp-components.com\/lv\/wp-json\/wp\/v2\/product_brand?post=963"},{"taxonomy":"product_cat","embeddable":true,"href":"https:\/\/fmp-components.com\/lv\/wp-json\/wp\/v2\/product_cat?post=963"},{"taxonomy":"product_tag","embeddable":true,"href":"https:\/\/fmp-components.com\/lv\/wp-json\/wp\/v2\/product_tag?post=963"}],"curies":[{"name":"wp","href":"https:\/\/api.w.org\/{rel}","templated":true}]}}