{"id":962,"date":"2024-12-19T03:40:23","date_gmt":"2024-12-19T03:40:23","guid":{"rendered":"https:\/\/fmp-components.com\/product\/10042-quality-assurance-tractor-welded-piston-hydraulic-cylinder\/"},"modified":"2024-12-19T08:41:01","modified_gmt":"2024-12-19T08:41:01","slug":"10042-quality-assurance-tractor-welded-piston-hydraulic-cylinder","status":"publish","type":"product","link":"https:\/\/fmp-components.com\/lv\/product\/10042-quality-assurance-tractor-welded-piston-hydraulic-cylinder\/","title":{"rendered":"10042 Kvalit\u0101tes nodro\u0161in\u0101\u0161anas traktora metin\u0101tais virzu\u013chidrauliskais cilindrs"},"content":{"rendered":"<p>10042 kvalit\u0101tes nodro\u0161in\u0101\u0161anas traktora metin\u0101t\u0101 virzu\u013chidraulisk\u0101 cilindra konstrukcija nodro\u0161ina uzticam\u012bbu un veiktsp\u0113ju lauksaimniec\u012bbas darbos. \u0160is hidrauliskais cilindrs ir paredz\u0113ts, lai nodro\u0161in\u0101tu traktoru stabilas cel\u0161anas un stum\u0161anas iesp\u0113jas, garant\u0113jot efekt\u012bvu darb\u012bbu da\u017e\u0101dos lauksaimniec\u012bbas uzdevumos.<\/p>\n<h4>Galven\u0101s iez\u012bmes:<\/h4>\n<ul>\n<li><strong>Metin\u0101ta virzu\u013ca konstrukcija<\/strong>Izgatavots ar metin\u0101tu virzuli, lai uzlabotu iztur\u012bbu un ilgm\u016b\u017e\u012bbu, padarot to piem\u0113rotu lieljaudas lietojumiem.<\/li>\n<li><strong>Kvalit\u0101tes nodro\u0161in\u0101\u0161ana<\/strong>Ra\u017eots saska\u0146\u0101 ar stingriem kvalit\u0101tes kontroles pas\u0101kumiem, lai nodro\u0161in\u0101tu augstu veiktsp\u0113ju un ilgm\u016b\u017e\u012bbu sare\u017e\u0123\u012btos apst\u0101k\u013cos.<\/li>\n<li><strong>Augsta kravnes\u012bba<\/strong>Sp\u0113j\u012bgs iztur\u0113t iev\u0113rojamas slodzes, ide\u0101li piem\u0113rots sare\u017e\u0123\u012bt\u0101m lauksaimniec\u012bbas darb\u012bb\u0101m.<\/li>\n<li><strong>Korozijiztur\u012bga apdare<\/strong>P\u0101rkl\u0101ts, lai aizsarg\u0101tu pret r\u016bsu un koroziju, nodro\u0161inot ilgsto\u0161u uzticam\u012bbu \u0101ra apst\u0101k\u013cos.<\/li>\n<li><strong>Vienk\u0101r\u0161a uzst\u0101d\u012b\u0161ana<\/strong>Paredz\u0113ts vienk\u0101r\u0161ai integr\u0101cijai eso\u0161aj\u0101s traktoru sist\u0113m\u0101s, nodro\u0161inot \u0101tru iestat\u012b\u0161anu un minim\u0101lu d\u012bkst\u0101ves laiku.<\/li>\n<\/ul>\n<p><img loading=\"lazy\" decoding=\"async\" class=\"alignnone size-full wp-image-976\" src=\"https:\/\/fmp-components.com\/wp-content\/uploads\/2024\/12\/Welded-Tee-Type-Cylinder2.webp\" alt=\"Metin\u0101ts T veida cilindrs\" width=\"764\" height=\"675\" title=\"\" srcset=\"https:\/\/fmp-components.com\/wp-content\/uploads\/2024\/12\/Welded-Tee-Type-Cylinder2.webp 764w, https:\/\/fmp-components.com\/wp-content\/uploads\/2024\/12\/Welded-Tee-Type-Cylinder2-480x424.webp 480w\" sizes=\"(min-width: 0px) and (max-width: 480px) 480px, (min-width: 481px) 764px, 100vw\" \/><\/p>\n<h4>Ieguvumi:<\/h4>\n<ul>\n<li><strong>Paaugstin\u0101ta efektivit\u0101te<\/strong>Uzlabo traktoru darb\u012bbas efektivit\u0101ti, veicinot vienm\u0113r\u012bg\u0101kas un jaud\u012bg\u0101kas kust\u012bbas.<\/li>\n<li><strong>Daudzpus\u012bgi pielietojumi<\/strong>Piem\u0113rots da\u017e\u0101diem lauksaimniec\u012bbas darbiem, padarot to par daudzpus\u012bgu izv\u0113li lauksaimniekiem un operatoriem.<\/li>\n<li><strong>Samazin\u0101tas uztur\u0113\u0161anas izmaksas<\/strong>Iztur\u012bg\u0101 konstrukcija samazina nodilumu, t\u0101d\u0113j\u0101di samazinot apkopes un nomai\u0146as izmaksas.<\/li>\n<\/ul>\n<p>10042 kvalit\u0101tes nodro\u0161in\u0101\u0161anas traktora metin\u0101tais virzu\u013chidrauliskais cilindrs ir b\u016btiska m\u016bsdienu traktoru sast\u0101vda\u013ca, kas nodro\u0161ina uzticamu veiktsp\u0113ju un efektivit\u0101ti lauksaimniec\u012bbas darbos. T\u0101 iztur\u012bgais dizains un ap\u0146em\u0161an\u0101s nodro\u0161in\u0101t kvalit\u0101ti padara to par v\u0113rt\u012bgu papildin\u0101jumu jebkuram lauksaimniec\u012bbas tehnikas kl\u0101stam.<\/p>\n<h2>Metin\u0101t\u0101 T veida cilindra priek\u0161roc\u012bbas<\/h2>\n<ul>\n<li style=\"list-style-type: none;\">\n<ul>\n<li><strong>Palielin\u0101ts sp\u0113ks:<\/strong> Metin\u0101tie T veida cilindri ir paz\u012bstami ar savu augsto iztur\u012bbu, padarot tos piem\u0113rotus lietojumiem, kuros nepiecie\u0161ama smagu kravu cel\u0161ana. \u0160o cilindru ra\u017eo\u0161anas laik\u0101 izmantotais metin\u0101\u0161anas process nodro\u0161ina, ka cilindram nav v\u0101ju punktu un tas var iztur\u0113t augstu spiedienu un spriegumu.<\/li>\n<\/ul>\n<\/li>\n<\/ul>\n<p>Kad uz cilindru tiek iedarbin\u0101ts spiediens, tas vienm\u0113r\u012bgi sadal\u0101s pa visu virsmu, padarot to iztur\u012bgu pret deform\u0101ciju. \u0160\u012b \u012bpa\u0161\u012bba nodro\u0161ina, ka cilindrs saglab\u0101 savu formu un struktur\u0101lo integrit\u0101ti pat ekstrem\u0101los apst\u0101k\u013cos.<\/p>\n<ul>\n<li style=\"list-style-type: none;\">\n<ul>\n<li><strong>Nopl\u016b\u017eu nov\u0113r\u0161ana:<\/strong> Metin\u0101tie T veida cilindri ir izstr\u0101d\u0101ti, lai nov\u0113rstu nopl\u016bdes. Ra\u017eo\u0161anas proces\u0101 izmantotais metin\u0101\u0161anas process nodro\u0161ina, ka cilindrs ir piln\u012bb\u0101 nosl\u0113gts un bez jebk\u0101d\u0101m iesp\u0113jam\u0101m nopl\u016bd\u0113m. \u0160\u012b \u012bpa\u0161\u012bba padara tos piem\u0113rotus lieto\u0161anai lietojumos, kur nopl\u016bde var\u0113tu izrais\u012bt nopietnus boj\u0101jumus vai traumas.<\/li>\n<\/ul>\n<\/li>\n<\/ul>\n<p>Metin\u0101tie savienojumi ir gludi, bez plais\u0101m vai riev\u0101m, kur var\u0113tu uzkr\u0101ties gru\u017ei vai net\u012brumi, t\u0101d\u0113j\u0101di samazinot korozijas un cilindra boj\u0101jumu risku.<\/p>\n<ul>\n<li style=\"list-style-type: none;\">\n<ul>\n<li><strong>Piel\u0101gojams:<\/strong> Metin\u0101tos T veida cilindrus var piel\u0101got konkr\u0113tiem pielietojumiem. Cilindri ir pieejami da\u017e\u0101dos izm\u0113ros un form\u0101s, un tos var izgatavot atbilsto\u0161i konkr\u0113t\u0101 pielietojuma pras\u012bb\u0101m.<\/li>\n<\/ul>\n<\/li>\n<\/ul>\n<p>Piel\u0101go\u0161anas process \u013cauj optimiz\u0113t cilindra veiktsp\u0113ju, nodro\u0161inot, ka tas ir piem\u0113rots paredz\u0113tajam pielietojumam. \u0160\u012b \u012bpa\u0161\u012bba padara metin\u0101tus T veida cilindrus ide\u0101li piem\u0113rotus izmanto\u0161anai da\u017e\u0101dos r\u016bpnieciskos pielietojumos, tostarp b\u016bvniec\u012bb\u0101, ieguves r\u016bpniec\u012bb\u0101 un materi\u0101lu apstr\u0101d\u0113.<\/p>\n<ul>\n<li style=\"list-style-type: none;\">\n<ul>\n<li><strong>Izmaksu zi\u0146\u0101 efekt\u012bvs:<\/strong> Metin\u0101tie T veida cilindri ir izmaksu zi\u0146\u0101 efekt\u012bv\u0101ki sal\u012bdzin\u0101jum\u0101 ar cita veida cilindriem. \u0160o cilindru ra\u017eo\u0161anas process ir vienk\u0101r\u0161s, t\u0101p\u0113c tie ir l\u0113t\u0101ki nek\u0101 cita veida cilindri.<\/li>\n<\/ul>\n<\/li>\n<\/ul>\n<p>Turkl\u0101t metin\u0101to T veida cilindru augst\u0101 iztur\u012bba un ilgm\u016b\u017e\u012bba samazina nepiecie\u0161am\u012bbu p\u0113c bie\u017ea remonta un nomai\u0146as, t\u0101d\u0113j\u0101di ietaupot apkopes izmaksas. \u0160\u012b \u012bpa\u0161\u012bba padara tos par popul\u0101ru izv\u0113li daudz\u0101s nozar\u0113s, \u012bpa\u0161i taj\u0101s, kur\u0101m ir ierobe\u017eots bud\u017eets.<\/p>\n<ul>\n<li style=\"list-style-type: none;\">\n<ul>\n<li><strong>Paaugstin\u0101ta efektivit\u0101te:<\/strong> Metin\u0101tie T veida cilindri ir \u013coti efekt\u012bvi un lietder\u012bgi. Cilindra konstrukcija nodro\u0161ina, ka pieliktais sp\u0113ks tiek tie\u0161i p\u0101rnests uz slodzi, samazinot ener\u0123ijas zudumus un palielinot efektivit\u0101ti.<\/li>\n<\/ul>\n<\/li>\n<\/ul>\n<p>Metin\u0101tie savienojumi ir iztur\u012bgi un stingri, samazinot novirzi un nodro\u0161inot, ka cilindrs saglab\u0101 savu formu un struktur\u0101lo integrit\u0101ti pat ekstrem\u0101los apst\u0101k\u013cos. \u0160\u012b \u012bpa\u0161\u012bba padara metin\u0101tos T veida cilindrus ide\u0101li piem\u0113rotus lieto\u0161anai lietojumos, kuriem nepiecie\u0161ama augsta efektivit\u0101te un uzticam\u012bba.<\/p>\n<h2>Metin\u0101t\u0101 T veida cilindra pielietojums<\/h2>\n<ul>\n<li>\n<h3>R\u016bpniecisk\u0101s ma\u0161\u012bnas un iek\u0101rtas<\/h3>\n<p>Metin\u0101tie T veida cilindri tiek pla\u0161i izmantoti r\u016bpnieciskaj\u0101s ma\u0161\u012bn\u0101s un iek\u0101rt\u0101s, \u012bpa\u0161i hidrauliskaj\u0101s sist\u0113m\u0101s. Cilindrs sast\u0101v no virzu\u013ca un cilindra caurules, kas ir sametin\u0101ti kop\u0101, veidojot vienu vien\u012bbu. \u0160\u012b konstrukcija pied\u0101v\u0101 vair\u0101kas priek\u0161roc\u012bbas sal\u012bdzin\u0101jum\u0101 ar cita veida cilindriem, piem\u0113ram, uzlabotu iztur\u012bbu, liel\u0101ku stipr\u012bbu un liel\u0101ku precizit\u0101ti.<\/p>\n<p>Viens no svar\u012bg\u0101kajiem metin\u0101t\u0101 T veida cilindra pielietojumiem r\u016bpnieciskaj\u0101s iek\u0101rt\u0101s ir t\u0101 sp\u0113ja nodro\u0161in\u0101t vienm\u0113r\u012bgu un prec\u012bzu sp\u0113ku. Tas ir b\u016btiski daudziem ra\u017eo\u0161anas procesiem, kur nepiecie\u0161ama prec\u012bza kontrole, lai nodro\u0161in\u0101tu gala produkta kvalit\u0101ti. Metin\u0101to T veida cilindru var izmantot ar\u012b, lai regul\u0113tu \u0161\u0137idrumu pl\u016bsmu hidrauliskaj\u0101s sist\u0113m\u0101s, nodro\u0161inot liel\u0101ku efektivit\u0101ti un uzticam\u012bbu da\u017e\u0101dos r\u016bpnieciskos pielietojumos.<\/li>\n<li>\n<h3>Lauksaimniec\u012bbas tehnika<\/h3>\n<p>Metin\u0101tie T veida cilindri tiek pla\u0161i izmantoti ar\u012b lauksaimniec\u012bbas tehnik\u0101, piem\u0113ram, traktoros un kombainos. \u0160\u012bm ma\u0161\u012bn\u0101m efekt\u012bvai darb\u012bbai ir nepiecie\u0161amas jaud\u012bgas un uzticamas hidraulisk\u0101s sist\u0113mas, un metin\u0101tie T veida cilindri ir ide\u0101la izv\u0113le \u0161im nol\u016bkam.<\/p>\n<p>Cilindra iztur\u012bg\u0101 konstrukcija un augst\u0101 iztur\u012bba padara to \u013coti iztur\u012bgu pret nodilumu pat skarbos ekspluat\u0101cijas apst\u0101k\u013cos. Tas padara to par ide\u0101lu izv\u0113li izmanto\u0161anai lauksaimniec\u012bbas tehnik\u0101, kur iztur\u012bba ir galvenais apsv\u0113rums. Metin\u0101to T veida cilindru var izmantot ar\u012b, lai nodro\u0161in\u0101tu prec\u012bzu kontroli, kas nepiecie\u0161ama daudziem lauksaimniec\u012bbas procesiem, piem\u0113ram, st\u0101d\u012b\u0161anai, ra\u017eas nov\u0101k\u0161anai un ap\u016bde\u0146o\u0161anai.<\/li>\n<li>\n<h3>Celtniec\u012bbas apr\u012bkojums<\/h3>\n<p>Metin\u0101tie T veida cilindri tiek pla\u0161i izmantoti ar\u012b celtniec\u012bbas iek\u0101rt\u0101s, piem\u0113ram, ekskavatoros, ekskavatoros un buldozeros. \u0160\u012bm ma\u0161\u012bn\u0101m ir nepiecie\u0161amas jaud\u012bgas un uzticamas hidraulisk\u0101s sist\u0113mas, lai veiktu smagus uzdevumus, piem\u0113ram, rak\u0161anu, cel\u0161anu un smagu kravu stum\u0161anu.<\/p>\n<p>Metin\u0101t\u0101 T veida cilindra augst\u0101 iztur\u012bba un ilgm\u016b\u017e\u012bba padara to par ide\u0101lu izv\u0113li izmanto\u0161anai celtniec\u012bbas tehnik\u0101. T\u0101 sp\u0113ja nodro\u0161in\u0101t prec\u012bzu kontroli un vienm\u0113r\u012bgu sp\u0113ku ir b\u016btiska daudziem celtniec\u012bbas procesiem, piem\u0113ram, rak\u0161anai, plan\u0113\u0161anai un bru\u0123\u0113\u0161anai. Metin\u0101to T veida cilindru var izmantot ar\u012b, lai regul\u0113tu \u0161\u0137idrumu pl\u016bsmu hidrauliskaj\u0101s sist\u0113m\u0101s, uzlabojot celtniec\u012bbas tehnikas efektivit\u0101ti un uzticam\u012bbu da\u017e\u0101dos pielietojumos.<\/li>\n<\/ul>\n<h3>Par FMP<\/h3>\n<p>FMP jau vair\u0101k nek\u0101 30 gadus ir vado\u0161ais hidraulisko cilindru ra\u017eot\u0101js. M\u016bsu r\u016bpniec\u012bbas zona atrodas It\u0101lij\u0101, un m\u0113s lepojamies ar vair\u0101k nek\u0101 100 iek\u0101rt\u0101m, tostarp autom\u0101tisk\u0101m g\u0101zes aizsargmetin\u0101\u0161anas iek\u0101rt\u0101m, dzi\u013curbumu urb\u0161anas iek\u0101rt\u0101m un CNC virp\u0101m.<\/p>\n<p>M\u0113s pied\u0101v\u0101jam pla\u0161u hidraulisko cilindru kl\u0101stu, tostarp auskaru cilindrus, divvirzienu autom\u0101tiskos teleskopiskos hidrauliskos cilindrus un citus. Katrs cilindrs tiek stingri apstr\u0101d\u0101ts un p\u0101rbaud\u012bts, lai garant\u0113tu labu kvalit\u0101ti m\u016bsu klientiem.<\/p>\n<p>\u0160eit ir da\u017ei iemesli, k\u0101p\u0113c jums vajadz\u0113tu izv\u0113l\u0113ties FMP hidraulisko cilindru vajadz\u012bb\u0101m:<\/p>\n<ol>\n<li><strong>Dizaina pakalpojums:<\/strong> M\u016bsu pieredz\u0113ju\u0161\u0101 dizaina komanda var jums pal\u012bdz\u0113t ar jaunu produktu izstr\u0101di vai produktu uzlabo\u0161anu.<\/li>\n<li><strong>Produkta pakalpojums:<\/strong> M\u0113s r\u016bp\u0113jamies par visu ra\u017eo\u0161anas procesu, s\u0101kot no izejviel\u0101m l\u012bdz transport\u0113\u0161anai, nodro\u0161inot augstas kvalit\u0101tes produktus.<\/li>\n<li><strong>Parauga process:<\/strong> M\u0113s varam izstr\u0101d\u0101t paraugus atbilsto\u0161i j\u016bsu \u012bpa\u0161aj\u0101m pras\u012bb\u0101m un past\u0101v\u012bgi tos modific\u0113t, lai tie atbilstu j\u016bsu vajadz\u012bb\u0101m.<\/li>\n<li><strong>P\u0113tniec\u012bba un att\u012bst\u012bba:<\/strong> M\u0113s past\u0101v\u012bgi p\u0113t\u0101m tirgu un izstr\u0101d\u0101jam jaunus mode\u013cus m\u016bsu klientiem.<\/li>\n<li><strong>M\u016bsdien\u012bg\u0101kais apr\u012bkojums:<\/strong> M\u016bsu r\u016bpn\u012bca ir apr\u012bkota ar jaun\u0101kaj\u0101m un modern\u0101kaj\u0101m iek\u0101rt\u0101m, tostarp autom\u0101tisk\u0101m t\u012br\u012b\u0161anas iek\u0101rt\u0101m, autom\u0101tisk\u0101m uzst\u0101d\u012b\u0161anas iek\u0101rt\u0101m un autom\u0101tiskiem hidraulisko cilindru veiktsp\u0113jas p\u0101rbaudes stendiem.<\/li>\n<\/ol>\n<p>Uz\u0146\u0113mum\u0101 FMP m\u0113s esam ap\u0146\u0113mu\u0161ies nodro\u0161in\u0101t saviem klientiem augstas kvalit\u0101tes hidrauliskos cilindrus un lielisku servisu. Sazinieties ar mums jau \u0161odien, lai uzzin\u0101tu vair\u0101k par to, k\u0101 m\u0113s varam pal\u012bdz\u0113t jums apmierin\u0101t j\u016bsu hidraulisko cilindru vajadz\u012bbas.<\/p>\n<p><img decoding=\"async\" src=\"https:\/\/fmp-components.com\/wp-content\/uploads\/2024\/12\/fmp-factory-4.webp\" alt=\"FMP r\u016bpn\u012bca\" width=\"800\" title=\"\"><br \/>\nAutors: CX<\/p>","protected":false},"excerpt":{"rendered":"<p>10042 kvalit\u0101tes nodro\u0161in\u0101\u0161anas traktora metin\u0101t\u0101 virzu\u013ca hidrauliskais cilindrs ir izstr\u0101d\u0101ts uzticam\u012bbai un veiktsp\u0113jai lauksaimniec\u012bbas darbos. \u0160is hidrauliskais cilindrs ir paredz\u0113ts, lai nodro\u0161in\u0101tu traktoru stabilas cel\u0161anas un stum\u0161anas sp\u0113jas, garant\u0113jot efekt\u012bvu darb\u012bbu da\u017e\u0101dos lauksaimniec\u012bbas uzdevumos. Galven\u0101s iez\u012bmes: Metin\u0101ta virzu\u013ca konstrukcija: Izgatavots ar metin\u0101tu virzuli uzlabotai iztur\u012bbai un [\u2026]<\/p>","protected":false},"featured_media":1132,"comment_status":"closed","ping_status":"closed","template":"","meta":{"_et_pb_use_builder":"","_et_pb_old_content":"","_et_gb_content_width":""},"product_brand":[],"product_cat":[31],"product_tag":[34,35],"class_list":{"0":"post-962","1":"product","2":"type-product","3":"status-publish","4":"has-post-thumbnail","6":"product_cat-welded-tee-type-cylinder","7":"product_tag-hydraulic-cylinder","8":"product_tag-welded-tee-type-cylinder","10":"first","11":"instock","12":"product-type-simple"},"_links":{"self":[{"href":"https:\/\/fmp-components.com\/lv\/wp-json\/wp\/v2\/product\/962","targetHints":{"allow":["GET"]}}],"collection":[{"href":"https:\/\/fmp-components.com\/lv\/wp-json\/wp\/v2\/product"}],"about":[{"href":"https:\/\/fmp-components.com\/lv\/wp-json\/wp\/v2\/types\/product"}],"replies":[{"embeddable":true,"href":"https:\/\/fmp-components.com\/lv\/wp-json\/wp\/v2\/comments?post=962"}],"wp:featuredmedia":[{"embeddable":true,"href":"https:\/\/fmp-components.com\/lv\/wp-json\/wp\/v2\/media\/1132"}],"wp:attachment":[{"href":"https:\/\/fmp-components.com\/lv\/wp-json\/wp\/v2\/media?parent=962"}],"wp:term":[{"taxonomy":"product_brand","embeddable":true,"href":"https:\/\/fmp-components.com\/lv\/wp-json\/wp\/v2\/product_brand?post=962"},{"taxonomy":"product_cat","embeddable":true,"href":"https:\/\/fmp-components.com\/lv\/wp-json\/wp\/v2\/product_cat?post=962"},{"taxonomy":"product_tag","embeddable":true,"href":"https:\/\/fmp-components.com\/lv\/wp-json\/wp\/v2\/product_tag?post=962"}],"curies":[{"name":"wp","href":"https:\/\/api.w.org\/{rel}","templated":true}]}}