{"id":961,"date":"2024-12-19T03:40:23","date_gmt":"2024-12-19T03:40:23","guid":{"rendered":"https:\/\/fmp-components.com\/product\/10041-chinese-factory-custom-hydraulic-cylinder-double-acting\/"},"modified":"2025-03-18T02:31:33","modified_gmt":"2025-03-18T02:31:33","slug":"10041-italian-factory-custom-hydraulic-cylinder-double-acting","status":"publish","type":"product","link":"https:\/\/fmp-components.com\/lv\/product\/10041-italian-factory-custom-hydraulic-cylinder-double-acting\/","title":{"rendered":"10041 It\u0101lijas r\u016bpn\u012bcas piel\u0101gots hidrauliskais cilindrs, divk\u0101r\u0161as darb\u012bbas"},"content":{"rendered":"<p>It\u0101\u013cu r\u016bpn\u012bcas piel\u0101gotais divk\u0101r\u0161\u0101s darb\u012bbas hidrauliskais cilindrs 10041 ir izstr\u0101d\u0101ts, lai prec\u012bzi un uzticami apmierin\u0101tu da\u017e\u0101das r\u016bpniecisk\u0101s vajadz\u012bbas. \u0160is augstas kvalit\u0101tes hidrauliskais cilindrs ir izstr\u0101d\u0101ts optim\u0101lai veiktsp\u0113jai da\u017e\u0101dos pielietojumos, tostarp b\u016bvniec\u012bb\u0101, lauksaimniec\u012bb\u0101 un ra\u017eo\u0161an\u0101.<\/p>\n<h4>Galven\u0101s iez\u012bmes:<\/h4>\n<ul>\n<li><strong>Divk\u0101r\u0161as darb\u012bbas meh\u0101nisms<\/strong>Nodro\u0161ina efekt\u012bvu hidraulisko darb\u012bbu gan izb\u012bd\u012b\u0161anas, gan ievilk\u0161anas laik\u0101, uzlabojot produktivit\u0101ti visos uzdevumos.<\/li>\n<li><strong>Piel\u0101gota ra\u017eo\u0161ana<\/strong>Pied\u0101v\u0101jum\u0101 piel\u0101gojami izm\u0113ri un specifik\u0101cijas, lai atbilstu konkr\u0113t\u0101m lietojumprogrammu pras\u012bb\u0101m un ekspluat\u0101cijas vajadz\u012bb\u0101m.<\/li>\n<li><strong>Iztur\u012bgs dizains<\/strong>Izgatavots no augstas kvalit\u0101tes materi\u0101liem, lai nodro\u0161in\u0101tu iztur\u012bbu un iztur\u0113tu lielas slodzes un skarbu vidi.<\/li>\n<li><strong>Korozijiztur\u012bgs p\u0101rkl\u0101jums<\/strong>Apstr\u0101d\u0101ts ar aizsargp\u0101rkl\u0101jumu, lai nov\u0113rstu r\u016bs\u0113\u0161anu un pagarin\u0101tu cilindra kalpo\u0161anas laiku.<\/li>\n<li><strong>Vienk\u0101r\u0161a uzst\u0101d\u012b\u0161ana<\/strong>Izstr\u0101d\u0101ts vienk\u0101r\u0161ai integr\u0101cijai eso\u0161aj\u0101s sist\u0113m\u0101s, atvieglojot \u0101tru iestat\u012b\u0161anu un darb\u012bbu.<\/li>\n<\/ul>\n<p><img decoding=\"async\" class=\"aligncenter\" src=\"https:\/\/hzpt.com\/wp-content\/uploads\/2023\/12\/random-5.webp\" alt=\"\" title=\"\"><\/p>\n<h4>Ieguvumi:<\/h4>\n<ul>\n<li><strong>Uzlabota efektivit\u0101te<\/strong>Optimiz\u0113 veiktsp\u0113ju da\u017e\u0101diem lietojumiem, nodro\u0161inot jaud\u012bgu un vienm\u0113r\u012bgu hidraulisko darb\u012bbu.<\/li>\n<li><strong>Daudzpus\u012bga lieto\u0161ana<\/strong>Ide\u0101li piem\u0113rots pla\u0161am nozaru kl\u0101stam, padarot to par daudzpus\u012bgu izv\u0113li hidrauliskaj\u0101m sist\u0113m\u0101m.<\/li>\n<li><strong>Izmaksu zi\u0146\u0101 efekt\u012bvs<\/strong>Iztur\u012bga konstrukcija samazina apkopes nepiecie\u0161am\u012bbu un palielina kop\u0113jo v\u0113rt\u012bbu.<\/li>\n<\/ul>\n<p>It\u0101\u013cu r\u016bpn\u012bcas piel\u0101gotais divk\u0101r\u0161\u0101s darb\u012bbas hidrauliskais cilindrs 10041 ir uzticams risin\u0101jums tiem, kas mekl\u0113 augstas veiktsp\u0113jas hidraulisko cilindru, kas piel\u0101gots vi\u0146u \u012bpa\u0161aj\u0101m vajadz\u012bb\u0101m. Pateicoties t\u0101 iztur\u012bgajam dizainam un piel\u0101gojam\u0101m funkcij\u0101m, tas ir labi piem\u0113rots pras\u012bg\u0101m vid\u0113m un da\u017e\u0101d\u0101m ekspluat\u0101cijas pras\u012bb\u0101m.<img decoding=\"async\" src=\"https:\/\/hzpt.com\/wp-content\/uploads\/2023\/12\/random-2.webp\" alt=\"\" title=\"\"><\/p>\n<dl>\n<dt>4. jaut\u0101jums?<\/dt>\n<dd>Atbilde 4<\/dd>\n<dt>5. jaut\u0101jums?<\/dt>\n<dd>Atbilde 5<\/dd>\n<\/dl>\n<h2>Metin\u0101t\u0101 T veida cilindra priek\u0161roc\u012bbas<\/h2>\n<ul>\n<li style=\"list-style-type: none;\">\n<ul>\n<li><strong>Palielin\u0101ts sp\u0113ks:<\/strong> Metin\u0101tie T veida cilindri ir paz\u012bstami ar savu augsto iztur\u012bbu, padarot tos piem\u0113rotus lietojumiem, kuros nepiecie\u0161ama smagu kravu cel\u0161ana. \u0160o cilindru ra\u017eo\u0161anas laik\u0101 izmantotais metin\u0101\u0161anas process nodro\u0161ina, ka cilindram nav v\u0101ju punktu un tas var iztur\u0113t augstu spiedienu un spriegumu.<\/li>\n<\/ul>\n<\/li>\n<\/ul>\n<p>Kad uz cilindru tiek iedarbin\u0101ts spiediens, tas vienm\u0113r\u012bgi sadal\u0101s pa visu virsmu, padarot to iztur\u012bgu pret deform\u0101ciju. \u0160\u012b \u012bpa\u0161\u012bba nodro\u0161ina, ka cilindrs saglab\u0101 savu formu un struktur\u0101lo integrit\u0101ti pat ekstrem\u0101los apst\u0101k\u013cos.<\/p>\n<ul>\n<li style=\"list-style-type: none;\">\n<ul>\n<li><strong>Nopl\u016b\u017eu nov\u0113r\u0161ana:<\/strong> Metin\u0101tie T veida cilindri ir izstr\u0101d\u0101ti, lai nov\u0113rstu nopl\u016bdes. Ra\u017eo\u0161anas proces\u0101 izmantotais metin\u0101\u0161anas process nodro\u0161ina, ka cilindrs ir piln\u012bb\u0101 nosl\u0113gts un bez jebk\u0101d\u0101m iesp\u0113jam\u0101m nopl\u016bd\u0113m. \u0160\u012b \u012bpa\u0161\u012bba padara tos piem\u0113rotus lieto\u0161anai lietojumos, kur nopl\u016bde var\u0113tu izrais\u012bt nopietnus boj\u0101jumus vai traumas.<\/li>\n<\/ul>\n<\/li>\n<\/ul>\n<p>Metin\u0101tie savienojumi ir gludi, bez plais\u0101m vai riev\u0101m, kur var\u0113tu uzkr\u0101ties gru\u017ei vai net\u012brumi, t\u0101d\u0113j\u0101di samazinot korozijas un cilindra boj\u0101jumu risku.<\/p>\n<ul>\n<li style=\"list-style-type: none;\">\n<ul>\n<li><strong>Piel\u0101gojams:<\/strong> Metin\u0101tos T veida cilindrus var piel\u0101got konkr\u0113tiem pielietojumiem. Cilindri ir pieejami da\u017e\u0101dos izm\u0113ros un form\u0101s, un tos var izgatavot atbilsto\u0161i konkr\u0113t\u0101 pielietojuma pras\u012bb\u0101m.<\/li>\n<\/ul>\n<\/li>\n<\/ul>\n<p>Piel\u0101go\u0161anas process \u013cauj optimiz\u0113t cilindra veiktsp\u0113ju, nodro\u0161inot, ka tas ir piem\u0113rots paredz\u0113tajam pielietojumam. \u0160\u012b \u012bpa\u0161\u012bba padara metin\u0101tus T veida cilindrus ide\u0101li piem\u0113rotus izmanto\u0161anai da\u017e\u0101dos r\u016bpnieciskos pielietojumos, tostarp b\u016bvniec\u012bb\u0101, ieguves r\u016bpniec\u012bb\u0101 un materi\u0101lu apstr\u0101d\u0113.<\/p>\n<ul>\n<li style=\"list-style-type: none;\">\n<ul>\n<li><strong>Izmaksu zi\u0146\u0101 efekt\u012bvs:<\/strong> Metin\u0101tie T veida cilindri ir izmaksu zi\u0146\u0101 efekt\u012bv\u0101ki sal\u012bdzin\u0101jum\u0101 ar cita veida cilindriem. \u0160o cilindru ra\u017eo\u0161anas process ir vienk\u0101r\u0161s, t\u0101p\u0113c tie ir l\u0113t\u0101ki nek\u0101 cita veida cilindri.<\/li>\n<\/ul>\n<\/li>\n<\/ul>\n<p>Turkl\u0101t metin\u0101to T veida cilindru augst\u0101 iztur\u012bba un ilgm\u016b\u017e\u012bba samazina nepiecie\u0161am\u012bbu p\u0113c bie\u017ea remonta un nomai\u0146as, t\u0101d\u0113j\u0101di ietaupot apkopes izmaksas. \u0160\u012b \u012bpa\u0161\u012bba padara tos par popul\u0101ru izv\u0113li daudz\u0101s nozar\u0113s, \u012bpa\u0161i taj\u0101s, kur\u0101m ir ierobe\u017eots bud\u017eets.<\/p>\n<ul>\n<li style=\"list-style-type: none;\">\n<ul>\n<li><strong>Paaugstin\u0101ta efektivit\u0101te:<\/strong> Metin\u0101tie T veida cilindri ir \u013coti efekt\u012bvi un lietder\u012bgi. Cilindra konstrukcija nodro\u0161ina, ka pieliktais sp\u0113ks tiek tie\u0161i p\u0101rnests uz slodzi, samazinot ener\u0123ijas zudumus un palielinot efektivit\u0101ti.<\/li>\n<\/ul>\n<\/li>\n<\/ul>\n<p>Metin\u0101tie savienojumi ir iztur\u012bgi un stingri, samazinot novirzi un nodro\u0161inot, ka cilindrs saglab\u0101 savu formu un struktur\u0101lo integrit\u0101ti pat ekstrem\u0101los apst\u0101k\u013cos. \u0160\u012b \u012bpa\u0161\u012bba padara metin\u0101tos T veida cilindrus ide\u0101li piem\u0113rotus lieto\u0161anai lietojumos, kuriem nepiecie\u0161ama augsta efektivit\u0101te un uzticam\u012bba.<\/p>\n<h2>Metin\u0101t\u0101 T veida cilindra pielietojums<\/h2>\n<ul>\n<li>\n<h3>R\u016bpniecisk\u0101s ma\u0161\u012bnas un iek\u0101rtas<\/h3>\n<p>Metin\u0101tie T veida cilindri tiek pla\u0161i izmantoti r\u016bpnieciskaj\u0101s ma\u0161\u012bn\u0101s un iek\u0101rt\u0101s, \u012bpa\u0161i hidrauliskaj\u0101s sist\u0113m\u0101s. Cilindrs sast\u0101v no virzu\u013ca un cilindra caurules, kas ir sametin\u0101ti kop\u0101, veidojot vienu vien\u012bbu. \u0160\u012b konstrukcija pied\u0101v\u0101 vair\u0101kas priek\u0161roc\u012bbas sal\u012bdzin\u0101jum\u0101 ar cita veida cilindriem, piem\u0113ram, uzlabotu iztur\u012bbu, liel\u0101ku stipr\u012bbu un liel\u0101ku precizit\u0101ti.<\/p>\n<p>Viens no svar\u012bg\u0101kajiem metin\u0101t\u0101 T veida cilindra pielietojumiem r\u016bpnieciskaj\u0101s iek\u0101rt\u0101s ir t\u0101 sp\u0113ja nodro\u0161in\u0101t vienm\u0113r\u012bgu un prec\u012bzu sp\u0113ku. Tas ir b\u016btiski daudziem ra\u017eo\u0161anas procesiem, kur nepiecie\u0161ama prec\u012bza kontrole, lai nodro\u0161in\u0101tu gala produkta kvalit\u0101ti. Metin\u0101to T veida cilindru var izmantot ar\u012b, lai regul\u0113tu \u0161\u0137idrumu pl\u016bsmu hidrauliskaj\u0101s sist\u0113m\u0101s, nodro\u0161inot liel\u0101ku efektivit\u0101ti un uzticam\u012bbu da\u017e\u0101dos r\u016bpnieciskos pielietojumos.<\/li>\n<li>\n<h3>Lauksaimniec\u012bbas tehnika<\/h3>\n<p>Metin\u0101tie T veida cilindri tiek pla\u0161i izmantoti ar\u012b lauksaimniec\u012bbas tehnik\u0101, piem\u0113ram, traktoros un kombainos. \u0160\u012bm ma\u0161\u012bn\u0101m efekt\u012bvai darb\u012bbai ir nepiecie\u0161amas jaud\u012bgas un uzticamas hidraulisk\u0101s sist\u0113mas, un metin\u0101tie T veida cilindri ir ide\u0101la izv\u0113le \u0161im nol\u016bkam.<\/p>\n<p>Cilindra iztur\u012bg\u0101 konstrukcija un augst\u0101 iztur\u012bba padara to \u013coti iztur\u012bgu pret nodilumu pat skarbos ekspluat\u0101cijas apst\u0101k\u013cos. Tas padara to par ide\u0101lu izv\u0113li izmanto\u0161anai lauksaimniec\u012bbas tehnik\u0101, kur iztur\u012bba ir galvenais apsv\u0113rums. Metin\u0101to T veida cilindru var izmantot ar\u012b, lai nodro\u0161in\u0101tu prec\u012bzu kontroli, kas nepiecie\u0161ama daudziem lauksaimniec\u012bbas procesiem, piem\u0113ram, st\u0101d\u012b\u0161anai, ra\u017eas nov\u0101k\u0161anai un ap\u016bde\u0146o\u0161anai.<\/li>\n<li>\n<h3>Celtniec\u012bbas apr\u012bkojums<\/h3>\n<p>Metin\u0101tie T veida cilindri tiek pla\u0161i izmantoti ar\u012b celtniec\u012bbas iek\u0101rt\u0101s, piem\u0113ram, ekskavatoros, ekskavatoros un buldozeros. \u0160\u012bm ma\u0161\u012bn\u0101m ir nepiecie\u0161amas jaud\u012bgas un uzticamas hidraulisk\u0101s sist\u0113mas, lai veiktu smagus uzdevumus, piem\u0113ram, rak\u0161anu, cel\u0161anu un smagu kravu stum\u0161anu.<\/p>\n<p>Metin\u0101t\u0101 T veida cilindra augst\u0101 iztur\u012bba un ilgm\u016b\u017e\u012bba padara to par ide\u0101lu izv\u0113li izmanto\u0161anai celtniec\u012bbas tehnik\u0101. T\u0101 sp\u0113ja nodro\u0161in\u0101t prec\u012bzu kontroli un vienm\u0113r\u012bgu sp\u0113ku ir b\u016btiska daudziem celtniec\u012bbas procesiem, piem\u0113ram, rak\u0161anai, plan\u0113\u0161anai un bru\u0123\u0113\u0161anai. Metin\u0101to T veida cilindru var izmantot ar\u012b, lai regul\u0113tu \u0161\u0137idrumu pl\u016bsmu hidrauliskaj\u0101s sist\u0113m\u0101s, uzlabojot celtniec\u012bbas tehnikas efektivit\u0101ti un uzticam\u012bbu da\u017e\u0101dos pielietojumos.<\/li>\n<\/ul>\n<h3>Par FMP<\/h3>\n<p>FMP ar vair\u0101k nek\u0101 30 gadu pieredzi ir vado\u0161ais hidraulisko cilindru ra\u017eot\u0101js un pieg\u0101d\u0101t\u0101js. M\u016bsu r\u016bpniec\u012bbas zona atrodas It\u0101lij\u0101 un taj\u0101 atrodas vair\u0101k nek\u0101 100 iek\u0101rtu, tostarp autom\u0101tisk\u0101s g\u0101zes ekran\u0113t\u0101s metin\u0101\u0161anas iek\u0101rtas, dzi\u013curbumu urb\u0161anas iek\u0101rtas, CNC virpas, cilindrisk\u0101s sl\u012bpma\u0161\u012bnas, autom\u0101tisk\u0101s t\u012br\u012b\u0161anas iek\u0101rtas, autom\u0101tisk\u0101s uzst\u0101d\u012b\u0161anas iek\u0101rtas, autom\u0101tiskie hidraulisko cilindru veiktsp\u0113jas p\u0101rbaudes stendi un autom\u0101tisk\u0101s kr\u0101so\u0161anas l\u012bnijas.<\/p>\n<p><img decoding=\"async\" class=\"aligncenter\" src=\"https:\/\/fmp-components.com\/wp-content\/uploads\/2024\/12\/fmp-factory-4.webp\" alt=\"FMP r\u016bpn\u012bca\" width=\"800\" title=\"\"><\/p>\n<p>M\u0113s lepojamies ar katra hidraulisk\u0101 cilindra r\u016bp\u012bgo apstr\u0101di un p\u0101rbaudi, lai nodro\u0161in\u0101tu m\u016bsu klientiem visaugst\u0101ko kvalit\u0101ti. M\u016bsu produktu kl\u0101st\u0101 ietilpst:<\/p>\n<ol>\n<li><strong>Hidrauliskais cilindrs:<\/strong> M\u016bsu hidrauliskie cilindri ir projekt\u0113ti un ra\u017eoti, lai atbilstu da\u017e\u0101d\u0101m pras\u012bb\u0101m. Tie ir paz\u012bstami ar savu uzticam\u012bbu un iztur\u012bbu.<\/li>\n<li><strong>Auskaru cilindrs:<\/strong> M\u016bsu auskaru cilindri ir \u012bpa\u0161i izstr\u0101d\u0101ti efekt\u012bvai un dro\u0161ai piestiprin\u0101\u0161anai da\u017e\u0101diem pielietojumiem. Tie pied\u0101v\u0101 izcilu veiktsp\u0113ju un vienk\u0101r\u0161u uzst\u0101d\u012b\u0161anu.<\/li>\n<li><strong>Divvirzienu autom\u0101tiskais teleskopiskais hidrauliskais cilindrs:<\/strong> M\u016bsu divvirzienu autom\u0101tiskie teleskopiskie hidrauliskie cilindri ir daudzpus\u012bgi un nodro\u0161ina vienm\u0113r\u012bgu un prec\u012bzu darb\u012bbu. Tie ir ide\u0101li piem\u0113roti lietojumiem, kuriem nepiecie\u0161amas gan pagarin\u0101tas, gan ievelkamas kust\u012bbas.<\/li>\n<li><strong>Dizaina pakalpojums:<\/strong> M\u016bsu pieredz\u0113ju\u0161\u0101 dizaina komanda ir gatava j\u016bs atbalst\u012bt jaunu produktu izstr\u0101d\u0113 vai eso\u0161o uzlabo\u0161an\u0101, lai tie atbilstu j\u016bsu \u012bpa\u0161aj\u0101m pras\u012bb\u0101m.<\/li>\n<li><strong>Produkta pakalpojums:<\/strong> No izejviel\u0101m l\u012bdz transport\u0113\u0161anai m\u016bsu racionaliz\u0113tais process nodro\u0161ina kvalit\u0101ti katr\u0101 posm\u0101 \u2013 grie\u0161an\u0101, rupj\u0101 apstr\u0101d\u0113, test\u0113\u0161an\u0101, t\u012br\u012b\u0161an\u0101, mont\u0101\u017e\u0101, iepako\u0161an\u0101 un pieg\u0101d\u0113.<\/li>\n<\/ol>\n<p>Turkl\u0101t m\u0113s pied\u0101v\u0101jam paraugu izstr\u0101des pakalpojumus, lai izveidotu prototipus atbilsto\u0161i j\u016bsu vajadz\u012bb\u0101m. M\u0113s past\u0101v\u012bgi modific\u0113jam paraugus, lai nodro\u0161in\u0101tu, ka tie prec\u012bzi atbilst j\u016bsu specifik\u0101cij\u0101m.<\/p>\n<p>Sekojot l\u012bdzi tirgus piepras\u012bjumam, m\u016bsu \u012bpa\u0161\u0101 p\u0113tniec\u012bbas un att\u012bst\u012bbas komanda p\u0113ta jaun\u0101k\u0101s tendences un izstr\u0101d\u0101 jaunus mode\u013cus, lai apmierin\u0101tu m\u016bsu klientu main\u012bg\u0101s vajadz\u012bbas.<\/p>\n<p>Izv\u0113lieties FMP sav\u0101m hidraulisko cilindru vajadz\u012bb\u0101m. M\u0113s esam ap\u0146\u0113mu\u0161ies nodro\u0161in\u0101t izcilus produktus un augst\u0101ko klientu apkalpo\u0161anu. Sazinieties ar mums jau \u0161odien, lai p\u0101rrun\u0101tu savas pras\u012bbas un izbaud\u012btu FMP priek\u0161roc\u012bbas.<\/p>\n<p>Autors: CX<\/p>","protected":false},"excerpt":{"rendered":"<p>The 10041 Italian Factory Custom Hydraulic Cylinder Double Acting is designed to meet diverse industrial needs with precision and reliability. This high-quality hydraulic cylinder is engineered for optimal performance in a variety of applications, including construction, agriculture, and manufacturing. Key Features: Double Acting Mechanism: Enables efficient hydraulic operation in both extension and retraction, enhancing productivity [&hellip;]<\/p>","protected":false},"featured_media":1133,"comment_status":"closed","ping_status":"closed","template":"","meta":{"_et_pb_use_builder":"","_et_pb_old_content":"","_et_gb_content_width":""},"product_brand":[],"product_cat":[31],"product_tag":[34,35],"class_list":{"0":"post-961","1":"product","2":"type-product","3":"status-publish","4":"has-post-thumbnail","6":"product_cat-welded-tee-type-cylinder","7":"product_tag-hydraulic-cylinder","8":"product_tag-welded-tee-type-cylinder","10":"first","11":"instock","12":"product-type-simple"},"_links":{"self":[{"href":"https:\/\/fmp-components.com\/lv\/wp-json\/wp\/v2\/product\/961","targetHints":{"allow":["GET"]}}],"collection":[{"href":"https:\/\/fmp-components.com\/lv\/wp-json\/wp\/v2\/product"}],"about":[{"href":"https:\/\/fmp-components.com\/lv\/wp-json\/wp\/v2\/types\/product"}],"replies":[{"embeddable":true,"href":"https:\/\/fmp-components.com\/lv\/wp-json\/wp\/v2\/comments?post=961"}],"wp:featuredmedia":[{"embeddable":true,"href":"https:\/\/fmp-components.com\/lv\/wp-json\/wp\/v2\/media\/1133"}],"wp:attachment":[{"href":"https:\/\/fmp-components.com\/lv\/wp-json\/wp\/v2\/media?parent=961"}],"wp:term":[{"taxonomy":"product_brand","embeddable":true,"href":"https:\/\/fmp-components.com\/lv\/wp-json\/wp\/v2\/product_brand?post=961"},{"taxonomy":"product_cat","embeddable":true,"href":"https:\/\/fmp-components.com\/lv\/wp-json\/wp\/v2\/product_cat?post=961"},{"taxonomy":"product_tag","embeddable":true,"href":"https:\/\/fmp-components.com\/lv\/wp-json\/wp\/v2\/product_tag?post=961"}],"curies":[{"name":"wp","href":"https:\/\/api.w.org\/{rel}","templated":true}]}}