{"id":958,"date":"2024-12-19T03:39:43","date_gmt":"2024-12-19T03:39:43","guid":{"rendered":"https:\/\/fmp-components.com\/product\/10038-quality-assurance-hydraulic-cylinder-double-acting-hydraulic-cylinder-for-trailer\/"},"modified":"2024-12-19T08:49:07","modified_gmt":"2024-12-19T08:49:07","slug":"10038-quality-assurance-hydraulic-cylinder-double-acting-hydraulic-cylinder-for-trailer","status":"publish","type":"product","link":"https:\/\/fmp-components.com\/lv\/product\/10038-quality-assurance-hydraulic-cylinder-double-acting-hydraulic-cylinder-for-trailer\/","title":{"rendered":"10038 Kvalit\u0101tes nodro\u0161in\u0101\u0161anas hidrauliskais cilindrs Divk\u0101r\u0161as darb\u012bbas hidrauliskais cilindrs piekabei"},"content":{"rendered":"<p>10038 kvalit\u0101tes nodro\u0161in\u0101\u0161anas divk\u0101r\u0161\u0101s darb\u012bbas hidrauliskais cilindrs ir profesion\u0101li izstr\u0101d\u0101ts piekabju lietojumprogramm\u0101m, pied\u0101v\u0101jot uzticamu veiktsp\u0113ju un uzlabotu efektivit\u0101ti. \u0160is hidrauliskais cilindrs ir izgatavots, lai apmierin\u0101tu da\u017e\u0101du piekabju tipu pras\u012bbas, nodro\u0161inot optim\u0101lu funkcionalit\u0101ti un iztur\u012bbu.<\/p>\n<h4>Galven\u0101s iez\u012bmes:<\/h4>\n<ul>\n<li><strong>Divk\u0101r\u0161as darb\u012bbas meh\u0101nisms:<\/strong><br \/>\nDivk\u0101r\u0161\u0101s darb\u012bbas konstrukcija nodro\u0161ina vienm\u0113r\u012bgu darb\u012bbu gan izstiep\u0161anas, gan ievilk\u0161anas laik\u0101, nodro\u0161inot prec\u012bzu kontroli pacel\u0161anas un nolai\u0161anas laik\u0101. \u0160\u012b funkcija uzlabo piekabes darb\u012bbas kop\u0113jo veiktsp\u0113ju.<\/li>\n<li><strong>Kvalit\u0101tes nodro\u0161in\u0101\u0161ana:<\/strong><br \/>\nKatrs hidrauliskais cilindrs tiek pak\u013cauts stingrai kvalit\u0101tes kontroles p\u0101rbaudei, lai nodro\u0161in\u0101tu t\u0101 atbilst\u012bbu augstiem nozares standartiem. \u0160\u012b ap\u0146em\u0161an\u0101s nodro\u0161in\u0101t kvalit\u0101ti garant\u0113 uzticam\u012bbu un dro\u0161\u012bbu ekspluat\u0101cijas laik\u0101.<\/li>\n<li><strong>Iztur\u012bga konstrukcija:<\/strong><br \/>\n10038 hidrauliskais cilindrs, kas izgatavots no augstas kvalit\u0101tes materi\u0101liem, ir paredz\u0113ts, lai iztur\u0113tu intens\u012bvas lieto\u0161anas slodzi. T\u0101 iztur\u012bg\u0101 konstrukcija nodro\u0161ina ilgsto\u0161u veiktsp\u0113ju pat sare\u017e\u0123\u012btos apst\u0101k\u013cos.<\/li>\n<li><strong>Daudzpus\u012bgi pielietojumi:<\/strong><br \/>\n\u0160is hidrauliskais cilindrs ir piem\u0113rots pla\u0161am piekabju pielietojumu kl\u0101stam, tostarp platformas piekab\u0113m, pa\u0161izg\u0101z\u0113ju piekab\u0113m un komun\u0101lo pakalpojumu piekab\u0113m, un uzlabo da\u017e\u0101du piekabju veidu funkcionalit\u0101ti.<\/li>\n<li><strong>Vienk\u0101r\u0161a uzst\u0101d\u012b\u0161ana:<\/strong><br \/>\n10038 hidrauliskais cilindrs, kas paredz\u0113ts vienk\u0101r\u0161ai uzst\u0101d\u012b\u0161anai, var tikt \u0101tri integr\u0113ts eso\u0161aj\u0101s piekabju sist\u0113m\u0101s, samazinot d\u012bkst\u0101ves laiku un uzlabojot produktivit\u0101ti.<\/li>\n<\/ul>\n<p><img decoding=\"async\" src=\"https:\/\/hzpt.com\/wp-content\/uploads\/2023\/12\/random-2.webp\" alt=\"\" title=\"\"><\/p>\n<h4>Tehnisk\u0101s specifik\u0101cijas:<\/h4>\n<table style=\"width: 91.5825%; height: 151px;\">\n<thead>\n<tr>\n<th>Specifik\u0101cija<\/th>\n<th>Apraksts<\/th>\n<\/tr>\n<\/thead>\n<tbody>\n<tr>\n<td><strong>Kravnes\u012bba<\/strong><\/td>\n<td>Piel\u0101gojams<\/td>\n<\/tr>\n<tr>\n<td><strong>Urbuma izm\u0113rs<\/strong><\/td>\n<td>Pieejamas da\u017e\u0101das iesp\u0113jas<\/td>\n<\/tr>\n<tr>\n<td><strong>g\u0101jiena garums<\/strong><\/td>\n<td>Piel\u0101gojams<\/td>\n<\/tr>\n<tr>\n<td><strong>Maksim\u0101lais spiediens<\/strong><\/td>\n<td>L\u012bdz 3000 PSI<\/td>\n<\/tr>\n<tr>\n<td><strong>Materi\u0101ls<\/strong><\/td>\n<td>Augstas kvalit\u0101tes t\u0113rauds<\/td>\n<\/tr>\n<tr>\n<td><strong>Savienojuma veids<\/strong><\/td>\n<td>Atloka vai v\u012bt\u0146ota<\/td>\n<\/tr>\n<\/tbody>\n<\/table>\n<h4>Darb\u012bbas princips:<\/h4>\n<p>10038 divk\u0101r\u0161\u0101s darb\u012bbas hidrauliskais cilindrs darbojas p\u0113c hidraulisk\u0101 \u0161\u0137idruma spiediena principa. Kad hidrauliskais \u0161\u0137idrums tiek ies\u016bkn\u0113ts cilindr\u0101, tas iedarbojas uz virzuli, radot line\u0101ru kust\u012bbu abos virzienos. \u0160\u012b efekt\u012bv\u0101 jaudas p\u0101rne\u0161ana \u013cauj prec\u012bzi kontrol\u0113t piekabes darb\u012bbu, uzlabojot kop\u0113jo efektivit\u0101ti.<\/p>\n<p>Rezum\u0113jot, 10038 kvalit\u0101tes nodro\u0161in\u0101\u0161anas divk\u0101r\u0161\u0101s darb\u012bbas hidrauliskais cilindrs piekabei ir uzticams un efekt\u012bvs risin\u0101jums piekabes veiktsp\u0113jas uzlabo\u0161anai. T\u0101 iztur\u012bg\u0101 konstrukcija, kvalit\u0101tes nodro\u0161in\u0101\u0161ana un daudzpus\u012bgais pielietojums padara to par b\u016btisku sast\u0101vda\u013cu operatoriem, kuri v\u0113las uzlabot savas piekabju sist\u0113mas.<\/p>\n<p>&nbsp;<\/p>\n<h2>Jaut\u0101jumi un atbildes<\/h2>\n<ol>\n<li>J: K\u0101 darbojas divk\u0101r\u0161as darb\u012bbas hidrauliskais cilindrs?<br \/>\n<img decoding=\"async\" src=\"https:\/\/hzpt.com\/wp-content\/uploads\/2023\/12\/random-1.webp?v=1694163707\" alt=\"\" title=\"\"><br \/>\nA: Tas darbojas, \u013caujot \u0161\u0137idrumam iek\u013c\u016bt ab\u0101s virzu\u013ca pus\u0113s, nodro\u0161inot jaudu abos virzienos.<\/li>\n<li>J: K\u0101d\u0101s lietojumprogramm\u0101s \u0161ie cilindri tiek izmantoti?<br \/>\nA: Tos pla\u0161i izmanto piekab\u0113s, cita starp\u0101.<\/li>\n<li>J: K\u0101 izv\u0113l\u0113ties pareizo hidraulisko e\u013c\u013cu?<br \/>\nA: Hidraulisk\u0101s e\u013c\u013cas izv\u0113le ir atkar\u012bga no darba vides un hidraulisk\u0101s sist\u0113mas specifik\u0101cij\u0101m.<\/li>\n<li>J: Kad man j\u0101nomaina e\u013c\u013cas bl\u012bvsl\u0113gi?<br \/>\nA: E\u013c\u013cas bl\u012bvsl\u0113gi \u200b\u200bj\u0101nomaina, ja ir redzamas nodiluma vai nopl\u016bdes paz\u012bmes.<\/li>\n<li>J: K\u0101 izm\u0113r\u012bt hidraulisko cilindru?<br \/>\nA: J\u016bs m\u0113r\u0101t urbuma diametru, stie\u0146a diametru un g\u0101jiena garumu.<\/li>\n<\/ol>\n<h2>Metin\u0101t\u0101 T veida cilindra priek\u0161roc\u012bbas<\/h2>\n<ul>\n<li style=\"list-style-type: none;\">\n<ul>\n<li><strong>Palielin\u0101ts sp\u0113ks:<\/strong> Metin\u0101tie T veida cilindri ir paz\u012bstami ar savu augsto iztur\u012bbu, padarot tos piem\u0113rotus lietojumiem, kuros nepiecie\u0161ama smagu kravu cel\u0161ana. \u0160o cilindru ra\u017eo\u0161anas laik\u0101 izmantotais metin\u0101\u0161anas process nodro\u0161ina, ka cilindram nav v\u0101ju punktu un tas var iztur\u0113t augstu spiedienu un spriegumu.<\/li>\n<\/ul>\n<\/li>\n<\/ul>\n<p>Kad uz cilindru tiek iedarbin\u0101ts spiediens, tas vienm\u0113r\u012bgi sadal\u0101s pa visu virsmu, padarot to iztur\u012bgu pret deform\u0101ciju. \u0160\u012b \u012bpa\u0161\u012bba nodro\u0161ina, ka cilindrs saglab\u0101 savu formu un struktur\u0101lo integrit\u0101ti pat ekstrem\u0101los apst\u0101k\u013cos.<\/p>\n<ul>\n<li style=\"list-style-type: none;\">\n<ul>\n<li><strong>Nopl\u016b\u017eu nov\u0113r\u0161ana:<\/strong> Metin\u0101tie T veida cilindri ir izstr\u0101d\u0101ti, lai nov\u0113rstu nopl\u016bdes. Ra\u017eo\u0161anas proces\u0101 izmantotais metin\u0101\u0161anas process nodro\u0161ina, ka cilindrs ir piln\u012bb\u0101 nosl\u0113gts un bez jebk\u0101d\u0101m iesp\u0113jam\u0101m nopl\u016bd\u0113m. \u0160\u012b \u012bpa\u0161\u012bba padara tos piem\u0113rotus lieto\u0161anai lietojumos, kur nopl\u016bde var\u0113tu izrais\u012bt nopietnus boj\u0101jumus vai traumas.<\/li>\n<\/ul>\n<\/li>\n<\/ul>\n<p>Metin\u0101tie savienojumi ir gludi, bez plais\u0101m vai riev\u0101m, kur var\u0113tu uzkr\u0101ties gru\u017ei vai net\u012brumi, t\u0101d\u0113j\u0101di samazinot korozijas un cilindra boj\u0101jumu risku.<\/p>\n<ul>\n<li style=\"list-style-type: none;\">\n<ul>\n<li><strong>Piel\u0101gojams:<\/strong> Metin\u0101tos T veida cilindrus var piel\u0101got konkr\u0113tiem pielietojumiem. Cilindri ir pieejami da\u017e\u0101dos izm\u0113ros un form\u0101s, un tos var izgatavot atbilsto\u0161i konkr\u0113t\u0101 pielietojuma pras\u012bb\u0101m.<\/li>\n<\/ul>\n<\/li>\n<\/ul>\n<p>Piel\u0101go\u0161anas process \u013cauj optimiz\u0113t cilindra veiktsp\u0113ju, nodro\u0161inot, ka tas ir piem\u0113rots paredz\u0113tajam pielietojumam. \u0160\u012b \u012bpa\u0161\u012bba padara metin\u0101tus T veida cilindrus ide\u0101li piem\u0113rotus izmanto\u0161anai da\u017e\u0101dos r\u016bpnieciskos pielietojumos, tostarp b\u016bvniec\u012bb\u0101, ieguves r\u016bpniec\u012bb\u0101 un materi\u0101lu apstr\u0101d\u0113.<\/p>\n<ul>\n<li style=\"list-style-type: none;\">\n<ul>\n<li><strong>Izmaksu zi\u0146\u0101 efekt\u012bvs:<\/strong> Metin\u0101tie T veida cilindri ir izmaksu zi\u0146\u0101 efekt\u012bv\u0101ki sal\u012bdzin\u0101jum\u0101 ar cita veida cilindriem. \u0160o cilindru ra\u017eo\u0161anas process ir vienk\u0101r\u0161s, t\u0101p\u0113c tie ir l\u0113t\u0101ki nek\u0101 cita veida cilindri.<\/li>\n<\/ul>\n<\/li>\n<\/ul>\n<p>Turkl\u0101t metin\u0101to T veida cilindru augst\u0101 iztur\u012bba un ilgm\u016b\u017e\u012bba samazina nepiecie\u0161am\u012bbu p\u0113c bie\u017ea remonta un nomai\u0146as, t\u0101d\u0113j\u0101di ietaupot apkopes izmaksas. \u0160\u012b \u012bpa\u0161\u012bba padara tos par popul\u0101ru izv\u0113li daudz\u0101s nozar\u0113s, \u012bpa\u0161i taj\u0101s, kur\u0101m ir ierobe\u017eots bud\u017eets.<\/p>\n<ul>\n<li style=\"list-style-type: none;\">\n<ul>\n<li><strong>Paaugstin\u0101ta efektivit\u0101te:<\/strong> Metin\u0101tie T veida cilindri ir \u013coti efekt\u012bvi un lietder\u012bgi. Cilindra konstrukcija nodro\u0161ina, ka pieliktais sp\u0113ks tiek tie\u0161i p\u0101rnests uz slodzi, samazinot ener\u0123ijas zudumus un palielinot efektivit\u0101ti.<\/li>\n<\/ul>\n<\/li>\n<\/ul>\n<p>Metin\u0101tie savienojumi ir iztur\u012bgi un stingri, samazinot novirzi un nodro\u0161inot, ka cilindrs saglab\u0101 savu formu un struktur\u0101lo integrit\u0101ti pat ekstrem\u0101los apst\u0101k\u013cos. \u0160\u012b \u012bpa\u0161\u012bba padara metin\u0101tos T veida cilindrus ide\u0101li piem\u0113rotus lieto\u0161anai lietojumos, kuriem nepiecie\u0161ama augsta efektivit\u0101te un uzticam\u012bba.<\/p>\n<h2>Metin\u0101t\u0101 T veida cilindra pielietojums<\/h2>\n<h3>Ievads<\/h3>\n<p>Metin\u0101ts T veida cilindrs ir hidraulisk\u0101 cilindra veids, ko parasti izmanto r\u016bpnieciskos lietojumos. Tas ir paredz\u0113ts, lai nodro\u0161in\u0101tu lielu sp\u0113ka jaudu kompakt\u0101 un izmaksu zi\u0146\u0101 efekt\u012bv\u0101 iepakojum\u0101. \u0160\u0101da veida cilindrs sast\u0101v no metin\u0101ta T veida un virzu\u013ca stie\u0146a, kas ir piestiprin\u0101ts pie T veida. T veida savienojums ir savienots ar cilindra korpusu un satur virzuli, kas p\u0101rvietojas uz priek\u0161u un atpaka\u013c korpusa iek\u0161pus\u0113, lai rad\u012btu sp\u0113ku.<\/p>\n<p><img loading=\"lazy\" decoding=\"async\" class=\"size-full wp-image-974 aligncenter\" src=\"https:\/\/fmp-components.com\/wp-content\/uploads\/2024\/12\/application-of-Welded-Tee-Type-Cylinder.webp\" alt=\"Metin\u0101t\u0101 T veida cilindra pielietojums\" width=\"760\" height=\"860\" title=\"\" srcset=\"https:\/\/fmp-components.com\/wp-content\/uploads\/2024\/12\/application-of-Welded-Tee-Type-Cylinder.webp 760w, https:\/\/fmp-components.com\/wp-content\/uploads\/2024\/12\/application-of-Welded-Tee-Type-Cylinder-480x543.webp 480w\" sizes=\"(min-width: 0px) and (max-width: 480px) 480px, (min-width: 481px) 760px, 100vw\" \/><\/p>\n<h3>Metin\u0101t\u0101 T veida cilindra priek\u0161roc\u012bbas<\/h3>\n<p>R\u016bpnieciskos pielietojumos metin\u0101ta T veida cilindra izmanto\u0161anai ir vair\u0101kas priek\u0161roc\u012bbas:<\/p>\n<ul>\n<li><b>Kompakts dizains:<\/b> Metin\u0101tie T veida cilindri ir konstru\u0113ti t\u0101, lai tie b\u016btu kompakti, kas padara tos ide\u0101li piem\u0113rotus lieto\u0161anai viet\u0101s, kur ir ierobe\u017eota vieta.<\/li>\n<li><b>Augsta efektivit\u0101te:<\/b> Metin\u0101tie T veida cilindri ir \u013coti efekt\u012bvi, kas noz\u012bm\u0113, ka tie var rad\u012bt lielu sp\u0113ku ar minim\u0101lu ener\u0123ijas pat\u0113ri\u0146u.<\/li>\n<li><b>Iztur\u012bgs:<\/b> Metin\u0101tie T veida cilindri ir konstru\u0113ti t\u0101, lai tie b\u016btu \u013coti iztur\u012bgi, kas noz\u012bm\u0113, ka tie var iztur\u0113t skarbus ekspluat\u0101cijas apst\u0101k\u013cus un kalpot ilgu laiku.<\/li>\n<li><b>Izmaksu zi\u0146\u0101 efekt\u012bvs:<\/b> Metin\u0101tie T veida cilindri ir rentabli, kas noz\u012bm\u0113, ka tie nodro\u0161ina labu cenas un v\u0113rt\u012bbas attiec\u012bbu.<\/li>\n<\/ul>\n<h3>Metin\u0101t\u0101 T veida cilindra pielietojums<\/h3>\n<p>Metin\u0101tiem T veida cilindriem ir daudz pielietojumu da\u017e\u0101d\u0101s nozar\u0113s, tostarp:<\/p>\n<ul>\n<li><b>Ra\u017eo\u0161ana:<\/b> Metin\u0101tie T veida cilindri tiek izmantoti ra\u017eo\u0161an\u0101, lai darbin\u0101tu ma\u0161\u012bnas, p\u0101rvietotu smagas kravas un veidotu met\u0101la deta\u013cas.<\/li>\n<li><b>Lauksaimniec\u012bba:<\/b> Metin\u0101tie T veida cilindri tiek izmantoti lauksaimniec\u012bb\u0101, lai darbin\u0101tu hidraulisk\u0101s sist\u0113mas traktoros, kombainos un cit\u0101 lauksaimniec\u012bbas apr\u012bkojum\u0101.<\/li>\n<li><b>B\u016bvniec\u012bba:<\/b> Metin\u0101tie T veida cilindri tiek izmantoti b\u016bvniec\u012bb\u0101, lai darbin\u0101tu t\u0101das ma\u0161\u012bnas k\u0101 celt\u0146i, ekskavatori un ekskavatori.<\/li>\n<li><b>Kalnr\u016bpniec\u012bba:<\/b> Metin\u0101tie T veida cilindri tiek izmantoti kalnr\u016bpniec\u012bb\u0101, lai darbin\u0101tu hidraulisk\u0101s sist\u0113mas smagaj\u0101m iek\u0101rt\u0101m, piem\u0113ram, buldozeriem, iekr\u0101v\u0113jiem un klin\u0161u urb\u0161anas iek\u0101rt\u0101m.<\/li>\n<li><b>Transports:<\/b> Metin\u0101tie T veida cilindri tiek izmantoti transport\u0101, lai darbin\u0101tu hidraulisk\u0101s sist\u0113mas kravas automa\u0161\u012bn\u0101s, autobusos un citos transportl\u012bdzek\u013cos.<\/li>\n<\/ul>\n<p>Nosl\u0113gum\u0101 j\u0101saka, ka metin\u0101tie T veida cilindri ir svar\u012bga sast\u0101vda\u013ca daudzos r\u016bpnieciskos pielietojumos. Tie ir konstru\u0113ti t\u0101, lai b\u016btu kompakti, efekt\u012bvi, iztur\u012bgi un rentabli, padarot tos par ide\u0101lu izv\u0113li pla\u0161am pielietojumu kl\u0101stam. Neatkar\u012bgi no t\u0101, vai j\u016bs darbin\u0101t ma\u0161\u012bnas ra\u017eo\u0161anas r\u016bpn\u012bc\u0101, lauksaimniec\u012bbas tehniku \u200b\u200bferm\u0101 vai smago tehniku \u200b\u200braktuv\u0113s, metin\u0101tie T veida cilindri var pal\u012bdz\u0113t jums paveikt darbu efekt\u012bvi un lietder\u012bgi.<\/p>\n<h3>Par FMP<\/h3>\n<p>FMP ir vado\u0161ais hidraulisko cilindru ra\u017eot\u0101js un pieg\u0101d\u0101t\u0101js ar vair\u0101k nek\u0101 30 gadu pieredzi nozar\u0113. M\u016bsu modernaj\u0101 r\u016bpniec\u012bbas zon\u0101, kas atrodas It\u0101lij\u0101, ir vair\u0101k nek\u0101 100 modernu iek\u0101rtu, tostarp autom\u0101tisk\u0101s g\u0101zes ekran\u0113t\u0101s metin\u0101\u0161anas iek\u0101rtas, dzi\u013curbumu urb\u0161anas iek\u0101rtas, CNC virpas, cilindrisk\u0101s sl\u012bpma\u0161\u012bnas, autom\u0101tisk\u0101s t\u012br\u012b\u0161anas iek\u0101rtas, autom\u0101tisk\u0101s uzst\u0101d\u012b\u0161anas iek\u0101rtas, autom\u0101tiskie hidraulisko cilindru veiktsp\u0113jas p\u0101rbaudes stendi un autom\u0101tisk\u0101s kr\u0101so\u0161anas l\u012bnijas.<\/p>\n<p><img decoding=\"async\" src=\"https:\/\/fmp-components.com\/wp-content\/uploads\/2024\/12\/fmp-factory-4.webp\" alt=\"FMP r\u016bpn\u012bca\" width=\"800\" title=\"\"><\/p>\n<p>M\u0113s pied\u0101v\u0101jam pla\u0161u hidraulisko cilindru kl\u0101stu, lai apmierin\u0101tu da\u017e\u0101das vajadz\u012bbas:<\/p>\n<ol>\n<li>Hidrauliskais cilindrs: M\u016bsu standarta hidrauliskie cilindri tiek r\u016bp\u012bgi apstr\u0101d\u0101ti un p\u0101rbaud\u012bti, lai nodro\u0161in\u0101tu augst\u0101ko kvalit\u0101ti. Tie ir izstr\u0101d\u0101ti, lai nodro\u0161in\u0101tu izcilu veiktsp\u0113ju un iztur\u012bbu.<\/li>\n<li>Hidraulisk\u0101 cilindra auskaru cilindrs: \u0160is specializ\u0113tais hidrauliskais cilindrs ir \u012bpa\u0161i izstr\u0101d\u0101ts auskaru pielietojumiem. T\u0101 iztur\u012bg\u0101 konstrukcija un prec\u012bz\u0101 in\u017eenierija padara to par uzticamu izv\u0113li.<\/li>\n<li>Divvirzienu autom\u0101tiskais teleskopiskais hidrauliskais cilindrs: m\u016bsu divvirzienu autom\u0101tiskais teleskopiskais hidrauliskais cilindrs pied\u0101v\u0101 daudzpus\u012bbu un efektivit\u0101ti. Tas ir paredz\u0113ts, lai viegli paveiktu sare\u017e\u0123\u012btus uzdevumus.<\/li>\n<li>Dizaina pakalpojums: M\u016bsu pieredz\u0113ju\u0161\u0101 dizaina komanda ir ap\u0146\u0113musies sniegt izcilus dizaina un izstr\u0101des pakalpojumus. Neatkar\u012bgi no t\u0101, vai jums ir nepiecie\u0161ams jauns produktu dizains vai eso\u0161o uzlabojumi, m\u0113s esam \u0161eit, lai j\u016bs atbalst\u012btu.<\/li>\n<li>Produktu apkalpo\u0161ana: S\u0101kot no izejviel\u0101m l\u012bdz transport\u0113\u0161anai, m\u0113s nodro\u0161in\u0101m nevainojamu ra\u017eo\u0161anas procesu. M\u016bsu produkti tiek griezti, apstr\u0101d\u0101ti, test\u0113ti, t\u012br\u012bti, mont\u0113ti, iepakoti un tiek pak\u013cauti stingr\u0101m kvalit\u0101tes p\u0101rbaud\u0113m, lai nodro\u0161in\u0101tu nevainojamus rezult\u0101tus.<\/li>\n<\/ol>\n<p>Papildus \u0161iem galvenajiem produktiem m\u0113s pied\u0101v\u0101jam ar\u012b paraugu izstr\u0101des pakalpojumus, lai apmierin\u0101tu j\u016bsu \u012bpa\u0161\u0101s pras\u012bbas. M\u016bsu komanda var izstr\u0101d\u0101t un modific\u0113t paraugus, l\u012bdz tie piln\u012bb\u0101 atbilst j\u016bsu vajadz\u012bb\u0101m. Turkl\u0101t m\u016bsu ap\u0146em\u0161an\u0101s p\u0113tniec\u012bbai un att\u012bst\u012bbai \u013cauj mums b\u016bt soli priek\u0161\u0101 tirgus tendenc\u0113m. M\u0113s past\u0101v\u012bgi p\u0113t\u0101m main\u012bg\u0101s tirgus vajadz\u012bbas un attiec\u012bgi izstr\u0101d\u0101jam jaunus mode\u013cus.<\/p>\n<p>Izv\u0113lieties FMP vis\u0101m sav\u0101m hidraulisko cilindru vajadz\u012bb\u0101m. Ar m\u016bsu augstas kvalit\u0101tes produktiem, pla\u0161o pieredzi un uz klientu orient\u0113to pieeju m\u0113s esam j\u016bsu uzticamais partneris. Sazinieties ar mums jau \u0161odien, lai apspriestu savas pras\u012bbas un izbaud\u012btu FMP priek\u0161roc\u012bbas.<\/p>\n<p>Autors: CX<\/p>","protected":false},"excerpt":{"rendered":"<p>The 10038 Quality Assurance Double Acting Hydraulic Cylinder is expertly designed for trailer applications, offering reliable performance and enhanced efficiency. This hydraulic cylinder is built to meet the demands of various trailer types, ensuring optimal functionality and durability. Key Features: Double Acting Mechanism: The double acting design allows for smooth operation in both extension and [&hellip;]<\/p>","protected":false},"featured_media":1133,"comment_status":"closed","ping_status":"closed","template":"","meta":{"_et_pb_use_builder":"","_et_pb_old_content":"","_et_gb_content_width":""},"product_brand":[],"product_cat":[31],"product_tag":[34,35],"class_list":{"0":"post-958","1":"product","2":"type-product","3":"status-publish","4":"has-post-thumbnail","6":"product_cat-welded-tee-type-cylinder","7":"product_tag-hydraulic-cylinder","8":"product_tag-welded-tee-type-cylinder","10":"first","11":"instock","12":"product-type-simple"},"_links":{"self":[{"href":"https:\/\/fmp-components.com\/lv\/wp-json\/wp\/v2\/product\/958","targetHints":{"allow":["GET"]}}],"collection":[{"href":"https:\/\/fmp-components.com\/lv\/wp-json\/wp\/v2\/product"}],"about":[{"href":"https:\/\/fmp-components.com\/lv\/wp-json\/wp\/v2\/types\/product"}],"replies":[{"embeddable":true,"href":"https:\/\/fmp-components.com\/lv\/wp-json\/wp\/v2\/comments?post=958"}],"wp:featuredmedia":[{"embeddable":true,"href":"https:\/\/fmp-components.com\/lv\/wp-json\/wp\/v2\/media\/1133"}],"wp:attachment":[{"href":"https:\/\/fmp-components.com\/lv\/wp-json\/wp\/v2\/media?parent=958"}],"wp:term":[{"taxonomy":"product_brand","embeddable":true,"href":"https:\/\/fmp-components.com\/lv\/wp-json\/wp\/v2\/product_brand?post=958"},{"taxonomy":"product_cat","embeddable":true,"href":"https:\/\/fmp-components.com\/lv\/wp-json\/wp\/v2\/product_cat?post=958"},{"taxonomy":"product_tag","embeddable":true,"href":"https:\/\/fmp-components.com\/lv\/wp-json\/wp\/v2\/product_tag?post=958"}],"curies":[{"name":"wp","href":"https:\/\/api.w.org\/{rel}","templated":true}]}}