{"id":957,"date":"2024-12-19T03:39:43","date_gmt":"2024-12-19T03:39:43","guid":{"rendered":"https:\/\/fmp-components.com\/product\/10037-hot-sale-customized-hydraulic-cylinder-for-seeder\/"},"modified":"2024-12-19T08:48:46","modified_gmt":"2024-12-19T08:48:46","slug":"10037-hot-sale-customized-hydraulic-cylinder-for-seeder","status":"publish","type":"product","link":"https:\/\/fmp-components.com\/lv\/product\/10037-hot-sale-customized-hydraulic-cylinder-for-seeder\/","title":{"rendered":"10037 Karst\u0101 p\u0101rdo\u0161ana piel\u0101gots hidrauliskais cilindrs s\u0113jma\u0161\u012bnai"},"content":{"rendered":"<p>10037 karst\u0101 p\u0101rdo\u0161anas piel\u0101gotais hidrauliskais cilindrs ir \u012bpa\u0161i izstr\u0101d\u0101ts lieto\u0161anai s\u0113jma\u0161\u012bn\u0101s, nodro\u0161inot uzticamu veiktsp\u0113ju un efektivit\u0101ti lauksaimniec\u012bbas darbos. \u0160is hidrauliskais cilindrs ir piel\u0101gots, lai atbilstu s\u0113\u0161anas iek\u0101rtu unik\u0101laj\u0101m pras\u012bb\u0101m, garant\u0113jot optim\u0101lu funkcionalit\u0101ti.<\/p>\n<h4>Galven\u0101s iez\u012bmes:<\/h4>\n<ul>\n<li><strong>Piel\u0101gots dizains:<\/strong><br \/>\n\u0160o hidraulisko cilindru var piel\u0101got konkr\u0113tiem pielietojumiem, tostarp urbuma izm\u0113ram, g\u0101jiena garumam un kravnes\u012bbai. Piel\u0101go\u0161ana nodro\u0161ina, ka tas prec\u012bzi atbilst da\u017e\u0101du s\u0113\u0161anas ma\u0161\u012bnu vajadz\u012bb\u0101m.<\/li>\n<li><strong>Augsta veiktsp\u0113ja:<\/strong><br \/>\n10037 hidrauliskais cilindrs, kas izstr\u0101d\u0101ts efekt\u012bvai darb\u012bbai, nodro\u0161ina vienm\u0113r\u012bgu un uzticamu veiktsp\u0113ju. T\u0101 konstrukcija samazina berzi un nodilumu, t\u0101d\u0113j\u0101di uzlabojot s\u0113jma\u0161\u012bnas kop\u0113jo kalpo\u0161anas laiku un efektivit\u0101ti.<\/li>\n<li><strong>Iztur\u012bga konstrukcija:<\/strong><br \/>\n\u0160is hidrauliskais cilindrs ir izgatavots no augstas kvalit\u0101tes materi\u0101liem, lai iztur\u0113tu lauksaimniec\u012bbas vides sare\u017e\u0123\u012btos apst\u0101k\u013cus. T\u0101 iztur\u012bg\u0101 konstrukcija nodro\u0161ina ilgsto\u0161u uzticam\u012bbu pat pie liel\u0101m slodz\u0113m.<\/li>\n<li><strong>Daudzpus\u012bgi pielietojumi:<\/strong><br \/>\n\u0160is hidrauliskais cilindrs, kas paredz\u0113ts da\u017e\u0101du veidu s\u0113jma\u0161\u012bn\u0101m, uzlabo gan parast\u0101s, gan modern\u0101s s\u0113\u0161anas tehnikas funkcionalit\u0101ti. T\u0101 daudzpus\u012bba padara to par v\u0113rt\u012bgu instrumentu lauksaimniekiem un lauksaimniec\u012bbas nozares operatoriem.<\/li>\n<li><strong>Vienk\u0101r\u0161a uzst\u0101d\u012b\u0161ana:<\/strong><br \/>\n10037 hidrauliskais cilindrs ir paredz\u0113ts vienk\u0101r\u0161ai uzst\u0101d\u012b\u0161anai, \u013caujot to \u0101tri integr\u0113t eso\u0161aj\u0101s s\u0113\u0161anas sist\u0113m\u0101s. \u0160\u012b lieto\u0161anas vienk\u0101r\u0161\u012bba samazina d\u012bkst\u0101ves laiku un palielina produktivit\u0101ti.<\/li>\n<\/ul>\n<p><img decoding=\"async\" class=\"aligncenter\" src=\"https:\/\/hzpt.com\/wp-content\/uploads\/2023\/12\/random-3.webp\" alt=\"\" title=\"\"><\/p>\n<h4>Tehnisk\u0101s specifik\u0101cijas:<\/h4>\n<table style=\"width: 101.782%; height: 184px;\">\n<thead>\n<tr>\n<th>Specifik\u0101cija<\/th>\n<th>Apraksts<\/th>\n<\/tr>\n<\/thead>\n<tbody>\n<tr>\n<td><strong>Kravnes\u012bba<\/strong><\/td>\n<td>Piel\u0101gojams<\/td>\n<\/tr>\n<tr>\n<td><strong>Urbuma izm\u0113rs<\/strong><\/td>\n<td>Pieejamas da\u017e\u0101das iesp\u0113jas<\/td>\n<\/tr>\n<tr>\n<td><strong>g\u0101jiena garums<\/strong><\/td>\n<td>Piel\u0101gojams<\/td>\n<\/tr>\n<tr>\n<td><strong>Maksim\u0101lais spiediens<\/strong><\/td>\n<td>L\u012bdz 3000 PSI<\/td>\n<\/tr>\n<tr>\n<td><strong>Materi\u0101ls<\/strong><\/td>\n<td>Augstas kvalit\u0101tes t\u0113rauds vai alum\u012bnijs<\/td>\n<\/tr>\n<tr>\n<td><strong>Savienojuma veids<\/strong><\/td>\n<td>Atloka vai v\u012bt\u0146ota<\/td>\n<\/tr>\n<\/tbody>\n<\/table>\n<h4>Darb\u012bbas princips:<\/h4>\n<p>10037 piel\u0101gotais hidrauliskais cilindrs darbojas p\u0113c hidraulisk\u0101 \u0161\u0137idruma spiediena principa. Kad hidrauliskais \u0161\u0137idrums tiek ies\u016bkn\u0113ts cilindr\u0101, tas iedarbojas uz virzuli ar sp\u0113ku, radot line\u0101ru kust\u012bbu da\u017e\u0101diem s\u0113\u0161anas uzdevumiem. \u0160\u012b efekt\u012bv\u0101 jaudas p\u0101rne\u0161ana nodro\u0161ina prec\u012bzu kontroli un uzlabotu veiktsp\u0113ju s\u0113\u0161anas oper\u0101cij\u0101s.<\/p>\n<p>Rezum\u0113jot, 10037 karst\u0101s p\u0101rdo\u0161anas piel\u0101gotais hidrauliskais cilindrs s\u0113jma\u0161\u012bnai ir uzticams un efekt\u012bvs risin\u0101jums, kas piel\u0101gots lauksaimniec\u012bbas s\u0113\u0161anas tehnikas \u012bpa\u0161aj\u0101m vajadz\u012bb\u0101m. T\u0101 iztur\u012bg\u0101 konstrukcija, piel\u0101gojam\u0101s iesp\u0113jas un augst\u0101 veiktsp\u0113ja padara to par b\u016btisku sast\u0101vda\u013cu s\u0113\u0161anas darb\u012bbu efektivit\u0101tes uzlabo\u0161an\u0101.<\/p>\n<p>&nbsp;<\/p>\n<p><img decoding=\"async\" src=\"https:\/\/hzpt.com\/wp-content\/uploads\/2023\/12\/random-2.webp\" alt=\"\" title=\"\"><\/p>\n<h2>Bie\u017ei uzdotie jaut\u0101jumi<\/h2>\n<h3>1. jaut\u0101jums: K\u0101da ir piel\u0101got\u0101 hidraulisk\u0101 cilindra kravnes\u012bba?<\/h3>\n<p>A1: Kravnes\u012bbu var piel\u0101got atbilsto\u0161i j\u016bsu pras\u012bb\u0101m.<\/p>\n<h3>2. jaut\u0101jums: K\u0101 uzst\u0101d\u012bt piel\u0101goto hidraulisko cilindru?<\/h3>\n<p>A2: Katram pirkumam m\u0113s pievienojam visaptvero\u0161u uzst\u0101d\u012b\u0161anas rokasgr\u0101matu.<\/p>\n<h3>3.\u00a0jaut\u0101jums: Cik bie\u017ei j\u0101apkopj piel\u0101gotais hidrauliskais cilindrs?<\/h3>\n<p>A3: Lai nodro\u0161in\u0101tu optim\u0101lu veiktsp\u0113ju, ieteicama regul\u0101ra apkope. Apkopes bie\u017eums b\u016bs atkar\u012bgs no lieto\u0161anas un vides apst\u0101k\u013ciem.<\/p>\n<h3>4. jaut\u0101jums: Vai es varu piel\u0101got piel\u0101got\u0101 hidraulisk\u0101 cilindra izm\u0113rus?<\/h3>\n<p>A4: J\u0101, FMP pied\u0101v\u0101 piel\u0101go\u0161anas pakalpojumus atbilsto\u0161i j\u016bsu \u012bpa\u0161aj\u0101m vajadz\u012bb\u0101m.<\/p>\n<h3>5. jaut\u0101jums: Kur es varu ieg\u0101d\u0101ties piel\u0101goto hidraulisko cilindru?<\/h3>\n<p>A5: J\u016bs varat ieg\u0101d\u0101ties m\u016bsu produktus tie\u0161i no FMP vai m\u016bsu pilnvarotajiem izplat\u012bt\u0101jiem.<\/p>\n<h2>Metin\u0101t\u0101 T veida cilindra priek\u0161roc\u012bbas<\/h2>\n<ul>\n<li style=\"list-style-type: none;\">\n<ul>\n<li><strong>Palielin\u0101ts sp\u0113ks:<\/strong> Metin\u0101tie T veida cilindri ir paz\u012bstami ar savu augsto iztur\u012bbu, padarot tos piem\u0113rotus lietojumiem, kuros nepiecie\u0161ama smagu kravu cel\u0161ana. \u0160o cilindru ra\u017eo\u0161anas laik\u0101 izmantotais metin\u0101\u0161anas process nodro\u0161ina, ka cilindram nav v\u0101ju punktu un tas var iztur\u0113t augstu spiedienu un spriegumu.<\/li>\n<\/ul>\n<\/li>\n<\/ul>\n<p>Kad uz cilindru tiek iedarbin\u0101ts spiediens, tas vienm\u0113r\u012bgi sadal\u0101s pa visu virsmu, padarot to iztur\u012bgu pret deform\u0101ciju. \u0160\u012b \u012bpa\u0161\u012bba nodro\u0161ina, ka cilindrs saglab\u0101 savu formu un struktur\u0101lo integrit\u0101ti pat ekstrem\u0101los apst\u0101k\u013cos.<\/p>\n<ul>\n<li style=\"list-style-type: none;\">\n<ul>\n<li><strong>Nopl\u016b\u017eu nov\u0113r\u0161ana:<\/strong> Metin\u0101tie T veida cilindri ir izstr\u0101d\u0101ti, lai nov\u0113rstu nopl\u016bdes. Ra\u017eo\u0161anas proces\u0101 izmantotais metin\u0101\u0161anas process nodro\u0161ina, ka cilindrs ir piln\u012bb\u0101 nosl\u0113gts un bez jebk\u0101d\u0101m iesp\u0113jam\u0101m nopl\u016bd\u0113m. \u0160\u012b \u012bpa\u0161\u012bba padara tos piem\u0113rotus lieto\u0161anai lietojumos, kur nopl\u016bde var\u0113tu izrais\u012bt nopietnus boj\u0101jumus vai traumas.<\/li>\n<\/ul>\n<\/li>\n<\/ul>\n<p>Metin\u0101tie savienojumi ir gludi, bez plais\u0101m vai riev\u0101m, kur var\u0113tu uzkr\u0101ties gru\u017ei vai net\u012brumi, t\u0101d\u0113j\u0101di samazinot korozijas un cilindra boj\u0101jumu risku.<\/p>\n<ul>\n<li style=\"list-style-type: none;\">\n<ul>\n<li><strong>Piel\u0101gojams:<\/strong> Metin\u0101tos T veida cilindrus var piel\u0101got konkr\u0113tiem pielietojumiem. Cilindri ir pieejami da\u017e\u0101dos izm\u0113ros un form\u0101s, un tos var izgatavot atbilsto\u0161i konkr\u0113t\u0101 pielietojuma pras\u012bb\u0101m.<\/li>\n<\/ul>\n<\/li>\n<\/ul>\n<p>Piel\u0101go\u0161anas process \u013cauj optimiz\u0113t cilindra veiktsp\u0113ju, nodro\u0161inot, ka tas ir piem\u0113rots paredz\u0113tajam pielietojumam. \u0160\u012b \u012bpa\u0161\u012bba padara metin\u0101tus T veida cilindrus ide\u0101li piem\u0113rotus izmanto\u0161anai da\u017e\u0101dos r\u016bpnieciskos pielietojumos, tostarp b\u016bvniec\u012bb\u0101, ieguves r\u016bpniec\u012bb\u0101 un materi\u0101lu apstr\u0101d\u0113.<\/p>\n<ul>\n<li style=\"list-style-type: none;\">\n<ul>\n<li><strong>Izmaksu zi\u0146\u0101 efekt\u012bvs:<\/strong> Metin\u0101tie T veida cilindri ir izmaksu zi\u0146\u0101 efekt\u012bv\u0101ki sal\u012bdzin\u0101jum\u0101 ar cita veida cilindriem. \u0160o cilindru ra\u017eo\u0161anas process ir vienk\u0101r\u0161s, t\u0101p\u0113c tie ir l\u0113t\u0101ki nek\u0101 cita veida cilindri.<\/li>\n<\/ul>\n<\/li>\n<\/ul>\n<p>Turkl\u0101t metin\u0101to T veida cilindru augst\u0101 iztur\u012bba un ilgm\u016b\u017e\u012bba samazina nepiecie\u0161am\u012bbu p\u0113c bie\u017ea remonta un nomai\u0146as, t\u0101d\u0113j\u0101di ietaupot apkopes izmaksas. \u0160\u012b \u012bpa\u0161\u012bba padara tos par popul\u0101ru izv\u0113li daudz\u0101s nozar\u0113s, \u012bpa\u0161i taj\u0101s, kur\u0101m ir ierobe\u017eots bud\u017eets.<\/p>\n<ul>\n<li style=\"list-style-type: none;\">\n<ul>\n<li><strong>Paaugstin\u0101ta efektivit\u0101te:<\/strong> Metin\u0101tie T veida cilindri ir \u013coti efekt\u012bvi un lietder\u012bgi. Cilindra konstrukcija nodro\u0161ina, ka pieliktais sp\u0113ks tiek tie\u0161i p\u0101rnests uz slodzi, samazinot ener\u0123ijas zudumus un palielinot efektivit\u0101ti.<\/li>\n<\/ul>\n<\/li>\n<\/ul>\n<p>Metin\u0101tie savienojumi ir iztur\u012bgi un stingri, samazinot novirzi un nodro\u0161inot, ka cilindrs saglab\u0101 savu formu un struktur\u0101lo integrit\u0101ti pat ekstrem\u0101los apst\u0101k\u013cos. \u0160\u012b \u012bpa\u0161\u012bba padara metin\u0101tos T veida cilindrus ide\u0101li piem\u0113rotus lieto\u0161anai lietojumos, kuriem nepiecie\u0161ama augsta efektivit\u0101te un uzticam\u012bba.<\/p>\n<p><img loading=\"lazy\" decoding=\"async\" class=\"size-full wp-image-974 aligncenter\" src=\"https:\/\/fmp-components.com\/wp-content\/uploads\/2024\/12\/application-of-Welded-Tee-Type-Cylinder.webp\" alt=\"Metin\u0101t\u0101 T veida cilindra pielietojums\" width=\"760\" height=\"860\" title=\"\" srcset=\"https:\/\/fmp-components.com\/wp-content\/uploads\/2024\/12\/application-of-Welded-Tee-Type-Cylinder.webp 760w, https:\/\/fmp-components.com\/wp-content\/uploads\/2024\/12\/application-of-Welded-Tee-Type-Cylinder-480x543.webp 480w\" sizes=\"(min-width: 0px) and (max-width: 480px) 480px, (min-width: 481px) 760px, 100vw\" \/><\/p>\n<h2>Metin\u0101t\u0101 T veida cilindra pielietojums<\/h2>\n<ul>\n<li>\n<h3>R\u016bpniecisk\u0101s ma\u0161\u012bnas un iek\u0101rtas<\/h3>\n<p>Metin\u0101tie T veida cilindri tiek pla\u0161i izmantoti r\u016bpnieciskaj\u0101s ma\u0161\u012bn\u0101s un iek\u0101rt\u0101s, \u012bpa\u0161i hidrauliskaj\u0101s sist\u0113m\u0101s. Cilindrs sast\u0101v no virzu\u013ca un cilindra caurules, kas ir sametin\u0101ti kop\u0101, veidojot vienu vien\u012bbu. \u0160\u012b konstrukcija pied\u0101v\u0101 vair\u0101kas priek\u0161roc\u012bbas sal\u012bdzin\u0101jum\u0101 ar cita veida cilindriem, piem\u0113ram, uzlabotu iztur\u012bbu, liel\u0101ku stipr\u012bbu un liel\u0101ku precizit\u0101ti.<\/p>\n<p>Viens no svar\u012bg\u0101kajiem metin\u0101t\u0101 T veida cilindra pielietojumiem r\u016bpnieciskaj\u0101s iek\u0101rt\u0101s ir t\u0101 sp\u0113ja nodro\u0161in\u0101t vienm\u0113r\u012bgu un prec\u012bzu sp\u0113ku. Tas ir b\u016btiski daudziem ra\u017eo\u0161anas procesiem, kur nepiecie\u0161ama prec\u012bza kontrole, lai nodro\u0161in\u0101tu gala produkta kvalit\u0101ti. Metin\u0101to T veida cilindru var izmantot ar\u012b, lai regul\u0113tu \u0161\u0137idrumu pl\u016bsmu hidrauliskaj\u0101s sist\u0113m\u0101s, nodro\u0161inot liel\u0101ku efektivit\u0101ti un uzticam\u012bbu da\u017e\u0101dos r\u016bpnieciskos pielietojumos.<\/li>\n<li>\n<h3>Lauksaimniec\u012bbas tehnika<\/h3>\n<p>Metin\u0101tie T veida cilindri tiek pla\u0161i izmantoti ar\u012b lauksaimniec\u012bbas tehnik\u0101, piem\u0113ram, traktoros un kombainos. \u0160\u012bm ma\u0161\u012bn\u0101m efekt\u012bvai darb\u012bbai ir nepiecie\u0161amas jaud\u012bgas un uzticamas hidraulisk\u0101s sist\u0113mas, un metin\u0101tie T veida cilindri ir ide\u0101la izv\u0113le \u0161im nol\u016bkam.<\/p>\n<p>Cilindra iztur\u012bg\u0101 konstrukcija un augst\u0101 iztur\u012bba padara to \u013coti iztur\u012bgu pret nodilumu pat skarbos ekspluat\u0101cijas apst\u0101k\u013cos. Tas padara to par ide\u0101lu izv\u0113li izmanto\u0161anai lauksaimniec\u012bbas tehnik\u0101, kur iztur\u012bba ir galvenais apsv\u0113rums. Metin\u0101to T veida cilindru var izmantot ar\u012b, lai nodro\u0161in\u0101tu prec\u012bzu kontroli, kas nepiecie\u0161ama daudziem lauksaimniec\u012bbas procesiem, piem\u0113ram, st\u0101d\u012b\u0161anai, ra\u017eas nov\u0101k\u0161anai un ap\u016bde\u0146o\u0161anai.<\/li>\n<li>\n<h3>Celtniec\u012bbas apr\u012bkojums<\/h3>\n<p>Metin\u0101tie T veida cilindri tiek pla\u0161i izmantoti ar\u012b celtniec\u012bbas iek\u0101rt\u0101s, piem\u0113ram, ekskavatoros, ekskavatoros un buldozeros. \u0160\u012bm ma\u0161\u012bn\u0101m ir nepiecie\u0161amas jaud\u012bgas un uzticamas hidraulisk\u0101s sist\u0113mas, lai veiktu smagus uzdevumus, piem\u0113ram, rak\u0161anu, cel\u0161anu un smagu kravu stum\u0161anu.<\/p>\n<p>Metin\u0101t\u0101 T veida cilindra augst\u0101 iztur\u012bba un ilgm\u016b\u017e\u012bba padara to par ide\u0101lu izv\u0113li izmanto\u0161anai celtniec\u012bbas tehnik\u0101. T\u0101 sp\u0113ja nodro\u0161in\u0101t prec\u012bzu kontroli un vienm\u0113r\u012bgu sp\u0113ku ir b\u016btiska daudziem celtniec\u012bbas procesiem, piem\u0113ram, rak\u0161anai, plan\u0113\u0161anai un bru\u0123\u0113\u0161anai. Metin\u0101to T veida cilindru var izmantot ar\u012b, lai regul\u0113tu \u0161\u0137idrumu pl\u016bsmu hidrauliskaj\u0101s sist\u0113m\u0101s, uzlabojot celtniec\u012bbas tehnikas efektivit\u0101ti un uzticam\u012bbu da\u017e\u0101dos pielietojumos.<\/li>\n<\/ul>\n<h3>Par FMP<\/h3>\n<p>FMP jau vair\u0101k nek\u0101 30 gadus ir vado\u0161ais hidraulisko cilindru ra\u017eot\u0101js un pieg\u0101d\u0101t\u0101js. M\u016bsu r\u016bpniec\u012bbas zona atrodas It\u0101lij\u0101, un mums ir pla\u0161s kl\u0101sts ar vair\u0101k nek\u0101 100 iek\u0101rt\u0101m, tostarp autom\u0101tiska g\u0101zes ekran\u0113ta metin\u0101\u0161anas iek\u0101rta, dzi\u013curbumu urb\u0161anas iek\u0101rta, CNC virpa, cilindrisk\u0101 sl\u012bpma\u0161\u012bna, autom\u0101tisk\u0101 t\u012br\u012b\u0161anas iek\u0101rta, autom\u0101tisk\u0101 uzst\u0101d\u012b\u0161anas iek\u0101rta, autom\u0101tisks hidraulisko cilindru veiktsp\u0113jas p\u0101rbaudes stends, autom\u0101tisk\u0101 kr\u0101so\u0161anas l\u012bnija utt.<\/p>\n<p>M\u016bsu hidrauliskie cilindri tiek ra\u017eoti atbilsto\u0161i augst\u0101kajiem kvalit\u0101tes standartiem, un katrs cilindrs tiek stingri apstr\u0101d\u0101ts un p\u0101rbaud\u012bts, lai nodro\u0161in\u0101tu, ka m\u016bsu klienti sa\u0146em tikai vislab\u0101k\u0101s kvalit\u0101tes produktus. M\u0113s pied\u0101v\u0101jam pla\u0161u hidraulisko cilindru kl\u0101stu, tostarp hidrauliskos cilindrus, auskaru cilindrus, divvirzienu autom\u0101tiskos teleskopiskos hidrauliskos cilindrus un citus.<\/p>\n<h4>M\u016bsu produktu un uz\u0146\u0113muma priek\u0161roc\u012bbas<\/h4>\n<ol>\n<li><strong>Dizaina pakalpojums:<\/strong> M\u016bsu dizaina komandai ir bag\u0101ta pieredze kard\u0101nv\u0101rpstu produktu projekt\u0113\u0161an\u0101 un izstr\u0101d\u0113. M\u0113s atbalst\u0101m savus klientus ar jaunu produktu vajadz\u012bb\u0101m vai turpm\u0101kiem produktu uzlabojumiem.<\/li>\n<li><strong>Produkta pakalpojums:<\/strong> M\u016bsu ra\u017eo\u0161anas process ietver izejvielu ieg\u0101di, grie\u0161anu, rupjo apstr\u0101di, test\u0113\u0161anu, t\u012br\u012b\u0161anu, mont\u0101\u017eu, iepako\u0161anu un transport\u0113\u0161anu. M\u0113s nodro\u0161in\u0101m, ka m\u016bsu produkti tiek ra\u017eoti un pieg\u0101d\u0101ti atbilsto\u0161i augst\u0101kajiem kvalit\u0101tes standartiem.<\/li>\n<li><strong>Parauga process:<\/strong> M\u0113s pied\u0101v\u0101jam paraugu izstr\u0101des un modifik\u0101cijas pakalpojumus, lai apmierin\u0101tu m\u016bsu klientu \u012bpa\u0161\u0101s vajadz\u012bbas.<\/li>\n<li><strong>P\u0113tniec\u012bba un att\u012bst\u012bba:<\/strong> M\u0113s past\u0101v\u012bgi p\u0113t\u0101m jaun\u0101s tirgus vajadz\u012bbas un attiec\u012bgi izstr\u0101d\u0101jam jaunus mode\u013cus.<\/li>\n<li><strong>Piel\u0101go\u0161ana:<\/strong> M\u0113s specializ\u0113jamies da\u017e\u0101du veidu hidraulisko cilindru ra\u017eo\u0161an\u0101 un p\u0101rdo\u0161an\u0101 un pie\u0146emam piel\u0101go\u0161anu atbilsto\u0161i klientu pras\u012bb\u0101m.<\/li>\n<\/ol>\n<p>M\u0113s lepojamies ar savu ap\u0146em\u0161anos nodro\u0161in\u0101t izcil\u012bbu un kvalit\u0101ti, un m\u0113s cen\u0161amies nodro\u0161in\u0101t saviem klientiem lab\u0101kos produktus un pakalpojumus. Sazinieties ar mums jau \u0161odien, lai uzzin\u0101tu vair\u0101k par m\u016bsu hidrauliskajiem cilindriem un to, k\u0101 m\u0113s varam k\u013c\u016bt par j\u016bsu uzticamo partneri hidraulikas nozar\u0113.<\/p>\n<p><img decoding=\"async\" class=\"aligncenter\" src=\"https:\/\/fmp-components.com\/wp-content\/uploads\/2024\/12\/fmp-factory-4.webp\" alt=\"FMP r\u016bpn\u012bca\" width=\"800\" title=\"\"><br \/>\nAutors: CX<\/p>","protected":false},"excerpt":{"rendered":"<p>10037 karst\u0101 p\u0101rdo\u0161anas piel\u0101gotais hidrauliskais cilindrs ir \u012bpa\u0161i izstr\u0101d\u0101ts izmanto\u0161anai s\u0113jma\u0161\u012bn\u0101s, nodro\u0161inot uzticamu veiktsp\u0113ju un efektivit\u0101ti lauksaimniec\u012bbas darbos. \u0160is hidrauliskais cilindrs ir piel\u0101gots, lai atbilstu s\u0113\u0161anas iek\u0101rtu unik\u0101laj\u0101m pras\u012bb\u0101m, garant\u0113jot optim\u0101lu funkcionalit\u0101ti. Galven\u0101s iez\u012bmes: Piel\u0101gots dizains: \u0160o hidraulisko cilindru var piel\u0101got konkr\u0113tiem lietojumiem, tostarp urbuma izm\u0113ram, [\u2026]<\/p>","protected":false},"featured_media":1132,"comment_status":"closed","ping_status":"closed","template":"","meta":{"_et_pb_use_builder":"","_et_pb_old_content":"","_et_gb_content_width":""},"product_brand":[],"product_cat":[31],"product_tag":[34,35],"class_list":{"0":"post-957","1":"product","2":"type-product","3":"status-publish","4":"has-post-thumbnail","6":"product_cat-welded-tee-type-cylinder","7":"product_tag-hydraulic-cylinder","8":"product_tag-welded-tee-type-cylinder","10":"first","11":"instock","12":"product-type-simple"},"_links":{"self":[{"href":"https:\/\/fmp-components.com\/lv\/wp-json\/wp\/v2\/product\/957","targetHints":{"allow":["GET"]}}],"collection":[{"href":"https:\/\/fmp-components.com\/lv\/wp-json\/wp\/v2\/product"}],"about":[{"href":"https:\/\/fmp-components.com\/lv\/wp-json\/wp\/v2\/types\/product"}],"replies":[{"embeddable":true,"href":"https:\/\/fmp-components.com\/lv\/wp-json\/wp\/v2\/comments?post=957"}],"wp:featuredmedia":[{"embeddable":true,"href":"https:\/\/fmp-components.com\/lv\/wp-json\/wp\/v2\/media\/1132"}],"wp:attachment":[{"href":"https:\/\/fmp-components.com\/lv\/wp-json\/wp\/v2\/media?parent=957"}],"wp:term":[{"taxonomy":"product_brand","embeddable":true,"href":"https:\/\/fmp-components.com\/lv\/wp-json\/wp\/v2\/product_brand?post=957"},{"taxonomy":"product_cat","embeddable":true,"href":"https:\/\/fmp-components.com\/lv\/wp-json\/wp\/v2\/product_cat?post=957"},{"taxonomy":"product_tag","embeddable":true,"href":"https:\/\/fmp-components.com\/lv\/wp-json\/wp\/v2\/product_tag?post=957"}],"curies":[{"name":"wp","href":"https:\/\/api.w.org\/{rel}","templated":true}]}}