{"id":955,"date":"2024-12-19T03:39:43","date_gmt":"2024-12-19T03:39:43","guid":{"rendered":"https:\/\/fmp-components.com\/product\/10035-factory-direct-sale-small-double-acting-trailer-hydraulic-cylinder\/"},"modified":"2024-12-19T08:51:02","modified_gmt":"2024-12-19T08:51:02","slug":"10035-factory-direct-sale-small-double-acting-trailer-hydraulic-cylinder","status":"publish","type":"product","link":"https:\/\/fmp-components.com\/lv\/product\/10035-factory-direct-sale-small-double-acting-trailer-hydraulic-cylinder\/","title":{"rendered":"10035 R\u016bpn\u012bcas tie\u0161\u0101s p\u0101rdo\u0161anas mazs divk\u0101r\u0161as darb\u012bbas piekabes hidrauliskais cilindrs"},"content":{"rendered":"<p>10035 r\u016bpn\u012bcas tie\u0161\u0101s p\u0101rdo\u0161anas mazais divk\u0101r\u0161as darb\u012bbas piekabes hidrauliskais cilindrs ir \u012bpa\u0161i izstr\u0101d\u0101ts efekt\u012bvai veiktsp\u0113jai piekabju lietojumos. \u0160is kompaktais hidrauliskais cilindrs nodro\u0161ina uzticamas pacel\u0161anas un nolai\u0161anas iesp\u0113jas, padarot to par b\u016btisku sast\u0101vda\u013cu da\u017e\u0101du veidu piekab\u0113s.<\/p>\n<h4>Galven\u0101s iez\u012bmes:<\/h4>\n<ul>\n<li><strong>Divk\u0101r\u0161as darb\u012bbas dizains:<\/strong><br \/>\nDivk\u0101r\u0161\u0101s darb\u012bbas meh\u0101nisms nodro\u0161ina neman\u0101mu izvilk\u0161anu un ievilk\u0161anu, nodro\u0161inot prec\u012bzu kontroli darb\u012bbas laik\u0101. \u0160\u012b funkcija uzlabo piekabes funkciju kop\u0113jo efektivit\u0101ti, garant\u0113jot vienm\u0113r\u012bgu darb\u012bbu.<\/li>\n<li><strong>Kompakts izm\u0113rs:<\/strong><br \/>\n10035 hidraulisk\u0101 cilindra mazais izm\u0113rs ir ide\u0101li piem\u0113rots lietojumiem ar ierobe\u017eotu vietu. T\u0101 kompaktums neietekm\u0113 iztur\u012bbu, padarot to efekt\u012bvu da\u017e\u0101d\u0101m piekabju konfigur\u0101cij\u0101m.<\/li>\n<li><strong>Iztur\u012bga konstrukcija:<\/strong><br \/>\n\u0160is hidrauliskais cilindrs ir izgatavots no augstas kvalit\u0101tes materi\u0101liem un ir izstr\u0101d\u0101ts, lai iztur\u0113tu piekabes ekspluat\u0101cijas sare\u017e\u0123\u012btos apst\u0101k\u013cus. T\u0101 iztur\u012bg\u0101 konstrukcija nodro\u0161ina ilgsto\u0161u uzticam\u012bbu un veiktsp\u0113ju.<\/li>\n<li><strong>Daudzpus\u012bgi pielietojumi:<\/strong><br \/>\n10035 hidrauliskais cilindrs ir piem\u0113rots da\u017e\u0101diem piekabju pielietojumiem, tostarp platformas piekab\u0113m, pa\u0161izg\u0101z\u0113ju piekab\u0113m un komun\u0101lo pakalpojumu piekab\u0113m, un tas ir pietiekami daudzpus\u012bgs, lai apmierin\u0101tu da\u017e\u0101das ekspluat\u0101cijas vajadz\u012bbas.<\/li>\n<li><strong>R\u016bpn\u012bcas tie\u0161\u0101 p\u0101rdo\u0161ana:<\/strong><br \/>\nIeg\u0101d\u0101joties tie\u0161i no r\u016bpn\u012bcas, tiek nodro\u0161in\u0101tas konkur\u0113tsp\u0113j\u012bgas cenas un lieliska kvalit\u0101tes kontrole. \u0160is izmaksu zi\u0146\u0101 efekt\u012bvais risin\u0101jums sniedz lielisku v\u0113rt\u012bbu klientiem, kuri v\u0113las uzlabot savas piekabju sist\u0113mas.<\/li>\n<\/ul>\n<p><img decoding=\"async\" src=\"https:\/\/hzpt.com\/wp-content\/uploads\/2023\/12\/random-2.webp\" alt=\"\" title=\"\"><\/p>\n<h4>Tehnisk\u0101s specifik\u0101cijas:<\/h4>\n<table style=\"width: 92.0135%; height: 220px;\">\n<thead>\n<tr>\n<th>Specifik\u0101cija<\/th>\n<th>Apraksts<\/th>\n<\/tr>\n<\/thead>\n<tbody>\n<tr>\n<td><strong>Kravnes\u012bba<\/strong><\/td>\n<td>Piel\u0101gojams<\/td>\n<\/tr>\n<tr>\n<td><strong>Urbuma izm\u0113rs<\/strong><\/td>\n<td>Pieejamas da\u017e\u0101das iesp\u0113jas<\/td>\n<\/tr>\n<tr>\n<td><strong>g\u0101jiena garums<\/strong><\/td>\n<td>Piel\u0101gojams<\/td>\n<\/tr>\n<tr>\n<td><strong>Maksim\u0101lais spiediens<\/strong><\/td>\n<td>L\u012bdz 3000 PSI<\/td>\n<\/tr>\n<tr>\n<td><strong>Materi\u0101ls<\/strong><\/td>\n<td>Augstas kvalit\u0101tes t\u0113rauds<\/td>\n<\/tr>\n<tr>\n<td><strong>Savienojuma veids<\/strong><\/td>\n<td>Atloka vai v\u012bt\u0146ota<\/td>\n<\/tr>\n<\/tbody>\n<\/table>\n<h4>Darb\u012bbas princips:<\/h4>\n<p>10035 mazais divk\u0101r\u0161as darb\u012bbas piekabes hidrauliskais cilindrs darbojas p\u0113c hidraulisk\u0101 \u0161\u0137idruma spiediena principa. Kad hidrauliskais \u0161\u0137idrums tiek ies\u016bkn\u0113ts cilindr\u0101, tas iedarbojas uz virzuli, radot line\u0101ru kust\u012bbu abos virzienos. \u0160\u012b efekt\u012bv\u0101 jaudas p\u0101rne\u0161ana \u013cauj prec\u012bzi kontrol\u0113t piekabes darb\u012bbu, uzlabojot kop\u0113jo produktivit\u0101ti.<\/p>\n<p>Rezum\u0113jot, 10035 r\u016bpn\u012bcas tie\u0161\u0101s p\u0101rdo\u0161anas mazais divk\u0101r\u0161as darb\u012bbas piekabes hidrauliskais cilindrs ir uzticams un efekt\u012bvs risin\u0101jums piekabju lietojumprogramm\u0101m. T\u0101 iztur\u012bg\u0101 konstrukcija, kompaktais dizains un daudzpus\u012bg\u0101 funkcionalit\u0101te padara to par b\u016btisku instrumentu ikvienam, kur\u0161 v\u0113las uzlabot savu piekabju sist\u0113mu veiktsp\u0113ju.<\/p>\n<p>&nbsp;<\/p>\n<p><img decoding=\"async\" src=\"https:\/\/hzpt.com\/wp-content\/uploads\/2023\/12\/random-5.webp\" alt=\"\" title=\"\"><\/p>\n<h2>Bie\u017ei uzdotie jaut\u0101jumi par FMP hidraulisko cilindru<\/h2>\n<dl>\n<dt>1. jaut\u0101jums: K\u0101da ir hidraulisk\u0101 cilindra loma?<\/dt>\n<dd>A1: Hidrauliskais cilindrs nodro\u0161ina sp\u0113ku un kust\u012bbu lietojumos, kur tie ir nepiecie\u0161ami.<\/dd>\n<dt>2.\u00a0jaut\u0101jums: K\u0101 izv\u0113l\u0113ties pareizo hidraulisko e\u013c\u013cu un bl\u012bves?<\/dt>\n<dd>A2: Hidraulisk\u0101s e\u013c\u013cas un bl\u012bv\u0113jumu izv\u0113le ir atkar\u012bga no hidraulisk\u0101 cilindra konkr\u0113t\u0101 pielietojuma un ekspluat\u0101cijas apst\u0101k\u013ciem.<\/dd>\n<dt>3.\u00a0jaut\u0101jums: Cik bie\u017ei man j\u0101maina hidraulisk\u0101 cilindra komponenti?<\/dt>\n<dd>A3: Nomai\u0146as bie\u017eums ir atkar\u012bgs no hidraulisk\u0101 cilindra lieto\u0161anas un apkopes.<\/dd>\n<dt>4. jaut\u0101jums: K\u0101da ir FMP hidraulisko cilindru jauda?<\/dt>\n<dd>A4: FMP projekt\u0113t\u0101 jauda ir 200 000 hidraulisko cilindru komplektu.<\/dd>\n<dt>5. jaut\u0101jums: Vai es varu piel\u0101got savu hidraulisko cilindru?<\/dt>\n<dd>A5: J\u0101, FMP atzin\u012bgi v\u0113rt\u0113 piel\u0101go\u0161anu atbilsto\u0161i j\u016bsu \u012bpa\u0161aj\u0101m pras\u012bb\u0101m.<\/dd>\n<\/dl>\n<h2>Metin\u0101t\u0101 T veida cilindra priek\u0161roc\u012bbas<\/h2>\n<ul>\n<li style=\"list-style-type: none;\">\n<ul>\n<li><strong>Palielin\u0101ts sp\u0113ks:<\/strong> Metin\u0101tie T veida cilindri ir paz\u012bstami ar savu augsto iztur\u012bbu, padarot tos piem\u0113rotus lietojumiem, kuros nepiecie\u0161ama smagu kravu cel\u0161ana. \u0160o cilindru ra\u017eo\u0161anas laik\u0101 izmantotais metin\u0101\u0161anas process nodro\u0161ina, ka cilindram nav v\u0101ju punktu un tas var iztur\u0113t augstu spiedienu un spriegumu.<\/li>\n<\/ul>\n<\/li>\n<\/ul>\n<p>Kad uz cilindru tiek iedarbin\u0101ts spiediens, tas vienm\u0113r\u012bgi sadal\u0101s pa visu virsmu, padarot to iztur\u012bgu pret deform\u0101ciju. \u0160\u012b \u012bpa\u0161\u012bba nodro\u0161ina, ka cilindrs saglab\u0101 savu formu un struktur\u0101lo integrit\u0101ti pat ekstrem\u0101los apst\u0101k\u013cos.<\/p>\n<ul>\n<li style=\"list-style-type: none;\">\n<ul>\n<li><strong>Nopl\u016b\u017eu nov\u0113r\u0161ana:<\/strong> Metin\u0101tie T veida cilindri ir izstr\u0101d\u0101ti, lai nov\u0113rstu nopl\u016bdes. Ra\u017eo\u0161anas proces\u0101 izmantotais metin\u0101\u0161anas process nodro\u0161ina, ka cilindrs ir piln\u012bb\u0101 nosl\u0113gts un bez jebk\u0101d\u0101m iesp\u0113jam\u0101m nopl\u016bd\u0113m. \u0160\u012b \u012bpa\u0161\u012bba padara tos piem\u0113rotus lieto\u0161anai lietojumos, kur nopl\u016bde var\u0113tu izrais\u012bt nopietnus boj\u0101jumus vai traumas.<\/li>\n<\/ul>\n<\/li>\n<\/ul>\n<p>Metin\u0101tie savienojumi ir gludi, bez plais\u0101m vai riev\u0101m, kur var\u0113tu uzkr\u0101ties gru\u017ei vai net\u012brumi, t\u0101d\u0113j\u0101di samazinot korozijas un cilindra boj\u0101jumu risku.<\/p>\n<ul>\n<li style=\"list-style-type: none;\">\n<ul>\n<li><strong>Piel\u0101gojams:<\/strong> Metin\u0101tos T veida cilindrus var piel\u0101got konkr\u0113tiem pielietojumiem. Cilindri ir pieejami da\u017e\u0101dos izm\u0113ros un form\u0101s, un tos var izgatavot atbilsto\u0161i konkr\u0113t\u0101 pielietojuma pras\u012bb\u0101m.<\/li>\n<\/ul>\n<\/li>\n<\/ul>\n<p>Piel\u0101go\u0161anas process \u013cauj optimiz\u0113t cilindra veiktsp\u0113ju, nodro\u0161inot, ka tas ir piem\u0113rots paredz\u0113tajam pielietojumam. \u0160\u012b \u012bpa\u0161\u012bba padara metin\u0101tus T veida cilindrus ide\u0101li piem\u0113rotus izmanto\u0161anai da\u017e\u0101dos r\u016bpnieciskos pielietojumos, tostarp b\u016bvniec\u012bb\u0101, ieguves r\u016bpniec\u012bb\u0101 un materi\u0101lu apstr\u0101d\u0113.<\/p>\n<ul>\n<li style=\"list-style-type: none;\">\n<ul>\n<li><strong>Izmaksu zi\u0146\u0101 efekt\u012bvs:<\/strong> Metin\u0101tie T veida cilindri ir izmaksu zi\u0146\u0101 efekt\u012bv\u0101ki sal\u012bdzin\u0101jum\u0101 ar cita veida cilindriem. \u0160o cilindru ra\u017eo\u0161anas process ir vienk\u0101r\u0161s, t\u0101p\u0113c tie ir l\u0113t\u0101ki nek\u0101 cita veida cilindri.<\/li>\n<\/ul>\n<\/li>\n<\/ul>\n<p>Turkl\u0101t metin\u0101to T veida cilindru augst\u0101 iztur\u012bba un ilgm\u016b\u017e\u012bba samazina nepiecie\u0161am\u012bbu p\u0113c bie\u017ea remonta un nomai\u0146as, t\u0101d\u0113j\u0101di ietaupot apkopes izmaksas. \u0160\u012b \u012bpa\u0161\u012bba padara tos par popul\u0101ru izv\u0113li daudz\u0101s nozar\u0113s, \u012bpa\u0161i taj\u0101s, kur\u0101m ir ierobe\u017eots bud\u017eets.<\/p>\n<ul>\n<li style=\"list-style-type: none;\">\n<ul>\n<li><strong>Paaugstin\u0101ta efektivit\u0101te:<\/strong> Metin\u0101tie T veida cilindri ir \u013coti efekt\u012bvi un lietder\u012bgi. Cilindra konstrukcija nodro\u0161ina, ka pieliktais sp\u0113ks tiek tie\u0161i p\u0101rnests uz slodzi, samazinot ener\u0123ijas zudumus un palielinot efektivit\u0101ti.<\/li>\n<\/ul>\n<\/li>\n<\/ul>\n<p>Metin\u0101tie savienojumi ir iztur\u012bgi un stingri, samazinot novirzi un nodro\u0161inot, ka cilindrs saglab\u0101 savu formu un struktur\u0101lo integrit\u0101ti pat ekstrem\u0101los apst\u0101k\u013cos. \u0160\u012b \u012bpa\u0161\u012bba padara metin\u0101tos T veida cilindrus ide\u0101li piem\u0113rotus lieto\u0161anai lietojumos, kuriem nepiecie\u0161ama augsta efektivit\u0101te un uzticam\u012bba.<\/p>\n<p><img loading=\"lazy\" decoding=\"async\" class=\"size-full wp-image-974 aligncenter\" src=\"https:\/\/fmp-components.com\/wp-content\/uploads\/2024\/12\/application-of-Welded-Tee-Type-Cylinder.webp\" alt=\"Metin\u0101t\u0101 T veida cilindra pielietojums\" width=\"760\" height=\"860\" title=\"\" srcset=\"https:\/\/fmp-components.com\/wp-content\/uploads\/2024\/12\/application-of-Welded-Tee-Type-Cylinder.webp 760w, https:\/\/fmp-components.com\/wp-content\/uploads\/2024\/12\/application-of-Welded-Tee-Type-Cylinder-480x543.webp 480w\" sizes=\"(min-width: 0px) and (max-width: 480px) 480px, (min-width: 481px) 760px, 100vw\" \/><\/p>\n<h2>Metin\u0101t\u0101 T veida cilindra pielietojums<\/h2>\n<ul>\n<li>\n<h3>R\u016bpniecisk\u0101s ma\u0161\u012bnas un iek\u0101rtas<\/h3>\n<p>Metin\u0101tie T veida cilindri tiek pla\u0161i izmantoti r\u016bpnieciskaj\u0101s ma\u0161\u012bn\u0101s un iek\u0101rt\u0101s, \u012bpa\u0161i hidrauliskaj\u0101s sist\u0113m\u0101s. Cilindrs sast\u0101v no virzu\u013ca un cilindra caurules, kas ir sametin\u0101ti kop\u0101, veidojot vienu vien\u012bbu. \u0160\u012b konstrukcija pied\u0101v\u0101 vair\u0101kas priek\u0161roc\u012bbas sal\u012bdzin\u0101jum\u0101 ar cita veida cilindriem, piem\u0113ram, uzlabotu iztur\u012bbu, liel\u0101ku stipr\u012bbu un liel\u0101ku precizit\u0101ti.<\/p>\n<p>Viens no svar\u012bg\u0101kajiem metin\u0101t\u0101 T veida cilindra pielietojumiem r\u016bpnieciskaj\u0101s iek\u0101rt\u0101s ir t\u0101 sp\u0113ja nodro\u0161in\u0101t vienm\u0113r\u012bgu un prec\u012bzu sp\u0113ku. Tas ir b\u016btiski daudziem ra\u017eo\u0161anas procesiem, kur nepiecie\u0161ama prec\u012bza kontrole, lai nodro\u0161in\u0101tu gala produkta kvalit\u0101ti. Metin\u0101to T veida cilindru var izmantot ar\u012b, lai regul\u0113tu \u0161\u0137idrumu pl\u016bsmu hidrauliskaj\u0101s sist\u0113m\u0101s, nodro\u0161inot liel\u0101ku efektivit\u0101ti un uzticam\u012bbu da\u017e\u0101dos r\u016bpnieciskos pielietojumos.<\/li>\n<li>\n<h3>Lauksaimniec\u012bbas tehnika<\/h3>\n<p>Metin\u0101tie T veida cilindri tiek pla\u0161i izmantoti ar\u012b lauksaimniec\u012bbas tehnik\u0101, piem\u0113ram, traktoros un kombainos. \u0160\u012bm ma\u0161\u012bn\u0101m efekt\u012bvai darb\u012bbai ir nepiecie\u0161amas jaud\u012bgas un uzticamas hidraulisk\u0101s sist\u0113mas, un metin\u0101tie T veida cilindri ir ide\u0101la izv\u0113le \u0161im nol\u016bkam.<\/p>\n<p>Cilindra iztur\u012bg\u0101 konstrukcija un augst\u0101 iztur\u012bba padara to \u013coti iztur\u012bgu pret nodilumu pat skarbos ekspluat\u0101cijas apst\u0101k\u013cos. Tas padara to par ide\u0101lu izv\u0113li izmanto\u0161anai lauksaimniec\u012bbas tehnik\u0101, kur iztur\u012bba ir galvenais apsv\u0113rums. Metin\u0101to T veida cilindru var izmantot ar\u012b, lai nodro\u0161in\u0101tu prec\u012bzu kontroli, kas nepiecie\u0161ama daudziem lauksaimniec\u012bbas procesiem, piem\u0113ram, st\u0101d\u012b\u0161anai, ra\u017eas nov\u0101k\u0161anai un ap\u016bde\u0146o\u0161anai.<\/li>\n<li>\n<h3>Celtniec\u012bbas apr\u012bkojums<\/h3>\n<p>Metin\u0101tie T veida cilindri tiek pla\u0161i izmantoti ar\u012b celtniec\u012bbas iek\u0101rt\u0101s, piem\u0113ram, ekskavatoros, ekskavatoros un buldozeros. \u0160\u012bm ma\u0161\u012bn\u0101m ir nepiecie\u0161amas jaud\u012bgas un uzticamas hidraulisk\u0101s sist\u0113mas, lai veiktu smagus uzdevumus, piem\u0113ram, rak\u0161anu, cel\u0161anu un smagu kravu stum\u0161anu.<\/p>\n<p>Metin\u0101t\u0101 T veida cilindra augst\u0101 iztur\u012bba un ilgm\u016b\u017e\u012bba padara to par ide\u0101lu izv\u0113li izmanto\u0161anai celtniec\u012bbas tehnik\u0101. T\u0101 sp\u0113ja nodro\u0161in\u0101t prec\u012bzu kontroli un vienm\u0113r\u012bgu sp\u0113ku ir b\u016btiska daudziem celtniec\u012bbas procesiem, piem\u0113ram, rak\u0161anai, plan\u0113\u0161anai un bru\u0123\u0113\u0161anai. Metin\u0101to T veida cilindru var izmantot ar\u012b, lai regul\u0113tu \u0161\u0137idrumu pl\u016bsmu hidrauliskaj\u0101s sist\u0113m\u0101s, uzlabojot celtniec\u012bbas tehnikas efektivit\u0101ti un uzticam\u012bbu da\u017e\u0101dos pielietojumos.<\/li>\n<\/ul>\n<h3>Par FMP<\/h3>\n<p>FMP, kam ir vair\u0101k nek\u0101 30 gadu pieredze It\u0101lij\u0101, ir vado\u0161ais da\u017e\u0101du veidu hidraulisko cilindru ra\u017eot\u0101js un pieg\u0101d\u0101t\u0101js. M\u016bsu r\u016bpniec\u012bbas zon\u0101 ir vair\u0101k nek\u0101 100 modernu iek\u0101rtu, tostarp autom\u0101tisk\u0101s g\u0101zes ekran\u0113t\u0101s metin\u0101\u0161anas iek\u0101rtas, dzi\u013curbumu urb\u0161anas iek\u0101rtas, CNC virpas, cilindrisk\u0101s sl\u012bpma\u0161\u012bnas, autom\u0101tisk\u0101s t\u012br\u012b\u0161anas iek\u0101rtas, autom\u0101tisk\u0101s uzst\u0101d\u012b\u0161anas iek\u0101rtas, autom\u0101tiskie hidraulisko cilindru veiktsp\u0113jas p\u0101rbaudes stendi, autom\u0101tisk\u0101s kr\u0101so\u0161anas l\u012bnijas un citas.<\/p>\n<p>Katrs FMP ra\u017eotais hidrauliskais cilindrs tiek pak\u013cauts stingrai apstr\u0101dei un p\u0101rbaudei, lai nodro\u0161in\u0101tu augstus kvalit\u0101tes standartus m\u016bsu v\u0113rt\u012bgajiem klientiem. M\u0113s lepojamies ar to, ka pied\u0101v\u0101jam pla\u0161u produktu un pakalpojumu kl\u0101stu, kas atbilst j\u016bsu \u012bpa\u0161aj\u0101m vajadz\u012bb\u0101m.<\/p>\n<ol>\n<li><strong>Dizaina pakalpojums:<\/strong> M\u016bsu pieredz\u0113ju\u0161\u0101 projekt\u0113\u0161anas komanda ir apr\u012bkota, lai veiktu kard\u0101nv\u0101rpstu produktu projekt\u0113\u0161anu un izstr\u0101di. Neatkar\u012bgi no t\u0101, vai jums ir nepiecie\u0161ami jauni produkti vai eso\u0161o uzlabojumi, m\u0113s esam \u0161eit, lai j\u016bs atbalst\u012btu.<\/li>\n<li><strong>Produkta pakalpojums:<\/strong> M\u016bsu visaptvero\u0161ais produktu serviss ietver visu procesu, s\u0101kot no izejvielu ieg\u016b\u0161anas l\u012bdz grie\u0161anai, rupjai apstr\u0101dei, test\u0113\u0161anai, t\u012br\u012b\u0161anai, mont\u0101\u017eai, iepako\u0161anai un transport\u0113\u0161anai.<\/li>\n<li><strong>Parauga process:<\/strong> M\u0113s sp\u0113jam izstr\u0101d\u0101t paraugus atbilsto\u0161i j\u016bsu pras\u012bb\u0101m un past\u0101v\u012bgi tos modific\u0113t, lai apmierin\u0101tu j\u016bsu \u012bpa\u0161\u0101s vajadz\u012bbas.<\/li>\n<li><strong>P\u0113tniec\u012bba un att\u012bst\u012bba:<\/strong> Ievie\u0161ot jaunus transportl\u012bdzek\u013cus un radot jaunas tirgus pras\u012bbas, m\u0113s proakt\u012bvi p\u0113t\u0101m tirgu un izstr\u0101d\u0101jam jaunus mode\u013cus, lai apmierin\u0101tu \u0161\u012bs vajadz\u012bbas.<\/li>\n<li><strong>Piel\u0101go\u0161ana:<\/strong> Uz\u0146\u0113mum\u0101 FMP m\u0113s specializ\u0113jamies da\u017e\u0101du veidu hidraulisko cilindru ra\u017eo\u0161an\u0101 un p\u0101rdo\u0161an\u0101, pied\u0101v\u0101jot piel\u0101gojamus risin\u0101jumus, lai apmierin\u0101tu j\u016bsu unik\u0101l\u0101s pras\u012bbas.<\/li>\n<\/ol>\n<p><img decoding=\"async\" src=\"https:\/\/fmp-components.com\/wp-content\/uploads\/2024\/12\/fmp-factory-4.webp\" alt=\"FMP r\u016bpn\u012bca\" width=\"800\" title=\"\"><br \/>\nAutors: CX<\/p>","protected":false},"excerpt":{"rendered":"<p>10035 r\u016bpn\u012bcas tie\u0161\u0101s p\u0101rdo\u0161anas mazais divk\u0101r\u0161\u0101s darb\u012bbas piekabes hidrauliskais cilindrs ir \u012bpa\u0161i izstr\u0101d\u0101ts efekt\u012bvai veiktsp\u0113jai piekabju lietojumos. \u0160is kompaktais hidrauliskais cilindrs nodro\u0161ina uzticamas pacel\u0161anas un nolai\u0161anas iesp\u0113jas, padarot to par b\u016btisku sast\u0101vda\u013cu da\u017e\u0101du veidu piekab\u0113m. Galven\u0101s iez\u012bmes: Divk\u0101r\u0161\u0101s darb\u012bbas konstrukcija: Divk\u0101r\u0161\u0101s darb\u012bbas meh\u0101nisms nodro\u0161ina neman\u0101mu izvilk\u0161anu un ievilk\u0161anu, nodro\u0161inot [\u2026]<\/p>","protected":false},"featured_media":1133,"comment_status":"closed","ping_status":"closed","template":"","meta":{"_et_pb_use_builder":"","_et_pb_old_content":"","_et_gb_content_width":""},"product_brand":[],"product_cat":[31],"product_tag":[34,35],"class_list":{"0":"post-955","1":"product","2":"type-product","3":"status-publish","4":"has-post-thumbnail","6":"product_cat-welded-tee-type-cylinder","7":"product_tag-hydraulic-cylinder","8":"product_tag-welded-tee-type-cylinder","10":"first","11":"instock","12":"product-type-simple"},"_links":{"self":[{"href":"https:\/\/fmp-components.com\/lv\/wp-json\/wp\/v2\/product\/955","targetHints":{"allow":["GET"]}}],"collection":[{"href":"https:\/\/fmp-components.com\/lv\/wp-json\/wp\/v2\/product"}],"about":[{"href":"https:\/\/fmp-components.com\/lv\/wp-json\/wp\/v2\/types\/product"}],"replies":[{"embeddable":true,"href":"https:\/\/fmp-components.com\/lv\/wp-json\/wp\/v2\/comments?post=955"}],"wp:featuredmedia":[{"embeddable":true,"href":"https:\/\/fmp-components.com\/lv\/wp-json\/wp\/v2\/media\/1133"}],"wp:attachment":[{"href":"https:\/\/fmp-components.com\/lv\/wp-json\/wp\/v2\/media?parent=955"}],"wp:term":[{"taxonomy":"product_brand","embeddable":true,"href":"https:\/\/fmp-components.com\/lv\/wp-json\/wp\/v2\/product_brand?post=955"},{"taxonomy":"product_cat","embeddable":true,"href":"https:\/\/fmp-components.com\/lv\/wp-json\/wp\/v2\/product_cat?post=955"},{"taxonomy":"product_tag","embeddable":true,"href":"https:\/\/fmp-components.com\/lv\/wp-json\/wp\/v2\/product_tag?post=955"}],"curies":[{"name":"wp","href":"https:\/\/api.w.org\/{rel}","templated":true}]}}