{"id":954,"date":"2024-12-19T03:39:43","date_gmt":"2024-12-19T03:39:43","guid":{"rendered":"https:\/\/fmp-components.com\/product\/10034-cost-effective-welded-hydraulic-cylinders-double-acting\/"},"modified":"2024-12-19T08:48:23","modified_gmt":"2024-12-19T08:48:23","slug":"10034-cost-effective-welded-hydraulic-cylinders-double-acting","status":"publish","type":"product","link":"https:\/\/fmp-components.com\/lv\/product\/10034-cost-effective-welded-hydraulic-cylinders-double-acting\/","title":{"rendered":"10034 Izmaksu zi\u0146\u0101 efekt\u012bvi metin\u0101ti hidrauliskie cilindri ar divk\u0101r\u0161u darb\u012bbu"},"content":{"rendered":"<p>10034 izmaksu zi\u0146\u0101 efekt\u012bvie metin\u0101tie hidrauliskie cilindri ir paredz\u0113ti uzticamai veiktsp\u0113jai da\u017e\u0101dos pielietojumos, pied\u0101v\u0101jot stabilu risin\u0101jumu gan r\u016bpniec\u012bbas, gan lauksaimniec\u012bbas vajadz\u012bb\u0101m. \u0160ie divk\u0101r\u0161\u0101s darb\u012bbas cilindri ir konstru\u0113ti efektivit\u0101tei un iztur\u012bbai, padarot tos par v\u0113rt\u012bgu papildin\u0101jumu jebkurai hidrauliskajai sist\u0113mai.<\/p>\n<h4>Galven\u0101s iez\u012bmes:<\/h4>\n<ul>\n<li><strong>Divk\u0101r\u0161as darb\u012bbas meh\u0101nisms:<\/strong><br \/>\nDivk\u0101r\u0161\u0101s darb\u012bbas konstrukcija nodro\u0161ina efekt\u012bvu darb\u012bbu gan izstiep\u0161anas, gan ievilk\u0161anas laik\u0101, nodro\u0161inot vienm\u0113r\u012bgu un kontrol\u0113tu kust\u012bbu cel\u0161anas, stum\u0161anas un vilk\u0161anas darbos. \u0160\u012b funkcija uzlabo daudzpus\u012bbu da\u017e\u0101dos pielietojumos.<\/li>\n<li><strong>Metin\u0101ta konstrukcija:<\/strong><br \/>\n10034 hidrauliskie cilindri, kas ir izgatavoti ar metin\u0101tu konstrukciju, pied\u0101v\u0101 izcilu iztur\u012bbu un ilgm\u016b\u017e\u012bbu. \u0160\u012b konstrukcijas metode nodro\u0161ina robustu konstrukciju, kas sp\u0113j iztur\u0113t augstu spiedienu un sare\u017e\u0123\u012btus apst\u0101k\u013cus.<\/li>\n<li><strong>Izmaksu zi\u0146\u0101 efekt\u012bvs risin\u0101jums:<\/strong><br \/>\n\u0160ie hidrauliskie cilindri, kas izstr\u0101d\u0101ti, lai nodro\u0161in\u0101tu izcilu veiktsp\u0113ju par pie\u0146emamu cenu, ir ekonomiska izv\u0113le tiem, kas v\u0113las optimiz\u0113t savas hidraulisk\u0101s sist\u0113mas, neapdraudot kvalit\u0101ti.<\/li>\n<li><strong>Daudzpus\u012bgi pielietojumi:<\/strong><br \/>\n10034 hidrauliskie cilindri ir piem\u0113roti da\u017e\u0101diem pielietojumiem, tostarp r\u016bpnieciskaj\u0101m ma\u0161\u012bn\u0101m, lauksaimniec\u012bbas tehnikai un b\u016bvniec\u012bbas projektiem, un tos var piel\u0101got da\u017e\u0101d\u0101m ekspluat\u0101cijas vajadz\u012bb\u0101m.<\/li>\n<li><strong>Vienk\u0101r\u0161a uzst\u0101d\u012b\u0161ana:<\/strong><br \/>\n\u0160is dizains atvieglo uzst\u0101d\u012b\u0161anu, \u013caujot \u0101tri integr\u0113ties eso\u0161aj\u0101s sist\u0113m\u0101s. \u0160\u012b lieto\u0161anas vienk\u0101r\u0161\u012bba samazina d\u012bkst\u0101ves laiku un uzlabo produktivit\u0101ti.<\/li>\n<\/ul>\n<p><img decoding=\"async\" src=\"https:\/\/hzpt.com\/wp-content\/uploads\/2023\/12\/random-2.webp\" alt=\"\" title=\"\"><\/p>\n<h4>Tehnisk\u0101s specifik\u0101cijas:<\/h4>\n<table style=\"width: 89.7053%; height: 327px;\">\n<thead>\n<tr style=\"height: 23px;\">\n<th style=\"height: 23px;\">Specifik\u0101cija<\/th>\n<th style=\"height: 23px;\">Apraksts<\/th>\n<\/tr>\n<\/thead>\n<tbody>\n<tr style=\"height: 23px;\">\n<td style=\"height: 23px;\"><strong>Kravnes\u012bba<\/strong><\/td>\n<td style=\"height: 23px;\">Piel\u0101gojams<\/td>\n<\/tr>\n<tr style=\"height: 47px;\">\n<td style=\"height: 47px;\"><strong>Urbuma izm\u0113rs<\/strong><\/td>\n<td style=\"height: 47px;\">Pieejamas da\u017e\u0101das iesp\u0113jas<\/td>\n<\/tr>\n<tr style=\"height: 23px;\">\n<td style=\"height: 23px;\"><strong>g\u0101jiena garums<\/strong><\/td>\n<td style=\"height: 23px;\">Piel\u0101gojams<\/td>\n<\/tr>\n<tr style=\"height: 47px;\">\n<td style=\"height: 47px;\"><strong>Maksim\u0101lais spiediens<\/strong><\/td>\n<td style=\"height: 47px;\">L\u012bdz 3000 PSI<\/td>\n<\/tr>\n<tr style=\"height: 23px;\">\n<td style=\"height: 23px;\"><strong>Materi\u0101ls<\/strong><\/td>\n<td style=\"height: 23px;\">Augstas kvalit\u0101tes t\u0113rauds<\/td>\n<\/tr>\n<tr style=\"height: 23px;\">\n<td style=\"height: 23px;\"><strong>Savienojuma veids<\/strong><\/td>\n<td style=\"height: 23px;\">Atloka vai v\u012bt\u0146ota<\/td>\n<\/tr>\n<\/tbody>\n<\/table>\n<h4>Darb\u012bbas princips:<\/h4>\n<p>10034 metin\u0101tie hidrauliskie cilindri darbojas p\u0113c hidraulisk\u0101 \u0161\u0137idruma spiediena principa. Kad hidrauliskais \u0161\u0137idrums tiek ies\u016bkn\u0113ts cilindr\u0101, tas iedarbojas uz virzuli, radot line\u0101ru kust\u012bbu abos virzienos. \u0160\u012b efekt\u012bv\u0101 jaudas p\u0101rne\u0161ana \u013cauj prec\u012bzi kontrol\u0113t da\u017e\u0101dus uzdevumus, uzlabojot darb\u012bbas efektivit\u0101ti.<\/p>\n<p>Rezum\u0113jot, 10034.\u00a0modelis: izmaksu zi\u0146\u0101 efekt\u012bvie metin\u0101tie divk\u0101r\u0161\u0101s darb\u012bbas hidrauliskie cilindri ir uzticams un pieejams risin\u0101jums pla\u0161am pielietojumu kl\u0101stam. To iztur\u012bg\u0101 konstrukcija, daudzpus\u012bba un vienk\u0101r\u0161\u0101 uzst\u0101d\u012b\u0161ana padara tos par b\u016btisku izv\u0113li hidraulisko sist\u0113mu veiktsp\u0113jas uzlabo\u0161anai r\u016bpniec\u012bbas un lauksaimniec\u012bbas vid\u0113.<\/p>\n<p>&nbsp;<\/p>\n<p><img decoding=\"async\" class=\"aligncenter\" src=\"https:\/\/hzpt.com\/wp-content\/uploads\/2023\/12\/random-3.webp\" alt=\"\" title=\"\"><\/p>\n<h2>Metin\u0101t\u0101 T veida cilindra priek\u0161roc\u012bbas<\/h2>\n<ul>\n<li style=\"list-style-type: none;\">\n<ul>\n<li><strong>Palielin\u0101ts sp\u0113ks:<\/strong> Metin\u0101tie T veida cilindri ir paz\u012bstami ar savu augsto iztur\u012bbu, padarot tos piem\u0113rotus lietojumiem, kuros nepiecie\u0161ama smagu kravu cel\u0161ana. \u0160o cilindru ra\u017eo\u0161anas laik\u0101 izmantotais metin\u0101\u0161anas process nodro\u0161ina, ka cilindram nav v\u0101ju punktu un tas var iztur\u0113t augstu spiedienu un spriegumu.<\/li>\n<\/ul>\n<\/li>\n<\/ul>\n<p>Kad uz cilindru tiek iedarbin\u0101ts spiediens, tas vienm\u0113r\u012bgi sadal\u0101s pa visu virsmu, padarot to iztur\u012bgu pret deform\u0101ciju. \u0160\u012b \u012bpa\u0161\u012bba nodro\u0161ina, ka cilindrs saglab\u0101 savu formu un struktur\u0101lo integrit\u0101ti pat ekstrem\u0101los apst\u0101k\u013cos.<\/p>\n<ul>\n<li style=\"list-style-type: none;\">\n<ul>\n<li><strong>Nopl\u016b\u017eu nov\u0113r\u0161ana:<\/strong> Metin\u0101tie T veida cilindri ir izstr\u0101d\u0101ti, lai nov\u0113rstu nopl\u016bdes. Ra\u017eo\u0161anas proces\u0101 izmantotais metin\u0101\u0161anas process nodro\u0161ina, ka cilindrs ir piln\u012bb\u0101 nosl\u0113gts un bez jebk\u0101d\u0101m iesp\u0113jam\u0101m nopl\u016bd\u0113m. \u0160\u012b \u012bpa\u0161\u012bba padara tos piem\u0113rotus lieto\u0161anai lietojumos, kur nopl\u016bde var\u0113tu izrais\u012bt nopietnus boj\u0101jumus vai traumas.<\/li>\n<\/ul>\n<\/li>\n<\/ul>\n<p>Metin\u0101tie savienojumi ir gludi, bez plais\u0101m vai riev\u0101m, kur var\u0113tu uzkr\u0101ties gru\u017ei vai net\u012brumi, t\u0101d\u0113j\u0101di samazinot korozijas un cilindra boj\u0101jumu risku.<\/p>\n<ul>\n<li style=\"list-style-type: none;\">\n<ul>\n<li><strong>Piel\u0101gojams:<\/strong> Metin\u0101tos T veida cilindrus var piel\u0101got konkr\u0113tiem pielietojumiem. Cilindri ir pieejami da\u017e\u0101dos izm\u0113ros un form\u0101s, un tos var izgatavot atbilsto\u0161i konkr\u0113t\u0101 pielietojuma pras\u012bb\u0101m.<\/li>\n<\/ul>\n<\/li>\n<\/ul>\n<p>Piel\u0101go\u0161anas process \u013cauj optimiz\u0113t cilindra veiktsp\u0113ju, nodro\u0161inot, ka tas ir piem\u0113rots paredz\u0113tajam pielietojumam. \u0160\u012b \u012bpa\u0161\u012bba padara metin\u0101tus T veida cilindrus ide\u0101li piem\u0113rotus izmanto\u0161anai da\u017e\u0101dos r\u016bpnieciskos pielietojumos, tostarp b\u016bvniec\u012bb\u0101, ieguves r\u016bpniec\u012bb\u0101 un materi\u0101lu apstr\u0101d\u0113.<\/p>\n<ul>\n<li style=\"list-style-type: none;\">\n<ul>\n<li><strong>Izmaksu zi\u0146\u0101 efekt\u012bvs:<\/strong> Metin\u0101tie T veida cilindri ir izmaksu zi\u0146\u0101 efekt\u012bv\u0101ki sal\u012bdzin\u0101jum\u0101 ar cita veida cilindriem. \u0160o cilindru ra\u017eo\u0161anas process ir vienk\u0101r\u0161s, t\u0101p\u0113c tie ir l\u0113t\u0101ki nek\u0101 cita veida cilindri.<\/li>\n<\/ul>\n<\/li>\n<\/ul>\n<p>Turkl\u0101t metin\u0101to T veida cilindru augst\u0101 iztur\u012bba un ilgm\u016b\u017e\u012bba samazina nepiecie\u0161am\u012bbu p\u0113c bie\u017ea remonta un nomai\u0146as, t\u0101d\u0113j\u0101di ietaupot apkopes izmaksas. \u0160\u012b \u012bpa\u0161\u012bba padara tos par popul\u0101ru izv\u0113li daudz\u0101s nozar\u0113s, \u012bpa\u0161i taj\u0101s, kur\u0101m ir ierobe\u017eots bud\u017eets.<\/p>\n<ul>\n<li style=\"list-style-type: none;\">\n<ul>\n<li><strong>Paaugstin\u0101ta efektivit\u0101te:<\/strong> Metin\u0101tie T veida cilindri ir \u013coti efekt\u012bvi un lietder\u012bgi. Cilindra konstrukcija nodro\u0161ina, ka pieliktais sp\u0113ks tiek tie\u0161i p\u0101rnests uz slodzi, samazinot ener\u0123ijas zudumus un palielinot efektivit\u0101ti.<\/li>\n<\/ul>\n<\/li>\n<\/ul>\n<p>Metin\u0101tie savienojumi ir iztur\u012bgi un stingri, samazinot novirzi un nodro\u0161inot, ka cilindrs saglab\u0101 savu formu un struktur\u0101lo integrit\u0101ti pat ekstrem\u0101los apst\u0101k\u013cos. \u0160\u012b \u012bpa\u0161\u012bba padara metin\u0101tos T veida cilindrus ide\u0101li piem\u0113rotus lieto\u0161anai lietojumos, kuriem nepiecie\u0161ama augsta efektivit\u0101te un uzticam\u012bba.<\/p>\n<h2>Metin\u0101t\u0101 T veida cilindra pielietojums<\/h2>\n<h3>Ievads<\/h3>\n<p>Metin\u0101ts T veida cilindrs ir hidraulisk\u0101 cilindra veids, ko parasti izmanto r\u016bpnieciskos lietojumos. Tas ir paredz\u0113ts, lai nodro\u0161in\u0101tu lielu sp\u0113ka jaudu kompakt\u0101 un izmaksu zi\u0146\u0101 efekt\u012bv\u0101 iepakojum\u0101. \u0160\u0101da veida cilindrs sast\u0101v no metin\u0101ta T veida un virzu\u013ca stie\u0146a, kas ir piestiprin\u0101ts pie T veida. T veida savienojums ir savienots ar cilindra korpusu un satur virzuli, kas p\u0101rvietojas uz priek\u0161u un atpaka\u013c korpusa iek\u0161pus\u0113, lai rad\u012btu sp\u0113ku.<\/p>\n<h3>Metin\u0101t\u0101 T veida cilindra priek\u0161roc\u012bbas<\/h3>\n<p>R\u016bpnieciskos pielietojumos metin\u0101ta T veida cilindra izmanto\u0161anai ir vair\u0101kas priek\u0161roc\u012bbas:<\/p>\n<ul>\n<li><b>Kompakts dizains:<\/b> Metin\u0101tie T veida cilindri ir konstru\u0113ti t\u0101, lai tie b\u016btu kompakti, kas padara tos ide\u0101li piem\u0113rotus lieto\u0161anai viet\u0101s, kur ir ierobe\u017eota vieta.<\/li>\n<li><b>Augsta efektivit\u0101te:<\/b> Metin\u0101tie T veida cilindri ir \u013coti efekt\u012bvi, kas noz\u012bm\u0113, ka tie var rad\u012bt lielu sp\u0113ku ar minim\u0101lu ener\u0123ijas pat\u0113ri\u0146u.<\/li>\n<li><b>Iztur\u012bgs:<\/b> Metin\u0101tie T veida cilindri ir konstru\u0113ti t\u0101, lai tie b\u016btu \u013coti iztur\u012bgi, kas noz\u012bm\u0113, ka tie var iztur\u0113t skarbus ekspluat\u0101cijas apst\u0101k\u013cus un kalpot ilgu laiku.<\/li>\n<li><b>Izmaksu zi\u0146\u0101 efekt\u012bvs:<\/b> Metin\u0101tie T veida cilindri ir rentabli, kas noz\u012bm\u0113, ka tie nodro\u0161ina labu cenas un v\u0113rt\u012bbas attiec\u012bbu.<\/li>\n<\/ul>\n<h3>Metin\u0101t\u0101 T veida cilindra pielietojums<\/h3>\n<p>Metin\u0101tiem T veida cilindriem ir daudz pielietojumu da\u017e\u0101d\u0101s nozar\u0113s, tostarp:<\/p>\n<ul>\n<li><b>Ra\u017eo\u0161ana:<\/b> Metin\u0101tie T veida cilindri tiek izmantoti ra\u017eo\u0161an\u0101, lai darbin\u0101tu ma\u0161\u012bnas, p\u0101rvietotu smagas kravas un veidotu met\u0101la deta\u013cas.<\/li>\n<li><b>Lauksaimniec\u012bba:<\/b> Metin\u0101tie T veida cilindri tiek izmantoti lauksaimniec\u012bb\u0101, lai darbin\u0101tu hidraulisk\u0101s sist\u0113mas traktoros, kombainos un cit\u0101 lauksaimniec\u012bbas apr\u012bkojum\u0101.<\/li>\n<li><b>B\u016bvniec\u012bba:<\/b> Metin\u0101tie T veida cilindri tiek izmantoti b\u016bvniec\u012bb\u0101, lai darbin\u0101tu t\u0101das ma\u0161\u012bnas k\u0101 celt\u0146i, ekskavatori un ekskavatori.<\/li>\n<li><b>Kalnr\u016bpniec\u012bba:<\/b> Metin\u0101tie T veida cilindri tiek izmantoti kalnr\u016bpniec\u012bb\u0101, lai darbin\u0101tu hidraulisk\u0101s sist\u0113mas smagaj\u0101m iek\u0101rt\u0101m, piem\u0113ram, buldozeriem, iekr\u0101v\u0113jiem un klin\u0161u urb\u0161anas iek\u0101rt\u0101m.<\/li>\n<li><b>Transports:<\/b> Metin\u0101tie T veida cilindri tiek izmantoti transport\u0101, lai darbin\u0101tu hidraulisk\u0101s sist\u0113mas kravas automa\u0161\u012bn\u0101s, autobusos un citos transportl\u012bdzek\u013cos.<\/li>\n<\/ul>\n<p>Nosl\u0113gum\u0101 j\u0101saka, ka metin\u0101tie T veida cilindri ir svar\u012bga sast\u0101vda\u013ca daudzos r\u016bpnieciskos pielietojumos. Tie ir konstru\u0113ti t\u0101, lai b\u016btu kompakti, efekt\u012bvi, iztur\u012bgi un rentabli, padarot tos par ide\u0101lu izv\u0113li pla\u0161am pielietojumu kl\u0101stam. Neatkar\u012bgi no t\u0101, vai j\u016bs darbin\u0101t ma\u0161\u012bnas ra\u017eo\u0161anas r\u016bpn\u012bc\u0101, lauksaimniec\u012bbas tehniku \u200b\u200bferm\u0101 vai smago tehniku \u200b\u200braktuv\u0113s, metin\u0101tie T veida cilindri var pal\u012bdz\u0113t jums paveikt darbu efekt\u012bvi un lietder\u012bgi.<\/p>\n<p><img loading=\"lazy\" decoding=\"async\" class=\"size-full wp-image-974 aligncenter\" src=\"https:\/\/fmp-components.com\/wp-content\/uploads\/2024\/12\/application-of-Welded-Tee-Type-Cylinder.webp\" alt=\"Metin\u0101t\u0101 T veida cilindra pielietojums\" width=\"760\" height=\"860\" title=\"\" srcset=\"https:\/\/fmp-components.com\/wp-content\/uploads\/2024\/12\/application-of-Welded-Tee-Type-Cylinder.webp 760w, https:\/\/fmp-components.com\/wp-content\/uploads\/2024\/12\/application-of-Welded-Tee-Type-Cylinder-480x543.webp 480w\" sizes=\"(min-width: 0px) and (max-width: 480px) 480px, (min-width: 481px) 760px, 100vw\" \/><\/p>\n<h3>Par FMP<\/h3>\n<p>FMP, kas dibin\u0101ts pirms vair\u0101k nek\u0101 30 gadiem, ir vado\u0161ais hidraulisko cilindru ra\u017eot\u0101js un pieg\u0101d\u0101t\u0101js. M\u016bsu r\u016bpniec\u012bbas zona atrodas It\u0101lij\u0101, un m\u0113s lepojamies ar m\u016bsu modern\u0101kaj\u0101m iek\u0101rt\u0101m, kas apr\u012bkotas ar vair\u0101k nek\u0101 100 modern\u0101m iek\u0101rt\u0101m. M\u016bsu pla\u0161aj\u0101 apr\u012bkojuma kl\u0101st\u0101 ietilpst autom\u0101tisk\u0101s g\u0101zes ekran\u0113t\u0101s metin\u0101\u0161anas iek\u0101rtas, dzi\u013curbumu urb\u0161anas iek\u0101rtas, CNC virpas, cilindrisk\u0101s sl\u012bpma\u0161\u012bnas, autom\u0101tisk\u0101s t\u012br\u012b\u0161anas iek\u0101rtas, autom\u0101tisk\u0101s uzst\u0101d\u012b\u0161anas iek\u0101rtas, autom\u0101tiskie hidraulisko cilindru veiktsp\u0113jas p\u0101rbaudes stendi, autom\u0101tisk\u0101s kr\u0101so\u0161anas l\u012bnijas un citas.<\/p>\n<p>FMP m\u0113s priorit\u0101ri izvirz\u0101m kvalit\u0101ti un klientu apmierin\u0101t\u012bbu. Katrs hidrauliskais cilindrs tiek r\u016bp\u012bgi apstr\u0101d\u0101ts un p\u0101rbaud\u012bts, lai nodro\u0161in\u0101tu m\u016bsu klientiem visaugst\u0101ko kvalit\u0101ti.<\/p>\n<h4>M\u016bsu produkti un uz\u0146\u0113muma priek\u0161roc\u012bbas:<\/h4>\n<ol>\n<li><strong>Dizaina pakalpojums:<\/strong> M\u016bsu pieredz\u0113ju\u0161\u0101 dizaina komanda ir labi apr\u012bkota, lai veiktu kard\u0101nv\u0101rpstu produktu dizainu un izstr\u0101di. Ja jums ir k\u0101das pras\u012bbas attiec\u012bb\u0101 uz jauniem produktiem vai v\u0113laties veikt turpm\u0101kus uzlabojumus, m\u0113s esam \u0161eit, lai j\u016bs atbalst\u012btu.<\/li>\n<li><strong>Produkta pakalpojums:<\/strong> M\u016bsu visaptvero\u0161ais produktu serviss aptver visu ra\u017eo\u0161anas procesu, tostarp izejvielu ieg\u016b\u0161anu, grie\u0161anu, rupju apstr\u0101di, test\u0113\u0161anu, t\u012br\u012b\u0161anu, mont\u0101\u017eu, iepako\u0161anu un transport\u0113\u0161anu. M\u0113s cen\u0161amies pieg\u0101d\u0101t visaugst\u0101ko standartu produktus.<\/li>\n<li><strong>Parauga process:<\/strong> M\u0113s saprotam piel\u0101gotu risin\u0101jumu noz\u012bmi. M\u016bsu komanda var izstr\u0101d\u0101t paraugus atbilsto\u0161i j\u016bsu \u012bpa\u0161aj\u0101m pras\u012bb\u0101m un nep\u0101rtraukti tos modific\u0113t, lai tie atbilstu j\u016bsu vajadz\u012bb\u0101m, nodro\u0161inot, ka gala produkts piln\u012bb\u0101 atbilst j\u016bsu cer\u012bb\u0101m.<\/li>\n<li><strong>P\u0113tniec\u012bba un att\u012bst\u012bba:<\/strong> K\u0101 t\u0101lredz\u012bgs uz\u0146\u0113mums, m\u0113s sekojam l\u012bdzi tirgus tendenc\u0113m un piepras\u012bjumam. Kad tirg\u016b par\u0101d\u0101s jauni mode\u013ci, m\u0113s akt\u012bvi p\u0113t\u0101m tirgus vajadz\u012bbas un izstr\u0101d\u0101jam inovat\u012bvus risin\u0101jumus, lai t\u0101s apmierin\u0101tu.<\/li>\n<li><strong>Piel\u0101go\u0161ana:<\/strong> Papildus m\u016bsu pla\u0161ajam standarta hidraulisko cilindru kl\u0101stam m\u0113s specializ\u0113jamies ar\u012b piel\u0101go\u0161an\u0101. M\u0113s atzin\u012bgi v\u0113rt\u0113jam j\u016bsu unik\u0101l\u0101s specifik\u0101cijas un garant\u0113jam piel\u0101gotus risin\u0101jumus, kas lieliski atbilst j\u016bsu pielietojumam.<\/li>\n<\/ol>\n<p><img decoding=\"async\" src=\"https:\/\/fmp-components.com\/wp-content\/uploads\/2024\/12\/fmp-factory-4.webp\" alt=\"FMP r\u016bpn\u012bca\" width=\"800\" title=\"\"><\/p>\n<p>Autors: CX<\/p>","protected":false},"excerpt":{"rendered":"<p>The 10034 Cost Effective Welded Hydraulic Cylinders are designed for reliable performance in various applications, offering a robust solution for both industrial and agricultural needs. These double acting cylinders are engineered for efficiency and durability, making them a valuable addition to any hydraulic system. Key Features: Double Acting Mechanism: The double acting design allows for [&hellip;]<\/p>","protected":false},"featured_media":1132,"comment_status":"closed","ping_status":"closed","template":"","meta":{"_et_pb_use_builder":"","_et_pb_old_content":"","_et_gb_content_width":""},"product_brand":[],"product_cat":[31],"product_tag":[34,35],"class_list":{"0":"post-954","1":"product","2":"type-product","3":"status-publish","4":"has-post-thumbnail","6":"product_cat-welded-tee-type-cylinder","7":"product_tag-hydraulic-cylinder","8":"product_tag-welded-tee-type-cylinder","10":"first","11":"instock","12":"product-type-simple"},"_links":{"self":[{"href":"https:\/\/fmp-components.com\/lv\/wp-json\/wp\/v2\/product\/954","targetHints":{"allow":["GET"]}}],"collection":[{"href":"https:\/\/fmp-components.com\/lv\/wp-json\/wp\/v2\/product"}],"about":[{"href":"https:\/\/fmp-components.com\/lv\/wp-json\/wp\/v2\/types\/product"}],"replies":[{"embeddable":true,"href":"https:\/\/fmp-components.com\/lv\/wp-json\/wp\/v2\/comments?post=954"}],"wp:featuredmedia":[{"embeddable":true,"href":"https:\/\/fmp-components.com\/lv\/wp-json\/wp\/v2\/media\/1132"}],"wp:attachment":[{"href":"https:\/\/fmp-components.com\/lv\/wp-json\/wp\/v2\/media?parent=954"}],"wp:term":[{"taxonomy":"product_brand","embeddable":true,"href":"https:\/\/fmp-components.com\/lv\/wp-json\/wp\/v2\/product_brand?post=954"},{"taxonomy":"product_cat","embeddable":true,"href":"https:\/\/fmp-components.com\/lv\/wp-json\/wp\/v2\/product_cat?post=954"},{"taxonomy":"product_tag","embeddable":true,"href":"https:\/\/fmp-components.com\/lv\/wp-json\/wp\/v2\/product_tag?post=954"}],"curies":[{"name":"wp","href":"https:\/\/api.w.org\/{rel}","templated":true}]}}