{"id":953,"date":"2024-12-19T03:39:43","date_gmt":"2024-12-19T03:39:43","guid":{"rendered":"https:\/\/fmp-components.com\/product\/10033-good-quality-mini-hydraulic-cylinder-double-acting-for-tractor\/"},"modified":"2024-12-19T08:48:11","modified_gmt":"2024-12-19T08:48:11","slug":"10033-good-quality-mini-hydraulic-cylinder-double-acting-for-tractor","status":"publish","type":"product","link":"https:\/\/fmp-components.com\/lv\/product\/10033-good-quality-mini-hydraulic-cylinder-double-acting-for-tractor\/","title":{"rendered":"10033 Labas kvalit\u0101tes mini hidrauliskais cilindrs ar dubultu darb\u012bbu traktoram"},"content":{"rendered":"<p>10033 kvalitat\u012bvais mini hidrauliskais cilindrs ir \u012bpa\u0161i izstr\u0101d\u0101ts traktoru lietojumprogramm\u0101m, pied\u0101v\u0101jot uzticamu veiktsp\u0113ju un efekt\u012bvu darb\u012bbu. \u0160is divk\u0101r\u0161\u0101s darb\u012bbas hidrauliskais cilindrs ir kompakts, bet jaud\u012bgs, padarot to par b\u016btisku sast\u0101vda\u013cu da\u017e\u0101dos lauksaimniec\u012bbas darbos.<\/p>\n<h4>Galven\u0101s iez\u012bmes:<\/h4>\n<ul>\n<li><strong>Divk\u0101r\u0161as darb\u012bbas dizains:<\/strong><br \/>\nDivk\u0101r\u0161\u0101s darb\u012bbas meh\u0101nisms nodro\u0161ina vienm\u0113r\u012bgu darb\u012bbu gan izstiep\u0161anas, gan ievilk\u0161anas laik\u0101, nodro\u0161inot lielisku kontroli pacel\u0161anas un nolai\u0161anas laik\u0101. \u0160\u012b funkcija uzlabo traktora darb\u012bbas efektivit\u0101ti, padarot to ide\u0101li piem\u0113rotu da\u017e\u0101diem lietojumiem.<\/li>\n<li><strong>Mini izm\u0113rs:<\/strong><br \/>\n10033 hidraulisk\u0101 cilindra kompaktais dizains padara to ide\u0101li piem\u0113rotu lieto\u0161anai \u0161aur\u0101s viet\u0101s uz traktoriem. T\u0101 mazais izm\u0113rs neietekm\u0113 t\u0101 iztur\u012bbu, nodro\u0161inot efekt\u012bvu darb\u012bbu da\u017e\u0101dos lauksaimniec\u012bbas apst\u0101k\u013cos.<\/li>\n<li><strong>Augstas kvalit\u0101tes konstrukcija:<\/strong><br \/>\n\u0160is hidrauliskais cilindrs ir izgatavots no iztur\u012bgiem materi\u0101liem, lai iztur\u0113tu skarbos lauksaimniec\u012bbas vides apst\u0101k\u013cus. T\u0101 iztur\u012bg\u0101 konstrukcija nodro\u0161ina ilgsto\u0161u uzticam\u012bbu un veiktsp\u0113ju.<\/li>\n<li><strong>Daudzpus\u012bgi pielietojumi:<\/strong><br \/>\n10033 hidrauliskais cilindrs ir piem\u0113rots da\u017e\u0101diem traktoru lietojumiem, tostarp agreg\u0101tu pacel\u0161anai, agreg\u0101tu nolai\u0161anai un cit\u0101m hidraulisk\u0101m funkcij\u0101m. T\u0101 daudzpus\u012bba padara to par v\u0113rt\u012bgu instrumentu lauksaimniekiem un operatoriem.<\/li>\n<li><strong>Izmaksu zi\u0146\u0101 efekt\u012bvs risin\u0101jums:<\/strong><br \/>\nPied\u0101v\u0101jot izcilu cenas un v\u0113rt\u012bbas attiec\u012bbu, \u0161is mini hidrauliskais cilindrs nodro\u0161ina uzticamu veiktsp\u0113ju par pie\u0146emamu cenu. T\u0101 ir ide\u0101la izv\u0113le traktoru hidraulisko komponentu moderniz\u0113\u0161anai vai nomai\u0146ai.<\/li>\n<\/ul>\n<p><img loading=\"lazy\" decoding=\"async\" class=\"size-full wp-image-977 aligncenter\" src=\"https:\/\/fmp-components.com\/wp-content\/uploads\/2024\/12\/Welded-Tee-Type-Cylinder3.webp\" alt=\"Metin\u0101ts T veida cilindrs\" width=\"653\" height=\"600\" title=\"\" srcset=\"https:\/\/fmp-components.com\/wp-content\/uploads\/2024\/12\/Welded-Tee-Type-Cylinder3.webp 653w, https:\/\/fmp-components.com\/wp-content\/uploads\/2024\/12\/Welded-Tee-Type-Cylinder3-480x441.webp 480w\" sizes=\"(min-width: 0px) and (max-width: 480px) 480px, (min-width: 481px) 653px, 100vw\" \/><\/p>\n<h4>Tehnisk\u0101s specifik\u0101cijas:<\/h4>\n<table style=\"width: 100.145%; height: 246px;\">\n<thead>\n<tr>\n<th>Specifik\u0101cija<\/th>\n<th>Apraksts<\/th>\n<\/tr>\n<\/thead>\n<tbody>\n<tr>\n<td><strong>Kravnes\u012bba<\/strong><\/td>\n<td>Piel\u0101gojams<\/td>\n<\/tr>\n<tr>\n<td><strong>Urbuma izm\u0113rs<\/strong><\/td>\n<td>Pieejamas da\u017e\u0101das iesp\u0113jas<\/td>\n<\/tr>\n<tr>\n<td><strong>g\u0101jiena garums<\/strong><\/td>\n<td>Piel\u0101gojams<\/td>\n<\/tr>\n<tr>\n<td><strong>Maksim\u0101lais spiediens<\/strong><\/td>\n<td>L\u012bdz 3000 PSI<\/td>\n<\/tr>\n<tr>\n<td><strong>Materi\u0101ls<\/strong><\/td>\n<td>Augstas kvalit\u0101tes t\u0113rauds vai alum\u012bnijs<\/td>\n<\/tr>\n<tr>\n<td><strong>Savienojuma veids<\/strong><\/td>\n<td>Atloka vai v\u012bt\u0146ota<\/td>\n<\/tr>\n<\/tbody>\n<\/table>\n<h4>Darb\u012bbas princips:<\/h4>\n<p>10033 mini hidrauliskais cilindrs darbojas p\u0113c hidraulisk\u0101 \u0161\u0137idruma spiediena principa. Kad hidrauliskais \u0161\u0137idrums tiek ievad\u012bts cilindr\u0101, tas iedarbojas uz virzuli, radot line\u0101ru kust\u012bbu abos virzienos. \u0160\u012b efekt\u012bv\u0101 jaudas p\u0101rne\u0161ana \u013cauj prec\u012bzi kontrol\u0113t traktora darb\u012bbu, uzlabojot kop\u0113jo produktivit\u0101ti.<\/p>\n<p>Rezum\u0113jot, 10033 kvalitat\u012bvais mini hidrauliskais cilindrs ar divk\u0101r\u0161u darb\u012bbu traktoram ir uzticams un efekt\u012bvs risin\u0101jums lauksaimniec\u012bbas vajadz\u012bb\u0101m. T\u0101 iztur\u012bg\u0101 konstrukcija, kompaktais dizains un daudzpus\u012bba padara to par b\u016btisku instrumentu traktoru veiktsp\u0113jas un efektivit\u0101tes uzlabo\u0161anai.<\/p>\n<p><img decoding=\"async\" class=\"aligncenter\" src=\"https:\/\/hzpt.com\/wp-content\/uploads\/2023\/12\/random-3.webp\" alt=\"\" title=\"\"><\/p>\n<h2>Bie\u017ei uzdotie jaut\u0101jumi<\/h2>\n<dl>\n<dt>1. jaut\u0101jums: K\u0101da ir hidraulisk\u0101 cilindra jauda?<\/dt>\n<dd>A1: Hidrauliskais cilindrs ir divk\u0101r\u0161as darb\u012bbas.<\/dd>\n<dt>2. jaut\u0101jums: K\u0101da ir produkta nestsp\u0113ja?<\/dt>\n<dd>A2: Produktam ir augsta nestsp\u0113ja.<\/dd>\n<dt>3.\u00a0jaut\u0101jums: Vai produkts ir energoefekt\u012bvs?<\/dt>\n<dd>A3: J\u0101, hidrauliskais cilindrs efekt\u012bvi izmanto jaudu, k\u0101 rezult\u0101t\u0101 samazin\u0101s ener\u0123ijas pat\u0113ri\u0146\u0161.<\/dd>\n<dt>4. jaut\u0101jums: K\u0101di ir produkta dro\u0161\u012bbas pas\u0101kumi?<\/dt>\n<dd>A4: Produkts ir izstr\u0101d\u0101ts ar dro\u0161\u012bbas pas\u0101kumiem, lai nov\u0113rstu jebk\u0101das k\u013c\u016bmes darb\u012bbas laik\u0101.<\/dd>\n<dt>5. jaut\u0101jums: K\u0101di ir \u0161\u012b hidraulisk\u0101 cilindra pielietojumi?<\/dt>\n<dd>A5: \u0160o hidraulisko cilindru galvenok\u0101rt izmanto traktoros da\u017e\u0101d\u0101m darb\u012bb\u0101m.<\/dd>\n<\/dl>\n<h2>Metin\u0101t\u0101 T veida cilindra priek\u0161roc\u012bbas<\/h2>\n<ul>\n<li style=\"list-style-type: none;\">\n<ul>\n<li><strong>Palielin\u0101ts sp\u0113ks:<\/strong> Metin\u0101tie T veida cilindri ir paz\u012bstami ar savu augsto iztur\u012bbu, padarot tos piem\u0113rotus lietojumiem, kuros nepiecie\u0161ama smagu kravu cel\u0161ana. \u0160o cilindru ra\u017eo\u0161anas laik\u0101 izmantotais metin\u0101\u0161anas process nodro\u0161ina, ka cilindram nav v\u0101ju punktu un tas var iztur\u0113t augstu spiedienu un spriegumu.<\/li>\n<\/ul>\n<\/li>\n<\/ul>\n<p>Kad uz cilindru tiek iedarbin\u0101ts spiediens, tas vienm\u0113r\u012bgi sadal\u0101s pa visu virsmu, padarot to iztur\u012bgu pret deform\u0101ciju. \u0160\u012b \u012bpa\u0161\u012bba nodro\u0161ina, ka cilindrs saglab\u0101 savu formu un struktur\u0101lo integrit\u0101ti pat ekstrem\u0101los apst\u0101k\u013cos.<\/p>\n<ul>\n<li style=\"list-style-type: none;\">\n<ul>\n<li><strong>Nopl\u016b\u017eu nov\u0113r\u0161ana:<\/strong> Metin\u0101tie T veida cilindri ir izstr\u0101d\u0101ti, lai nov\u0113rstu nopl\u016bdes. Ra\u017eo\u0161anas proces\u0101 izmantotais metin\u0101\u0161anas process nodro\u0161ina, ka cilindrs ir piln\u012bb\u0101 nosl\u0113gts un bez jebk\u0101d\u0101m iesp\u0113jam\u0101m nopl\u016bd\u0113m. \u0160\u012b \u012bpa\u0161\u012bba padara tos piem\u0113rotus lieto\u0161anai lietojumos, kur nopl\u016bde var\u0113tu izrais\u012bt nopietnus boj\u0101jumus vai traumas.<\/li>\n<\/ul>\n<\/li>\n<\/ul>\n<p>Metin\u0101tie savienojumi ir gludi, bez plais\u0101m vai riev\u0101m, kur var\u0113tu uzkr\u0101ties gru\u017ei vai net\u012brumi, t\u0101d\u0113j\u0101di samazinot korozijas un cilindra boj\u0101jumu risku.<\/p>\n<ul>\n<li style=\"list-style-type: none;\">\n<ul>\n<li><strong>Piel\u0101gojams:<\/strong> Metin\u0101tos T veida cilindrus var piel\u0101got konkr\u0113tiem pielietojumiem. Cilindri ir pieejami da\u017e\u0101dos izm\u0113ros un form\u0101s, un tos var izgatavot atbilsto\u0161i konkr\u0113t\u0101 pielietojuma pras\u012bb\u0101m.<\/li>\n<\/ul>\n<\/li>\n<\/ul>\n<p>Piel\u0101go\u0161anas process \u013cauj optimiz\u0113t cilindra veiktsp\u0113ju, nodro\u0161inot, ka tas ir piem\u0113rots paredz\u0113tajam pielietojumam. \u0160\u012b \u012bpa\u0161\u012bba padara metin\u0101tus T veida cilindrus ide\u0101li piem\u0113rotus izmanto\u0161anai da\u017e\u0101dos r\u016bpnieciskos pielietojumos, tostarp b\u016bvniec\u012bb\u0101, ieguves r\u016bpniec\u012bb\u0101 un materi\u0101lu apstr\u0101d\u0113.<\/p>\n<ul>\n<li style=\"list-style-type: none;\">\n<ul>\n<li><strong>Izmaksu zi\u0146\u0101 efekt\u012bvs:<\/strong> Metin\u0101tie T veida cilindri ir izmaksu zi\u0146\u0101 efekt\u012bv\u0101ki sal\u012bdzin\u0101jum\u0101 ar cita veida cilindriem. \u0160o cilindru ra\u017eo\u0161anas process ir vienk\u0101r\u0161s, t\u0101p\u0113c tie ir l\u0113t\u0101ki nek\u0101 cita veida cilindri.<\/li>\n<\/ul>\n<\/li>\n<\/ul>\n<p>Turkl\u0101t metin\u0101to T veida cilindru augst\u0101 iztur\u012bba un ilgm\u016b\u017e\u012bba samazina nepiecie\u0161am\u012bbu p\u0113c bie\u017ea remonta un nomai\u0146as, t\u0101d\u0113j\u0101di ietaupot apkopes izmaksas. \u0160\u012b \u012bpa\u0161\u012bba padara tos par popul\u0101ru izv\u0113li daudz\u0101s nozar\u0113s, \u012bpa\u0161i taj\u0101s, kur\u0101m ir ierobe\u017eots bud\u017eets.<\/p>\n<ul>\n<li style=\"list-style-type: none;\">\n<ul>\n<li><strong>Paaugstin\u0101ta efektivit\u0101te:<\/strong> Metin\u0101tie T veida cilindri ir \u013coti efekt\u012bvi un lietder\u012bgi. Cilindra konstrukcija nodro\u0161ina, ka pieliktais sp\u0113ks tiek tie\u0161i p\u0101rnests uz slodzi, samazinot ener\u0123ijas zudumus un palielinot efektivit\u0101ti.<\/li>\n<\/ul>\n<\/li>\n<\/ul>\n<p>Metin\u0101tie savienojumi ir iztur\u012bgi un stingri, samazinot novirzi un nodro\u0161inot, ka cilindrs saglab\u0101 savu formu un struktur\u0101lo integrit\u0101ti pat ekstrem\u0101los apst\u0101k\u013cos. \u0160\u012b \u012bpa\u0161\u012bba padara metin\u0101tos T veida cilindrus ide\u0101li piem\u0113rotus lieto\u0161anai lietojumos, kuriem nepiecie\u0161ama augsta efektivit\u0101te un uzticam\u012bba.<\/p>\n<p><img loading=\"lazy\" decoding=\"async\" class=\"size-full wp-image-974 aligncenter\" src=\"https:\/\/fmp-components.com\/wp-content\/uploads\/2024\/12\/application-of-Welded-Tee-Type-Cylinder.webp\" alt=\"Metin\u0101t\u0101 T veida cilindra pielietojums\" width=\"760\" height=\"860\" title=\"\" srcset=\"https:\/\/fmp-components.com\/wp-content\/uploads\/2024\/12\/application-of-Welded-Tee-Type-Cylinder.webp 760w, https:\/\/fmp-components.com\/wp-content\/uploads\/2024\/12\/application-of-Welded-Tee-Type-Cylinder-480x543.webp 480w\" sizes=\"(min-width: 0px) and (max-width: 480px) 480px, (min-width: 481px) 760px, 100vw\" \/><\/p>\n<h2>Metin\u0101t\u0101 T veida cilindra pielietojums<\/h2>\n<h3>Ievads<\/h3>\n<p>Metin\u0101ts T veida cilindrs ir hidraulisk\u0101 cilindra veids, ko parasti izmanto r\u016bpnieciskos lietojumos. Tas ir paredz\u0113ts, lai nodro\u0161in\u0101tu lielu sp\u0113ka jaudu kompakt\u0101 un izmaksu zi\u0146\u0101 efekt\u012bv\u0101 iepakojum\u0101. \u0160\u0101da veida cilindrs sast\u0101v no metin\u0101ta T veida un virzu\u013ca stie\u0146a, kas ir piestiprin\u0101ts pie T veida. T veida savienojums ir savienots ar cilindra korpusu un satur virzuli, kas p\u0101rvietojas uz priek\u0161u un atpaka\u013c korpusa iek\u0161pus\u0113, lai rad\u012btu sp\u0113ku.<\/p>\n<h3>Metin\u0101t\u0101 T veida cilindra priek\u0161roc\u012bbas<\/h3>\n<p>R\u016bpnieciskos pielietojumos metin\u0101ta T veida cilindra izmanto\u0161anai ir vair\u0101kas priek\u0161roc\u012bbas:<\/p>\n<ul>\n<li><b>Kompakts dizains:<\/b> Metin\u0101tie T veida cilindri ir konstru\u0113ti t\u0101, lai tie b\u016btu kompakti, kas padara tos ide\u0101li piem\u0113rotus lieto\u0161anai viet\u0101s, kur ir ierobe\u017eota vieta.<\/li>\n<li><b>Augsta efektivit\u0101te:<\/b> Metin\u0101tie T veida cilindri ir \u013coti efekt\u012bvi, kas noz\u012bm\u0113, ka tie var rad\u012bt lielu sp\u0113ku ar minim\u0101lu ener\u0123ijas pat\u0113ri\u0146u.<\/li>\n<li><b>Iztur\u012bgs:<\/b> Metin\u0101tie T veida cilindri ir konstru\u0113ti t\u0101, lai tie b\u016btu \u013coti iztur\u012bgi, kas noz\u012bm\u0113, ka tie var iztur\u0113t skarbus ekspluat\u0101cijas apst\u0101k\u013cus un kalpot ilgu laiku.<\/li>\n<li><b>Izmaksu zi\u0146\u0101 efekt\u012bvs:<\/b> Metin\u0101tie T veida cilindri ir rentabli, kas noz\u012bm\u0113, ka tie nodro\u0161ina labu cenas un v\u0113rt\u012bbas attiec\u012bbu.<\/li>\n<\/ul>\n<h3>Metin\u0101t\u0101 T veida cilindra pielietojums<\/h3>\n<p>Metin\u0101tiem T veida cilindriem ir daudz pielietojumu da\u017e\u0101d\u0101s nozar\u0113s, tostarp:<\/p>\n<ul>\n<li><b>Ra\u017eo\u0161ana:<\/b> Metin\u0101tie T veida cilindri tiek izmantoti ra\u017eo\u0161an\u0101, lai darbin\u0101tu ma\u0161\u012bnas, p\u0101rvietotu smagas kravas un veidotu met\u0101la deta\u013cas.<\/li>\n<li><b>Lauksaimniec\u012bba:<\/b> Metin\u0101tie T veida cilindri tiek izmantoti lauksaimniec\u012bb\u0101, lai darbin\u0101tu hidraulisk\u0101s sist\u0113mas traktoros, kombainos un cit\u0101 lauksaimniec\u012bbas apr\u012bkojum\u0101.<\/li>\n<li><b>B\u016bvniec\u012bba:<\/b> Metin\u0101tie T veida cilindri tiek izmantoti b\u016bvniec\u012bb\u0101, lai darbin\u0101tu t\u0101das ma\u0161\u012bnas k\u0101 celt\u0146i, ekskavatori un ekskavatori.<\/li>\n<li><b>Kalnr\u016bpniec\u012bba:<\/b> Metin\u0101tie T veida cilindri tiek izmantoti kalnr\u016bpniec\u012bb\u0101, lai darbin\u0101tu hidraulisk\u0101s sist\u0113mas smagaj\u0101m iek\u0101rt\u0101m, piem\u0113ram, buldozeriem, iekr\u0101v\u0113jiem un klin\u0161u urb\u0161anas iek\u0101rt\u0101m.<\/li>\n<li><b>Transports:<\/b> Metin\u0101tie T veida cilindri tiek izmantoti transport\u0101, lai darbin\u0101tu hidraulisk\u0101s sist\u0113mas kravas automa\u0161\u012bn\u0101s, autobusos un citos transportl\u012bdzek\u013cos.<\/li>\n<\/ul>\n<p>Nosl\u0113gum\u0101 j\u0101saka, ka metin\u0101tie T veida cilindri ir svar\u012bga sast\u0101vda\u013ca daudzos r\u016bpnieciskos pielietojumos. Tie ir konstru\u0113ti t\u0101, lai b\u016btu kompakti, efekt\u012bvi, iztur\u012bgi un rentabli, padarot tos par ide\u0101lu izv\u0113li pla\u0161am pielietojumu kl\u0101stam. Neatkar\u012bgi no t\u0101, vai j\u016bs darbin\u0101t ma\u0161\u012bnas ra\u017eo\u0161anas r\u016bpn\u012bc\u0101, lauksaimniec\u012bbas tehniku \u200b\u200bferm\u0101 vai smago tehniku \u200b\u200braktuv\u0113s, metin\u0101tie T veida cilindri var pal\u012bdz\u0113t jums paveikt darbu efekt\u012bvi un lietder\u012bgi.<\/p>\n<h3>Par FMP<\/h3>\n<p>FMP ir atz\u012bts hidraulisko cilindru ra\u017eot\u0101js un pieg\u0101d\u0101t\u0101js, kas pied\u0101v\u0101 da\u017e\u0101da veida un piel\u0101gojamas iesp\u0113jas. Ar vair\u0101k nek\u0101 30 gadu pieredzi It\u0101lijas r\u016bpniec\u012bbas re\u0123ion\u0101, FMP ir ieguvis reput\u0101ciju, pieg\u0101d\u0101jot augstas kvalit\u0101tes produktus un izcilu klientu apkalpo\u0161anu. M\u0113s lepojamies ar savu pla\u0161o apr\u012bkojuma kl\u0101stu, kur\u0101 ir vair\u0101k nek\u0101 100 vien\u012bbu, tostarp autom\u0101tisk\u0101s g\u0101zes ekran\u0113t\u0101s metin\u0101\u0161anas iek\u0101rtas, dzi\u013curbumu urb\u0161anas iek\u0101rtas, CNC virpas, cilindrisk\u0101s sl\u012bpma\u0161\u012bnas, autom\u0101tisk\u0101s t\u012br\u012b\u0161anas iek\u0101rtas, autom\u0101tisk\u0101s uzst\u0101d\u012b\u0161anas iek\u0101rtas, autom\u0101tiskie hidraulisko cilindru veiktsp\u0113jas p\u0101rbaudes stendi un autom\u0101tisk\u0101s kr\u0101so\u0161anas l\u012bnijas.<\/p>\n<p><img decoding=\"async\" src=\"https:\/\/fmp-components.com\/wp-content\/uploads\/2024\/12\/fmp-factory-4.webp\" alt=\"FMP r\u016bpn\u012bca\" width=\"800\" title=\"\"><\/p>\n<p>Uz\u0146\u0113mum\u0101 FMP m\u0113s nodro\u0161in\u0101m, ka katrs hidrauliskais cilindrs tiek r\u016bp\u012bgi apstr\u0101d\u0101ts un p\u0101rbaud\u012bts, lai garant\u0113tu izcilu kvalit\u0101ti un uzticam\u012bbu m\u016bsu v\u0113rt\u012bgajiem klientiem. M\u016bsu ap\u0146em\u0161an\u0101s nodro\u0161in\u0101t izcil\u012bbu sniedzas t\u0101l\u0101k par m\u016bsu produktiem, jo \u200b\u200bm\u0113s pied\u0101v\u0101jam virkni pakalpojumu, lai apmierin\u0101tu j\u016bsu \u012bpa\u0161\u0101s pras\u012bbas:<\/p>\n<ol>\n<li><strong>Dizaina pakalpojums:<\/strong> M\u016bsu pieredz\u0113ju\u0161\u0101 projekt\u0113\u0161anas komanda ir apr\u012bkota, lai veiktu kard\u0101nv\u0101rpstas produktu projekt\u0113\u0161anu un izstr\u0101di. Neatkar\u012bgi no t\u0101, vai jums ir nepiecie\u0161ams jauns produkts vai eso\u0161o uzlabojumi, m\u0113s esam \u0161eit, lai j\u016bs atbalst\u012btu.<\/li>\n<li><strong>Produkta pakalpojums:<\/strong> S\u0101kot ar lab\u0101ko izejvielu ieg\u016b\u0161anu un beidzot ar grie\u0161anas, rupjas apstr\u0101des, test\u0113\u0161anas, t\u012br\u012b\u0161anas, mont\u0101\u017eas, iepako\u0161anas un transport\u0113\u0161anas procesu, m\u0113s r\u016bp\u012bgi p\u0101rraug\u0101m katru ra\u017eo\u0161anas procesa posmu, lai nodro\u0161in\u0101tu augst\u0101kos standartus.<\/li>\n<li><strong>Parauga process:<\/strong> M\u0113s saprotam piel\u0101gotu paraugu noz\u012bmi. M\u0113s varam izstr\u0101d\u0101t paraugus atbilsto\u0161i j\u016bsu \u012bpa\u0161aj\u0101m pras\u012bb\u0101m un nep\u0101rtraukti tos modific\u0113t, l\u012bdz tie atbilst j\u016bsu vajadz\u012bb\u0101m.<\/li>\n<li><strong>P\u0113tniec\u012bba un att\u012bst\u012bba:<\/strong> K\u0101 uz\u0146\u0113mums, kas ap\u0146\u0113mies ieviest inov\u0101cijas, m\u0113s past\u0101v\u012bgi p\u0113t\u0101m main\u012bg\u0101s tirgus vajadz\u012bbas, \u012bpa\u0161i, kad tiek ieviesti jauni automa\u0161\u012bnu mode\u013ci. Tas \u013cauj mums izstr\u0101d\u0101t jaunus un uzlabotus hidraulisko cilindru mode\u013cus, kas atbilst jaun\u0101kaj\u0101m tendenc\u0113m.<\/li>\n<\/ol>\n<p>Izv\u0113loties FMP par savu uzticamo partneri, j\u016bs ieg\u016bstat piek\u013cuvi augst\u0101k\u0101s kvalit\u0101tes hidrauliskajiem cilindriem un virkni priek\u0161roc\u012bbu. M\u016bsu galven\u0101s stipr\u0101s puses ir:<\/p>\n<ul>\n<li>Izcila kvalit\u0101te: Katrs hidrauliskais cilindrs tiek stingri apstr\u0101d\u0101ts un p\u0101rbaud\u012bts, lai garant\u0113tu izcilu veiktsp\u0113ju un iztur\u012bbu.<\/li>\n<li>Piel\u0101go\u0161ana: M\u0113s pied\u0101v\u0101jam piel\u0101gotus risin\u0101jumus, lai apmierin\u0101tu j\u016bsu unik\u0101l\u0101s pras\u012bbas, nodro\u0161inot, ka m\u016bsu hidrauliskie cilindri lieliski atbilst j\u016bsu lietojumiem.<\/li>\n<li>Pla\u0161s apr\u012bkojuma kl\u0101sts: Ar pla\u0161u modernu iek\u0101rtu kl\u0101stu m\u0113s varam ra\u017eot hidrauliskos cilindrus, kas atbilst da\u017e\u0101d\u0101m specifik\u0101cij\u0101m un nozares vajadz\u012bb\u0101m.<\/li>\n<li>Pieredz\u0113jusi dizaina komanda: M\u016bsu prasm\u012bgajai dizaina komandai ir padzi\u013cin\u0101tas zin\u0101\u0161anas produktu dizain\u0101, kas \u013cauj mums pied\u0101v\u0101t inovat\u012bvus un uzticamus risin\u0101jumus.<\/li>\n<li>Visaptvero\u0161i pakalpojumi: S\u0101kot ar projekt\u0113\u0161anu un ra\u017eo\u0161anu un beidzot ar pieg\u0101di un p\u0113cp\u0101rdo\u0161anas atbalstu, m\u016bsu \u012bpa\u0161\u0101 komanda ir ap\u0146\u0113musies nodro\u0161in\u0101t nevainojamu pieredzi vis\u0101 proces\u0101.<\/li>\n<\/ul>\n<p>Sadarbojieties ar FMP jau \u0161odien un izbaudiet izcil\u012bbu, kas m\u016bs at\u0161\u0137ir hidraulisko cilindru nozar\u0113.<\/p>\n<p>Autors: CX<\/p>","protected":false},"excerpt":{"rendered":"<p>The 10033 Good Quality Mini Hydraulic Cylinder is specifically designed for tractor applications, offering reliable performance and efficient operation. This double acting hydraulic cylinder is compact yet powerful, making it an essential component for various agricultural tasks. Key Features: Double Acting Design: The double acting mechanism allows for smooth operation in both extension and retraction, [&hellip;]<\/p>","protected":false},"featured_media":1133,"comment_status":"closed","ping_status":"closed","template":"","meta":{"_et_pb_use_builder":"","_et_pb_old_content":"","_et_gb_content_width":""},"product_brand":[],"product_cat":[31],"product_tag":[34,35],"class_list":{"0":"post-953","1":"product","2":"type-product","3":"status-publish","4":"has-post-thumbnail","6":"product_cat-welded-tee-type-cylinder","7":"product_tag-hydraulic-cylinder","8":"product_tag-welded-tee-type-cylinder","10":"first","11":"instock","12":"product-type-simple"},"_links":{"self":[{"href":"https:\/\/fmp-components.com\/lv\/wp-json\/wp\/v2\/product\/953","targetHints":{"allow":["GET"]}}],"collection":[{"href":"https:\/\/fmp-components.com\/lv\/wp-json\/wp\/v2\/product"}],"about":[{"href":"https:\/\/fmp-components.com\/lv\/wp-json\/wp\/v2\/types\/product"}],"replies":[{"embeddable":true,"href":"https:\/\/fmp-components.com\/lv\/wp-json\/wp\/v2\/comments?post=953"}],"wp:featuredmedia":[{"embeddable":true,"href":"https:\/\/fmp-components.com\/lv\/wp-json\/wp\/v2\/media\/1133"}],"wp:attachment":[{"href":"https:\/\/fmp-components.com\/lv\/wp-json\/wp\/v2\/media?parent=953"}],"wp:term":[{"taxonomy":"product_brand","embeddable":true,"href":"https:\/\/fmp-components.com\/lv\/wp-json\/wp\/v2\/product_brand?post=953"},{"taxonomy":"product_cat","embeddable":true,"href":"https:\/\/fmp-components.com\/lv\/wp-json\/wp\/v2\/product_cat?post=953"},{"taxonomy":"product_tag","embeddable":true,"href":"https:\/\/fmp-components.com\/lv\/wp-json\/wp\/v2\/product_tag?post=953"}],"curies":[{"name":"wp","href":"https:\/\/api.w.org\/{rel}","templated":true}]}}