{"id":952,"date":"2024-12-19T03:39:43","date_gmt":"2024-12-19T03:39:43","guid":{"rendered":"https:\/\/fmp-components.com\/product\/10032-factory-direct-sale-double-acting-hydraulic-cylinder-for-trailer\/"},"modified":"2024-12-19T08:47:35","modified_gmt":"2024-12-19T08:47:35","slug":"10032-factory-direct-sale-double-acting-hydraulic-cylinder-for-trailer","status":"publish","type":"product","link":"https:\/\/fmp-components.com\/lv\/product\/10032-factory-direct-sale-double-acting-hydraulic-cylinder-for-trailer\/","title":{"rendered":"10032 r\u016bpn\u012bcas tie\u0161\u0101s p\u0101rdo\u0161anas divk\u0101r\u0161as darb\u012bbas hidrauliskais cilindrs piekabei"},"content":{"rendered":"<p>10032 r\u016bpn\u012bcas tie\u0161\u0101s p\u0101rdo\u0161anas divk\u0101r\u0161\u0101s darb\u012bbas hidrauliskais cilindrs ir \u012bpa\u0161i izstr\u0101d\u0101ts piekabju lietojumprogramm\u0101m, pied\u0101v\u0101jot izcilu veiktsp\u0113ju un uzticam\u012bbu. \u0160is hidrauliskais cilindrs ir paredz\u0113ts jaud\u012bgu pacel\u0161anas un nolai\u0161anas sp\u0113ju nodro\u0161in\u0101\u0161anai, padarot to par b\u016btisku efekt\u012bvai piekabju darb\u012bbai.<\/p>\n<h4>Galven\u0101s iez\u012bmes:<\/h4>\n<ul>\n<li><strong>Divk\u0101r\u0161as darb\u012bbas funkcionalit\u0101te<\/strong>Nodro\u0161ina vienm\u0113r\u012bgu darb\u012bbu gan izvilk\u0161anas, gan ievilk\u0161anas laik\u0101, nodro\u0161inot prec\u012bzu kontroli iekrau\u0161anas un izkrau\u0161anas laik\u0101.<\/li>\n<li><strong>R\u016bpn\u012bcas tie\u0161\u0101 p\u0101rdo\u0161ana<\/strong>Pied\u0101v\u0101jums tie\u0161i no ra\u017eot\u0101ja, nodro\u0161inot konkur\u0113tsp\u0113j\u012bgas cenas un augstu kvalit\u0101ti bez starpniekiem.<\/li>\n<li><strong>Iztur\u012bga konstrukcija<\/strong>Izgatavots no augstas iztur\u012bbas materi\u0101liem, lai iztur\u0113tu lielas slodzes un skarbus ekspluat\u0101cijas apst\u0101k\u013cus, nodro\u0161inot iztur\u012bbu un ilgm\u016b\u017e\u012bbu.<\/li>\n<li><strong>Korozijiztur\u012bga apdare<\/strong>P\u0101rkl\u0101ts, lai pasarg\u0101tu no r\u016bsas un korozijas, piem\u0113rots lieto\u0161anai \u0101rpus telp\u0101m un da\u017e\u0101diem laikapst\u0101k\u013ciem.<\/li>\n<li><strong>Vienk\u0101r\u0161a uzst\u0101d\u012b\u0161ana<\/strong>Paredz\u0113ts \u0101trai un vienk\u0101r\u0161ai integr\u0101cijai eso\u0161aj\u0101s piekabju sist\u0113m\u0101s, samazinot uzst\u0101d\u012b\u0161anas laiku.<\/li>\n<\/ul>\n<h4>Ieguvumi:<\/h4>\n<ul>\n<li><strong>Paaugstin\u0101ta efektivit\u0101te<\/strong>Uzlabo piekabju darb\u012bbas efektivit\u0101ti, veicinot vienm\u0113r\u012bgas un uzticamas pacel\u0161anas un nolai\u0161anas darb\u012bbas.<\/li>\n<li><strong>Daudzpus\u012bgi pielietojumi<\/strong>Piem\u0113rots da\u017e\u0101diem piekabju veidiem un lietojumiem, padarot to par daudzpus\u012bgu papildin\u0101jumu j\u016bsu apr\u012bkojumam.<\/li>\n<li><strong>Samazin\u0101tas uztur\u0113\u0161anas izmaksas<\/strong>Iztur\u012bg\u0101 konstrukcija samazina nodilumu, t\u0101d\u0113j\u0101di laika gait\u0101 samazinot apkopes izmaksas.<\/li>\n<\/ul>\n<p>10032 r\u016bpn\u012bcas tie\u0161\u0101s p\u0101rdo\u0161anas divk\u0101r\u0161\u0101s darb\u012bbas hidrauliskais cilindrs ir b\u016btiska piekabju sast\u0101vda\u013ca, kas nodro\u0161ina uzticamu veiktsp\u0113ju un efektivit\u0101ti. T\u0101 iztur\u012bgais dizains un r\u016bpn\u012bcas tie\u0161\u0101 cena padara to par lielisku izv\u0113li ikvienam, kur\u0161 v\u0113las uzlabot savu piekabju darb\u012bbu.<\/p>\n<p><img decoding=\"async\" src=\"https:\/\/hzpt.com\/wp-content\/uploads\/2023\/12\/random-3.webp\" alt=\"\" title=\"\"><\/p>\n<p>&nbsp;<\/p>\n<h2>Metin\u0101t\u0101 T veida cilindra priek\u0161roc\u012bbas<\/h2>\n<ul>\n<li style=\"list-style-type: none;\">\n<ul>\n<li><strong>Palielin\u0101ts sp\u0113ks:<\/strong> Metin\u0101tie T veida cilindri ir paz\u012bstami ar savu augsto iztur\u012bbu, padarot tos piem\u0113rotus lietojumiem, kuros nepiecie\u0161ama smagu kravu cel\u0161ana. \u0160o cilindru ra\u017eo\u0161anas laik\u0101 izmantotais metin\u0101\u0161anas process nodro\u0161ina, ka cilindram nav v\u0101ju punktu un tas var iztur\u0113t augstu spiedienu un spriegumu.<\/li>\n<\/ul>\n<\/li>\n<\/ul>\n<p>Kad uz cilindru tiek iedarbin\u0101ts spiediens, tas vienm\u0113r\u012bgi sadal\u0101s pa visu virsmu, padarot to iztur\u012bgu pret deform\u0101ciju. \u0160\u012b \u012bpa\u0161\u012bba nodro\u0161ina, ka cilindrs saglab\u0101 savu formu un struktur\u0101lo integrit\u0101ti pat ekstrem\u0101los apst\u0101k\u013cos.<\/p>\n<ul>\n<li style=\"list-style-type: none;\">\n<ul>\n<li><strong>Nopl\u016b\u017eu nov\u0113r\u0161ana:<\/strong> Metin\u0101tie T veida cilindri ir izstr\u0101d\u0101ti, lai nov\u0113rstu nopl\u016bdes. Ra\u017eo\u0161anas proces\u0101 izmantotais metin\u0101\u0161anas process nodro\u0161ina, ka cilindrs ir piln\u012bb\u0101 nosl\u0113gts un bez jebk\u0101d\u0101m iesp\u0113jam\u0101m nopl\u016bd\u0113m. \u0160\u012b \u012bpa\u0161\u012bba padara tos piem\u0113rotus lieto\u0161anai lietojumos, kur nopl\u016bde var\u0113tu izrais\u012bt nopietnus boj\u0101jumus vai traumas.<\/li>\n<\/ul>\n<\/li>\n<\/ul>\n<p>Metin\u0101tie savienojumi ir gludi, bez plais\u0101m vai riev\u0101m, kur var\u0113tu uzkr\u0101ties gru\u017ei vai net\u012brumi, t\u0101d\u0113j\u0101di samazinot korozijas un cilindra boj\u0101jumu risku.<\/p>\n<ul>\n<li style=\"list-style-type: none;\">\n<ul>\n<li><strong>Piel\u0101gojams:<\/strong> Metin\u0101tos T veida cilindrus var piel\u0101got konkr\u0113tiem pielietojumiem. Cilindri ir pieejami da\u017e\u0101dos izm\u0113ros un form\u0101s, un tos var izgatavot atbilsto\u0161i konkr\u0113t\u0101 pielietojuma pras\u012bb\u0101m.<\/li>\n<\/ul>\n<\/li>\n<\/ul>\n<p>Piel\u0101go\u0161anas process \u013cauj optimiz\u0113t cilindra veiktsp\u0113ju, nodro\u0161inot, ka tas ir piem\u0113rots paredz\u0113tajam pielietojumam. \u0160\u012b \u012bpa\u0161\u012bba padara metin\u0101tus T veida cilindrus ide\u0101li piem\u0113rotus izmanto\u0161anai da\u017e\u0101dos r\u016bpnieciskos pielietojumos, tostarp b\u016bvniec\u012bb\u0101, ieguves r\u016bpniec\u012bb\u0101 un materi\u0101lu apstr\u0101d\u0113.<\/p>\n<ul>\n<li style=\"list-style-type: none;\">\n<ul>\n<li><strong>Izmaksu zi\u0146\u0101 efekt\u012bvs:<\/strong> Metin\u0101tie T veida cilindri ir izmaksu zi\u0146\u0101 efekt\u012bv\u0101ki sal\u012bdzin\u0101jum\u0101 ar cita veida cilindriem. \u0160o cilindru ra\u017eo\u0161anas process ir vienk\u0101r\u0161s, t\u0101p\u0113c tie ir l\u0113t\u0101ki nek\u0101 cita veida cilindri.<\/li>\n<\/ul>\n<\/li>\n<\/ul>\n<p>Turkl\u0101t metin\u0101to T veida cilindru augst\u0101 iztur\u012bba un ilgm\u016b\u017e\u012bba samazina nepiecie\u0161am\u012bbu p\u0113c bie\u017ea remonta un nomai\u0146as, t\u0101d\u0113j\u0101di ietaupot apkopes izmaksas. \u0160\u012b \u012bpa\u0161\u012bba padara tos par popul\u0101ru izv\u0113li daudz\u0101s nozar\u0113s, \u012bpa\u0161i taj\u0101s, kur\u0101m ir ierobe\u017eots bud\u017eets.<\/p>\n<ul>\n<li style=\"list-style-type: none;\">\n<ul>\n<li><strong>Paaugstin\u0101ta efektivit\u0101te:<\/strong> Metin\u0101tie T veida cilindri ir \u013coti efekt\u012bvi un lietder\u012bgi. Cilindra konstrukcija nodro\u0161ina, ka pieliktais sp\u0113ks tiek tie\u0161i p\u0101rnests uz slodzi, samazinot ener\u0123ijas zudumus un palielinot efektivit\u0101ti.<\/li>\n<\/ul>\n<\/li>\n<\/ul>\n<p>Metin\u0101tie savienojumi ir iztur\u012bgi un stingri, samazinot novirzi un nodro\u0161inot, ka cilindrs saglab\u0101 savu formu un struktur\u0101lo integrit\u0101ti pat ekstrem\u0101los apst\u0101k\u013cos. \u0160\u012b \u012bpa\u0161\u012bba padara metin\u0101tos T veida cilindrus ide\u0101li piem\u0113rotus lieto\u0161anai lietojumos, kuriem nepiecie\u0161ama augsta efektivit\u0101te un uzticam\u012bba.<\/p>\n<p><img decoding=\"async\" src=\"https:\/\/hzpt.com\/wp-content\/uploads\/2023\/12\/random-1.webp?v=1694163707\" alt=\"\" title=\"\"><\/p>\n<h2>Metin\u0101t\u0101 T veida cilindra pielietojums<\/h2>\n<ol>\n<li>\n<h3>Automobi\u013cu r\u016bpniec\u012bba<\/h3>\n<p>Metin\u0101tie T veida cilindri tiek pla\u0161i izmantoti autob\u016bves nozar\u0113. Tos izmanto automa\u0161\u012bnu durv\u012bs, motora p\u0101rsegu un bag\u0101\u017enieka pac\u0113l\u0101jos, kabrioletu jumtos un st\u016bres pastiprin\u0101t\u0101ja sist\u0113m\u0101s. \u0160ie cilindri ir iecien\u012bti, jo tie sp\u0113j nodro\u0161in\u0101t lielu sp\u0113ka izvadi ar nelielu vietas nepiecie\u0161am\u012bbu. T veida cilindra konstrukcija ir labi piem\u0113rota lietojumiem, kur sp\u0113ks ir j\u0101p\u0101rnes divos da\u017e\u0101dos virzienos.<\/p>\n<p>Turkl\u0101t \u0161o cilindru metin\u0101t\u0101 konstrukcija \u013cauj tiem darboties augst\u0101 temperat\u016br\u0101 un spiedien\u0101 bez nopl\u016bd\u0113m. Tas padara tos piem\u0113rotus izmanto\u0161anai dzin\u0113jos, transmisij\u0101s un brem\u017eu sist\u0113m\u0101s.<\/li>\n<li>\n<h3>Ra\u017eo\u0161anas nozare<\/h3>\n<p>Metin\u0101tie T veida cilindri tiek izmantoti ar\u012b ra\u017eo\u0161anas nozar\u0113. Tos izmanto hidrauliskaj\u0101s pres\u0113s, kal\u0161anas ma\u0161\u012bn\u0101s un met\u0101la grie\u0161anas ma\u0161\u012bn\u0101s. \u0160o cilindru liel\u0101 jauda padara tos ide\u0101li piem\u0113rotus lietojumiem, kur neliel\u0101 telp\u0101 nepiecie\u0161ams liels sp\u0113ks.<\/p>\n<p>T veida cilindra konstrukcija ir labi piem\u0113rota ar\u012b lietojumiem, kuros sp\u0113ks j\u0101p\u0101rnes divos da\u017e\u0101dos virzienos. Piem\u0113ram, hidrauliskaj\u0101 pres\u0113 T veida cilindru var izmantot, lai pieliktu sp\u0113ku gan vertik\u0101li, gan horizont\u0101li, kas \u013cauj veikt sare\u017e\u0123\u012bt\u0101kus ra\u017eo\u0161anas procesus.<\/li>\n<li>\n<h3>Avi\u0101cijas un kosmosa r\u016bpniec\u012bba<\/h3>\n<p>Metin\u0101tie T veida cilindri tiek izmantoti avi\u0101cijas un kosmosa r\u016bpniec\u012bb\u0101 da\u017e\u0101diem m\u0113r\u0137iem. Tos izmanto \u0161asijas sist\u0113m\u0101s, kravas nodal\u012bjuma durv\u012bs un lidojumu vad\u012bbas sist\u0113m\u0101s. \u0160o cilindru augst\u0101 jauda un kompaktais dizains padara tos ide\u0101li piem\u0113rotus lieto\u0161anai ierobe\u017eot\u0101 telp\u0101 lidma\u0161\u012bn\u0101.<\/p>\n<p>\u0160o cilindru metin\u0101t\u0101 konstrukcija padara tos iztur\u012bgus pret augstu spiedienu un temperat\u016bru lidojuma laik\u0101. Turkl\u0101t T veida cilindra konstrukcija \u013cauj sp\u0113ku p\u0101rnest divos da\u017e\u0101dos virzienos, padarot to labi piem\u0113rotu lietojumiem, kur sp\u0113ks j\u0101pieliek le\u0146\u0137\u012b.<\/li>\n<li>\n<h3>B\u016bvniec\u012bbas nozare<\/h3>\n<p>Metin\u0101tie T veida cilindri tiek izmantoti b\u016bvniec\u012bbas nozar\u0113 smagu kravu cel\u0161anai un p\u0101rvieto\u0161anai. Tos izmanto celt\u0146os, ekskavatoros un ekskavatoros. \u0160o cilindru augst\u0101 jauda un kompaktais dizains padara tos ide\u0101li piem\u0113rotus lieto\u0161anai ierobe\u017eot\u0101 telp\u0101 b\u016bvlaukum\u0101.<\/p>\n<p>T veida cilindra konstrukcija \u013cauj sp\u0113ku p\u0101rnest divos da\u017e\u0101dos virzienos, padarot to labi piem\u0113rotu lietojumiem, kuros sp\u0113ks j\u0101pieliek le\u0146\u0137\u012b. Turkl\u0101t \u0161o cilindru metin\u0101t\u0101 konstrukcija \u013cauj tiem darboties augst\u0101 spiedien\u0101 un temperat\u016br\u0101 bez nopl\u016bd\u0113m, padarot tos piem\u0113rotus lieto\u0161anai skarbos \u0101ra apst\u0101k\u013cos.<\/li>\n<\/ol>\n<h3>Par FMP<\/h3>\n<p>FMP ir profesion\u0101ls hidraulisko cilindru ra\u017eot\u0101js un izplat\u012bt\u0101js ar vair\u0101k nek\u0101 30 gadu pieredzi \u0161aj\u0101 nozar\u0113. M\u016bsu r\u016bpniec\u012bbas zona atrodas It\u0101lij\u0101, un mums ir vair\u0101k nek\u0101 100 iek\u0101rtu vien\u012bbu, tostarp autom\u0101tisk\u0101s g\u0101zes ekran\u0113t\u0101s metin\u0101\u0161anas iek\u0101rtas, dzi\u013curbumu urb\u0161anas iek\u0101rtas, CNC virpas, cilindrisk\u0101s sl\u012bpma\u0161\u012bnas, autom\u0101tisk\u0101s t\u012br\u012b\u0161anas iek\u0101rtas, autom\u0101tisk\u0101s uzst\u0101d\u012b\u0161anas iek\u0101rtas, autom\u0101tiskie hidraulisko cilindru veiktsp\u0113jas p\u0101rbaudes stendi, autom\u0101tisk\u0101s kr\u0101so\u0161anas l\u012bnijas un citas. Katrs hidrauliskais cilindrs tiek pak\u013cauts stingrai apstr\u0101dei un p\u0101rbaudei, lai garant\u0113tu labu kvalit\u0101ti m\u016bsu klientiem.<\/p>\n<p>\u0160eit ir pieci iemesli, k\u0101p\u0113c jums vajadz\u0113tu izv\u0113l\u0113ties FMP:<\/p>\n<p>1. Dizaina pakalpojums: M\u016bsu dizaina komandai ir bag\u0101ta pieredze kard\u0101na izstr\u0101d\u0101jumu projekt\u0113\u0161an\u0101 un izstr\u0101d\u0113. Ja jums ir nepiecie\u0161ami jauni produkti vai v\u0113laties veikt turpm\u0101kus uzlabojumus, m\u0113s j\u016bs atbalst\u012bsim.<\/p>\n<p>2. Produktu apkalpo\u0161ana: M\u016bsu produkti tiek pak\u013cauti stingram procesam, kas ietver izejvielu ieg\u016b\u0161anu, grie\u0161anu, rupju apstr\u0101di, test\u0113\u0161anu, t\u012br\u012b\u0161anu, mont\u0101\u017eu, iepako\u0161anu un transport\u0113\u0161anu. Tas nodro\u0161ina, ka m\u016bsu produkti ir visaugst\u0101kaj\u0101 kvalit\u0101t\u0113 un atbilst j\u016bsu pras\u012bb\u0101m.<\/p>\n<p>3. Paraugu process: M\u0113s varam izstr\u0101d\u0101t paraugus atbilsto\u0161i j\u016bsu pras\u012bb\u0101m un past\u0101v\u012bgi tos modific\u0113t, lai apmierin\u0101tu j\u016bsu vajadz\u012bbas. Tas nodro\u0161ina, ka j\u016bs no m\u016bsu produktiem sa\u0146emat tie\u0161i to, kas jums nepiecie\u0161ams.<\/p>\n<p>4. P\u0113tniec\u012bba un att\u012bst\u012bba: M\u0113s past\u0101v\u012bgi p\u0113t\u0101m tirgu un izstr\u0101d\u0101jam jaunus mode\u013cus, lai apmierin\u0101tu m\u016bsu klientu main\u012bg\u0101s vajadz\u012bbas.<\/p>\n<p>5. Piel\u0101go\u0161ana: M\u0113s pie\u0146emam piel\u0101go\u0161anas pas\u016bt\u012bjumus un varam nodro\u0161in\u0101t produktus, kas piel\u0101goti j\u016bsu \u012bpa\u0161aj\u0101m vajadz\u012bb\u0101m.<\/p>\n<p>Uz\u0146\u0113mum\u0101 FMP m\u0113s lepojamies ar to, ka pied\u0101v\u0101jam augstas kvalit\u0101tes hidrauliskos cilindrus un lielisku klientu apkalpo\u0161anu. Sazinieties ar mums jau \u0161odien, lai sa\u0146emtu pal\u012bdz\u012bbu hidraulisko cilindru jaut\u0101jumos.<\/p>\n<p><img decoding=\"async\" src=\"https:\/\/fmp-components.com\/wp-content\/uploads\/2024\/12\/fmp-factory-4.webp\" alt=\"FMP r\u016bpn\u012bca\" width=\"800\" title=\"\"><br \/>\nAutors: CX<\/p>","protected":false},"excerpt":{"rendered":"<p>The 10032 Factory Direct Sale Double Acting Hydraulic Cylinder is engineered specifically for trailer applications, offering exceptional performance and reliability. This hydraulic cylinder is designed to provide powerful lifting and lowering capabilities, making it essential for efficient trailer operations. Key Features: Double Acting Functionality: Allows for smooth operation in both extension and retraction, providing precise [&hellip;]<\/p>","protected":false},"featured_media":1133,"comment_status":"closed","ping_status":"closed","template":"","meta":{"_et_pb_use_builder":"","_et_pb_old_content":"","_et_gb_content_width":""},"product_brand":[],"product_cat":[31],"product_tag":[34,35],"class_list":{"0":"post-952","1":"product","2":"type-product","3":"status-publish","4":"has-post-thumbnail","6":"product_cat-welded-tee-type-cylinder","7":"product_tag-hydraulic-cylinder","8":"product_tag-welded-tee-type-cylinder","10":"first","11":"instock","12":"product-type-simple"},"_links":{"self":[{"href":"https:\/\/fmp-components.com\/lv\/wp-json\/wp\/v2\/product\/952","targetHints":{"allow":["GET"]}}],"collection":[{"href":"https:\/\/fmp-components.com\/lv\/wp-json\/wp\/v2\/product"}],"about":[{"href":"https:\/\/fmp-components.com\/lv\/wp-json\/wp\/v2\/types\/product"}],"replies":[{"embeddable":true,"href":"https:\/\/fmp-components.com\/lv\/wp-json\/wp\/v2\/comments?post=952"}],"wp:featuredmedia":[{"embeddable":true,"href":"https:\/\/fmp-components.com\/lv\/wp-json\/wp\/v2\/media\/1133"}],"wp:attachment":[{"href":"https:\/\/fmp-components.com\/lv\/wp-json\/wp\/v2\/media?parent=952"}],"wp:term":[{"taxonomy":"product_brand","embeddable":true,"href":"https:\/\/fmp-components.com\/lv\/wp-json\/wp\/v2\/product_brand?post=952"},{"taxonomy":"product_cat","embeddable":true,"href":"https:\/\/fmp-components.com\/lv\/wp-json\/wp\/v2\/product_cat?post=952"},{"taxonomy":"product_tag","embeddable":true,"href":"https:\/\/fmp-components.com\/lv\/wp-json\/wp\/v2\/product_tag?post=952"}],"curies":[{"name":"wp","href":"https:\/\/api.w.org\/{rel}","templated":true}]}}