{"id":948,"date":"2024-12-19T03:39:43","date_gmt":"2024-12-19T03:39:43","guid":{"rendered":"https:\/\/fmp-components.com\/product\/10028-high-quality-stainless-steel-hydraulic-cylinder-for-rotary-tiller\/"},"modified":"2024-12-19T08:50:32","modified_gmt":"2024-12-19T08:50:32","slug":"10028-high-quality-stainless-steel-hydraulic-cylinder-for-rotary-tiller","status":"publish","type":"product","link":"https:\/\/fmp-components.com\/lv\/product\/10028-high-quality-stainless-steel-hydraulic-cylinder-for-rotary-tiller\/","title":{"rendered":"10028 Augstas kvalit\u0101tes ner\u016bs\u0113jo\u0161\u0101 t\u0113rauda hidrauliskais cilindrs rot\u0101cijas kultivatoram"},"content":{"rendered":"<p>10028 augstas kvalit\u0101tes ner\u016bs\u0113jo\u0161\u0101 t\u0113rauda hidrauliskais cilindrs ir \u012bpa\u0161i izstr\u0101d\u0101ts rot\u0101cijas augsnes fr\u0113z\u0113m, nodro\u0161inot izcilu iztur\u012bbu un uzticam\u012bbu sare\u017e\u0123\u012btos lauksaimniec\u012bbas apst\u0101k\u013cos. \u0160is hidrauliskais cilindrs pied\u0101v\u0101 izcilu veiktsp\u0113ju, padarot to par b\u016btisku sast\u0101vda\u013cu efekt\u012bv\u0101m augsnes apstr\u0101des darb\u012bb\u0101m.<\/p>\n<h4>Galven\u0101s iez\u012bmes:<\/h4>\n<ul>\n<li><strong>Augstas kvalit\u0101tes ner\u016bs\u0113jo\u0161\u0101 t\u0113rauda konstrukcija<\/strong>Izgatavots no augst\u0101k\u0101s kvalit\u0101tes ner\u016bs\u0113jo\u0161\u0101 t\u0113rauda, \u200b\u200blai nodro\u0161in\u0101tu iztur\u012bbu, iztur\u012bbu pret koroziju un ilgsto\u0161u veiktsp\u0113ju skarbos apst\u0101k\u013cos.<\/li>\n<li><strong>Divk\u0101r\u0161as darb\u012bbas dizains<\/strong>: Atvieglo efekt\u012bvu darb\u012bbu gan izvilk\u0161anas, gan ievilk\u0161anas laik\u0101, uzlabojot kontroli augsnes apstr\u0101des laik\u0101.<\/li>\n<li><strong>Iztur\u012bga kravnes\u012bba<\/strong>Izstr\u0101d\u0101ts, lai iztur\u0113tu iev\u0113rojamas slodzes, padarot to ide\u0101li piem\u0113rotu pras\u012bgiem lauksaimniec\u012bbas darbiem.<\/li>\n<li><strong>Korozijiztur\u012bga apdare<\/strong>Ner\u016bs\u0113jo\u0161\u0101 t\u0113rauda apdare aizsarg\u0101 pret r\u016bsu un boj\u0101jumiem, nodro\u0161inot ilgm\u016b\u017e\u012bbu un uzticam\u012bbu, lietojot \u0101rpus telp\u0101m.<\/li>\n<li><strong>Vienk\u0101r\u0161a uzst\u0101d\u012b\u0161ana<\/strong>Paredz\u0113ts \u0101trai un vienk\u0101r\u0161ai integr\u0101cijai rot\u0113jo\u0161aj\u0101s fr\u0113z\u0113s, samazinot d\u012bkst\u0101ves laiku un uzlabojot produktivit\u0101ti.<\/li>\n<\/ul>\n<h4>Ieguvumi:<\/h4>\n<ul>\n<li><strong>Uzlabota efektivit\u0101te<\/strong>Optimiz\u0113 rot\u0113jo\u0161o fr\u0113\u017eu veiktsp\u0113ju, veicinot vienm\u0113r\u012bgu un efekt\u012bvu augsnes apstr\u0101di.<\/li>\n<li><strong>Daudzpus\u012bgi pielietojumi<\/strong>Piem\u0113rots da\u017e\u0101diem lauksaimniec\u012bbas darbiem, ne tikai augsnes apstr\u0101dei, padarot to par daudzpus\u012bgu instrumentu lauksaimniekiem.<\/li>\n<li><strong>Zema apkope<\/strong>Iztur\u012bg\u0101 ner\u016bs\u0113jo\u0161\u0101 t\u0113rauda konstrukcija samazina nodilumu, t\u0101d\u0113j\u0101di laika gait\u0101 samazinot apkopes izmaksas.<\/li>\n<\/ul>\n<p>10028 augstas kvalit\u0101tes ner\u016bs\u0113jo\u0161\u0101 t\u0113rauda hidrauliskais cilindrs ir b\u016btiska rot\u0113jo\u0161o fr\u0113\u017eu sast\u0101vda\u013ca, kas nodro\u0161ina uzticamu veiktsp\u0113ju un efektivit\u0101ti. T\u0101 iztur\u012bgais dizains un korozijiztur\u012bg\u0101s \u012bpa\u0161\u012bbas padara to par lielisku izv\u0113li jebkurai lauksaimniec\u012bbas darb\u012bbai, kas koncentr\u0113jas uz kvalit\u0101ti un iztur\u012bbu.<\/p>\n<p><img decoding=\"async\" src=\"https:\/\/hzpt.com\/wp-content\/uploads\/2023\/12\/random-1.webp?v=1694163707\" alt=\"\" title=\"\"><\/p>\n<h2>Metin\u0101t\u0101 T veida cilindra priek\u0161roc\u012bbas<\/h2>\n<ul>\n<li style=\"list-style-type: none;\">\n<ul>\n<li><strong>Palielin\u0101ts sp\u0113ks:<\/strong> Metin\u0101tie T veida cilindri ir paz\u012bstami ar savu augsto iztur\u012bbu, padarot tos piem\u0113rotus lietojumiem, kuros nepiecie\u0161ama smagu kravu cel\u0161ana. \u0160o cilindru ra\u017eo\u0161anas laik\u0101 izmantotais metin\u0101\u0161anas process nodro\u0161ina, ka cilindram nav v\u0101ju punktu un tas var iztur\u0113t augstu spiedienu un spriegumu.<\/li>\n<\/ul>\n<\/li>\n<\/ul>\n<p>Kad uz cilindru tiek iedarbin\u0101ts spiediens, tas vienm\u0113r\u012bgi sadal\u0101s pa visu virsmu, padarot to iztur\u012bgu pret deform\u0101ciju. \u0160\u012b \u012bpa\u0161\u012bba nodro\u0161ina, ka cilindrs saglab\u0101 savu formu un struktur\u0101lo integrit\u0101ti pat ekstrem\u0101los apst\u0101k\u013cos.<\/p>\n<ul>\n<li style=\"list-style-type: none;\">\n<ul>\n<li><strong>Nopl\u016b\u017eu nov\u0113r\u0161ana:<\/strong> Metin\u0101tie T veida cilindri ir izstr\u0101d\u0101ti, lai nov\u0113rstu nopl\u016bdes. Ra\u017eo\u0161anas proces\u0101 izmantotais metin\u0101\u0161anas process nodro\u0161ina, ka cilindrs ir piln\u012bb\u0101 nosl\u0113gts un bez jebk\u0101d\u0101m iesp\u0113jam\u0101m nopl\u016bd\u0113m. \u0160\u012b \u012bpa\u0161\u012bba padara tos piem\u0113rotus lieto\u0161anai lietojumos, kur nopl\u016bde var\u0113tu izrais\u012bt nopietnus boj\u0101jumus vai traumas.<\/li>\n<\/ul>\n<\/li>\n<\/ul>\n<p>Metin\u0101tie savienojumi ir gludi, bez plais\u0101m vai riev\u0101m, kur var\u0113tu uzkr\u0101ties gru\u017ei vai net\u012brumi, t\u0101d\u0113j\u0101di samazinot korozijas un cilindra boj\u0101jumu risku.<\/p>\n<ul>\n<li style=\"list-style-type: none;\">\n<ul>\n<li><strong>Piel\u0101gojams:<\/strong> Metin\u0101tos T veida cilindrus var piel\u0101got konkr\u0113tiem pielietojumiem. Cilindri ir pieejami da\u017e\u0101dos izm\u0113ros un form\u0101s, un tos var izgatavot atbilsto\u0161i konkr\u0113t\u0101 pielietojuma pras\u012bb\u0101m.<\/li>\n<\/ul>\n<\/li>\n<\/ul>\n<p>Piel\u0101go\u0161anas process \u013cauj optimiz\u0113t cilindra veiktsp\u0113ju, nodro\u0161inot, ka tas ir piem\u0113rots paredz\u0113tajam pielietojumam. \u0160\u012b \u012bpa\u0161\u012bba padara metin\u0101tus T veida cilindrus ide\u0101li piem\u0113rotus izmanto\u0161anai da\u017e\u0101dos r\u016bpnieciskos pielietojumos, tostarp b\u016bvniec\u012bb\u0101, ieguves r\u016bpniec\u012bb\u0101 un materi\u0101lu apstr\u0101d\u0113.<\/p>\n<ul>\n<li style=\"list-style-type: none;\">\n<ul>\n<li><strong>Izmaksu zi\u0146\u0101 efekt\u012bvs:<\/strong> Metin\u0101tie T veida cilindri ir izmaksu zi\u0146\u0101 efekt\u012bv\u0101ki sal\u012bdzin\u0101jum\u0101 ar cita veida cilindriem. \u0160o cilindru ra\u017eo\u0161anas process ir vienk\u0101r\u0161s, t\u0101p\u0113c tie ir l\u0113t\u0101ki nek\u0101 cita veida cilindri.<\/li>\n<\/ul>\n<\/li>\n<\/ul>\n<p>Turkl\u0101t metin\u0101to T veida cilindru augst\u0101 iztur\u012bba un ilgm\u016b\u017e\u012bba samazina nepiecie\u0161am\u012bbu p\u0113c bie\u017ea remonta un nomai\u0146as, t\u0101d\u0113j\u0101di ietaupot apkopes izmaksas. \u0160\u012b \u012bpa\u0161\u012bba padara tos par popul\u0101ru izv\u0113li daudz\u0101s nozar\u0113s, \u012bpa\u0161i taj\u0101s, kur\u0101m ir ierobe\u017eots bud\u017eets.<\/p>\n<ul>\n<li style=\"list-style-type: none;\">\n<ul>\n<li><strong>Paaugstin\u0101ta efektivit\u0101te:<\/strong> Metin\u0101tie T veida cilindri ir \u013coti efekt\u012bvi un lietder\u012bgi. Cilindra konstrukcija nodro\u0161ina, ka pieliktais sp\u0113ks tiek tie\u0161i p\u0101rnests uz slodzi, samazinot ener\u0123ijas zudumus un palielinot efektivit\u0101ti.<\/li>\n<\/ul>\n<\/li>\n<\/ul>\n<p>Metin\u0101tie savienojumi ir iztur\u012bgi un stingri, samazinot novirzi un nodro\u0161inot, ka cilindrs saglab\u0101 savu formu un struktur\u0101lo integrit\u0101ti pat ekstrem\u0101los apst\u0101k\u013cos. \u0160\u012b \u012bpa\u0161\u012bba padara metin\u0101tos T veida cilindrus ide\u0101li piem\u0113rotus lieto\u0161anai lietojumos, kuriem nepiecie\u0161ama augsta efektivit\u0101te un uzticam\u012bba.<\/p>\n<p><img decoding=\"async\" src=\"https:\/\/hzpt.com\/wp-content\/uploads\/2023\/12\/random-2.webp\" alt=\"\" title=\"\"><\/p>\n<h2>Metin\u0101t\u0101 T veida cilindra pielietojums<\/h2>\n<h3>Ievads<\/h3>\n<p>Metin\u0101ts T veida cilindrs ir hidraulisk\u0101 cilindra veids, ko parasti izmanto r\u016bpnieciskos lietojumos. Tas ir paredz\u0113ts, lai nodro\u0161in\u0101tu lielu sp\u0113ka jaudu kompakt\u0101 un izmaksu zi\u0146\u0101 efekt\u012bv\u0101 iepakojum\u0101. \u0160\u0101da veida cilindrs sast\u0101v no metin\u0101ta T veida un virzu\u013ca stie\u0146a, kas ir piestiprin\u0101ts pie T veida. T veida savienojums ir savienots ar cilindra korpusu un satur virzuli, kas p\u0101rvietojas uz priek\u0161u un atpaka\u013c korpusa iek\u0161pus\u0113, lai rad\u012btu sp\u0113ku.<\/p>\n<h3>Metin\u0101t\u0101 T veida cilindra priek\u0161roc\u012bbas<\/h3>\n<p>R\u016bpnieciskos pielietojumos metin\u0101ta T veida cilindra izmanto\u0161anai ir vair\u0101kas priek\u0161roc\u012bbas:<\/p>\n<ul>\n<li><b>Kompakts dizains:<\/b> Metin\u0101tie T veida cilindri ir konstru\u0113ti t\u0101, lai tie b\u016btu kompakti, kas padara tos ide\u0101li piem\u0113rotus lieto\u0161anai viet\u0101s, kur ir ierobe\u017eota vieta.<\/li>\n<li><b>Augsta efektivit\u0101te:<\/b> Metin\u0101tie T veida cilindri ir \u013coti efekt\u012bvi, kas noz\u012bm\u0113, ka tie var rad\u012bt lielu sp\u0113ku ar minim\u0101lu ener\u0123ijas pat\u0113ri\u0146u.<\/li>\n<li><b>Iztur\u012bgs:<\/b> Metin\u0101tie T veida cilindri ir konstru\u0113ti t\u0101, lai tie b\u016btu \u013coti iztur\u012bgi, kas noz\u012bm\u0113, ka tie var iztur\u0113t skarbus ekspluat\u0101cijas apst\u0101k\u013cus un kalpot ilgu laiku.<\/li>\n<li><b>Izmaksu zi\u0146\u0101 efekt\u012bvs:<\/b> Metin\u0101tie T veida cilindri ir rentabli, kas noz\u012bm\u0113, ka tie nodro\u0161ina labu cenas un v\u0113rt\u012bbas attiec\u012bbu.<\/li>\n<\/ul>\n<h3>Metin\u0101t\u0101 T veida cilindra pielietojums<\/h3>\n<p>Metin\u0101tiem T veida cilindriem ir daudz pielietojumu da\u017e\u0101d\u0101s nozar\u0113s, tostarp:<\/p>\n<ul>\n<li><b>Ra\u017eo\u0161ana:<\/b> Metin\u0101tie T veida cilindri tiek izmantoti ra\u017eo\u0161an\u0101, lai darbin\u0101tu ma\u0161\u012bnas, p\u0101rvietotu smagas kravas un veidotu met\u0101la deta\u013cas.<\/li>\n<li><b>Lauksaimniec\u012bba:<\/b> Metin\u0101tie T veida cilindri tiek izmantoti lauksaimniec\u012bb\u0101, lai darbin\u0101tu hidraulisk\u0101s sist\u0113mas traktoros, kombainos un cit\u0101 lauksaimniec\u012bbas apr\u012bkojum\u0101.<\/li>\n<li><b>B\u016bvniec\u012bba:<\/b> Metin\u0101tie T veida cilindri tiek izmantoti b\u016bvniec\u012bb\u0101, lai darbin\u0101tu t\u0101das ma\u0161\u012bnas k\u0101 celt\u0146i, ekskavatori un ekskavatori.<\/li>\n<li><b>Kalnr\u016bpniec\u012bba:<\/b> Metin\u0101tie T veida cilindri tiek izmantoti kalnr\u016bpniec\u012bb\u0101, lai darbin\u0101tu hidraulisk\u0101s sist\u0113mas smagaj\u0101m iek\u0101rt\u0101m, piem\u0113ram, buldozeriem, iekr\u0101v\u0113jiem un klin\u0161u urb\u0161anas iek\u0101rt\u0101m.<\/li>\n<li><b>Transports:<\/b> Metin\u0101tie T veida cilindri tiek izmantoti transport\u0101, lai darbin\u0101tu hidraulisk\u0101s sist\u0113mas kravas automa\u0161\u012bn\u0101s, autobusos un citos transportl\u012bdzek\u013cos.<\/li>\n<\/ul>\n<h3>Secin\u0101jums<\/h3>\n<p>Nosl\u0113gum\u0101 j\u0101saka, ka metin\u0101tie T veida cilindri ir svar\u012bga sast\u0101vda\u013ca daudzos r\u016bpnieciskos pielietojumos. Tie ir konstru\u0113ti t\u0101, lai b\u016btu kompakti, efekt\u012bvi, iztur\u012bgi un rentabli, padarot tos par ide\u0101lu izv\u0113li pla\u0161am pielietojumu kl\u0101stam. Neatkar\u012bgi no t\u0101, vai j\u016bs darbin\u0101t ma\u0161\u012bnas ra\u017eo\u0161anas r\u016bpn\u012bc\u0101, lauksaimniec\u012bbas tehniku \u200b\u200bferm\u0101 vai smago tehniku \u200b\u200braktuv\u0113s, metin\u0101tie T veida cilindri var pal\u012bdz\u0113t jums paveikt darbu efekt\u012bvi un lietder\u012bgi.<\/p>\n<h3>Par FMP<\/h3>\n<p>FMP, kam ir vair\u0101k nek\u0101 30 gadu pieredze, ir vado\u0161ais hidraulisko cilindru ra\u017eot\u0101js un pieg\u0101d\u0101t\u0101js. M\u016bsu r\u016bpniec\u012bbas zona atrodas It\u0101lij\u0101, kur m\u0113s darbojamies ar vair\u0101k nek\u0101 100 modern\u0101m iek\u0101rt\u0101m. M\u016bsu pla\u0161aj\u0101 apr\u012bkojuma kl\u0101st\u0101 ietilpst autom\u0101tisk\u0101s g\u0101zes ekran\u0113t\u0101s metin\u0101\u0161anas iek\u0101rtas, dzi\u013curbumu urb\u0161anas iek\u0101rtas, CNC virpas, cilindrisk\u0101s sl\u012bpma\u0161\u012bnas, autom\u0101tisk\u0101s t\u012br\u012b\u0161anas iek\u0101rtas, autom\u0101tisk\u0101s uzst\u0101d\u012b\u0161anas iek\u0101rtas, autom\u0101tiskie hidraulisko cilindru veiktsp\u0113jas p\u0101rbaudes stendi un autom\u0101tisk\u0101s kr\u0101so\u0161anas l\u012bnijas.<\/p>\n<p><img decoding=\"async\" src=\"https:\/\/fmp-components.com\/wp-content\/uploads\/2024\/12\/fmp-factory-4.webp\" alt=\"FMP r\u016bpn\u012bca\" width=\"800\" title=\"\"><\/p>\n<p>M\u0113s lepojamies ar katra hidraulisk\u0101 cilindra r\u016bp\u012bgo apstr\u0101di un p\u0101rbaudi, nodro\u0161inot izcilu kvalit\u0101ti m\u016bsu v\u0113rt\u012bgajiem klientiem. FMP pied\u0101v\u0101 pla\u0161u hidraulisko cilindru kl\u0101stu, tostarp hidraulisko cilindru auskaru cilindrus un divvirzienu autom\u0101tiskos teleskopiskos hidraulisko cilindrus.<\/p>\n<ol>\n<li>Dizaina pakalpojums: M\u016bsu pieredz\u0113ju\u0161\u0101 dizaina komanda ir velt\u012bta produktu dizainam un izstr\u0101dei. Ja jums ir nepiecie\u0161ami jauni produkti vai eso\u0161o produktu uzlabojumi, m\u0113s esam \u0161eit, lai sniegtu visaptvero\u0161u atbalstu.<\/li>\n<li>Produktu apkalpo\u0161ana: M\u016bsu visaptvero\u0161ais produktu apkalpo\u0161anas serviss aptver visu ra\u017eo\u0161anas procesu, s\u0101kot ar izejvielu ieg\u0101di, grie\u0161anu, rupjo apstr\u0101di, test\u0113\u0161anu, t\u012br\u012b\u0161anu, mont\u0101\u017eu, iepako\u0161anu un transport\u0113\u0161anu. M\u0113s nodro\u0161in\u0101m m\u016bsu produktu netrauc\u0113tu un efekt\u012bvu pieg\u0101di.<\/li>\n<li>Paraugu process: M\u0113s saprotam piel\u0101go\u0161anas noz\u012bmi. M\u016bsu komanda var izstr\u0101d\u0101t paraugus atbilsto\u0161i j\u016bsu \u012bpa\u0161aj\u0101m pras\u012bb\u0101m un nep\u0101rtraukti tos modific\u0113t, lai apmierin\u0101tu j\u016bsu main\u012bg\u0101s vajadz\u012bbas.<\/li>\n<li>P\u0113tniec\u012bba un att\u012bst\u012bba: Ap\u0146emoties ieviest inov\u0101cijas, m\u0113s r\u016bp\u012bgi p\u0113t\u0101m tirgus piepras\u012bjumu un izstr\u0101d\u0101jam jaunus mode\u013cus, lai apmierin\u0101tu jaun\u0101s vajadz\u012bbas. Tas \u013cauj mums saglab\u0101t vado\u0161o poz\u012bciju nozar\u0113 un pied\u0101v\u0101t modern\u0101kos risin\u0101jumus.<\/li>\n<\/ol>\n<p>M\u016bsu uz\u0146\u0113mums specializ\u0113jas da\u017e\u0101du veidu hidraulisko cilindru ra\u017eo\u0161an\u0101 un p\u0101rdo\u0161an\u0101, un m\u0113s labpr\u0101t pie\u0146emam individu\u0101lus pas\u016bt\u012bjumus. Izv\u0113lieties FMP, lai ieg\u016btu uzticamu kvalit\u0101ti, izcilu servisu un pla\u0161u hidraulisko cilindru risin\u0101jumu kl\u0101stu. Sadarbojieties ar mums un izbaudiet at\u0161\u0137ir\u012bbu.<\/p>\n<p>Autors: CX<\/p>","protected":false},"excerpt":{"rendered":"<p>The 10028 High Quality Stainless Steel Hydraulic Cylinder is specially designed for rotary tillers, providing superior strength and reliability in tough agricultural environments. This hydraulic cylinder offers exceptional performance, making it an essential component for efficient tilling operations. Key Features: High-Quality Stainless Steel Construction: Crafted from premium stainless steel to ensure durability, corrosion resistance, and [&hellip;]<\/p>","protected":false},"featured_media":1132,"comment_status":"closed","ping_status":"closed","template":"","meta":{"_et_pb_use_builder":"","_et_pb_old_content":"","_et_gb_content_width":""},"product_brand":[],"product_cat":[31],"product_tag":[34,35],"class_list":{"0":"post-948","1":"product","2":"type-product","3":"status-publish","4":"has-post-thumbnail","6":"product_cat-welded-tee-type-cylinder","7":"product_tag-hydraulic-cylinder","8":"product_tag-welded-tee-type-cylinder","10":"first","11":"instock","12":"product-type-simple"},"_links":{"self":[{"href":"https:\/\/fmp-components.com\/lv\/wp-json\/wp\/v2\/product\/948","targetHints":{"allow":["GET"]}}],"collection":[{"href":"https:\/\/fmp-components.com\/lv\/wp-json\/wp\/v2\/product"}],"about":[{"href":"https:\/\/fmp-components.com\/lv\/wp-json\/wp\/v2\/types\/product"}],"replies":[{"embeddable":true,"href":"https:\/\/fmp-components.com\/lv\/wp-json\/wp\/v2\/comments?post=948"}],"wp:featuredmedia":[{"embeddable":true,"href":"https:\/\/fmp-components.com\/lv\/wp-json\/wp\/v2\/media\/1132"}],"wp:attachment":[{"href":"https:\/\/fmp-components.com\/lv\/wp-json\/wp\/v2\/media?parent=948"}],"wp:term":[{"taxonomy":"product_brand","embeddable":true,"href":"https:\/\/fmp-components.com\/lv\/wp-json\/wp\/v2\/product_brand?post=948"},{"taxonomy":"product_cat","embeddable":true,"href":"https:\/\/fmp-components.com\/lv\/wp-json\/wp\/v2\/product_cat?post=948"},{"taxonomy":"product_tag","embeddable":true,"href":"https:\/\/fmp-components.com\/lv\/wp-json\/wp\/v2\/product_tag?post=948"}],"curies":[{"name":"wp","href":"https:\/\/api.w.org\/{rel}","templated":true}]}}