{"id":942,"date":"2024-12-19T03:39:43","date_gmt":"2024-12-19T03:39:43","guid":{"rendered":"https:\/\/fmp-components.com\/product\/10022-china-supplier-small-hydraulic-welded-cylinder-piston-hydraulic-cylinder\/"},"modified":"2024-12-26T08:57:51","modified_gmt":"2024-12-26T08:57:51","slug":"10022-italy-supplier-small-hydraulic-welded-cylinder-piston-hydraulic-cylinder","status":"publish","type":"product","link":"https:\/\/fmp-components.com\/lv\/product\/10022-italy-supplier-small-hydraulic-welded-cylinder-piston-hydraulic-cylinder\/","title":{"rendered":"10022 It\u0101lijas pieg\u0101d\u0101t\u0101js Mazs hidrauliskais metin\u0101tais cilindrs Virzu\u013ca hidrauliskais cilindrs"},"content":{"rendered":"<p>10022 It\u0101lijas pieg\u0101d\u0101t\u0101ja mazais hidrauliskais metin\u0101tais cilindra virzu\u013chidrauliskais cilindrs ir paredz\u0113ts kompaktiem lietojumiem, kur ir ierobe\u017eota vieta, bet veiktsp\u0113ja ir b\u016btiska. \u0160im hidrauliskajam cilindram ir iztur\u012bga metin\u0101ta konstrukcija, kas nodro\u0161ina iztur\u012bbu un uzticam\u012bbu da\u017e\u0101dos r\u016bpnieciskos un lauksaimniec\u012bbas lietojumos.<\/p>\n<h4>Galven\u0101s iez\u012bmes:<\/h4>\n<ul>\n<li><strong>Metin\u0101ta konstrukcija<\/strong>Izgatavots ar augstas kvalit\u0101tes metin\u0101tu konstrukciju, lai uzlabotu iztur\u012bbu un nov\u0113rstu nopl\u016bdes, padarot to ide\u0101li piem\u0113rotu sare\u017e\u0123\u012btiem lietojumiem.<\/li>\n<li><strong>Kompakts izm\u0113rs<\/strong>Nelielais izm\u0113rs \u013cauj uzst\u0101d\u012bt \u0161aur\u0101s viet\u0101s, padarot to piem\u0113rotu da\u017e\u0101d\u0101m ma\u0161\u012bn\u0101m un iek\u0101rt\u0101m.<\/li>\n<li><strong>Divk\u0101r\u0161as darb\u012bbas funkcionalit\u0101te<\/strong>Nodro\u0161ina uzticamu darb\u012bbu gan izstiep\u0161anas, gan ievilk\u0161anas f\u0101z\u0113s, garant\u0113jot prec\u012bzu kontroli darb\u012bbas laik\u0101.<\/li>\n<li><strong>Korozijiztur\u012bga apdare<\/strong>P\u0101rkl\u0101ts, lai aizsarg\u0101tu pret r\u016bsu un koroziju, nodro\u0161inot ilgm\u016b\u017e\u012bbu un uzticamu veiktsp\u0113ju \u0101ra apst\u0101k\u013cos.<\/li>\n<li><strong>Vienk\u0101r\u0161a uzst\u0101d\u012b\u0161ana<\/strong>Paredz\u0113ts vienk\u0101r\u0161ai integr\u0101cijai eso\u0161aj\u0101s sist\u0113m\u0101s, samazinot d\u012bkst\u0101ves laiku un uzlabojot produktivit\u0101ti.<\/li>\n<li><img decoding=\"async\" src=\"https:\/\/hzpt.com\/wp-content\/uploads\/2023\/12\/random-3.webp\" alt=\"\" title=\"\"><\/li>\n<\/ul>\n<h4>Ieguvumi:<\/h4>\n<ul>\n<li><strong>Uzlabota veiktsp\u0113ja<\/strong>Optimiz\u0113 apr\u012bkojuma funkcionalit\u0101ti, veicinot vienm\u0113r\u012bgas un efekt\u012bvas pacel\u0161anas un nolai\u0161anas darb\u012bbas.<\/li>\n<li><strong>Daudzpus\u012bgi pielietojumi<\/strong>Piem\u0113rots pla\u0161am pielietojumu kl\u0101stam lauksaimniec\u012bb\u0101, b\u016bvniec\u012bb\u0101 un r\u016bpniec\u012bbas ma\u0161\u012bn\u0101s.<\/li>\n<li><strong>Uzticam\u012bba un iztur\u012bba<\/strong>: Izstr\u0101d\u0101ts, lai iztur\u0113tu skarbus apst\u0101k\u013cus un lielas slodzes, samazinot apkopes nepiecie\u0161am\u012bbu un pagarinot kalpo\u0161anas laiku.<\/li>\n<\/ul>\n<p>10022 It\u0101lijas pieg\u0101d\u0101t\u0101ja mazais hidrauliskais metin\u0101tais cilindra virzu\u013chidrauliskais cilindrs ir b\u016btiska jebkura apr\u012bkojuma sast\u0101vda\u013ca, kam nepiecie\u0161ama uzticama hidrauliska darb\u012bba kompakt\u0101 veid\u0101. T\u0101 iztur\u012bg\u0101 konstrukcija un efekt\u012bvais dizains padara to par v\u0113rt\u012bgu izv\u0113li da\u017e\u0101diem pielietojumiem.<\/p>\n<table border=\"1\"><!-- Insert product details here --><\/table>\n<p>&nbsp;<\/p>\n<p><img decoding=\"async\" src=\"https:\/\/hzpt.com\/wp-content\/uploads\/2023\/12\/random-4.webp\" alt=\"\" title=\"\"><\/p>\n<h2>Metin\u0101t\u0101 T veida cilindra priek\u0161roc\u012bbas<\/h2>\n<ul>\n<li style=\"list-style-type: none;\">\n<ul>\n<li><strong>Palielin\u0101ts sp\u0113ks:<\/strong> Metin\u0101tie T veida cilindri ir paz\u012bstami ar savu augsto iztur\u012bbu, padarot tos piem\u0113rotus lietojumiem, kuros nepiecie\u0161ama smagu kravu cel\u0161ana. \u0160o cilindru ra\u017eo\u0161anas laik\u0101 izmantotais metin\u0101\u0161anas process nodro\u0161ina, ka cilindram nav v\u0101ju punktu un tas var iztur\u0113t augstu spiedienu un spriegumu.<\/li>\n<\/ul>\n<\/li>\n<\/ul>\n<p>Kad uz cilindru tiek iedarbin\u0101ts spiediens, tas vienm\u0113r\u012bgi sadal\u0101s pa visu virsmu, padarot to iztur\u012bgu pret deform\u0101ciju. \u0160\u012b \u012bpa\u0161\u012bba nodro\u0161ina, ka cilindrs saglab\u0101 savu formu un struktur\u0101lo integrit\u0101ti pat ekstrem\u0101los apst\u0101k\u013cos.<\/p>\n<ul>\n<li style=\"list-style-type: none;\">\n<ul>\n<li><strong>Nopl\u016b\u017eu nov\u0113r\u0161ana:<\/strong> Metin\u0101tie T veida cilindri ir izstr\u0101d\u0101ti, lai nov\u0113rstu nopl\u016bdes. Ra\u017eo\u0161anas proces\u0101 izmantotais metin\u0101\u0161anas process nodro\u0161ina, ka cilindrs ir piln\u012bb\u0101 nosl\u0113gts un bez jebk\u0101d\u0101m iesp\u0113jam\u0101m nopl\u016bd\u0113m. \u0160\u012b \u012bpa\u0161\u012bba padara tos piem\u0113rotus lieto\u0161anai lietojumos, kur nopl\u016bde var\u0113tu izrais\u012bt nopietnus boj\u0101jumus vai traumas.<\/li>\n<\/ul>\n<\/li>\n<\/ul>\n<p>Metin\u0101tie savienojumi ir gludi, bez plais\u0101m vai riev\u0101m, kur var\u0113tu uzkr\u0101ties gru\u017ei vai net\u012brumi, t\u0101d\u0113j\u0101di samazinot korozijas un cilindra boj\u0101jumu risku.<\/p>\n<ul>\n<li style=\"list-style-type: none;\">\n<ul>\n<li><strong>Piel\u0101gojams:<\/strong> Metin\u0101tos T veida cilindrus var piel\u0101got konkr\u0113tiem pielietojumiem. Cilindri ir pieejami da\u017e\u0101dos izm\u0113ros un form\u0101s, un tos var izgatavot atbilsto\u0161i konkr\u0113t\u0101 pielietojuma pras\u012bb\u0101m.<\/li>\n<\/ul>\n<\/li>\n<\/ul>\n<p>Piel\u0101go\u0161anas process \u013cauj optimiz\u0113t cilindra veiktsp\u0113ju, nodro\u0161inot, ka tas ir piem\u0113rots paredz\u0113tajam pielietojumam. \u0160\u012b \u012bpa\u0161\u012bba padara metin\u0101tus T veida cilindrus ide\u0101li piem\u0113rotus izmanto\u0161anai da\u017e\u0101dos r\u016bpnieciskos pielietojumos, tostarp b\u016bvniec\u012bb\u0101, ieguves r\u016bpniec\u012bb\u0101 un materi\u0101lu apstr\u0101d\u0113.<\/p>\n<ul>\n<li style=\"list-style-type: none;\">\n<ul>\n<li><strong>Izmaksu zi\u0146\u0101 efekt\u012bvs:<\/strong> Metin\u0101tie T veida cilindri ir izmaksu zi\u0146\u0101 efekt\u012bv\u0101ki sal\u012bdzin\u0101jum\u0101 ar cita veida cilindriem. \u0160o cilindru ra\u017eo\u0161anas process ir vienk\u0101r\u0161s, t\u0101p\u0113c tie ir l\u0113t\u0101ki nek\u0101 cita veida cilindri.<\/li>\n<\/ul>\n<\/li>\n<\/ul>\n<p>Turkl\u0101t metin\u0101to T veida cilindru augst\u0101 iztur\u012bba un ilgm\u016b\u017e\u012bba samazina nepiecie\u0161am\u012bbu p\u0113c bie\u017ea remonta un nomai\u0146as, t\u0101d\u0113j\u0101di ietaupot apkopes izmaksas. \u0160\u012b \u012bpa\u0161\u012bba padara tos par popul\u0101ru izv\u0113li daudz\u0101s nozar\u0113s, \u012bpa\u0161i taj\u0101s, kur\u0101m ir ierobe\u017eots bud\u017eets.<\/p>\n<ul>\n<li style=\"list-style-type: none;\">\n<ul>\n<li><strong>Paaugstin\u0101ta efektivit\u0101te:<\/strong> Metin\u0101tie T veida cilindri ir \u013coti efekt\u012bvi un lietder\u012bgi. Cilindra konstrukcija nodro\u0161ina, ka pieliktais sp\u0113ks tiek tie\u0161i p\u0101rnests uz slodzi, samazinot ener\u0123ijas zudumus un palielinot efektivit\u0101ti.<\/li>\n<\/ul>\n<\/li>\n<\/ul>\n<p>Metin\u0101tie savienojumi ir iztur\u012bgi un stingri, samazinot novirzi un nodro\u0161inot, ka cilindrs saglab\u0101 savu formu un struktur\u0101lo integrit\u0101ti pat ekstrem\u0101los apst\u0101k\u013cos. \u0160\u012b \u012bpa\u0161\u012bba padara metin\u0101tos T veida cilindrus ide\u0101li piem\u0113rotus lieto\u0161anai lietojumos, kuriem nepiecie\u0161ama augsta efektivit\u0101te un uzticam\u012bba.<\/p>\n<h2>Metin\u0101t\u0101 T veida cilindra pielietojums<\/h2>\n<h3>Ievads<\/h3>\n<p>Metin\u0101ts T veida cilindrs ir hidraulisk\u0101 cilindra veids, ko parasti izmanto r\u016bpnieciskos lietojumos. Tas ir paredz\u0113ts, lai nodro\u0161in\u0101tu lielu sp\u0113ka jaudu kompakt\u0101 un izmaksu zi\u0146\u0101 efekt\u012bv\u0101 iepakojum\u0101. \u0160\u0101da veida cilindrs sast\u0101v no metin\u0101ta T veida un virzu\u013ca stie\u0146a, kas ir piestiprin\u0101ts pie T veida. T veida savienojums ir savienots ar cilindra korpusu un satur virzuli, kas p\u0101rvietojas uz priek\u0161u un atpaka\u013c korpusa iek\u0161pus\u0113, lai rad\u012btu sp\u0113ku.<\/p>\n<h3>Metin\u0101t\u0101 T veida cilindra priek\u0161roc\u012bbas<\/h3>\n<p>R\u016bpnieciskos pielietojumos metin\u0101ta T veida cilindra izmanto\u0161anai ir vair\u0101kas priek\u0161roc\u012bbas:<\/p>\n<ul>\n<li><b>Kompakts dizains:<\/b> Metin\u0101tie T veida cilindri ir konstru\u0113ti t\u0101, lai tie b\u016btu kompakti, kas padara tos ide\u0101li piem\u0113rotus lieto\u0161anai viet\u0101s, kur ir ierobe\u017eota vieta.<\/li>\n<li><b>Augsta efektivit\u0101te:<\/b> Metin\u0101tie T veida cilindri ir \u013coti efekt\u012bvi, kas noz\u012bm\u0113, ka tie var rad\u012bt lielu sp\u0113ku ar minim\u0101lu ener\u0123ijas pat\u0113ri\u0146u.<\/li>\n<li><b>Iztur\u012bgs:<\/b> Metin\u0101tie T veida cilindri ir konstru\u0113ti t\u0101, lai tie b\u016btu \u013coti iztur\u012bgi, kas noz\u012bm\u0113, ka tie var iztur\u0113t skarbus ekspluat\u0101cijas apst\u0101k\u013cus un kalpot ilgu laiku.<\/li>\n<li><b>Izmaksu zi\u0146\u0101 efekt\u012bvs:<\/b> Metin\u0101tie T veida cilindri ir rentabli, kas noz\u012bm\u0113, ka tie nodro\u0161ina labu cenas un v\u0113rt\u012bbas attiec\u012bbu.<\/li>\n<\/ul>\n<h3>Metin\u0101t\u0101 T veida cilindra pielietojums<\/h3>\n<p>Metin\u0101tiem T veida cilindriem ir daudz pielietojumu da\u017e\u0101d\u0101s nozar\u0113s, tostarp:<\/p>\n<ul>\n<li><b>Ra\u017eo\u0161ana:<\/b> Metin\u0101tie T veida cilindri tiek izmantoti ra\u017eo\u0161an\u0101, lai darbin\u0101tu ma\u0161\u012bnas, p\u0101rvietotu smagas kravas un veidotu met\u0101la deta\u013cas.<\/li>\n<li><b>Lauksaimniec\u012bba:<\/b> Metin\u0101tie T veida cilindri tiek izmantoti lauksaimniec\u012bb\u0101, lai darbin\u0101tu hidraulisk\u0101s sist\u0113mas traktoros, kombainos un cit\u0101 lauksaimniec\u012bbas apr\u012bkojum\u0101.<\/li>\n<li><b>B\u016bvniec\u012bba:<\/b> Metin\u0101tie T veida cilindri tiek izmantoti b\u016bvniec\u012bb\u0101, lai darbin\u0101tu t\u0101das ma\u0161\u012bnas k\u0101 celt\u0146i, ekskavatori un ekskavatori.<\/li>\n<li><b>Kalnr\u016bpniec\u012bba:<\/b> Metin\u0101tie T veida cilindri tiek izmantoti kalnr\u016bpniec\u012bb\u0101, lai darbin\u0101tu hidraulisk\u0101s sist\u0113mas smagaj\u0101m iek\u0101rt\u0101m, piem\u0113ram, buldozeriem, iekr\u0101v\u0113jiem un klin\u0161u urb\u0161anas iek\u0101rt\u0101m.<\/li>\n<li><b>Transports:<\/b> Metin\u0101tie T veida cilindri tiek izmantoti transport\u0101, lai darbin\u0101tu hidraulisk\u0101s sist\u0113mas kravas automa\u0161\u012bn\u0101s, autobusos un citos transportl\u012bdzek\u013cos.<\/li>\n<\/ul>\n<h3>Secin\u0101jums<\/h3>\n<p>Nosl\u0113gum\u0101 j\u0101saka, ka metin\u0101tie T veida cilindri ir svar\u012bga sast\u0101vda\u013ca daudzos r\u016bpnieciskos pielietojumos. Tie ir konstru\u0113ti t\u0101, lai b\u016btu kompakti, efekt\u012bvi, iztur\u012bgi un rentabli, padarot tos par ide\u0101lu izv\u0113li pla\u0161am pielietojumu kl\u0101stam. Neatkar\u012bgi no t\u0101, vai j\u016bs darbin\u0101t ma\u0161\u012bnas ra\u017eo\u0161anas r\u016bpn\u012bc\u0101, lauksaimniec\u012bbas tehniku \u200b\u200bferm\u0101 vai smago tehniku \u200b\u200braktuv\u0113s, metin\u0101tie T veida cilindri var pal\u012bdz\u0113t jums paveikt darbu efekt\u012bvi un lietder\u012bgi.<\/p>\n<h3>Par FMP<\/h3>\n<p>FMP, kas dibin\u0101ts pirms vair\u0101k nek\u0101 30 gadiem, ir vado\u0161ais hidraulisko cilindru ra\u017eot\u0101js un pieg\u0101d\u0101t\u0101js. M\u016bsu r\u016bpniecisk\u0101 zona atrodas It\u0101lij\u0101, un t\u0101 ir apr\u012bkota ar vair\u0101k nek\u0101 100 augst\u0101k\u0101s klases iek\u0101rt\u0101m, tostarp autom\u0101tisk\u0101m g\u0101zes ekran\u0113t\u0101m metin\u0101\u0161anas iek\u0101rt\u0101m, dzi\u013curbumu urb\u0161anas iek\u0101rt\u0101m, CNC virp\u0101m, cilindrisk\u0101m sl\u012bpma\u0161\u012bn\u0101m, autom\u0101tisk\u0101m t\u012br\u012b\u0161anas iek\u0101rt\u0101m, autom\u0101tisk\u0101m uzst\u0101d\u012b\u0161anas iek\u0101rt\u0101m, autom\u0101tiskiem hidraulisko cilindru veiktsp\u0113jas p\u0101rbaudes stendiem un autom\u0101tisk\u0101m kr\u0101so\u0161anas l\u012bnij\u0101m.<\/p>\n<p><img decoding=\"async\" src=\"https:\/\/fmp-components.com\/wp-content\/uploads\/2024\/12\/fmp-factory-4.webp\" alt=\"FMP r\u016bpn\u012bca\" width=\"800\" title=\"\"><\/p>\n<p>M\u0113s lepojamies ar sav\u0101m stingraj\u0101m apstr\u0101des un p\u0101rbaudes proced\u016br\u0101m, nodro\u0161inot, ka katrs hidrauliskais cilindrs tiek r\u016bp\u012bgi p\u0101rbaud\u012bts, lai garant\u0113tu izcilu kvalit\u0101ti m\u016bsu klientiem.<\/p>\n<ol>\n<li><strong>Dizaina pakalpojums:<\/strong> M\u016bsu pieredz\u0113ju\u0161\u0101 projekt\u0113\u0161anas komanda ir labi p\u0101rzina kard\u0101nv\u0101rpstu produktu dizainu un izstr\u0101di. Neatkar\u012bgi no t\u0101, vai jums ir nepiecie\u0161ami jauni produkti vai eso\u0161o uzlabojumi, m\u0113s esam \u0161eit, lai j\u016bs atbalst\u012btu.<\/li>\n<li><strong>Produkta pakalpojums:<\/strong> M\u016bsu visaptvero\u0161ais produktu serviss aptver visu ra\u017eo\u0161anas procesu, s\u0101kot no izejviel\u0101m l\u012bdz grie\u0161anai, rupjai apstr\u0101dei, test\u0113\u0161anai, t\u012br\u012b\u0161anai, mont\u0101\u017eai, iepako\u0161anai un transport\u0113\u0161anai.<\/li>\n<li><strong>Parauga process:<\/strong> M\u0113s pied\u0101v\u0101jam piel\u0101gojamu paraugu izstr\u0101di atbilsto\u0161i j\u016bsu pras\u012bb\u0101m. M\u0113s past\u0101v\u012bgi modific\u0113jam paraugus, lai tie atbilstu j\u016bsu \u012bpa\u0161aj\u0101m vajadz\u012bb\u0101m, nodro\u0161inot, ka gala produkts ir piel\u0101gots j\u016bsu gaumei.<\/li>\n<li><strong>P\u0113tniec\u012bba un att\u012bst\u012bba:<\/strong> Att\u012bstoties tirgus tendenc\u0113m, m\u0113s vienm\u0113r esam inov\u0101ciju priek\u0161gal\u0101. M\u0113s pla\u0161i p\u0113t\u0101m jaun\u0101s tirgus pras\u012bbas un izstr\u0101d\u0101jam jaunus hidraulisko cilindru mode\u013cus, lai apmierin\u0101tu m\u016bsu klientu past\u0101v\u012bgi main\u012bg\u0101s vajadz\u012bbas.<\/li>\n<li><strong>Piel\u0101go\u0161ana:<\/strong> Uz\u0146\u0113mum\u0101 FMP m\u0113s specializ\u0113jamies da\u017e\u0101du veidu hidraulisko cilindru ra\u017eo\u0161an\u0101 un p\u0101rdo\u0161an\u0101. M\u0113s lepojamies ar savu sp\u0113ju piel\u0101got savus produktus atbilsto\u0161i klientu unik\u0101laj\u0101m pras\u012bb\u0101m. S\u0101kot no projekt\u0113\u0161anas l\u012bdz ra\u017eo\u0161anai, m\u016bsu komanda cen\u0161as sniegt risin\u0101jumus, kas p\u0101rsniedz cer\u012bbas.<\/li>\n<\/ol>\n<p>Ar m\u016bsu pla\u0161o augstas kvalit\u0101tes produktu kl\u0101stu un ap\u0146em\u0161anos nodro\u0161in\u0101t klientu apmierin\u0101t\u012bbu m\u0113s aicin\u0101m j\u016bs sadarboties ar FMP. Izbaudiet m\u016bsu izcilos produktus un pakalpojumus un atkl\u0101jiet, k\u0101p\u0113c m\u0113s esam nozares lab\u0101k\u0101 izv\u0113le.<\/p>\n<p>Autors: CX<\/p>","protected":false},"excerpt":{"rendered":"<p>The 10022 Italy Supplier Small Hydraulic Welded Cylinder Piston Hydraulic Cylinder is designed for compact applications where space is limited but performance is essential. This hydraulic cylinder features a robust welded construction, ensuring durability and reliability in various industrial and agricultural uses. Key Features: Welded Construction: Built with high-quality welded design to enhance strength and [&hellip;]<\/p>","protected":false},"featured_media":1132,"comment_status":"closed","ping_status":"closed","template":"","meta":{"_et_pb_use_builder":"","_et_pb_old_content":"","_et_gb_content_width":""},"product_brand":[],"product_cat":[31],"product_tag":[34,35],"class_list":{"0":"post-942","1":"product","2":"type-product","3":"status-publish","4":"has-post-thumbnail","6":"product_cat-welded-tee-type-cylinder","7":"product_tag-hydraulic-cylinder","8":"product_tag-welded-tee-type-cylinder","10":"first","11":"instock","12":"product-type-simple"},"_links":{"self":[{"href":"https:\/\/fmp-components.com\/lv\/wp-json\/wp\/v2\/product\/942","targetHints":{"allow":["GET"]}}],"collection":[{"href":"https:\/\/fmp-components.com\/lv\/wp-json\/wp\/v2\/product"}],"about":[{"href":"https:\/\/fmp-components.com\/lv\/wp-json\/wp\/v2\/types\/product"}],"replies":[{"embeddable":true,"href":"https:\/\/fmp-components.com\/lv\/wp-json\/wp\/v2\/comments?post=942"}],"wp:featuredmedia":[{"embeddable":true,"href":"https:\/\/fmp-components.com\/lv\/wp-json\/wp\/v2\/media\/1132"}],"wp:attachment":[{"href":"https:\/\/fmp-components.com\/lv\/wp-json\/wp\/v2\/media?parent=942"}],"wp:term":[{"taxonomy":"product_brand","embeddable":true,"href":"https:\/\/fmp-components.com\/lv\/wp-json\/wp\/v2\/product_brand?post=942"},{"taxonomy":"product_cat","embeddable":true,"href":"https:\/\/fmp-components.com\/lv\/wp-json\/wp\/v2\/product_cat?post=942"},{"taxonomy":"product_tag","embeddable":true,"href":"https:\/\/fmp-components.com\/lv\/wp-json\/wp\/v2\/product_tag?post=942"}],"curies":[{"name":"wp","href":"https:\/\/api.w.org\/{rel}","templated":true}]}}