{"id":940,"date":"2024-12-19T03:39:43","date_gmt":"2024-12-19T03:39:43","guid":{"rendered":"https:\/\/fmp-components.com\/product\/10020-professional-tow-truck-double-acting-hydraulic-cylinder\/"},"modified":"2024-12-26T08:57:19","modified_gmt":"2024-12-26T08:57:19","slug":"10020-professional-tow-truck-double-acting-hydraulic-cylinder","status":"publish","type":"product","link":"https:\/\/fmp-components.com\/lv\/product\/10020-professional-tow-truck-double-acting-hydraulic-cylinder\/","title":{"rendered":"10020 Profesion\u0101ls evakuatora divk\u0101r\u0161as darb\u012bbas hidrauliskais cilindrs"},"content":{"rendered":"<p>10020 profesion\u0101lais evakuatora divk\u0101r\u0161\u0101s darb\u012bbas hidrauliskais cilindrs ir izstr\u0101d\u0101ts optim\u0101lai veiktsp\u0113jai un uzticam\u012bbai vilk\u0161anas darbos. \u0160is hidrauliskais cilindrs, kas paredz\u0113ts evakuatora darb\u012bbas sare\u017e\u0123\u012btajiem apst\u0101k\u013ciem, nodro\u0161ina jaud\u012bgas pacel\u0161anas un nolai\u0161anas iesp\u0113jas, garant\u0113jot efektivit\u0101ti un dro\u0161\u012bbu visos uzdevumos.<\/p>\n<h4>Galven\u0101s iez\u012bmes:<\/h4>\n<ul>\n<li><strong>Divk\u0101r\u0161as darb\u012bbas meh\u0101nisms<\/strong>Nodro\u0161ina vienm\u0113r\u012bgu darb\u012bbu gan izvilk\u0161anas, gan ievilk\u0161anas laik\u0101, nodro\u0161inot prec\u012bzu kontroli vilk\u0161anas un evaku\u0101cijas laik\u0101.<\/li>\n<li><strong>Profesion\u0101las klases b\u016bvniec\u012bba<\/strong>Izgatavots no augstas kvalit\u0101tes materi\u0101liem, lai nodro\u0161in\u0101tu iztur\u012bbu un ilgm\u016b\u017e\u012bbu, sp\u0113jot iztur\u0113t lielas slodzes un intens\u012bvu lieto\u0161anu.<\/li>\n<li><strong>Augsta kravnes\u012bba<\/strong>\u012apa\u0161i izstr\u0101d\u0101ts, lai iztur\u0113tu iev\u0113rojamus sp\u0113kus, padarot to ide\u0101li piem\u0113rotu profesion\u0101liem evakuatoru lietojumiem.<\/li>\n<li><strong>Korozijiztur\u012bga apdare<\/strong>P\u0101rkl\u0101ts, lai aizsarg\u0101tu pret r\u016bsu un koroziju, nodro\u0161inot ilgsto\u0161u veiktsp\u0113ju da\u017e\u0101dos laika apst\u0101k\u013cos.<\/li>\n<li><strong>Vienk\u0101r\u0161a uzst\u0101d\u012b\u0161ana<\/strong>Izstr\u0101d\u0101ts vienk\u0101r\u0161ai integr\u0101cijai eso\u0161aj\u0101s evakuatoru sist\u0113m\u0101s, samazinot uzst\u0101d\u012b\u0161anas laiku un palielinot efektivit\u0101ti.<\/li>\n<\/ul>\n<p><img loading=\"lazy\" decoding=\"async\" class=\"alignnone size-full wp-image-975\" src=\"https:\/\/fmp-components.com\/wp-content\/uploads\/2024\/12\/Welded-Tee-Type-Cylinder1.webp\" alt=\"Metin\u0101ts T veida cilindrs\" width=\"759\" height=\"761\" title=\"\" srcset=\"https:\/\/fmp-components.com\/wp-content\/uploads\/2024\/12\/Welded-Tee-Type-Cylinder1.webp 759w, https:\/\/fmp-components.com\/wp-content\/uploads\/2024\/12\/Welded-Tee-Type-Cylinder1-480x481.webp 480w\" sizes=\"(min-width: 0px) and (max-width: 480px) 480px, (min-width: 481px) 759px, 100vw\" \/><\/p>\n<h4>Ieguvumi:<\/h4>\n<ul>\n<li><strong>Paaugstin\u0101ta efektivit\u0101te<\/strong>Optimiz\u0113 evakuatoru darb\u012bbu, veicinot vienm\u0113r\u012bgas un uzticamas pacel\u0161anas un nolai\u0161anas darb\u012bbas.<\/li>\n<li><strong>Daudzpus\u012bgi pielietojumi<\/strong>Piem\u0113rots da\u017e\u0101diem vilk\u0161anas uzdevumiem, padarot to par b\u016btisku sast\u0101vda\u013cu evakuatoru operatoriem.<\/li>\n<li><strong>Samazin\u0101tas uztur\u0113\u0161anas izmaksas<\/strong>Iztur\u012bga konstrukcija samazina nodilumu, t\u0101d\u0113j\u0101di samazinot apkopes un nomai\u0146as izmaksas.<\/li>\n<\/ul>\n<p>10020 Professional Tow Truck divk\u0101r\u0161\u0101s darb\u012bbas hidrauliskais cilindrs ir b\u016btiska jebkura evakuatora sast\u0101vda\u013ca, kas nodro\u0161ina uzticamu veiktsp\u0113ju un efektivit\u0101ti. T\u0101 iztur\u012bg\u0101 konstrukcija un liel\u0101 kravnes\u012bba padara to par lielisku izv\u0113li profesion\u0101\u013ciem, kuri mekl\u0113 kvalit\u0101ti un iztur\u012bbu sav\u0101 vilk\u0161anas apr\u012bkojum\u0101.<\/p>\n<h3>Funkcijas un funkcijas<\/h3>\n<p>M\u016bsu hidrauliskais cilindrs ir b\u016btiska sast\u0101vda\u013ca pla\u0161\u0101 r\u016bpniecisko iek\u0101rtu un lieljaudas transportl\u012bdzek\u013cu kl\u0101st\u0101. Tas ir paredz\u0113ts sp\u0113ka \u0123ener\u0113\u0161anai ar vienvirziena g\u0101jienu, padarot to par b\u016btisku lietojumos, kuros nepiecie\u0161ama prec\u012bza un jaud\u012bga line\u0101ra kust\u012bba. M\u016bsu hidrauliskais cilindrs, kas ir paz\u012bstams ar savu iztur\u012bbu un efektivit\u0101ti, izce\u013cas ar izcilu veiktsp\u0113ju sare\u017e\u0123\u012btos apst\u0101k\u013cos, nodro\u0161inot uzticamu veiktsp\u0113ju da\u017e\u0101dos apst\u0101k\u013cos.<\/p>\n<h3>Unik\u0101las \u012bpa\u0161\u012bbas un priek\u0161roc\u012bbas<\/h3>\n<ul>\n<li><strong>Energoefekt\u012bvs:<\/strong><br \/>\nM\u016bsu hidrauliskais cilindrs ir izstr\u0101d\u0101ts, lai maksim\u0101li palielin\u0101tu ener\u0123ijas pat\u0113ri\u0146u, samazinot ener\u0123ijas pat\u0113ri\u0146u, vienlaikus saglab\u0101jot augstu darb\u012bbas efektivit\u0101ti. \u0160\u012b energoefektivit\u0101te ne tikai samazina ekspluat\u0101cijas izmaksas, bet ar\u012b veicina vides ilgtsp\u0113j\u012bbu, samazinot atkritumus.<\/li>\n<li><strong>Augsta veiktsp\u0113ja:<\/strong><br \/>\nHidrauliskais cilindrs, kas izstr\u0101d\u0101ts optim\u0101lai veiktsp\u0113jai, var iztur\u0113t iev\u0113rojamas slodzes un nodro\u0161in\u0101t vienm\u0113r\u012bgu sp\u0113ku. T\u0101 iztur\u012bg\u0101 konstrukcija nodro\u0161ina uzticamu darb\u012bbu pat vissare\u017e\u0123\u012bt\u0101kajos apst\u0101k\u013cos, padarot to ide\u0101li piem\u0113rotu lieljaudas lietojumiem.<\/li>\n<li><strong>Dro\u0161s lieto\u0161anai:<\/strong><br \/>\nDro\u0161\u012bba ir viens no galvenajiem apsv\u0113rumiem m\u016bsu hidraulisk\u0101 cilindra projekt\u0113\u0161an\u0101. Taj\u0101 ir iek\u013cautas uzlabotas dro\u0161\u012bbas funkcijas, kas nov\u0113r\u0161 nejau\u0161u atvieno\u0161anos un samazina hidraulisko k\u013c\u016bmju risku. Tas nodro\u0161ina, ka operatori var str\u0101d\u0101t ar p\u0101rliec\u012bbu, zinot, ka apr\u012bkojums ir dro\u0161s un uzticams.<\/li>\n<\/ul>\n<h3>Hidraulisk\u0101 sist\u0113ma un darb\u012bbas princips<\/h3>\n<p>Hidrauliskais cilindrs darbojas p\u0113c spiediena hidraulisk\u0101 \u0161\u0137idruma, parasti e\u013c\u013cas, principa, ko izmanto line\u0101ra sp\u0113ka un kust\u012bbas rad\u012b\u0161anai. Kad hidrauliskais \u0161\u0137idrums tiek ies\u016bkn\u0113ts cilindr\u0101, tas rada spiedienu uz iek\u0161\u0113jo virzuli. \u0160is spiediens rada sp\u0113c\u012bgu sp\u0113ku, kas virza virzuli uz priek\u0161u, \u013caujot veikt da\u017e\u0101das darb\u012bbas, piem\u0113ram, cel\u0161anu, stum\u0161anu vai vilk\u0161anu.<\/p>\n<p>Evakuatora darb\u012bbas kontekst\u0101 \u0161is hidrauliskais sp\u0113ks ir b\u016btisks smagu kravu prec\u012bzai pacel\u0161anai un manevr\u0113\u0161anai. Sp\u0113ja kontrol\u0113t hidraulisk\u0101 cilindra \u0101trumu un virzienu \u013cauj operatoriem viegli veikt sare\u017e\u0123\u012btus uzdevumus, uzlabojot vilk\u0161anas oper\u0101ciju kop\u0113jo efektivit\u0101ti. Izmantojot hidraulisk\u0101s sist\u0113mas iesp\u0113jas, m\u016bsu hidrauliskais cilindrs iev\u0113rojami veicina r\u016bpniecisko iek\u0101rtu un transportl\u012bdzek\u013cu efektivit\u0101ti un dro\u0161\u012bbu, nodro\u0161inot to maksim\u0101lu darb\u012bbu.<\/p>\n<p><img loading=\"lazy\" decoding=\"async\" class=\"size-full wp-image-976 aligncenter\" src=\"https:\/\/fmp-components.com\/wp-content\/uploads\/2024\/12\/Welded-Tee-Type-Cylinder2.webp\" alt=\"Metin\u0101ts T veida cilindrs\" width=\"764\" height=\"675\" title=\"\" srcset=\"https:\/\/fmp-components.com\/wp-content\/uploads\/2024\/12\/Welded-Tee-Type-Cylinder2.webp 764w, https:\/\/fmp-components.com\/wp-content\/uploads\/2024\/12\/Welded-Tee-Type-Cylinder2-480x424.webp 480w\" sizes=\"(min-width: 0px) and (max-width: 480px) 480px, (min-width: 481px) 764px, 100vw\" \/><\/p>\n<h2>Hidraulisk\u0101 cilindra pielietojums<\/h2>\n<p>M\u016bsu hidrauliskais cilindrs galvenok\u0101rt tiek izmantots evakuatoros. Tam ir iz\u0161\u0137iro\u0161a noz\u012bme transportl\u012bdzek\u013cu vilk\u0161an\u0101, nodro\u0161inot nepiecie\u0161amo sp\u0113ku.<\/p>\n<p>L\u016bdzu, dodieties virtu\u0101l\u0101 ekskursij\u0101 pa m\u016bsu r\u016bpn\u012bcu, lai tuv\u0101k iepaz\u012btos ar m\u016bsu ra\u017eo\u0161anas procesu: <iframe loading=\"lazy\" id=\"FMP VR ????\" title=\"FMP VR ????\" src=\"https:\/\/v.holoworld.com.cn\/v\/virtualbuy.html?id=78a76263-47ab-485f-b978-0dafacfb4096\" width=\"800\" height=\"600\"><\/iframe><\/p>\n<h2>Par hidraulisko cilindru<\/h2>\n<p>Hidrauliskajiem cilindriem ir bag\u0101ta v\u0113sture, un tie ir pieejami da\u017e\u0101dos veidos, katram ar sav\u0101m unik\u0101laj\u0101m priek\u0161roc\u012bb\u0101m. Tos ir viegli uzst\u0101d\u012bt, tiem nepiecie\u0161ama minim\u0101la apkope, un tie nodro\u0161ina ilgsto\u0161u kalpo\u0161anu.<\/p>\n<h2>Produktu izv\u0113le un reklam\u0113\u0161ana<\/h2>\n<p>Pareizas hidraulisk\u0101s e\u013c\u013cas un bl\u012bv\u0113juma izv\u0113le ir \u013coti svar\u012bga hidraulisk\u0101 cilindra efekt\u012bvai darb\u012bbai. M\u0113s, FMP, sniedzam visaptvero\u0161as vadl\u012bnijas par produktu izv\u0113li, uzst\u0101d\u012b\u0161anu un apkopi.<\/p>\n<p>FMP ie\u0146em vado\u0161o poz\u012bciju mobilo ma\u0161\u012bnu hidraulisko cilindru apak\u0161tirg\u016b It\u0101lij\u0101. M\u016bsu produktu kl\u0101st\u0101 ietilpst hidrauliskie sl\u012bpuma cilindri, hidrauliskie st\u016bres cilindri un hidrauliskie pacel\u0161anas cilindri. M\u016bsu projekt\u0113t\u0101 jauda ir 200\u00a0000 komplektu, un m\u0113s esam apr\u012bkoti ar 300 da\u017e\u0101du veidu piln\u012bb\u0101 autom\u0101tisku CNC ra\u017eo\u0161anas iek\u0101rtu un piln\u012bb\u0101 autom\u0101tisku hidraulisko cilindru mont\u0101\u017eas iek\u0101rtu komplektiem.<\/p>\n<p>Papildus divk\u0101r\u0161as darb\u012bbas hidrauliskajiem cilindriem m\u0113s pieg\u0101d\u0101jam ar\u012b pac\u0113l\u0101ju platformu cilindrus, r\u016bpniecisko transportl\u012bdzek\u013cu hidrauliskos cilindrus, rot\u0101cijas urb\u0161anas platformu cilindrus, kravas automa\u0161\u012bnu celt\u0146u cilindrus, celtniec\u012bbas tehnikas hidrauliskos cilindrus, <b>Iekr\u0101v\u0113ja hidrauliskie cilindri<\/b>, pa\u0161izg\u0101z\u0113ju cilindri un sanit\u0101rijas iek\u0101rtu hidrauliskie cilindri. M\u0113s aicin\u0101m klientus piel\u0101got savus pas\u016bt\u012bjumus.<\/p>\n<p><img decoding=\"async\" class=\"aligncenter\" src=\"https:\/\/hzpt.com\/wp-content\/uploads\/2023\/12\/random-4.webp\" alt=\"\" title=\"\"><\/p>\n<h2>Metin\u0101t\u0101 T veida cilindra priek\u0161roc\u012bbas<\/h2>\n<ul>\n<li style=\"list-style-type: none;\">\n<ul>\n<li><strong>Palielin\u0101ts sp\u0113ks:<\/strong> Metin\u0101tie T veida cilindri ir paz\u012bstami ar savu augsto iztur\u012bbu, padarot tos piem\u0113rotus lietojumiem, kuros nepiecie\u0161ama smagu kravu cel\u0161ana. \u0160o cilindru ra\u017eo\u0161anas laik\u0101 izmantotais metin\u0101\u0161anas process nodro\u0161ina, ka cilindram nav v\u0101ju punktu un tas var iztur\u0113t augstu spiedienu un spriegumu.<\/li>\n<\/ul>\n<\/li>\n<\/ul>\n<p>Kad uz cilindru tiek iedarbin\u0101ts spiediens, tas vienm\u0113r\u012bgi sadal\u0101s pa visu virsmu, padarot to iztur\u012bgu pret deform\u0101ciju. \u0160\u012b \u012bpa\u0161\u012bba nodro\u0161ina, ka cilindrs saglab\u0101 savu formu un struktur\u0101lo integrit\u0101ti pat ekstrem\u0101los apst\u0101k\u013cos.<\/p>\n<ul>\n<li style=\"list-style-type: none;\">\n<ul>\n<li><strong>Nopl\u016b\u017eu nov\u0113r\u0161ana:<\/strong> Metin\u0101tie T veida cilindri ir izstr\u0101d\u0101ti, lai nov\u0113rstu nopl\u016bdes. Ra\u017eo\u0161anas proces\u0101 izmantotais metin\u0101\u0161anas process nodro\u0161ina, ka cilindrs ir piln\u012bb\u0101 nosl\u0113gts un bez jebk\u0101d\u0101m iesp\u0113jam\u0101m nopl\u016bd\u0113m. \u0160\u012b \u012bpa\u0161\u012bba padara tos piem\u0113rotus lieto\u0161anai lietojumos, kur nopl\u016bde var\u0113tu izrais\u012bt nopietnus boj\u0101jumus vai traumas.<\/li>\n<\/ul>\n<\/li>\n<\/ul>\n<p>Metin\u0101tie savienojumi ir gludi, bez plais\u0101m vai riev\u0101m, kur var\u0113tu uzkr\u0101ties gru\u017ei vai net\u012brumi, t\u0101d\u0113j\u0101di samazinot korozijas un cilindra boj\u0101jumu risku.<\/p>\n<ul>\n<li style=\"list-style-type: none;\">\n<ul>\n<li><strong>Piel\u0101gojams:<\/strong> Metin\u0101tos T veida cilindrus var piel\u0101got konkr\u0113tiem pielietojumiem. Cilindri ir pieejami da\u017e\u0101dos izm\u0113ros un form\u0101s, un tos var izgatavot atbilsto\u0161i konkr\u0113t\u0101 pielietojuma pras\u012bb\u0101m.<\/li>\n<\/ul>\n<\/li>\n<\/ul>\n<p>Piel\u0101go\u0161anas process \u013cauj optimiz\u0113t cilindra veiktsp\u0113ju, nodro\u0161inot, ka tas ir piem\u0113rots paredz\u0113tajam pielietojumam. \u0160\u012b \u012bpa\u0161\u012bba padara metin\u0101tus T veida cilindrus ide\u0101li piem\u0113rotus izmanto\u0161anai da\u017e\u0101dos r\u016bpnieciskos pielietojumos, tostarp b\u016bvniec\u012bb\u0101, ieguves r\u016bpniec\u012bb\u0101 un materi\u0101lu apstr\u0101d\u0113.<\/p>\n<ul>\n<li style=\"list-style-type: none;\">\n<ul>\n<li><strong>Izmaksu zi\u0146\u0101 efekt\u012bvs:<\/strong> Metin\u0101tie T veida cilindri ir izmaksu zi\u0146\u0101 efekt\u012bv\u0101ki sal\u012bdzin\u0101jum\u0101 ar cita veida cilindriem. \u0160o cilindru ra\u017eo\u0161anas process ir vienk\u0101r\u0161s, t\u0101p\u0113c tie ir l\u0113t\u0101ki nek\u0101 cita veida cilindri.<\/li>\n<\/ul>\n<\/li>\n<\/ul>\n<p>Turkl\u0101t metin\u0101to T veida cilindru augst\u0101 iztur\u012bba un ilgm\u016b\u017e\u012bba samazina nepiecie\u0161am\u012bbu p\u0113c bie\u017ea remonta un nomai\u0146as, t\u0101d\u0113j\u0101di ietaupot apkopes izmaksas. \u0160\u012b \u012bpa\u0161\u012bba padara tos par popul\u0101ru izv\u0113li daudz\u0101s nozar\u0113s, \u012bpa\u0161i taj\u0101s, kur\u0101m ir ierobe\u017eots bud\u017eets.<\/p>\n<ul>\n<li style=\"list-style-type: none;\">\n<ul>\n<li><strong>Paaugstin\u0101ta efektivit\u0101te:<\/strong> Metin\u0101tie T veida cilindri ir \u013coti efekt\u012bvi un lietder\u012bgi. Cilindra konstrukcija nodro\u0161ina, ka pieliktais sp\u0113ks tiek tie\u0161i p\u0101rnests uz slodzi, samazinot ener\u0123ijas zudumus un palielinot efektivit\u0101ti.<\/li>\n<\/ul>\n<\/li>\n<\/ul>\n<p>Metin\u0101tie savienojumi ir iztur\u012bgi un stingri, samazinot novirzi un nodro\u0161inot, ka cilindrs saglab\u0101 savu formu un struktur\u0101lo integrit\u0101ti pat ekstrem\u0101los apst\u0101k\u013cos. \u0160\u012b \u012bpa\u0161\u012bba padara metin\u0101tos T veida cilindrus ide\u0101li piem\u0113rotus lieto\u0161anai lietojumos, kuriem nepiecie\u0161ama augsta efektivit\u0101te un uzticam\u012bba.<\/p>\n<h2>Metin\u0101t\u0101 T veida cilindra pielietojums<\/h2>\n<p>Metin\u0101ts T veida cilindrs ir hidraulisk\u0101 cilindra veids, ko parasti izmanto r\u016bpnieciskos lietojumos. Tas ir paredz\u0113ts, lai nodro\u0161in\u0101tu lielu sp\u0113ka jaudu kompakt\u0101 un izmaksu zi\u0146\u0101 efekt\u012bv\u0101 iepakojum\u0101. \u0160\u0101da veida cilindrs sast\u0101v no metin\u0101ta T veida un virzu\u013ca stie\u0146a, kas ir piestiprin\u0101ts pie T veida. T veida savienojums ir savienots ar cilindra korpusu un satur virzuli, kas p\u0101rvietojas uz priek\u0161u un atpaka\u013c korpusa iek\u0161pus\u0113, lai rad\u012btu sp\u0113ku.<\/p>\n<p><img loading=\"lazy\" decoding=\"async\" class=\"size-full wp-image-977 aligncenter\" src=\"https:\/\/fmp-components.com\/wp-content\/uploads\/2024\/12\/Welded-Tee-Type-Cylinder3.webp\" alt=\"Metin\u0101ts T veida cilindrs\" width=\"653\" height=\"600\" title=\"\" srcset=\"https:\/\/fmp-components.com\/wp-content\/uploads\/2024\/12\/Welded-Tee-Type-Cylinder3.webp 653w, https:\/\/fmp-components.com\/wp-content\/uploads\/2024\/12\/Welded-Tee-Type-Cylinder3-480x441.webp 480w\" sizes=\"(min-width: 0px) and (max-width: 480px) 480px, (min-width: 481px) 653px, 100vw\" \/><\/p>\n<h3>Metin\u0101t\u0101 T veida cilindra priek\u0161roc\u012bbas<\/h3>\n<p>R\u016bpnieciskos pielietojumos metin\u0101ta T veida cilindra izmanto\u0161anai ir vair\u0101kas priek\u0161roc\u012bbas:<\/p>\n<ul>\n<li><b>Kompakts dizains:<\/b> Metin\u0101tie T veida cilindri ir konstru\u0113ti t\u0101, lai tie b\u016btu kompakti, kas padara tos ide\u0101li piem\u0113rotus lieto\u0161anai viet\u0101s, kur ir ierobe\u017eota vieta.<\/li>\n<li><b>Augsta efektivit\u0101te:<\/b> Metin\u0101tie T veida cilindri ir \u013coti efekt\u012bvi, kas noz\u012bm\u0113, ka tie var rad\u012bt lielu sp\u0113ku ar minim\u0101lu ener\u0123ijas pat\u0113ri\u0146u.<\/li>\n<li><b>Iztur\u012bgs:<\/b> Metin\u0101tie T veida cilindri ir konstru\u0113ti t\u0101, lai tie b\u016btu \u013coti iztur\u012bgi, kas noz\u012bm\u0113, ka tie var iztur\u0113t skarbus ekspluat\u0101cijas apst\u0101k\u013cus un kalpot ilgu laiku.<\/li>\n<li><b>Izmaksu zi\u0146\u0101 efekt\u012bvs:<\/b> Metin\u0101tie T veida cilindri ir rentabli, kas noz\u012bm\u0113, ka tie nodro\u0161ina labu cenas un v\u0113rt\u012bbas attiec\u012bbu.<\/li>\n<\/ul>\n<h3>Metin\u0101t\u0101 T veida cilindra pielietojums<\/h3>\n<p>Metin\u0101tiem T veida cilindriem ir daudz pielietojumu da\u017e\u0101d\u0101s nozar\u0113s, tostarp:<\/p>\n<ul>\n<li><b>Ra\u017eo\u0161ana:<\/b> Metin\u0101tie T veida cilindri tiek izmantoti ra\u017eo\u0161an\u0101, lai darbin\u0101tu ma\u0161\u012bnas, p\u0101rvietotu smagas kravas un veidotu met\u0101la deta\u013cas.<\/li>\n<li><b>Lauksaimniec\u012bba:<\/b> Metin\u0101tie T veida cilindri tiek izmantoti lauksaimniec\u012bb\u0101, lai darbin\u0101tu hidraulisk\u0101s sist\u0113mas traktoros, kombainos un cit\u0101 lauksaimniec\u012bbas apr\u012bkojum\u0101.<\/li>\n<li><b>B\u016bvniec\u012bba:<\/b> Metin\u0101tie T veida cilindri tiek izmantoti b\u016bvniec\u012bb\u0101, lai darbin\u0101tu t\u0101das ma\u0161\u012bnas k\u0101 celt\u0146i, ekskavatori un ekskavatori.<\/li>\n<li><b>Kalnr\u016bpniec\u012bba:<\/b> Metin\u0101tie T veida cilindri tiek izmantoti kalnr\u016bpniec\u012bb\u0101, lai darbin\u0101tu hidraulisk\u0101s sist\u0113mas smagaj\u0101m iek\u0101rt\u0101m, piem\u0113ram, buldozeriem, iekr\u0101v\u0113jiem un klin\u0161u urb\u0161anas iek\u0101rt\u0101m.<\/li>\n<li><b>Transports:<\/b> Metin\u0101tie T veida cilindri tiek izmantoti transport\u0101, lai darbin\u0101tu hidraulisk\u0101s sist\u0113mas kravas automa\u0161\u012bn\u0101s, autobusos un citos transportl\u012bdzek\u013cos.<\/li>\n<\/ul>\n<p>Metin\u0101ti T veida cilindri ir svar\u012bga sast\u0101vda\u013ca daudzos r\u016bpnieciskos pielietojumos. Tie ir konstru\u0113ti t\u0101, lai b\u016btu kompakti, efekt\u012bvi, iztur\u012bgi un rentabli, padarot tos par ide\u0101lu izv\u0113li pla\u0161am pielietojumu kl\u0101stam. Neatkar\u012bgi no t\u0101, vai j\u016bs darbin\u0101t ma\u0161\u012bnas ra\u017eo\u0161anas r\u016bpn\u012bc\u0101, lauksaimniec\u012bbas tehniku \u200b\u200bferm\u0101 vai smago tehniku \u200b\u200braktuv\u0113s, metin\u0101ti T veida cilindri var pal\u012bdz\u0113t jums paveikt darbu efekt\u012bvi un lietder\u012bgi.<\/p>\n<p><img loading=\"lazy\" decoding=\"async\" class=\"size-full wp-image-974 aligncenter\" src=\"https:\/\/fmp-components.com\/wp-content\/uploads\/2024\/12\/application-of-Welded-Tee-Type-Cylinder.webp\" alt=\"Metin\u0101t\u0101 T veida cilindra pielietojums\" width=\"760\" height=\"860\" title=\"\" srcset=\"https:\/\/fmp-components.com\/wp-content\/uploads\/2024\/12\/application-of-Welded-Tee-Type-Cylinder.webp 760w, https:\/\/fmp-components.com\/wp-content\/uploads\/2024\/12\/application-of-Welded-Tee-Type-Cylinder-480x543.webp 480w\" sizes=\"(min-width: 0px) and (max-width: 480px) 480px, (min-width: 481px) 760px, 100vw\" \/><\/p>\n<h3>Par FMP<\/h3>\n<p>FMP, kam ir vair\u0101k nek\u0101 30 gadu pieredze, ir vado\u0161ais hidraulisko cilindru ra\u017eot\u0101js un pieg\u0101d\u0101t\u0101js. M\u016bsu r\u016bpniec\u012bbas zona atrodas It\u0101lij\u0101, un m\u0113s lepojamies ar pla\u0161o produktu kl\u0101stu un moderno apr\u012bkojumu, kas ietver vair\u0101k nek\u0101 100 vien\u012bbas.<\/p>\n<p>M\u016bsu modern\u0101ko iek\u0101rtu kl\u0101st\u0101 ietilpst autom\u0101tisk\u0101s g\u0101zes ekran\u0113t\u0101s metin\u0101\u0161anas iek\u0101rtas, dzi\u013curbumu urb\u0161anas iek\u0101rtas, CNC virpas, cilindrisk\u0101s sl\u012bpma\u0161\u012bnas, autom\u0101tisk\u0101s t\u012br\u012b\u0161anas iek\u0101rtas, autom\u0101tisk\u0101s uzst\u0101d\u012b\u0161anas iek\u0101rtas, autom\u0101tiskie hidraulisko cilindru veiktsp\u0113jas p\u0101rbaudes stendi un autom\u0101tisk\u0101s kr\u0101so\u0161anas l\u012bnijas. Katrs hidrauliskais cilindrs, tostarp hidraulisk\u0101 cilindra auskaru cilindrs un divvirzienu autom\u0101tiskais teleskopiskais hidrauliskais cilindrs, tiek pak\u013cauts stingrai apstr\u0101dei un p\u0101rbaudei, lai nodro\u0161in\u0101tu m\u016bsu klientiem izcilu kvalit\u0101ti.<\/p>\n<p>\u0160eit ir piecas galven\u0101s FMP izv\u0113les priek\u0161roc\u012bbas:<\/p>\n<ol>\n<li><strong>Dizaina pakalpojums:<\/strong> M\u016bsu pieredz\u0113jus\u012b projekt\u0113\u0161anas komanda ir kompetenta kard\u0101nv\u0101rpstu produktu projekt\u0113\u0161an\u0101 un izstr\u0101d\u0113. Neatkar\u012bgi no t\u0101, vai jums ir nepiecie\u0161ami jauni produkti vai eso\u0161o uzlabojumi, m\u0113s esam \u0161eit, lai j\u016bs atbalst\u012btu vis\u0101 proces\u0101.<\/li>\n<li><strong>Produkta pakalpojums:<\/strong> M\u016bsu visaptvero\u0161ais produktu serviss ietver r\u016bp\u012bgu ra\u017eo\u0161anas procesu, tostarp izejvielu ieg\u016b\u0161anu, grie\u0161anu, rupju apstr\u0101di, test\u0113\u0161anu, t\u012br\u012b\u0161anu, mont\u0101\u017eu, iepako\u0161anu un transport\u0113\u0161anu. Pateicoties m\u016bsu \u012bpa\u0161ajai uzman\u012bbai deta\u013c\u0101m, j\u016bs varat pa\u013cauties, ka m\u016bsu produkti ir visaugst\u0101kaj\u0101 kvalit\u0101t\u0113.<\/li>\n<li><strong>Parauga process:<\/strong> M\u0113s pied\u0101v\u0101jam paraugu izstr\u0101di atbilsto\u0161i j\u016bsu \u012bpa\u0161aj\u0101m pras\u012bb\u0101m. M\u0113s esam ap\u0146\u0113mu\u0161ies nep\u0101rtraukti modific\u0113t paraugus, lai tie atbilstu j\u016bsu vajadz\u012bb\u0101m, nodro\u0161inot, ka j\u016bs sa\u0146emat produktus, kas piln\u012bb\u0101 atbilst j\u016bsu cer\u012bb\u0101m.<\/li>\n<li><strong>P\u0113tniec\u012bba un att\u012bst\u012bba:<\/strong> FMP m\u0113s nep\u0101rtraukti p\u0113t\u0101m tirgu un sekojam l\u012bdzi jaun\u0101kaj\u0101m tendenc\u0113m un pras\u012bb\u0101m. Tas \u013cauj mums izstr\u0101d\u0101t jaunus mode\u013cus un dizainus, nodro\u0161inot, ka m\u016bsu produkti atbilst jaun\u0101kajiem nozares standartiem un pras\u012bb\u0101m.<\/li>\n<li><strong>Piel\u0101go\u0161ana:<\/strong> M\u016bsu uz\u0146\u0113mums specializ\u0113jas da\u017e\u0101du veidu hidraulisko cilindru ra\u017eo\u0161an\u0101 un p\u0101rdo\u0161an\u0101, un m\u0113s labpr\u0101t pie\u0146emam individu\u0101lus pas\u016bt\u012bjumus. Neatkar\u012bgi no t\u0101, vai jums ir nepiecie\u0161ams konkr\u0113ts izm\u0113rs, dizains vai funkcionalit\u0101te, mums ir zin\u0101\u0161anas un elast\u012bba, lai izpild\u012btu j\u016bsu unik\u0101l\u0101s pras\u012bbas.<\/li>\n<\/ol>\n<p><img decoding=\"async\" src=\"https:\/\/fmp-components.com\/wp-content\/uploads\/2024\/12\/fmp-factory-4.webp\" alt=\"FMP r\u016bpn\u012bca\" width=\"800\" title=\"\"><\/p>\n<h2>Jaut\u0101jumi un atbildes<\/h2>\n<p>J: K\u0101da ir 10020 hidraulisk\u0101 cilindra nestsp\u0113ja?<\/p>\n<p>A: Nestsp\u0113ja ir atkar\u012bga no mode\u013ca.<\/p>\n<p>J: Cik bie\u017ei ir j\u0101nomaina hidraulisk\u0101 e\u013c\u013ca?<\/p>\n<p>A: Tas liel\u0101 m\u0113r\u0101 ir atkar\u012bgs no lieto\u0161anas, ta\u010du optim\u0101lai veiktsp\u0113jai iesak\u0101m regul\u0101ri p\u0101rbaud\u012bt e\u013c\u013cas l\u012bmeni.<\/p>\n<p>J: K\u0101 izm\u0113r\u012bt hidraulisko cilindru?<\/p>\n<p>A: Hidraulisko cilindru var izm\u0113r\u012bt p\u0113c t\u0101 urbuma, g\u0101jiena un stie\u0146a diametra.<\/p>\n<p>J: K\u0101 darbojas hidrauliskais cilindrs?<\/p>\n<p>A: Hidrauliskais cilindrs darbojas, saspie\u017eot hidraulisko \u0161\u0137idrumu, lai rad\u012btu line\u0101ru sp\u0113ku un kust\u012bbu.<\/p>\n<p>J: Vai es varu piel\u0101got savu pas\u016bt\u012bjumu?<\/p>\n<p>A: J\u0101, FMP m\u0113s aicin\u0101m klientus piel\u0101got savus pas\u016bt\u012bjumus atbilsto\u0161i sav\u0101m pras\u012bb\u0101m.<\/p>\n<p><img loading=\"lazy\" decoding=\"async\" class=\"\" src=\"https:\/\/hzpt.com\/wp-content\/uploads\/2023\/12\/random-6.webp\" alt=\"FMP r\u016bpn\u012bca\" width=\"836\" height=\"634\" title=\"\"><\/p>\n<p>Autors: CX<\/p>","protected":false},"excerpt":{"rendered":"<p>The 10020 Professional Tow Truck Double Acting Hydraulic Cylinder is engineered for optimal performance and reliability in towing applications. Designed to handle the demanding conditions of tow truck operations, this hydraulic cylinder provides powerful lifting and lowering capabilities, ensuring efficiency and safety in all tasks. Key Features: Double Acting Mechanism: Allows for smooth operation in [&hellip;]<\/p>","protected":false},"featured_media":1133,"comment_status":"closed","ping_status":"closed","template":"","meta":{"_et_pb_use_builder":"","_et_pb_old_content":"","_et_gb_content_width":""},"product_brand":[],"product_cat":[31],"product_tag":[34,35],"class_list":{"0":"post-940","1":"product","2":"type-product","3":"status-publish","4":"has-post-thumbnail","6":"product_cat-welded-tee-type-cylinder","7":"product_tag-hydraulic-cylinder","8":"product_tag-welded-tee-type-cylinder","10":"first","11":"instock","12":"product-type-simple"},"_links":{"self":[{"href":"https:\/\/fmp-components.com\/lv\/wp-json\/wp\/v2\/product\/940","targetHints":{"allow":["GET"]}}],"collection":[{"href":"https:\/\/fmp-components.com\/lv\/wp-json\/wp\/v2\/product"}],"about":[{"href":"https:\/\/fmp-components.com\/lv\/wp-json\/wp\/v2\/types\/product"}],"replies":[{"embeddable":true,"href":"https:\/\/fmp-components.com\/lv\/wp-json\/wp\/v2\/comments?post=940"}],"wp:featuredmedia":[{"embeddable":true,"href":"https:\/\/fmp-components.com\/lv\/wp-json\/wp\/v2\/media\/1133"}],"wp:attachment":[{"href":"https:\/\/fmp-components.com\/lv\/wp-json\/wp\/v2\/media?parent=940"}],"wp:term":[{"taxonomy":"product_brand","embeddable":true,"href":"https:\/\/fmp-components.com\/lv\/wp-json\/wp\/v2\/product_brand?post=940"},{"taxonomy":"product_cat","embeddable":true,"href":"https:\/\/fmp-components.com\/lv\/wp-json\/wp\/v2\/product_cat?post=940"},{"taxonomy":"product_tag","embeddable":true,"href":"https:\/\/fmp-components.com\/lv\/wp-json\/wp\/v2\/product_tag?post=940"}],"curies":[{"name":"wp","href":"https:\/\/api.w.org\/{rel}","templated":true}]}}