{"id":938,"date":"2024-12-19T03:39:00","date_gmt":"2024-12-19T03:39:00","guid":{"rendered":"https:\/\/fmp-components.com\/product\/10018-professional-20-ton-mini-double-acting-hydraulic-cylinders\/"},"modified":"2024-12-19T09:03:31","modified_gmt":"2024-12-19T09:03:31","slug":"10018-professional-20-ton-mini-double-acting-hydraulic-cylinders","status":"publish","type":"product","link":"https:\/\/fmp-components.com\/lv\/product\/10018-professional-20-ton-mini-double-acting-hydraulic-cylinders\/","title":{"rendered":"10018 profesion\u0101li 20 tonnu mini divk\u0101r\u0161as darb\u012bbas hidrauliskie cilindri"},"content":{"rendered":"<p>10018 profesion\u0101lie 20 tonnu mini divk\u0101r\u0161as darb\u012bbas hidrauliskie cilindri ir izstr\u0101d\u0101ti, lai nodro\u0161in\u0101tu augstu veiktsp\u0113ju un uzticam\u012bbu kompakt\u0101 konstrukcij\u0101. \u0160ie hidrauliskie cilindri ir ide\u0101li piem\u0113roti da\u017e\u0101diem r\u016bpnieciskiem un lauksaimniec\u012bbas lietojumiem, nodro\u0161inot jaud\u012bgas cel\u0161anas iesp\u0113jas, vienlaikus saglab\u0101jot vietu taupo\u0161u.<\/p>\n<p><img loading=\"lazy\" decoding=\"async\" class=\"size-full wp-image-977 aligncenter\" src=\"https:\/\/fmp-components.com\/wp-content\/uploads\/2024\/12\/Welded-Tee-Type-Cylinder3.webp\" alt=\"Metin\u0101ts T veida cilindrs\" width=\"653\" height=\"600\" title=\"\" srcset=\"https:\/\/fmp-components.com\/wp-content\/uploads\/2024\/12\/Welded-Tee-Type-Cylinder3.webp 653w, https:\/\/fmp-components.com\/wp-content\/uploads\/2024\/12\/Welded-Tee-Type-Cylinder3-480x441.webp 480w\" sizes=\"(min-width: 0px) and (max-width: 480px) 480px, (min-width: 481px) 653px, 100vw\" \/><\/p>\n<h4>Galven\u0101s iez\u012bmes:<\/h4>\n<ul>\n<li><strong>20 tonnu celtsp\u0113ja:<\/strong><br \/>\n10018 hidrauliskie cilindri, kas paredz\u0113ti kravu l\u012bdz 20 tonn\u0101m apstr\u0101dei, nodro\u0161ina izcilu iztur\u012bbu un veiktsp\u0113ju, padarot tos piem\u0113rotus lieljaudas uzdevumiem da\u017e\u0101d\u0101s vid\u0113s.<\/li>\n<li><strong>Divk\u0101r\u0161as darb\u012bbas dizains:<\/strong><br \/>\nDivk\u0101r\u0161\u0101s darb\u012bbas meh\u0101nisms nodro\u0161ina efekt\u012bvu darb\u012bbu gan izstiep\u0161anas, gan ievilk\u0161anas laik\u0101, nodro\u0161inot vienm\u0113r\u012bgu un kontrol\u0113tu kust\u012bbu. \u0160\u012b funkcija uzlabo precizit\u0101ti t\u0101d\u0101s darb\u012bb\u0101s k\u0101 cel\u0161ana, stum\u0161ana un vilk\u0161ana.<\/li>\n<li><strong>Kompakts izm\u0113rs:<\/strong><br \/>\n\u0160o hidraulisko cilindru miniat\u016brais dizains nodro\u0161ina, ka tos var ievietot \u0161aur\u0101s viet\u0101s, kur liel\u0101ki cilindri neb\u016btu praktiski. To kompaktums neietekm\u0113 jaudu, padarot tos daudzpus\u012bgus da\u017e\u0101diem lietojumiem.<\/li>\n<li><strong>Iztur\u012bga konstrukcija:<\/strong><br \/>\n10018 hidrauliskie cilindri, kas izgatavoti no augstas kvalit\u0101tes materi\u0101liem, ir paredz\u0113ti, lai iztur\u0113tu skarbus apst\u0101k\u013cus un b\u016btu notur\u012bgi pret nodilumu. To iztur\u012bg\u0101 konstrukcija nodro\u0161ina ilgm\u016b\u017e\u012bbu un uzticam\u012bbu pat pie lielas slodzes.<\/li>\n<li><strong>Daudzpus\u012bgi pielietojumi:<\/strong><br \/>\n\u0160ie hidrauliskie cilindri ir piem\u0113roti da\u017e\u0101diem pielietojumiem, tostarp automobi\u013cu remontam, celtniec\u012bbai un lauksaimniec\u012bbas tehnikai. To daudzpus\u012bba padara tos par nenov\u0113rt\u0113jamu instrumentu profesion\u0101\u013ciem da\u017e\u0101d\u0101s nozar\u0113s.<\/li>\n<\/ul>\n<h4>Tehnisk\u0101s specifik\u0101cijas:<\/h4>\n<table style=\"width: 98.7273%; height: 271px;\">\n<thead>\n<tr>\n<th>Specifik\u0101cija<\/th>\n<th>Apraksts<\/th>\n<\/tr>\n<\/thead>\n<tbody>\n<tr>\n<td><strong>Kravnes\u012bba<\/strong><\/td>\n<td>20 tonnas<\/td>\n<\/tr>\n<tr>\n<td><strong>Urbuma izm\u0113rs<\/strong><\/td>\n<td>Piel\u0101gojams<\/td>\n<\/tr>\n<tr>\n<td><strong>g\u0101jiena garums<\/strong><\/td>\n<td>Pieejamas da\u017e\u0101das iesp\u0113jas<\/td>\n<\/tr>\n<tr>\n<td><strong>Maksim\u0101lais spiediens<\/strong><\/td>\n<td>L\u012bdz 3000 PSI<\/td>\n<\/tr>\n<tr>\n<td><strong>Materi\u0101ls<\/strong><\/td>\n<td>Augstas kvalit\u0101tes t\u0113rauds vai alum\u012bnijs<\/td>\n<\/tr>\n<tr>\n<td><strong>Savienojuma veids<\/strong><\/td>\n<td>Atloka vai v\u012bt\u0146ota<\/td>\n<\/tr>\n<\/tbody>\n<\/table>\n<h4>Darb\u012bbas princips:<\/h4>\n<p>10018 mini divk\u0101r\u0161\u0101s darb\u012bbas hidrauliskie cilindri darbojas p\u0113c hidraulisk\u0101 \u0161\u0137idruma spiediena principa. Kad hidrauliskais \u0161\u0137idrums tiek ies\u016bkn\u0113ts cilindr\u0101, tas iedarbojas uz virzuli, radot line\u0101ru kust\u012bbu abos virzienos. \u0160\u012b efekt\u012bv\u0101 jaudas p\u0101rne\u0161ana \u013cauj prec\u012bzi kontrol\u0113t da\u017e\u0101dus cel\u0161anas un p\u0101rvieto\u0161anas uzdevumus.<\/p>\n<p>Rezum\u0113jot, 10018 profesion\u0101lie 20 tonnu mini divk\u0101r\u0161as darb\u012bbas hidrauliskie cilindri pied\u0101v\u0101 uzticamu un jaud\u012bgu risin\u0101jumu pras\u012bgiem pielietojumiem. To iztur\u012bg\u0101 konstrukcija, kompaktais dizains un liel\u0101 kravnes\u012bba padara tos par b\u016btisku instrumentu profesion\u0101\u013ciem, kuri mekl\u0113 efektivit\u0101ti un veiktsp\u0113ju hidrauliskaj\u0101s darb\u012bb\u0101s.<\/p>\n<p><img loading=\"lazy\" decoding=\"async\" class=\"size-full wp-image-976 aligncenter\" src=\"https:\/\/fmp-components.com\/wp-content\/uploads\/2024\/12\/Welded-Tee-Type-Cylinder2.webp\" alt=\"Metin\u0101ts T veida cilindrs\" width=\"764\" height=\"675\" title=\"\" srcset=\"https:\/\/fmp-components.com\/wp-content\/uploads\/2024\/12\/Welded-Tee-Type-Cylinder2.webp 764w, https:\/\/fmp-components.com\/wp-content\/uploads\/2024\/12\/Welded-Tee-Type-Cylinder2-480x424.webp 480w\" sizes=\"(min-width: 0px) and (max-width: 480px) 480px, (min-width: 481px) 764px, 100vw\" \/><\/p>\n<h2>Metin\u0101t\u0101 T veida cilindra priek\u0161roc\u012bbas<\/h2>\n<ul>\n<li style=\"list-style-type: none;\">\n<ul>\n<li><strong>Palielin\u0101ts sp\u0113ks:<\/strong> Metin\u0101tie T veida cilindri ir paz\u012bstami ar savu augsto iztur\u012bbu, padarot tos piem\u0113rotus lietojumiem, kuros nepiecie\u0161ama smagu kravu cel\u0161ana. \u0160o cilindru ra\u017eo\u0161anas laik\u0101 izmantotais metin\u0101\u0161anas process nodro\u0161ina, ka cilindram nav v\u0101ju punktu un tas var iztur\u0113t augstu spiedienu un spriegumu.<\/li>\n<\/ul>\n<\/li>\n<\/ul>\n<p>Kad uz cilindru tiek iedarbin\u0101ts spiediens, tas vienm\u0113r\u012bgi sadal\u0101s pa visu virsmu, padarot to iztur\u012bgu pret deform\u0101ciju. \u0160\u012b \u012bpa\u0161\u012bba nodro\u0161ina, ka cilindrs saglab\u0101 savu formu un struktur\u0101lo integrit\u0101ti pat ekstrem\u0101los apst\u0101k\u013cos.<\/p>\n<ul>\n<li style=\"list-style-type: none;\">\n<ul>\n<li><strong>Nopl\u016b\u017eu nov\u0113r\u0161ana:<\/strong> Metin\u0101tie T veida cilindri ir izstr\u0101d\u0101ti, lai nov\u0113rstu nopl\u016bdes. Ra\u017eo\u0161anas proces\u0101 izmantotais metin\u0101\u0161anas process nodro\u0161ina, ka cilindrs ir piln\u012bb\u0101 nosl\u0113gts un bez jebk\u0101d\u0101m iesp\u0113jam\u0101m nopl\u016bd\u0113m. \u0160\u012b \u012bpa\u0161\u012bba padara tos piem\u0113rotus lieto\u0161anai lietojumos, kur nopl\u016bde var\u0113tu izrais\u012bt nopietnus boj\u0101jumus vai traumas.<\/li>\n<\/ul>\n<\/li>\n<\/ul>\n<p>Metin\u0101tie savienojumi ir gludi, bez plais\u0101m vai riev\u0101m, kur var\u0113tu uzkr\u0101ties gru\u017ei vai net\u012brumi, t\u0101d\u0113j\u0101di samazinot korozijas un cilindra boj\u0101jumu risku.<\/p>\n<ul>\n<li style=\"list-style-type: none;\">\n<ul>\n<li><strong>Piel\u0101gojams:<\/strong> Metin\u0101tos T veida cilindrus var piel\u0101got konkr\u0113tiem pielietojumiem. Cilindri ir pieejami da\u017e\u0101dos izm\u0113ros un form\u0101s, un tos var izgatavot atbilsto\u0161i konkr\u0113t\u0101 pielietojuma pras\u012bb\u0101m.<\/li>\n<\/ul>\n<\/li>\n<\/ul>\n<p>Piel\u0101go\u0161anas process \u013cauj optimiz\u0113t cilindra veiktsp\u0113ju, nodro\u0161inot, ka tas ir piem\u0113rots paredz\u0113tajam pielietojumam. \u0160\u012b \u012bpa\u0161\u012bba padara metin\u0101tus T veida cilindrus ide\u0101li piem\u0113rotus izmanto\u0161anai da\u017e\u0101dos r\u016bpnieciskos pielietojumos, tostarp b\u016bvniec\u012bb\u0101, ieguves r\u016bpniec\u012bb\u0101 un materi\u0101lu apstr\u0101d\u0113.<\/p>\n<ul>\n<li style=\"list-style-type: none;\">\n<ul>\n<li><strong>Izmaksu zi\u0146\u0101 efekt\u012bvs:<\/strong> Metin\u0101tie T veida cilindri ir izmaksu zi\u0146\u0101 efekt\u012bv\u0101ki sal\u012bdzin\u0101jum\u0101 ar cita veida cilindriem. \u0160o cilindru ra\u017eo\u0161anas process ir vienk\u0101r\u0161s, t\u0101p\u0113c tie ir l\u0113t\u0101ki nek\u0101 cita veida cilindri.<\/li>\n<\/ul>\n<\/li>\n<\/ul>\n<p>Turkl\u0101t metin\u0101to T veida cilindru augst\u0101 iztur\u012bba un ilgm\u016b\u017e\u012bba samazina nepiecie\u0161am\u012bbu p\u0113c bie\u017ea remonta un nomai\u0146as, t\u0101d\u0113j\u0101di ietaupot apkopes izmaksas. \u0160\u012b \u012bpa\u0161\u012bba padara tos par popul\u0101ru izv\u0113li daudz\u0101s nozar\u0113s, \u012bpa\u0161i taj\u0101s, kur\u0101m ir ierobe\u017eots bud\u017eets.<\/p>\n<ul>\n<li style=\"list-style-type: none;\">\n<ul>\n<li><strong>Paaugstin\u0101ta efektivit\u0101te:<\/strong> Metin\u0101tie T veida cilindri ir \u013coti efekt\u012bvi un lietder\u012bgi. Cilindra konstrukcija nodro\u0161ina, ka pieliktais sp\u0113ks tiek tie\u0161i p\u0101rnests uz slodzi, samazinot ener\u0123ijas zudumus un palielinot efektivit\u0101ti.<\/li>\n<\/ul>\n<\/li>\n<\/ul>\n<p>Metin\u0101tie savienojumi ir iztur\u012bgi un stingri, samazinot novirzi un nodro\u0161inot, ka cilindrs saglab\u0101 savu formu un struktur\u0101lo integrit\u0101ti pat ekstrem\u0101los apst\u0101k\u013cos. \u0160\u012b \u012bpa\u0161\u012bba padara metin\u0101tos T veida cilindrus ide\u0101li piem\u0113rotus lieto\u0161anai lietojumos, kuriem nepiecie\u0161ama augsta efektivit\u0101te un uzticam\u012bba.<\/p>\n<p><img loading=\"lazy\" decoding=\"async\" class=\"size-full wp-image-974 aligncenter\" src=\"https:\/\/fmp-components.com\/wp-content\/uploads\/2024\/12\/application-of-Welded-Tee-Type-Cylinder.webp\" alt=\"Metin\u0101t\u0101 T veida cilindra pielietojums\" width=\"760\" height=\"860\" title=\"\" srcset=\"https:\/\/fmp-components.com\/wp-content\/uploads\/2024\/12\/application-of-Welded-Tee-Type-Cylinder.webp 760w, https:\/\/fmp-components.com\/wp-content\/uploads\/2024\/12\/application-of-Welded-Tee-Type-Cylinder-480x543.webp 480w\" sizes=\"(min-width: 0px) and (max-width: 480px) 480px, (min-width: 481px) 760px, 100vw\" \/><\/p>\n<h2>Metin\u0101t\u0101 T veida cilindra pielietojums<\/h2>\n<ul>\n<li>\n<h3>R\u016bpniecisk\u0101s ma\u0161\u012bnas un iek\u0101rtas<\/h3>\n<p>Metin\u0101tie T veida cilindri tiek pla\u0161i izmantoti r\u016bpnieciskaj\u0101s ma\u0161\u012bn\u0101s un iek\u0101rt\u0101s, \u012bpa\u0161i hidrauliskaj\u0101s sist\u0113m\u0101s. Cilindrs sast\u0101v no virzu\u013ca un cilindra caurules, kas ir sametin\u0101ti kop\u0101, veidojot vienu vien\u012bbu. \u0160\u012b konstrukcija pied\u0101v\u0101 vair\u0101kas priek\u0161roc\u012bbas sal\u012bdzin\u0101jum\u0101 ar cita veida cilindriem, piem\u0113ram, uzlabotu iztur\u012bbu, liel\u0101ku stipr\u012bbu un liel\u0101ku precizit\u0101ti.<\/p>\n<p>Viens no svar\u012bg\u0101kajiem metin\u0101t\u0101 T veida cilindra pielietojumiem r\u016bpnieciskaj\u0101s iek\u0101rt\u0101s ir t\u0101 sp\u0113ja nodro\u0161in\u0101t vienm\u0113r\u012bgu un prec\u012bzu sp\u0113ku. Tas ir b\u016btiski daudziem ra\u017eo\u0161anas procesiem, kur nepiecie\u0161ama prec\u012bza kontrole, lai nodro\u0161in\u0101tu gala produkta kvalit\u0101ti. Metin\u0101to T veida cilindru var izmantot ar\u012b, lai regul\u0113tu \u0161\u0137idrumu pl\u016bsmu hidrauliskaj\u0101s sist\u0113m\u0101s, nodro\u0161inot liel\u0101ku efektivit\u0101ti un uzticam\u012bbu da\u017e\u0101dos r\u016bpnieciskos pielietojumos.<\/li>\n<li>\n<h3>Lauksaimniec\u012bbas tehnika<\/h3>\n<p>Metin\u0101tie T veida cilindri tiek pla\u0161i izmantoti ar\u012b lauksaimniec\u012bbas tehnik\u0101, piem\u0113ram, traktoros un kombainos. \u0160\u012bm ma\u0161\u012bn\u0101m efekt\u012bvai darb\u012bbai ir nepiecie\u0161amas jaud\u012bgas un uzticamas hidraulisk\u0101s sist\u0113mas, un metin\u0101tie T veida cilindri ir ide\u0101la izv\u0113le \u0161im nol\u016bkam.<\/p>\n<p>Cilindra iztur\u012bg\u0101 konstrukcija un augst\u0101 iztur\u012bba padara to \u013coti iztur\u012bgu pret nodilumu pat skarbos ekspluat\u0101cijas apst\u0101k\u013cos. Tas padara to par ide\u0101lu izv\u0113li izmanto\u0161anai lauksaimniec\u012bbas tehnik\u0101, kur iztur\u012bba ir galvenais apsv\u0113rums. Metin\u0101to T veida cilindru var izmantot ar\u012b, lai nodro\u0161in\u0101tu prec\u012bzu kontroli, kas nepiecie\u0161ama daudziem lauksaimniec\u012bbas procesiem, piem\u0113ram, st\u0101d\u012b\u0161anai, ra\u017eas nov\u0101k\u0161anai un ap\u016bde\u0146o\u0161anai.<\/li>\n<li>\n<h3>Celtniec\u012bbas apr\u012bkojums<\/h3>\n<p>Metin\u0101tie T veida cilindri tiek pla\u0161i izmantoti ar\u012b celtniec\u012bbas iek\u0101rt\u0101s, piem\u0113ram, ekskavatoros, ekskavatoros un buldozeros. \u0160\u012bm ma\u0161\u012bn\u0101m ir nepiecie\u0161amas jaud\u012bgas un uzticamas hidraulisk\u0101s sist\u0113mas, lai veiktu smagus uzdevumus, piem\u0113ram, rak\u0161anu, cel\u0161anu un smagu kravu stum\u0161anu.<\/p>\n<p>Metin\u0101t\u0101 T veida cilindra augst\u0101 iztur\u012bba un ilgm\u016b\u017e\u012bba padara to par ide\u0101lu izv\u0113li izmanto\u0161anai celtniec\u012bbas tehnik\u0101. T\u0101 sp\u0113ja nodro\u0161in\u0101t prec\u012bzu kontroli un vienm\u0113r\u012bgu sp\u0113ku ir b\u016btiska daudziem celtniec\u012bbas procesiem, piem\u0113ram, rak\u0161anai, plan\u0113\u0161anai un bru\u0123\u0113\u0161anai. Metin\u0101to T veida cilindru var izmantot ar\u012b, lai regul\u0113tu \u0161\u0137idrumu pl\u016bsmu hidrauliskaj\u0101s sist\u0113m\u0101s, uzlabojot celtniec\u012bbas tehnikas efektivit\u0101ti un uzticam\u012bbu da\u017e\u0101dos pielietojumos.<\/li>\n<\/ul>\n<h3>Par FMP<\/h3>\n<p>FMP ir atz\u012bts hidraulisko cilindru ra\u017eot\u0101js ar vair\u0101k nek\u0101 30 gadu pieredzi It\u0101lij\u0101. M\u0113s lepojamies ar pla\u0161o produktu kl\u0101stu un labi apr\u012bkoto r\u016bpniecisko zonu, kur\u0101 atrodas vair\u0101k nek\u0101 100 modern\u0101k\u0101s iek\u0101rtas. M\u016bsu produktu kl\u0101st\u0101 ietilpst autom\u0101tisk\u0101s g\u0101zes ekran\u0113t\u0101s metin\u0101\u0161anas iek\u0101rtas, dzi\u013curbumu urb\u0161anas iek\u0101rtas, CNC virpas, cilindrisk\u0101s sl\u012bpma\u0161\u012bnas, autom\u0101tisk\u0101s t\u012br\u012b\u0161anas iek\u0101rtas, autom\u0101tisk\u0101s uzst\u0101d\u012b\u0161anas iek\u0101rtas, autom\u0101tiskie hidraulisko cilindru veiktsp\u0113jas p\u0101rbaudes stendi un autom\u0101tisk\u0101s kr\u0101so\u0161anas l\u012bnijas, k\u0101 ar\u012b citas.<\/p>\n<p><strong>Hidrauliskais cilindrs:<\/strong> M\u016bsu hidrauliskie cilindri tiek pak\u013cauti stingr\u0101m apstr\u0101des un p\u0101rbaudes proced\u016br\u0101m, lai nodro\u0161in\u0101tu visaugst\u0101ko kvalit\u0101ti m\u016bsu cien\u012bjamajiem klientiem. M\u0113s pied\u0101v\u0101jam da\u017e\u0101du veidu hidrauliskos cilindrus, tostarp:<\/p>\n<ol>\n<li><strong>Auskaru cilindrs:<\/strong> M\u016bsu auskaru cilindri ir izstr\u0101d\u0101ti, lai nodro\u0161in\u0101tu stabilu un uzticamu darb\u012bbu da\u017e\u0101dos pielietojumos.<\/li>\n<li><strong>Divvirzienu autom\u0101tiskais teleskopiskais hidrauliskais cilindrs:<\/strong> M\u016bsu divvirzienu autom\u0101tiskie teleskopiskie hidrauliskie cilindri pied\u0101v\u0101 izcilu iztur\u012bbu un elast\u012bbu, padarot tos piem\u0113rotus sare\u017e\u0123\u012btiem uzdevumiem.<\/li>\n<\/ol>\n<p>Papildus m\u016bsu produktu kl\u0101stam m\u0113s esam ap\u0146\u0113mu\u0161ies sniegt lieliskus pakalpojumus m\u016bsu klientiem:<\/p>\n<ol>\n<li><strong>Dizaina pakalpojums:<\/strong> M\u016bsu pieredz\u0113ju\u0161\u0101 dizaina komanda var jums pal\u012bdz\u0113t jaunu produktu izstr\u0101d\u0113 vai eso\u0161o produktu uzlabo\u0161an\u0101.<\/li>\n<li><strong>Produkta pakalpojums:<\/strong> S\u0101kot ar izejviel\u0101m un beidzot ar transport\u0113\u0161anu, m\u0113s iev\u0113rojam stingru kvalit\u0101tes kontroli vis\u0101 ra\u017eo\u0161anas proces\u0101, nodro\u0161inot uzticamus un iztur\u012bgus produktus.<\/li>\n<li><strong>Parauga process:<\/strong> M\u0113s pied\u0101v\u0101jam elast\u012bbu izstr\u0101d\u0101t paraugus atbilsto\u0161i j\u016bsu \u012bpa\u0161aj\u0101m pras\u012bb\u0101m un veikt nepiecie\u0161am\u0101s izmai\u0146as, lai apmierin\u0101tu j\u016bsu vajadz\u012bbas.<\/li>\n<li><strong>P\u0113tniec\u012bba un att\u012bst\u012bba:<\/strong> M\u016bsu \u012bpa\u0161i izstr\u0101d\u0101t\u0101 p\u0113tniec\u012bbas un att\u012bst\u012bbas komanda nep\u0101rtraukti p\u0113ta tirgu un izstr\u0101d\u0101 jaunus mode\u013cus, lai apmierin\u0101tu main\u012bg\u0101s klientu pras\u012bbas.<\/li>\n<\/ol>\n<p>Uz\u0146\u0113mum\u0101 FMP m\u0113s specializ\u0113jamies da\u017e\u0101du veidu hidraulisko cilindru ra\u017eo\u0161an\u0101 un piel\u0101go\u0161an\u0101. Ar m\u016bsu izcilajiem produktiem un uz\u0146\u0113muma priek\u0161roc\u012bb\u0101m m\u0113s cen\u0161amies izveidot veiksm\u012bgu sadarb\u012bbu ar m\u016bsu v\u0113rt\u012bgajiem klientiem. Sazinieties ar mums, lai izp\u0113t\u012btu sadarb\u012bbas iesp\u0113jas ar FMP j\u016bsu hidraulisko cilindru vajadz\u012bbu apmierin\u0101\u0161anai.<\/p>\n<p><img decoding=\"async\" src=\"https:\/\/fmp-components.com\/wp-content\/uploads\/2024\/12\/fmp-factory-4.webp\" alt=\"FMP r\u016bpn\u012bca\" width=\"800\" title=\"\"><br \/>\nAutors: CX<\/p>","protected":false},"excerpt":{"rendered":"<p>The 10018 Professional 20 Ton Mini Double Acting Hydraulic Cylinders are engineered for high performance and reliability in a compact design. Ideal for various industrial and agricultural applications, these hydraulic cylinders provide powerful lifting capabilities while maintaining a space-efficient footprint. Key Features: 20 Ton Load Capacity: Designed to handle loads up to 20 tons, the [&hellip;]<\/p>","protected":false},"featured_media":1132,"comment_status":"closed","ping_status":"closed","template":"","meta":{"_et_pb_use_builder":"","_et_pb_old_content":"","_et_gb_content_width":""},"product_brand":[],"product_cat":[31],"product_tag":[34,35],"class_list":{"0":"post-938","1":"product","2":"type-product","3":"status-publish","4":"has-post-thumbnail","6":"product_cat-welded-tee-type-cylinder","7":"product_tag-hydraulic-cylinder","8":"product_tag-welded-tee-type-cylinder","10":"first","11":"instock","12":"product-type-simple"},"_links":{"self":[{"href":"https:\/\/fmp-components.com\/lv\/wp-json\/wp\/v2\/product\/938","targetHints":{"allow":["GET"]}}],"collection":[{"href":"https:\/\/fmp-components.com\/lv\/wp-json\/wp\/v2\/product"}],"about":[{"href":"https:\/\/fmp-components.com\/lv\/wp-json\/wp\/v2\/types\/product"}],"replies":[{"embeddable":true,"href":"https:\/\/fmp-components.com\/lv\/wp-json\/wp\/v2\/comments?post=938"}],"wp:featuredmedia":[{"embeddable":true,"href":"https:\/\/fmp-components.com\/lv\/wp-json\/wp\/v2\/media\/1132"}],"wp:attachment":[{"href":"https:\/\/fmp-components.com\/lv\/wp-json\/wp\/v2\/media?parent=938"}],"wp:term":[{"taxonomy":"product_brand","embeddable":true,"href":"https:\/\/fmp-components.com\/lv\/wp-json\/wp\/v2\/product_brand?post=938"},{"taxonomy":"product_cat","embeddable":true,"href":"https:\/\/fmp-components.com\/lv\/wp-json\/wp\/v2\/product_cat?post=938"},{"taxonomy":"product_tag","embeddable":true,"href":"https:\/\/fmp-components.com\/lv\/wp-json\/wp\/v2\/product_tag?post=938"}],"curies":[{"name":"wp","href":"https:\/\/api.w.org\/{rel}","templated":true}]}}