{"id":937,"date":"2024-12-19T03:39:00","date_gmt":"2024-12-19T03:39:00","guid":{"rendered":"https:\/\/fmp-components.com\/product\/10017-china-factory-supply-tractor-hydraulic-cylinder-for-sale\/"},"modified":"2024-12-26T09:00:14","modified_gmt":"2024-12-26T09:00:14","slug":"10017-italy-factory-supply-tractor-hydraulic-cylinder-for-sale","status":"publish","type":"product","link":"https:\/\/fmp-components.com\/lv\/product\/10017-italy-factory-supply-tractor-hydraulic-cylinder-for-sale\/","title":{"rendered":"10017 It\u0101lijas r\u016bpn\u012bcas pieg\u0101des traktora hidrauliskais cilindrs p\u0101rdo\u0161anai"},"content":{"rendered":"<p>It\u0101lijas r\u016bpn\u012bcas pieg\u0101d\u0101tais traktora hidrauliskais cilindrs 10017 ir izstr\u0101d\u0101ts, lai nodro\u0161in\u0101tu izcilu veiktsp\u0113ju un uzticam\u012bbu da\u017e\u0101diem traktoru lietojumiem. \u0160is hidrauliskais cilindrs ir izgatavots prec\u012bzi un kvalitat\u012bvi, un tas ir b\u016btiska sast\u0101vda\u013ca j\u016bsu lauksaimniec\u012bbas tehnikas efektivit\u0101tes uzlabo\u0161anai.<\/p>\n<h4>Galven\u0101s iez\u012bmes:<\/h4>\n<ul>\n<li><strong>Augstas kvalit\u0101tes ra\u017eo\u0161ana:<\/strong><br \/>\nRa\u017eots It\u0101lij\u0101, iev\u0113rojot stingrus kvalit\u0101tes kontroles standartus, 10017 hidrauliskais cilindrs ir rad\u012bts ilgam kalpo\u0161anas laikam. T\u0101 iztur\u012bg\u0101 konstrukcija nodro\u0161ina iztur\u012bbu pat vissare\u017e\u0123\u012bt\u0101kajos lauksaimniec\u012bbas apst\u0101k\u013cos.<\/li>\n<li><strong>Daudzpus\u012bgi pielietojumi:<\/strong><br \/>\n\u0160is hidrauliskais cilindrs ir piem\u0113rots da\u017e\u0101diem traktoru darbiem, tostarp ar\u0161anai, cel\u0161anai un vilk\u0161anai. T\u0101 daudzpus\u012bba padara to par neaizst\u0101jamu instrumentu lauksaimniekiem, kuri v\u0113las maksim\u0101li izmantot sava apr\u012bkojuma funkcionalit\u0101ti.<\/li>\n<li><strong>Efekt\u012bva veiktsp\u0113ja:<\/strong><br \/>\n10017 hidrauliskais cilindrs efekt\u012bvi darbojas augsta spiediena apst\u0101k\u013cos, nodro\u0161inot jaud\u012bgas cel\u0161anas un stum\u0161anas sp\u0113jas. \u0160\u012b efektivit\u0101te uzlabo j\u016bsu traktora kop\u0113jo produktivit\u0101ti, \u013caujot \u0101tr\u0101k un efekt\u012bv\u0101k paveikt uzdevumus.<\/li>\n<li><strong>Piel\u0101gojamas opcijas:<\/strong><br \/>\n10017 cilindrs ir pieejams da\u017e\u0101dos izm\u0113ros un konfigur\u0101cij\u0101s, un to var piel\u0101got j\u016bsu \u012bpa\u0161aj\u0101m vajadz\u012bb\u0101m. Neatkar\u012bgi no t\u0101, vai jums ir nepiecie\u0161ami da\u017e\u0101di urbuma izm\u0113ri, g\u0101jiena garumi vai savienojuma veidi, m\u0113s varam nodro\u0161in\u0101t piel\u0101gotus risin\u0101jumus, kas atbilst j\u016bsu apr\u012bkojumam.<\/li>\n<li><strong>Izmaksu zi\u0146\u0101 efekt\u012bvs risin\u0101jums:<\/strong><br \/>\nAr konkur\u0113tsp\u0113j\u012bgu r\u016bpn\u012bcas cenu 10017 hidrauliskais cilindrs pied\u0101v\u0101 izcilu cenas un v\u0113rt\u012bbas attiec\u012bbu. Tas nodro\u0161ina augstu veiktsp\u0113ju, neapdraudot kvalit\u0101ti, padarot to pieejamu pla\u0161am lauksaimniec\u012bbas darbu kl\u0101stam.<\/li>\n<\/ul>\n<p><img decoding=\"async\" class=\"aligncenter\" src=\"https:\/\/hzpt.com\/wp-content\/uploads\/2023\/12\/random-3.webp\" alt=\"\" title=\"\"><\/p>\n<h4>Tehnisk\u0101s specifik\u0101cijas:<\/h4>\n<table style=\"width: 101.159%; height: 176px;\">\n<thead>\n<tr style=\"height: 23px;\">\n<th style=\"height: 23px;\">Specifik\u0101cija<\/th>\n<th style=\"height: 23px;\">Apraksts<\/th>\n<\/tr>\n<\/thead>\n<tbody>\n<tr style=\"height: 26px;\">\n<td style=\"height: 26px;\"><strong>Urbuma izm\u0113rs<\/strong><\/td>\n<td style=\"height: 26px;\">Piel\u0101gojams<\/td>\n<\/tr>\n<tr style=\"height: 26px;\">\n<td style=\"height: 26px;\"><strong>g\u0101jiena garums<\/strong><\/td>\n<td style=\"height: 26px;\">Pieejamas da\u017e\u0101das iesp\u0113jas<\/td>\n<\/tr>\n<tr style=\"height: 26px;\">\n<td style=\"height: 26px;\"><strong>Maksim\u0101lais spiediens<\/strong><\/td>\n<td style=\"height: 26px;\">L\u012bdz 3000 PSI<\/td>\n<\/tr>\n<tr style=\"height: 26px;\">\n<td style=\"height: 26px;\"><strong>Materi\u0101ls<\/strong><\/td>\n<td style=\"height: 26px;\">Augstas kvalit\u0101tes t\u0113rauds vai alum\u012bnijs<\/td>\n<\/tr>\n<tr style=\"height: 26px;\">\n<td style=\"height: 26px;\"><strong>Savienojuma veids<\/strong><\/td>\n<td style=\"height: 26px;\">Atloka vai v\u012bt\u0146ota<\/td>\n<\/tr>\n<\/tbody>\n<\/table>\n<h4>Darb\u012bbas princips:<\/h4>\n<p>10017 traktora hidrauliskais cilindrs darbojas p\u0113c hidraulisk\u0101 \u0161\u0137idruma spiediena principa. Kad hidrauliskais \u0161\u0137idrums tiek ies\u016bkn\u0113ts cilindr\u0101, tas iedarbojas uz virzuli, radot line\u0101ru kust\u012bbu da\u017e\u0101du uzdevumu veik\u0161anai. \u0160is uzticamais meh\u0101nisms \u013cauj traktoriem efekt\u012bvi un lietder\u012bgi darboties da\u017e\u0101dos lauksaimniec\u012bbas darbos.<\/p>\n<p>Rezum\u0113jot, 10017 It\u0101lijas r\u016bpn\u012bcas pieg\u0101d\u0101tais traktora hidrauliskais cilindrs ir iztur\u012bgs un efekt\u012bvs risin\u0101jums traktora veiktsp\u0113jas uzlabo\u0161anai. T\u0101 augstas kvalit\u0101tes konstrukcija, daudzpus\u012bba un izmaksu efektivit\u0101te padara to par b\u016btisku papildin\u0101jumu jebkurai lauksaimniec\u012bbas darb\u012bbai, pal\u012bdzot uzlabot produktivit\u0101ti un darb\u012bbas efektivit\u0101ti.<\/p>\n<p><img decoding=\"async\" src=\"https:\/\/hzpt.com\/wp-content\/uploads\/2023\/12\/random-5.webp\" alt=\"\" title=\"\"><\/p>\n<h2>Bie\u017ei uzdotie jaut\u0101jumi<\/h2>\n<p>J: K\u0101da ir j\u016bsu hidraulisko cilindru jauda?<br \/>\nA: Ietilp\u012bba at\u0161\u0137iras atkar\u012bb\u0101 no mode\u013ca.<\/p>\n<p>J: K\u0101 es varu uztur\u0113t savu hidraulisko cilindru?<br \/>\nA: Regul\u0101ra bl\u012bv\u0113jumu p\u0101rbaude un savlaic\u012bga nomai\u0146a var pal\u012bdz\u0113t uztur\u0113t j\u016bsu hidraulisko cilindru lab\u0101 st\u0101vokl\u012b.<\/p>\n<p>J: K\u0101da ir j\u016bsu cilindru nestsp\u0113ja?<br \/>\nA: M\u016bsu cilindriem ir vid\u0113ja l\u012bdz augsta nestsp\u0113ja.<\/p>\n<p>J: Vai es varu piel\u0101got savu pas\u016bt\u012bjumu, pamatojoties uz \u012bpa\u0161\u0101m pras\u012bb\u0101m?<br \/>\nA: J\u0101, m\u0113s atzin\u012bgi v\u0113rt\u0113jam klientus, lai piel\u0101gotu savus pas\u016bt\u012bjumus.<\/p>\n<p>J: K\u0101dus citus produktus j\u016bs pied\u0101v\u0101jat?<br \/>\nA: M\u0113s pied\u0101v\u0101jam ar\u012b cilindrus da\u017e\u0101d\u0101m ma\u0161\u012bn\u0101m, piem\u0113ram, pace\u013camaj\u0101m darba platform\u0101m, r\u016bpnieciskajiem transportl\u012bdzek\u013ciem, rot\u0101cijas urb\u0161anas platform\u0101m, kravas automa\u0161\u012bnu celt\u0146iem un cit\u0101m.<\/p>\n<h2>Metin\u0101t\u0101 T veida cilindra priek\u0161roc\u012bbas<\/h2>\n<ul>\n<li style=\"list-style-type: none;\">\n<ul>\n<li><strong>Palielin\u0101ts sp\u0113ks:<\/strong> Metin\u0101tie T veida cilindri ir paz\u012bstami ar savu augsto iztur\u012bbu, padarot tos piem\u0113rotus lietojumiem, kuros nepiecie\u0161ama smagu kravu cel\u0161ana. \u0160o cilindru ra\u017eo\u0161anas laik\u0101 izmantotais metin\u0101\u0161anas process nodro\u0161ina, ka cilindram nav v\u0101ju punktu un tas var iztur\u0113t augstu spiedienu un spriegumu.<\/li>\n<\/ul>\n<\/li>\n<\/ul>\n<p>Kad uz cilindru tiek iedarbin\u0101ts spiediens, tas vienm\u0113r\u012bgi sadal\u0101s pa visu virsmu, padarot to iztur\u012bgu pret deform\u0101ciju. \u0160\u012b \u012bpa\u0161\u012bba nodro\u0161ina, ka cilindrs saglab\u0101 savu formu un struktur\u0101lo integrit\u0101ti pat ekstrem\u0101los apst\u0101k\u013cos.<\/p>\n<ul>\n<li style=\"list-style-type: none;\">\n<ul>\n<li><strong>Nopl\u016b\u017eu nov\u0113r\u0161ana:<\/strong> Metin\u0101tie T veida cilindri ir izstr\u0101d\u0101ti, lai nov\u0113rstu nopl\u016bdes. Ra\u017eo\u0161anas proces\u0101 izmantotais metin\u0101\u0161anas process nodro\u0161ina, ka cilindrs ir piln\u012bb\u0101 nosl\u0113gts un bez jebk\u0101d\u0101m iesp\u0113jam\u0101m nopl\u016bd\u0113m. \u0160\u012b \u012bpa\u0161\u012bba padara tos piem\u0113rotus lieto\u0161anai lietojumos, kur nopl\u016bde var\u0113tu izrais\u012bt nopietnus boj\u0101jumus vai traumas.<\/li>\n<\/ul>\n<\/li>\n<\/ul>\n<p>Metin\u0101tie savienojumi ir gludi, bez plais\u0101m vai riev\u0101m, kur var\u0113tu uzkr\u0101ties gru\u017ei vai net\u012brumi, t\u0101d\u0113j\u0101di samazinot korozijas un cilindra boj\u0101jumu risku.<\/p>\n<ul>\n<li style=\"list-style-type: none;\">\n<ul>\n<li><strong>Piel\u0101gojams:<\/strong> Metin\u0101tos T veida cilindrus var piel\u0101got konkr\u0113tiem pielietojumiem. Cilindri ir pieejami da\u017e\u0101dos izm\u0113ros un form\u0101s, un tos var izgatavot atbilsto\u0161i konkr\u0113t\u0101 pielietojuma pras\u012bb\u0101m.<\/li>\n<\/ul>\n<\/li>\n<\/ul>\n<p>Piel\u0101go\u0161anas process \u013cauj optimiz\u0113t cilindra veiktsp\u0113ju, nodro\u0161inot, ka tas ir piem\u0113rots paredz\u0113tajam pielietojumam. \u0160\u012b \u012bpa\u0161\u012bba padara metin\u0101tus T veida cilindrus ide\u0101li piem\u0113rotus izmanto\u0161anai da\u017e\u0101dos r\u016bpnieciskos pielietojumos, tostarp b\u016bvniec\u012bb\u0101, ieguves r\u016bpniec\u012bb\u0101 un materi\u0101lu apstr\u0101d\u0113.<\/p>\n<ul>\n<li style=\"list-style-type: none;\">\n<ul>\n<li><strong>Izmaksu zi\u0146\u0101 efekt\u012bvs:<\/strong> Metin\u0101tie T veida cilindri ir izmaksu zi\u0146\u0101 efekt\u012bv\u0101ki sal\u012bdzin\u0101jum\u0101 ar cita veida cilindriem. \u0160o cilindru ra\u017eo\u0161anas process ir vienk\u0101r\u0161s, t\u0101p\u0113c tie ir l\u0113t\u0101ki nek\u0101 cita veida cilindri.<\/li>\n<\/ul>\n<\/li>\n<\/ul>\n<p>Turkl\u0101t metin\u0101to T veida cilindru augst\u0101 iztur\u012bba un ilgm\u016b\u017e\u012bba samazina nepiecie\u0161am\u012bbu p\u0113c bie\u017ea remonta un nomai\u0146as, t\u0101d\u0113j\u0101di ietaupot apkopes izmaksas. \u0160\u012b \u012bpa\u0161\u012bba padara tos par popul\u0101ru izv\u0113li daudz\u0101s nozar\u0113s, \u012bpa\u0161i taj\u0101s, kur\u0101m ir ierobe\u017eots bud\u017eets.<\/p>\n<ul>\n<li style=\"list-style-type: none;\">\n<ul>\n<li><strong>Paaugstin\u0101ta efektivit\u0101te:<\/strong> Metin\u0101tie T veida cilindri ir \u013coti efekt\u012bvi un lietder\u012bgi. Cilindra konstrukcija nodro\u0161ina, ka pieliktais sp\u0113ks tiek tie\u0161i p\u0101rnests uz slodzi, samazinot ener\u0123ijas zudumus un palielinot efektivit\u0101ti.<\/li>\n<\/ul>\n<\/li>\n<\/ul>\n<p>Metin\u0101tie savienojumi ir iztur\u012bgi un stingri, samazinot novirzi un nodro\u0161inot, ka cilindrs saglab\u0101 savu formu un struktur\u0101lo integrit\u0101ti pat ekstrem\u0101los apst\u0101k\u013cos. \u0160\u012b \u012bpa\u0161\u012bba padara metin\u0101tos T veida cilindrus ide\u0101li piem\u0113rotus lieto\u0161anai lietojumos, kuriem nepiecie\u0161ama augsta efektivit\u0101te un uzticam\u012bba.<\/p>\n<p><img loading=\"lazy\" decoding=\"async\" class=\"size-full wp-image-977 aligncenter\" src=\"https:\/\/fmp-components.com\/wp-content\/uploads\/2024\/12\/Welded-Tee-Type-Cylinder3.webp\" alt=\"Metin\u0101ts T veida cilindrs\" width=\"653\" height=\"600\" title=\"\" srcset=\"https:\/\/fmp-components.com\/wp-content\/uploads\/2024\/12\/Welded-Tee-Type-Cylinder3.webp 653w, https:\/\/fmp-components.com\/wp-content\/uploads\/2024\/12\/Welded-Tee-Type-Cylinder3-480x441.webp 480w\" sizes=\"(min-width: 0px) and (max-width: 480px) 480px, (min-width: 481px) 653px, 100vw\" \/><\/p>\n<h2>Metin\u0101t\u0101 T veida cilindra pielietojums<\/h2>\n<h3>Ievads<\/h3>\n<p>Metin\u0101ts T veida cilindrs ir hidraulisk\u0101 cilindra veids, ko parasti izmanto r\u016bpnieciskos lietojumos. Tas ir paredz\u0113ts, lai nodro\u0161in\u0101tu lielu sp\u0113ka jaudu kompakt\u0101 un izmaksu zi\u0146\u0101 efekt\u012bv\u0101 iepakojum\u0101. \u0160\u0101da veida cilindrs sast\u0101v no metin\u0101ta T veida un virzu\u013ca stie\u0146a, kas ir piestiprin\u0101ts pie T veida. T veida savienojums ir savienots ar cilindra korpusu un satur virzuli, kas p\u0101rvietojas uz priek\u0161u un atpaka\u013c korpusa iek\u0161pus\u0113, lai rad\u012btu sp\u0113ku.<\/p>\n<h3>Metin\u0101t\u0101 T veida cilindra priek\u0161roc\u012bbas<\/h3>\n<p>R\u016bpnieciskos pielietojumos metin\u0101ta T veida cilindra izmanto\u0161anai ir vair\u0101kas priek\u0161roc\u012bbas:<\/p>\n<ul>\n<li><b>Kompakts dizains:<\/b> Metin\u0101tie T veida cilindri ir konstru\u0113ti t\u0101, lai tie b\u016btu kompakti, kas padara tos ide\u0101li piem\u0113rotus lieto\u0161anai viet\u0101s, kur ir ierobe\u017eota vieta.<\/li>\n<li><b>Augsta efektivit\u0101te:<\/b> Metin\u0101tie T veida cilindri ir \u013coti efekt\u012bvi, kas noz\u012bm\u0113, ka tie var rad\u012bt lielu sp\u0113ku ar minim\u0101lu ener\u0123ijas pat\u0113ri\u0146u.<\/li>\n<li><b>Iztur\u012bgs:<\/b> Metin\u0101tie T veida cilindri ir konstru\u0113ti t\u0101, lai tie b\u016btu \u013coti iztur\u012bgi, kas noz\u012bm\u0113, ka tie var iztur\u0113t skarbus ekspluat\u0101cijas apst\u0101k\u013cus un kalpot ilgu laiku.<\/li>\n<li><b>Izmaksu zi\u0146\u0101 efekt\u012bvs:<\/b> Metin\u0101tie T veida cilindri ir rentabli, kas noz\u012bm\u0113, ka tie nodro\u0161ina labu cenas un v\u0113rt\u012bbas attiec\u012bbu.<\/li>\n<\/ul>\n<h3>Metin\u0101t\u0101 T veida cilindra pielietojums<\/h3>\n<p>Metin\u0101tiem T veida cilindriem ir daudz pielietojumu da\u017e\u0101d\u0101s nozar\u0113s, tostarp:<\/p>\n<ul>\n<li><b>Ra\u017eo\u0161ana:<\/b> Metin\u0101tie T veida cilindri tiek izmantoti ra\u017eo\u0161an\u0101, lai darbin\u0101tu ma\u0161\u012bnas, p\u0101rvietotu smagas kravas un veidotu met\u0101la deta\u013cas.<\/li>\n<li><b>Lauksaimniec\u012bba:<\/b> Metin\u0101tie T veida cilindri tiek izmantoti lauksaimniec\u012bb\u0101, lai darbin\u0101tu hidraulisk\u0101s sist\u0113mas traktoros, kombainos un cit\u0101 lauksaimniec\u012bbas apr\u012bkojum\u0101.<\/li>\n<li><b>B\u016bvniec\u012bba:<\/b> Metin\u0101tie T veida cilindri tiek izmantoti b\u016bvniec\u012bb\u0101, lai darbin\u0101tu t\u0101das ma\u0161\u012bnas k\u0101 celt\u0146i, ekskavatori un ekskavatori.<\/li>\n<li><b>Kalnr\u016bpniec\u012bba:<\/b> Metin\u0101tie T veida cilindri tiek izmantoti kalnr\u016bpniec\u012bb\u0101, lai darbin\u0101tu hidraulisk\u0101s sist\u0113mas smagaj\u0101m iek\u0101rt\u0101m, piem\u0113ram, buldozeriem, iekr\u0101v\u0113jiem un klin\u0161u urb\u0161anas iek\u0101rt\u0101m.<\/li>\n<li><b>Transports:<\/b> Metin\u0101tie T veida cilindri tiek izmantoti transport\u0101, lai darbin\u0101tu hidraulisk\u0101s sist\u0113mas kravas automa\u0161\u012bn\u0101s, autobusos un citos transportl\u012bdzek\u013cos.<\/li>\n<\/ul>\n<p>Nosl\u0113gum\u0101 j\u0101saka, ka metin\u0101tie T veida cilindri ir svar\u012bga sast\u0101vda\u013ca daudzos r\u016bpnieciskos pielietojumos. Tie ir konstru\u0113ti t\u0101, lai b\u016btu kompakti, efekt\u012bvi, iztur\u012bgi un rentabli, padarot tos par ide\u0101lu izv\u0113li pla\u0161am pielietojumu kl\u0101stam. Neatkar\u012bgi no t\u0101, vai j\u016bs darbin\u0101t ma\u0161\u012bnas ra\u017eo\u0161anas r\u016bpn\u012bc\u0101, lauksaimniec\u012bbas tehniku \u200b\u200bferm\u0101 vai smago tehniku \u200b\u200braktuv\u0113s, metin\u0101tie T veida cilindri var pal\u012bdz\u0113t jums paveikt darbu efekt\u012bvi un lietder\u012bgi.<\/p>\n<p><img loading=\"lazy\" decoding=\"async\" class=\"size-full wp-image-974 aligncenter\" src=\"https:\/\/fmp-components.com\/wp-content\/uploads\/2024\/12\/application-of-Welded-Tee-Type-Cylinder.webp\" alt=\"Metin\u0101t\u0101 T veida cilindra pielietojums\" width=\"760\" height=\"860\" title=\"\" srcset=\"https:\/\/fmp-components.com\/wp-content\/uploads\/2024\/12\/application-of-Welded-Tee-Type-Cylinder.webp 760w, https:\/\/fmp-components.com\/wp-content\/uploads\/2024\/12\/application-of-Welded-Tee-Type-Cylinder-480x543.webp 480w\" sizes=\"(min-width: 0px) and (max-width: 480px) 480px, (min-width: 481px) 760px, 100vw\" \/><\/p>\n<h3>Par FMP<\/h3>\n<p>FMP jau vair\u0101k nek\u0101 30 gadus ir vado\u0161ais hidraulisko cilindru ra\u017eot\u0101js un pieg\u0101d\u0101t\u0101js. M\u016bsu r\u016bpniec\u012bbas zona atrodas It\u0101lij\u0101, un mums ir vair\u0101k nek\u0101 100 iek\u0101rtu vien\u012bbu, tostarp autom\u0101tiska g\u0101zes ekran\u0113ta metin\u0101\u0161anas iek\u0101rta, dzi\u013curbumu urb\u0161anas iek\u0101rta, CNC virpa, cilindrisk\u0101 sl\u012bpma\u0161\u012bna, autom\u0101tisk\u0101 t\u012br\u012b\u0161anas iek\u0101rta, autom\u0101tisk\u0101 uzst\u0101d\u012b\u0161anas iek\u0101rta, autom\u0101tisks hidraulisko cilindru veiktsp\u0113jas p\u0101rbaudes stends, autom\u0101tisk\u0101 kr\u0101so\u0161anas l\u012bnija un citas. M\u016bsu hidrauliskie cilindri tiek pak\u013cauti stingrai apstr\u0101dei un p\u0101rbaudei, lai nodro\u0161in\u0101tu labu kvalit\u0101ti m\u016bsu klientiem.<\/p>\n<p>FMP pied\u0101v\u0101 \u0161\u0101dus pakalpojumus:<\/p>\n<ol>\n<li><strong>Dizaina pakalpojums:<\/strong> M\u016bsu dizaina komandai ir bag\u0101ta pieredze kard\u0101nv\u0101rpstu produktu projekt\u0113\u0161an\u0101 un izstr\u0101d\u0113. Ja jums ir nepiecie\u0161ami jauni produkti vai v\u0113laties veikt turpm\u0101kus uzlabojumus, m\u0113s j\u016bs atbalst\u012bsim.<\/li>\n<li><strong>Produkta pakalpojums:<\/strong> Lai nodro\u0161in\u0101tu augstas kvalit\u0101tes produktus, m\u0113s iev\u0113rojam stingru procesu, s\u0101kot no izejvielu ieg\u016b\u0161anas, grie\u0161anas, rupjas apstr\u0101des, test\u0113\u0161anas, t\u012br\u012b\u0161anas, mont\u0101\u017eas, iepako\u0161anas un transport\u0113\u0161anas.<\/li>\n<li><strong>Parauga process:<\/strong> M\u0113s varam izstr\u0101d\u0101t paraugus atbilsto\u0161i j\u016bsu pras\u012bb\u0101m un past\u0101v\u012bgi modific\u0113t paraugus, lai tie atbilstu j\u016bsu vajadz\u012bb\u0101m.<\/li>\n<li><strong>P\u0113tniec\u012bba un att\u012bst\u012bba:<\/strong> M\u0113s sekojam l\u012bdzi jaun\u0101kaj\u0101m tirgus tendenc\u0113m un izstr\u0101d\u0101jam jaunus mode\u013cus, tikl\u012bdz tirg\u016b par\u0101d\u0101s jaunas automa\u0161\u012bnas.<\/li>\n<li><strong>Piel\u0101go\u0161ana:<\/strong> M\u0113s specializ\u0113jamies da\u017e\u0101du veidu hidraulisko cilindru ra\u017eo\u0161an\u0101 un p\u0101rdo\u0161an\u0101 un pie\u0146emam piel\u0101go\u0161anu j\u016bsu \u012bpa\u0161aj\u0101m vajadz\u012bb\u0101m.<\/li>\n<\/ol>\n<p>M\u0113s lepojamies ar saviem augstas kvalit\u0101tes hidrauliskajiem cilindriem un sp\u0113ju nodro\u0161in\u0101t izcilu klientu apkalpo\u0161anu. Sazinieties ar mums jau \u0161odien, lai uzzin\u0101tu vair\u0101k par m\u016bsu produktiem un pakalpojumiem.<\/p>\n<p><img decoding=\"async\" src=\"https:\/\/fmp-components.com\/wp-content\/uploads\/2024\/12\/fmp-factory-4.webp\" alt=\"FMP r\u016bpn\u012bca\" width=\"800\" title=\"\"><br \/>\nAutors: CX<\/p>","protected":false},"excerpt":{"rendered":"<p>The 10017 Italy Factory Supply Tractor Hydraulic Cylinder is designed to deliver outstanding performance and reliability for various tractor applications. Manufactured with precision and quality, this hydraulic cylinder is an essential component for enhancing the efficiency of your agricultural machinery. Key Features: High-Quality Manufacturing: Produced in Italy with stringent quality control standards, the 10017 hydraulic [&hellip;]<\/p>","protected":false},"featured_media":1133,"comment_status":"closed","ping_status":"closed","template":"","meta":{"_et_pb_use_builder":"","_et_pb_old_content":"","_et_gb_content_width":""},"product_brand":[],"product_cat":[31],"product_tag":[34,35],"class_list":{"0":"post-937","1":"product","2":"type-product","3":"status-publish","4":"has-post-thumbnail","6":"product_cat-welded-tee-type-cylinder","7":"product_tag-hydraulic-cylinder","8":"product_tag-welded-tee-type-cylinder","10":"first","11":"instock","12":"product-type-simple"},"_links":{"self":[{"href":"https:\/\/fmp-components.com\/lv\/wp-json\/wp\/v2\/product\/937","targetHints":{"allow":["GET"]}}],"collection":[{"href":"https:\/\/fmp-components.com\/lv\/wp-json\/wp\/v2\/product"}],"about":[{"href":"https:\/\/fmp-components.com\/lv\/wp-json\/wp\/v2\/types\/product"}],"replies":[{"embeddable":true,"href":"https:\/\/fmp-components.com\/lv\/wp-json\/wp\/v2\/comments?post=937"}],"wp:featuredmedia":[{"embeddable":true,"href":"https:\/\/fmp-components.com\/lv\/wp-json\/wp\/v2\/media\/1133"}],"wp:attachment":[{"href":"https:\/\/fmp-components.com\/lv\/wp-json\/wp\/v2\/media?parent=937"}],"wp:term":[{"taxonomy":"product_brand","embeddable":true,"href":"https:\/\/fmp-components.com\/lv\/wp-json\/wp\/v2\/product_brand?post=937"},{"taxonomy":"product_cat","embeddable":true,"href":"https:\/\/fmp-components.com\/lv\/wp-json\/wp\/v2\/product_cat?post=937"},{"taxonomy":"product_tag","embeddable":true,"href":"https:\/\/fmp-components.com\/lv\/wp-json\/wp\/v2\/product_tag?post=937"}],"curies":[{"name":"wp","href":"https:\/\/api.w.org\/{rel}","templated":true}]}}