{"id":936,"date":"2024-12-19T03:39:00","date_gmt":"2024-12-19T03:39:00","guid":{"rendered":"https:\/\/fmp-components.com\/product\/10016-hot-selling-trailer-hydraulic-cylinder-for-agriculture\/"},"modified":"2024-12-19T09:03:54","modified_gmt":"2024-12-19T09:03:54","slug":"10016-hot-selling-trailer-hydraulic-cylinder-for-agriculture","status":"publish","type":"product","link":"https:\/\/fmp-components.com\/lv\/product\/10016-hot-selling-trailer-hydraulic-cylinder-for-agriculture\/","title":{"rendered":"10016 Karst\u0101 p\u0101rdo\u0161anas piekabes hidrauliskais cilindrs lauksaimniec\u012bbai"},"content":{"rendered":"<p>10016.\u00a0gada popul\u0101r\u0101kais piekabes hidrauliskais cilindrs ir profesion\u0101li izstr\u0101d\u0101ts, lai uzlabotu lauksaimniec\u012bbas piekabju funkcionalit\u0101ti, nodro\u0161inot uzticamu veiktsp\u0113ju un iztur\u012bbu. \u0160is hidrauliskais cilindrs ir b\u016btiska sast\u0101vda\u013ca lauksaimniekiem, kuri v\u0113las maksim\u0101li palielin\u0101t efektivit\u0101ti un lieto\u0161anas \u0113rtumu sav\u0101s lauksaimniec\u012bbas darb\u012bb\u0101s.<\/p>\n<h4>Galven\u0101s iez\u012bmes:<\/h4>\n<ul>\n<li><strong>Efekt\u012bva hidraulisk\u0101 veiktsp\u0113ja:<\/strong><br \/>\n10016 hidrauliskais cilindrs ir izstr\u0101d\u0101ts optim\u0101lai hidraulisk\u0101 \u0161\u0137idruma veiktsp\u0113jai, nodro\u0161inot vienm\u0113r\u012bgu un jaud\u012bgu darb\u012bbu piekabes kravas kastes pacel\u0161anai un nolai\u0161anai. \u0160\u012b efektivit\u0101te ir \u013coti svar\u012bga \u0101trai iekrau\u0161anai un izkrau\u0161anai, uzlabojot kop\u0113jo produktivit\u0101ti.<\/li>\n<li><strong>Iztur\u012bga konstrukcija:<\/strong><br \/>\nIzgatavots no augstas kvalit\u0101tes materi\u0101liem, \u0161is hidrauliskais cilindrs ir paredz\u0113ts, lai iztur\u0113tu lauksaimniec\u012bbas vides sare\u017e\u0123\u012btos apst\u0101k\u013cus. T\u0101 iztur\u012bg\u0101 konstrukcija nodro\u0161ina ilgsto\u0161u darb\u012bbu pat pie liel\u0101m slodz\u0113m un bie\u017eas lieto\u0161anas.<\/li>\n<li><strong>Daudzpus\u012bgi pielietojumi:<\/strong><br \/>\n\u0160is hidrauliskais cilindrs, kas \u012bpa\u0161i izstr\u0101d\u0101ts lauksaimniec\u012bbas piekab\u0113m, ir pietiekami daudzpus\u012bgs, lai to izmantotu da\u017e\u0101dos pielietojumos, tostarp siena p\u0101rvad\u0101\u0161an\u0101, m\u0101jlopu p\u0101rvad\u0101\u0161an\u0101 un visp\u0101r\u0113jos lauksaimniec\u012bbas darbos. T\u0101 piel\u0101gojam\u012bba padara to par v\u0113rt\u012bgu papildin\u0101jumu jebkurai lauksaimniec\u012bbas darb\u012bbai.<\/li>\n<li><strong>Lietot\u0101jam draudz\u012bgs dizains:<\/strong><br \/>\n10016 cilindram ir intuit\u012bvs dizains, kas vienk\u0101r\u0161o uzst\u0101d\u012b\u0161anu un darb\u012bbu. Tas ir sader\u012bgs ar da\u017e\u0101diem piekabju mode\u013ciem, atvieglojot lauksaimniekiem apr\u012bkojuma uzlabo\u0161anu bez iev\u0113rojam\u0101m izmai\u0146\u0101m.<\/li>\n<li><strong>Karsts p\u0101rdo\u0161anas produkts:<\/strong><br \/>\nPateicoties p\u0101rbaud\u012btajai veiktsp\u0113jai un uzticam\u012bbai, 10016 hidrauliskais cilindrs ir k\u013cuvis par piepras\u012btu preci lauksaimniec\u012bbas profesion\u0101\u013cu vid\u016b. T\u0101 popularit\u0101te liecina par t\u0101 kvalit\u0101ti un efektivit\u0101ti lauksaimniec\u012bbas darb\u012bbu uzlabo\u0161an\u0101.<\/li>\n<\/ul>\n<p><img loading=\"lazy\" decoding=\"async\" class=\"size-full wp-image-976 aligncenter\" src=\"https:\/\/fmp-components.com\/wp-content\/uploads\/2024\/12\/Welded-Tee-Type-Cylinder2.webp\" alt=\"Metin\u0101ts T veida cilindrs\" width=\"764\" height=\"675\" title=\"\" srcset=\"https:\/\/fmp-components.com\/wp-content\/uploads\/2024\/12\/Welded-Tee-Type-Cylinder2.webp 764w, https:\/\/fmp-components.com\/wp-content\/uploads\/2024\/12\/Welded-Tee-Type-Cylinder2-480x424.webp 480w\" sizes=\"(min-width: 0px) and (max-width: 480px) 480px, (min-width: 481px) 764px, 100vw\" \/><\/p>\n<h4>Tehnisk\u0101s specifik\u0101cijas:<\/h4>\n<table style=\"width: 97.9238%; height: 185px;\">\n<thead>\n<tr style=\"height: 23px;\">\n<th style=\"height: 23px;\">Specifik\u0101cija<\/th>\n<th style=\"height: 23px;\">Apraksts<\/th>\n<\/tr>\n<\/thead>\n<tbody>\n<tr style=\"height: 23px;\">\n<td style=\"height: 23px;\"><strong>Urbuma izm\u0113rs<\/strong><\/td>\n<td style=\"height: 23px;\">Piel\u0101gojams<\/td>\n<\/tr>\n<tr style=\"height: 23px;\">\n<td style=\"height: 23px;\"><strong>g\u0101jiena garums<\/strong><\/td>\n<td style=\"height: 23px;\">Pieejamas da\u017e\u0101das iesp\u0113jas<\/td>\n<\/tr>\n<tr style=\"height: 23px;\">\n<td style=\"height: 23px;\"><strong>Maksim\u0101lais spiediens<\/strong><\/td>\n<td style=\"height: 23px;\">L\u012bdz 3000 PSI<\/td>\n<\/tr>\n<tr style=\"height: 23px;\">\n<td style=\"height: 23px;\"><strong>Materi\u0101ls<\/strong><\/td>\n<td style=\"height: 23px;\">Augstas kvalit\u0101tes t\u0113rauds vai alum\u012bnijs<\/td>\n<\/tr>\n<tr style=\"height: 23px;\">\n<td style=\"height: 23px;\"><strong>Savienojuma veids<\/strong><\/td>\n<td style=\"height: 23px;\">Atloka vai v\u012bt\u0146ota<\/td>\n<\/tr>\n<\/tbody>\n<\/table>\n<h4>Darb\u012bbas princips:<\/h4>\n<p>10016 piekabes hidrauliskais cilindrs darbojas, pamatojoties uz hidraulisk\u0101 \u0161\u0137idruma spiediena principu. Kad hidrauliskais \u0161\u0137idrums tiek ies\u016bkn\u0113ts cilindr\u0101, tas iedarbojas uz virzuli, \u013caujot kontrol\u0113ti pacelt un nolaist piekabes kravas kasti. \u0160\u012b efekt\u012bv\u0101 jaudas p\u0101rne\u0161ana nodro\u0161ina, ka lauksaimnieki var viegli un prec\u012bzi apstr\u0101d\u0101t smagas kravas.<\/p>\n<p>10016.\u00a0gada popul\u0101r\u0101kais piekabes hidrauliskais cilindrs ir uzticams un efekt\u012bvs risin\u0101jums lauksaimniec\u012bbas piekabju darb\u012bbas uzlabo\u0161anai. T\u0101 iztur\u012bg\u0101 konstrukcija, lietot\u0101jam draudz\u012bgais dizains un daudzpus\u012bba padara to par neaizst\u0101jamu instrumentu lauksaimniekiem, kuri v\u0113las uzlabot savu produktivit\u0101ti un efektivit\u0101ti lauk\u0101.<\/p>\n<h3>Bie\u017ei uzdotie jaut\u0101jumi<\/h3>\n<p>\u2013 Vai piekabes hidrauliskos cilindrus var piel\u0101got?<br \/>\nJ\u0101, m\u0113s pied\u0101v\u0101jam piel\u0101go\u0161anu atbilsto\u0161i j\u016bsu specifik\u0101cij\u0101m un pras\u012bb\u0101m.<\/p>\n<p>\u2013 K\u0101da ir piekabes hidraulisk\u0101 cilindra nestsp\u0113ja?<br \/>\nCeltsp\u0113ja ir atkar\u012bga no mode\u013ca. Pla\u0161\u0101ku inform\u0101ciju skatiet produkta inform\u0101cij\u0101.<\/p>\n<p>\u2013 K\u0101 darbojas piekabes hidrauliskais cilindrs?<br \/>\nHidrauliskie cilindri darbojas p\u0113c \u0161\u0137idrumu meh\u0101nikas principa. Kad uz cilindr\u0101 eso\u0161o \u0161\u0137idrumu tiek pielikts spiediens, tas rada sp\u0113ku, kas var p\u0101rvietot smagus priek\u0161metus.<\/p>\n<p>\u2013 K\u0101da ir \u0161o cilindru energoefektivit\u0101te?<br \/>\nM\u016bsu piekabju hidrauliskie cilindri ir izstr\u0101d\u0101ti t\u0101, lai pat\u0113r\u0113tu maz\u0101k ener\u0123ijas, padarot tos rentablus un videi draudz\u012bgus.<\/p>\n<p>\u2013 Vai \u0161ie cilindri ir dro\u0161i?<br \/>\nJ\u0101, m\u016bsu cilindri ir izgatavoti no augst\u0101k\u0101s kvalit\u0101tes materi\u0101liem un modern\u0101m tehnolo\u0123ij\u0101m, nodro\u0161inot dro\u0161u un uzticamu darb\u012bbu.<\/p>\n<h2>Metin\u0101t\u0101 T veida cilindra priek\u0161roc\u012bbas<\/h2>\n<ul>\n<li style=\"list-style-type: none;\">\n<ul>\n<li><strong>Palielin\u0101ts sp\u0113ks:<\/strong> Metin\u0101tie T veida cilindri ir paz\u012bstami ar savu augsto iztur\u012bbu, padarot tos piem\u0113rotus lietojumiem, kuros nepiecie\u0161ama smagu kravu cel\u0161ana. \u0160o cilindru ra\u017eo\u0161anas laik\u0101 izmantotais metin\u0101\u0161anas process nodro\u0161ina, ka cilindram nav v\u0101ju punktu un tas var iztur\u0113t augstu spiedienu un spriegumu.<\/li>\n<\/ul>\n<\/li>\n<\/ul>\n<p>Kad uz cilindru tiek iedarbin\u0101ts spiediens, tas vienm\u0113r\u012bgi sadal\u0101s pa visu virsmu, padarot to iztur\u012bgu pret deform\u0101ciju. \u0160\u012b \u012bpa\u0161\u012bba nodro\u0161ina, ka cilindrs saglab\u0101 savu formu un struktur\u0101lo integrit\u0101ti pat ekstrem\u0101los apst\u0101k\u013cos.<\/p>\n<ul>\n<li style=\"list-style-type: none;\">\n<ul>\n<li><strong>Nopl\u016b\u017eu nov\u0113r\u0161ana:<\/strong> Metin\u0101tie T veida cilindri ir izstr\u0101d\u0101ti, lai nov\u0113rstu nopl\u016bdes. Ra\u017eo\u0161anas proces\u0101 izmantotais metin\u0101\u0161anas process nodro\u0161ina, ka cilindrs ir piln\u012bb\u0101 nosl\u0113gts un bez jebk\u0101d\u0101m iesp\u0113jam\u0101m nopl\u016bd\u0113m. \u0160\u012b \u012bpa\u0161\u012bba padara tos piem\u0113rotus lieto\u0161anai lietojumos, kur nopl\u016bde var\u0113tu izrais\u012bt nopietnus boj\u0101jumus vai traumas.<\/li>\n<\/ul>\n<\/li>\n<\/ul>\n<p>Metin\u0101tie savienojumi ir gludi, bez plais\u0101m vai riev\u0101m, kur var\u0113tu uzkr\u0101ties gru\u017ei vai net\u012brumi, t\u0101d\u0113j\u0101di samazinot korozijas un cilindra boj\u0101jumu risku.<\/p>\n<ul>\n<li style=\"list-style-type: none;\">\n<ul>\n<li><strong>Piel\u0101gojams:<\/strong> Metin\u0101tos T veida cilindrus var piel\u0101got konkr\u0113tiem pielietojumiem. Cilindri ir pieejami da\u017e\u0101dos izm\u0113ros un form\u0101s, un tos var izgatavot atbilsto\u0161i konkr\u0113t\u0101 pielietojuma pras\u012bb\u0101m.<\/li>\n<\/ul>\n<\/li>\n<\/ul>\n<p>Piel\u0101go\u0161anas process \u013cauj optimiz\u0113t cilindra veiktsp\u0113ju, nodro\u0161inot, ka tas ir piem\u0113rots paredz\u0113tajam pielietojumam. \u0160\u012b \u012bpa\u0161\u012bba padara metin\u0101tus T veida cilindrus ide\u0101li piem\u0113rotus izmanto\u0161anai da\u017e\u0101dos r\u016bpnieciskos pielietojumos, tostarp b\u016bvniec\u012bb\u0101, ieguves r\u016bpniec\u012bb\u0101 un materi\u0101lu apstr\u0101d\u0113.<\/p>\n<ul>\n<li style=\"list-style-type: none;\">\n<ul>\n<li><strong>Izmaksu zi\u0146\u0101 efekt\u012bvs:<\/strong> Metin\u0101tie T veida cilindri ir izmaksu zi\u0146\u0101 efekt\u012bv\u0101ki sal\u012bdzin\u0101jum\u0101 ar cita veida cilindriem. \u0160o cilindru ra\u017eo\u0161anas process ir vienk\u0101r\u0161s, t\u0101p\u0113c tie ir l\u0113t\u0101ki nek\u0101 cita veida cilindri.<\/li>\n<\/ul>\n<\/li>\n<\/ul>\n<p>Turkl\u0101t metin\u0101to T veida cilindru augst\u0101 iztur\u012bba un ilgm\u016b\u017e\u012bba samazina nepiecie\u0161am\u012bbu p\u0113c bie\u017ea remonta un nomai\u0146as, t\u0101d\u0113j\u0101di ietaupot apkopes izmaksas. \u0160\u012b \u012bpa\u0161\u012bba padara tos par popul\u0101ru izv\u0113li daudz\u0101s nozar\u0113s, \u012bpa\u0161i taj\u0101s, kur\u0101m ir ierobe\u017eots bud\u017eets.<\/p>\n<ul>\n<li style=\"list-style-type: none;\">\n<ul>\n<li><strong>Paaugstin\u0101ta efektivit\u0101te:<\/strong> Metin\u0101tie T veida cilindri ir \u013coti efekt\u012bvi un lietder\u012bgi. Cilindra konstrukcija nodro\u0161ina, ka pieliktais sp\u0113ks tiek tie\u0161i p\u0101rnests uz slodzi, samazinot ener\u0123ijas zudumus un palielinot efektivit\u0101ti.<\/li>\n<\/ul>\n<\/li>\n<\/ul>\n<p>Metin\u0101tie savienojumi ir iztur\u012bgi un stingri, samazinot novirzi un nodro\u0161inot, ka cilindrs saglab\u0101 savu formu un struktur\u0101lo integrit\u0101ti pat ekstrem\u0101los apst\u0101k\u013cos. \u0160\u012b \u012bpa\u0161\u012bba padara metin\u0101tos T veida cilindrus ide\u0101li piem\u0113rotus lieto\u0161anai lietojumos, kuriem nepiecie\u0161ama augsta efektivit\u0101te un uzticam\u012bba.<\/p>\n<h2>Metin\u0101t\u0101 T veida cilindra pielietojums<\/h2>\n<h3>Ievads<\/h3>\n<p>Metin\u0101ts T veida cilindrs ir hidraulisk\u0101 cilindra veids, ko parasti izmanto r\u016bpnieciskos lietojumos. Tas ir paredz\u0113ts, lai nodro\u0161in\u0101tu lielu sp\u0113ka jaudu kompakt\u0101 un izmaksu zi\u0146\u0101 efekt\u012bv\u0101 iepakojum\u0101. \u0160\u0101da veida cilindrs sast\u0101v no metin\u0101ta T veida un virzu\u013ca stie\u0146a, kas ir piestiprin\u0101ts pie T veida. T veida savienojums ir savienots ar cilindra korpusu un satur virzuli, kas p\u0101rvietojas uz priek\u0161u un atpaka\u013c korpusa iek\u0161pus\u0113, lai rad\u012btu sp\u0113ku.<\/p>\n<h3>Metin\u0101t\u0101 T veida cilindra priek\u0161roc\u012bbas<\/h3>\n<p>R\u016bpnieciskos pielietojumos metin\u0101ta T veida cilindra izmanto\u0161anai ir vair\u0101kas priek\u0161roc\u012bbas:<\/p>\n<ul>\n<li><b>Kompakts dizains:<\/b> Metin\u0101tie T veida cilindri ir konstru\u0113ti t\u0101, lai tie b\u016btu kompakti, kas padara tos ide\u0101li piem\u0113rotus lieto\u0161anai viet\u0101s, kur ir ierobe\u017eota vieta.<\/li>\n<li><b>Augsta efektivit\u0101te:<\/b> Metin\u0101tie T veida cilindri ir \u013coti efekt\u012bvi, kas noz\u012bm\u0113, ka tie var rad\u012bt lielu sp\u0113ku ar minim\u0101lu ener\u0123ijas pat\u0113ri\u0146u.<\/li>\n<li><b>Iztur\u012bgs:<\/b> Metin\u0101tie T veida cilindri ir konstru\u0113ti t\u0101, lai tie b\u016btu \u013coti iztur\u012bgi, kas noz\u012bm\u0113, ka tie var iztur\u0113t skarbus ekspluat\u0101cijas apst\u0101k\u013cus un kalpot ilgu laiku.<\/li>\n<li><b>Izmaksu zi\u0146\u0101 efekt\u012bvs:<\/b> Metin\u0101tie T veida cilindri ir rentabli, kas noz\u012bm\u0113, ka tie nodro\u0161ina labu cenas un v\u0113rt\u012bbas attiec\u012bbu.<\/li>\n<\/ul>\n<h3>Metin\u0101t\u0101 T veida cilindra pielietojums<\/h3>\n<p>Metin\u0101tiem T veida cilindriem ir daudz pielietojumu da\u017e\u0101d\u0101s nozar\u0113s, tostarp:<\/p>\n<ul>\n<li><b>Ra\u017eo\u0161ana:<\/b> Metin\u0101tie T veida cilindri tiek izmantoti ra\u017eo\u0161an\u0101, lai darbin\u0101tu ma\u0161\u012bnas, p\u0101rvietotu smagas kravas un veidotu met\u0101la deta\u013cas.<\/li>\n<li><b>Lauksaimniec\u012bba:<\/b> Metin\u0101tie T veida cilindri tiek izmantoti lauksaimniec\u012bb\u0101, lai darbin\u0101tu hidraulisk\u0101s sist\u0113mas traktoros, kombainos un cit\u0101 lauksaimniec\u012bbas apr\u012bkojum\u0101.<\/li>\n<li><b>B\u016bvniec\u012bba:<\/b> Metin\u0101tie T veida cilindri tiek izmantoti b\u016bvniec\u012bb\u0101, lai darbin\u0101tu t\u0101das ma\u0161\u012bnas k\u0101 celt\u0146i, ekskavatori un ekskavatori.<\/li>\n<li><b>Kalnr\u016bpniec\u012bba:<\/b> Metin\u0101tie T veida cilindri tiek izmantoti kalnr\u016bpniec\u012bb\u0101, lai darbin\u0101tu hidraulisk\u0101s sist\u0113mas smagaj\u0101m iek\u0101rt\u0101m, piem\u0113ram, buldozeriem, iekr\u0101v\u0113jiem un klin\u0161u urb\u0161anas iek\u0101rt\u0101m.<\/li>\n<li><b>Transports:<\/b> Metin\u0101tie T veida cilindri tiek izmantoti transport\u0101, lai darbin\u0101tu hidraulisk\u0101s sist\u0113mas kravas automa\u0161\u012bn\u0101s, autobusos un citos transportl\u012bdzek\u013cos.<\/li>\n<\/ul>\n<p>Nosl\u0113gum\u0101 j\u0101saka, ka metin\u0101tie T veida cilindri ir svar\u012bga sast\u0101vda\u013ca daudzos r\u016bpnieciskos pielietojumos. Tie ir konstru\u0113ti t\u0101, lai b\u016btu kompakti, efekt\u012bvi, iztur\u012bgi un rentabli, padarot tos par ide\u0101lu izv\u0113li pla\u0161am pielietojumu kl\u0101stam. Neatkar\u012bgi no t\u0101, vai j\u016bs darbin\u0101t ma\u0161\u012bnas ra\u017eo\u0161anas r\u016bpn\u012bc\u0101, lauksaimniec\u012bbas tehniku \u200b\u200bferm\u0101 vai smago tehniku \u200b\u200braktuv\u0113s, metin\u0101tie T veida cilindri var pal\u012bdz\u0113t jums paveikt darbu efekt\u012bvi un lietder\u012bgi.<\/p>\n<p><img loading=\"lazy\" decoding=\"async\" class=\"size-full wp-image-974 aligncenter\" src=\"https:\/\/fmp-components.com\/wp-content\/uploads\/2024\/12\/application-of-Welded-Tee-Type-Cylinder.webp\" alt=\"Metin\u0101t\u0101 T veida cilindra pielietojums\" width=\"760\" height=\"860\" title=\"\" srcset=\"https:\/\/fmp-components.com\/wp-content\/uploads\/2024\/12\/application-of-Welded-Tee-Type-Cylinder.webp 760w, https:\/\/fmp-components.com\/wp-content\/uploads\/2024\/12\/application-of-Welded-Tee-Type-Cylinder-480x543.webp 480w\" sizes=\"(min-width: 0px) and (max-width: 480px) 480px, (min-width: 481px) 760px, 100vw\" \/><\/p>\n<h3>Par FMP<\/h3>\n<p>FMP, kam ir vair\u0101k nek\u0101 30 gadu pieredze It\u0101lij\u0101, ir vado\u0161ais da\u017e\u0101du veidu hidraulisko cilindru ra\u017eot\u0101js un p\u0101rdev\u0113js. M\u0113s lepojamies ar to, ka pied\u0101v\u0101jam piel\u0101gotus risin\u0101jumus, lai apmierin\u0101tu m\u016bsu klientu unik\u0101l\u0101s pras\u012bbas. Ar vair\u0101k nek\u0101 100 modern\u0101m iek\u0101rt\u0101m, tostarp autom\u0101tisk\u0101m g\u0101zes ekran\u0113t\u0101m metin\u0101\u0161anas iek\u0101rt\u0101m, dzi\u013curbumu urb\u0161anas iek\u0101rt\u0101m, CNC virp\u0101m, cilindrisk\u0101m sl\u012bpma\u0161\u012bn\u0101m, autom\u0101tisk\u0101m t\u012br\u012b\u0161anas iek\u0101rt\u0101m, autom\u0101tisk\u0101m uzst\u0101d\u012b\u0161anas iek\u0101rt\u0101m, autom\u0101tiskiem hidraulisko cilindru veiktsp\u0113jas p\u0101rbaudes stendiem un autom\u0101tisk\u0101m kr\u0101so\u0161anas l\u012bnij\u0101m, m\u0113s nodro\u0161in\u0101m augst\u0101kos kvalit\u0101tes standartus m\u016bsu produktos.<\/p>\n<p><strong>1) Dizaina pakalpojums:<\/strong> M\u016bsu pieredz\u0113ju\u0161\u0101 dizaina komanda ir prasm\u012bga produktu dizain\u0101 un izstr\u0101d\u0113. Neatkar\u012bgi no t\u0101, vai jums ir nepiecie\u0161ami jauni produkti vai eso\u0161o uzlabojumi, m\u0113s esam \u0161eit, lai j\u016bs atbalst\u012btu.<\/p>\n<p><strong>2) Produkta apkalpo\u0161ana:<\/strong> S\u0101kot ar izejviel\u0101m un beidzot ar grie\u0161anas, rupjas apstr\u0101des, test\u0113\u0161anas, t\u012br\u012b\u0161anas, mont\u0101\u017eas, iepako\u0161anas un transport\u0113\u0161anas procesu, m\u0113s r\u016bp\u012bgi p\u0101rvald\u0101m katru soli, lai nodro\u0161in\u0101tu izcilu kvalit\u0101ti.<\/p>\n<p><strong>3) Parauga process:<\/strong> M\u0113s varam izstr\u0101d\u0101t paraugus atbilsto\u0161i j\u016bsu \u012bpa\u0161aj\u0101m pras\u012bb\u0101m un past\u0101v\u012bgi tos modific\u0113t, lai apmierin\u0101tu j\u016bsu vajadz\u012bbas. J\u016bsu apmierin\u0101t\u012bba ir m\u016bsu priorit\u0101te.<\/p>\n<p><strong>4) P\u0113tniec\u012bba un att\u012bst\u012bba:<\/strong> Koncentr\u0113joties uz tirgus tendenc\u0113m un klientu piepras\u012bjumu, m\u0113s nep\u0101rtraukti p\u0113t\u0101m jaunas vajadz\u012bbas un izstr\u0101d\u0101jam inovat\u012bvus hidraulisko cilindru mode\u013cus.<\/p>\n<p><strong>5) Stingra apstr\u0101de un p\u0101rbaude:<\/strong> Katrs hidrauliskais cilindrs tiek pak\u013cauts stingrai apstr\u0101dei un p\u0101rbaudei, lai garant\u0113tu izcilu kvalit\u0101ti un uzticam\u012bbu m\u016bsu v\u0113rt\u012bgajiem klientiem.<\/p>\n<p><img decoding=\"async\" src=\"https:\/\/fmp-components.com\/wp-content\/uploads\/2024\/12\/fmp-factory-4.webp\" alt=\"FMP r\u016bpn\u012bca\" width=\"800\" title=\"\"><br \/>\nAutors: CX<\/p>","protected":false},"excerpt":{"rendered":"<p>The 10016 Hot Selling Trailer Hydraulic Cylinder is expertly designed to enhance the functionality of agricultural trailers, providing reliable performance and robust durability. This hydraulic cylinder is an essential component for farmers looking to maximize efficiency and ease of operation in their agricultural activities. Key Features: Efficient Hydraulic Performance: The 10016 hydraulic cylinder is engineered [&hellip;]<\/p>","protected":false},"featured_media":1132,"comment_status":"closed","ping_status":"closed","template":"","meta":{"_et_pb_use_builder":"","_et_pb_old_content":"","_et_gb_content_width":""},"product_brand":[],"product_cat":[31],"product_tag":[34,35],"class_list":{"0":"post-936","1":"product","2":"type-product","3":"status-publish","4":"has-post-thumbnail","6":"product_cat-welded-tee-type-cylinder","7":"product_tag-hydraulic-cylinder","8":"product_tag-welded-tee-type-cylinder","10":"first","11":"instock","12":"product-type-simple"},"_links":{"self":[{"href":"https:\/\/fmp-components.com\/lv\/wp-json\/wp\/v2\/product\/936","targetHints":{"allow":["GET"]}}],"collection":[{"href":"https:\/\/fmp-components.com\/lv\/wp-json\/wp\/v2\/product"}],"about":[{"href":"https:\/\/fmp-components.com\/lv\/wp-json\/wp\/v2\/types\/product"}],"replies":[{"embeddable":true,"href":"https:\/\/fmp-components.com\/lv\/wp-json\/wp\/v2\/comments?post=936"}],"wp:featuredmedia":[{"embeddable":true,"href":"https:\/\/fmp-components.com\/lv\/wp-json\/wp\/v2\/media\/1132"}],"wp:attachment":[{"href":"https:\/\/fmp-components.com\/lv\/wp-json\/wp\/v2\/media?parent=936"}],"wp:term":[{"taxonomy":"product_brand","embeddable":true,"href":"https:\/\/fmp-components.com\/lv\/wp-json\/wp\/v2\/product_brand?post=936"},{"taxonomy":"product_cat","embeddable":true,"href":"https:\/\/fmp-components.com\/lv\/wp-json\/wp\/v2\/product_cat?post=936"},{"taxonomy":"product_tag","embeddable":true,"href":"https:\/\/fmp-components.com\/lv\/wp-json\/wp\/v2\/product_tag?post=936"}],"curies":[{"name":"wp","href":"https:\/\/api.w.org\/{rel}","templated":true}]}}